{"id":11082,"date":"2020-12-18T18:03:31","date_gmt":"2020-12-18T17:03:31","guid":{"rendered":"http:\/\/onlinelotto365.net\/?page_id=11082"},"modified":"2021-01-11T09:58:09","modified_gmt":"2021-01-11T08:58:09","slug":"oz-lotto","status":"publish","type":"page","link":"https:\/\/onlinelotto365.com\/it\/buy-tickets\/oz-lotto\/","title":{"rendered":"Come acquistare i biglietti per Oz Lotto online"},"content":{"rendered":"<p>Sei fortunato perch\u00e9 abbiamo seguito il processo di ci\u00f2 che devi fare per <strong> ottenere i tuoi biglietti Oz Lotto proprio qui <\/strong> e <strong> anche dall&#8217;Italia <\/strong>. puoi acquistare facilmente online se segui questi semplici passaggi che abbiamo preparato per te.<\/p>\n<ul>\n<li>Vai alla pagina della lotteria a cui vuoi giocare e scegli i numeri che desideri. Oppure lascia che sia il computer a scegliere i numeri per te.<\/li>\n<li>Aggiungi biglietti anche per <a href=\"http:\/\/onlinelotto365.com\/it\"> pi\u00f9 lotterie <\/a> e anche per questo gioco<\/li>\n<li>Paga subito i tuoi biglietti<\/li>\n<li>Registra un account nuovo di zecca o accedi al tuo account corrente per completare la procedura di pagamento<\/li>\n<li>Per gli account che devono essere registrati, assicurati di controllare la posta elettronica per il collegamento di verifica per iniziare<\/li>\n<li>Cerca nella cartella dello spam se non hai ricevuto l&#8217;email nella normale posta in arrivo e fai clic sul link per verificare<\/li>\n<li>Vai al carrello per acquistare i biglietti<\/li>\n<li>Completa la procedura di pagamento per ottenere i tuoi biglietti<\/li>\n<\/ul>\n<p><a href=\"https:\/\/redfoxlotto.com\/it\/oz-lotto\/?ref=a8564250a2&amp;medium=ol365\" target=\"_blank\" rel=\"noopener noreferrer\"> <img decoding=\"async\" class=\"aligncenter\" src=\" https:\/\/redfoxlotto.com\/image?size=8&amp;lottery=oz-lotto \" alt=\" Oz Lotto \" \/> <\/a><\/p>\n<h2>Come pagare il tuo biglietto Oz Lotto online<\/h2>\n<p>Puoi scegliere tra diverse opzioni completamente sicure quando si tratta di pagare i tuoi biglietti Oz Lotto.<br \/>\nOgnuno di questi rientra in due diverse categorie:<\/p>\n<ul>\n<li>Paga l&#8217;ordine con qualsiasi metodo di pagamento scelto<\/li>\n<li>metti denaro nel tuo attuale conto giocatore e usalo per effettuare un acquisto<\/li>\n<\/ul>\n<p>Assicurati di investire pi\u00f9 denaro del necessario per effettuare l&#8217;acquisto se intendi utilizzare il tuo account giocatore.<\/p>\n<h2>Ulteriori informazioni su Oz Lotto<\/h2>\n<ul>\n<li>Paese: Australia <img decoding=\"async\" class=\"alignright wp-image-3659\" src=\"https:\/\/onlinelotto365.com\/wp-content\/uploads\/2020\/11\/online_lottery-4-300x300.jpg\" alt=\" Lotto Oz dall'Italia \" width=\" 246 \" height=\" 246 \" srcset=\"https:\/\/onlinelotto365.com\/wp-content\/uploads\/2020\/11\/online_lottery-4-300x300.jpg 300w, https:\/\/onlinelotto365.com\/wp-content\/uploads\/2020\/11\/online_lottery-4-100x100.jpg 100w, https:\/\/onlinelotto365.com\/wp-content\/uploads\/2020\/11\/online_lottery-4-150x150.jpg 150w, https:\/\/onlinelotto365.com\/wp-content\/uploads\/2020\/11\/online_lottery-4.jpg 320w\" sizes=\"(max-width: 300px) 100vw, 300px\" \/><\/li>\n<li>Intervallo di numeri principali: 45<\/li>\n<li>Scegli: 7<\/li>\n<li>Giorni e orari dell&#8217;estrazione: marted\u00ec, 21:30 GMT + 11, 10:30 CET<\/li>\n<li>Jackpot minimo: 2 milioni di AU $<\/li>\n<li>Jackpot massimo: nessuno<\/li>\n<li>Probabilit\u00e0 di vincere il jackpot: 1 su 45379620<\/li>\n<li>Probabilit\u00e0 di vittoria di livello 2: 1 su 3241401<\/li>\n<li>Probabilit\u00e0 di vincere in qualsiasi livello: 1 su 54,59<\/li>\n<li>Numero di livelli di premio: 7<\/li>\n<\/ul>\n<h2>Vantaggi dell&#8217;acquisto di biglietti Oz Lotto online<\/h2>\n<ul>\n<li>Non \u00e8 necessario uscire di casa per <a href=\"https:\/\/onlinelotto365.com\/it\/buy-tickets\"> ritirare i biglietti <\/a><\/li>\n<li>Puoi scegliere tra molte opzioni diverse<\/li>\n<li>Guarda gli importi del jackpot per decidere quale lotteria desideri acquistare<\/li>\n<li>Aggiungi denaro direttamente al tuo account giocatore e usalo per acquistare i tuoi biglietti<\/li>\n<li>Non preoccuparti di perdere i tuoi biglietti<\/li>\n<li>Ricevi notifiche se vinci<\/li>\n<li>Utilizza un&#8217;opzione di selezione rapida per ottenere i biglietti senza scegliere i tuoi numeri<\/li>\n<\/ul>\n<h2>\u00c8 legale acquistare i biglietti Oz Lotto online?<\/h2>\n<p>Potresti trovarti incerto sul <strong> fatto che il tuo paese di residenza consenta l&#8217;acquisto di biglietti della lotteria online <\/strong> o anche nel modo tradizionale. Bene, non devi preoccuparti, sia in Italia che altrove, perch\u00e9 ci occupiamo delle cose quando si tratta di regolamenti per il paese in cui si gioca. Non devi preoccuparti se \u00e8 legale da usare il servizio che forniamo purch\u00e9 tu abbia almeno 18 anni di et\u00e0. Faremo in modo che tu venga pagato qualunque cosa accada.<\/p>\n<h2>Come vengo pagato se vinco Oz Lotto online?<\/h2>\n<p>I pagamenti sono una parte importante del processo quando si tratta di giocare alla lotteria. Vogliamo assicurarci che tu riceva tutti i tuoi soldi ed \u00e8 per questo che ci assicuriamo che non ti venga addebitata una commissione quando vinci qualcosa.<\/p>\n<p>Inoltre, non ti verr\u00e0 addebitata alcuna commissione a meno che tu non scelga di effettuare un bonifico bancario per trasferire i tuoi soldi sul tuo conto. In tal caso, ti verr\u00e0 eventualmente addebitata una commissione pari all&#8217;importo delle spese bancarie per il trasferimento.<\/p>\n<p>Altrimenti, tieni presente questo:<\/p>\n<ul>\n<li>Se vinci meno di 2500 \u20ac, il denaro viene automaticamente depositato sul tuo conto. Non dovrai preoccuparti di nulla<\/li>\n<li>Se vinci pi\u00f9 di 2500 \u20ac, il denaro dovr\u00e0 passare attraverso i canali appropriati. Ci\u00f2 significa che riceverai un&#8217;e-mail da noi sulla compilazione di un modulo di reclamo con la commissione della lotteria. Quindi, il denaro verr\u00e0 trasferito tramite bonifico sul tuo conto bancario o ti verr\u00e0 inviato tramite assegno.<\/li>\n<\/ul>\n","protected":false},"excerpt":{"rendered":"<p>Sei fortunato perch\u00e9 abbiamo seguito il processo di ci\u00f2 che devi fare per ottenere i tuoi biglietti Oz Lotto proprio qui e anche dall&#8217;Italia . puoi acquistare facilmente online se segui questi semplici passaggi che abbiamo preparato per te. Vai alla pagina della lotteria a cui vuoi giocare e scegli i numeri che desideri. Oppure [&hellip;]<\/p>\n","protected":false},"author":1,"featured_media":0,"parent":3806,"menu_order":14,"comment_status":"closed","ping_status":"closed","template":"template-rightsidebar.php","meta":{"_et_pb_use_builder":"","_et_pb_old_content":"","_et_gb_content_width":"","exclude_from_search":false,"footnotes":""},"class_list":["post-11082","page","type-page","status-publish","hentry"],"yoast_head":"<!-- This site is optimized with the Yoast SEO plugin v23.4 - https:\/\/yoast.com\/wordpress\/plugins\/seo\/ -->\n<title>Come ottenere i biglietti per Oz Lotto online dall&#039;Italia<\/title>\n<meta name=\"description\" content=\"Ottieni i biglietti per l&#039;Oz Lotto australiano dall&#039;Italia\" \/>\n<meta name=\"robots\" content=\"index, follow, max-snippet:-1, max-image-preview:large, max-video-preview:-1\" \/>\n<link rel=\"canonical\" href=\"https:\/\/onlinelotto365.com\/it\/buy-tickets\/oz-lotto\/\" \/>\n<meta property=\"og:locale\" content=\"it_IT\" \/>\n<meta property=\"og:type\" content=\"article\" \/>\n<meta property=\"og:title\" content=\"Come ottenere i biglietti per Oz Lotto online dall&#039;Italia\" \/>\n<meta property=\"og:description\" content=\"Ottieni i biglietti per l&#039;Oz Lotto australiano dall&#039;Italia\" \/>\n<meta property=\"og:url\" content=\"https:\/\/onlinelotto365.com\/it\/buy-tickets\/oz-lotto\/\" \/>\n<meta property=\"og:site_name\" content=\"OnlineLotto365\" \/>\n<meta property=\"article:modified_time\" content=\"2021-01-11T08:58:09+00:00\" \/>\n<meta property=\"og:image\" content=\"https:\/\/onlinelotto365.com\/wp-content\/uploads\/2020\/11\/online_lottery-4-300x300.jpg\" \/>\n<meta name=\"twitter:card\" content=\"summary_large_image\" \/>\n<meta name=\"twitter:label1\" content=\"Tempo di lettura stimato\" \/>\n\t<meta name=\"twitter:data1\" content=\"3 minuti\" \/>\n<script type=\"application\/ld+json\" class=\"yoast-schema-graph\">{\"@context\":\"https:\/\/schema.org\",\"@graph\":[{\"@type\":\"WebPage\",\"@id\":\"https:\/\/onlinelotto365.com\/it\/buy-tickets\/oz-lotto\/\",\"url\":\"https:\/\/onlinelotto365.com\/it\/buy-tickets\/oz-lotto\/\",\"name\":\"Come ottenere i biglietti per Oz Lotto online dall'Italia\",\"isPartOf\":{\"@id\":\"https:\/\/onlinelotto365.com\/it\/#website\"},\"primaryImageOfPage\":{\"@id\":\"https:\/\/onlinelotto365.com\/it\/buy-tickets\/oz-lotto\/#primaryimage\"},\"image\":{\"@id\":\"https:\/\/onlinelotto365.com\/it\/buy-tickets\/oz-lotto\/#primaryimage\"},\"thumbnailUrl\":\"https:\/\/onlinelotto365.com\/wp-content\/uploads\/2020\/11\/online_lottery-4-300x300.jpg\",\"datePublished\":\"2020-12-18T17:03:31+00:00\",\"dateModified\":\"2021-01-11T08:58:09+00:00\",\"description\":\"Ottieni i biglietti per l'Oz Lotto australiano dall'Italia\",\"breadcrumb\":{\"@id\":\"https:\/\/onlinelotto365.com\/it\/buy-tickets\/oz-lotto\/#breadcrumb\"},\"inLanguage\":\"it-IT\",\"potentialAction\":[{\"@type\":\"ReadAction\",\"target\":[\"https:\/\/onlinelotto365.com\/it\/buy-tickets\/oz-lotto\/\"]}]},{\"@type\":\"ImageObject\",\"inLanguage\":\"it-IT\",\"@id\":\"https:\/\/onlinelotto365.com\/it\/buy-tickets\/oz-lotto\/#primaryimage\",\"url\":\"https:\/\/onlinelotto365.com\/wp-content\/uploads\/2020\/11\/online_lottery-4-300x300.jpg\",\"contentUrl\":\"https:\/\/onlinelotto365.com\/wp-content\/uploads\/2020\/11\/online_lottery-4-300x300.jpg\"},{\"@type\":\"BreadcrumbList\",\"@id\":\"https:\/\/onlinelotto365.com\/it\/buy-tickets\/oz-lotto\/#breadcrumb\",\"itemListElement\":[{\"@type\":\"ListItem\",\"position\":1,\"name\":\"Home\",\"item\":\"https:\/\/onlinelotto365.com\/it\/\"},{\"@type\":\"ListItem\",\"position\":2,\"name\":\"Perch\u00e9 ha pi\u00f9 senso comprare i biglietti della lotteria online\",\"item\":\"https:\/\/onlinelotto365.com\/it\/buy-tickets\/\"},{\"@type\":\"ListItem\",\"position\":3,\"name\":\"Come acquistare i biglietti per Oz Lotto online\"}]},{\"@type\":\"WebSite\",\"@id\":\"https:\/\/onlinelotto365.com\/it\/#website\",\"url\":\"https:\/\/onlinelotto365.com\/it\/\",\"name\":\"OnlineLotto365\",\"description\":\"\",\"potentialAction\":[{\"@type\":\"SearchAction\",\"target\":{\"@type\":\"EntryPoint\",\"urlTemplate\":\"https:\/\/onlinelotto365.com\/it\/?s={search_term_string}\"},\"query-input\":{\"@type\":\"PropertyValueSpecification\",\"valueRequired\":true,\"valueName\":\"search_term_string\"}}],\"inLanguage\":\"it-IT\"}]}<\/script>\n<!-- \/ Yoast SEO plugin. -->","yoast_head_json":{"title":"Come ottenere i biglietti per Oz Lotto online dall'Italia","description":"Ottieni i biglietti per l'Oz Lotto australiano dall'Italia","robots":{"index":"index","follow":"follow","max-snippet":"max-snippet:-1","max-image-preview":"max-image-preview:large","max-video-preview":"max-video-preview:-1"},"canonical":"https:\/\/onlinelotto365.com\/it\/buy-tickets\/oz-lotto\/","og_locale":"it_IT","og_type":"article","og_title":"Come ottenere i biglietti per Oz Lotto online dall'Italia","og_description":"Ottieni i biglietti per l'Oz Lotto australiano dall'Italia","og_url":"https:\/\/onlinelotto365.com\/it\/buy-tickets\/oz-lotto\/","og_site_name":"OnlineLotto365","article_modified_time":"2021-01-11T08:58:09+00:00","og_image":[{"url":"https:\/\/onlinelotto365.com\/wp-content\/uploads\/2020\/11\/online_lottery-4-300x300.jpg"}],"twitter_card":"summary_large_image","twitter_misc":{"Tempo di lettura stimato":"3 minuti"},"schema":{"@context":"https:\/\/schema.org","@graph":[{"@type":"WebPage","@id":"https:\/\/onlinelotto365.com\/it\/buy-tickets\/oz-lotto\/","url":"https:\/\/onlinelotto365.com\/it\/buy-tickets\/oz-lotto\/","name":"Come ottenere i biglietti per Oz Lotto online dall'Italia","isPartOf":{"@id":"https:\/\/onlinelotto365.com\/it\/#website"},"primaryImageOfPage":{"@id":"https:\/\/onlinelotto365.com\/it\/buy-tickets\/oz-lotto\/#primaryimage"},"image":{"@id":"https:\/\/onlinelotto365.com\/it\/buy-tickets\/oz-lotto\/#primaryimage"},"thumbnailUrl":"https:\/\/onlinelotto365.com\/wp-content\/uploads\/2020\/11\/online_lottery-4-300x300.jpg","datePublished":"2020-12-18T17:03:31+00:00","dateModified":"2021-01-11T08:58:09+00:00","description":"Ottieni i biglietti per l'Oz Lotto australiano dall'Italia","breadcrumb":{"@id":"https:\/\/onlinelotto365.com\/it\/buy-tickets\/oz-lotto\/#breadcrumb"},"inLanguage":"it-IT","potentialAction":[{"@type":"ReadAction","target":["https:\/\/onlinelotto365.com\/it\/buy-tickets\/oz-lotto\/"]}]},{"@type":"ImageObject","inLanguage":"it-IT","@id":"https:\/\/onlinelotto365.com\/it\/buy-tickets\/oz-lotto\/#primaryimage","url":"https:\/\/onlinelotto365.com\/wp-content\/uploads\/2020\/11\/online_lottery-4-300x300.jpg","contentUrl":"https:\/\/onlinelotto365.com\/wp-content\/uploads\/2020\/11\/online_lottery-4-300x300.jpg"},{"@type":"BreadcrumbList","@id":"https:\/\/onlinelotto365.com\/it\/buy-tickets\/oz-lotto\/#breadcrumb","itemListElement":[{"@type":"ListItem","position":1,"name":"Home","item":"https:\/\/onlinelotto365.com\/it\/"},{"@type":"ListItem","position":2,"name":"Perch\u00e9 ha pi\u00f9 senso comprare i biglietti della lotteria online","item":"https:\/\/onlinelotto365.com\/it\/buy-tickets\/"},{"@type":"ListItem","position":3,"name":"Come acquistare i biglietti per Oz Lotto online"}]},{"@type":"WebSite","@id":"https:\/\/onlinelotto365.com\/it\/#website","url":"https:\/\/onlinelotto365.com\/it\/","name":"OnlineLotto365","description":"","potentialAction":[{"@type":"SearchAction","target":{"@type":"EntryPoint","urlTemplate":"https:\/\/onlinelotto365.com\/it\/?s={search_term_string}"},"query-input":{"@type":"PropertyValueSpecification","valueRequired":true,"valueName":"search_term_string"}}],"inLanguage":"it-IT"}]}},"_links":{"self":[{"href":"https:\/\/onlinelotto365.com\/it\/wp-json\/wp\/v2\/pages\/11082","targetHints":{"allow":["GET"]}}],"collection":[{"href":"https:\/\/onlinelotto365.com\/it\/wp-json\/wp\/v2\/pages"}],"about":[{"href":"https:\/\/onlinelotto365.com\/it\/wp-json\/wp\/v2\/types\/page"}],"author":[{"embeddable":true,"href":"https:\/\/onlinelotto365.com\/it\/wp-json\/wp\/v2\/users\/1"}],"replies":[{"embeddable":true,"href":"https:\/\/onlinelotto365.com\/it\/wp-json\/wp\/v2\/comments?post=11082"}],"version-history":[{"count":0,"href":"https:\/\/onlinelotto365.com\/it\/wp-json\/wp\/v2\/pages\/11082\/revisions"}],"up":[{"embeddable":true,"href":"https:\/\/onlinelotto365.com\/it\/wp-json\/wp\/v2\/pages\/3806"}],"wp:attachment":[{"href":"https:\/\/onlinelotto365.com\/it\/wp-json\/wp\/v2\/media?parent=11082"}],"curies":[{"name":"wp","href":"https:\/\/api.w.org\/{rel}","templated":true}]}}