{"id":11084,"date":"2020-12-18T18:04:34","date_gmt":"2020-12-18T17:04:34","guid":{"rendered":"http:\/\/onlinelotto365.net\/?page_id=11084"},"modified":"2021-01-02T18:02:30","modified_gmt":"2021-01-02T17:02:30","slug":"saturday-lotto-australia","status":"publish","type":"page","link":"https:\/\/onlinelotto365.com\/it\/buy-tickets\/saturday-lotto-australia\/","title":{"rendered":"Come acquistare i biglietti del sabato Lotto Australia online"},"content":{"rendered":"<p>Se non eri abbastanza sicuro di come acquistare i biglietti del Saturday Lotto Italy online, ti consigliamo di dare un&#8217;occhiata a questa <strong> guida passo passo progettata per aiutarti ad arrivarci velocemente <\/strong>. Non dovrai preoccuparti di nulla perch\u00e9 ti aiuteremo noi.<\/p>\n<ul>\n<li>Vai alla pagina del Saturday Lotto Australia e scegli i numeri che vuoi giocare su ciascuno dei tuoi biglietti<\/li>\n<li>Aggiungi pi\u00f9 biglietti per lo stesso gioco o per giochi diversi<\/li>\n<li>Vai all&#8217;opzione paga adesso<\/li>\n<li>Accedi al tuo account corrente o seleziona l&#8217;opzione per registrarti per un nuovo account e segui le istruzioni<\/li>\n<li>Per i nuovi account, assicurati di controllare la tua posta in arrivo per un&#8217;e-mail di conferma con un link di verifica<\/li>\n<li>Controlla la cartella dello spam se non vedi l&#8217;email di conferma e fai clic sul link<\/li>\n<li>Vai al tuo carrello<\/li>\n<li>Scegli l&#8217;opzione di pagamento che desideri utilizzare e segui la procedura di pagamento<\/li>\n<\/ul>\n<p><a href=\"https:\/\/redfoxlotto.com\/it\/saturday-lotto-au\/?ref=a8564250a2&amp;medium=ol365\" target=\"_blank\" rel=\"noopener noreferrer\"> <img decoding=\"async\" class=\"aligncenter\" src=\"https:\/\/redfoxlotto.com\/image?size=8&amp;lottery=saturday-lotto-au\" alt=\"Saturday Lotto Australia\" \/> <\/a><\/p>\n<h2>Come pagare online il tuo biglietto Saturday Lotto Australiaticket<\/h2>\n<p>Puoi utilizzare una delle <strong> molte diverse opzioni di pagamento sicuro <\/strong> quando sei pronto per acquistare i tuoi prossimi biglietti della lotteria con noi dall&#8217;Italia.<br \/>\nScegli tra queste diverse opzioni:<\/p>\n<ul>\n<li>Paga l&#8217;ordine direttamente tramite il tuo metodo di pagamento preferito<\/li>\n<li>Metti denaro sul tuo conto e utilizzalo per acquistare i biglietti<\/li>\n<\/ul>\n<p>Assicurati di aggiungere pi\u00f9 soldi a sufficienza per l&#8217;acquisto se decidi di mettere soldi sul tuo conto.<\/p>\n<h2>Ulteriori informazioni su Saturday Lotto Australia<\/h2>\n<ul>\n<li>Paese: Australia<\/li>\n<li>Intervallo di numeri principali: 45<\/li>\n<li>Scegli tu: 6<\/li>\n<li>Giorni e orari dell&#8217;estrazione: sabato, 21:30 GMT + 11, 10:30 CET<\/li>\n<li>Jackpot minimo: AU $ 5 milioni<\/li>\n<li>Jackpot massimo: 150 milioni di AU $<\/li>\n<li>Probabilit\u00e0 di vincere il jackpot: 1 su 8145060<\/li>\n<li>Probabilit\u00e0 di vittoria di livello 2: 1 su 678755<\/li>\n<li>Probabilit\u00e0 di vincere in qualsiasi livello: 1 su 85,44<\/li>\n<li>Numero di livelli di premio: 6<\/li>\n<\/ul>\n<h2>Vantaggi dell&#8217;acquisto di biglietti Saturday Lotto Australia online<\/h2>\n<ul>\n<li>Acquista i biglietti che desideri e non dovrai pi\u00f9 uscire di casa<\/li>\n<li>Scegli tra tanti giochi della lotteria<\/li>\n<li>Ottieni una <strong> maggiore possibilit\u00e0 di vincere <\/strong> puntando ai jackpot pi\u00f9 alti<\/li>\n<li>Metti i tuoi soldi su un conto e poi paga i biglietti<\/li>\n<li>Tieni traccia dei tuoi biglietti facilmente<\/li>\n<li>Ricevi notifiche di vincita ogni volta<\/li>\n<li>Utilizza una selezione rapida per ottenere i biglietti senza scegliere numeri<\/li>\n<\/ul>\n<h2>\u00c8 legale acquistare i biglietti del Saturday Lotto Australia online?<\/h2>\n<p>Potresti essere preoccupato se acquistare o meno i biglietti della lotteria in questo modo <strong> mentre sei residente in Italia <\/strong>, se ci\u00f2 \u00e8 effettivamente legale nel tuo paese di residenza. Bene, non devi preoccuparti perch\u00e9 ci occupiamo di assicurarci che tutto sia legale in base al paese da cui vengono acquistati i biglietti, incluso il paese in cui ha sede la lotteria. Non devi preoccuparti di nient&#8217;altro che assicurandoti di essere legalmente grande abbastanza per acquistare i biglietti. Devi avere 18 anni per poter utilizzare il nostro sito web.<\/p>\n<h2>Come vengo pagato se vinco il Saturday Lotto Australia online?<\/h2>\n<p>Sappiamo che non vuoi che nessuno prenda una quota delle tue vincite ed \u00e8 per questo che ci assicuriamo di non farlo. Non ci pagherai mai una commissione quando vinci i tuoi giochi della lotteria preferiti. E non devi nemmeno preoccuparti di pagarci una commissione sulle vincite.<\/p>\n<p>L&#8217;unica volta in cui pagherai una commissione \u00e8 se scegli di far depositare le tue <a href=\"https:\/\/onlinelotto365.com\/it\/numeri-vincenti\"> vincite alla lotteria <\/a> tramite un bonifico bancario, ad esempio a una banca in Italia. Questi bonifici a volte possono costarci delle commissioni poich\u00e9 le banche addebitano i trasferimenti internazionali. Quella commissione potrebbe essere trasferita a te e prelevata dalle vincite che hai realizzato.<br \/>\n<strong> Quando si tratta di essere pagati, devi solo ricordare: <\/strong><\/p>\n<ul>\n<li>I pagamenti inferiori a \u20ac 2500 vengono accreditati sul tuo account. Non devi fare nulla perch\u00e9 noi faremo tutto per te.<\/li>\n<li>I pagamenti superiori a 2500 \u20ac vengono effettuati tramite bonifico bancario o assegno. Sarai contattato dal nostro team di supporto per compilare un modulo che ci consentir\u00e0 di sapere come ricevere i soldi. Quindi devi solo aspettare qualche giorno perch\u00e9 sia \u200b\u200bl\u00ec.<\/li>\n<\/ul>\n","protected":false},"excerpt":{"rendered":"<p>Se non eri abbastanza sicuro di come acquistare i biglietti del Saturday Lotto Italy online, ti consigliamo di dare un&#8217;occhiata a questa guida passo passo progettata per aiutarti ad arrivarci velocemente . Non dovrai preoccuparti di nulla perch\u00e9 ti aiuteremo noi. Vai alla pagina del Saturday Lotto Australia e scegli i numeri che vuoi giocare [&hellip;]<\/p>\n","protected":false},"author":1,"featured_media":0,"parent":3806,"menu_order":15,"comment_status":"closed","ping_status":"closed","template":"saturday-lotto-info.php","meta":{"_et_pb_use_builder":"","_et_pb_old_content":"","_et_gb_content_width":"","exclude_from_search":false,"footnotes":""},"class_list":["post-11084","page","type-page","status-publish","hentry"],"yoast_head":"<!-- This site is optimized with the Yoast SEO plugin v23.4 - https:\/\/yoast.com\/wordpress\/plugins\/seo\/ -->\n<title>Come ottenere i biglietti per il Sabato Lotto Australia se sei residente in Italia<\/title>\n<meta name=\"description\" content=\"I residenti in Italia possono ora acquistare i biglietti per il sabato lotto Australia\" \/>\n<meta name=\"robots\" content=\"index, follow, max-snippet:-1, max-image-preview:large, max-video-preview:-1\" \/>\n<link rel=\"canonical\" href=\"https:\/\/onlinelotto365.com\/it\/buy-tickets\/saturday-lotto-australia\/\" \/>\n<meta property=\"og:locale\" content=\"it_IT\" \/>\n<meta property=\"og:type\" content=\"article\" \/>\n<meta property=\"og:title\" content=\"Come ottenere i biglietti per il Sabato Lotto Australia se sei residente in Italia\" \/>\n<meta property=\"og:description\" content=\"I residenti in Italia possono ora acquistare i biglietti per il sabato lotto Australia\" \/>\n<meta property=\"og:url\" content=\"https:\/\/onlinelotto365.com\/it\/buy-tickets\/saturday-lotto-australia\/\" \/>\n<meta property=\"og:site_name\" content=\"OnlineLotto365\" \/>\n<meta property=\"article:modified_time\" content=\"2021-01-02T17:02:30+00:00\" \/>\n<meta property=\"og:image\" content=\"https:\/\/redfoxlotto.com\/image?size=8&amp;lottery=saturday-lotto-au\" \/>\n<meta name=\"twitter:card\" content=\"summary_large_image\" \/>\n<meta name=\"twitter:label1\" content=\"Tempo di lettura stimato\" \/>\n\t<meta name=\"twitter:data1\" content=\"3 minuti\" \/>\n<script type=\"application\/ld+json\" class=\"yoast-schema-graph\">{\"@context\":\"https:\/\/schema.org\",\"@graph\":[{\"@type\":\"WebPage\",\"@id\":\"https:\/\/onlinelotto365.com\/it\/buy-tickets\/saturday-lotto-australia\/\",\"url\":\"https:\/\/onlinelotto365.com\/it\/buy-tickets\/saturday-lotto-australia\/\",\"name\":\"Come ottenere i biglietti per il Sabato Lotto Australia se sei residente in Italia\",\"isPartOf\":{\"@id\":\"https:\/\/onlinelotto365.com\/it\/#website\"},\"primaryImageOfPage\":{\"@id\":\"https:\/\/onlinelotto365.com\/it\/buy-tickets\/saturday-lotto-australia\/#primaryimage\"},\"image\":{\"@id\":\"https:\/\/onlinelotto365.com\/it\/buy-tickets\/saturday-lotto-australia\/#primaryimage\"},\"thumbnailUrl\":\"https:\/\/redfoxlotto.com\/image?size=8&amp;lottery=saturday-lotto-au\",\"datePublished\":\"2020-12-18T17:04:34+00:00\",\"dateModified\":\"2021-01-02T17:02:30+00:00\",\"description\":\"I residenti in Italia possono ora acquistare i biglietti per il sabato lotto Australia\",\"breadcrumb\":{\"@id\":\"https:\/\/onlinelotto365.com\/it\/buy-tickets\/saturday-lotto-australia\/#breadcrumb\"},\"inLanguage\":\"it-IT\",\"potentialAction\":[{\"@type\":\"ReadAction\",\"target\":[\"https:\/\/onlinelotto365.com\/it\/buy-tickets\/saturday-lotto-australia\/\"]}]},{\"@type\":\"ImageObject\",\"inLanguage\":\"it-IT\",\"@id\":\"https:\/\/onlinelotto365.com\/it\/buy-tickets\/saturday-lotto-australia\/#primaryimage\",\"url\":\"https:\/\/redfoxlotto.com\/image?size=8&amp;lottery=saturday-lotto-au\",\"contentUrl\":\"https:\/\/redfoxlotto.com\/image?size=8&amp;lottery=saturday-lotto-au\"},{\"@type\":\"BreadcrumbList\",\"@id\":\"https:\/\/onlinelotto365.com\/it\/buy-tickets\/saturday-lotto-australia\/#breadcrumb\",\"itemListElement\":[{\"@type\":\"ListItem\",\"position\":1,\"name\":\"Home\",\"item\":\"https:\/\/onlinelotto365.com\/it\/\"},{\"@type\":\"ListItem\",\"position\":2,\"name\":\"Perch\u00e9 ha pi\u00f9 senso comprare i biglietti della lotteria online\",\"item\":\"https:\/\/onlinelotto365.com\/it\/buy-tickets\/\"},{\"@type\":\"ListItem\",\"position\":3,\"name\":\"Come acquistare i biglietti del sabato Lotto Australia online\"}]},{\"@type\":\"WebSite\",\"@id\":\"https:\/\/onlinelotto365.com\/it\/#website\",\"url\":\"https:\/\/onlinelotto365.com\/it\/\",\"name\":\"OnlineLotto365\",\"description\":\"\",\"potentialAction\":[{\"@type\":\"SearchAction\",\"target\":{\"@type\":\"EntryPoint\",\"urlTemplate\":\"https:\/\/onlinelotto365.com\/it\/?s={search_term_string}\"},\"query-input\":{\"@type\":\"PropertyValueSpecification\",\"valueRequired\":true,\"valueName\":\"search_term_string\"}}],\"inLanguage\":\"it-IT\"}]}<\/script>\n<!-- \/ Yoast SEO plugin. -->","yoast_head_json":{"title":"Come ottenere i biglietti per il Sabato Lotto Australia se sei residente in Italia","description":"I residenti in Italia possono ora acquistare i biglietti per il sabato lotto Australia","robots":{"index":"index","follow":"follow","max-snippet":"max-snippet:-1","max-image-preview":"max-image-preview:large","max-video-preview":"max-video-preview:-1"},"canonical":"https:\/\/onlinelotto365.com\/it\/buy-tickets\/saturday-lotto-australia\/","og_locale":"it_IT","og_type":"article","og_title":"Come ottenere i biglietti per il Sabato Lotto Australia se sei residente in Italia","og_description":"I residenti in Italia possono ora acquistare i biglietti per il sabato lotto Australia","og_url":"https:\/\/onlinelotto365.com\/it\/buy-tickets\/saturday-lotto-australia\/","og_site_name":"OnlineLotto365","article_modified_time":"2021-01-02T17:02:30+00:00","og_image":[{"url":"https:\/\/redfoxlotto.com\/image?size=8&amp;lottery=saturday-lotto-au"}],"twitter_card":"summary_large_image","twitter_misc":{"Tempo di lettura stimato":"3 minuti"},"schema":{"@context":"https:\/\/schema.org","@graph":[{"@type":"WebPage","@id":"https:\/\/onlinelotto365.com\/it\/buy-tickets\/saturday-lotto-australia\/","url":"https:\/\/onlinelotto365.com\/it\/buy-tickets\/saturday-lotto-australia\/","name":"Come ottenere i biglietti per il Sabato Lotto Australia se sei residente in Italia","isPartOf":{"@id":"https:\/\/onlinelotto365.com\/it\/#website"},"primaryImageOfPage":{"@id":"https:\/\/onlinelotto365.com\/it\/buy-tickets\/saturday-lotto-australia\/#primaryimage"},"image":{"@id":"https:\/\/onlinelotto365.com\/it\/buy-tickets\/saturday-lotto-australia\/#primaryimage"},"thumbnailUrl":"https:\/\/redfoxlotto.com\/image?size=8&amp;lottery=saturday-lotto-au","datePublished":"2020-12-18T17:04:34+00:00","dateModified":"2021-01-02T17:02:30+00:00","description":"I residenti in Italia possono ora acquistare i biglietti per il sabato lotto Australia","breadcrumb":{"@id":"https:\/\/onlinelotto365.com\/it\/buy-tickets\/saturday-lotto-australia\/#breadcrumb"},"inLanguage":"it-IT","potentialAction":[{"@type":"ReadAction","target":["https:\/\/onlinelotto365.com\/it\/buy-tickets\/saturday-lotto-australia\/"]}]},{"@type":"ImageObject","inLanguage":"it-IT","@id":"https:\/\/onlinelotto365.com\/it\/buy-tickets\/saturday-lotto-australia\/#primaryimage","url":"https:\/\/redfoxlotto.com\/image?size=8&amp;lottery=saturday-lotto-au","contentUrl":"https:\/\/redfoxlotto.com\/image?size=8&amp;lottery=saturday-lotto-au"},{"@type":"BreadcrumbList","@id":"https:\/\/onlinelotto365.com\/it\/buy-tickets\/saturday-lotto-australia\/#breadcrumb","itemListElement":[{"@type":"ListItem","position":1,"name":"Home","item":"https:\/\/onlinelotto365.com\/it\/"},{"@type":"ListItem","position":2,"name":"Perch\u00e9 ha pi\u00f9 senso comprare i biglietti della lotteria online","item":"https:\/\/onlinelotto365.com\/it\/buy-tickets\/"},{"@type":"ListItem","position":3,"name":"Come acquistare i biglietti del sabato Lotto Australia online"}]},{"@type":"WebSite","@id":"https:\/\/onlinelotto365.com\/it\/#website","url":"https:\/\/onlinelotto365.com\/it\/","name":"OnlineLotto365","description":"","potentialAction":[{"@type":"SearchAction","target":{"@type":"EntryPoint","urlTemplate":"https:\/\/onlinelotto365.com\/it\/?s={search_term_string}"},"query-input":{"@type":"PropertyValueSpecification","valueRequired":true,"valueName":"search_term_string"}}],"inLanguage":"it-IT"}]}},"_links":{"self":[{"href":"https:\/\/onlinelotto365.com\/it\/wp-json\/wp\/v2\/pages\/11084","targetHints":{"allow":["GET"]}}],"collection":[{"href":"https:\/\/onlinelotto365.com\/it\/wp-json\/wp\/v2\/pages"}],"about":[{"href":"https:\/\/onlinelotto365.com\/it\/wp-json\/wp\/v2\/types\/page"}],"author":[{"embeddable":true,"href":"https:\/\/onlinelotto365.com\/it\/wp-json\/wp\/v2\/users\/1"}],"replies":[{"embeddable":true,"href":"https:\/\/onlinelotto365.com\/it\/wp-json\/wp\/v2\/comments?post=11084"}],"version-history":[{"count":0,"href":"https:\/\/onlinelotto365.com\/it\/wp-json\/wp\/v2\/pages\/11084\/revisions"}],"up":[{"embeddable":true,"href":"https:\/\/onlinelotto365.com\/it\/wp-json\/wp\/v2\/pages\/3806"}],"wp:attachment":[{"href":"https:\/\/onlinelotto365.com\/it\/wp-json\/wp\/v2\/media?parent=11084"}],"curies":[{"name":"wp","href":"https:\/\/api.w.org\/{rel}","templated":true}]}}