{"id":3786,"date":"2020-11-16T15:23:25","date_gmt":"2020-11-16T15:23:25","guid":{"rendered":"http:\/\/onlinelotto365.net\/home"},"modified":"2023-10-04T09:15:25","modified_gmt":"2023-10-04T08:15:25","slug":"welcome-to-onlinelotto365","status":"publish","type":"page","link":"https:\/\/onlinelotto365.com\/it\/","title":{"rendered":"Benvenuti su OnlineLotto365!"},"content":{"rendered":"<p>Fino a poco tempo fa, noi appassionati del lotto ci limitavamo a giocare alla lotteria dal nostro paese o dalla nostra regione. Sentivamo parlare di questi grandi ed entusiasmanti jackpot altrove, con in palio decine o addirittura centinaia di milioni di dollari o di euro o l&#8217;equivalente, e ci auguravamo di vivere in luoghi dove si potevano acquistare i biglietti di queste grandi lotterie.<\/p>\n<p><a href=\"https:\/\/redfoxlotto.com\/it\/?ref=a8564250a2&amp;medium=ol365\" target=\"_blank\" rel=\"noopener noreferrer\"><img loading=\"lazy\" decoding=\"async\" class=\"aligncenter\" src=\"https:\/\/redfoxlotto.com\/it\/image?size=8&amp;lottery=mega-millions\" alt=\"Mega Millions\" width=\"728\" height=\"90\" \/><\/a><\/p>\n<p>So che avete desiderato di poter partecipare a questa grande azione tante volte quanto me. Vediamo queste persone che incassano questi mega premi e vorremmo che fossimo noi. Non siamo nemmeno riusciti a giocare, figuriamoci a vincere.<\/p>\n<p>Beh, tutto questo sta per cambiare. Ora, <strong>tramite il nostro nuovo servizio di biglietti del lotto<\/strong>, non fa assolutamente alcuna differenza se si vive in un paese dove si tiene una lotteria o meno. Infine, le persone che gestiscono queste lotterie si stanno svegliando con la realt\u00e0 che ci sono molti potenziali clienti in altri paesi che non vedono l&#8217;ora di fare qualcosa di pi\u00f9 entusiasmante.<\/p>\n<h2>Ora ordina i biglietti online<\/h2>\n<p>Non siamo pi\u00f9 ai vecchi tempi e, come sappiamo, internet ha aperto il mondo intero dove tutto e<strong> tutto \u00e8 ora disponibile online<\/strong>. Allora perch\u00e9 non avere accesso a tutte le grandi lotterie l\u00e0 fuori? \u00c8 un&#8217;idea il cui tempo \u00e8 decisamente arrivato, e l&#8217;attesa per questo \u00e8 ormai finita.<\/p>\n<p>Abbiamo reso l&#8217;accesso a tutto questo il pi\u00f9 facile possibile. Tutto quello che devi fare \u00e8 cliccare<strong> su una delle lotterie<\/strong>, per avere accesso immediato a pi\u00f9 di tanti grandi jackpot. Poi tutto quello che dovete fare \u00e8 seguire le semplici istruzioni che vi vengono fornite, scegliere i vostri numeri, e <a href=\"https:\/\/onlinelotto365.com\/it\/buy-tickets\">acquistare il vostro biglietto.<\/a>.<\/p>\n<h2>Pagamento sicuro per il lotto online<\/h2>\n<p>Questo nuovo grande servizio offre diverse pratiche opzioni di pagamento attraverso un processore di pagamento sicuro al 100%. Una volta effettuato l&#8217;acquisto dei biglietti, vi invieranno una conferma via e-mail e vedrete il vostro biglietto nel vostro conto cliente. <strong>Forniremo anche assistenza gratuita per la raccolta dei vostri <a href=\"ttps:\/\/onlinelotto365.com\/it\/numeri-vincenti\">vincite<\/a><\/strong>, qualcosa di cui avrete bisogno visto che non vivete nel paese in cui si svolge la lotteria. Non c&#8217;\u00e8 bisogno che ci preoccupiamo di nulla qui, visto che abbiamo tutto sotto controllo per i nostri clienti.<\/p>\n<h2>Pi\u00f9 alti sono i jackpot, migliori sono le tue possibilit\u00e0<\/h2>\n<p>.<br \/>\n<img loading=\"lazy\" decoding=\"async\" class=\" wp-image-1840 alignright\" src=\"https:\/\/onlinelotto365.com\/wp-content\/uploads\/2023\/10\/online_lottery-164-300x250-1.jpg\" alt=\"lottery online service\" width=\"248\" height=\"207\" \/> Non \u00e8 un segreto che il <strong>valore di gioco delle lotterie sale di molto quando i jackpot salgono di molto<\/strong> anche. Quindi, se siete bloccati ad aspettare che il grande lotto del nostro paese cresca molto, dovrete aspettare. Certo, \u00e8 ancora molto divertente giocare i jackpot pi\u00f9 piccoli, ma non c&#8217;\u00e8 assolutamente niente come giocare quelli grandi. Non solo \u00e8 molto pi\u00f9 divertente immaginare di vincere uno di quei premi enormi con cui vediamo che gli altri si arricchiscono, ma le probabilit\u00e0 sono molto pi\u00f9 a nostro favore anche con quelli grandi.<\/p>\n<p>Ci vuole tempo perch\u00e9 i jackpot crescano fino a raggiungere le dimensioni monumentali che fanno nel tempo, e questo significa che \u00e8 passato molto tempo senza <a href=\"https:\/\/onlinelotto365.com\/it\/news\/come-giocare-al-lotto-internazionale\">vincitore del jackpot della lotteria<\/a>. Quindi, con il passare del tempo, tutti questi piccoli jackpot che non sono stati vinti continuano ad accumularsi.<\/p>\n<p>Non dobbiamo entrare in ulteriori dettagli su <strong>quanto meglio i jackpot pi\u00f9 grandi sono per voi<\/strong>. Quindi pi\u00f9 si ha accesso a questi grandi jackpot, meglio \u00e8. Cos\u00ec, quando un servizio internet arriva in questo modo, che pu\u00f2 farti entrare in gioco in tutti i grandi jackpot in circolazione, beh, per quanto riguarda la lotteria \u00e8 il massimo che puoi ottenere.<\/p>\n<p>Ora hai accesso a tutti i grandi, compresi <a href=\"https:\/\/onlinelotto365.com\/it\/giocare\/powerball\"><strong>U.S. Powerball<\/strong><\/a> e <a href=\"https:\/\/onlinelotto365.com\/it\/giocare\/mega-millions\"><strong>Mega Millions<\/strong><\/a>, la spagnola El Gordo, l&#8217;italiana <a href=\"https:\/\/onlinelotto365.com\/it\/giocare\/superenalotto\">Superenalotto<\/a>, <a href=\"https:\/\/onlinelotto365.com\/it\/giocare\/euromillions\">EuroMillions<\/a>, <a href=\"https:\/\/onlinelotto365.com\/it\/giocare\/eurojackpot\">Eurojackpot<\/a>, la lotteria britannica, varie lotterie australiane e molto, molto altro ancora.<\/p>\n<p>Anche se sei solo un fan occasionale del lotto, perch\u00e9 dovresti limitarti solo a quelli a cui puoi acquistare i biglietti presso uno stand quando puoi espandere i tuoi orizzonti per includere tutto il mondo attraverso questo grande servizio online? Ancora una volta, ci forniamo tutto questo a pagamento, ma non ci detrarranno nulla dalle nostre vincite.<\/p>\n<h2>I pi\u00f9 grandi giorni di paga della storia<\/h2>\n<p>Ecco una lista dei pi\u00f9 grandi jackpot vinti negli ultimi anni. Non c&#8217;\u00e8 da stupirsi che siano avvenuti tutti negli Stati Uniti. Le <a href=\"https:\/\/onlinelotto365.com\/it\/news\/acquista-online-i-biglietti-per-la-lotteria-usa\">grandi lotterie americane Powerball e Mega Millions<\/a> generano regolarmente enormi vincite. Quindi non \u00e8 una sorpresa che <strong>la maggior parte degli acquisti online sono per biglietti Powerball e Mega Millions<\/strong>.<\/p>\n<ul>\n<li style=\"list-style-type: none;\">\n<ul>\n<li>$ 1568 milioni, il jackpot del Powerball vinto il 13 gennaio 2016. Questo jackpot \u00e8 stato diviso tra 3 vincitori.<\/li>\n<li>$ 1537 milioni di dollari, Mega Millions jackpot vinto da un singolo vincitore il 23 ottobre 2018<\/li>\n<li>$ 768 milioni, vinti a Powerball il 27 marzo 2019<\/li>\n<li>$ 758 milioni, vinti al Powerball da un singolo vincitore nell&#8217;agosto 2017<\/li>\n<li>$ 687 milioni, che saranno condivisi da due vincitori del Powerball il 27 ottobre 2018<\/li>\n<li>$ 656 milioni, un jackpot di Mega Millions diviso tra tre vincitori nel marzo 2016<\/li>\n<\/ul>\n<p>Ora hai la possibilit\u00e0 di vincere alla grande in una di queste lotterie. Preparatevi ad essere esposti al meglio che il mondo ha da offrire e, cosa ancora pi\u00f9 importante, aumentate notevolmente le vostre possibilit\u00e0 di vincere ricchezze!<\/p>\n<h2>Evoluzione della lotteria<\/h2>\n<p><img loading=\"lazy\" decoding=\"async\" class=\" wp-image-1840 alignright\" src=\"https:\/\/onlinelotto365.com\/wp-content\/uploads\/2021\/02\/international-lottery.jpg\" alt=\"lotterie internazionali\" width=\"250\" height=\"200\" \/><br \/>\nStoricamente, le prime lotterie sembrano essersi tenute in Cina, e anche allora queste lotterie servivano per lo pi\u00f9 a finanziare progetti pubblici. Anche la Grande Muraglia cinese potrebbe essere stato uno di questi progetti. Nell&#8217;antica Roma, le lotterie si tenevano durante gli eventi per i cittadini ricchi, e le entrate venivano utilizzate per finanziare lavori di riparazione in citt\u00e0. Nel gennaio 1449, una guerra tra Milano e Venezia fu finanziata da una lotteria.<br \/>\nNel corso dei secoli, le lotterie sono state per lo pi\u00f9 sanzionate e gestite da stati e governi per raccogliere fondi. In un certo senso, queste lotterie servivano come forma di <a href=\"https:\/\/onlinelotto365.com\/it\/news\/quali-lotterie-e-paesi-addebitano-le-tasse-sulle-vincite\">tassazione<\/a> volontaria delle masse. Per questo motivo, la percentuale delle entrate generate dalla vendita dei biglietti rispetto al pagamento dei premi \u00e8 ed \u00e8 stata spesso piuttosto bassa.<\/p>\n<h2>Lotteria in tempi moderni<\/h2>\n<p>Da quando internet ha reso le cose pi\u00f9 facili per molti di noi, la maggior parte delle lotterie nazionali ha iniziato a offrire la possibilit\u00e0 di acquistare i biglietti online. Ma l&#8217;acquisto di biglietti del lotto online attraverso i siti web delle lotterie nazionali \u00e8 stato limitato ai giocatori del paese di quella lotteria. Mentre l&#8217;acquisto online \u00e8 stato reso pi\u00f9 conveniente, questo non ha migliorato in alcun modo le probabilit\u00e0 di vincita. Ci\u00f2 sarebbe stato possibile solo con il passo successivo nell&#8217;evoluzione della lotteria.<\/p>\n<h2>Pi\u00f9 scelta ti d\u00e0 migliori probabilit\u00e0<\/h2>\n<p>L&#8217;idea di un servizio come il nostro che permetta agli appassionati del lotto di <strong> partecipare a lotterie di altre giurisdizioni<\/strong> \u00e8 stato il passo logico successivo nello sviluppo. Ora i giocatori del lotto sono in grado di scegliere tra diverse lotterie. Puntando al jackpot attualmente pi\u00f9 alto, possono migliorare notevolmente le loro aspettative di vincita. Per lotterie come Mega Millions, Powerball ed Euromillions, la percentuale di <strong>biglietti della lotteria che i giocatori di tutto il mondo acquistano online<\/strong> \u00e8 in crescita mese dopo mese.<\/li>\n<\/ul>\n","protected":false},"excerpt":{"rendered":"<p>Fino a poco tempo fa, noi appassionati del lotto ci limitavamo a giocare alla lotteria dal nostro paese o dalla nostra regione. Sentivamo parlare di questi grandi ed entusiasmanti jackpot altrove, con in palio decine o addirittura centinaia di milioni di dollari o di euro o l&#8217;equivalente, e ci auguravamo di vivere in luoghi dove [&hellip;]<\/p>\n","protected":false},"author":1,"featured_media":0,"parent":0,"menu_order":1,"comment_status":"closed","ping_status":"closed","template":"lotto.php","meta":{"_et_pb_use_builder":"","_et_pb_old_content":"","_et_gb_content_width":"","exclude_from_search":false,"footnotes":""},"class_list":["post-3786","page","type-page","status-publish","hentry"],"yoast_head":"<!-- This site is optimized with the Yoast SEO plugin v23.4 - https:\/\/yoast.com\/wordpress\/plugins\/seo\/ -->\n<title>Lotto Online | Tutti i jackpot del lotto del mondo accessibili online<\/title>\n<meta name=\"description\" content=\"Servizio di biglietti del lotto online per qualsiasi jackpot internazionale. Prendi i biglietti per qualsiasi lotteria del mondo, non importa dove si vive\" \/>\n<meta name=\"robots\" content=\"index, follow, max-snippet:-1, max-image-preview:large, max-video-preview:-1\" \/>\n<link rel=\"canonical\" href=\"https:\/\/onlinelotto365.com\/it\/\" \/>\n<meta property=\"og:locale\" content=\"it_IT\" \/>\n<meta property=\"og:type\" content=\"article\" \/>\n<meta property=\"og:title\" content=\"Lotto Online | Tutti i jackpot del lotto del mondo accessibili online\" \/>\n<meta property=\"og:description\" content=\"Servizio di biglietti del lotto online per qualsiasi jackpot internazionale. Prendi i biglietti per qualsiasi lotteria del mondo, non importa dove si vive\" \/>\n<meta property=\"og:url\" content=\"https:\/\/onlinelotto365.com\/it\/\" \/>\n<meta property=\"og:site_name\" content=\"OnlineLotto365\" \/>\n<meta property=\"article:modified_time\" content=\"2023-10-04T08:15:25+00:00\" \/>\n<meta property=\"og:image\" content=\"https:\/\/redfoxlotto.com\/it\/image?size=8&amp;lottery=mega-millions\" \/>\n<meta name=\"twitter:card\" content=\"summary_large_image\" \/>\n<meta name=\"twitter:label1\" content=\"Tempo di lettura stimato\" \/>\n\t<meta name=\"twitter:data1\" content=\"6 minuti\" \/>\n<script type=\"application\/ld+json\" class=\"yoast-schema-graph\">{\"@context\":\"https:\/\/schema.org\",\"@graph\":[{\"@type\":\"WebPage\",\"@id\":\"https:\/\/onlinelotto365.com\/it\/\",\"url\":\"https:\/\/onlinelotto365.com\/it\/\",\"name\":\"Lotto Online | Tutti i jackpot del lotto del mondo accessibili online\",\"isPartOf\":{\"@id\":\"https:\/\/onlinelotto365.com\/it\/#website\"},\"primaryImageOfPage\":{\"@id\":\"https:\/\/onlinelotto365.com\/it\/#primaryimage\"},\"image\":{\"@id\":\"https:\/\/onlinelotto365.com\/it\/#primaryimage\"},\"thumbnailUrl\":\"https:\/\/redfoxlotto.com\/it\/image?size=8&amp;lottery=mega-millions\",\"datePublished\":\"2020-11-16T15:23:25+00:00\",\"dateModified\":\"2023-10-04T08:15:25+00:00\",\"description\":\"Servizio di biglietti del lotto online per qualsiasi jackpot internazionale. Prendi i biglietti per qualsiasi lotteria del mondo, non importa dove si vive\",\"breadcrumb\":{\"@id\":\"https:\/\/onlinelotto365.com\/it\/#breadcrumb\"},\"inLanguage\":\"it-IT\",\"potentialAction\":[{\"@type\":\"ReadAction\",\"target\":[\"https:\/\/onlinelotto365.com\/it\/\"]}]},{\"@type\":\"ImageObject\",\"inLanguage\":\"it-IT\",\"@id\":\"https:\/\/onlinelotto365.com\/it\/#primaryimage\",\"url\":\"https:\/\/redfoxlotto.com\/it\/image?size=8&amp;lottery=mega-millions\",\"contentUrl\":\"https:\/\/redfoxlotto.com\/it\/image?size=8&amp;lottery=mega-millions\"},{\"@type\":\"BreadcrumbList\",\"@id\":\"https:\/\/onlinelotto365.com\/it\/#breadcrumb\",\"itemListElement\":[{\"@type\":\"ListItem\",\"position\":1,\"name\":\"Home\",\"item\":\"https:\/\/onlinelotto365.com\/it\/\"},{\"@type\":\"ListItem\",\"position\":2,\"name\":\"Benvenuti su OnlineLotto365!\"}]},{\"@type\":\"WebSite\",\"@id\":\"https:\/\/onlinelotto365.com\/it\/#website\",\"url\":\"https:\/\/onlinelotto365.com\/it\/\",\"name\":\"OnlineLotto365\",\"description\":\"\",\"potentialAction\":[{\"@type\":\"SearchAction\",\"target\":{\"@type\":\"EntryPoint\",\"urlTemplate\":\"https:\/\/onlinelotto365.com\/it\/?s={search_term_string}\"},\"query-input\":{\"@type\":\"PropertyValueSpecification\",\"valueRequired\":true,\"valueName\":\"search_term_string\"}}],\"inLanguage\":\"it-IT\"}]}<\/script>\n<!-- \/ Yoast SEO plugin. -->","yoast_head_json":{"title":"Lotto Online | Tutti i jackpot del lotto del mondo accessibili online","description":"Servizio di biglietti del lotto online per qualsiasi jackpot internazionale. Prendi i biglietti per qualsiasi lotteria del mondo, non importa dove si vive","robots":{"index":"index","follow":"follow","max-snippet":"max-snippet:-1","max-image-preview":"max-image-preview:large","max-video-preview":"max-video-preview:-1"},"canonical":"https:\/\/onlinelotto365.com\/it\/","og_locale":"it_IT","og_type":"article","og_title":"Lotto Online | Tutti i jackpot del lotto del mondo accessibili online","og_description":"Servizio di biglietti del lotto online per qualsiasi jackpot internazionale. Prendi i biglietti per qualsiasi lotteria del mondo, non importa dove si vive","og_url":"https:\/\/onlinelotto365.com\/it\/","og_site_name":"OnlineLotto365","article_modified_time":"2023-10-04T08:15:25+00:00","og_image":[{"url":"https:\/\/redfoxlotto.com\/it\/image?size=8&amp;lottery=mega-millions"}],"twitter_card":"summary_large_image","twitter_misc":{"Tempo di lettura stimato":"6 minuti"},"schema":{"@context":"https:\/\/schema.org","@graph":[{"@type":"WebPage","@id":"https:\/\/onlinelotto365.com\/it\/","url":"https:\/\/onlinelotto365.com\/it\/","name":"Lotto Online | Tutti i jackpot del lotto del mondo accessibili online","isPartOf":{"@id":"https:\/\/onlinelotto365.com\/it\/#website"},"primaryImageOfPage":{"@id":"https:\/\/onlinelotto365.com\/it\/#primaryimage"},"image":{"@id":"https:\/\/onlinelotto365.com\/it\/#primaryimage"},"thumbnailUrl":"https:\/\/redfoxlotto.com\/it\/image?size=8&amp;lottery=mega-millions","datePublished":"2020-11-16T15:23:25+00:00","dateModified":"2023-10-04T08:15:25+00:00","description":"Servizio di biglietti del lotto online per qualsiasi jackpot internazionale. Prendi i biglietti per qualsiasi lotteria del mondo, non importa dove si vive","breadcrumb":{"@id":"https:\/\/onlinelotto365.com\/it\/#breadcrumb"},"inLanguage":"it-IT","potentialAction":[{"@type":"ReadAction","target":["https:\/\/onlinelotto365.com\/it\/"]}]},{"@type":"ImageObject","inLanguage":"it-IT","@id":"https:\/\/onlinelotto365.com\/it\/#primaryimage","url":"https:\/\/redfoxlotto.com\/it\/image?size=8&amp;lottery=mega-millions","contentUrl":"https:\/\/redfoxlotto.com\/it\/image?size=8&amp;lottery=mega-millions"},{"@type":"BreadcrumbList","@id":"https:\/\/onlinelotto365.com\/it\/#breadcrumb","itemListElement":[{"@type":"ListItem","position":1,"name":"Home","item":"https:\/\/onlinelotto365.com\/it\/"},{"@type":"ListItem","position":2,"name":"Benvenuti su OnlineLotto365!"}]},{"@type":"WebSite","@id":"https:\/\/onlinelotto365.com\/it\/#website","url":"https:\/\/onlinelotto365.com\/it\/","name":"OnlineLotto365","description":"","potentialAction":[{"@type":"SearchAction","target":{"@type":"EntryPoint","urlTemplate":"https:\/\/onlinelotto365.com\/it\/?s={search_term_string}"},"query-input":{"@type":"PropertyValueSpecification","valueRequired":true,"valueName":"search_term_string"}}],"inLanguage":"it-IT"}]}},"_links":{"self":[{"href":"https:\/\/onlinelotto365.com\/it\/wp-json\/wp\/v2\/pages\/3786","targetHints":{"allow":["GET"]}}],"collection":[{"href":"https:\/\/onlinelotto365.com\/it\/wp-json\/wp\/v2\/pages"}],"about":[{"href":"https:\/\/onlinelotto365.com\/it\/wp-json\/wp\/v2\/types\/page"}],"author":[{"embeddable":true,"href":"https:\/\/onlinelotto365.com\/it\/wp-json\/wp\/v2\/users\/1"}],"replies":[{"embeddable":true,"href":"https:\/\/onlinelotto365.com\/it\/wp-json\/wp\/v2\/comments?post=3786"}],"version-history":[{"count":0,"href":"https:\/\/onlinelotto365.com\/it\/wp-json\/wp\/v2\/pages\/3786\/revisions"}],"wp:attachment":[{"href":"https:\/\/onlinelotto365.com\/it\/wp-json\/wp\/v2\/media?parent=3786"}],"curies":[{"name":"wp","href":"https:\/\/api.w.org\/{rel}","templated":true}]}}