{"id":3796,"date":"2020-11-17T18:20:25","date_gmt":"2020-11-17T18:20:25","guid":{"rendered":"http:\/\/onlinelotto365.net\/winning-numbers"},"modified":"2021-01-05T19:04:36","modified_gmt":"2021-01-05T18:04:36","slug":"numeri-vincenti","status":"publish","type":"page","link":"https:\/\/onlinelotto365.com\/it\/numeri-vincenti\/","title":{"rendered":"Trova i numeri vincenti e i risultati delle ultime estrazioni del lotto"},"content":{"rendered":"<p>Qui trovate i numeri vincenti delle pi\u00f9 grandi lotterie internazionali del mondo. Aggiorniamo questa pagina in modo permanente, quindi tornate per gli ultimi risultati ogni volta che ne avete bisogno. Se avete giocato in una di queste lotterie internazionali, speriamo che il vostro biglietto abbia i numeri vincenti! E a proposito &#8211; siete a conoscenza del fatto che pi\u00f9 volte nella storia i giocatori hanno vinto alla grande <strong>utilizzando i numeri vincenti di una lotteria straniera per giocarli nella propria lotteria locale?<\/strong><\/p>\n<p>Ma soprattutto, probabilmente non sapevate che ora avete la possibilit\u00e0 di partecipare alle pi\u00f9 grandi lotterie del pianeta &#8211; anche a quelle di paesi diversi dal vostro! Sia che siate interessati a Powerball, Mega Millions, Euromillions, o a qualsiasi altra delle lotterie offerte qui, \u00e8 possibile ottenere i biglietti online ora. Per partecipare, basta cliccare sul pulsante &#8220;Gioca&#8221; per la tua lotteria preferita accanto ai risultati qui sotto. In pochi minuti avrete i vostri biglietti. Personalmente, vi consigliamo di dare un&#8217;occhiata alle dimensioni dei jackpot e di scegliere la lotteria che attualmente ha il jackpot pi\u00f9 alto!<\/p>\n<p><a href=\"https:\/\/redfoxlotto.com\/it\/?ref=a8564250a2&amp;medium=ol365\" target=\"_blank\" rel=\"noopener noreferrer\"><img loading=\"lazy\" decoding=\"async\" class=\"aligncenter\" src=\"https:\/\/redfoxlotto.com\/it\/image?size=8&amp;lottery=eurojackpot\" alt=\"eurojackpot\" width=\"720\" height=\"90\" \/><\/a><\/p>\n<h2>Come verificare i risultati del Lotto di oggi<\/h2>\n<p>Ti piace giocare al lotto? Forse si gioca pi\u00f9 volte al giorno o si gioca tutti i giorni, o forse si gioca solo una volta ogni tanto. Non importa quanto spesso giochi, per\u00f2, vuoi essere sicuro di sapere sempre quali sono i numeri vincenti. Non volete mai rischiare di perdere una vincita perch\u00e9 non avete controllato i numeri. Allora, come si fa a scoprire il risultato della lotteria oggi? In realt\u00e0 \u00e8 pi\u00f9 facile di quanto si possa pensare, perch\u00e9 ci sono un sacco di opzioni diverse a disposizione.<\/p>\n<h2>Dove trovare il risultato della lotteria oggi<\/h2>\n<p>Cerchi di ottenere risultati immediatamente? Non appena sono disponibili? Se lo siete, allora vorrete <strong>tornare al vostro servizio di biglietteria online.<\/strong> Sarai sicuramente contento perch\u00e9 i risultati della lotteria sono disponibili non solo il giorno dell&#8217;estrazione, ma immediatamente al momento dell&#8217;estrazione. Quindi, se siete il tipo impaziente non avrete problemi ad ottenere i risultati non appena saranno disponibili. Per non parlare del fatto che sarete pronti e potrete iniziare a giocare la vostra prossima serie di numeri una volta che saprete se avete vinto o meno.<\/p>\n<h2>Effettua il login e controlla la sezione I miei biglietti<\/h2>\n<p>Il modo pi\u00f9 comodo e sicuro per scoprire se hai vinto qualcosa \u00e8 effettuare il<strong> login al tuo account e controllare i biglietti esistenti<\/strong>. Una volta ottenuti i risultati dell&#8217;estrazione, potrai confrontare facilmente i tuoi biglietti con i numeri vincenti. Con un biglietto online non c&#8217;\u00e8 nemmeno il pericolo di perdere il biglietto. \u00c8 sempre qui, nel tuo account. E ti informeremo anche di eventuali vincite!<\/p>\n<p>Se avete acquistato i biglietti online tramite noi, vi invieremo sempre una <strong>notifica via e-mail nel caso in cui abbiate vinto<\/strong> qualcosa. Naturalmente, \u00e8 importante che il vostro provider di posta elettronica non sposti le nostre e-mail in una directory di spam o di posta indesiderata. Assicurati di aggiungerci alla tua lista di mittenti di fiducia.<\/p>\n<h2>Streaming del disegno<\/h2>\n<p>In realt\u00e0 ci sono alcuni servizi in cui \u00e8 possibile trasmettere in streaming gli eventi dell&#8217;estrazione del lotto direttamente sul proprio dispositivo mobile. In questo modo, se nessuno dei vostri canali televisivi locali trasmette l&#8217;estrazione a cui siete interessati, non avrete comunque problemi a trasmettere in streaming l&#8217;estrazione in diretta, in modo da essere pronti quando il numero esce. Provate a cercare la vostra lotteria preferita su <em><strong><a href=\"http:\/\/youtube.com\/it\">Youtube<\/a><\/strong><\/em>. La maggior parte delle estrazioni della lotteria non sono per\u00f2 trasmesse in diretta su Youtube, ma i video dell&#8217;estrazione possono essere caricati poco dopo la pubblicazione dei risultati.<\/p>\n<h2>Trovalo pi\u00f9 tardi<\/h2>\n<p>Se non siete cos\u00ec preoccupati di scoprire che cos&#8217;era il disegno non appena accade, potete controllare diverse opzioni per trovarlo in seguito. Alcune di queste saranno subito dopo l&#8217;estrazione e altre potrebbero non essere disponibili fino al giorno successivo, quindi sta a voi decidere quale sia il metodo migliore e come volete procedere per trovare i numeri. Se siete disposti ad aspettare pi\u00f9 a lungo, per esempio, potreste dare un&#8217;occhiata al giornale il giorno dopo l&#8217;estrazione. Se volete sapere velocemente ci sono i siti web ufficiali che potete consultare per trovare ulteriori informazioni subito dopo l&#8217;estrazione.<\/p>\n<p>Il giornale \u00e8 uno dei <strong>metodi pi\u00f9 comuni per controllare i numeri del lotto<\/strong> e sar\u00e0 anche uno dei pi\u00f9 semplici. Il giornale pubblica tutti i numeri vincenti il giorno dopo la loro uscita e potrete vedere tutti i risultati dell&#8217;intera giornata in un unico punto. In questo modo, se si gioca pi\u00f9 di una partita, \u00e8 possibile controllare tutti i numeri in una sola volta. Dovrete solo avere un abbonamento al giornale o andare in un negozio o in un minimarket per prenderne uno il giorno dopo.<\/p>\n<p>Se volete sapere velocemente ma non volete o non potete guardare il disegno dal vivo, la cosa migliore \u00e8 andare online. Il bello \u00e8 che al Red Fox Lotto puoi trovare tutti i risultati del lotto per le estrazioni pi\u00f9 grandi e i jackpot direttamente al Red Fox Lotto, cos\u00ec saprai sempre il risultato della lotteria oggi. Con questo servizio, puoi collegarti e vedere tutto quello che ti viene proposto sulla home page, dall&#8217;ultima estrazione alla pi\u00f9 vecchia, in modo da poter scorrere tutto quello che vuoi. Per non parlare del fatto che vedrai dove si gioca e qual \u00e8 la vincita totale. Cos\u00ec avrete tutto quello che vi serve sapere.<\/p>\n<h2>Trova i pagamenti<\/h2>\n<p>E se avete gi\u00e0 guardato i numeri, ma ora volete saperne di pi\u00f9 <strong>sui pagamenti<\/strong>? In realt\u00e0 \u00e8 abbastanza semplice. Tutto quello che dovete fare \u00e8 controllare il nostro sito di biglietti online. Tutte le informazioni saranno qui, e noi le aggiorniamo in tempo reale.<\/p>\n<h2>Richiedere i premi online<\/h2>\n<p>Se si vince un premio online, la procedura \u00e8 diversa da quella che si farebbe se si vincesse con un biglietto acquistato in negozio. Se vinci un importo superiore a \u20ac2500, dovrai compilare un modulo attraverso la nostra piattaforma online per poter richiedere il tuo premio. Ci occuperemo noi di tutto il resto.<\/p>\n<p>Le vincite inferiori a \u20ac2500 saranno immediatamente accreditate sul tuo conto giocatore sul nostro sito. Da l\u00ec, \u00e8 possibile utilizzare i fondi per altri biglietti o iniziare un prelievo di fondi. Per prelevare, \u00e8 possibile utilizzare qualsiasi metodo di pagamento che \u00e8 stato utilizzato in precedenza per un acquisto o un deposito.<\/p>\n<h2>Riepilogo<\/h2>\n<p>Se stai cercando di trovare il risultato della lotteria oggi, \u00e8 tutta una questione di sapere dove cercare. Sia che si tratti di cercare online, di guardarlo in diretta o di controllarlo il giorno dopo, non avrete problemi con il processo. Sarete in grado di <strong>tenere traccia dei vostri numeri e di quelli vincenti<\/strong>. E sarete in grado di continuare a giocare ai vostri giochi del lotto preferiti e persino di scoprirne alcuni nuovi, provenienti da parti completamente diverse del mondo. Cosa c&#8217;\u00e8 di meglio?<\/p>\n","protected":false},"excerpt":{"rendered":"<p>Qui trovate i numeri vincenti delle pi\u00f9 grandi lotterie internazionali del mondo. Aggiorniamo questa pagina in modo permanente, quindi tornate per gli ultimi risultati ogni volta che ne avete bisogno. Se avete giocato in una di queste lotterie internazionali, speriamo che il vostro biglietto abbia i numeri vincenti! E a proposito &#8211; siete a conoscenza [&hellip;]<\/p>\n","protected":false},"author":1,"featured_media":0,"parent":0,"menu_order":4,"comment_status":"closed","ping_status":"closed","template":"Results.php","meta":{"_et_pb_use_builder":"","_et_pb_old_content":"","_et_gb_content_width":"","exclude_from_search":false,"footnotes":""},"class_list":["post-3796","page","type-page","status-publish","hentry"],"yoast_head":"<!-- This site is optimized with the Yoast SEO plugin v23.4 - https:\/\/yoast.com\/wordpress\/plugins\/seo\/ -->\n<title>Numeri vincenti della lotteria e risultati per i pi\u00f9 grandi jackpot del mondo<\/title>\n<meta name=\"description\" content=\"Trova i risultati del lotto di questa settimana e i numeri vincenti delle lotterie pi\u00f9 grandi qui\" \/>\n<meta name=\"robots\" content=\"index, follow, max-snippet:-1, max-image-preview:large, max-video-preview:-1\" \/>\n<link rel=\"canonical\" href=\"https:\/\/onlinelotto365.com\/it\/numeri-vincenti\/\" \/>\n<meta property=\"og:locale\" content=\"it_IT\" \/>\n<meta property=\"og:type\" content=\"article\" \/>\n<meta property=\"og:title\" content=\"Numeri vincenti della lotteria e risultati per i pi\u00f9 grandi jackpot del mondo\" \/>\n<meta property=\"og:description\" content=\"Trova i risultati del lotto di questa settimana e i numeri vincenti delle lotterie pi\u00f9 grandi qui\" \/>\n<meta property=\"og:url\" content=\"https:\/\/onlinelotto365.com\/it\/numeri-vincenti\/\" \/>\n<meta property=\"og:site_name\" content=\"OnlineLotto365\" \/>\n<meta property=\"article:modified_time\" content=\"2021-01-05T18:04:36+00:00\" \/>\n<meta property=\"og:image\" content=\"https:\/\/redfoxlotto.com\/it\/image?size=8&amp;lottery=eurojackpot\" \/>\n<meta name=\"twitter:card\" content=\"summary_large_image\" \/>\n<meta name=\"twitter:label1\" content=\"Tempo di lettura stimato\" \/>\n\t<meta name=\"twitter:data1\" content=\"6 minuti\" \/>\n<script type=\"application\/ld+json\" class=\"yoast-schema-graph\">{\"@context\":\"https:\/\/schema.org\",\"@graph\":[{\"@type\":\"WebPage\",\"@id\":\"https:\/\/onlinelotto365.com\/it\/numeri-vincenti\/\",\"url\":\"https:\/\/onlinelotto365.com\/it\/numeri-vincenti\/\",\"name\":\"Numeri vincenti della lotteria e risultati per i pi\u00f9 grandi jackpot del mondo\",\"isPartOf\":{\"@id\":\"https:\/\/onlinelotto365.com\/it\/#website\"},\"primaryImageOfPage\":{\"@id\":\"https:\/\/onlinelotto365.com\/it\/numeri-vincenti\/#primaryimage\"},\"image\":{\"@id\":\"https:\/\/onlinelotto365.com\/it\/numeri-vincenti\/#primaryimage\"},\"thumbnailUrl\":\"https:\/\/redfoxlotto.com\/it\/image?size=8&amp;lottery=eurojackpot\",\"datePublished\":\"2020-11-17T18:20:25+00:00\",\"dateModified\":\"2021-01-05T18:04:36+00:00\",\"description\":\"Trova i risultati del lotto di questa settimana e i numeri vincenti delle lotterie pi\u00f9 grandi qui\",\"breadcrumb\":{\"@id\":\"https:\/\/onlinelotto365.com\/it\/numeri-vincenti\/#breadcrumb\"},\"inLanguage\":\"it-IT\",\"potentialAction\":[{\"@type\":\"ReadAction\",\"target\":[\"https:\/\/onlinelotto365.com\/it\/numeri-vincenti\/\"]}]},{\"@type\":\"ImageObject\",\"inLanguage\":\"it-IT\",\"@id\":\"https:\/\/onlinelotto365.com\/it\/numeri-vincenti\/#primaryimage\",\"url\":\"https:\/\/redfoxlotto.com\/it\/image?size=8&amp;lottery=eurojackpot\",\"contentUrl\":\"https:\/\/redfoxlotto.com\/it\/image?size=8&amp;lottery=eurojackpot\"},{\"@type\":\"BreadcrumbList\",\"@id\":\"https:\/\/onlinelotto365.com\/it\/numeri-vincenti\/#breadcrumb\",\"itemListElement\":[{\"@type\":\"ListItem\",\"position\":1,\"name\":\"Home\",\"item\":\"https:\/\/onlinelotto365.com\/it\/\"},{\"@type\":\"ListItem\",\"position\":2,\"name\":\"Trova i numeri vincenti e i risultati delle ultime estrazioni del lotto\"}]},{\"@type\":\"WebSite\",\"@id\":\"https:\/\/onlinelotto365.com\/it\/#website\",\"url\":\"https:\/\/onlinelotto365.com\/it\/\",\"name\":\"OnlineLotto365\",\"description\":\"\",\"potentialAction\":[{\"@type\":\"SearchAction\",\"target\":{\"@type\":\"EntryPoint\",\"urlTemplate\":\"https:\/\/onlinelotto365.com\/it\/?s={search_term_string}\"},\"query-input\":{\"@type\":\"PropertyValueSpecification\",\"valueRequired\":true,\"valueName\":\"search_term_string\"}}],\"inLanguage\":\"it-IT\"}]}<\/script>\n<!-- \/ Yoast SEO plugin. -->","yoast_head_json":{"title":"Numeri vincenti della lotteria e risultati per i pi\u00f9 grandi jackpot del mondo","description":"Trova i risultati del lotto di questa settimana e i numeri vincenti delle lotterie pi\u00f9 grandi qui","robots":{"index":"index","follow":"follow","max-snippet":"max-snippet:-1","max-image-preview":"max-image-preview:large","max-video-preview":"max-video-preview:-1"},"canonical":"https:\/\/onlinelotto365.com\/it\/numeri-vincenti\/","og_locale":"it_IT","og_type":"article","og_title":"Numeri vincenti della lotteria e risultati per i pi\u00f9 grandi jackpot del mondo","og_description":"Trova i risultati del lotto di questa settimana e i numeri vincenti delle lotterie pi\u00f9 grandi qui","og_url":"https:\/\/onlinelotto365.com\/it\/numeri-vincenti\/","og_site_name":"OnlineLotto365","article_modified_time":"2021-01-05T18:04:36+00:00","og_image":[{"url":"https:\/\/redfoxlotto.com\/it\/image?size=8&amp;lottery=eurojackpot"}],"twitter_card":"summary_large_image","twitter_misc":{"Tempo di lettura stimato":"6 minuti"},"schema":{"@context":"https:\/\/schema.org","@graph":[{"@type":"WebPage","@id":"https:\/\/onlinelotto365.com\/it\/numeri-vincenti\/","url":"https:\/\/onlinelotto365.com\/it\/numeri-vincenti\/","name":"Numeri vincenti della lotteria e risultati per i pi\u00f9 grandi jackpot del mondo","isPartOf":{"@id":"https:\/\/onlinelotto365.com\/it\/#website"},"primaryImageOfPage":{"@id":"https:\/\/onlinelotto365.com\/it\/numeri-vincenti\/#primaryimage"},"image":{"@id":"https:\/\/onlinelotto365.com\/it\/numeri-vincenti\/#primaryimage"},"thumbnailUrl":"https:\/\/redfoxlotto.com\/it\/image?size=8&amp;lottery=eurojackpot","datePublished":"2020-11-17T18:20:25+00:00","dateModified":"2021-01-05T18:04:36+00:00","description":"Trova i risultati del lotto di questa settimana e i numeri vincenti delle lotterie pi\u00f9 grandi qui","breadcrumb":{"@id":"https:\/\/onlinelotto365.com\/it\/numeri-vincenti\/#breadcrumb"},"inLanguage":"it-IT","potentialAction":[{"@type":"ReadAction","target":["https:\/\/onlinelotto365.com\/it\/numeri-vincenti\/"]}]},{"@type":"ImageObject","inLanguage":"it-IT","@id":"https:\/\/onlinelotto365.com\/it\/numeri-vincenti\/#primaryimage","url":"https:\/\/redfoxlotto.com\/it\/image?size=8&amp;lottery=eurojackpot","contentUrl":"https:\/\/redfoxlotto.com\/it\/image?size=8&amp;lottery=eurojackpot"},{"@type":"BreadcrumbList","@id":"https:\/\/onlinelotto365.com\/it\/numeri-vincenti\/#breadcrumb","itemListElement":[{"@type":"ListItem","position":1,"name":"Home","item":"https:\/\/onlinelotto365.com\/it\/"},{"@type":"ListItem","position":2,"name":"Trova i numeri vincenti e i risultati delle ultime estrazioni del lotto"}]},{"@type":"WebSite","@id":"https:\/\/onlinelotto365.com\/it\/#website","url":"https:\/\/onlinelotto365.com\/it\/","name":"OnlineLotto365","description":"","potentialAction":[{"@type":"SearchAction","target":{"@type":"EntryPoint","urlTemplate":"https:\/\/onlinelotto365.com\/it\/?s={search_term_string}"},"query-input":{"@type":"PropertyValueSpecification","valueRequired":true,"valueName":"search_term_string"}}],"inLanguage":"it-IT"}]}},"_links":{"self":[{"href":"https:\/\/onlinelotto365.com\/it\/wp-json\/wp\/v2\/pages\/3796","targetHints":{"allow":["GET"]}}],"collection":[{"href":"https:\/\/onlinelotto365.com\/it\/wp-json\/wp\/v2\/pages"}],"about":[{"href":"https:\/\/onlinelotto365.com\/it\/wp-json\/wp\/v2\/types\/page"}],"author":[{"embeddable":true,"href":"https:\/\/onlinelotto365.com\/it\/wp-json\/wp\/v2\/users\/1"}],"replies":[{"embeddable":true,"href":"https:\/\/onlinelotto365.com\/it\/wp-json\/wp\/v2\/comments?post=3796"}],"version-history":[{"count":0,"href":"https:\/\/onlinelotto365.com\/it\/wp-json\/wp\/v2\/pages\/3796\/revisions"}],"wp:attachment":[{"href":"https:\/\/onlinelotto365.com\/it\/wp-json\/wp\/v2\/media?parent=3796"}],"curies":[{"name":"wp","href":"https:\/\/api.w.org\/{rel}","templated":true}]}}