{"id":3806,"date":"2020-11-17T18:13:29","date_gmt":"2020-11-17T18:13:29","guid":{"rendered":"http:\/\/onlinelotto365.net\/buy-tickets"},"modified":"2021-01-11T10:33:53","modified_gmt":"2021-01-11T09:33:53","slug":"buy-tickets","status":"publish","type":"page","link":"https:\/\/onlinelotto365.com\/it\/buy-tickets\/","title":{"rendered":"Perch\u00e9 ha pi\u00f9 senso comprare i biglietti della lotteria online"},"content":{"rendered":"<p>In generale, comprare cose online \u00e8 molto pi\u00f9 conveniente. Questo vale <strong>anche<\/strong> per l&#8217;<strong>acquisto di biglietti della lotteria<\/strong>. Non c&#8217;\u00e8 bisogno di uscire di casa, spendere soldi per la benzina e fare la fila al negozio del lotto.<\/p>\n<p>La cosa pi\u00f9 importante, per\u00f2, \u00e8 che non si \u00e8 pi\u00f9 limitati alla lotteria locale. Tutti i <a href=\"http:\/\/onlinelotto365.com\">jackpot e le lotterie provenienti da paesi lontani<\/a> sono ora a vostra disposizione online, attraverso il nostro servizio. Non dovete accontentarvi di piccoli jackpot. Non dovrete pi\u00f9 aspettare che il vostro jackpot locale sia abbastanza grande.<\/p>\n<p>Lotterie come <a href=\"https:\/\/onlinelotto365.com\/it\/buy-tickets\/mega-millions\">Mega Millions<\/a>, <a href=\"https:\/\/onlinelotto365.com\/it\/buy-tickets\/powerball\">Powerball<\/a>, <a href=\"https:\/\/onlinelotto365.com\/it\/buy-tickets\/euromillions\">Euromillions<\/a>, <a href=\"https:\/\/onlinelotto365.com\/it\/buy-tickets\/eurojackpot\">Eurojackpot<\/a> e <a href=\"https:\/\/onlinelotto365.com\/it\/buy-tickets\/superenalotto\">Superenalotto<\/a> (solo per citarne alcune) sono molto pi\u00f9 interessanti dei premi della lotteria nazionale media. <strong>Acquista i biglietti online per una o pi\u00f9 lotterie<\/strong>, partecipa a un&#8217;estrazione o a pi\u00f9 estrazioni &#8211; tutto \u00e8 possibile qui. Si tratta di un servizio completamente legale &#8211; in sostanza, \u00e8 un servizio di messaggeria per i biglietti della lotteria.<\/p>\n<p><a href=\"https:\/\/redfoxlotto.com\/it\/?ref=a8564250a2&amp;medium=ol365\" target=\"_blank\" rel=\"noopener noreferrer\"><img loading=\"lazy\" decoding=\"async\" class=\"aligncenter\" src=\"https:\/\/redfoxlotto.com\/it\/image?size=8&amp;lottery=euromillions\" alt=\"Euromillions\" width=\"720\" height=\"90\" \/><\/a><\/p>\n<h2>Come funziona il processo di acquisto dei biglietti della lotteria?<\/h2>\n<p>Abbiamo cercato di rendere l&#8217;intero processo il pi\u00f9 semplice e veloce possibile per voi. La nostra piattaforma vi guider\u00e0 attraverso i passi necessari per acquistare i biglietti, registrare un conto cliente e infine pagare online. Se avete domande, vi suggeriamo di controllare prima le nostre FAQ. I problemi pi\u00f9 frequenti saranno risolti leggendo i commenti. E se avete ancora un problema, potete contattare il nostro team di supporto. Risponderanno alle vostre domande entro 24 ore.<\/p>\n<h2>Controlla i tuoi risultati nel modo pi\u00f9 semplice<\/h2>\n<p>Quando si acquista un biglietto online, sar\u00e0 anche<strong> pi\u00f9 facile <a href=\"https:\/\/onlinelotto365.com\/it\/news\/controlla-il-mio-biglietto-della-lotteria-euromillions\">controllare i risultati<\/a><\/strong> in<strong> seguito.<\/strong> Basta tornare qui, accedere al proprio account e dare un&#8217;occhiata ai biglietti esistenti. I <strong><a href=\"https:\/\/onlinelotto365.com\/it\/numeri-vincenti\">numeri vincenti<\/a><\/strong> saranno evidenziati e i risultati dell&#8217;estrazione appariranno proprio accanto al biglietto. Vi diremo anche quanto avete vinto.<\/p>\n<p>Qui trovate anche un archivio dei risultati dei sorteggi passati. Molti dei nostri giocatori amano controllare i risultati passati, e poi scegliere i numeri per il loro prossimo biglietto in base ai numeri vincenti passati.<\/p>\n<h2>Acquistare e pagare i biglietti della lotteria nel modo pi\u00f9 sicuro<\/h2>\n<p>Non c&#8217;\u00e8 bisogno di preoccuparsi della sicurezza dei vostri dati di pagamento, come i dati della carta di credito o i numeri di conto corrente bancario. Durante il processo di pagamento, utilizziamo la <strong>pi\u00f9 recente e sicura tecnologia di crittografia<\/strong>. E offriamo una serie di opzioni di pagamento. L&#8217;opzione pi\u00f9 popolare \u00e8 quella di pagare con carta di credito, ma \u00e8 possibile utilizzare Bitcoin, bonifico bancario (da alcuni paesi), e un bel po&#8217; di altre opzioni per acquistare i biglietti.<\/p>\n","protected":false},"excerpt":{"rendered":"<p>In generale, comprare cose online \u00e8 molto pi\u00f9 conveniente. Questo vale anche per l&#8217;acquisto di biglietti della lotteria. Non c&#8217;\u00e8 bisogno di uscire di casa, spendere soldi per la benzina e fare la fila al negozio del lotto. La cosa pi\u00f9 importante, per\u00f2, \u00e8 che non si \u00e8 pi\u00f9 limitati alla lotteria locale. Tutti i [&hellip;]<\/p>\n","protected":false},"author":1,"featured_media":0,"parent":0,"menu_order":3,"comment_status":"closed","ping_status":"closed","template":"Information.php","meta":{"_et_pb_use_builder":"","_et_pb_old_content":"","_et_gb_content_width":"","exclude_from_search":false,"footnotes":""},"class_list":["post-3806","page","type-page","status-publish","hentry"],"yoast_head":"<!-- This site is optimized with the Yoast SEO plugin v23.4 - https:\/\/yoast.com\/wordpress\/plugins\/seo\/ -->\n<title>Acquista i biglietti online per i pi\u00f9 grandi jackpot della lotteria del pianeta<\/title>\n<meta name=\"description\" content=\"Acquistate ancora biglietti della lotteria in loco? Ci sono jackpot del lotto molto migliori - basta acquistare i biglietti online!\" \/>\n<meta name=\"robots\" content=\"index, follow, max-snippet:-1, max-image-preview:large, max-video-preview:-1\" \/>\n<link rel=\"canonical\" href=\"https:\/\/onlinelotto365.com\/it\/buy-tickets\/\" \/>\n<meta property=\"og:locale\" content=\"it_IT\" \/>\n<meta property=\"og:type\" content=\"article\" \/>\n<meta property=\"og:title\" content=\"Acquista i biglietti online per i pi\u00f9 grandi jackpot della lotteria del pianeta\" \/>\n<meta property=\"og:description\" content=\"Acquistate ancora biglietti della lotteria in loco? Ci sono jackpot del lotto molto migliori - basta acquistare i biglietti online!\" \/>\n<meta property=\"og:url\" content=\"https:\/\/onlinelotto365.com\/it\/buy-tickets\/\" \/>\n<meta property=\"og:site_name\" content=\"OnlineLotto365\" \/>\n<meta property=\"article:modified_time\" content=\"2021-01-11T09:33:53+00:00\" \/>\n<meta property=\"og:image\" content=\"https:\/\/redfoxlotto.com\/it\/image?size=8&amp;lottery=euromillions\" \/>\n<meta name=\"twitter:card\" content=\"summary_large_image\" \/>\n<meta name=\"twitter:label1\" content=\"Tempo di lettura stimato\" \/>\n\t<meta name=\"twitter:data1\" content=\"2 minuti\" \/>\n<script type=\"application\/ld+json\" class=\"yoast-schema-graph\">{\"@context\":\"https:\/\/schema.org\",\"@graph\":[{\"@type\":\"WebPage\",\"@id\":\"https:\/\/onlinelotto365.com\/it\/buy-tickets\/\",\"url\":\"https:\/\/onlinelotto365.com\/it\/buy-tickets\/\",\"name\":\"Acquista i biglietti online per i pi\u00f9 grandi jackpot della lotteria del pianeta\",\"isPartOf\":{\"@id\":\"https:\/\/onlinelotto365.com\/it\/#website\"},\"primaryImageOfPage\":{\"@id\":\"https:\/\/onlinelotto365.com\/it\/buy-tickets\/#primaryimage\"},\"image\":{\"@id\":\"https:\/\/onlinelotto365.com\/it\/buy-tickets\/#primaryimage\"},\"thumbnailUrl\":\"https:\/\/redfoxlotto.com\/it\/image?size=8&amp;lottery=euromillions\",\"datePublished\":\"2020-11-17T18:13:29+00:00\",\"dateModified\":\"2021-01-11T09:33:53+00:00\",\"description\":\"Acquistate ancora biglietti della lotteria in loco? Ci sono jackpot del lotto molto migliori - basta acquistare i biglietti online!\",\"breadcrumb\":{\"@id\":\"https:\/\/onlinelotto365.com\/it\/buy-tickets\/#breadcrumb\"},\"inLanguage\":\"it-IT\",\"potentialAction\":[{\"@type\":\"ReadAction\",\"target\":[\"https:\/\/onlinelotto365.com\/it\/buy-tickets\/\"]}]},{\"@type\":\"ImageObject\",\"inLanguage\":\"it-IT\",\"@id\":\"https:\/\/onlinelotto365.com\/it\/buy-tickets\/#primaryimage\",\"url\":\"https:\/\/redfoxlotto.com\/it\/image?size=8&amp;lottery=euromillions\",\"contentUrl\":\"https:\/\/redfoxlotto.com\/it\/image?size=8&amp;lottery=euromillions\"},{\"@type\":\"BreadcrumbList\",\"@id\":\"https:\/\/onlinelotto365.com\/it\/buy-tickets\/#breadcrumb\",\"itemListElement\":[{\"@type\":\"ListItem\",\"position\":1,\"name\":\"Home\",\"item\":\"https:\/\/onlinelotto365.com\/it\/\"},{\"@type\":\"ListItem\",\"position\":2,\"name\":\"Perch\u00e9 ha pi\u00f9 senso comprare i biglietti della lotteria online\"}]},{\"@type\":\"WebSite\",\"@id\":\"https:\/\/onlinelotto365.com\/it\/#website\",\"url\":\"https:\/\/onlinelotto365.com\/it\/\",\"name\":\"OnlineLotto365\",\"description\":\"\",\"potentialAction\":[{\"@type\":\"SearchAction\",\"target\":{\"@type\":\"EntryPoint\",\"urlTemplate\":\"https:\/\/onlinelotto365.com\/it\/?s={search_term_string}\"},\"query-input\":{\"@type\":\"PropertyValueSpecification\",\"valueRequired\":true,\"valueName\":\"search_term_string\"}}],\"inLanguage\":\"it-IT\"}]}<\/script>\n<!-- \/ Yoast SEO plugin. -->","yoast_head_json":{"title":"Acquista i biglietti online per i pi\u00f9 grandi jackpot della lotteria del pianeta","description":"Acquistate ancora biglietti della lotteria in loco? Ci sono jackpot del lotto molto migliori - basta acquistare i biglietti online!","robots":{"index":"index","follow":"follow","max-snippet":"max-snippet:-1","max-image-preview":"max-image-preview:large","max-video-preview":"max-video-preview:-1"},"canonical":"https:\/\/onlinelotto365.com\/it\/buy-tickets\/","og_locale":"it_IT","og_type":"article","og_title":"Acquista i biglietti online per i pi\u00f9 grandi jackpot della lotteria del pianeta","og_description":"Acquistate ancora biglietti della lotteria in loco? Ci sono jackpot del lotto molto migliori - basta acquistare i biglietti online!","og_url":"https:\/\/onlinelotto365.com\/it\/buy-tickets\/","og_site_name":"OnlineLotto365","article_modified_time":"2021-01-11T09:33:53+00:00","og_image":[{"url":"https:\/\/redfoxlotto.com\/it\/image?size=8&amp;lottery=euromillions"}],"twitter_card":"summary_large_image","twitter_misc":{"Tempo di lettura stimato":"2 minuti"},"schema":{"@context":"https:\/\/schema.org","@graph":[{"@type":"WebPage","@id":"https:\/\/onlinelotto365.com\/it\/buy-tickets\/","url":"https:\/\/onlinelotto365.com\/it\/buy-tickets\/","name":"Acquista i biglietti online per i pi\u00f9 grandi jackpot della lotteria del pianeta","isPartOf":{"@id":"https:\/\/onlinelotto365.com\/it\/#website"},"primaryImageOfPage":{"@id":"https:\/\/onlinelotto365.com\/it\/buy-tickets\/#primaryimage"},"image":{"@id":"https:\/\/onlinelotto365.com\/it\/buy-tickets\/#primaryimage"},"thumbnailUrl":"https:\/\/redfoxlotto.com\/it\/image?size=8&amp;lottery=euromillions","datePublished":"2020-11-17T18:13:29+00:00","dateModified":"2021-01-11T09:33:53+00:00","description":"Acquistate ancora biglietti della lotteria in loco? Ci sono jackpot del lotto molto migliori - basta acquistare i biglietti online!","breadcrumb":{"@id":"https:\/\/onlinelotto365.com\/it\/buy-tickets\/#breadcrumb"},"inLanguage":"it-IT","potentialAction":[{"@type":"ReadAction","target":["https:\/\/onlinelotto365.com\/it\/buy-tickets\/"]}]},{"@type":"ImageObject","inLanguage":"it-IT","@id":"https:\/\/onlinelotto365.com\/it\/buy-tickets\/#primaryimage","url":"https:\/\/redfoxlotto.com\/it\/image?size=8&amp;lottery=euromillions","contentUrl":"https:\/\/redfoxlotto.com\/it\/image?size=8&amp;lottery=euromillions"},{"@type":"BreadcrumbList","@id":"https:\/\/onlinelotto365.com\/it\/buy-tickets\/#breadcrumb","itemListElement":[{"@type":"ListItem","position":1,"name":"Home","item":"https:\/\/onlinelotto365.com\/it\/"},{"@type":"ListItem","position":2,"name":"Perch\u00e9 ha pi\u00f9 senso comprare i biglietti della lotteria online"}]},{"@type":"WebSite","@id":"https:\/\/onlinelotto365.com\/it\/#website","url":"https:\/\/onlinelotto365.com\/it\/","name":"OnlineLotto365","description":"","potentialAction":[{"@type":"SearchAction","target":{"@type":"EntryPoint","urlTemplate":"https:\/\/onlinelotto365.com\/it\/?s={search_term_string}"},"query-input":{"@type":"PropertyValueSpecification","valueRequired":true,"valueName":"search_term_string"}}],"inLanguage":"it-IT"}]}},"_links":{"self":[{"href":"https:\/\/onlinelotto365.com\/it\/wp-json\/wp\/v2\/pages\/3806","targetHints":{"allow":["GET"]}}],"collection":[{"href":"https:\/\/onlinelotto365.com\/it\/wp-json\/wp\/v2\/pages"}],"about":[{"href":"https:\/\/onlinelotto365.com\/it\/wp-json\/wp\/v2\/types\/page"}],"author":[{"embeddable":true,"href":"https:\/\/onlinelotto365.com\/it\/wp-json\/wp\/v2\/users\/1"}],"replies":[{"embeddable":true,"href":"https:\/\/onlinelotto365.com\/it\/wp-json\/wp\/v2\/comments?post=3806"}],"version-history":[{"count":0,"href":"https:\/\/onlinelotto365.com\/it\/wp-json\/wp\/v2\/pages\/3806\/revisions"}],"wp:attachment":[{"href":"https:\/\/onlinelotto365.com\/it\/wp-json\/wp\/v2\/media?parent=3806"}],"curies":[{"name":"wp","href":"https:\/\/api.w.org\/{rel}","templated":true}]}}