{"id":5021,"date":"2020-12-03T08:44:18","date_gmt":"2020-12-03T07:44:18","guid":{"rendered":"http:\/\/onlinelotto365.net\/?page_id=5021"},"modified":"2020-12-31T20:14:27","modified_gmt":"2020-12-31T19:14:27","slug":"giocare","status":"publish","type":"page","link":"https:\/\/onlinelotto365.com\/it\/giocare\/","title":{"rendered":"Tutto quello che devi sapere sulle tue opzioni per giocare alle migliori lotterie online"},"content":{"rendered":"<p>Vuoi iniziare a giocare alla lotteria? Beh, se lo siete, allora vorrete sicuramente dare un&#8217;occhiata alle vostre opzioni online. Tutti i grandi giochi del lotto, da qualsiasi parte del mondo, sono <strong>disponibili per giocare online.<\/strong> Devi solo sapere dove guardare e come iniziare. Fortunatamente per voi, in realt\u00e0 \u00e8 molto semplice da fare. Devi solo aggiungere un segnalibro al nostro sito web e controllare se ci sono informazioni aggiornate. Troverete un sacco di opzioni per giocare a ciascuno dei giochi della lotteria<a href=\"http:\/\/onlinelotto365.com\/buy-tickets\"> che vedete, da qualsiasi paese elencato.<\/a><\/p>\n<p><a href=\"https:\/\/redfoxlotto.com\/it\/gioca\/mega-millions\/?ref=a8564250a2&amp;medium=ol365\" target=\"_blank\" rel=\"noopener noreferrer\"><img loading=\"lazy\" decoding=\"async\" class=\"aligncenter\" src=\"https:\/\/redfoxlotto.com\/it\/image?size=7&amp;lottery=mega-millions\" alt=\"gioca mega millions\" width=\"841\" height=\"108\" \/><\/a><\/p>\n<p>La cosa fantastica delle opzioni online \u00e8 il fatto che ti permette di giocare a giochi <strong>di tutto il mondo<\/strong>. Non sarai pi\u00f9 limitato ai soli giochi che puoi giocare nel tuo negozio locale. Potrai invece controllare come si gioca in diversi paesi e potrai tentare la fortuna.<\/p>\n<h2>Giocare la lotteria online ti offre pi\u00f9 possibilit\u00e0 di scelta<\/h2>\n<p>La parte migliore di giocare alla lotteria online \u00e8 il fatto che in qualsiasi momento, <strong> ci sar\u00e0 un grande jackpot disponibile per voi da vincere<\/strong>. Se ti limiti a giocare al lotto locale, potresti dover aspettare a lungo che il jackpot cresca fino al punto in cui ha senso investire denaro nei biglietti.<\/p>\n<p>\u00c8 chiaro che la <a href=\"https:\/\/onlinelotto365.com\/it\/news\/limporto-del-jackpot-mega-millions-di-oggi\">dimensione del jackpot<\/a> \u00e8 importante per la vostra decisione. Un premio pi\u00f9 grande significa che l&#8217;aspettativa matematica di vincita \u00e8 pi\u00f9 alta. Questo \u00e8 il motivo per cui la maggior parte dei nostri clienti spendono i loro soldi del lotto per il jackpot che \u00e8 attualmente pi\u00f9 alto.<\/p>\n<h2>Come funziona il servizio di lotteria online?<\/h2>\n<p><img loading=\"lazy\" decoding=\"async\" class=\"alignright wp-image-1862\" src=\"https:\/\/onlinelotto365.com\/wp-content\/uploads\/2020\/11\/online_lottery-166-200x300.jpg\" alt=\"giocare lotterie online\" width=\"98\" height=\"147\" \/>Il modo pi\u00f9 veloce per iniziare a giocare alla lotteria online \u00e8 cliccare su uno dei pulsanti della lotteria o dei banner e scegliere i numeri per creare un biglietto. <strong>Puoi giocare a pi\u00f9 di una lotteria se vuoi<\/strong>. Basta aggiungere al carrello tutti i biglietti che vuoi. Poi clicca per fare il check out e pagare. Devi creare un account con noi. Non dimenticare di verificare il tuo account &#8211; cerca l&#8217;email di verifica nella tua casella di posta. Se non c&#8217;\u00e8 nessuna e-mail, la troverai nella tua cartella con mittenti sconosciuti, o forse nella tua casella di spam.<\/p>\n<h2>Posso giocare dal mio paese di residenza?<\/h2>\n<p>Non importa davvero dove vivi. Giocare al lotto online funziona (quasi) ovunque. L&#8217;unica eccezione \u00e8 che non possiamo accettare clienti dagli USA e dai Paesi Bassi.<\/p>\n<h2>Come ricevo la mia vincita?<\/h2>\n<p>Il nostro servizio di biglietti della lotteria include la nostra assistenza quando si tratta di incassare il vostro <a href=\"https:\/\/onlinelotto365.com\/it\/numeri-vincenti\">vincite<\/a>. Ci sono due diverse procedure per questo:<\/p>\n<ul>\n<li style=\"list-style-type: none;\">\n<ul>\n<li>Vincite di <strong> meno di \u20ac2500:<\/strong> L&#8217;importo vinto sar\u00e0 accreditato sul vostro saldo utente sul nostro sito web. Da l\u00ec, ad esempio, potete effettuare il pagamento in contanti sulla vostra carta di credito o sul vostro conto bancario.<\/li>\n<li>Vincite di pi\u00f9 di <strong>\u20ac2500:<\/strong> I pagamenti di importi superiori saranno effettuati direttamente dalla lotteria stessa. Vi forniremo un modulo che dovrete compilare e rispedirci. Il modulo contiene le istruzioni per il pagamento, che pu\u00f2 essere un bonifico bancario o un assegno. Tutto questo sar\u00e0 fatto online. Invieremo il modulo alla lotteria, che provveder\u00e0 a trasferire il denaro sul vostro conto bancario, oppure vi invier\u00e0 un assegno &#8211; a seconda delle vostre preferenze.<\/li>\n<\/ul>\n<\/li>\n<\/ul>\n<p>.<\/p>\n","protected":false},"excerpt":{"rendered":"<p>Vuoi iniziare a giocare alla lotteria? Beh, se lo siete, allora vorrete sicuramente dare un&#8217;occhiata alle vostre opzioni online. Tutti i grandi giochi del lotto, da qualsiasi parte del mondo, sono disponibili per giocare online. Devi solo sapere dove guardare e come iniziare. Fortunatamente per voi, in realt\u00e0 \u00e8 molto semplice da fare. Devi solo [&hellip;]<\/p>\n","protected":false},"author":1,"featured_media":0,"parent":0,"menu_order":2,"comment_status":"closed","ping_status":"closed","template":"Play-all.php","meta":{"_et_pb_use_builder":"","_et_pb_old_content":"","_et_gb_content_width":"","exclude_from_search":false,"footnotes":""},"class_list":["post-5021","page","type-page","status-publish","hentry"],"yoast_head":"<!-- This site is optimized with the Yoast SEO plugin v23.4 - https:\/\/yoast.com\/wordpress\/plugins\/seo\/ -->\n<title>Gioca al Lotto Online - pi\u00f9 jackpot per gli appassionati della lotteria di tutto il mondo<\/title>\n<meta name=\"description\" content=\"Vi rendiamo facile giocare alle lotterie straniere online - tutti i grandi jackpot sono qui\" \/>\n<meta name=\"robots\" content=\"index, follow, max-snippet:-1, max-image-preview:large, max-video-preview:-1\" \/>\n<link rel=\"canonical\" href=\"https:\/\/onlinelotto365.com\/it\/giocare\/\" \/>\n<meta property=\"og:locale\" content=\"it_IT\" \/>\n<meta property=\"og:type\" content=\"article\" \/>\n<meta property=\"og:title\" content=\"Gioca al Lotto Online - pi\u00f9 jackpot per gli appassionati della lotteria di tutto il mondo\" \/>\n<meta property=\"og:description\" content=\"Vi rendiamo facile giocare alle lotterie straniere online - tutti i grandi jackpot sono qui\" \/>\n<meta property=\"og:url\" content=\"https:\/\/onlinelotto365.com\/it\/giocare\/\" \/>\n<meta property=\"og:site_name\" content=\"OnlineLotto365\" \/>\n<meta property=\"article:modified_time\" content=\"2020-12-31T19:14:27+00:00\" \/>\n<meta property=\"og:image\" content=\"https:\/\/redfoxlotto.com\/it\/image?size=7&amp;lottery=mega-millions\" \/>\n<meta name=\"twitter:card\" content=\"summary_large_image\" \/>\n<meta name=\"twitter:label1\" content=\"Tempo di lettura stimato\" \/>\n\t<meta name=\"twitter:data1\" content=\"3 minuti\" \/>\n<script type=\"application\/ld+json\" class=\"yoast-schema-graph\">{\"@context\":\"https:\/\/schema.org\",\"@graph\":[{\"@type\":\"WebPage\",\"@id\":\"https:\/\/onlinelotto365.com\/it\/giocare\/\",\"url\":\"https:\/\/onlinelotto365.com\/it\/giocare\/\",\"name\":\"Gioca al Lotto Online - pi\u00f9 jackpot per gli appassionati della lotteria di tutto il mondo\",\"isPartOf\":{\"@id\":\"https:\/\/onlinelotto365.com\/it\/#website\"},\"primaryImageOfPage\":{\"@id\":\"https:\/\/onlinelotto365.com\/it\/giocare\/#primaryimage\"},\"image\":{\"@id\":\"https:\/\/onlinelotto365.com\/it\/giocare\/#primaryimage\"},\"thumbnailUrl\":\"https:\/\/redfoxlotto.com\/it\/image?size=7&amp;lottery=mega-millions\",\"datePublished\":\"2020-12-03T07:44:18+00:00\",\"dateModified\":\"2020-12-31T19:14:27+00:00\",\"description\":\"Vi rendiamo facile giocare alle lotterie straniere online - tutti i grandi jackpot sono qui\",\"breadcrumb\":{\"@id\":\"https:\/\/onlinelotto365.com\/it\/giocare\/#breadcrumb\"},\"inLanguage\":\"it-IT\",\"potentialAction\":[{\"@type\":\"ReadAction\",\"target\":[\"https:\/\/onlinelotto365.com\/it\/giocare\/\"]}]},{\"@type\":\"ImageObject\",\"inLanguage\":\"it-IT\",\"@id\":\"https:\/\/onlinelotto365.com\/it\/giocare\/#primaryimage\",\"url\":\"https:\/\/redfoxlotto.com\/it\/image?size=7&amp;lottery=mega-millions\",\"contentUrl\":\"https:\/\/redfoxlotto.com\/it\/image?size=7&amp;lottery=mega-millions\"},{\"@type\":\"BreadcrumbList\",\"@id\":\"https:\/\/onlinelotto365.com\/it\/giocare\/#breadcrumb\",\"itemListElement\":[{\"@type\":\"ListItem\",\"position\":1,\"name\":\"Home\",\"item\":\"https:\/\/onlinelotto365.com\/it\/\"},{\"@type\":\"ListItem\",\"position\":2,\"name\":\"Tutto quello che devi sapere sulle tue opzioni per giocare alle migliori lotterie online\"}]},{\"@type\":\"WebSite\",\"@id\":\"https:\/\/onlinelotto365.com\/it\/#website\",\"url\":\"https:\/\/onlinelotto365.com\/it\/\",\"name\":\"OnlineLotto365\",\"description\":\"\",\"potentialAction\":[{\"@type\":\"SearchAction\",\"target\":{\"@type\":\"EntryPoint\",\"urlTemplate\":\"https:\/\/onlinelotto365.com\/it\/?s={search_term_string}\"},\"query-input\":{\"@type\":\"PropertyValueSpecification\",\"valueRequired\":true,\"valueName\":\"search_term_string\"}}],\"inLanguage\":\"it-IT\"}]}<\/script>\n<!-- \/ Yoast SEO plugin. -->","yoast_head_json":{"title":"Gioca al Lotto Online - pi\u00f9 jackpot per gli appassionati della lotteria di tutto il mondo","description":"Vi rendiamo facile giocare alle lotterie straniere online - tutti i grandi jackpot sono qui","robots":{"index":"index","follow":"follow","max-snippet":"max-snippet:-1","max-image-preview":"max-image-preview:large","max-video-preview":"max-video-preview:-1"},"canonical":"https:\/\/onlinelotto365.com\/it\/giocare\/","og_locale":"it_IT","og_type":"article","og_title":"Gioca al Lotto Online - pi\u00f9 jackpot per gli appassionati della lotteria di tutto il mondo","og_description":"Vi rendiamo facile giocare alle lotterie straniere online - tutti i grandi jackpot sono qui","og_url":"https:\/\/onlinelotto365.com\/it\/giocare\/","og_site_name":"OnlineLotto365","article_modified_time":"2020-12-31T19:14:27+00:00","og_image":[{"url":"https:\/\/redfoxlotto.com\/it\/image?size=7&amp;lottery=mega-millions"}],"twitter_card":"summary_large_image","twitter_misc":{"Tempo di lettura stimato":"3 minuti"},"schema":{"@context":"https:\/\/schema.org","@graph":[{"@type":"WebPage","@id":"https:\/\/onlinelotto365.com\/it\/giocare\/","url":"https:\/\/onlinelotto365.com\/it\/giocare\/","name":"Gioca al Lotto Online - pi\u00f9 jackpot per gli appassionati della lotteria di tutto il mondo","isPartOf":{"@id":"https:\/\/onlinelotto365.com\/it\/#website"},"primaryImageOfPage":{"@id":"https:\/\/onlinelotto365.com\/it\/giocare\/#primaryimage"},"image":{"@id":"https:\/\/onlinelotto365.com\/it\/giocare\/#primaryimage"},"thumbnailUrl":"https:\/\/redfoxlotto.com\/it\/image?size=7&amp;lottery=mega-millions","datePublished":"2020-12-03T07:44:18+00:00","dateModified":"2020-12-31T19:14:27+00:00","description":"Vi rendiamo facile giocare alle lotterie straniere online - tutti i grandi jackpot sono qui","breadcrumb":{"@id":"https:\/\/onlinelotto365.com\/it\/giocare\/#breadcrumb"},"inLanguage":"it-IT","potentialAction":[{"@type":"ReadAction","target":["https:\/\/onlinelotto365.com\/it\/giocare\/"]}]},{"@type":"ImageObject","inLanguage":"it-IT","@id":"https:\/\/onlinelotto365.com\/it\/giocare\/#primaryimage","url":"https:\/\/redfoxlotto.com\/it\/image?size=7&amp;lottery=mega-millions","contentUrl":"https:\/\/redfoxlotto.com\/it\/image?size=7&amp;lottery=mega-millions"},{"@type":"BreadcrumbList","@id":"https:\/\/onlinelotto365.com\/it\/giocare\/#breadcrumb","itemListElement":[{"@type":"ListItem","position":1,"name":"Home","item":"https:\/\/onlinelotto365.com\/it\/"},{"@type":"ListItem","position":2,"name":"Tutto quello che devi sapere sulle tue opzioni per giocare alle migliori lotterie online"}]},{"@type":"WebSite","@id":"https:\/\/onlinelotto365.com\/it\/#website","url":"https:\/\/onlinelotto365.com\/it\/","name":"OnlineLotto365","description":"","potentialAction":[{"@type":"SearchAction","target":{"@type":"EntryPoint","urlTemplate":"https:\/\/onlinelotto365.com\/it\/?s={search_term_string}"},"query-input":{"@type":"PropertyValueSpecification","valueRequired":true,"valueName":"search_term_string"}}],"inLanguage":"it-IT"}]}},"_links":{"self":[{"href":"https:\/\/onlinelotto365.com\/it\/wp-json\/wp\/v2\/pages\/5021","targetHints":{"allow":["GET"]}}],"collection":[{"href":"https:\/\/onlinelotto365.com\/it\/wp-json\/wp\/v2\/pages"}],"about":[{"href":"https:\/\/onlinelotto365.com\/it\/wp-json\/wp\/v2\/types\/page"}],"author":[{"embeddable":true,"href":"https:\/\/onlinelotto365.com\/it\/wp-json\/wp\/v2\/users\/1"}],"replies":[{"embeddable":true,"href":"https:\/\/onlinelotto365.com\/it\/wp-json\/wp\/v2\/comments?post=5021"}],"version-history":[{"count":0,"href":"https:\/\/onlinelotto365.com\/it\/wp-json\/wp\/v2\/pages\/5021\/revisions"}],"wp:attachment":[{"href":"https:\/\/onlinelotto365.com\/it\/wp-json\/wp\/v2\/media?parent=5021"}],"curies":[{"name":"wp","href":"https:\/\/api.w.org\/{rel}","templated":true}]}}