{"id":6339,"date":"2020-12-06T20:09:16","date_gmt":"2020-12-06T19:09:16","guid":{"rendered":"http:\/\/onlinelotto365.net\/numeri-vincenti\/la-primitiva"},"modified":"2021-01-11T09:57:52","modified_gmt":"2021-01-11T08:57:52","slug":"la-primitiva","status":"publish","type":"page","link":"https:\/\/onlinelotto365.com\/it\/numeri-vincenti\/la-primitiva\/","title":{"rendered":"I risultati del sorteggio La Primitiva"},"content":{"rendered":"<p>Offriamo moltissimi giochi della lotteria internazionale e sappiamo che volete trovare velocemente i numeri vincenti. Ecco perch\u00e9 alcuni scelgono di cercare i numeri sul giornale. <strong>Ma trovare i numeri vincenti de La Primitiva nel giornale pu\u00f2 essere difficile.<\/strong> Cos\u00ec come trovare quei numeri in TV, dal momento che \u00e8 necessario fare la ricerca per trovare il canale giusto.<\/p>\n<p>Un&#8217;altra opzione \u00e8 che si pu\u00f2 andare sul sito web de La Primitiva e vedere se mostrano il disegno dal vivo per il loro gioco. Se lo fanno pu\u00f2 essere emozionante da guardare. Se non lo fanno, per\u00f2, come molti giochi della lotteria, allora siete bloccati ad aspettare ancora un po&#8217;.<\/p>\n<p>Dopo il disegno, a volte si pu\u00f2 trovare l&#8217;ultima estrazione de La Primitiva su YouTube. Ma per farlo bisogna aspettare un po&#8217; di tempo dopo il disegno.<br \/>\n<a href=\"https:\/\/redfoxlotto.com\/it\/la-primitiva\/?ref=a8564250a2&amp;medium=ol365\" target=\"_blank\" rel=\"noopener noreferrer\"><img decoding=\"async\" class=\"aligncenter\" src=\"https:\/\/redfoxlotto.com\/image?size=8&amp;lottery=la-primitiva\" alt=\" la primitiva\" \/><\/a><\/p>\n<p>Il metodo <strong>il metodo pi\u00f9 conveniente per ottenere i numeri<\/strong>, tuttavia, \u00e8 quello di <strong>controllare il nostro sito web<\/strong>. Offriamo i numeri vincenti e i risultati e anche gli importi dei premi per La Primitiva proprio sul nostro sito web, e includiamo <a href=\"https:\/\/onlinelotto365.com\/it\/giocare\"> altre lotterie che offriamo<\/a>.<\/p>\n<h2>Come scoprire se il tuo biglietto online ha vinto<img loading=\"lazy\" decoding=\"async\" class=\"alignright wp-image-3572\" src=\"https:\/\/onlinelotto365.com\/wp-content\/uploads\/2020\/11\/online_lottery-25-300x212.jpg\" alt=\"numeri vincenti per La Primitiva\" width=\"232\" height=\"165\" srcset=\"https:\/\/onlinelotto365.com\/wp-content\/uploads\/2020\/11\/online_lottery-25-300x212.jpg 300w, https:\/\/onlinelotto365.com\/wp-content\/uploads\/2020\/11\/online_lottery-25.jpg 320w\" sizes=\"auto, (max-width: 232px) 100vw, 232px\" \/><\/h2>\n<p>Se <a href=\"https:\/\/onlinelotto365.com\/it\/buy-tickets\">biglietti acquistati<\/a> per La Primitiva non devi nemmeno andare alla pagina dei risultati. Potete andare direttamente sul vostro conto e guardare i vostri biglietti. Proprio su quello stesso schermo, vedrete i numeri vincenti per ogni partita che avete giocato. E vedrete i numeri evidenziati per qualsiasi corrispondenza tra il vostro biglietto e i numeri vincenti.<br \/>\nSe hai il numero corretto sarai un vincitore e potrai vedere esattamente quanto hai vinto. Troverete anche le vincite (per qualsiasi importo inferiore a \u20ac2500) gi\u00e0 disponibili sul vostro conto non appena i risultati saranno verificati.<\/p>\n<h2>Archivio risultati La Primitiva<\/h2>\n<p>Per coloro che vogliono scegliere i loro numeri per la prossima estrazione, sappiamo che pu\u00f2 essere importante controllare i biglietti pi\u00f9 vecchi e i numeri pi\u00f9 vecchi. Quindi, ci assicuriamo che ogni pagina che ha gli ultimi risultati de La Primitiva abbia accesso anche ai numeri pi\u00f9 vecchi. Potete controllarli in qualsiasi momento per qualsiasi motivo.<\/p>\n<h2>Il mio biglietto ha vinto, cosa succede dopo?<\/h2>\n<p>Se il vostro biglietto \u00e8 vincente, non dovete far altro che sedervi e rilassarvi, perch\u00e9 ci prenderemo cura di voi. Accreditiamo qualsiasi importo inferiore a \u20ac2500 direttamente sul vostro conto, in modo che non dobbiate reclamarlo o fare ulteriori passi. Poi, finch\u00e9 si dispone di almeno 10 \u20ac sul conto, \u00e8 possibile prelevare il denaro sul conto bancario o sulla carta di credito.<\/p>\n<p>Devi solo assicurarti di aver usato quella carta o quel conto presso di noi in precedenza. Dovrete anche compilare alcuni documenti per assicurarvi che siamo conformi alle norme che il nostro processore di pagamento ha. Questi documenti ci proteggono, ma proteggono anche voi, facendo in modo che siate gli unici a poter prelevare il vostro denaro dal conto.<\/p>\n","protected":false},"excerpt":{"rendered":"<p>Offriamo moltissimi giochi della lotteria internazionale e sappiamo che volete trovare velocemente i numeri vincenti. Ecco perch\u00e9 alcuni scelgono di cercare i numeri sul giornale. Ma trovare i numeri vincenti de La Primitiva nel giornale pu\u00f2 essere difficile. Cos\u00ec come trovare quei numeri in TV, dal momento che \u00e8 necessario fare la ricerca per trovare [&hellip;]<\/p>\n","protected":false},"author":1,"featured_media":0,"parent":3796,"menu_order":7,"comment_status":"closed","ping_status":"closed","template":"la-primitiva-results.php","meta":{"_et_pb_use_builder":"","_et_pb_old_content":"","_et_gb_content_width":"","exclude_from_search":false,"footnotes":""},"class_list":["post-6339","page","type-page","status-publish","hentry"],"yoast_head":"<!-- This site is optimized with the Yoast SEO plugin v23.4 - https:\/\/yoast.com\/wordpress\/plugins\/seo\/ -->\n<title>Ultimi risultati dell&#039;estrazione, numeri vincenti per La Primitiva<\/title>\n<meta name=\"description\" content=\"Ottenere gli ultimi numeri vincenti di La Primitiva spagnola, oltre ad altri risultati\" \/>\n<meta name=\"robots\" content=\"index, follow, max-snippet:-1, max-image-preview:large, max-video-preview:-1\" \/>\n<link rel=\"canonical\" href=\"https:\/\/onlinelotto365.com\/it\/numeri-vincenti\/la-primitiva\/\" \/>\n<meta property=\"og:locale\" content=\"it_IT\" \/>\n<meta property=\"og:type\" content=\"article\" \/>\n<meta property=\"og:title\" content=\"Ultimi risultati dell&#039;estrazione, numeri vincenti per La Primitiva\" \/>\n<meta property=\"og:description\" content=\"Ottenere gli ultimi numeri vincenti di La Primitiva spagnola, oltre ad altri risultati\" \/>\n<meta property=\"og:url\" content=\"https:\/\/onlinelotto365.com\/it\/numeri-vincenti\/la-primitiva\/\" \/>\n<meta property=\"og:site_name\" content=\"OnlineLotto365\" \/>\n<meta property=\"article:modified_time\" content=\"2021-01-11T08:57:52+00:00\" \/>\n<meta property=\"og:image\" content=\"https:\/\/redfoxlotto.com\/image?size=8&amp;lottery=la-primitiva\" \/>\n<meta name=\"twitter:card\" content=\"summary_large_image\" \/>\n<meta name=\"twitter:label1\" content=\"Tempo di lettura stimato\" \/>\n\t<meta name=\"twitter:data1\" content=\"2 minuti\" \/>\n<script type=\"application\/ld+json\" class=\"yoast-schema-graph\">{\"@context\":\"https:\/\/schema.org\",\"@graph\":[{\"@type\":\"WebPage\",\"@id\":\"https:\/\/onlinelotto365.com\/it\/numeri-vincenti\/la-primitiva\/\",\"url\":\"https:\/\/onlinelotto365.com\/it\/numeri-vincenti\/la-primitiva\/\",\"name\":\"Ultimi risultati dell'estrazione, numeri vincenti per La Primitiva\",\"isPartOf\":{\"@id\":\"https:\/\/onlinelotto365.com\/it\/#website\"},\"primaryImageOfPage\":{\"@id\":\"https:\/\/onlinelotto365.com\/it\/numeri-vincenti\/la-primitiva\/#primaryimage\"},\"image\":{\"@id\":\"https:\/\/onlinelotto365.com\/it\/numeri-vincenti\/la-primitiva\/#primaryimage\"},\"thumbnailUrl\":\"https:\/\/redfoxlotto.com\/image?size=8&amp;lottery=la-primitiva\",\"datePublished\":\"2020-12-06T19:09:16+00:00\",\"dateModified\":\"2021-01-11T08:57:52+00:00\",\"description\":\"Ottenere gli ultimi numeri vincenti di La Primitiva spagnola, oltre ad altri risultati\",\"breadcrumb\":{\"@id\":\"https:\/\/onlinelotto365.com\/it\/numeri-vincenti\/la-primitiva\/#breadcrumb\"},\"inLanguage\":\"it-IT\",\"potentialAction\":[{\"@type\":\"ReadAction\",\"target\":[\"https:\/\/onlinelotto365.com\/it\/numeri-vincenti\/la-primitiva\/\"]}]},{\"@type\":\"ImageObject\",\"inLanguage\":\"it-IT\",\"@id\":\"https:\/\/onlinelotto365.com\/it\/numeri-vincenti\/la-primitiva\/#primaryimage\",\"url\":\"https:\/\/redfoxlotto.com\/image?size=8&amp;lottery=la-primitiva\",\"contentUrl\":\"https:\/\/redfoxlotto.com\/image?size=8&amp;lottery=la-primitiva\"},{\"@type\":\"BreadcrumbList\",\"@id\":\"https:\/\/onlinelotto365.com\/it\/numeri-vincenti\/la-primitiva\/#breadcrumb\",\"itemListElement\":[{\"@type\":\"ListItem\",\"position\":1,\"name\":\"Home\",\"item\":\"https:\/\/onlinelotto365.com\/it\/\"},{\"@type\":\"ListItem\",\"position\":2,\"name\":\"Trova i numeri vincenti e i risultati delle ultime estrazioni del lotto\",\"item\":\"https:\/\/onlinelotto365.com\/it\/numeri-vincenti\/\"},{\"@type\":\"ListItem\",\"position\":3,\"name\":\"I risultati del sorteggio La Primitiva\"}]},{\"@type\":\"WebSite\",\"@id\":\"https:\/\/onlinelotto365.com\/it\/#website\",\"url\":\"https:\/\/onlinelotto365.com\/it\/\",\"name\":\"OnlineLotto365\",\"description\":\"\",\"potentialAction\":[{\"@type\":\"SearchAction\",\"target\":{\"@type\":\"EntryPoint\",\"urlTemplate\":\"https:\/\/onlinelotto365.com\/it\/?s={search_term_string}\"},\"query-input\":{\"@type\":\"PropertyValueSpecification\",\"valueRequired\":true,\"valueName\":\"search_term_string\"}}],\"inLanguage\":\"it-IT\"}]}<\/script>\n<!-- \/ Yoast SEO plugin. -->","yoast_head_json":{"title":"Ultimi risultati dell'estrazione, numeri vincenti per La Primitiva","description":"Ottenere gli ultimi numeri vincenti di La Primitiva spagnola, oltre ad altri risultati","robots":{"index":"index","follow":"follow","max-snippet":"max-snippet:-1","max-image-preview":"max-image-preview:large","max-video-preview":"max-video-preview:-1"},"canonical":"https:\/\/onlinelotto365.com\/it\/numeri-vincenti\/la-primitiva\/","og_locale":"it_IT","og_type":"article","og_title":"Ultimi risultati dell'estrazione, numeri vincenti per La Primitiva","og_description":"Ottenere gli ultimi numeri vincenti di La Primitiva spagnola, oltre ad altri risultati","og_url":"https:\/\/onlinelotto365.com\/it\/numeri-vincenti\/la-primitiva\/","og_site_name":"OnlineLotto365","article_modified_time":"2021-01-11T08:57:52+00:00","og_image":[{"url":"https:\/\/redfoxlotto.com\/image?size=8&amp;lottery=la-primitiva"}],"twitter_card":"summary_large_image","twitter_misc":{"Tempo di lettura stimato":"2 minuti"},"schema":{"@context":"https:\/\/schema.org","@graph":[{"@type":"WebPage","@id":"https:\/\/onlinelotto365.com\/it\/numeri-vincenti\/la-primitiva\/","url":"https:\/\/onlinelotto365.com\/it\/numeri-vincenti\/la-primitiva\/","name":"Ultimi risultati dell'estrazione, numeri vincenti per La Primitiva","isPartOf":{"@id":"https:\/\/onlinelotto365.com\/it\/#website"},"primaryImageOfPage":{"@id":"https:\/\/onlinelotto365.com\/it\/numeri-vincenti\/la-primitiva\/#primaryimage"},"image":{"@id":"https:\/\/onlinelotto365.com\/it\/numeri-vincenti\/la-primitiva\/#primaryimage"},"thumbnailUrl":"https:\/\/redfoxlotto.com\/image?size=8&amp;lottery=la-primitiva","datePublished":"2020-12-06T19:09:16+00:00","dateModified":"2021-01-11T08:57:52+00:00","description":"Ottenere gli ultimi numeri vincenti di La Primitiva spagnola, oltre ad altri risultati","breadcrumb":{"@id":"https:\/\/onlinelotto365.com\/it\/numeri-vincenti\/la-primitiva\/#breadcrumb"},"inLanguage":"it-IT","potentialAction":[{"@type":"ReadAction","target":["https:\/\/onlinelotto365.com\/it\/numeri-vincenti\/la-primitiva\/"]}]},{"@type":"ImageObject","inLanguage":"it-IT","@id":"https:\/\/onlinelotto365.com\/it\/numeri-vincenti\/la-primitiva\/#primaryimage","url":"https:\/\/redfoxlotto.com\/image?size=8&amp;lottery=la-primitiva","contentUrl":"https:\/\/redfoxlotto.com\/image?size=8&amp;lottery=la-primitiva"},{"@type":"BreadcrumbList","@id":"https:\/\/onlinelotto365.com\/it\/numeri-vincenti\/la-primitiva\/#breadcrumb","itemListElement":[{"@type":"ListItem","position":1,"name":"Home","item":"https:\/\/onlinelotto365.com\/it\/"},{"@type":"ListItem","position":2,"name":"Trova i numeri vincenti e i risultati delle ultime estrazioni del lotto","item":"https:\/\/onlinelotto365.com\/it\/numeri-vincenti\/"},{"@type":"ListItem","position":3,"name":"I risultati del sorteggio La Primitiva"}]},{"@type":"WebSite","@id":"https:\/\/onlinelotto365.com\/it\/#website","url":"https:\/\/onlinelotto365.com\/it\/","name":"OnlineLotto365","description":"","potentialAction":[{"@type":"SearchAction","target":{"@type":"EntryPoint","urlTemplate":"https:\/\/onlinelotto365.com\/it\/?s={search_term_string}"},"query-input":{"@type":"PropertyValueSpecification","valueRequired":true,"valueName":"search_term_string"}}],"inLanguage":"it-IT"}]}},"_links":{"self":[{"href":"https:\/\/onlinelotto365.com\/it\/wp-json\/wp\/v2\/pages\/6339","targetHints":{"allow":["GET"]}}],"collection":[{"href":"https:\/\/onlinelotto365.com\/it\/wp-json\/wp\/v2\/pages"}],"about":[{"href":"https:\/\/onlinelotto365.com\/it\/wp-json\/wp\/v2\/types\/page"}],"author":[{"embeddable":true,"href":"https:\/\/onlinelotto365.com\/it\/wp-json\/wp\/v2\/users\/1"}],"replies":[{"embeddable":true,"href":"https:\/\/onlinelotto365.com\/it\/wp-json\/wp\/v2\/comments?post=6339"}],"version-history":[{"count":0,"href":"https:\/\/onlinelotto365.com\/it\/wp-json\/wp\/v2\/pages\/6339\/revisions"}],"up":[{"embeddable":true,"href":"https:\/\/onlinelotto365.com\/it\/wp-json\/wp\/v2\/pages\/3796"}],"wp:attachment":[{"href":"https:\/\/onlinelotto365.com\/it\/wp-json\/wp\/v2\/media?parent=6339"}],"curies":[{"name":"wp","href":"https:\/\/api.w.org\/{rel}","templated":true}]}}