{"id":7740,"date":"2020-12-08T14:11:50","date_gmt":"2020-12-08T13:11:50","guid":{"rendered":"http:\/\/onlinelotto365.net\/?page_id=7740"},"modified":"2020-12-30T12:55:41","modified_gmt":"2020-12-30T11:55:41","slug":"mega-millions","status":"publish","type":"page","link":"https:\/\/onlinelotto365.com\/it\/numeri-vincenti\/mega-millions\/","title":{"rendered":"Controlla qui i numeri vincenti di Mega Millions"},"content":{"rendered":"<p>Con tutte le lotterie internazionali che si possono giocare sul nostro sito web, <strong> ottenere i numeri vincenti e i risultati<\/strong> potrebbe essere un problema. Probabilmente non riuscirete a trovare i numeri vincenti di Mega Millions sul vostro giornale. Potreste cercare un canale televisivo a vostra disposizione che includa i risultati dell&#8217;estrazione nelle loro notizie, ma ci vorrebbe un po&#8217; di ricerca.<\/p>\n<p>Un&#8217;opzione potrebbe essere quella di controllare se il sito ufficiale della lotteria Mega Millions trasmette un <a href=\"https:\/\/onlinelotto365.com\/it\/news\/lotto-live\">live stream<\/a> della procedura di estrazione. Vedere i numeri estratti in diretta \u00e8, naturalmente, molto emozionante. Sarebbe anche il modo <strong>pi\u00f9 veloce per scoprire se i vostri numeri hanno vinto<\/strong>. Ma la maggior parte delle lotterie non offre lo streaming live dell&#8217;estrazione in tempo reale.<\/p>\n<p>Se l&#8217;estrazione \u00e8 gi\u00e0 stata effettuata nel momento in cui si desidera controllare i numeri vincenti, si potrebbe andare a <a href=\"https:\/\/youtube.com\" target=\"_blank\" rel=\"noopener noreferrer\">Youtube<\/a> ed eseguire una ricerca per un video che mostra l&#8217;ultima estrazione di Mega Millions.<\/p>\n<p><a href=\"https:\/\/redfoxlotto.com\/it\/mega-millions\/?ref=a8564250a2&amp;medium=ol365\" target=\"_blank\" rel=\"noopener noreferrer\"><img decoding=\"async\" class=\"aligncenter\" src=\"https:\/\/redfoxlotto.com\/image?size=8&amp;lottery=mega-millions\" alt=\"Mega Millions\" \/><\/a><\/p>\n<p>Ma un metodo molto <strong>conveniente per verificare i <a href=\"https:\/\/onlinelotto365.com\/it\/numeri-vincenti\">numeri vincenti<\/a><\/strong>, cos\u00ec come i risultati e i premi di Mega Millions \u00e8 la nostra pagina dei risultati della lotteria. In una pagina, \u00e8 possibile trovare i numeri vincenti di tutte le lotterie che offriamo.<\/p>\n<h2>Come scoprire se il vostro biglietto online ha vinto<\/h2>\n<p>E c&#8217;\u00e8 di meglio! Se avete acquistato un biglietto per Mega Millions sul nostro sito, potete dare un&#8217;occhiata al vostro conto (dovete prima effettuare il login, ovviamente) e alla sezione dove sono conservati i vostri biglietti. Per ogni lotteria che avete giocato, i numeri vincenti vengono visualizzati proprio accanto ai numeri che avete selezionato. Tutti i numeri del vostro biglietto che corrispondono ai risultati dell&#8217;estrazione saranno anch&#8217;essi contrassegnati da un colore. Una volta che sai quanti numeri hai scelto correttamente, puoi <a href=\"https:\/\/onlinelotto365.com\/it\/news\/controllare-il-biglietto-della-lotteria-on-line\"><strong>controllare quanto hai vinto<\/strong><\/a>. Inoltre, ricorda che tutte le vincite inferiori a \u20ac2500 saranno accreditate sul tuo conto giocatore non appena la lotteria avr\u00e0 confermato i risultati ufficiali.<\/p>\n<h2>Archivio risultati Mega Millions<\/h2>\n<p>Le pagine del nostro sito web che mostrano gli ultimi risultati di Mega Millions vi danno anche la possibilit\u00e0 di controllare i risultati delle estrazioni precedenti. Questo \u00e8 qualcosa che molti giocatori usano per controllare quali numeri sono stati estratti ultimamente, o quali numeri non sono stati estratti in passato. E&#8217; una <a href=\"https:\/\/onlinelotto365.com\/it\/news\/usa-la-strategia-per-selezionare-i-tuoi-numeri-per-il-lotto\">strategia molto popolare della lotteria<\/a> per usare queste informazioni quando si selezionano i numeri per il prossimo biglietto.<\/p>\n<h2>Il mio biglietto ha vinto, cosa succede dopo?<\/h2>\n<p>Come abbiamo gi\u00e0 detto, i premi inferiori a \u20ac2500 saranno accreditati direttamente sul vostro conto cliente sul nostro sito web. Da l\u00ec potrete ritirare tutto o parte di esso, purch\u00e9 abbiate un saldo di almeno 10 \u20ac. Oppure potete utilizzarne una parte per acquistare nuovi biglietti. Se decidete di prelevare fondi sulla vostra carta di credito o sul vostro conto bancario, dovrete fornirci alcuni documenti per l&#8217;identificazione. Questo \u00e8 un requisito richiesto dai nostri addetti ai pagamenti, a causa delle leggi contro il riciclaggio di denaro sporco. Inoltre, non \u00e8 possibile utilizzare un metodo di prelievo che non sia stato precedentemente utilizzato per un acquisto o un deposito.<\/p>\n","protected":false},"excerpt":{"rendered":"<p>Con tutte le lotterie internazionali che si possono giocare sul nostro sito web, ottenere i numeri vincenti e i risultati potrebbe essere un problema. Probabilmente non riuscirete a trovare i numeri vincenti di Mega Millions sul vostro giornale. Potreste cercare un canale televisivo a vostra disposizione che includa i risultati dell&#8217;estrazione nelle loro notizie, ma [&hellip;]<\/p>\n","protected":false},"author":1,"featured_media":0,"parent":3796,"menu_order":2,"comment_status":"closed","ping_status":"closed","template":"megamillion-results.php","meta":{"_et_pb_use_builder":"","_et_pb_old_content":"","_et_gb_content_width":"","exclude_from_search":false,"footnotes":""},"class_list":["post-7740","page","type-page","status-publish","hentry"],"yoast_head":"<!-- This site is optimized with the Yoast SEO plugin v23.4 - https:\/\/yoast.com\/wordpress\/plugins\/seo\/ -->\n<title>Numeri vincenti Mega Millions | Ultimi risultati dell&#039;estrazione e premi per Mega Millions<\/title>\n<meta name=\"description\" content=\"Come utilizzare il nostro sito web per trovare facilmente i numeri vincenti e i risultati di Mega Millions\" \/>\n<meta name=\"robots\" content=\"index, follow, max-snippet:-1, max-image-preview:large, max-video-preview:-1\" \/>\n<link rel=\"canonical\" href=\"https:\/\/onlinelotto365.com\/it\/numeri-vincenti\/mega-millions\/\" \/>\n<meta property=\"og:locale\" content=\"it_IT\" \/>\n<meta property=\"og:type\" content=\"article\" \/>\n<meta property=\"og:title\" content=\"Numeri vincenti Mega Millions | Ultimi risultati dell&#039;estrazione e premi per Mega Millions\" \/>\n<meta property=\"og:description\" content=\"Come utilizzare il nostro sito web per trovare facilmente i numeri vincenti e i risultati di Mega Millions\" \/>\n<meta property=\"og:url\" content=\"https:\/\/onlinelotto365.com\/it\/numeri-vincenti\/mega-millions\/\" \/>\n<meta property=\"og:site_name\" content=\"OnlineLotto365\" \/>\n<meta property=\"article:modified_time\" content=\"2020-12-30T11:55:41+00:00\" \/>\n<meta property=\"og:image\" content=\"https:\/\/redfoxlotto.com\/image?size=8&amp;lottery=mega-millions\" \/>\n<meta name=\"twitter:card\" content=\"summary_large_image\" \/>\n<meta name=\"twitter:label1\" content=\"Tempo di lettura stimato\" \/>\n\t<meta name=\"twitter:data1\" content=\"2 minuti\" \/>\n<script type=\"application\/ld+json\" class=\"yoast-schema-graph\">{\"@context\":\"https:\/\/schema.org\",\"@graph\":[{\"@type\":\"WebPage\",\"@id\":\"https:\/\/onlinelotto365.com\/it\/numeri-vincenti\/mega-millions\/\",\"url\":\"https:\/\/onlinelotto365.com\/it\/numeri-vincenti\/mega-millions\/\",\"name\":\"Numeri vincenti Mega Millions | Ultimi risultati dell'estrazione e premi per Mega Millions\",\"isPartOf\":{\"@id\":\"https:\/\/onlinelotto365.com\/it\/#website\"},\"primaryImageOfPage\":{\"@id\":\"https:\/\/onlinelotto365.com\/it\/numeri-vincenti\/mega-millions\/#primaryimage\"},\"image\":{\"@id\":\"https:\/\/onlinelotto365.com\/it\/numeri-vincenti\/mega-millions\/#primaryimage\"},\"thumbnailUrl\":\"https:\/\/redfoxlotto.com\/image?size=8&amp;lottery=mega-millions\",\"datePublished\":\"2020-12-08T13:11:50+00:00\",\"dateModified\":\"2020-12-30T11:55:41+00:00\",\"description\":\"Come utilizzare il nostro sito web per trovare facilmente i numeri vincenti e i risultati di Mega Millions\",\"breadcrumb\":{\"@id\":\"https:\/\/onlinelotto365.com\/it\/numeri-vincenti\/mega-millions\/#breadcrumb\"},\"inLanguage\":\"it-IT\",\"potentialAction\":[{\"@type\":\"ReadAction\",\"target\":[\"https:\/\/onlinelotto365.com\/it\/numeri-vincenti\/mega-millions\/\"]}]},{\"@type\":\"ImageObject\",\"inLanguage\":\"it-IT\",\"@id\":\"https:\/\/onlinelotto365.com\/it\/numeri-vincenti\/mega-millions\/#primaryimage\",\"url\":\"https:\/\/redfoxlotto.com\/image?size=8&amp;lottery=mega-millions\",\"contentUrl\":\"https:\/\/redfoxlotto.com\/image?size=8&amp;lottery=mega-millions\"},{\"@type\":\"BreadcrumbList\",\"@id\":\"https:\/\/onlinelotto365.com\/it\/numeri-vincenti\/mega-millions\/#breadcrumb\",\"itemListElement\":[{\"@type\":\"ListItem\",\"position\":1,\"name\":\"Home\",\"item\":\"https:\/\/onlinelotto365.com\/it\/\"},{\"@type\":\"ListItem\",\"position\":2,\"name\":\"Trova i numeri vincenti e i risultati delle ultime estrazioni del lotto\",\"item\":\"https:\/\/onlinelotto365.com\/it\/numeri-vincenti\/\"},{\"@type\":\"ListItem\",\"position\":3,\"name\":\"Controlla qui i numeri vincenti di Mega Millions\"}]},{\"@type\":\"WebSite\",\"@id\":\"https:\/\/onlinelotto365.com\/it\/#website\",\"url\":\"https:\/\/onlinelotto365.com\/it\/\",\"name\":\"OnlineLotto365\",\"description\":\"\",\"potentialAction\":[{\"@type\":\"SearchAction\",\"target\":{\"@type\":\"EntryPoint\",\"urlTemplate\":\"https:\/\/onlinelotto365.com\/it\/?s={search_term_string}\"},\"query-input\":{\"@type\":\"PropertyValueSpecification\",\"valueRequired\":true,\"valueName\":\"search_term_string\"}}],\"inLanguage\":\"it-IT\"}]}<\/script>\n<!-- \/ Yoast SEO plugin. -->","yoast_head_json":{"title":"Numeri vincenti Mega Millions | Ultimi risultati dell'estrazione e premi per Mega Millions","description":"Come utilizzare il nostro sito web per trovare facilmente i numeri vincenti e i risultati di Mega Millions","robots":{"index":"index","follow":"follow","max-snippet":"max-snippet:-1","max-image-preview":"max-image-preview:large","max-video-preview":"max-video-preview:-1"},"canonical":"https:\/\/onlinelotto365.com\/it\/numeri-vincenti\/mega-millions\/","og_locale":"it_IT","og_type":"article","og_title":"Numeri vincenti Mega Millions | Ultimi risultati dell'estrazione e premi per Mega Millions","og_description":"Come utilizzare il nostro sito web per trovare facilmente i numeri vincenti e i risultati di Mega Millions","og_url":"https:\/\/onlinelotto365.com\/it\/numeri-vincenti\/mega-millions\/","og_site_name":"OnlineLotto365","article_modified_time":"2020-12-30T11:55:41+00:00","og_image":[{"url":"https:\/\/redfoxlotto.com\/image?size=8&amp;lottery=mega-millions"}],"twitter_card":"summary_large_image","twitter_misc":{"Tempo di lettura stimato":"2 minuti"},"schema":{"@context":"https:\/\/schema.org","@graph":[{"@type":"WebPage","@id":"https:\/\/onlinelotto365.com\/it\/numeri-vincenti\/mega-millions\/","url":"https:\/\/onlinelotto365.com\/it\/numeri-vincenti\/mega-millions\/","name":"Numeri vincenti Mega Millions | Ultimi risultati dell'estrazione e premi per Mega Millions","isPartOf":{"@id":"https:\/\/onlinelotto365.com\/it\/#website"},"primaryImageOfPage":{"@id":"https:\/\/onlinelotto365.com\/it\/numeri-vincenti\/mega-millions\/#primaryimage"},"image":{"@id":"https:\/\/onlinelotto365.com\/it\/numeri-vincenti\/mega-millions\/#primaryimage"},"thumbnailUrl":"https:\/\/redfoxlotto.com\/image?size=8&amp;lottery=mega-millions","datePublished":"2020-12-08T13:11:50+00:00","dateModified":"2020-12-30T11:55:41+00:00","description":"Come utilizzare il nostro sito web per trovare facilmente i numeri vincenti e i risultati di Mega Millions","breadcrumb":{"@id":"https:\/\/onlinelotto365.com\/it\/numeri-vincenti\/mega-millions\/#breadcrumb"},"inLanguage":"it-IT","potentialAction":[{"@type":"ReadAction","target":["https:\/\/onlinelotto365.com\/it\/numeri-vincenti\/mega-millions\/"]}]},{"@type":"ImageObject","inLanguage":"it-IT","@id":"https:\/\/onlinelotto365.com\/it\/numeri-vincenti\/mega-millions\/#primaryimage","url":"https:\/\/redfoxlotto.com\/image?size=8&amp;lottery=mega-millions","contentUrl":"https:\/\/redfoxlotto.com\/image?size=8&amp;lottery=mega-millions"},{"@type":"BreadcrumbList","@id":"https:\/\/onlinelotto365.com\/it\/numeri-vincenti\/mega-millions\/#breadcrumb","itemListElement":[{"@type":"ListItem","position":1,"name":"Home","item":"https:\/\/onlinelotto365.com\/it\/"},{"@type":"ListItem","position":2,"name":"Trova i numeri vincenti e i risultati delle ultime estrazioni del lotto","item":"https:\/\/onlinelotto365.com\/it\/numeri-vincenti\/"},{"@type":"ListItem","position":3,"name":"Controlla qui i numeri vincenti di Mega Millions"}]},{"@type":"WebSite","@id":"https:\/\/onlinelotto365.com\/it\/#website","url":"https:\/\/onlinelotto365.com\/it\/","name":"OnlineLotto365","description":"","potentialAction":[{"@type":"SearchAction","target":{"@type":"EntryPoint","urlTemplate":"https:\/\/onlinelotto365.com\/it\/?s={search_term_string}"},"query-input":{"@type":"PropertyValueSpecification","valueRequired":true,"valueName":"search_term_string"}}],"inLanguage":"it-IT"}]}},"_links":{"self":[{"href":"https:\/\/onlinelotto365.com\/it\/wp-json\/wp\/v2\/pages\/7740","targetHints":{"allow":["GET"]}}],"collection":[{"href":"https:\/\/onlinelotto365.com\/it\/wp-json\/wp\/v2\/pages"}],"about":[{"href":"https:\/\/onlinelotto365.com\/it\/wp-json\/wp\/v2\/types\/page"}],"author":[{"embeddable":true,"href":"https:\/\/onlinelotto365.com\/it\/wp-json\/wp\/v2\/users\/1"}],"replies":[{"embeddable":true,"href":"https:\/\/onlinelotto365.com\/it\/wp-json\/wp\/v2\/comments?post=7740"}],"version-history":[{"count":0,"href":"https:\/\/onlinelotto365.com\/it\/wp-json\/wp\/v2\/pages\/7740\/revisions"}],"up":[{"embeddable":true,"href":"https:\/\/onlinelotto365.com\/it\/wp-json\/wp\/v2\/pages\/3796"}],"wp:attachment":[{"href":"https:\/\/onlinelotto365.com\/it\/wp-json\/wp\/v2\/media?parent=7740"}],"curies":[{"name":"wp","href":"https:\/\/api.w.org\/{rel}","templated":true}]}}