{"id":7771,"date":"2020-12-08T14:18:51","date_gmt":"2020-12-08T13:18:51","guid":{"rendered":"http:\/\/onlinelotto365.net\/?page_id=7771"},"modified":"2021-01-02T18:05:41","modified_gmt":"2021-01-02T17:05:41","slug":"euromillions","status":"publish","type":"page","link":"https:\/\/onlinelotto365.com\/it\/numeri-vincenti\/euromillions\/","title":{"rendered":"Vedi i numeri vincenti di Euromillions"},"content":{"rendered":"<p>Sappiamo che ci sono una <a href=\"https:\/\/onlinelotto365.com\/it\/giocare\">lotto di giochi della lotteria internazionale disponibile sul nostro sito web<\/a> e che pu\u00f2 diventare un po &#8216;confuso per voi. Ma non deve essere cos\u00ec confuso come si pensa. E non deve anche essere cos\u00ec difficile per voi trovare i numeri vincenti del gioco che volete. Ma forse avete pensato di controllare altrove. Il giornale e la TV sono un paio di opzioni, ma a meno che non siate locali pu\u00f2 essere difficile trovare i risultati in uno di questi due posti.<\/p>\n<p>Potete anche scegliere di andare sul sito ufficiale della lotteria EuroMillions. Questo \u00e8 uno dei posti migliori per ottenere i risultati perch\u00e9 sono fatti disponibili e si pu\u00f2 anche essere in grado di guardare un flusso in diretta dell&#8217;estrazione. Pu\u00f2 essere divertente ed emozionante <a href=\"https:\/\/onlinelotto365.com\/it\/news\/lotto-live\">vedere quell&#8217;estrazione in diretta<\/a>, soprattutto se sei tu a vincere e puoi guardare i tuoi numeri in arrivo. Ma pu\u00f2 richiedere molto tempo e non tutti i giochi della lotteria sono effettivamente trasmessi in streaming.<\/p>\n<p>Una volta che la lotteria \u00e8 stata estratta, un&#8217;altra opzione \u00e8 quella di controllare su YouTube per vedere se \u00e8 possibile ottenere un video dell&#8217;estrazione o qualcun altro che riveli i numeri dopo il fatto.<br \/>\n<a href=\"https:\/\/redfoxlotto.com\/it\/euromillions\/?ref=a8564250a2&amp;medium=ol365\" target=\"_blank\" rel=\"noopener noreferrer\"><img decoding=\"async\" class=\"aligncenter\" src=\"https:\/\/redfoxlotto.com\/image?size=8&amp;lottery=euromillions\" alt=\"euromillions\" \/><\/a><\/p>\n<p>Il modo migliore per ottenere i numeri vincenti, tuttavia, \u00e8 quello di controllare il nostro sito web e verificare i risultati. E &#8216;tutto disponibile sulla nostra pagina dei risultati della lotteria, che vi mostrer\u00e0 i numeri vincenti per qualsiasi gioco del lotto si pu\u00f2 acquistare sul nostro sito web.<\/p>\n<h2>Come scoprire se il tuo biglietto online ha vinto<img loading=\"lazy\" decoding=\"async\" class=\"alignright wp-image-3645\" src=\"https:\/\/onlinelotto365.com\/wp-content\/uploads\/2020\/11\/online_lottery-129-300x300.jpg\" alt=\"Euromillions winning numbers\" width=\"210\" height=\"210\" srcset=\"https:\/\/onlinelotto365.com\/wp-content\/uploads\/2020\/11\/online_lottery-129-300x300.jpg 300w, https:\/\/onlinelotto365.com\/wp-content\/uploads\/2020\/11\/online_lottery-129-100x100.jpg 100w, https:\/\/onlinelotto365.com\/wp-content\/uploads\/2020\/11\/online_lottery-129-150x150.jpg 150w, https:\/\/onlinelotto365.com\/wp-content\/uploads\/2020\/11\/online_lottery-129.jpg 320w\" sizes=\"auto, (max-width: 210px) 100vw, 210px\" \/><\/h2>\n<p>La cosa ancora migliore \u00e8 che se hai effettivamente acquistato un biglietto per questo gioco non devi nemmeno preoccuparti di andare alla pagina dei risultati. Puoi semplicemente andare direttamente al tuo account e alla pagina con i tuoi biglietti.<\/p>\n<p>Da l\u00ec puoi vedere i numeri vincenti e i tuoi numeri a confronto. E mettiamo in evidenza i numeri che corrispondono, in modo che non li perdiate. Inoltre, ci occupiamo di farti avere le vincite dai tuoi numeri se hai qualcosa sotto i 2500 euro. Se \u00e8 finita, tutto quello che devi fare \u00e8 compilare un modulo e ti aiuteremo comunque ad ottenere tutto.<\/p>\n<h2>Archivio risultati EuroMillions<\/h2>\n<p>Abbiamo diverse aree dove potete vedere gli ultimi numeri vincenti per l&#8217;EuroMillions e i <a href=\"https:\/\/onlinelotto365.com\/it\/numeri-vincenti\"><strong>risultati di altri giochi<\/strong><\/a>, ma abbiamo anche opzioni per controllare i vecchi numeri vincenti. Se volete essere sicuri di scegliere i numeri giusti per il gioco in rete, guardare i vecchi giochi potrebbe essere un buon modo per fare questa scelta.<\/p>\n<h2>Il mio biglietto ha vinto, cosa succede dopo?<\/h2>\n<p>Abbiamo gi\u00e0 detto che qualsiasi premio vinto che sia inferiore a \u20ac2500 sar\u00e0 messo sul tuo conto per te dal nostro servizio clienti. Una volta che il denaro \u00e8 nel tuo conto potrai prelevarlo, usarlo o qualsiasi altra cosa tu voglia. In questo modo sar\u00e0 facile per voi continuare a giocare o utilizzare il vostro denaro per qualsiasi cosa vogliate.<br \/>\nNon solo, ma potrete anche prelevare il denaro da qualsiasi conto che avete gi\u00e0 utilizzato per acquistare o depositare denaro aggiuntivo sul vostro conto. Questo include conti bancari, carte di credito e altro ancora.<\/p>\n","protected":false},"excerpt":{"rendered":"<p>Sappiamo che ci sono una lotto di giochi della lotteria internazionale disponibile sul nostro sito web e che pu\u00f2 diventare un po &#8216;confuso per voi. Ma non deve essere cos\u00ec confuso come si pensa. E non deve anche essere cos\u00ec difficile per voi trovare i numeri vincenti del gioco che volete. Ma forse avete pensato [&hellip;]<\/p>\n","protected":false},"author":1,"featured_media":0,"parent":3796,"menu_order":3,"comment_status":"closed","ping_status":"closed","template":"euromillions-results.php","meta":{"_et_pb_use_builder":"","_et_pb_old_content":"","_et_gb_content_width":"","exclude_from_search":false,"footnotes":""},"class_list":["post-7771","page","type-page","status-publish","hentry"],"yoast_head":"<!-- This site is optimized with the Yoast SEO plugin v23.4 - https:\/\/yoast.com\/wordpress\/plugins\/seo\/ -->\n<title>Numeri vincenti Euromillions | Vedi gli ultimi premi e risultati di Euromillions<\/title>\n<meta name=\"description\" content=\"Confronta il tuo biglietto Euromillions con i numeri vincenti - vedi tutti i risultati della lotteria qui\" \/>\n<meta name=\"robots\" content=\"index, follow, max-snippet:-1, max-image-preview:large, max-video-preview:-1\" \/>\n<link rel=\"canonical\" href=\"https:\/\/onlinelotto365.com\/it\/numeri-vincenti\/euromillions\/\" \/>\n<meta property=\"og:locale\" content=\"it_IT\" \/>\n<meta property=\"og:type\" content=\"article\" \/>\n<meta property=\"og:title\" content=\"Numeri vincenti Euromillions | Vedi gli ultimi premi e risultati di Euromillions\" \/>\n<meta property=\"og:description\" content=\"Confronta il tuo biglietto Euromillions con i numeri vincenti - vedi tutti i risultati della lotteria qui\" \/>\n<meta property=\"og:url\" content=\"https:\/\/onlinelotto365.com\/it\/numeri-vincenti\/euromillions\/\" \/>\n<meta property=\"og:site_name\" content=\"OnlineLotto365\" \/>\n<meta property=\"article:modified_time\" content=\"2021-01-02T17:05:41+00:00\" \/>\n<meta property=\"og:image\" content=\"https:\/\/redfoxlotto.com\/image?size=8&amp;lottery=euromillions\" \/>\n<meta name=\"twitter:card\" content=\"summary_large_image\" \/>\n<meta name=\"twitter:label1\" content=\"Tempo di lettura stimato\" \/>\n\t<meta name=\"twitter:data1\" content=\"3 minuti\" \/>\n<script type=\"application\/ld+json\" class=\"yoast-schema-graph\">{\"@context\":\"https:\/\/schema.org\",\"@graph\":[{\"@type\":\"WebPage\",\"@id\":\"https:\/\/onlinelotto365.com\/it\/numeri-vincenti\/euromillions\/\",\"url\":\"https:\/\/onlinelotto365.com\/it\/numeri-vincenti\/euromillions\/\",\"name\":\"Numeri vincenti Euromillions | Vedi gli ultimi premi e risultati di Euromillions\",\"isPartOf\":{\"@id\":\"https:\/\/onlinelotto365.com\/it\/#website\"},\"primaryImageOfPage\":{\"@id\":\"https:\/\/onlinelotto365.com\/it\/numeri-vincenti\/euromillions\/#primaryimage\"},\"image\":{\"@id\":\"https:\/\/onlinelotto365.com\/it\/numeri-vincenti\/euromillions\/#primaryimage\"},\"thumbnailUrl\":\"https:\/\/redfoxlotto.com\/image?size=8&amp;lottery=euromillions\",\"datePublished\":\"2020-12-08T13:18:51+00:00\",\"dateModified\":\"2021-01-02T17:05:41+00:00\",\"description\":\"Confronta il tuo biglietto Euromillions con i numeri vincenti - vedi tutti i risultati della lotteria qui\",\"breadcrumb\":{\"@id\":\"https:\/\/onlinelotto365.com\/it\/numeri-vincenti\/euromillions\/#breadcrumb\"},\"inLanguage\":\"it-IT\",\"potentialAction\":[{\"@type\":\"ReadAction\",\"target\":[\"https:\/\/onlinelotto365.com\/it\/numeri-vincenti\/euromillions\/\"]}]},{\"@type\":\"ImageObject\",\"inLanguage\":\"it-IT\",\"@id\":\"https:\/\/onlinelotto365.com\/it\/numeri-vincenti\/euromillions\/#primaryimage\",\"url\":\"https:\/\/redfoxlotto.com\/image?size=8&amp;lottery=euromillions\",\"contentUrl\":\"https:\/\/redfoxlotto.com\/image?size=8&amp;lottery=euromillions\"},{\"@type\":\"BreadcrumbList\",\"@id\":\"https:\/\/onlinelotto365.com\/it\/numeri-vincenti\/euromillions\/#breadcrumb\",\"itemListElement\":[{\"@type\":\"ListItem\",\"position\":1,\"name\":\"Home\",\"item\":\"https:\/\/onlinelotto365.com\/it\/\"},{\"@type\":\"ListItem\",\"position\":2,\"name\":\"Trova i numeri vincenti e i risultati delle ultime estrazioni del lotto\",\"item\":\"https:\/\/onlinelotto365.com\/it\/numeri-vincenti\/\"},{\"@type\":\"ListItem\",\"position\":3,\"name\":\"Vedi i numeri vincenti di Euromillions\"}]},{\"@type\":\"WebSite\",\"@id\":\"https:\/\/onlinelotto365.com\/it\/#website\",\"url\":\"https:\/\/onlinelotto365.com\/it\/\",\"name\":\"OnlineLotto365\",\"description\":\"\",\"potentialAction\":[{\"@type\":\"SearchAction\",\"target\":{\"@type\":\"EntryPoint\",\"urlTemplate\":\"https:\/\/onlinelotto365.com\/it\/?s={search_term_string}\"},\"query-input\":{\"@type\":\"PropertyValueSpecification\",\"valueRequired\":true,\"valueName\":\"search_term_string\"}}],\"inLanguage\":\"it-IT\"}]}<\/script>\n<!-- \/ Yoast SEO plugin. -->","yoast_head_json":{"title":"Numeri vincenti Euromillions | Vedi gli ultimi premi e risultati di Euromillions","description":"Confronta il tuo biglietto Euromillions con i numeri vincenti - vedi tutti i risultati della lotteria qui","robots":{"index":"index","follow":"follow","max-snippet":"max-snippet:-1","max-image-preview":"max-image-preview:large","max-video-preview":"max-video-preview:-1"},"canonical":"https:\/\/onlinelotto365.com\/it\/numeri-vincenti\/euromillions\/","og_locale":"it_IT","og_type":"article","og_title":"Numeri vincenti Euromillions | Vedi gli ultimi premi e risultati di Euromillions","og_description":"Confronta il tuo biglietto Euromillions con i numeri vincenti - vedi tutti i risultati della lotteria qui","og_url":"https:\/\/onlinelotto365.com\/it\/numeri-vincenti\/euromillions\/","og_site_name":"OnlineLotto365","article_modified_time":"2021-01-02T17:05:41+00:00","og_image":[{"url":"https:\/\/redfoxlotto.com\/image?size=8&amp;lottery=euromillions"}],"twitter_card":"summary_large_image","twitter_misc":{"Tempo di lettura stimato":"3 minuti"},"schema":{"@context":"https:\/\/schema.org","@graph":[{"@type":"WebPage","@id":"https:\/\/onlinelotto365.com\/it\/numeri-vincenti\/euromillions\/","url":"https:\/\/onlinelotto365.com\/it\/numeri-vincenti\/euromillions\/","name":"Numeri vincenti Euromillions | Vedi gli ultimi premi e risultati di Euromillions","isPartOf":{"@id":"https:\/\/onlinelotto365.com\/it\/#website"},"primaryImageOfPage":{"@id":"https:\/\/onlinelotto365.com\/it\/numeri-vincenti\/euromillions\/#primaryimage"},"image":{"@id":"https:\/\/onlinelotto365.com\/it\/numeri-vincenti\/euromillions\/#primaryimage"},"thumbnailUrl":"https:\/\/redfoxlotto.com\/image?size=8&amp;lottery=euromillions","datePublished":"2020-12-08T13:18:51+00:00","dateModified":"2021-01-02T17:05:41+00:00","description":"Confronta il tuo biglietto Euromillions con i numeri vincenti - vedi tutti i risultati della lotteria qui","breadcrumb":{"@id":"https:\/\/onlinelotto365.com\/it\/numeri-vincenti\/euromillions\/#breadcrumb"},"inLanguage":"it-IT","potentialAction":[{"@type":"ReadAction","target":["https:\/\/onlinelotto365.com\/it\/numeri-vincenti\/euromillions\/"]}]},{"@type":"ImageObject","inLanguage":"it-IT","@id":"https:\/\/onlinelotto365.com\/it\/numeri-vincenti\/euromillions\/#primaryimage","url":"https:\/\/redfoxlotto.com\/image?size=8&amp;lottery=euromillions","contentUrl":"https:\/\/redfoxlotto.com\/image?size=8&amp;lottery=euromillions"},{"@type":"BreadcrumbList","@id":"https:\/\/onlinelotto365.com\/it\/numeri-vincenti\/euromillions\/#breadcrumb","itemListElement":[{"@type":"ListItem","position":1,"name":"Home","item":"https:\/\/onlinelotto365.com\/it\/"},{"@type":"ListItem","position":2,"name":"Trova i numeri vincenti e i risultati delle ultime estrazioni del lotto","item":"https:\/\/onlinelotto365.com\/it\/numeri-vincenti\/"},{"@type":"ListItem","position":3,"name":"Vedi i numeri vincenti di Euromillions"}]},{"@type":"WebSite","@id":"https:\/\/onlinelotto365.com\/it\/#website","url":"https:\/\/onlinelotto365.com\/it\/","name":"OnlineLotto365","description":"","potentialAction":[{"@type":"SearchAction","target":{"@type":"EntryPoint","urlTemplate":"https:\/\/onlinelotto365.com\/it\/?s={search_term_string}"},"query-input":{"@type":"PropertyValueSpecification","valueRequired":true,"valueName":"search_term_string"}}],"inLanguage":"it-IT"}]}},"_links":{"self":[{"href":"https:\/\/onlinelotto365.com\/it\/wp-json\/wp\/v2\/pages\/7771","targetHints":{"allow":["GET"]}}],"collection":[{"href":"https:\/\/onlinelotto365.com\/it\/wp-json\/wp\/v2\/pages"}],"about":[{"href":"https:\/\/onlinelotto365.com\/it\/wp-json\/wp\/v2\/types\/page"}],"author":[{"embeddable":true,"href":"https:\/\/onlinelotto365.com\/it\/wp-json\/wp\/v2\/users\/1"}],"replies":[{"embeddable":true,"href":"https:\/\/onlinelotto365.com\/it\/wp-json\/wp\/v2\/comments?post=7771"}],"version-history":[{"count":0,"href":"https:\/\/onlinelotto365.com\/it\/wp-json\/wp\/v2\/pages\/7771\/revisions"}],"up":[{"embeddable":true,"href":"https:\/\/onlinelotto365.com\/it\/wp-json\/wp\/v2\/pages\/3796"}],"wp:attachment":[{"href":"https:\/\/onlinelotto365.com\/it\/wp-json\/wp\/v2\/media?parent=7771"}],"curies":[{"name":"wp","href":"https:\/\/api.w.org\/{rel}","templated":true}]}}