{"id":7810,"date":"2020-12-08T14:30:57","date_gmt":"2020-12-08T13:30:57","guid":{"rendered":"http:\/\/onlinelotto365.net\/?page_id=7810"},"modified":"2021-01-05T19:04:33","modified_gmt":"2021-01-05T18:04:33","slug":"superenalotto","status":"publish","type":"page","link":"https:\/\/onlinelotto365.com\/it\/numeri-vincenti\/superenalotto\/","title":{"rendered":"Controlla qui i numeri vincenti del Superenalotto"},"content":{"rendered":"<p>Sul nostro sito web offriamo moltissimi giochi della lotteria internazionale, ma vogliamo essere sicuri che trovare i risultati non sia un problema. Certo, potete controllare i risultati in TV, se avete la fortuna di trovare i risultati dell&#8217;estrazione al telegiornale. Oppure potreste trovarli sul giornale se vivete in una zona dove i giochi sono locali. Ma anche questo pu\u00f2 essere difficile.<\/p>\n<p>Puoi anche visitare il sito web del Superenalotto per<a href=\"https:\/\/onlinelotto365.com\/it\/news\/lotto-live\"> trovare un live stream<\/a> del processo di disegno, se offerto. Questo pu\u00f2 essere divertente per i giochi che lo prevedono e pu\u00f2 darti un momento emozionante per vedere se i tuoi numeri sono quelli che hanno vinto, ma non tutti i giochi della lotteria offrono questa opzione.<\/p>\n<p>Dopo il disegno, a volte puoi trovare <a href=\"https:\/\/youtube.com\/it\">su YouTube<\/a> i <strong>numeri e i disegni vincenti per il Superenalotto<\/strong> se sai come fare la tua ricerca e dove cercare. Ma questo pu\u00f2 richiedere tempo.<br \/>\n<a href=\"https:\/\/redfoxlotto.com\/it\/superenalotto\/?ref=a8564250a2&amp;medium=ol365\" target=\"_blank\" rel=\"noopener noreferrer\"><img decoding=\"async\" class=\"aligncenter\" src=\"https:\/\/redfoxlotto.com\/image?size=8&amp;lottery=superenalotto\" alt=\"superenalotto\" \/><\/a><\/p>\n<p>Il modo migliore per farlo \u00e8 semplicemente andare alla nostra <a href=\"https:\/\/onlinelotto365.com\/it\/numeri-vincenti\">pagina dei risultati della lotteria<\/a> e vedere tutti i numeri di ciascuno dei <a href=\"http:\/\/onlinelotto365.com\">diversi giochi del lotto<\/a>. Questo include il Superenalotto e molto altro ancora.<\/p>\n<h2>Come scoprire se il tuo biglietto online ha vinto<img loading=\"lazy\" decoding=\"async\" class=\"alignright size-full wp-image-3634\" src=\"https:\/\/onlinelotto365.com\/wp-content\/uploads\/2020\/11\/online_lottery-136.jpg\" alt=\"superenalotto winning numbers\" width=\"297\" height=\"101\" \/><\/h2>\n<p>Per chi ha acquistato un biglietto per il Superenalotto con il nostro sito, puoi facilmente controllare il tuo account per scoprire i numeri vincenti. Sar\u00e0 molto pi\u00f9 facile di quanto tu possa pensare e la cosa migliore \u00e8 che non dovrai nemmeno confrontare i numeri.<\/p>\n<p>Ci occupiamo noi di quella parte per voi. Infatti, <strong>vi mostriamo quali numeri avete che corrispondono ai numeri vincenti evidenziandoli.<\/strong> Poi, mettiamo i soldi che vincete fino a 2500 euro direttamente sul vostro conto. Non dovete preoccuparvi di reclamarli o di verificare qualcosa. Facciamo tutto questo per farti godere le tue vincite.<\/p>\n<h2>Archivio risultati del Superenalotto<\/h2>\n<p>Ogni pagina del nostro sito web che mostra i numeri vincenti del Superenalotto vi mostrer\u00e0 anche come <strong>tornare ai risultati precedenti per controllare i disegni precedenti<\/strong>. Questo pu\u00f2 aiutarti a scegliere i numeri giusti che vuoi giocare quando arriver\u00e0 il momento del prossimo sorteggio. \u00c8 uno dei modi pi\u00f9 popolari per scegliere i numeri.<\/p>\n<h2>Il mio biglietto ha vinto, cosa succede dopo?<\/h2>\n<p>Qualsiasi premio inferiore a \u20ac2500 sar\u00e0 immediatamente messo sul tuo conto giocatore. In questo modo, puoi ritirarlo (qualsiasi importo superiore a 10 euro) oppure puoi usarlo per acquistare altri biglietti. Tieni presente che puoi prelevare i fondi su una carta di credito o di debito oppure puoi prelevare su un conto bancario. Qualunque sia il conto con il quale volete prelevare il denaro, dovrete averlo gi\u00e0 utilizzato anche per metterci dentro i soldi. In questo modo contribuiamo a proteggervi e anche a rispettare le norme antiriciclaggio e altro ancora.<\/p>\n","protected":false},"excerpt":{"rendered":"<p>Sul nostro sito web offriamo moltissimi giochi della lotteria internazionale, ma vogliamo essere sicuri che trovare i risultati non sia un problema. Certo, potete controllare i risultati in TV, se avete la fortuna di trovare i risultati dell&#8217;estrazione al telegiornale. Oppure potreste trovarli sul giornale se vivete in una zona dove i giochi sono locali. [&hellip;]<\/p>\n","protected":false},"author":1,"featured_media":0,"parent":3796,"menu_order":5,"comment_status":"closed","ping_status":"closed","template":"superenalotto-results.php","meta":{"_et_pb_use_builder":"","_et_pb_old_content":"","_et_gb_content_width":"","exclude_from_search":false,"footnotes":""},"class_list":["post-7810","page","type-page","status-publish","hentry"],"yoast_head":"<!-- This site is optimized with the Yoast SEO plugin v23.4 - https:\/\/yoast.com\/wordpress\/plugins\/seo\/ -->\n<title>Ultimi numeri vincenti del Superenalotto<\/title>\n<meta name=\"description\" content=\"Vuoi sapere i numeri vincenti del Superenalotto? Trova i risultati e altro ancora qui!\" \/>\n<meta name=\"robots\" content=\"index, follow, max-snippet:-1, max-image-preview:large, max-video-preview:-1\" \/>\n<link rel=\"canonical\" href=\"https:\/\/onlinelotto365.com\/it\/numeri-vincenti\/superenalotto\/\" \/>\n<meta property=\"og:locale\" content=\"it_IT\" \/>\n<meta property=\"og:type\" content=\"article\" \/>\n<meta property=\"og:title\" content=\"Ultimi numeri vincenti del Superenalotto\" \/>\n<meta property=\"og:description\" content=\"Vuoi sapere i numeri vincenti del Superenalotto? Trova i risultati e altro ancora qui!\" \/>\n<meta property=\"og:url\" content=\"https:\/\/onlinelotto365.com\/it\/numeri-vincenti\/superenalotto\/\" \/>\n<meta property=\"og:site_name\" content=\"OnlineLotto365\" \/>\n<meta property=\"article:modified_time\" content=\"2021-01-05T18:04:33+00:00\" \/>\n<meta property=\"og:image\" content=\"https:\/\/redfoxlotto.com\/image?size=8&amp;lottery=superenalotto\" \/>\n<meta name=\"twitter:card\" content=\"summary_large_image\" \/>\n<meta name=\"twitter:label1\" content=\"Tempo di lettura stimato\" \/>\n\t<meta name=\"twitter:data1\" content=\"2 minuti\" \/>\n<script type=\"application\/ld+json\" class=\"yoast-schema-graph\">{\"@context\":\"https:\/\/schema.org\",\"@graph\":[{\"@type\":\"WebPage\",\"@id\":\"https:\/\/onlinelotto365.com\/it\/numeri-vincenti\/superenalotto\/\",\"url\":\"https:\/\/onlinelotto365.com\/it\/numeri-vincenti\/superenalotto\/\",\"name\":\"Ultimi numeri vincenti del Superenalotto\",\"isPartOf\":{\"@id\":\"https:\/\/onlinelotto365.com\/it\/#website\"},\"primaryImageOfPage\":{\"@id\":\"https:\/\/onlinelotto365.com\/it\/numeri-vincenti\/superenalotto\/#primaryimage\"},\"image\":{\"@id\":\"https:\/\/onlinelotto365.com\/it\/numeri-vincenti\/superenalotto\/#primaryimage\"},\"thumbnailUrl\":\"https:\/\/redfoxlotto.com\/image?size=8&amp;lottery=superenalotto\",\"datePublished\":\"2020-12-08T13:30:57+00:00\",\"dateModified\":\"2021-01-05T18:04:33+00:00\",\"description\":\"Vuoi sapere i numeri vincenti del Superenalotto? Trova i risultati e altro ancora qui!\",\"breadcrumb\":{\"@id\":\"https:\/\/onlinelotto365.com\/it\/numeri-vincenti\/superenalotto\/#breadcrumb\"},\"inLanguage\":\"it-IT\",\"potentialAction\":[{\"@type\":\"ReadAction\",\"target\":[\"https:\/\/onlinelotto365.com\/it\/numeri-vincenti\/superenalotto\/\"]}]},{\"@type\":\"ImageObject\",\"inLanguage\":\"it-IT\",\"@id\":\"https:\/\/onlinelotto365.com\/it\/numeri-vincenti\/superenalotto\/#primaryimage\",\"url\":\"https:\/\/redfoxlotto.com\/image?size=8&amp;lottery=superenalotto\",\"contentUrl\":\"https:\/\/redfoxlotto.com\/image?size=8&amp;lottery=superenalotto\"},{\"@type\":\"BreadcrumbList\",\"@id\":\"https:\/\/onlinelotto365.com\/it\/numeri-vincenti\/superenalotto\/#breadcrumb\",\"itemListElement\":[{\"@type\":\"ListItem\",\"position\":1,\"name\":\"Home\",\"item\":\"https:\/\/onlinelotto365.com\/it\/\"},{\"@type\":\"ListItem\",\"position\":2,\"name\":\"Trova i numeri vincenti e i risultati delle ultime estrazioni del lotto\",\"item\":\"https:\/\/onlinelotto365.com\/it\/numeri-vincenti\/\"},{\"@type\":\"ListItem\",\"position\":3,\"name\":\"Controlla qui i numeri vincenti del Superenalotto\"}]},{\"@type\":\"WebSite\",\"@id\":\"https:\/\/onlinelotto365.com\/it\/#website\",\"url\":\"https:\/\/onlinelotto365.com\/it\/\",\"name\":\"OnlineLotto365\",\"description\":\"\",\"potentialAction\":[{\"@type\":\"SearchAction\",\"target\":{\"@type\":\"EntryPoint\",\"urlTemplate\":\"https:\/\/onlinelotto365.com\/it\/?s={search_term_string}\"},\"query-input\":{\"@type\":\"PropertyValueSpecification\",\"valueRequired\":true,\"valueName\":\"search_term_string\"}}],\"inLanguage\":\"it-IT\"}]}<\/script>\n<!-- \/ Yoast SEO plugin. -->","yoast_head_json":{"title":"Ultimi numeri vincenti del Superenalotto","description":"Vuoi sapere i numeri vincenti del Superenalotto? Trova i risultati e altro ancora qui!","robots":{"index":"index","follow":"follow","max-snippet":"max-snippet:-1","max-image-preview":"max-image-preview:large","max-video-preview":"max-video-preview:-1"},"canonical":"https:\/\/onlinelotto365.com\/it\/numeri-vincenti\/superenalotto\/","og_locale":"it_IT","og_type":"article","og_title":"Ultimi numeri vincenti del Superenalotto","og_description":"Vuoi sapere i numeri vincenti del Superenalotto? Trova i risultati e altro ancora qui!","og_url":"https:\/\/onlinelotto365.com\/it\/numeri-vincenti\/superenalotto\/","og_site_name":"OnlineLotto365","article_modified_time":"2021-01-05T18:04:33+00:00","og_image":[{"url":"https:\/\/redfoxlotto.com\/image?size=8&amp;lottery=superenalotto"}],"twitter_card":"summary_large_image","twitter_misc":{"Tempo di lettura stimato":"2 minuti"},"schema":{"@context":"https:\/\/schema.org","@graph":[{"@type":"WebPage","@id":"https:\/\/onlinelotto365.com\/it\/numeri-vincenti\/superenalotto\/","url":"https:\/\/onlinelotto365.com\/it\/numeri-vincenti\/superenalotto\/","name":"Ultimi numeri vincenti del Superenalotto","isPartOf":{"@id":"https:\/\/onlinelotto365.com\/it\/#website"},"primaryImageOfPage":{"@id":"https:\/\/onlinelotto365.com\/it\/numeri-vincenti\/superenalotto\/#primaryimage"},"image":{"@id":"https:\/\/onlinelotto365.com\/it\/numeri-vincenti\/superenalotto\/#primaryimage"},"thumbnailUrl":"https:\/\/redfoxlotto.com\/image?size=8&amp;lottery=superenalotto","datePublished":"2020-12-08T13:30:57+00:00","dateModified":"2021-01-05T18:04:33+00:00","description":"Vuoi sapere i numeri vincenti del Superenalotto? Trova i risultati e altro ancora qui!","breadcrumb":{"@id":"https:\/\/onlinelotto365.com\/it\/numeri-vincenti\/superenalotto\/#breadcrumb"},"inLanguage":"it-IT","potentialAction":[{"@type":"ReadAction","target":["https:\/\/onlinelotto365.com\/it\/numeri-vincenti\/superenalotto\/"]}]},{"@type":"ImageObject","inLanguage":"it-IT","@id":"https:\/\/onlinelotto365.com\/it\/numeri-vincenti\/superenalotto\/#primaryimage","url":"https:\/\/redfoxlotto.com\/image?size=8&amp;lottery=superenalotto","contentUrl":"https:\/\/redfoxlotto.com\/image?size=8&amp;lottery=superenalotto"},{"@type":"BreadcrumbList","@id":"https:\/\/onlinelotto365.com\/it\/numeri-vincenti\/superenalotto\/#breadcrumb","itemListElement":[{"@type":"ListItem","position":1,"name":"Home","item":"https:\/\/onlinelotto365.com\/it\/"},{"@type":"ListItem","position":2,"name":"Trova i numeri vincenti e i risultati delle ultime estrazioni del lotto","item":"https:\/\/onlinelotto365.com\/it\/numeri-vincenti\/"},{"@type":"ListItem","position":3,"name":"Controlla qui i numeri vincenti del Superenalotto"}]},{"@type":"WebSite","@id":"https:\/\/onlinelotto365.com\/it\/#website","url":"https:\/\/onlinelotto365.com\/it\/","name":"OnlineLotto365","description":"","potentialAction":[{"@type":"SearchAction","target":{"@type":"EntryPoint","urlTemplate":"https:\/\/onlinelotto365.com\/it\/?s={search_term_string}"},"query-input":{"@type":"PropertyValueSpecification","valueRequired":true,"valueName":"search_term_string"}}],"inLanguage":"it-IT"}]}},"_links":{"self":[{"href":"https:\/\/onlinelotto365.com\/it\/wp-json\/wp\/v2\/pages\/7810","targetHints":{"allow":["GET"]}}],"collection":[{"href":"https:\/\/onlinelotto365.com\/it\/wp-json\/wp\/v2\/pages"}],"about":[{"href":"https:\/\/onlinelotto365.com\/it\/wp-json\/wp\/v2\/types\/page"}],"author":[{"embeddable":true,"href":"https:\/\/onlinelotto365.com\/it\/wp-json\/wp\/v2\/users\/1"}],"replies":[{"embeddable":true,"href":"https:\/\/onlinelotto365.com\/it\/wp-json\/wp\/v2\/comments?post=7810"}],"version-history":[{"count":0,"href":"https:\/\/onlinelotto365.com\/it\/wp-json\/wp\/v2\/pages\/7810\/revisions"}],"up":[{"embeddable":true,"href":"https:\/\/onlinelotto365.com\/it\/wp-json\/wp\/v2\/pages\/3796"}],"wp:attachment":[{"href":"https:\/\/onlinelotto365.com\/it\/wp-json\/wp\/v2\/media?parent=7810"}],"curies":[{"name":"wp","href":"https:\/\/api.w.org\/{rel}","templated":true}]}}