{"id":7838,"date":"2020-12-08T14:34:37","date_gmt":"2020-12-08T13:34:37","guid":{"rendered":"http:\/\/onlinelotto365.net\/?page_id=7838"},"modified":"2021-01-11T09:57:53","modified_gmt":"2021-01-11T08:57:53","slug":"el-gordo","status":"publish","type":"page","link":"https:\/\/onlinelotto365.com\/it\/numeri-vincenti\/el-gordo\/","title":{"rendered":"Controlla qui i risultati e le vincite di El Gordo"},"content":{"rendered":"<p>Sappiamo che offriamo un sacco di <a href=\"http:\/\/onlinelotto365.com\/it\">lotterie internazionali<\/a> diverse e che pu\u00f2 creare un po&#8217; di confusione cercando di capire i numeri vincenti. Molte persone cercano sul giornale per trovare i numeri vincenti per i loro giochi preferiti, ma a meno che non si viva in zona <strong>trovare i numeri di El Gordo pu\u00f2 essere difficile.<\/strong> Lo stesso vale per cercare di guardare l&#8217;estrazione o vedere i numeri vincenti in TV.<\/p>\n<p>Un&#8217;altra opzione \u00e8 quella di guardare il sito ufficiale di El Gordo e vedere se offrono un <a href=\"https:\/\/onlinelotto365.com\/it\/news\/lotto-live\"><strong>flusso in tempo reale del processo di disegno<\/strong><\/a>. Per i giochi che lo fanno, questa pu\u00f2 essere un&#8217;opportunit\u00e0 divertente e interessante per chiunque.<\/p>\n<p>Ma ci sono molti giochi che in realt\u00e0 non offrono questo. Invece, si dovrebbe aspettare la fine del disegno e tutto \u00e8 stato segnalato per vedere i risultati.<br \/>\nInfine, se il disegno \u00e8 gi\u00e0 finito, si pu\u00f2 andare su YouTube e trovare il disegno di El Gordo. Ma questa \u00e8 un&#8217;altra area in cui potreste non avere successo. Potrebbe non esserci nulla a disposizione per il vostro disegno.<br \/>\n<a href=\"https:\/\/redfoxlotto.com\/it\/el-gordo-primitiva\/?ref=a8564250a2&amp;medium=ol365\" target=\"_blank\" rel=\"noopener noreferrer\"><img decoding=\"async\" class=\"aligncenter\" src=\"https:\/\/redfoxlotto.com\/image?size=8&amp;lottery=el-gordo-primitiva\" alt=\"el gordo\" \/><\/a><br \/>\nUno dei modi migliori e pi\u00f9 semplici per trovare i numeri vincenti, tuttavia, \u00e8 con il nostro sito web. Controlla i nostri numeri vincenti e le pagine dei risultati per trovare i risultati di El Gordo e di qualsiasi altro gioco della lotteria che abbiamo a disposizione.<\/p>\n<h2>Come scoprire se il tuo biglietto online ha vinto<img loading=\"lazy\" decoding=\"async\" class=\"alignright wp-image-3573\" src=\"https:\/\/onlinelotto365.com\/wp-content\/uploads\/2020\/11\/online_lottery-96-300x212.jpg\" alt=\"El Gordo results\" width=\"166\" height=\"117\" srcset=\"https:\/\/onlinelotto365.com\/wp-content\/uploads\/2020\/11\/online_lottery-96-300x212.jpg 300w, https:\/\/onlinelotto365.com\/wp-content\/uploads\/2020\/11\/online_lottery-96.jpg 320w\" sizes=\"auto, (max-width: 166px) 100vw, 166px\" \/><\/h2>\n<p>La parte ancora migliore \u00e8 che non devi nemmeno andare alla pagina dei risultati della lotteria. Puoi andare direttamente sul tuo account se hai acquistato i biglietti. Da l\u00ec potrai vedere non solo i numeri vincenti, ma anche come i tuoi numeri si allineano. Potrai vedere i numeri confrontati e poi potrai vedere quale \u00e8 la partita e quanto hai effettivamente vinto. Se hai vinto meno di \u20ac2500 non devi nemmeno fare nulla perch\u00e9 la vincita sar\u00e0 proprio sul tuo conto.<\/p>\n<h2>Archivio risultati El Gordo<\/h2>\n<p>Se volete cercare i vecchi numeri e vedere cosa sono stati, potete fare anche questo. Infatti, qualsiasi pagina del nostro sito web dove si possono vedere gli ultimi risultati di El Gordo vi permetter\u00e0 anche di controllare alcuni dei vecchi numeri. Questo vi render\u00e0 pi\u00f9 facile capire quali numeri volete giocare la prossima volta.<\/p>\n<h2>Il mio biglietto ha vinto, cosa succede dopo?<\/h2>\n<p>Se vinci, ti sar\u00e0 facile ottenere i tuoi soldi perch\u00e9 li depositeremo direttamente sul tuo conto non appena i risultati saranno certificati. Se \u00e8 meno di \u20ac2500 avrai i soldi cos\u00ec velocemente. Poi, se \u00e8 superiore a 10 euro, puoi prelevare il denaro sul tuo conto.<br \/>\nOppure puoi lasciare il denaro nel tuo conto giocatore e usarlo per <a href=\"https:\/\/onlinelotto365.com\/it\/buy-tickets\">acquistare ancora pi\u00f9 biglietti per altre partite<\/a>. Tenete presente che per prelevare il vostro denaro \u00e8 necessaria una documentazione conforme alle norme federali. Dovete anche utilizzare un metodo che avete gi\u00e0 utilizzato per un deposito.<\/p>\n","protected":false},"excerpt":{"rendered":"<p>Sappiamo che offriamo un sacco di lotterie internazionali diverse e che pu\u00f2 creare un po&#8217; di confusione cercando di capire i numeri vincenti. Molte persone cercano sul giornale per trovare i numeri vincenti per i loro giochi preferiti, ma a meno che non si viva in zona trovare i numeri di El Gordo pu\u00f2 essere [&hellip;]<\/p>\n","protected":false},"author":1,"featured_media":0,"parent":3796,"menu_order":6,"comment_status":"closed","ping_status":"closed","template":"el-gordo-results.php","meta":{"_et_pb_use_builder":"","_et_pb_old_content":"","_et_gb_content_width":"","exclude_from_search":false,"footnotes":""},"class_list":["post-7838","page","type-page","status-publish","hentry"],"yoast_head":"<!-- This site is optimized with the Yoast SEO plugin v23.4 - https:\/\/yoast.com\/wordpress\/plugins\/seo\/ -->\n<title>Numeri vincenti di El Gordo | Risultati e premi dell&#039;estrazione El Gordo<\/title>\n<meta name=\"description\" content=\"Numeri vincenti, risultati, premi per El Gordo e molte altre lotterie, sempre aggiornati sul nostro sito web\" \/>\n<meta name=\"robots\" content=\"index, follow, max-snippet:-1, max-image-preview:large, max-video-preview:-1\" \/>\n<link rel=\"canonical\" href=\"https:\/\/onlinelotto365.com\/it\/numeri-vincenti\/el-gordo\/\" \/>\n<meta property=\"og:locale\" content=\"it_IT\" \/>\n<meta property=\"og:type\" content=\"article\" \/>\n<meta property=\"og:title\" content=\"Numeri vincenti di El Gordo | Risultati e premi dell&#039;estrazione El Gordo\" \/>\n<meta property=\"og:description\" content=\"Numeri vincenti, risultati, premi per El Gordo e molte altre lotterie, sempre aggiornati sul nostro sito web\" \/>\n<meta property=\"og:url\" content=\"https:\/\/onlinelotto365.com\/it\/numeri-vincenti\/el-gordo\/\" \/>\n<meta property=\"og:site_name\" content=\"OnlineLotto365\" \/>\n<meta property=\"article:modified_time\" content=\"2021-01-11T08:57:53+00:00\" \/>\n<meta property=\"og:image\" content=\"https:\/\/redfoxlotto.com\/image?size=8&amp;lottery=el-gordo-primitiva\" \/>\n<meta name=\"twitter:card\" content=\"summary_large_image\" \/>\n<meta name=\"twitter:label1\" content=\"Tempo di lettura stimato\" \/>\n\t<meta name=\"twitter:data1\" content=\"2 minuti\" \/>\n<script type=\"application\/ld+json\" class=\"yoast-schema-graph\">{\"@context\":\"https:\/\/schema.org\",\"@graph\":[{\"@type\":\"WebPage\",\"@id\":\"https:\/\/onlinelotto365.com\/it\/numeri-vincenti\/el-gordo\/\",\"url\":\"https:\/\/onlinelotto365.com\/it\/numeri-vincenti\/el-gordo\/\",\"name\":\"Numeri vincenti di El Gordo | Risultati e premi dell'estrazione El Gordo\",\"isPartOf\":{\"@id\":\"https:\/\/onlinelotto365.com\/it\/#website\"},\"primaryImageOfPage\":{\"@id\":\"https:\/\/onlinelotto365.com\/it\/numeri-vincenti\/el-gordo\/#primaryimage\"},\"image\":{\"@id\":\"https:\/\/onlinelotto365.com\/it\/numeri-vincenti\/el-gordo\/#primaryimage\"},\"thumbnailUrl\":\"https:\/\/redfoxlotto.com\/image?size=8&amp;lottery=el-gordo-primitiva\",\"datePublished\":\"2020-12-08T13:34:37+00:00\",\"dateModified\":\"2021-01-11T08:57:53+00:00\",\"description\":\"Numeri vincenti, risultati, premi per El Gordo e molte altre lotterie, sempre aggiornati sul nostro sito web\",\"breadcrumb\":{\"@id\":\"https:\/\/onlinelotto365.com\/it\/numeri-vincenti\/el-gordo\/#breadcrumb\"},\"inLanguage\":\"it-IT\",\"potentialAction\":[{\"@type\":\"ReadAction\",\"target\":[\"https:\/\/onlinelotto365.com\/it\/numeri-vincenti\/el-gordo\/\"]}]},{\"@type\":\"ImageObject\",\"inLanguage\":\"it-IT\",\"@id\":\"https:\/\/onlinelotto365.com\/it\/numeri-vincenti\/el-gordo\/#primaryimage\",\"url\":\"https:\/\/redfoxlotto.com\/image?size=8&amp;lottery=el-gordo-primitiva\",\"contentUrl\":\"https:\/\/redfoxlotto.com\/image?size=8&amp;lottery=el-gordo-primitiva\"},{\"@type\":\"BreadcrumbList\",\"@id\":\"https:\/\/onlinelotto365.com\/it\/numeri-vincenti\/el-gordo\/#breadcrumb\",\"itemListElement\":[{\"@type\":\"ListItem\",\"position\":1,\"name\":\"Home\",\"item\":\"https:\/\/onlinelotto365.com\/it\/\"},{\"@type\":\"ListItem\",\"position\":2,\"name\":\"Trova i numeri vincenti e i risultati delle ultime estrazioni del lotto\",\"item\":\"https:\/\/onlinelotto365.com\/it\/numeri-vincenti\/\"},{\"@type\":\"ListItem\",\"position\":3,\"name\":\"Controlla qui i risultati e le vincite di El Gordo\"}]},{\"@type\":\"WebSite\",\"@id\":\"https:\/\/onlinelotto365.com\/it\/#website\",\"url\":\"https:\/\/onlinelotto365.com\/it\/\",\"name\":\"OnlineLotto365\",\"description\":\"\",\"potentialAction\":[{\"@type\":\"SearchAction\",\"target\":{\"@type\":\"EntryPoint\",\"urlTemplate\":\"https:\/\/onlinelotto365.com\/it\/?s={search_term_string}\"},\"query-input\":{\"@type\":\"PropertyValueSpecification\",\"valueRequired\":true,\"valueName\":\"search_term_string\"}}],\"inLanguage\":\"it-IT\"}]}<\/script>\n<!-- \/ Yoast SEO plugin. -->","yoast_head_json":{"title":"Numeri vincenti di El Gordo | Risultati e premi dell'estrazione El Gordo","description":"Numeri vincenti, risultati, premi per El Gordo e molte altre lotterie, sempre aggiornati sul nostro sito web","robots":{"index":"index","follow":"follow","max-snippet":"max-snippet:-1","max-image-preview":"max-image-preview:large","max-video-preview":"max-video-preview:-1"},"canonical":"https:\/\/onlinelotto365.com\/it\/numeri-vincenti\/el-gordo\/","og_locale":"it_IT","og_type":"article","og_title":"Numeri vincenti di El Gordo | Risultati e premi dell'estrazione El Gordo","og_description":"Numeri vincenti, risultati, premi per El Gordo e molte altre lotterie, sempre aggiornati sul nostro sito web","og_url":"https:\/\/onlinelotto365.com\/it\/numeri-vincenti\/el-gordo\/","og_site_name":"OnlineLotto365","article_modified_time":"2021-01-11T08:57:53+00:00","og_image":[{"url":"https:\/\/redfoxlotto.com\/image?size=8&amp;lottery=el-gordo-primitiva"}],"twitter_card":"summary_large_image","twitter_misc":{"Tempo di lettura stimato":"2 minuti"},"schema":{"@context":"https:\/\/schema.org","@graph":[{"@type":"WebPage","@id":"https:\/\/onlinelotto365.com\/it\/numeri-vincenti\/el-gordo\/","url":"https:\/\/onlinelotto365.com\/it\/numeri-vincenti\/el-gordo\/","name":"Numeri vincenti di El Gordo | Risultati e premi dell'estrazione El Gordo","isPartOf":{"@id":"https:\/\/onlinelotto365.com\/it\/#website"},"primaryImageOfPage":{"@id":"https:\/\/onlinelotto365.com\/it\/numeri-vincenti\/el-gordo\/#primaryimage"},"image":{"@id":"https:\/\/onlinelotto365.com\/it\/numeri-vincenti\/el-gordo\/#primaryimage"},"thumbnailUrl":"https:\/\/redfoxlotto.com\/image?size=8&amp;lottery=el-gordo-primitiva","datePublished":"2020-12-08T13:34:37+00:00","dateModified":"2021-01-11T08:57:53+00:00","description":"Numeri vincenti, risultati, premi per El Gordo e molte altre lotterie, sempre aggiornati sul nostro sito web","breadcrumb":{"@id":"https:\/\/onlinelotto365.com\/it\/numeri-vincenti\/el-gordo\/#breadcrumb"},"inLanguage":"it-IT","potentialAction":[{"@type":"ReadAction","target":["https:\/\/onlinelotto365.com\/it\/numeri-vincenti\/el-gordo\/"]}]},{"@type":"ImageObject","inLanguage":"it-IT","@id":"https:\/\/onlinelotto365.com\/it\/numeri-vincenti\/el-gordo\/#primaryimage","url":"https:\/\/redfoxlotto.com\/image?size=8&amp;lottery=el-gordo-primitiva","contentUrl":"https:\/\/redfoxlotto.com\/image?size=8&amp;lottery=el-gordo-primitiva"},{"@type":"BreadcrumbList","@id":"https:\/\/onlinelotto365.com\/it\/numeri-vincenti\/el-gordo\/#breadcrumb","itemListElement":[{"@type":"ListItem","position":1,"name":"Home","item":"https:\/\/onlinelotto365.com\/it\/"},{"@type":"ListItem","position":2,"name":"Trova i numeri vincenti e i risultati delle ultime estrazioni del lotto","item":"https:\/\/onlinelotto365.com\/it\/numeri-vincenti\/"},{"@type":"ListItem","position":3,"name":"Controlla qui i risultati e le vincite di El Gordo"}]},{"@type":"WebSite","@id":"https:\/\/onlinelotto365.com\/it\/#website","url":"https:\/\/onlinelotto365.com\/it\/","name":"OnlineLotto365","description":"","potentialAction":[{"@type":"SearchAction","target":{"@type":"EntryPoint","urlTemplate":"https:\/\/onlinelotto365.com\/it\/?s={search_term_string}"},"query-input":{"@type":"PropertyValueSpecification","valueRequired":true,"valueName":"search_term_string"}}],"inLanguage":"it-IT"}]}},"_links":{"self":[{"href":"https:\/\/onlinelotto365.com\/it\/wp-json\/wp\/v2\/pages\/7838","targetHints":{"allow":["GET"]}}],"collection":[{"href":"https:\/\/onlinelotto365.com\/it\/wp-json\/wp\/v2\/pages"}],"about":[{"href":"https:\/\/onlinelotto365.com\/it\/wp-json\/wp\/v2\/types\/page"}],"author":[{"embeddable":true,"href":"https:\/\/onlinelotto365.com\/it\/wp-json\/wp\/v2\/users\/1"}],"replies":[{"embeddable":true,"href":"https:\/\/onlinelotto365.com\/it\/wp-json\/wp\/v2\/comments?post=7838"}],"version-history":[{"count":0,"href":"https:\/\/onlinelotto365.com\/it\/wp-json\/wp\/v2\/pages\/7838\/revisions"}],"up":[{"embeddable":true,"href":"https:\/\/onlinelotto365.com\/it\/wp-json\/wp\/v2\/pages\/3796"}],"wp:attachment":[{"href":"https:\/\/onlinelotto365.com\/it\/wp-json\/wp\/v2\/media?parent=7838"}],"curies":[{"name":"wp","href":"https:\/\/api.w.org\/{rel}","templated":true}]}}