{"id":7877,"date":"2020-12-08T14:36:51","date_gmt":"2020-12-08T13:36:51","guid":{"rendered":"http:\/\/onlinelotto365.net\/?page_id=7877"},"modified":"2021-01-11T10:33:49","modified_gmt":"2021-01-11T09:33:49","slug":"bonoloto","status":"publish","type":"page","link":"https:\/\/onlinelotto365.com\/it\/numeri-vincenti\/bonoloto\/","title":{"rendered":"Risultati Bonoloto spagnolo"},"content":{"rendered":"<p>I giochi della lotteria internazionale possono essere molto divertenti, ma bisogna sapere come controllare i numeri vincenti. Un modo per <strong>guardare i numeri vincenti di BonoLoto<\/strong> \u00e8 quello di andare al giornale. Ma solo i giornali locali hanno generalmente i risultati che cercate.<\/p>\n<p>Un&#8217;altra opzione \u00e8 quella di guardare le stazioni televisive, ma \u00e8 possibile che anche l\u00ec non troviate le informazioni che state cercando. Bisogna vivere nella zona giusta e sapere quando <a href=\"https:\/\/onlinelotto365.com\/it\/news\/controllare-il-biglietto-della-lotteria-on-line\">controllare i numeri.<\/a><\/p>\n<p>Successivamente, \u00e8 possibile guardare il sito ufficiale di BonoLoto per vedere se offrono un disegno dal vivo online. Per i giochi che lo fanno pu\u00f2 essere emozionante per chiunque, perch\u00e9 ci si pu\u00f2 far prendere dal momento di guardare i numeri che arrivano immediatamente. Ma tenete presente che non tutti i <a href=\"http:\/\/onlinelotto365.com\">giochi della lotteria<\/a> offrono questa possibilit\u00e0.<\/p>\n<p>Infine, potete dare un&#8217;occhiata a YouTube per vedere se qualcuno ha pubblicato un video live dell&#8217;estrazione o se ha registrato i numeri vincenti in qualsiasi altro modo per condividere l&#8217;estrazione di BonoLoto.<br \/>\n<a href=\"https:\/\/redfoxlotto.com\/it\/bonoloto\/?ref=a8564250a2&amp;medium=ol365\" target=\"_blank\" rel=\"noopener noreferrer\"><img decoding=\"async\" class=\"aligncenter\" src=\"https:\/\/redfoxlotto.com\/image?size=8&amp;lottery=bonoloto\" alt=\"BonoLoto\" \/><\/a><\/p>\n<p>Il modo pi\u00f9 conveniente per ottenere i numeri vincenti, tuttavia, \u00e8 sicuramente quello di dare un&#8217;occhiata al nostro sito web. <strong>Vi daremo tutti i numeri vincenti di BonoLoto, cos\u00ec come tutti gli altri giochi<\/strong> che abbiamo a disposizione sul nostro sito web, in modo che possiate tenerne traccia in un unico posto.<\/p>\n<h2>Come scoprire se il vostro biglietto online ha vinto<img loading=\"lazy\" decoding=\"async\" class=\"alignright wp-image-3651\" src=\"https:\/\/onlinelotto365.com\/wp-content\/uploads\/2020\/11\/online_lottery-79-300x292.jpg\" alt=\"bonoloto winning numbers\" width=\"148\" height=\"145\" srcset=\"https:\/\/onlinelotto365.com\/wp-content\/uploads\/2020\/11\/online_lottery-79-300x292.jpg 300w, https:\/\/onlinelotto365.com\/wp-content\/uploads\/2020\/11\/online_lottery-79.jpg 320w\" sizes=\"auto, (max-width: 148px) 100vw, 148px\" \/><\/h2>\n<p>Per coloro che hanno gi\u00e0 <a href=\"https:\/\/onlinelotto365.com\/it\/buy-tickets\/powerball\">acquistato un biglietto per BonoLoto<\/a>, potete andare direttamente sul vostro conto. Effettuate il login e andate alla pagina con i vostri biglietti. Una volta arrivati, potrete vedere i risultati delle partite per le quali avete acquistato i biglietti. Questo vi render\u00e0 molto pi\u00f9 facile <strong>vedere quali numeri avete abbinato<\/strong> e quali no. Potrai anche ottenere subito i tuoi soldi se hai vinto meno di 2500 euro. Questo perch\u00e9 questi importi vengono depositati direttamente sul vostro conto senza che dobbiate fare nulla.<\/p>\n<h2>Archivio risultati BonoLoto<\/h2>\n<p>Se cercate i vecchi numeri del BonoLoto non dovete cercare lontano. Questo perch\u00e9 ci siamo presi cura di tutto per voi. Abbiamo anche messo tutti i vecchi numeri nello stesso posto degli ultimi numeri, in modo da non doversi preoccupare di cercare di rintracciarli. Questo perch\u00e9 sappiamo quanto sia importante per voi trovare quei numeri quando li volete.<\/p>\n<h2>Il mio biglietto ha vinto, cosa succede dopo?<\/h2>\n<p>Abbiamo gi\u00e0 parlato del fatto che se vinci alcuni dei piccoli premi per qualsiasi gioco del lotto non devi preoccuparti di ottenere i tuoi soldi. Questo perch\u00e9 ci occupiamo noi di farteli depositare direttamente sul tuo conto. Qualsiasi importo inferiore a \u20ac2500 sar\u00e0 automaticamente aggiunto al tuo conto, in modo che sia pronto quando lo vorrai.<br \/>\nQuesto sar\u00e0 sicuramente conveniente per voi e vi aiuter\u00e0 ad iniziare ad usare quei soldi. Questo perch\u00e9 puoi usarlo per acquistare altri biglietti ogni volta che vuoi. Se sono pi\u00f9 di 10 euro, puoi anche prelevare il denaro su qualsiasi conto che hai gi\u00e0 usato sul nostro sito.<\/p>\n","protected":false},"excerpt":{"rendered":"<p>I giochi della lotteria internazionale possono essere molto divertenti, ma bisogna sapere come controllare i numeri vincenti. Un modo per guardare i numeri vincenti di BonoLoto \u00e8 quello di andare al giornale. Ma solo i giornali locali hanno generalmente i risultati che cercate. Un&#8217;altra opzione \u00e8 quella di guardare le stazioni televisive, ma \u00e8 possibile [&hellip;]<\/p>\n","protected":false},"author":1,"featured_media":0,"parent":3796,"menu_order":8,"comment_status":"closed","ping_status":"closed","template":"template-rightsidebar.php","meta":{"_et_pb_use_builder":"","_et_pb_old_content":"","_et_gb_content_width":"","exclude_from_search":false,"footnotes":""},"class_list":["post-7877","page","type-page","status-publish","hentry"],"yoast_head":"<!-- This site is optimized with the Yoast SEO plugin v23.4 - https:\/\/yoast.com\/wordpress\/plugins\/seo\/ -->\n<title>Risultati e premi per il BonoLoto spagnolo<\/title>\n<meta name=\"description\" content=\"Guarda qui per scoprire se i tuoi biglietti per Bonoloto hanno vinto\" \/>\n<meta name=\"robots\" content=\"index, follow, max-snippet:-1, max-image-preview:large, max-video-preview:-1\" \/>\n<link rel=\"canonical\" href=\"https:\/\/onlinelotto365.com\/it\/numeri-vincenti\/bonoloto\/\" \/>\n<meta property=\"og:locale\" content=\"it_IT\" \/>\n<meta property=\"og:type\" content=\"article\" \/>\n<meta property=\"og:title\" content=\"Risultati e premi per il BonoLoto spagnolo\" \/>\n<meta property=\"og:description\" content=\"Guarda qui per scoprire se i tuoi biglietti per Bonoloto hanno vinto\" \/>\n<meta property=\"og:url\" content=\"https:\/\/onlinelotto365.com\/it\/numeri-vincenti\/bonoloto\/\" \/>\n<meta property=\"og:site_name\" content=\"OnlineLotto365\" \/>\n<meta property=\"article:modified_time\" content=\"2021-01-11T09:33:49+00:00\" \/>\n<meta property=\"og:image\" content=\"https:\/\/redfoxlotto.com\/image?size=8&amp;lottery=bonoloto\" \/>\n<meta name=\"twitter:card\" content=\"summary_large_image\" \/>\n<meta name=\"twitter:label1\" content=\"Tempo di lettura stimato\" \/>\n\t<meta name=\"twitter:data1\" content=\"2 minuti\" \/>\n<script type=\"application\/ld+json\" class=\"yoast-schema-graph\">{\"@context\":\"https:\/\/schema.org\",\"@graph\":[{\"@type\":\"WebPage\",\"@id\":\"https:\/\/onlinelotto365.com\/it\/numeri-vincenti\/bonoloto\/\",\"url\":\"https:\/\/onlinelotto365.com\/it\/numeri-vincenti\/bonoloto\/\",\"name\":\"Risultati e premi per il BonoLoto spagnolo\",\"isPartOf\":{\"@id\":\"https:\/\/onlinelotto365.com\/it\/#website\"},\"primaryImageOfPage\":{\"@id\":\"https:\/\/onlinelotto365.com\/it\/numeri-vincenti\/bonoloto\/#primaryimage\"},\"image\":{\"@id\":\"https:\/\/onlinelotto365.com\/it\/numeri-vincenti\/bonoloto\/#primaryimage\"},\"thumbnailUrl\":\"https:\/\/redfoxlotto.com\/image?size=8&amp;lottery=bonoloto\",\"datePublished\":\"2020-12-08T13:36:51+00:00\",\"dateModified\":\"2021-01-11T09:33:49+00:00\",\"description\":\"Guarda qui per scoprire se i tuoi biglietti per Bonoloto hanno vinto\",\"breadcrumb\":{\"@id\":\"https:\/\/onlinelotto365.com\/it\/numeri-vincenti\/bonoloto\/#breadcrumb\"},\"inLanguage\":\"it-IT\",\"potentialAction\":[{\"@type\":\"ReadAction\",\"target\":[\"https:\/\/onlinelotto365.com\/it\/numeri-vincenti\/bonoloto\/\"]}]},{\"@type\":\"ImageObject\",\"inLanguage\":\"it-IT\",\"@id\":\"https:\/\/onlinelotto365.com\/it\/numeri-vincenti\/bonoloto\/#primaryimage\",\"url\":\"https:\/\/redfoxlotto.com\/image?size=8&amp;lottery=bonoloto\",\"contentUrl\":\"https:\/\/redfoxlotto.com\/image?size=8&amp;lottery=bonoloto\"},{\"@type\":\"BreadcrumbList\",\"@id\":\"https:\/\/onlinelotto365.com\/it\/numeri-vincenti\/bonoloto\/#breadcrumb\",\"itemListElement\":[{\"@type\":\"ListItem\",\"position\":1,\"name\":\"Home\",\"item\":\"https:\/\/onlinelotto365.com\/it\/\"},{\"@type\":\"ListItem\",\"position\":2,\"name\":\"Trova i numeri vincenti e i risultati delle ultime estrazioni del lotto\",\"item\":\"https:\/\/onlinelotto365.com\/it\/numeri-vincenti\/\"},{\"@type\":\"ListItem\",\"position\":3,\"name\":\"Risultati Bonoloto spagnolo\"}]},{\"@type\":\"WebSite\",\"@id\":\"https:\/\/onlinelotto365.com\/it\/#website\",\"url\":\"https:\/\/onlinelotto365.com\/it\/\",\"name\":\"OnlineLotto365\",\"description\":\"\",\"potentialAction\":[{\"@type\":\"SearchAction\",\"target\":{\"@type\":\"EntryPoint\",\"urlTemplate\":\"https:\/\/onlinelotto365.com\/it\/?s={search_term_string}\"},\"query-input\":{\"@type\":\"PropertyValueSpecification\",\"valueRequired\":true,\"valueName\":\"search_term_string\"}}],\"inLanguage\":\"it-IT\"}]}<\/script>\n<!-- \/ Yoast SEO plugin. -->","yoast_head_json":{"title":"Risultati e premi per il BonoLoto spagnolo","description":"Guarda qui per scoprire se i tuoi biglietti per Bonoloto hanno vinto","robots":{"index":"index","follow":"follow","max-snippet":"max-snippet:-1","max-image-preview":"max-image-preview:large","max-video-preview":"max-video-preview:-1"},"canonical":"https:\/\/onlinelotto365.com\/it\/numeri-vincenti\/bonoloto\/","og_locale":"it_IT","og_type":"article","og_title":"Risultati e premi per il BonoLoto spagnolo","og_description":"Guarda qui per scoprire se i tuoi biglietti per Bonoloto hanno vinto","og_url":"https:\/\/onlinelotto365.com\/it\/numeri-vincenti\/bonoloto\/","og_site_name":"OnlineLotto365","article_modified_time":"2021-01-11T09:33:49+00:00","og_image":[{"url":"https:\/\/redfoxlotto.com\/image?size=8&amp;lottery=bonoloto"}],"twitter_card":"summary_large_image","twitter_misc":{"Tempo di lettura stimato":"2 minuti"},"schema":{"@context":"https:\/\/schema.org","@graph":[{"@type":"WebPage","@id":"https:\/\/onlinelotto365.com\/it\/numeri-vincenti\/bonoloto\/","url":"https:\/\/onlinelotto365.com\/it\/numeri-vincenti\/bonoloto\/","name":"Risultati e premi per il BonoLoto spagnolo","isPartOf":{"@id":"https:\/\/onlinelotto365.com\/it\/#website"},"primaryImageOfPage":{"@id":"https:\/\/onlinelotto365.com\/it\/numeri-vincenti\/bonoloto\/#primaryimage"},"image":{"@id":"https:\/\/onlinelotto365.com\/it\/numeri-vincenti\/bonoloto\/#primaryimage"},"thumbnailUrl":"https:\/\/redfoxlotto.com\/image?size=8&amp;lottery=bonoloto","datePublished":"2020-12-08T13:36:51+00:00","dateModified":"2021-01-11T09:33:49+00:00","description":"Guarda qui per scoprire se i tuoi biglietti per Bonoloto hanno vinto","breadcrumb":{"@id":"https:\/\/onlinelotto365.com\/it\/numeri-vincenti\/bonoloto\/#breadcrumb"},"inLanguage":"it-IT","potentialAction":[{"@type":"ReadAction","target":["https:\/\/onlinelotto365.com\/it\/numeri-vincenti\/bonoloto\/"]}]},{"@type":"ImageObject","inLanguage":"it-IT","@id":"https:\/\/onlinelotto365.com\/it\/numeri-vincenti\/bonoloto\/#primaryimage","url":"https:\/\/redfoxlotto.com\/image?size=8&amp;lottery=bonoloto","contentUrl":"https:\/\/redfoxlotto.com\/image?size=8&amp;lottery=bonoloto"},{"@type":"BreadcrumbList","@id":"https:\/\/onlinelotto365.com\/it\/numeri-vincenti\/bonoloto\/#breadcrumb","itemListElement":[{"@type":"ListItem","position":1,"name":"Home","item":"https:\/\/onlinelotto365.com\/it\/"},{"@type":"ListItem","position":2,"name":"Trova i numeri vincenti e i risultati delle ultime estrazioni del lotto","item":"https:\/\/onlinelotto365.com\/it\/numeri-vincenti\/"},{"@type":"ListItem","position":3,"name":"Risultati Bonoloto spagnolo"}]},{"@type":"WebSite","@id":"https:\/\/onlinelotto365.com\/it\/#website","url":"https:\/\/onlinelotto365.com\/it\/","name":"OnlineLotto365","description":"","potentialAction":[{"@type":"SearchAction","target":{"@type":"EntryPoint","urlTemplate":"https:\/\/onlinelotto365.com\/it\/?s={search_term_string}"},"query-input":{"@type":"PropertyValueSpecification","valueRequired":true,"valueName":"search_term_string"}}],"inLanguage":"it-IT"}]}},"_links":{"self":[{"href":"https:\/\/onlinelotto365.com\/it\/wp-json\/wp\/v2\/pages\/7877","targetHints":{"allow":["GET"]}}],"collection":[{"href":"https:\/\/onlinelotto365.com\/it\/wp-json\/wp\/v2\/pages"}],"about":[{"href":"https:\/\/onlinelotto365.com\/it\/wp-json\/wp\/v2\/types\/page"}],"author":[{"embeddable":true,"href":"https:\/\/onlinelotto365.com\/it\/wp-json\/wp\/v2\/users\/1"}],"replies":[{"embeddable":true,"href":"https:\/\/onlinelotto365.com\/it\/wp-json\/wp\/v2\/comments?post=7877"}],"version-history":[{"count":0,"href":"https:\/\/onlinelotto365.com\/it\/wp-json\/wp\/v2\/pages\/7877\/revisions"}],"up":[{"embeddable":true,"href":"https:\/\/onlinelotto365.com\/it\/wp-json\/wp\/v2\/pages\/3796"}],"wp:attachment":[{"href":"https:\/\/onlinelotto365.com\/it\/wp-json\/wp\/v2\/media?parent=7877"}],"curies":[{"name":"wp","href":"https:\/\/api.w.org\/{rel}","templated":true}]}}