{"id":7909,"date":"2020-12-08T14:40:23","date_gmt":"2020-12-08T13:40:23","guid":{"rendered":"http:\/\/onlinelotto365.net\/?page_id=7909"},"modified":"2020-12-30T12:59:17","modified_gmt":"2020-12-30T11:59:17","slug":"uk-lottery","status":"publish","type":"page","link":"https:\/\/onlinelotto365.com\/it\/numeri-vincenti\/uk-lottery\/","title":{"rendered":"Risultati della lotteria nel Regno Unito"},"content":{"rendered":"<p>Ci sono moltissimi giochi internazionali e noi ne offriamo moltissimi. Questo pu\u00f2 significare che si ha un momento difficile <a href=\"https:\/\/onlinelotto365.com\/it\/numeri-vincenti\"><strong>trovare i risultati<\/strong><\/a> dopo il disegno. Per alcuni, vogliono guardare sul giornale, ma il vostro giornale locale <strong>potrebbe non avere i risultati della lotteria britannica.<\/strong> D&#8217;altra parte, anche le stazioni televisive potrebbero non avere quei risultati, o potrebbe essere necessario del tempo per trovare il canale giusto.<\/p>\n<p>Un&#8217;altra opzione \u00e8 quella di guardare il sito ufficiale della Lotteria del Regno Unito, che pu\u00f2 avere un <a href=\"https:\/\/onlinelotto365.com\/it\/news\/lotto-live\">flusso in diretta del processo di estrazione<\/a>. Ma non tutti i giochi della lotteria offrono questo tipo di sistema di live stream e anche quando devono essere presenti al momento giusto. Quindi, che modo si pu\u00f2 usare per trovare i risultati della Lotteria del Regno Unito?<br \/>\nUn&#8217;altra opzione \u00e8 quella di controllare su YouTube l&#8217;ultima estrazione della Lotteria del Regno Unito, se \u00e8 gi\u00e0 finita. A volte le persone caricheranno la registrazione o pubblicheranno i numeri vincenti in qualche modo.<br \/>\n<a href=\"https:\/\/redfoxlotto.com\/it\/lotto-uk\/?ref=a8564250a2&amp;medium=ol365\" target=\"_blank\" rel=\"noopener noreferrer\"><img decoding=\"async\" class=\"aligncenter\" src=\"https:\/\/redfoxlotto.com\/image?size=8&amp;lottery=lotto-uk\" alt=\"uk lottery\" \/><\/a><\/p>\n<p>Il metodo pi\u00f9 semplice per ottenere i numeri vincenti, tuttavia, \u00e8 quello di dare un&#8217;occhiata al nostro sito web. La nostra pagina dei risultati della lotteria vi mostrer\u00e0 i risultati e i premi per la lotteria del Regno Unito cos\u00ec come ogni altro gioco della lotteria che abbiamo a disposizione.<\/p>\n<h2>Come scoprire se il tuo biglietto online ha vinto<\/h2>\n<p><img loading=\"lazy\" decoding=\"async\" class=\"alignright wp-image-3550\" src=\"https:\/\/onlinelotto365.com\/wp-content\/uploads\/2020\/11\/online_lottery-108-300x232.jpg\" alt=\"uk lottery results\" width=\"146\" height=\"113\" srcset=\"https:\/\/onlinelotto365.com\/wp-content\/uploads\/2020\/11\/online_lottery-108-300x232.jpg 300w, https:\/\/onlinelotto365.com\/wp-content\/uploads\/2020\/11\/online_lottery-108.jpg 320w\" sizes=\"auto, (max-width: 146px) 100vw, 146px\" \/> La cosa migliore per voi \u00e8 che potete controllare la pagina del vostro account se avete gi\u00e0 acquistato i biglietti. Sulla pagina del tuo account ti mostriamo i numeri vincenti dei biglietti che hai acquistato e li confrontiamo con i tuoi biglietti. Evidenzieremo anche i numeri che corrispondono.<br \/>\nE, se vinci meno di 2500 \u20ac, non devi fare nulla, perch\u00e9 i soldi saranno gi\u00e0 messi direttamente sul tuo conto giocatore non appena i risultati saranno verificati. In questo modo \u00e8 pi\u00f9 facile per voi acquistare pi\u00f9 biglietti per la prossima estrazione.<\/p>\n<h2>Archivio dei risultati della lotteria nel Regno Unito<\/h2>\n<p>Ognuna delle pagine del nostro sito web che vi mostrano <strong>gli<\/strong> attuali numeri vincenti <strong>vi mostreranno anche i vecchi risultati della lotteria britannica<\/strong>. Sarete in grado di controllare i disegni precedenti per i vecchi biglietti o di capire i numeri che volete giocare la prossima volta. Dopo tutto, a molte persone piace controllare i vecchi numeri per scegliere i loro.<\/p>\n<h2>Il mio biglietto ha vinto, cosa succede dopo?<\/h2>\n<p>Se hai un biglietto vincente e hai diritto a meno di 2500 euro non devi fare assolutamente nulla. Ci occupiamo noi di tutto per te e ci assicureremo che tu riceva la tua vincita direttamente sul tuo conto. Se vuoi usare quei soldi puoi usarli per acquistare ancora pi\u00f9 biglietti. Se non lo fai, puoi ritirare il denaro purch\u00e9 tu abbia almeno 10 euro a disposizione. Quel denaro deve essere prelevato con un metodo di pagamento che \u00e8 gi\u00e0 stato utilizzato sul nostro sito e potresti dover verificare la tua identit\u00e0 per rispettare le normative federali.<\/p>\n","protected":false},"excerpt":{"rendered":"<p>Ci sono moltissimi giochi internazionali e noi ne offriamo moltissimi. Questo pu\u00f2 significare che si ha un momento difficile trovare i risultati dopo il disegno. Per alcuni, vogliono guardare sul giornale, ma il vostro giornale locale potrebbe non avere i risultati della lotteria britannica. D&#8217;altra parte, anche le stazioni televisive potrebbero non avere quei risultati, [&hellip;]<\/p>\n","protected":false},"author":1,"featured_media":0,"parent":3796,"menu_order":9,"comment_status":"closed","ping_status":"closed","template":"lotto-uk-results.php","meta":{"_et_pb_use_builder":"","_et_pb_old_content":"","_et_gb_content_width":"","exclude_from_search":false,"footnotes":""},"class_list":["post-7909","page","type-page","status-publish","hentry"],"yoast_head":"<!-- This site is optimized with the Yoast SEO plugin v23.4 - https:\/\/yoast.com\/wordpress\/plugins\/seo\/ -->\n<title>Risultati, numeri vincenti della lotteria del Regno Unito<\/title>\n<meta name=\"description\" content=\"Subito dopo l&#039;estrazione, vedi i risultati e i numeri della lotteria britannica qui\" \/>\n<meta name=\"robots\" content=\"index, follow, max-snippet:-1, max-image-preview:large, max-video-preview:-1\" \/>\n<link rel=\"canonical\" href=\"https:\/\/onlinelotto365.com\/it\/numeri-vincenti\/uk-lottery\/\" \/>\n<meta property=\"og:locale\" content=\"it_IT\" \/>\n<meta property=\"og:type\" content=\"article\" \/>\n<meta property=\"og:title\" content=\"Risultati, numeri vincenti della lotteria del Regno Unito\" \/>\n<meta property=\"og:description\" content=\"Subito dopo l&#039;estrazione, vedi i risultati e i numeri della lotteria britannica qui\" \/>\n<meta property=\"og:url\" content=\"https:\/\/onlinelotto365.com\/it\/numeri-vincenti\/uk-lottery\/\" \/>\n<meta property=\"og:site_name\" content=\"OnlineLotto365\" \/>\n<meta property=\"article:modified_time\" content=\"2020-12-30T11:59:17+00:00\" \/>\n<meta property=\"og:image\" content=\"https:\/\/redfoxlotto.com\/image?size=8&amp;lottery=lotto-uk\" \/>\n<meta name=\"twitter:card\" content=\"summary_large_image\" \/>\n<meta name=\"twitter:label1\" content=\"Tempo di lettura stimato\" \/>\n\t<meta name=\"twitter:data1\" content=\"2 minuti\" \/>\n<script type=\"application\/ld+json\" class=\"yoast-schema-graph\">{\"@context\":\"https:\/\/schema.org\",\"@graph\":[{\"@type\":\"WebPage\",\"@id\":\"https:\/\/onlinelotto365.com\/it\/numeri-vincenti\/uk-lottery\/\",\"url\":\"https:\/\/onlinelotto365.com\/it\/numeri-vincenti\/uk-lottery\/\",\"name\":\"Risultati, numeri vincenti della lotteria del Regno Unito\",\"isPartOf\":{\"@id\":\"https:\/\/onlinelotto365.com\/it\/#website\"},\"primaryImageOfPage\":{\"@id\":\"https:\/\/onlinelotto365.com\/it\/numeri-vincenti\/uk-lottery\/#primaryimage\"},\"image\":{\"@id\":\"https:\/\/onlinelotto365.com\/it\/numeri-vincenti\/uk-lottery\/#primaryimage\"},\"thumbnailUrl\":\"https:\/\/redfoxlotto.com\/image?size=8&amp;lottery=lotto-uk\",\"datePublished\":\"2020-12-08T13:40:23+00:00\",\"dateModified\":\"2020-12-30T11:59:17+00:00\",\"description\":\"Subito dopo l'estrazione, vedi i risultati e i numeri della lotteria britannica qui\",\"breadcrumb\":{\"@id\":\"https:\/\/onlinelotto365.com\/it\/numeri-vincenti\/uk-lottery\/#breadcrumb\"},\"inLanguage\":\"it-IT\",\"potentialAction\":[{\"@type\":\"ReadAction\",\"target\":[\"https:\/\/onlinelotto365.com\/it\/numeri-vincenti\/uk-lottery\/\"]}]},{\"@type\":\"ImageObject\",\"inLanguage\":\"it-IT\",\"@id\":\"https:\/\/onlinelotto365.com\/it\/numeri-vincenti\/uk-lottery\/#primaryimage\",\"url\":\"https:\/\/redfoxlotto.com\/image?size=8&amp;lottery=lotto-uk\",\"contentUrl\":\"https:\/\/redfoxlotto.com\/image?size=8&amp;lottery=lotto-uk\"},{\"@type\":\"BreadcrumbList\",\"@id\":\"https:\/\/onlinelotto365.com\/it\/numeri-vincenti\/uk-lottery\/#breadcrumb\",\"itemListElement\":[{\"@type\":\"ListItem\",\"position\":1,\"name\":\"Home\",\"item\":\"https:\/\/onlinelotto365.com\/it\/\"},{\"@type\":\"ListItem\",\"position\":2,\"name\":\"Trova i numeri vincenti e i risultati delle ultime estrazioni del lotto\",\"item\":\"https:\/\/onlinelotto365.com\/it\/numeri-vincenti\/\"},{\"@type\":\"ListItem\",\"position\":3,\"name\":\"Risultati della lotteria nel Regno Unito\"}]},{\"@type\":\"WebSite\",\"@id\":\"https:\/\/onlinelotto365.com\/it\/#website\",\"url\":\"https:\/\/onlinelotto365.com\/it\/\",\"name\":\"OnlineLotto365\",\"description\":\"\",\"potentialAction\":[{\"@type\":\"SearchAction\",\"target\":{\"@type\":\"EntryPoint\",\"urlTemplate\":\"https:\/\/onlinelotto365.com\/it\/?s={search_term_string}\"},\"query-input\":{\"@type\":\"PropertyValueSpecification\",\"valueRequired\":true,\"valueName\":\"search_term_string\"}}],\"inLanguage\":\"it-IT\"}]}<\/script>\n<!-- \/ Yoast SEO plugin. -->","yoast_head_json":{"title":"Risultati, numeri vincenti della lotteria del Regno Unito","description":"Subito dopo l'estrazione, vedi i risultati e i numeri della lotteria britannica qui","robots":{"index":"index","follow":"follow","max-snippet":"max-snippet:-1","max-image-preview":"max-image-preview:large","max-video-preview":"max-video-preview:-1"},"canonical":"https:\/\/onlinelotto365.com\/it\/numeri-vincenti\/uk-lottery\/","og_locale":"it_IT","og_type":"article","og_title":"Risultati, numeri vincenti della lotteria del Regno Unito","og_description":"Subito dopo l'estrazione, vedi i risultati e i numeri della lotteria britannica qui","og_url":"https:\/\/onlinelotto365.com\/it\/numeri-vincenti\/uk-lottery\/","og_site_name":"OnlineLotto365","article_modified_time":"2020-12-30T11:59:17+00:00","og_image":[{"url":"https:\/\/redfoxlotto.com\/image?size=8&amp;lottery=lotto-uk"}],"twitter_card":"summary_large_image","twitter_misc":{"Tempo di lettura stimato":"2 minuti"},"schema":{"@context":"https:\/\/schema.org","@graph":[{"@type":"WebPage","@id":"https:\/\/onlinelotto365.com\/it\/numeri-vincenti\/uk-lottery\/","url":"https:\/\/onlinelotto365.com\/it\/numeri-vincenti\/uk-lottery\/","name":"Risultati, numeri vincenti della lotteria del Regno Unito","isPartOf":{"@id":"https:\/\/onlinelotto365.com\/it\/#website"},"primaryImageOfPage":{"@id":"https:\/\/onlinelotto365.com\/it\/numeri-vincenti\/uk-lottery\/#primaryimage"},"image":{"@id":"https:\/\/onlinelotto365.com\/it\/numeri-vincenti\/uk-lottery\/#primaryimage"},"thumbnailUrl":"https:\/\/redfoxlotto.com\/image?size=8&amp;lottery=lotto-uk","datePublished":"2020-12-08T13:40:23+00:00","dateModified":"2020-12-30T11:59:17+00:00","description":"Subito dopo l'estrazione, vedi i risultati e i numeri della lotteria britannica qui","breadcrumb":{"@id":"https:\/\/onlinelotto365.com\/it\/numeri-vincenti\/uk-lottery\/#breadcrumb"},"inLanguage":"it-IT","potentialAction":[{"@type":"ReadAction","target":["https:\/\/onlinelotto365.com\/it\/numeri-vincenti\/uk-lottery\/"]}]},{"@type":"ImageObject","inLanguage":"it-IT","@id":"https:\/\/onlinelotto365.com\/it\/numeri-vincenti\/uk-lottery\/#primaryimage","url":"https:\/\/redfoxlotto.com\/image?size=8&amp;lottery=lotto-uk","contentUrl":"https:\/\/redfoxlotto.com\/image?size=8&amp;lottery=lotto-uk"},{"@type":"BreadcrumbList","@id":"https:\/\/onlinelotto365.com\/it\/numeri-vincenti\/uk-lottery\/#breadcrumb","itemListElement":[{"@type":"ListItem","position":1,"name":"Home","item":"https:\/\/onlinelotto365.com\/it\/"},{"@type":"ListItem","position":2,"name":"Trova i numeri vincenti e i risultati delle ultime estrazioni del lotto","item":"https:\/\/onlinelotto365.com\/it\/numeri-vincenti\/"},{"@type":"ListItem","position":3,"name":"Risultati della lotteria nel Regno Unito"}]},{"@type":"WebSite","@id":"https:\/\/onlinelotto365.com\/it\/#website","url":"https:\/\/onlinelotto365.com\/it\/","name":"OnlineLotto365","description":"","potentialAction":[{"@type":"SearchAction","target":{"@type":"EntryPoint","urlTemplate":"https:\/\/onlinelotto365.com\/it\/?s={search_term_string}"},"query-input":{"@type":"PropertyValueSpecification","valueRequired":true,"valueName":"search_term_string"}}],"inLanguage":"it-IT"}]}},"_links":{"self":[{"href":"https:\/\/onlinelotto365.com\/it\/wp-json\/wp\/v2\/pages\/7909","targetHints":{"allow":["GET"]}}],"collection":[{"href":"https:\/\/onlinelotto365.com\/it\/wp-json\/wp\/v2\/pages"}],"about":[{"href":"https:\/\/onlinelotto365.com\/it\/wp-json\/wp\/v2\/types\/page"}],"author":[{"embeddable":true,"href":"https:\/\/onlinelotto365.com\/it\/wp-json\/wp\/v2\/users\/1"}],"replies":[{"embeddable":true,"href":"https:\/\/onlinelotto365.com\/it\/wp-json\/wp\/v2\/comments?post=7909"}],"version-history":[{"count":0,"href":"https:\/\/onlinelotto365.com\/it\/wp-json\/wp\/v2\/pages\/7909\/revisions"}],"up":[{"embeddable":true,"href":"https:\/\/onlinelotto365.com\/it\/wp-json\/wp\/v2\/pages\/3796"}],"wp:attachment":[{"href":"https:\/\/onlinelotto365.com\/it\/wp-json\/wp\/v2\/media?parent=7909"}],"curies":[{"name":"wp","href":"https:\/\/api.w.org\/{rel}","templated":true}]}}