{"id":7957,"date":"2020-12-08T14:44:55","date_gmt":"2020-12-08T13:44:55","guid":{"rendered":"http:\/\/onlinelotto365.net\/?page_id=7957"},"modified":"2021-01-11T09:57:54","modified_gmt":"2021-01-11T08:57:54","slug":"set-for-life","status":"publish","type":"page","link":"https:\/\/onlinelotto365.com\/it\/numeri-vincenti\/set-for-life\/","title":{"rendered":"Risultati del sorteggio Set for life"},"content":{"rendered":"<p>I giochi della lotteria internazionale possono essere molto divertenti, ma richiedono un certo sforzo per trovare i numeri vincenti. <strong>I numeri del Set for Life potrebbero non essere disponibili sul vostro giornale locale<\/strong>. Questo perch\u00e9 potreste non essere nella zona giusta.<\/p>\n<p>Lo stesso vale per la visione dei risultati in TV. Se non siete nella zona giusta dovrete fare un sacco di ricerche per trovare un canale che mostri i risultati.<br \/>\nPotresti anche guardare il sito ufficiale del Set for Life per vedere se hanno una <strong>trasmissione in diretta per i numeri vincenti<\/strong>. Se ce l&#8217;hanno, potreste volerla controllare perch\u00e9 guardare l&#8217;estrazione in diretta \u00e8 una delle opzioni pi\u00f9 eccitanti. D&#8217;altra parte, non tutti i giochi della lotteria offrono questa opzione e potreste non trovarla.<\/p>\n<p>Un altro posto dove guardare \u00e8 su YouTube. A volte \u00e8 possibile trovare dei video di estrazione l\u00ec dopo che il sorteggio ha avuto luogo e si pu\u00f2 essere in grado di trovare i numeri vincenti.<br \/>\n<a href=\"https:\/\/redfoxlotto.com\/it\/set-for-life-uk\/?ref=a8564250a2&amp;medium=ol365\" target=\"_blank\" rel=\"noopener noreferrer\"><img decoding=\"async\" class=\"aligncenter\" src=\"https:\/\/redfoxlotto.com\/image?size=8&amp;lottery=set-for-life-uk\" alt=\"set for life\" \/><\/a><\/p>\n<p><strong>Il modo pi\u00f9 conveniente per trovare i numeri vincenti di Set for Life \u00e8 andare sul nostro sito web.<\/strong> Abbiamo a disposizione tutti i numeri vincenti di tutti i giochi che abbiamo a disposizione. Quindi potete trovare Set for Life e molto altro ancora.<\/p>\n<h2>Come scoprire se il tuo biglietto online ha vinto<\/h2>\n<p>E&#8217; ancora meglio se avete <a href=\"https:\/\/onlinelotto365.com\/it\/buy-tickets\">gi\u00e0 acquistato i biglietti<\/a> per Set for Life con noi. Questo perch\u00e9 rendiamo ancora pi\u00f9 facile controllare i biglietti che gi\u00e0 avete. Potete controllare la pagina dove sono conservati tutti i vostri biglietti e troverete non solo i numeri dei biglietti, ma anche i numeri del biglietto vincente. Ci occuperemo anche di farti sapere quali numeri corrispondono, codificandoli per colore. In questo modo non dovrai nemmeno guardare le opzioni per te stesso. Poi, se l&#8217;importo vincente \u00e8 inferiore a \u20ac2500, non dovrete preoccuparvi, perch\u00e9 i soldi saranno subito sul vostro conto.<\/p>\n<h2>Archivio dei risultati a vita<\/h2>\n<p>Per chi vuole dare un&#8217;occhiata ai vecchi numeri di Set for Life, lo pu\u00f2 fare facilmente. Abbiamo i numeri d&#8217;archivio disponibili ovunque si trovino gli ultimi risultati. In questo modo potete vedere quali sono i numeri che vengono estratti di pi\u00f9 e quali possono essere dovuti per un&#8217;altra estrazione.<\/p>\n<h2>Il mio biglietto ha vinto, cosa succede dopo?<\/h2>\n<p><img loading=\"lazy\" decoding=\"async\" class=\"alignright wp-image-3543\" src=\"https:\/\/onlinelotto365.com\/wp-content\/uploads\/2020\/11\/online_lottery-3-300x300.jpg\" alt=\"set for life winning numbers\" width=\"187\" height=\"187\" srcset=\"https:\/\/onlinelotto365.com\/wp-content\/uploads\/2020\/11\/online_lottery-3-300x300.jpg 300w, https:\/\/onlinelotto365.com\/wp-content\/uploads\/2020\/11\/online_lottery-3-100x100.jpg 100w, https:\/\/onlinelotto365.com\/wp-content\/uploads\/2020\/11\/online_lottery-3-150x150.jpg 150w, https:\/\/onlinelotto365.com\/wp-content\/uploads\/2020\/11\/online_lottery-3.jpg 320w\" sizes=\"auto, (max-width: 187px) 100vw, 187px\" \/> Se vinci il tuo biglietto del lotto con Set for Life non devi far altro che aspettare e vedere cosa succede. Questo perch\u00e9 ci occuperemo noi della maggior parte delle cose per te. Puoi aspettare qualsiasi importo inferiore a \u20ac2500 perch\u00e9 lo metteremo immediatamente sul tuo conto non appena i numeri vincenti saranno stati verificati.<\/p>\n<p>Poi, se avete almeno 10 \u20ac sul vostro conto, avrete la possibilit\u00e0 di prelevare il vostro denaro sul vostro conto bancario. Devi solo assicurarti di utilizzare un conto che hai gi\u00e0 utilizzato in precedenza con il nostro sistema. E dovrai verificare la tua identit\u00e0 e le informazioni per il nostro processore di pagamento. Questo \u00e8 un processo semplice che pu\u00f2 essere fatto con pochi moduli e prima che te ne accorga il tuo denaro sar\u00e0 disponibile.<\/p>\n","protected":false},"excerpt":{"rendered":"<p>I giochi della lotteria internazionale possono essere molto divertenti, ma richiedono un certo sforzo per trovare i numeri vincenti. I numeri del Set for Life potrebbero non essere disponibili sul vostro giornale locale. Questo perch\u00e9 potreste non essere nella zona giusta. Lo stesso vale per la visione dei risultati in TV. Se non siete nella [&hellip;]<\/p>\n","protected":false},"author":1,"featured_media":0,"parent":3796,"menu_order":10,"comment_status":"closed","ping_status":"closed","template":"set-for-life-results.php","meta":{"_et_pb_use_builder":"","_et_pb_old_content":"","_et_gb_content_width":"","exclude_from_search":false,"footnotes":""},"class_list":["post-7957","page","type-page","status-publish","hentry"],"yoast_head":"<!-- This site is optimized with the Yoast SEO plugin v23.4 - https:\/\/yoast.com\/wordpress\/plugins\/seo\/ -->\n<title>Ultimi numeri vincenti e vincite per Set for life<\/title>\n<meta name=\"description\" content=\"Hai giocato alla lotteria &quot;Set for life&quot;? Abbiamo gli ultimi numeri vincenti e quelli passati\" \/>\n<meta name=\"robots\" content=\"index, follow, max-snippet:-1, max-image-preview:large, max-video-preview:-1\" \/>\n<link rel=\"canonical\" href=\"https:\/\/onlinelotto365.com\/it\/numeri-vincenti\/set-for-life\/\" \/>\n<meta property=\"og:locale\" content=\"it_IT\" \/>\n<meta property=\"og:type\" content=\"article\" \/>\n<meta property=\"og:title\" content=\"Ultimi numeri vincenti e vincite per Set for life\" \/>\n<meta property=\"og:description\" content=\"Hai giocato alla lotteria &quot;Set for life&quot;? Abbiamo gli ultimi numeri vincenti e quelli passati\" \/>\n<meta property=\"og:url\" content=\"https:\/\/onlinelotto365.com\/it\/numeri-vincenti\/set-for-life\/\" \/>\n<meta property=\"og:site_name\" content=\"OnlineLotto365\" \/>\n<meta property=\"article:modified_time\" content=\"2021-01-11T08:57:54+00:00\" \/>\n<meta property=\"og:image\" content=\"https:\/\/redfoxlotto.com\/image?size=8&amp;lottery=set-for-life-uk\" \/>\n<meta name=\"twitter:card\" content=\"summary_large_image\" \/>\n<meta name=\"twitter:label1\" content=\"Tempo di lettura stimato\" \/>\n\t<meta name=\"twitter:data1\" content=\"2 minuti\" \/>\n<script type=\"application\/ld+json\" class=\"yoast-schema-graph\">{\"@context\":\"https:\/\/schema.org\",\"@graph\":[{\"@type\":\"WebPage\",\"@id\":\"https:\/\/onlinelotto365.com\/it\/numeri-vincenti\/set-for-life\/\",\"url\":\"https:\/\/onlinelotto365.com\/it\/numeri-vincenti\/set-for-life\/\",\"name\":\"Ultimi numeri vincenti e vincite per Set for life\",\"isPartOf\":{\"@id\":\"https:\/\/onlinelotto365.com\/it\/#website\"},\"primaryImageOfPage\":{\"@id\":\"https:\/\/onlinelotto365.com\/it\/numeri-vincenti\/set-for-life\/#primaryimage\"},\"image\":{\"@id\":\"https:\/\/onlinelotto365.com\/it\/numeri-vincenti\/set-for-life\/#primaryimage\"},\"thumbnailUrl\":\"https:\/\/redfoxlotto.com\/image?size=8&amp;lottery=set-for-life-uk\",\"datePublished\":\"2020-12-08T13:44:55+00:00\",\"dateModified\":\"2021-01-11T08:57:54+00:00\",\"description\":\"Hai giocato alla lotteria \\\"Set for life\\\"? Abbiamo gli ultimi numeri vincenti e quelli passati\",\"breadcrumb\":{\"@id\":\"https:\/\/onlinelotto365.com\/it\/numeri-vincenti\/set-for-life\/#breadcrumb\"},\"inLanguage\":\"it-IT\",\"potentialAction\":[{\"@type\":\"ReadAction\",\"target\":[\"https:\/\/onlinelotto365.com\/it\/numeri-vincenti\/set-for-life\/\"]}]},{\"@type\":\"ImageObject\",\"inLanguage\":\"it-IT\",\"@id\":\"https:\/\/onlinelotto365.com\/it\/numeri-vincenti\/set-for-life\/#primaryimage\",\"url\":\"https:\/\/redfoxlotto.com\/image?size=8&amp;lottery=set-for-life-uk\",\"contentUrl\":\"https:\/\/redfoxlotto.com\/image?size=8&amp;lottery=set-for-life-uk\"},{\"@type\":\"BreadcrumbList\",\"@id\":\"https:\/\/onlinelotto365.com\/it\/numeri-vincenti\/set-for-life\/#breadcrumb\",\"itemListElement\":[{\"@type\":\"ListItem\",\"position\":1,\"name\":\"Home\",\"item\":\"https:\/\/onlinelotto365.com\/it\/\"},{\"@type\":\"ListItem\",\"position\":2,\"name\":\"Trova i numeri vincenti e i risultati delle ultime estrazioni del lotto\",\"item\":\"https:\/\/onlinelotto365.com\/it\/numeri-vincenti\/\"},{\"@type\":\"ListItem\",\"position\":3,\"name\":\"Risultati del sorteggio Set for life\"}]},{\"@type\":\"WebSite\",\"@id\":\"https:\/\/onlinelotto365.com\/it\/#website\",\"url\":\"https:\/\/onlinelotto365.com\/it\/\",\"name\":\"OnlineLotto365\",\"description\":\"\",\"potentialAction\":[{\"@type\":\"SearchAction\",\"target\":{\"@type\":\"EntryPoint\",\"urlTemplate\":\"https:\/\/onlinelotto365.com\/it\/?s={search_term_string}\"},\"query-input\":{\"@type\":\"PropertyValueSpecification\",\"valueRequired\":true,\"valueName\":\"search_term_string\"}}],\"inLanguage\":\"it-IT\"}]}<\/script>\n<!-- \/ Yoast SEO plugin. -->","yoast_head_json":{"title":"Ultimi numeri vincenti e vincite per Set for life","description":"Hai giocato alla lotteria \"Set for life\"? Abbiamo gli ultimi numeri vincenti e quelli passati","robots":{"index":"index","follow":"follow","max-snippet":"max-snippet:-1","max-image-preview":"max-image-preview:large","max-video-preview":"max-video-preview:-1"},"canonical":"https:\/\/onlinelotto365.com\/it\/numeri-vincenti\/set-for-life\/","og_locale":"it_IT","og_type":"article","og_title":"Ultimi numeri vincenti e vincite per Set for life","og_description":"Hai giocato alla lotteria \"Set for life\"? Abbiamo gli ultimi numeri vincenti e quelli passati","og_url":"https:\/\/onlinelotto365.com\/it\/numeri-vincenti\/set-for-life\/","og_site_name":"OnlineLotto365","article_modified_time":"2021-01-11T08:57:54+00:00","og_image":[{"url":"https:\/\/redfoxlotto.com\/image?size=8&amp;lottery=set-for-life-uk"}],"twitter_card":"summary_large_image","twitter_misc":{"Tempo di lettura stimato":"2 minuti"},"schema":{"@context":"https:\/\/schema.org","@graph":[{"@type":"WebPage","@id":"https:\/\/onlinelotto365.com\/it\/numeri-vincenti\/set-for-life\/","url":"https:\/\/onlinelotto365.com\/it\/numeri-vincenti\/set-for-life\/","name":"Ultimi numeri vincenti e vincite per Set for life","isPartOf":{"@id":"https:\/\/onlinelotto365.com\/it\/#website"},"primaryImageOfPage":{"@id":"https:\/\/onlinelotto365.com\/it\/numeri-vincenti\/set-for-life\/#primaryimage"},"image":{"@id":"https:\/\/onlinelotto365.com\/it\/numeri-vincenti\/set-for-life\/#primaryimage"},"thumbnailUrl":"https:\/\/redfoxlotto.com\/image?size=8&amp;lottery=set-for-life-uk","datePublished":"2020-12-08T13:44:55+00:00","dateModified":"2021-01-11T08:57:54+00:00","description":"Hai giocato alla lotteria \"Set for life\"? Abbiamo gli ultimi numeri vincenti e quelli passati","breadcrumb":{"@id":"https:\/\/onlinelotto365.com\/it\/numeri-vincenti\/set-for-life\/#breadcrumb"},"inLanguage":"it-IT","potentialAction":[{"@type":"ReadAction","target":["https:\/\/onlinelotto365.com\/it\/numeri-vincenti\/set-for-life\/"]}]},{"@type":"ImageObject","inLanguage":"it-IT","@id":"https:\/\/onlinelotto365.com\/it\/numeri-vincenti\/set-for-life\/#primaryimage","url":"https:\/\/redfoxlotto.com\/image?size=8&amp;lottery=set-for-life-uk","contentUrl":"https:\/\/redfoxlotto.com\/image?size=8&amp;lottery=set-for-life-uk"},{"@type":"BreadcrumbList","@id":"https:\/\/onlinelotto365.com\/it\/numeri-vincenti\/set-for-life\/#breadcrumb","itemListElement":[{"@type":"ListItem","position":1,"name":"Home","item":"https:\/\/onlinelotto365.com\/it\/"},{"@type":"ListItem","position":2,"name":"Trova i numeri vincenti e i risultati delle ultime estrazioni del lotto","item":"https:\/\/onlinelotto365.com\/it\/numeri-vincenti\/"},{"@type":"ListItem","position":3,"name":"Risultati del sorteggio Set for life"}]},{"@type":"WebSite","@id":"https:\/\/onlinelotto365.com\/it\/#website","url":"https:\/\/onlinelotto365.com\/it\/","name":"OnlineLotto365","description":"","potentialAction":[{"@type":"SearchAction","target":{"@type":"EntryPoint","urlTemplate":"https:\/\/onlinelotto365.com\/it\/?s={search_term_string}"},"query-input":{"@type":"PropertyValueSpecification","valueRequired":true,"valueName":"search_term_string"}}],"inLanguage":"it-IT"}]}},"_links":{"self":[{"href":"https:\/\/onlinelotto365.com\/it\/wp-json\/wp\/v2\/pages\/7957","targetHints":{"allow":["GET"]}}],"collection":[{"href":"https:\/\/onlinelotto365.com\/it\/wp-json\/wp\/v2\/pages"}],"about":[{"href":"https:\/\/onlinelotto365.com\/it\/wp-json\/wp\/v2\/types\/page"}],"author":[{"embeddable":true,"href":"https:\/\/onlinelotto365.com\/it\/wp-json\/wp\/v2\/users\/1"}],"replies":[{"embeddable":true,"href":"https:\/\/onlinelotto365.com\/it\/wp-json\/wp\/v2\/comments?post=7957"}],"version-history":[{"count":0,"href":"https:\/\/onlinelotto365.com\/it\/wp-json\/wp\/v2\/pages\/7957\/revisions"}],"up":[{"embeddable":true,"href":"https:\/\/onlinelotto365.com\/it\/wp-json\/wp\/v2\/pages\/3796"}],"wp:attachment":[{"href":"https:\/\/onlinelotto365.com\/it\/wp-json\/wp\/v2\/media?parent=7957"}],"curies":[{"name":"wp","href":"https:\/\/api.w.org\/{rel}","templated":true}]}}