{"id":7994,"date":"2020-12-08T14:48:56","date_gmt":"2020-12-08T13:48:56","guid":{"rendered":"http:\/\/onlinelotto365.net\/?page_id=7994"},"modified":"2020-12-30T12:59:48","modified_gmt":"2020-12-30T11:59:48","slug":"german-lotto-6aus49","status":"publish","type":"page","link":"https:\/\/onlinelotto365.com\/it\/numeri-vincenti\/german-lotto-6aus49\/","title":{"rendered":"Vedi qui i numeri vincenti del Lotto tedesco"},"content":{"rendered":"<p>I giochi della lotteria internazionale possono essere un po&#8217; pi\u00f9 difficili da rintracciare perch\u00e9 non si pu\u00f2 vivere nella stessa zona in cui vengono estratti. Potreste non essere in grado di controllare i risultati del Lotto tedesco nel vostro giornale locale. E potreste non essere in grado di <strong>trovare i numeri vincenti<\/strong> del German Lotto in TV. Se li trovate in uno dei due posti, dovrete fare una ricerca decente per arrivarci.<\/p>\n<p>Potreste anche pensare di andare sul sito web del Lotto tedesco. A volte questi siti ufficiali offrono disegni dal vivo in modo da poter vedere i risultati man mano che arrivano. Non tutti i giochi hanno questa possibilit\u00e0, tuttavia, e potreste ritrovarvi senza la possibilit\u00e0 di trovare i vostri risultati anche sul sito ufficiale.<\/p>\n<p>Potreste anche dare un&#8217;occhiata a YouTube per vedere se qualcuno ha caricato un video del disegno dal vivo o anche un video con i risultati dopo che il disegno ha avuto luogo.<br \/>\n<a href=\"https:\/\/redfoxlotto.com\/it\/lotto-6aus49\/?ref=a8564250a2&amp;medium=ol365\" target=\"_blank\" rel=\"noopener noreferrer\"><img decoding=\"async\" class=\"aligncenter\" src=\"https:\/\/redfoxlotto.com\/image?size=8&amp;lottery=lotto-6aus49\" alt=\"German Lotto 6aus49\" \/><\/a><\/p>\n<p>Il modo pi\u00f9 semplice per <a href=\"https:\/\/onlinelotto365.com\/it\/numeri-vincenti\">ottenere i risultati che state cercando<\/a>, tuttavia, \u00e8 quello di dare un&#8217;occhiata al nostro sito web. Vi aiuteremo a trovare i risultati del Lotto tedesco direttamente sulla nostra pagina dei risultati. \u00c8 qui che condividiamo i numeri vincenti di tutti i giochi della lotteria che troverete disponibili sul nostro sito.<\/p>\n<h2>Come scoprire se il tuo biglietto online ha vinto<img loading=\"lazy\" decoding=\"async\" class=\"alignright size-medium wp-image-3593\" src=\"https:\/\/onlinelotto365.com\/wp-content\/uploads\/2020\/11\/online_lottery-39-300x150.jpg\" alt=\"german lotto winning numbers\" width=\"300\" height=\"150\" srcset=\"https:\/\/onlinelotto365.com\/wp-content\/uploads\/2020\/11\/online_lottery-39-300x150.jpg 300w, https:\/\/onlinelotto365.com\/wp-content\/uploads\/2020\/11\/online_lottery-39.jpg 490w\" sizes=\"auto, (max-width: 300px) 100vw, 300px\" \/><\/h2>\n<p>Per chi ha acquistato da noi i biglietti per il Lotto tedesco, scoprirete che \u00e8 ancora pi\u00f9 facile ottenere i risultati. Questo perch\u00e9 basta dare un&#8217;occhiata alla pagina del proprio account. Quando sarai l\u00ec potrai vedere i biglietti che hai comprato per una qualsiasi delle partite che abbiamo a disposizione. Poi, potrai dare un&#8217;occhiata ai numeri vincenti nello stesso punto.<br \/>\nEvidenzieremo anche i numeri che hai abbinato per farti sapere cosa hai vinto. E se vinci meno di \u20ac2500 ci occuperemo di aggiungerlo al tuo conto non appena i numeri saranno stati verificati ufficialmente dal gioco. \u00c8 cos\u00ec facile per voi.<\/p>\n<h2>Archivio risultati del Lotto tedesco<\/h2>\n<p>Le pagine del nostro sito web che contengono <strong>gli ultimi numeri del Lotto tedesco<\/strong> vi mostreranno anche <strong>tutti i vecchi numeri del nostro archivio<\/strong>. Questo perch\u00e9 sappiamo che molte persone vogliono conoscere i vecchi numeri per poter scegliere i numeri che vogliono usare per i loro prossimi biglietti. Li mettiamo su qualsiasi pagina che mostra i nuovi numeri.<\/p>\n<h2>Il mio biglietto ha vinto, cosa succede dopo?<\/h2>\n<p>Se hai vinto il German Lotto e il tuo biglietto vincente vale meno di 2500 euro, ci occuperemo di mettere i soldi sul tuo conto non appena i numeri vincenti saranno stati tutti verificati. Questo significa che non dovrete fare nulla. Se il biglietto vincente vale pi\u00f9 di \u20ac2500 dovrete compilare un modulo, ma vi aiuteremo comunque nel processo. Poi, se hai almeno \u20ac10 sul tuo conto, avrai la possibilit\u00e0 di prelevare il denaro in qualsiasi banca o conto di carta di credito che hai gi\u00e0 utilizzato con il nostro sito. Se non avete ancora utilizzato il conto presso di noi, non potrete prelevare il vostro denaro su di esso.<\/p>\n","protected":false},"excerpt":{"rendered":"<p>I giochi della lotteria internazionale possono essere un po&#8217; pi\u00f9 difficili da rintracciare perch\u00e9 non si pu\u00f2 vivere nella stessa zona in cui vengono estratti. Potreste non essere in grado di controllare i risultati del Lotto tedesco nel vostro giornale locale. E potreste non essere in grado di trovare i numeri vincenti del German Lotto [&hellip;]<\/p>\n","protected":false},"author":1,"featured_media":0,"parent":3796,"menu_order":11,"comment_status":"closed","ping_status":"closed","template":"lotto-german-results.php","meta":{"_et_pb_use_builder":"","_et_pb_old_content":"","_et_gb_content_width":"","exclude_from_search":false,"footnotes":""},"class_list":["post-7994","page","type-page","status-publish","hentry"],"yoast_head":"<!-- This site is optimized with the Yoast SEO plugin v23.4 - https:\/\/yoast.com\/wordpress\/plugins\/seo\/ -->\n<title>Numeri vincenti del lotto tedesco | Risultati del sorteggio e importi vinti per il Lotto de Germania<\/title>\n<meta name=\"description\" content=\"Se volete trovare i numeri vincenti della lotteria tedesca 6aus49, guardate qui!\" \/>\n<meta name=\"robots\" content=\"index, follow, max-snippet:-1, max-image-preview:large, max-video-preview:-1\" \/>\n<link rel=\"canonical\" href=\"https:\/\/onlinelotto365.com\/it\/numeri-vincenti\/german-lotto-6aus49\/\" \/>\n<meta property=\"og:locale\" content=\"it_IT\" \/>\n<meta property=\"og:type\" content=\"article\" \/>\n<meta property=\"og:title\" content=\"Numeri vincenti del lotto tedesco | Risultati del sorteggio e importi vinti per il Lotto de Germania\" \/>\n<meta property=\"og:description\" content=\"Se volete trovare i numeri vincenti della lotteria tedesca 6aus49, guardate qui!\" \/>\n<meta property=\"og:url\" content=\"https:\/\/onlinelotto365.com\/it\/numeri-vincenti\/german-lotto-6aus49\/\" \/>\n<meta property=\"og:site_name\" content=\"OnlineLotto365\" \/>\n<meta property=\"article:modified_time\" content=\"2020-12-30T11:59:48+00:00\" \/>\n<meta property=\"og:image\" content=\"https:\/\/redfoxlotto.com\/image?size=8&amp;lottery=lotto-6aus49\" \/>\n<meta name=\"twitter:card\" content=\"summary_large_image\" \/>\n<meta name=\"twitter:label1\" content=\"Tempo di lettura stimato\" \/>\n\t<meta name=\"twitter:data1\" content=\"2 minuti\" \/>\n<script type=\"application\/ld+json\" class=\"yoast-schema-graph\">{\"@context\":\"https:\/\/schema.org\",\"@graph\":[{\"@type\":\"WebPage\",\"@id\":\"https:\/\/onlinelotto365.com\/it\/numeri-vincenti\/german-lotto-6aus49\/\",\"url\":\"https:\/\/onlinelotto365.com\/it\/numeri-vincenti\/german-lotto-6aus49\/\",\"name\":\"Numeri vincenti del lotto tedesco | Risultati del sorteggio e importi vinti per il Lotto de Germania\",\"isPartOf\":{\"@id\":\"https:\/\/onlinelotto365.com\/it\/#website\"},\"primaryImageOfPage\":{\"@id\":\"https:\/\/onlinelotto365.com\/it\/numeri-vincenti\/german-lotto-6aus49\/#primaryimage\"},\"image\":{\"@id\":\"https:\/\/onlinelotto365.com\/it\/numeri-vincenti\/german-lotto-6aus49\/#primaryimage\"},\"thumbnailUrl\":\"https:\/\/redfoxlotto.com\/image?size=8&amp;lottery=lotto-6aus49\",\"datePublished\":\"2020-12-08T13:48:56+00:00\",\"dateModified\":\"2020-12-30T11:59:48+00:00\",\"description\":\"Se volete trovare i numeri vincenti della lotteria tedesca 6aus49, guardate qui!\",\"breadcrumb\":{\"@id\":\"https:\/\/onlinelotto365.com\/it\/numeri-vincenti\/german-lotto-6aus49\/#breadcrumb\"},\"inLanguage\":\"it-IT\",\"potentialAction\":[{\"@type\":\"ReadAction\",\"target\":[\"https:\/\/onlinelotto365.com\/it\/numeri-vincenti\/german-lotto-6aus49\/\"]}]},{\"@type\":\"ImageObject\",\"inLanguage\":\"it-IT\",\"@id\":\"https:\/\/onlinelotto365.com\/it\/numeri-vincenti\/german-lotto-6aus49\/#primaryimage\",\"url\":\"https:\/\/redfoxlotto.com\/image?size=8&amp;lottery=lotto-6aus49\",\"contentUrl\":\"https:\/\/redfoxlotto.com\/image?size=8&amp;lottery=lotto-6aus49\"},{\"@type\":\"BreadcrumbList\",\"@id\":\"https:\/\/onlinelotto365.com\/it\/numeri-vincenti\/german-lotto-6aus49\/#breadcrumb\",\"itemListElement\":[{\"@type\":\"ListItem\",\"position\":1,\"name\":\"Home\",\"item\":\"https:\/\/onlinelotto365.com\/it\/\"},{\"@type\":\"ListItem\",\"position\":2,\"name\":\"Trova i numeri vincenti e i risultati delle ultime estrazioni del lotto\",\"item\":\"https:\/\/onlinelotto365.com\/it\/numeri-vincenti\/\"},{\"@type\":\"ListItem\",\"position\":3,\"name\":\"Vedi qui i numeri vincenti del Lotto tedesco\"}]},{\"@type\":\"WebSite\",\"@id\":\"https:\/\/onlinelotto365.com\/it\/#website\",\"url\":\"https:\/\/onlinelotto365.com\/it\/\",\"name\":\"OnlineLotto365\",\"description\":\"\",\"potentialAction\":[{\"@type\":\"SearchAction\",\"target\":{\"@type\":\"EntryPoint\",\"urlTemplate\":\"https:\/\/onlinelotto365.com\/it\/?s={search_term_string}\"},\"query-input\":{\"@type\":\"PropertyValueSpecification\",\"valueRequired\":true,\"valueName\":\"search_term_string\"}}],\"inLanguage\":\"it-IT\"}]}<\/script>\n<!-- \/ Yoast SEO plugin. -->","yoast_head_json":{"title":"Numeri vincenti del lotto tedesco | Risultati del sorteggio e importi vinti per il Lotto de Germania","description":"Se volete trovare i numeri vincenti della lotteria tedesca 6aus49, guardate qui!","robots":{"index":"index","follow":"follow","max-snippet":"max-snippet:-1","max-image-preview":"max-image-preview:large","max-video-preview":"max-video-preview:-1"},"canonical":"https:\/\/onlinelotto365.com\/it\/numeri-vincenti\/german-lotto-6aus49\/","og_locale":"it_IT","og_type":"article","og_title":"Numeri vincenti del lotto tedesco | Risultati del sorteggio e importi vinti per il Lotto de Germania","og_description":"Se volete trovare i numeri vincenti della lotteria tedesca 6aus49, guardate qui!","og_url":"https:\/\/onlinelotto365.com\/it\/numeri-vincenti\/german-lotto-6aus49\/","og_site_name":"OnlineLotto365","article_modified_time":"2020-12-30T11:59:48+00:00","og_image":[{"url":"https:\/\/redfoxlotto.com\/image?size=8&amp;lottery=lotto-6aus49"}],"twitter_card":"summary_large_image","twitter_misc":{"Tempo di lettura stimato":"2 minuti"},"schema":{"@context":"https:\/\/schema.org","@graph":[{"@type":"WebPage","@id":"https:\/\/onlinelotto365.com\/it\/numeri-vincenti\/german-lotto-6aus49\/","url":"https:\/\/onlinelotto365.com\/it\/numeri-vincenti\/german-lotto-6aus49\/","name":"Numeri vincenti del lotto tedesco | Risultati del sorteggio e importi vinti per il Lotto de Germania","isPartOf":{"@id":"https:\/\/onlinelotto365.com\/it\/#website"},"primaryImageOfPage":{"@id":"https:\/\/onlinelotto365.com\/it\/numeri-vincenti\/german-lotto-6aus49\/#primaryimage"},"image":{"@id":"https:\/\/onlinelotto365.com\/it\/numeri-vincenti\/german-lotto-6aus49\/#primaryimage"},"thumbnailUrl":"https:\/\/redfoxlotto.com\/image?size=8&amp;lottery=lotto-6aus49","datePublished":"2020-12-08T13:48:56+00:00","dateModified":"2020-12-30T11:59:48+00:00","description":"Se volete trovare i numeri vincenti della lotteria tedesca 6aus49, guardate qui!","breadcrumb":{"@id":"https:\/\/onlinelotto365.com\/it\/numeri-vincenti\/german-lotto-6aus49\/#breadcrumb"},"inLanguage":"it-IT","potentialAction":[{"@type":"ReadAction","target":["https:\/\/onlinelotto365.com\/it\/numeri-vincenti\/german-lotto-6aus49\/"]}]},{"@type":"ImageObject","inLanguage":"it-IT","@id":"https:\/\/onlinelotto365.com\/it\/numeri-vincenti\/german-lotto-6aus49\/#primaryimage","url":"https:\/\/redfoxlotto.com\/image?size=8&amp;lottery=lotto-6aus49","contentUrl":"https:\/\/redfoxlotto.com\/image?size=8&amp;lottery=lotto-6aus49"},{"@type":"BreadcrumbList","@id":"https:\/\/onlinelotto365.com\/it\/numeri-vincenti\/german-lotto-6aus49\/#breadcrumb","itemListElement":[{"@type":"ListItem","position":1,"name":"Home","item":"https:\/\/onlinelotto365.com\/it\/"},{"@type":"ListItem","position":2,"name":"Trova i numeri vincenti e i risultati delle ultime estrazioni del lotto","item":"https:\/\/onlinelotto365.com\/it\/numeri-vincenti\/"},{"@type":"ListItem","position":3,"name":"Vedi qui i numeri vincenti del Lotto tedesco"}]},{"@type":"WebSite","@id":"https:\/\/onlinelotto365.com\/it\/#website","url":"https:\/\/onlinelotto365.com\/it\/","name":"OnlineLotto365","description":"","potentialAction":[{"@type":"SearchAction","target":{"@type":"EntryPoint","urlTemplate":"https:\/\/onlinelotto365.com\/it\/?s={search_term_string}"},"query-input":{"@type":"PropertyValueSpecification","valueRequired":true,"valueName":"search_term_string"}}],"inLanguage":"it-IT"}]}},"_links":{"self":[{"href":"https:\/\/onlinelotto365.com\/it\/wp-json\/wp\/v2\/pages\/7994","targetHints":{"allow":["GET"]}}],"collection":[{"href":"https:\/\/onlinelotto365.com\/it\/wp-json\/wp\/v2\/pages"}],"about":[{"href":"https:\/\/onlinelotto365.com\/it\/wp-json\/wp\/v2\/types\/page"}],"author":[{"embeddable":true,"href":"https:\/\/onlinelotto365.com\/it\/wp-json\/wp\/v2\/users\/1"}],"replies":[{"embeddable":true,"href":"https:\/\/onlinelotto365.com\/it\/wp-json\/wp\/v2\/comments?post=7994"}],"version-history":[{"count":0,"href":"https:\/\/onlinelotto365.com\/it\/wp-json\/wp\/v2\/pages\/7994\/revisions"}],"up":[{"embeddable":true,"href":"https:\/\/onlinelotto365.com\/it\/wp-json\/wp\/v2\/pages\/3796"}],"wp:attachment":[{"href":"https:\/\/onlinelotto365.com\/it\/wp-json\/wp\/v2\/media?parent=7994"}],"curies":[{"name":"wp","href":"https:\/\/api.w.org\/{rel}","templated":true}]}}