{"id":8022,"date":"2020-12-08T14:51:49","date_gmt":"2020-12-08T13:51:49","guid":{"rendered":"http:\/\/onlinelotto365.net\/?page_id=8022"},"modified":"2020-12-30T13:00:16","modified_gmt":"2020-12-30T12:00:16","slug":"mega-sena","status":"publish","type":"page","link":"https:\/\/onlinelotto365.com\/it\/numeri-vincenti\/mega-sena\/","title":{"rendered":"Mega-Sena dal Brasile &#8211; ultimi numeri vincenti"},"content":{"rendered":"<p>Ci sono un sacco di giochi diversi l\u00e0 fuori e si vuole fare in modo di essere in grado di trovare i numeri vincenti il pi\u00f9 presto possibile. Beh, \u00e8 possibile in diversi modi, se si sa dove cercare. I numeri vincenti sono a volte disponibili sul giornale se si vive in una zona in cui \u00e8 un gioco locale. Questo potrebbe significare che <strong>i risultati di Mega-Sena non sono disponibili nella vostra zona<\/strong>. Inoltre, alcune aree mostrano i numeri vincenti in TV, cosa che accadr\u00e0 solo se si vive in determinate zone.<\/p>\n<p>Un&#8217;altra opzione \u00e8 quella di guardare il sito web della lotteria Mega-Sena per vedere se hanno una <a href=\"https:\/\/onlinelotto365.com\/it\/news\/lotto-live\">trasmissione del live stream<\/a> quando il gioco viene estratto. Non tutti i giochi lo fanno, ma per chi lo fa pu\u00f2 essere un&#8217;esperienza emozionante per chiunque lo stia guardando. Soprattutto se si \u00e8 effettivamente vincitori e si guarda l&#8217;estrazione dei numeri.<\/p>\n<p>C&#8217;\u00e8 anche la possibilit\u00e0 di andare su YouTube. A volte le persone caricano online i video live del disegno e si pu\u00f2 vedere l&#8217;ultima estrazione di Mega Sena.<br \/>\n<a href=\"https:\/\/redfoxlotto.com\/it\/mega-sena\/?ref=a8564250a2&amp;medium=ol365\" target=\"_blank\" rel=\"noopener noreferrer\"><img decoding=\"async\" class=\"aligncenter\" src=\"https:\/\/redfoxlotto.com\/image?size=8&amp;lottery=mega-sena\" alt=\"mega-sena\" \/><\/a><\/p>\n<p>Il modo pi\u00f9 semplice per <a href=\"https:\/\/onlinelotto365.com\/it\/numeri-vincenti\">ottenere i numeri vincenti<\/a>, tuttavia, \u00e8 quello di dare un&#8217;occhiata al nostro sito web. Possiamo darvi accesso a tutti i numeri vincenti del Mega Sena e a qualsiasi altro gioco che volete che abbiamo a disposizione. In questo modo vi sar\u00e0 pi\u00f9 facile trovare i risultati che desiderate.<\/p>\n<h2>Come scoprire se il vostro biglietto online ha vinto<\/h2>\n<p><img loading=\"lazy\" decoding=\"async\" class=\"alignright wp-image-3640\" src=\"https:\/\/onlinelotto365.com\/wp-content\/uploads\/2020\/11\/lottery_balls1-300x160.jpg\" alt=\"mega-sena results\" width=\"249\" height=\"133\" srcset=\"https:\/\/onlinelotto365.com\/wp-content\/uploads\/2020\/11\/lottery_balls1-300x160.jpg 300w, https:\/\/onlinelotto365.com\/wp-content\/uploads\/2020\/11\/lottery_balls1.jpg 472w\" sizes=\"auto, (max-width: 249px) 100vw, 249px\" \/> La cosa ancora migliore \u00e8 che puoi accedere direttamente al tuo account e trovare anche i risultati di qualsiasi partita per la quale hai acquistato i biglietti. Basta andare nella sezione del sito web che ha i biglietti memorizzati e si possono trovare i numeri vincenti che si applicano a quei biglietti.<\/p>\n<p>Poi puoi anche vedere quali sono i numeri vincenti che corrispondono ai tuoi numeri attuali, cos\u00ec puoi vedere quanto hai gi\u00e0 vinto. Se \u00e8 meno di \u20ac2500 ci occuperemo di far arrivare quei soldi direttamente sul tuo conto, in modo che tu possa iniziare a spenderli o a ritirarli sul tuo conto. Tutto quello che devi fare \u00e8 assicurarti di prelevare il denaro su un conto che hai gi\u00e0 utilizzato con noi.<\/p>\n<h2>Archivio risultati Mega-Sena<\/h2>\n<p>Per coloro che vogliono avere accesso ai numeri pi\u00f9 vecchi della Mega-Sena, \u00e8 consigliabile dare un&#8217;occhiata alle pagine web che offrono gi\u00e0 i numeri pi\u00f9 recenti. L\u00ec potrete trovare anche tutti i vecchi numeri disponibili, cos\u00ec non dovrete preoccuparvi di perdervi alcune delle migliori informazioni per la scelta del vostro prossimo set di numeri.<\/p>\n","protected":false},"excerpt":{"rendered":"<p>Ci sono un sacco di giochi diversi l\u00e0 fuori e si vuole fare in modo di essere in grado di trovare i numeri vincenti il pi\u00f9 presto possibile. Beh, \u00e8 possibile in diversi modi, se si sa dove cercare. I numeri vincenti sono a volte disponibili sul giornale se si vive in una zona in [&hellip;]<\/p>\n","protected":false},"author":1,"featured_media":0,"parent":3796,"menu_order":12,"comment_status":"closed","ping_status":"closed","template":"megasena-results.php","meta":{"_et_pb_use_builder":"","_et_pb_old_content":"","_et_gb_content_width":"","exclude_from_search":false,"footnotes":""},"class_list":["post-8022","page","type-page","status-publish","hentry"],"yoast_head":"<!-- This site is optimized with the Yoast SEO plugin v23.4 - https:\/\/yoast.com\/wordpress\/plugins\/seo\/ -->\n<title>Ultimi risultati dell&#039;estrazione e premi per Mega-Sena<\/title>\n<meta name=\"description\" content=\"I risultati per Mega-Sena Brasile e molte altre lotterie in tutto il mondo si trovano qui\" \/>\n<meta name=\"robots\" content=\"index, follow, max-snippet:-1, max-image-preview:large, max-video-preview:-1\" \/>\n<link rel=\"canonical\" href=\"https:\/\/onlinelotto365.com\/it\/numeri-vincenti\/mega-sena\/\" \/>\n<meta property=\"og:locale\" content=\"it_IT\" \/>\n<meta property=\"og:type\" content=\"article\" \/>\n<meta property=\"og:title\" content=\"Ultimi risultati dell&#039;estrazione e premi per Mega-Sena\" \/>\n<meta property=\"og:description\" content=\"I risultati per Mega-Sena Brasile e molte altre lotterie in tutto il mondo si trovano qui\" \/>\n<meta property=\"og:url\" content=\"https:\/\/onlinelotto365.com\/it\/numeri-vincenti\/mega-sena\/\" \/>\n<meta property=\"og:site_name\" content=\"OnlineLotto365\" \/>\n<meta property=\"article:modified_time\" content=\"2020-12-30T12:00:16+00:00\" \/>\n<meta property=\"og:image\" content=\"https:\/\/redfoxlotto.com\/image?size=8&amp;lottery=mega-sena\" \/>\n<meta name=\"twitter:card\" content=\"summary_large_image\" \/>\n<meta name=\"twitter:label1\" content=\"Tempo di lettura stimato\" \/>\n\t<meta name=\"twitter:data1\" content=\"2 minuti\" \/>\n<script type=\"application\/ld+json\" class=\"yoast-schema-graph\">{\"@context\":\"https:\/\/schema.org\",\"@graph\":[{\"@type\":\"WebPage\",\"@id\":\"https:\/\/onlinelotto365.com\/it\/numeri-vincenti\/mega-sena\/\",\"url\":\"https:\/\/onlinelotto365.com\/it\/numeri-vincenti\/mega-sena\/\",\"name\":\"Ultimi risultati dell'estrazione e premi per Mega-Sena\",\"isPartOf\":{\"@id\":\"https:\/\/onlinelotto365.com\/it\/#website\"},\"primaryImageOfPage\":{\"@id\":\"https:\/\/onlinelotto365.com\/it\/numeri-vincenti\/mega-sena\/#primaryimage\"},\"image\":{\"@id\":\"https:\/\/onlinelotto365.com\/it\/numeri-vincenti\/mega-sena\/#primaryimage\"},\"thumbnailUrl\":\"https:\/\/redfoxlotto.com\/image?size=8&amp;lottery=mega-sena\",\"datePublished\":\"2020-12-08T13:51:49+00:00\",\"dateModified\":\"2020-12-30T12:00:16+00:00\",\"description\":\"I risultati per Mega-Sena Brasile e molte altre lotterie in tutto il mondo si trovano qui\",\"breadcrumb\":{\"@id\":\"https:\/\/onlinelotto365.com\/it\/numeri-vincenti\/mega-sena\/#breadcrumb\"},\"inLanguage\":\"it-IT\",\"potentialAction\":[{\"@type\":\"ReadAction\",\"target\":[\"https:\/\/onlinelotto365.com\/it\/numeri-vincenti\/mega-sena\/\"]}]},{\"@type\":\"ImageObject\",\"inLanguage\":\"it-IT\",\"@id\":\"https:\/\/onlinelotto365.com\/it\/numeri-vincenti\/mega-sena\/#primaryimage\",\"url\":\"https:\/\/redfoxlotto.com\/image?size=8&amp;lottery=mega-sena\",\"contentUrl\":\"https:\/\/redfoxlotto.com\/image?size=8&amp;lottery=mega-sena\"},{\"@type\":\"BreadcrumbList\",\"@id\":\"https:\/\/onlinelotto365.com\/it\/numeri-vincenti\/mega-sena\/#breadcrumb\",\"itemListElement\":[{\"@type\":\"ListItem\",\"position\":1,\"name\":\"Home\",\"item\":\"https:\/\/onlinelotto365.com\/it\/\"},{\"@type\":\"ListItem\",\"position\":2,\"name\":\"Trova i numeri vincenti e i risultati delle ultime estrazioni del lotto\",\"item\":\"https:\/\/onlinelotto365.com\/it\/numeri-vincenti\/\"},{\"@type\":\"ListItem\",\"position\":3,\"name\":\"Mega-Sena dal Brasile &#8211; ultimi numeri vincenti\"}]},{\"@type\":\"WebSite\",\"@id\":\"https:\/\/onlinelotto365.com\/it\/#website\",\"url\":\"https:\/\/onlinelotto365.com\/it\/\",\"name\":\"OnlineLotto365\",\"description\":\"\",\"potentialAction\":[{\"@type\":\"SearchAction\",\"target\":{\"@type\":\"EntryPoint\",\"urlTemplate\":\"https:\/\/onlinelotto365.com\/it\/?s={search_term_string}\"},\"query-input\":{\"@type\":\"PropertyValueSpecification\",\"valueRequired\":true,\"valueName\":\"search_term_string\"}}],\"inLanguage\":\"it-IT\"}]}<\/script>\n<!-- \/ Yoast SEO plugin. -->","yoast_head_json":{"title":"Ultimi risultati dell'estrazione e premi per Mega-Sena","description":"I risultati per Mega-Sena Brasile e molte altre lotterie in tutto il mondo si trovano qui","robots":{"index":"index","follow":"follow","max-snippet":"max-snippet:-1","max-image-preview":"max-image-preview:large","max-video-preview":"max-video-preview:-1"},"canonical":"https:\/\/onlinelotto365.com\/it\/numeri-vincenti\/mega-sena\/","og_locale":"it_IT","og_type":"article","og_title":"Ultimi risultati dell'estrazione e premi per Mega-Sena","og_description":"I risultati per Mega-Sena Brasile e molte altre lotterie in tutto il mondo si trovano qui","og_url":"https:\/\/onlinelotto365.com\/it\/numeri-vincenti\/mega-sena\/","og_site_name":"OnlineLotto365","article_modified_time":"2020-12-30T12:00:16+00:00","og_image":[{"url":"https:\/\/redfoxlotto.com\/image?size=8&amp;lottery=mega-sena"}],"twitter_card":"summary_large_image","twitter_misc":{"Tempo di lettura stimato":"2 minuti"},"schema":{"@context":"https:\/\/schema.org","@graph":[{"@type":"WebPage","@id":"https:\/\/onlinelotto365.com\/it\/numeri-vincenti\/mega-sena\/","url":"https:\/\/onlinelotto365.com\/it\/numeri-vincenti\/mega-sena\/","name":"Ultimi risultati dell'estrazione e premi per Mega-Sena","isPartOf":{"@id":"https:\/\/onlinelotto365.com\/it\/#website"},"primaryImageOfPage":{"@id":"https:\/\/onlinelotto365.com\/it\/numeri-vincenti\/mega-sena\/#primaryimage"},"image":{"@id":"https:\/\/onlinelotto365.com\/it\/numeri-vincenti\/mega-sena\/#primaryimage"},"thumbnailUrl":"https:\/\/redfoxlotto.com\/image?size=8&amp;lottery=mega-sena","datePublished":"2020-12-08T13:51:49+00:00","dateModified":"2020-12-30T12:00:16+00:00","description":"I risultati per Mega-Sena Brasile e molte altre lotterie in tutto il mondo si trovano qui","breadcrumb":{"@id":"https:\/\/onlinelotto365.com\/it\/numeri-vincenti\/mega-sena\/#breadcrumb"},"inLanguage":"it-IT","potentialAction":[{"@type":"ReadAction","target":["https:\/\/onlinelotto365.com\/it\/numeri-vincenti\/mega-sena\/"]}]},{"@type":"ImageObject","inLanguage":"it-IT","@id":"https:\/\/onlinelotto365.com\/it\/numeri-vincenti\/mega-sena\/#primaryimage","url":"https:\/\/redfoxlotto.com\/image?size=8&amp;lottery=mega-sena","contentUrl":"https:\/\/redfoxlotto.com\/image?size=8&amp;lottery=mega-sena"},{"@type":"BreadcrumbList","@id":"https:\/\/onlinelotto365.com\/it\/numeri-vincenti\/mega-sena\/#breadcrumb","itemListElement":[{"@type":"ListItem","position":1,"name":"Home","item":"https:\/\/onlinelotto365.com\/it\/"},{"@type":"ListItem","position":2,"name":"Trova i numeri vincenti e i risultati delle ultime estrazioni del lotto","item":"https:\/\/onlinelotto365.com\/it\/numeri-vincenti\/"},{"@type":"ListItem","position":3,"name":"Mega-Sena dal Brasile &#8211; ultimi numeri vincenti"}]},{"@type":"WebSite","@id":"https:\/\/onlinelotto365.com\/it\/#website","url":"https:\/\/onlinelotto365.com\/it\/","name":"OnlineLotto365","description":"","potentialAction":[{"@type":"SearchAction","target":{"@type":"EntryPoint","urlTemplate":"https:\/\/onlinelotto365.com\/it\/?s={search_term_string}"},"query-input":{"@type":"PropertyValueSpecification","valueRequired":true,"valueName":"search_term_string"}}],"inLanguage":"it-IT"}]}},"_links":{"self":[{"href":"https:\/\/onlinelotto365.com\/it\/wp-json\/wp\/v2\/pages\/8022","targetHints":{"allow":["GET"]}}],"collection":[{"href":"https:\/\/onlinelotto365.com\/it\/wp-json\/wp\/v2\/pages"}],"about":[{"href":"https:\/\/onlinelotto365.com\/it\/wp-json\/wp\/v2\/types\/page"}],"author":[{"embeddable":true,"href":"https:\/\/onlinelotto365.com\/it\/wp-json\/wp\/v2\/users\/1"}],"replies":[{"embeddable":true,"href":"https:\/\/onlinelotto365.com\/it\/wp-json\/wp\/v2\/comments?post=8022"}],"version-history":[{"count":0,"href":"https:\/\/onlinelotto365.com\/it\/wp-json\/wp\/v2\/pages\/8022\/revisions"}],"up":[{"embeddable":true,"href":"https:\/\/onlinelotto365.com\/it\/wp-json\/wp\/v2\/pages\/3796"}],"wp:attachment":[{"href":"https:\/\/onlinelotto365.com\/it\/wp-json\/wp\/v2\/media?parent=8022"}],"curies":[{"name":"wp","href":"https:\/\/api.w.org\/{rel}","templated":true}]}}