{"id":80395,"date":"2022-11-17T10:48:09","date_gmt":"2022-11-17T09:48:09","guid":{"rendered":"https:\/\/onlinelotto365.com\/?page_id=80395"},"modified":"2022-11-17T10:48:09","modified_gmt":"2022-11-17T09:48:09","slug":"set-for-life","status":"publish","type":"page","link":"https:\/\/onlinelotto365.com\/it\/buy-tickets\/set-for-life\/","title":{"rendered":"Come acquistare online i biglietti per Set for life"},"content":{"rendered":"<p>Se volete acquistare subito i biglietti per Set for Life, dovete sapere come fare. Se vivete in Italia, \u00e8 facile per voi e probabilmente saprete gi\u00e0 come ottenere i biglietti. Ma che dire dei giocatori del lotto di altri Paesi, ad esempio dell&#8217;Australia? Beh, il processo \u00e8 molto semplice e possiamo farvi iniziare a giocare in pochissimo tempo. Dovete solo seguire i passi che abbiamo illustrato di seguito. Da qui, potrete ottenere i biglietti che desiderate per la prossima estrazione.<br \/>\n<a href=\"https:\/\/redfoxlotto.com\/play\/set-for-life-uk\/?ref=a8564250a2&amp;medium=ol365\" target=\"_blank\" rel=\"noopener noreferrer\"><img decoding=\"async\" class=\"aligncenter\" src=\"https:\/\/redfoxlotto.com\/image?size=8&amp;lottery=set-for-life-uk\" alt=\"&quot;Set\" \/><\/a><\/p>\n<ul>\n<li>Andate alla pagina della lotteria Set for Life, scegliete il numero di biglietti che desiderate e selezionate i numeri che desiderate per ciascuno di essi.<\/li>\n<li>Scegliete altri biglietti per Set for Life o per altri giochi del lotto per riempire il carrello<\/li>\n<li>Scegliere l&#8217;opzione di pagamento immediato<\/li>\n<li>Seguite le istruzioni per accedere al vostro account o per creare un nuovo account.<\/li>\n<li>Completare il processo di verifica accedendo al proprio account e cliccando sul link contenuto nell&#8217;e-mail.<\/li>\n<li>Controllare la cartella spam se l&#8217;e-mail non compare nella posta in arrivo per assicurarsi di averla ricevuta.<\/li>\n<li>Una volta verificato l&#8217;account, accedere al carrello degli acquisti sul sito web<\/li>\n<li>Scegliete il metodo di pagamento che preferite e seguite la procedura di pagamento.<\/li>\n<\/ul>\n<h2>Come pagare il biglietto Set for life online<\/h2>\n<p>Il pagamento dei biglietti non \u00e8 solo facile, ma anche sicuro e offre numerose opzioni.<br \/>\nScegliete di pagare i vostri biglietti<\/p>\n<p>Effettuando un acquisto diretto con il metodo di pagamento scelto<br \/>\nVersando denaro sul vostro conto e utilizzandolo per l&#8217;acquisto.<\/p>\n<p>Assicuratevi che se scegliete di versare del denaro sul vostro conto, mettete anche un piccolo extra per far s\u00ec che la vostra scelta di pagamento vada a buon fine.<\/p>\n<h2>Ulteriori informazioni su Set for life<\/h2>\n<ul>\n<li>Paese: Italia<\/li>\n<li>Gamma di numeri principali: 45<\/li>\n<li>Scelta: 5<\/li>\n<li>Gamma di numeri extra: 10<\/li>\n<li>Scelta: 1<\/li>\n<li>Giorni e orari di estrazione: Luned\u00ec, gioved\u00ec, 20:00 GMT, 21:00 CET<\/li>\n<li>Montepremi minimo:<\/li>\n<li>Montepremi massimo:<\/li>\n<li>Probabilit\u00e0 di vincere il jackpot: 1 su 15339390<\/li>\n<li>Probabilit\u00e0 di vincita del livello 2: 1 su 1704377<\/li>\n<li>Probabilit\u00e0 di vincita in qualsiasi livello: 1 su 12,4<\/li>\n<li>Numero di livelli di premio: 8<\/li>\n<\/ul>\n<h2>Vantaggi dell&#8217;acquisto online dei biglietti di Set for life<\/h2>\n<ul>\n<li>Non si deve mai uscire di casa per acquistare i biglietti<\/li>\n<li>Non siete limitati a giocare alle lotterie australiane<\/li>\n<li>Scegliere tra una serie di lotterie diverse da tutto il mondo<\/li>\n<li>Scegliete i giochi con i jackpot pi\u00f9 alti per aumentare le vostre possibilit\u00e0<\/li>\n<li>Utilizzate il saldo del vostro conto per acquistare i biglietti che desiderate<\/li>\n<li>Tenere sempre sotto controllo i propri biglietti<\/li>\n<li>Ricevere una notifica se il vostro biglietto \u00e8 vincente<\/li>\n<li>Non preoccupatevi di scegliere le opzioni dei biglietti con le scelte rapide<\/li>\n<\/ul>\n<h2>\u00c8 legale acquistare online i biglietti di Set for life?<\/h2>\n<p>Non dovete preoccuparvi della legalit\u00e0 dell&#8217;acquisto dei biglietti online o in modo tradizionale. Potete rilassarvi e confidare nel fatto che ci occuperemo di seguire tutte le norme del Paese da cui provengono questi giochi. Tutto ci\u00f2 che dovete fare \u00e8 acquistare un biglietto e vi garantiamo che se avete diritto a un premio, compreso il jackpot, lo otterrete.<br \/>\nPer utilizzare il nostro sito web \u00e8 necessario avere almeno 18 anni di et\u00e0.<\/p>\n<h2>Come vengo pagato se vinco Set for life online?<\/h2>\n<p>Quando si vince qualcosa, si vuole essere pagati fino all&#8217;ultimo centesimo, e questo \u00e8 esattamente ci\u00f2 che facciamo. Ci assicuriamo che riceviate sempre tutti i soldi, senza commissioni e senza spese addebitate alle vostre vincite.<br \/>\nL&#8217;unica volta che dovete pagare qualcosa \u00e8 se decidete di fare un bonifico bancario. Se la banca ci addebita dei soldi, cosa che pu\u00f2 accadere con i trasferimenti internazionali, allora addebitiamo la commissione sul vostro conto. Questo \u00e8 l&#8217;unico motivo per cui tratteniamo qualcosa dalle vostre vincite.<br \/>\nE se vincete, riceverete i vostri soldi in un paio di modi diversi:<\/p>\n<ul>\n<li>Qualsiasi importo inferiore a \u20ac2500 \u00e8 facile, perch\u00e9 il nostro team di supporto metter\u00e0 il denaro direttamente sul vostro conto.<\/li>\n<li>Qualsiasi importo superiore a 2.500 euro sar\u00e0 comunque facile per voi perch\u00e9 il nostro team di assistenza vi aiuter\u00e0 nella procedura. Vi invieremo il modulo di richiesta di rimborso in modo che possiate compilarlo e comunicarci se volete che il denaro venga trasferito alla vostra banca o inviato come assegno.<\/li>\n<\/ul>\n","protected":false},"excerpt":{"rendered":"<p>Se volete acquistare subito i biglietti per Set for Life, dovete sapere come fare. Se vivete in Italia, \u00e8 facile per voi e probabilmente saprete gi\u00e0 come ottenere i biglietti. Ma che dire dei giocatori del lotto di altri Paesi, ad esempio dell&#8217;Australia? Beh, il processo \u00e8 molto semplice e possiamo farvi iniziare a giocare [&hellip;]<\/p>\n","protected":false},"author":1,"featured_media":0,"parent":3806,"menu_order":10,"comment_status":"closed","ping_status":"closed","template":"set-for-life-info.php","meta":{"_et_pb_use_builder":"","_et_pb_old_content":"","_et_gb_content_width":"","exclude_from_search":false,"footnotes":""},"class_list":["post-80395","page","type-page","status-publish","hentry"],"yoast_head":"<!-- This site is optimized with the Yoast SEO plugin v23.4 - https:\/\/yoast.com\/wordpress\/plugins\/seo\/ -->\n<title>Comprare i biglietti per Set for life online dall&#039;Australia | Informazioni sulla lotteria Set for life, come acquistare i biglietti<\/title>\n<meta name=\"description\" content=\"La lotteria Set for Life pu\u00f2 essere vinta dall&#039;Australia - acquistare i biglietti online qui\" \/>\n<meta name=\"robots\" content=\"index, follow, max-snippet:-1, max-image-preview:large, max-video-preview:-1\" \/>\n<link rel=\"canonical\" href=\"https:\/\/onlinelotto365.com\/it\/buy-tickets\/set-for-life\/\" \/>\n<meta property=\"og:locale\" content=\"it_IT\" \/>\n<meta property=\"og:type\" content=\"article\" \/>\n<meta property=\"og:title\" content=\"Comprare i biglietti per Set for life online dall&#039;Australia | Informazioni sulla lotteria Set for life, come acquistare i biglietti\" \/>\n<meta property=\"og:description\" content=\"La lotteria Set for Life pu\u00f2 essere vinta dall&#039;Australia - acquistare i biglietti online qui\" \/>\n<meta property=\"og:url\" content=\"https:\/\/onlinelotto365.com\/it\/buy-tickets\/set-for-life\/\" \/>\n<meta property=\"og:site_name\" content=\"OnlineLotto365\" \/>\n<meta property=\"og:image\" content=\"https:\/\/redfoxlotto.com\/image?size=8&amp;lottery=set-for-life-uk\" \/>\n<meta name=\"twitter:card\" content=\"summary_large_image\" \/>\n<meta name=\"twitter:label1\" content=\"Tempo di lettura stimato\" \/>\n\t<meta name=\"twitter:data1\" content=\"4 minuti\" \/>\n<script type=\"application\/ld+json\" class=\"yoast-schema-graph\">{\"@context\":\"https:\/\/schema.org\",\"@graph\":[{\"@type\":\"WebPage\",\"@id\":\"https:\/\/onlinelotto365.com\/it\/buy-tickets\/set-for-life\/\",\"url\":\"https:\/\/onlinelotto365.com\/it\/buy-tickets\/set-for-life\/\",\"name\":\"Comprare i biglietti per Set for life online dall'Australia | Informazioni sulla lotteria Set for life, come acquistare i biglietti\",\"isPartOf\":{\"@id\":\"https:\/\/onlinelotto365.com\/it\/#website\"},\"primaryImageOfPage\":{\"@id\":\"https:\/\/onlinelotto365.com\/it\/buy-tickets\/set-for-life\/#primaryimage\"},\"image\":{\"@id\":\"https:\/\/onlinelotto365.com\/it\/buy-tickets\/set-for-life\/#primaryimage\"},\"thumbnailUrl\":\"https:\/\/redfoxlotto.com\/image?size=8&amp;lottery=set-for-life-uk\",\"datePublished\":\"2022-11-17T09:48:09+00:00\",\"dateModified\":\"2022-11-17T09:48:09+00:00\",\"description\":\"La lotteria Set for Life pu\u00f2 essere vinta dall'Australia - acquistare i biglietti online qui\",\"breadcrumb\":{\"@id\":\"https:\/\/onlinelotto365.com\/it\/buy-tickets\/set-for-life\/#breadcrumb\"},\"inLanguage\":\"it-IT\",\"potentialAction\":[{\"@type\":\"ReadAction\",\"target\":[\"https:\/\/onlinelotto365.com\/it\/buy-tickets\/set-for-life\/\"]}]},{\"@type\":\"ImageObject\",\"inLanguage\":\"it-IT\",\"@id\":\"https:\/\/onlinelotto365.com\/it\/buy-tickets\/set-for-life\/#primaryimage\",\"url\":\"https:\/\/redfoxlotto.com\/image?size=8&amp;lottery=set-for-life-uk\",\"contentUrl\":\"https:\/\/redfoxlotto.com\/image?size=8&amp;lottery=set-for-life-uk\"},{\"@type\":\"BreadcrumbList\",\"@id\":\"https:\/\/onlinelotto365.com\/it\/buy-tickets\/set-for-life\/#breadcrumb\",\"itemListElement\":[{\"@type\":\"ListItem\",\"position\":1,\"name\":\"Home\",\"item\":\"https:\/\/onlinelotto365.com\/it\/\"},{\"@type\":\"ListItem\",\"position\":2,\"name\":\"Perch\u00e9 ha pi\u00f9 senso comprare i biglietti della lotteria online\",\"item\":\"https:\/\/onlinelotto365.com\/it\/buy-tickets\/\"},{\"@type\":\"ListItem\",\"position\":3,\"name\":\"Come acquistare online i biglietti per Set for life\"}]},{\"@type\":\"WebSite\",\"@id\":\"https:\/\/onlinelotto365.com\/it\/#website\",\"url\":\"https:\/\/onlinelotto365.com\/it\/\",\"name\":\"OnlineLotto365\",\"description\":\"\",\"potentialAction\":[{\"@type\":\"SearchAction\",\"target\":{\"@type\":\"EntryPoint\",\"urlTemplate\":\"https:\/\/onlinelotto365.com\/it\/?s={search_term_string}\"},\"query-input\":{\"@type\":\"PropertyValueSpecification\",\"valueRequired\":true,\"valueName\":\"search_term_string\"}}],\"inLanguage\":\"it-IT\"}]}<\/script>\n<!-- \/ Yoast SEO plugin. -->","yoast_head_json":{"title":"Comprare i biglietti per Set for life online dall'Australia | Informazioni sulla lotteria Set for life, come acquistare i biglietti","description":"La lotteria Set for Life pu\u00f2 essere vinta dall'Australia - acquistare i biglietti online qui","robots":{"index":"index","follow":"follow","max-snippet":"max-snippet:-1","max-image-preview":"max-image-preview:large","max-video-preview":"max-video-preview:-1"},"canonical":"https:\/\/onlinelotto365.com\/it\/buy-tickets\/set-for-life\/","og_locale":"it_IT","og_type":"article","og_title":"Comprare i biglietti per Set for life online dall'Australia | Informazioni sulla lotteria Set for life, come acquistare i biglietti","og_description":"La lotteria Set for Life pu\u00f2 essere vinta dall'Australia - acquistare i biglietti online qui","og_url":"https:\/\/onlinelotto365.com\/it\/buy-tickets\/set-for-life\/","og_site_name":"OnlineLotto365","og_image":[{"url":"https:\/\/redfoxlotto.com\/image?size=8&amp;lottery=set-for-life-uk"}],"twitter_card":"summary_large_image","twitter_misc":{"Tempo di lettura stimato":"4 minuti"},"schema":{"@context":"https:\/\/schema.org","@graph":[{"@type":"WebPage","@id":"https:\/\/onlinelotto365.com\/it\/buy-tickets\/set-for-life\/","url":"https:\/\/onlinelotto365.com\/it\/buy-tickets\/set-for-life\/","name":"Comprare i biglietti per Set for life online dall'Australia | Informazioni sulla lotteria Set for life, come acquistare i biglietti","isPartOf":{"@id":"https:\/\/onlinelotto365.com\/it\/#website"},"primaryImageOfPage":{"@id":"https:\/\/onlinelotto365.com\/it\/buy-tickets\/set-for-life\/#primaryimage"},"image":{"@id":"https:\/\/onlinelotto365.com\/it\/buy-tickets\/set-for-life\/#primaryimage"},"thumbnailUrl":"https:\/\/redfoxlotto.com\/image?size=8&amp;lottery=set-for-life-uk","datePublished":"2022-11-17T09:48:09+00:00","dateModified":"2022-11-17T09:48:09+00:00","description":"La lotteria Set for Life pu\u00f2 essere vinta dall'Australia - acquistare i biglietti online qui","breadcrumb":{"@id":"https:\/\/onlinelotto365.com\/it\/buy-tickets\/set-for-life\/#breadcrumb"},"inLanguage":"it-IT","potentialAction":[{"@type":"ReadAction","target":["https:\/\/onlinelotto365.com\/it\/buy-tickets\/set-for-life\/"]}]},{"@type":"ImageObject","inLanguage":"it-IT","@id":"https:\/\/onlinelotto365.com\/it\/buy-tickets\/set-for-life\/#primaryimage","url":"https:\/\/redfoxlotto.com\/image?size=8&amp;lottery=set-for-life-uk","contentUrl":"https:\/\/redfoxlotto.com\/image?size=8&amp;lottery=set-for-life-uk"},{"@type":"BreadcrumbList","@id":"https:\/\/onlinelotto365.com\/it\/buy-tickets\/set-for-life\/#breadcrumb","itemListElement":[{"@type":"ListItem","position":1,"name":"Home","item":"https:\/\/onlinelotto365.com\/it\/"},{"@type":"ListItem","position":2,"name":"Perch\u00e9 ha pi\u00f9 senso comprare i biglietti della lotteria online","item":"https:\/\/onlinelotto365.com\/it\/buy-tickets\/"},{"@type":"ListItem","position":3,"name":"Come acquistare online i biglietti per Set for life"}]},{"@type":"WebSite","@id":"https:\/\/onlinelotto365.com\/it\/#website","url":"https:\/\/onlinelotto365.com\/it\/","name":"OnlineLotto365","description":"","potentialAction":[{"@type":"SearchAction","target":{"@type":"EntryPoint","urlTemplate":"https:\/\/onlinelotto365.com\/it\/?s={search_term_string}"},"query-input":{"@type":"PropertyValueSpecification","valueRequired":true,"valueName":"search_term_string"}}],"inLanguage":"it-IT"}]}},"_links":{"self":[{"href":"https:\/\/onlinelotto365.com\/it\/wp-json\/wp\/v2\/pages\/80395","targetHints":{"allow":["GET"]}}],"collection":[{"href":"https:\/\/onlinelotto365.com\/it\/wp-json\/wp\/v2\/pages"}],"about":[{"href":"https:\/\/onlinelotto365.com\/it\/wp-json\/wp\/v2\/types\/page"}],"author":[{"embeddable":true,"href":"https:\/\/onlinelotto365.com\/it\/wp-json\/wp\/v2\/users\/1"}],"replies":[{"embeddable":true,"href":"https:\/\/onlinelotto365.com\/it\/wp-json\/wp\/v2\/comments?post=80395"}],"version-history":[{"count":0,"href":"https:\/\/onlinelotto365.com\/it\/wp-json\/wp\/v2\/pages\/80395\/revisions"}],"up":[{"embeddable":true,"href":"https:\/\/onlinelotto365.com\/it\/wp-json\/wp\/v2\/pages\/3806"}],"wp:attachment":[{"href":"https:\/\/onlinelotto365.com\/it\/wp-json\/wp\/v2\/media?parent=80395"}],"curies":[{"name":"wp","href":"https:\/\/api.w.org\/{rel}","templated":true}]}}