{"id":8046,"date":"2020-12-08T14:55:42","date_gmt":"2020-12-08T13:55:42","guid":{"rendered":"http:\/\/onlinelotto365.net\/?page_id=8046"},"modified":"2020-12-30T13:00:38","modified_gmt":"2020-12-30T12:00:38","slug":"powerball-australia","status":"publish","type":"page","link":"https:\/\/onlinelotto365.com\/it\/numeri-vincenti\/powerball-australia\/","title":{"rendered":"Powerball Australia &#8211; ultimi numeri vincenti e precedenti, risultati"},"content":{"rendered":"<p>Con le lotterie internazionali, potete provare a controllare i risultati sul giornale, ma \u00e8 <strong>improbabile che troviate i numeri vincenti di Powerball Australia nel vostro giornale locale<\/strong>. Potreste non trovarli nemmeno su uno dei vostri canali televisivi locali. Se lo farete, ci vorr\u00e0 un po&#8217; di tempo e di sforzi per trovare il canale giusto.<\/p>\n<p>Un&#8217;altra opzione \u00e8 quella di controllare il sito web di Powerball Australia per vedere se offrono un&#8217;opzione di disegno dal vivo. Se lo fanno si pu\u00f2 essere in grado di guardare lungo e ottenere il pieno godimento di vedere i tuoi numeri disegnati dal vivo. Ma non tutti i giochi offrono questa opzione e potreste perdervi del tutto l&#8217;esperienza.<br \/>\nPotete anche guardare su YouTube per vedere se c&#8217;\u00e8 una <a href=\"https:\/\/onlinelotto365.com\/it\/news\/lotto-live\">registrazione dell&#8217;estrazione dal vivo<\/a> per Powerball Australia. Questo potrebbe essere un buon modo per trovare i risultati dopo l&#8217;estrazione.<br \/>\n<a href=\"https:\/\/redfoxlotto.com\/it\/powerball-au\/?ref=a8564250a2&amp;medium=ol365\" target=\"_blank\" rel=\"noopener noreferrer\"><img decoding=\"async\" class=\"aligncenter\" src=\"https:\/\/redfoxlotto.com\/image?size=8&amp;lottery=powerball-au\" alt=\"Powerball Australia\" \/><\/a><\/p>\n<p>Il modo migliore per trovare i risultati del Powerball Australia, tuttavia, \u00e8 quello di dare un&#8217;occhiata al nostro sito web. Sarete in grado di trovare i risultati di questo e di qualsiasi altro gioco che abbiamo a disposizione, quindi non dovete preoccuparvi di perdere nulla.<\/p>\n<h2>Come scoprire se il tuo biglietto online ha vinto<\/h2>\n<p>E se avete gi\u00e0 acquistato i vostri biglietti per il Powerball Australia? Beh, allora \u00e8 ancora pi\u00f9 facile per voi controllare i numeri vincenti. Invece di controllare la normale pagina dei risultati della lotteria, puoi controllare la pagina dei biglietti sul tuo account. Questo vi permetter\u00e0 di vedere i numeri vincenti rispetto ai vostri, il che sar\u00e0 ancora meglio per le vostre esigenze.<\/p>\n<p>Potete cercare nel vostro biglietto tutti i numeri che sono evidenziati, il che significa che corrispondono ai numeri vincenti. Poi, potete vedere quanto avete vinto. E se \u00e8 meno di \u20ac2500 verr\u00e0 accreditato sul tuo conto in questo modo.<\/p>\n<h2>Archivio risultati Powerball Australia<\/h2>\n<p>Sul nostro sito web, vi rendiamo facile controllare non solo gli <a href=\"https:\/\/onlinelotto365.com\/it\/numeri-vincenti\">attuali numeri della lotteria<\/a> per Powerball Australia e altro ancora, ma anche i vecchi numeri. Uno dei modi pi\u00f9 popolari in cui le persone scelgono i loro numeri \u00e8 quello di guardare alcuni dei vecchi numeri, quindi ci assicuriamo che tu possa trovare quei numeri su qualsiasi pagina in cui offriamo i numeri vincenti attuali.<\/p>\n<h2>Il mio biglietto ha vinto, cosa succede dopo?<\/h2>\n<p>Se il tuo biglietto \u00e8 vincente, devi solo sederti e lasciare che ti aiutiamo a ottenere i soldi che ti spettano. Se hai vinto meno di \u20ac2500 lo accrediteremo sul tuo conto giocatore non appena i risultati saranno verificati. Poi potrai prelevare il denaro fino a quando ci saranno 10 \u20ac sul tuo conto.<\/p>\n","protected":false},"excerpt":{"rendered":"<p>Con le lotterie internazionali, potete provare a controllare i risultati sul giornale, ma \u00e8 improbabile che troviate i numeri vincenti di Powerball Australia nel vostro giornale locale. Potreste non trovarli nemmeno su uno dei vostri canali televisivi locali. Se lo farete, ci vorr\u00e0 un po&#8217; di tempo e di sforzi per trovare il canale giusto. [&hellip;]<\/p>\n","protected":false},"author":1,"featured_media":0,"parent":3796,"menu_order":13,"comment_status":"closed","ping_status":"closed","template":"powerball-au-results.php","meta":{"_et_pb_use_builder":"","_et_pb_old_content":"","_et_gb_content_width":"","exclude_from_search":false,"footnotes":""},"class_list":["post-8046","page","type-page","status-publish","hentry"],"yoast_head":"<!-- This site is optimized with the Yoast SEO plugin v23.4 - https:\/\/yoast.com\/wordpress\/plugins\/seo\/ -->\n<title>Ultimi risultati delle estrazioni e numeri vincenti per Powerball Australia<\/title>\n<meta name=\"description\" content=\"Pubblichiamo i numeri vincenti del Powerball Australia subito dopo l&#039;estrazione\" \/>\n<meta name=\"robots\" content=\"index, follow, max-snippet:-1, max-image-preview:large, max-video-preview:-1\" \/>\n<link rel=\"canonical\" href=\"https:\/\/onlinelotto365.com\/it\/numeri-vincenti\/powerball-australia\/\" \/>\n<meta property=\"og:locale\" content=\"it_IT\" \/>\n<meta property=\"og:type\" content=\"article\" \/>\n<meta property=\"og:title\" content=\"Ultimi risultati delle estrazioni e numeri vincenti per Powerball Australia\" \/>\n<meta property=\"og:description\" content=\"Pubblichiamo i numeri vincenti del Powerball Australia subito dopo l&#039;estrazione\" \/>\n<meta property=\"og:url\" content=\"https:\/\/onlinelotto365.com\/it\/numeri-vincenti\/powerball-australia\/\" \/>\n<meta property=\"og:site_name\" content=\"OnlineLotto365\" \/>\n<meta property=\"article:modified_time\" content=\"2020-12-30T12:00:38+00:00\" \/>\n<meta property=\"og:image\" content=\"https:\/\/redfoxlotto.com\/image?size=8&amp;lottery=powerball-au\" \/>\n<meta name=\"twitter:card\" content=\"summary_large_image\" \/>\n<meta name=\"twitter:label1\" content=\"Tempo di lettura stimato\" \/>\n\t<meta name=\"twitter:data1\" content=\"2 minuti\" \/>\n<script type=\"application\/ld+json\" class=\"yoast-schema-graph\">{\"@context\":\"https:\/\/schema.org\",\"@graph\":[{\"@type\":\"WebPage\",\"@id\":\"https:\/\/onlinelotto365.com\/it\/numeri-vincenti\/powerball-australia\/\",\"url\":\"https:\/\/onlinelotto365.com\/it\/numeri-vincenti\/powerball-australia\/\",\"name\":\"Ultimi risultati delle estrazioni e numeri vincenti per Powerball Australia\",\"isPartOf\":{\"@id\":\"https:\/\/onlinelotto365.com\/it\/#website\"},\"primaryImageOfPage\":{\"@id\":\"https:\/\/onlinelotto365.com\/it\/numeri-vincenti\/powerball-australia\/#primaryimage\"},\"image\":{\"@id\":\"https:\/\/onlinelotto365.com\/it\/numeri-vincenti\/powerball-australia\/#primaryimage\"},\"thumbnailUrl\":\"https:\/\/redfoxlotto.com\/image?size=8&amp;lottery=powerball-au\",\"datePublished\":\"2020-12-08T13:55:42+00:00\",\"dateModified\":\"2020-12-30T12:00:38+00:00\",\"description\":\"Pubblichiamo i numeri vincenti del Powerball Australia subito dopo l'estrazione\",\"breadcrumb\":{\"@id\":\"https:\/\/onlinelotto365.com\/it\/numeri-vincenti\/powerball-australia\/#breadcrumb\"},\"inLanguage\":\"it-IT\",\"potentialAction\":[{\"@type\":\"ReadAction\",\"target\":[\"https:\/\/onlinelotto365.com\/it\/numeri-vincenti\/powerball-australia\/\"]}]},{\"@type\":\"ImageObject\",\"inLanguage\":\"it-IT\",\"@id\":\"https:\/\/onlinelotto365.com\/it\/numeri-vincenti\/powerball-australia\/#primaryimage\",\"url\":\"https:\/\/redfoxlotto.com\/image?size=8&amp;lottery=powerball-au\",\"contentUrl\":\"https:\/\/redfoxlotto.com\/image?size=8&amp;lottery=powerball-au\"},{\"@type\":\"BreadcrumbList\",\"@id\":\"https:\/\/onlinelotto365.com\/it\/numeri-vincenti\/powerball-australia\/#breadcrumb\",\"itemListElement\":[{\"@type\":\"ListItem\",\"position\":1,\"name\":\"Home\",\"item\":\"https:\/\/onlinelotto365.com\/it\/\"},{\"@type\":\"ListItem\",\"position\":2,\"name\":\"Trova i numeri vincenti e i risultati delle ultime estrazioni del lotto\",\"item\":\"https:\/\/onlinelotto365.com\/it\/numeri-vincenti\/\"},{\"@type\":\"ListItem\",\"position\":3,\"name\":\"Powerball Australia &#8211; ultimi numeri vincenti e precedenti, risultati\"}]},{\"@type\":\"WebSite\",\"@id\":\"https:\/\/onlinelotto365.com\/it\/#website\",\"url\":\"https:\/\/onlinelotto365.com\/it\/\",\"name\":\"OnlineLotto365\",\"description\":\"\",\"potentialAction\":[{\"@type\":\"SearchAction\",\"target\":{\"@type\":\"EntryPoint\",\"urlTemplate\":\"https:\/\/onlinelotto365.com\/it\/?s={search_term_string}\"},\"query-input\":{\"@type\":\"PropertyValueSpecification\",\"valueRequired\":true,\"valueName\":\"search_term_string\"}}],\"inLanguage\":\"it-IT\"}]}<\/script>\n<!-- \/ Yoast SEO plugin. -->","yoast_head_json":{"title":"Ultimi risultati delle estrazioni e numeri vincenti per Powerball Australia","description":"Pubblichiamo i numeri vincenti del Powerball Australia subito dopo l'estrazione","robots":{"index":"index","follow":"follow","max-snippet":"max-snippet:-1","max-image-preview":"max-image-preview:large","max-video-preview":"max-video-preview:-1"},"canonical":"https:\/\/onlinelotto365.com\/it\/numeri-vincenti\/powerball-australia\/","og_locale":"it_IT","og_type":"article","og_title":"Ultimi risultati delle estrazioni e numeri vincenti per Powerball Australia","og_description":"Pubblichiamo i numeri vincenti del Powerball Australia subito dopo l'estrazione","og_url":"https:\/\/onlinelotto365.com\/it\/numeri-vincenti\/powerball-australia\/","og_site_name":"OnlineLotto365","article_modified_time":"2020-12-30T12:00:38+00:00","og_image":[{"url":"https:\/\/redfoxlotto.com\/image?size=8&amp;lottery=powerball-au"}],"twitter_card":"summary_large_image","twitter_misc":{"Tempo di lettura stimato":"2 minuti"},"schema":{"@context":"https:\/\/schema.org","@graph":[{"@type":"WebPage","@id":"https:\/\/onlinelotto365.com\/it\/numeri-vincenti\/powerball-australia\/","url":"https:\/\/onlinelotto365.com\/it\/numeri-vincenti\/powerball-australia\/","name":"Ultimi risultati delle estrazioni e numeri vincenti per Powerball Australia","isPartOf":{"@id":"https:\/\/onlinelotto365.com\/it\/#website"},"primaryImageOfPage":{"@id":"https:\/\/onlinelotto365.com\/it\/numeri-vincenti\/powerball-australia\/#primaryimage"},"image":{"@id":"https:\/\/onlinelotto365.com\/it\/numeri-vincenti\/powerball-australia\/#primaryimage"},"thumbnailUrl":"https:\/\/redfoxlotto.com\/image?size=8&amp;lottery=powerball-au","datePublished":"2020-12-08T13:55:42+00:00","dateModified":"2020-12-30T12:00:38+00:00","description":"Pubblichiamo i numeri vincenti del Powerball Australia subito dopo l'estrazione","breadcrumb":{"@id":"https:\/\/onlinelotto365.com\/it\/numeri-vincenti\/powerball-australia\/#breadcrumb"},"inLanguage":"it-IT","potentialAction":[{"@type":"ReadAction","target":["https:\/\/onlinelotto365.com\/it\/numeri-vincenti\/powerball-australia\/"]}]},{"@type":"ImageObject","inLanguage":"it-IT","@id":"https:\/\/onlinelotto365.com\/it\/numeri-vincenti\/powerball-australia\/#primaryimage","url":"https:\/\/redfoxlotto.com\/image?size=8&amp;lottery=powerball-au","contentUrl":"https:\/\/redfoxlotto.com\/image?size=8&amp;lottery=powerball-au"},{"@type":"BreadcrumbList","@id":"https:\/\/onlinelotto365.com\/it\/numeri-vincenti\/powerball-australia\/#breadcrumb","itemListElement":[{"@type":"ListItem","position":1,"name":"Home","item":"https:\/\/onlinelotto365.com\/it\/"},{"@type":"ListItem","position":2,"name":"Trova i numeri vincenti e i risultati delle ultime estrazioni del lotto","item":"https:\/\/onlinelotto365.com\/it\/numeri-vincenti\/"},{"@type":"ListItem","position":3,"name":"Powerball Australia &#8211; ultimi numeri vincenti e precedenti, risultati"}]},{"@type":"WebSite","@id":"https:\/\/onlinelotto365.com\/it\/#website","url":"https:\/\/onlinelotto365.com\/it\/","name":"OnlineLotto365","description":"","potentialAction":[{"@type":"SearchAction","target":{"@type":"EntryPoint","urlTemplate":"https:\/\/onlinelotto365.com\/it\/?s={search_term_string}"},"query-input":{"@type":"PropertyValueSpecification","valueRequired":true,"valueName":"search_term_string"}}],"inLanguage":"it-IT"}]}},"_links":{"self":[{"href":"https:\/\/onlinelotto365.com\/it\/wp-json\/wp\/v2\/pages\/8046","targetHints":{"allow":["GET"]}}],"collection":[{"href":"https:\/\/onlinelotto365.com\/it\/wp-json\/wp\/v2\/pages"}],"about":[{"href":"https:\/\/onlinelotto365.com\/it\/wp-json\/wp\/v2\/types\/page"}],"author":[{"embeddable":true,"href":"https:\/\/onlinelotto365.com\/it\/wp-json\/wp\/v2\/users\/1"}],"replies":[{"embeddable":true,"href":"https:\/\/onlinelotto365.com\/it\/wp-json\/wp\/v2\/comments?post=8046"}],"version-history":[{"count":0,"href":"https:\/\/onlinelotto365.com\/it\/wp-json\/wp\/v2\/pages\/8046\/revisions"}],"up":[{"embeddable":true,"href":"https:\/\/onlinelotto365.com\/it\/wp-json\/wp\/v2\/pages\/3796"}],"wp:attachment":[{"href":"https:\/\/onlinelotto365.com\/it\/wp-json\/wp\/v2\/media?parent=8046"}],"curies":[{"name":"wp","href":"https:\/\/api.w.org\/{rel}","templated":true}]}}