{"id":8076,"date":"2020-12-08T14:58:24","date_gmt":"2020-12-08T13:58:24","guid":{"rendered":"http:\/\/onlinelotto365.net\/?page_id=8076"},"modified":"2021-01-11T09:57:54","modified_gmt":"2021-01-11T08:57:54","slug":"oz-lotto","status":"publish","type":"page","link":"https:\/\/onlinelotto365.com\/it\/numeri-vincenti\/oz-lotto\/","title":{"rendered":"Numeri vincenti di Oz Lotto"},"content":{"rendered":"<p>Ci sono molte opzioni di lotteria internazionale disponibili sul nostro sito web e quando si gioca a questi giochi si vuole essere sicuri di essere in grado di controllare i numeri vincenti. Un modo \u00e8 quello di un giornale, ma <strong>trovare i risultati di Oz Lotto sul giornale pu\u00f2 essere difficile<\/strong>. Un&#8217;altra opzione \u00e8 quella della TV, ma anche trovare il canale giusto per guardare il disegno o vedere i risultati pu\u00f2 essere una situazione difficile per la maggior parte delle persone.<\/p>\n<p>Successivamente, \u00e8 possibile controllare il sito ufficiale dell&#8217;Oz Lotto e vedere se \u00e8 possibile ottenere i risultati. Alcuni giochi vi permetteranno di vedere il disegno in diretta sul loro sito web. Ma tenete presente che questo non \u00e8 possibile con tutti i giochi del lotto e potreste ritrovarvi senza questa opportunit\u00e0.<\/p>\n<p>Dopo che il disegno ha avuto luogo \u00e8 possibile a volte fare una ricerca su YouTube per i <strong>risultati dell&#8217;ultimo disegno di Oz Lotto<\/strong>. Anche questi non sono sempre disponibili, ma a volte qualcuno pubblicher\u00e0 un video dell&#8217;estrazione dal vivo o dei numeri.<br \/>\n<a href=\"https:\/\/redfoxlotto.com\/it\/oz-lotto\/?ref=a8564250a2&amp;medium=ol365\" target=\"_blank\" rel=\"noopener noreferrer\"><img decoding=\"async\" class=\"aligncenter\" src=\"https:\/\/redfoxlotto.com\/image?size=8&amp;lottery=oz-lotto\" alt=\"Oz Lotto\" \/><\/a><\/p>\n<p>La cosa migliore che potete fare, tuttavia, se volete ottenere gli ultimi numeri vincenti, \u00e8 controllare il nostro sito web e la nostra pagina dei risultati del lotto. \u00c8 qui che mettiamo i risultati per <a href=\"https:\/\/onlinelotto365.com\/it\/buy-tickets\">ogni gioco della lotteria che si pu\u00f2 acquistare sul nostro sito web<\/a> in modo da sapere dove guardare.<\/p>\n<h2>Come scoprire se il tuo biglietto online ha vinto<img loading=\"lazy\" decoding=\"async\" class=\"alignright wp-image-3624\" src=\"https:\/\/onlinelotto365.com\/wp-content\/uploads\/2020\/11\/online_lottery-74-200x300.jpg\" alt=\"oz lotto winning numbers\" width=\"123\" height=\"185\" srcset=\"https:\/\/onlinelotto365.com\/wp-content\/uploads\/2020\/11\/online_lottery-74-200x300.jpg 200w, https:\/\/onlinelotto365.com\/wp-content\/uploads\/2020\/11\/online_lottery-74.jpg 320w\" sizes=\"auto, (max-width: 123px) 100vw, 123px\" \/><\/h2>\n<p>Per coloro che hanno acquistato i biglietti per uno qualsiasi dei giochi che offriamo \u00e8 possibile accedere al proprio account e andare alla pagina dove sono memorizzati i biglietti. Questa pagina vi dar\u00e0 tutte le informazioni di cui avete bisogno. Potrai vedere i tuoi biglietti del lotto e i numeri vincenti.<br \/>\nSe sei abbastanza fortunato da far combaciare i numeri, vedrai anche i numeri che corrispondono a quelli del lotto evidenziati sullo schermo. E potrai controllare la quantit\u00e0 di numeri abbinati e il premio che hai vinto. Se \u00e8 inferiore a \u20ac2500 puoi guardare il tuo account e trovarlo nel tuo account giocatore non appena i risultati sono verificati.<\/p>\n<h2>Archivio risultati Oz Lotto<\/h2>\n<p>Per chi vuole guardare i numeri pi\u00f9 vecchi dell&#8217;Oz Lotto o di <a href=\"http:\/\/onlinelotto365.com\">altri giochi<\/a> della lotteria \u00e8 possibile trovare facilmente l&#8217;archivio collegato a qualsiasi pagina in cui sono mostrati i numeri attuali. In questo modo vi sar\u00e0 pi\u00f9 facile trovare i numeri che state cercando, per aiutarvi a trovare i numeri che vi serviranno in futuro.<\/p>\n<h2>Il mio biglietto ha vinto, cosa succede dopo?<\/h2>\n<p>Abbiamo gi\u00e0 parlato di come puoi vincere se il tuo biglietto corrisponde ai numeri vincenti, ma diamo anche un&#8217;occhiata pi\u00f9 da vicino. Se hai un biglietto di valore inferiore a \u20ac2500 troverai il denaro aggiunto automaticamente sul tuo conto non appena i numeri vincenti saranno stati verificati.<\/p>\n<p>Poi, se avete almeno 10 \u20ac sul vostro conto, potete prelevare quel denaro con qualsiasi metodo di pagamento che avete gi\u00e0 utilizzato nel vostro conto. Basta compilare un paio di moduli per verificare la vostra identit\u00e0 e il vostro denaro sar\u00e0 sul vostro conto in un batter d&#8217;occhio. Oppure puoi lasciarlo dov&#8217;\u00e8 e usarlo per comprare ancora pi\u00f9 biglietti in seguito.<\/p>\n","protected":false},"excerpt":{"rendered":"<p>Ci sono molte opzioni di lotteria internazionale disponibili sul nostro sito web e quando si gioca a questi giochi si vuole essere sicuri di essere in grado di controllare i numeri vincenti. Un modo \u00e8 quello di un giornale, ma trovare i risultati di Oz Lotto sul giornale pu\u00f2 essere difficile. Un&#8217;altra opzione \u00e8 quella [&hellip;]<\/p>\n","protected":false},"author":1,"featured_media":0,"parent":3796,"menu_order":14,"comment_status":"closed","ping_status":"closed","template":"template-rightsidebar.php","meta":{"_et_pb_use_builder":"","_et_pb_old_content":"","_et_gb_content_width":"","exclude_from_search":false,"footnotes":""},"class_list":["post-8076","page","type-page","status-publish","hentry"],"yoast_head":"<!-- This site is optimized with the Yoast SEO plugin v23.4 - https:\/\/yoast.com\/wordpress\/plugins\/seo\/ -->\n<title>Risultati e premi dell&#039;estrazione del lotto Oz Lotto<\/title>\n<meta name=\"description\" content=\"Cerchi i risultati del sorteggio di Oz Lotto? Ecco i numeri vincenti\" \/>\n<meta name=\"robots\" content=\"index, follow, max-snippet:-1, max-image-preview:large, max-video-preview:-1\" \/>\n<link rel=\"canonical\" href=\"https:\/\/onlinelotto365.com\/it\/numeri-vincenti\/oz-lotto\/\" \/>\n<meta property=\"og:locale\" content=\"it_IT\" \/>\n<meta property=\"og:type\" content=\"article\" \/>\n<meta property=\"og:title\" content=\"Risultati e premi dell&#039;estrazione del lotto Oz Lotto\" \/>\n<meta property=\"og:description\" content=\"Cerchi i risultati del sorteggio di Oz Lotto? Ecco i numeri vincenti\" \/>\n<meta property=\"og:url\" content=\"https:\/\/onlinelotto365.com\/it\/numeri-vincenti\/oz-lotto\/\" \/>\n<meta property=\"og:site_name\" content=\"OnlineLotto365\" \/>\n<meta property=\"article:modified_time\" content=\"2021-01-11T08:57:54+00:00\" \/>\n<meta property=\"og:image\" content=\"https:\/\/redfoxlotto.com\/image?size=8&amp;lottery=oz-lotto\" \/>\n<meta name=\"twitter:card\" content=\"summary_large_image\" \/>\n<meta name=\"twitter:label1\" content=\"Tempo di lettura stimato\" \/>\n\t<meta name=\"twitter:data1\" content=\"3 minuti\" \/>\n<script type=\"application\/ld+json\" class=\"yoast-schema-graph\">{\"@context\":\"https:\/\/schema.org\",\"@graph\":[{\"@type\":\"WebPage\",\"@id\":\"https:\/\/onlinelotto365.com\/it\/numeri-vincenti\/oz-lotto\/\",\"url\":\"https:\/\/onlinelotto365.com\/it\/numeri-vincenti\/oz-lotto\/\",\"name\":\"Risultati e premi dell'estrazione del lotto Oz Lotto\",\"isPartOf\":{\"@id\":\"https:\/\/onlinelotto365.com\/it\/#website\"},\"primaryImageOfPage\":{\"@id\":\"https:\/\/onlinelotto365.com\/it\/numeri-vincenti\/oz-lotto\/#primaryimage\"},\"image\":{\"@id\":\"https:\/\/onlinelotto365.com\/it\/numeri-vincenti\/oz-lotto\/#primaryimage\"},\"thumbnailUrl\":\"https:\/\/redfoxlotto.com\/image?size=8&amp;lottery=oz-lotto\",\"datePublished\":\"2020-12-08T13:58:24+00:00\",\"dateModified\":\"2021-01-11T08:57:54+00:00\",\"description\":\"Cerchi i risultati del sorteggio di Oz Lotto? Ecco i numeri vincenti\",\"breadcrumb\":{\"@id\":\"https:\/\/onlinelotto365.com\/it\/numeri-vincenti\/oz-lotto\/#breadcrumb\"},\"inLanguage\":\"it-IT\",\"potentialAction\":[{\"@type\":\"ReadAction\",\"target\":[\"https:\/\/onlinelotto365.com\/it\/numeri-vincenti\/oz-lotto\/\"]}]},{\"@type\":\"ImageObject\",\"inLanguage\":\"it-IT\",\"@id\":\"https:\/\/onlinelotto365.com\/it\/numeri-vincenti\/oz-lotto\/#primaryimage\",\"url\":\"https:\/\/redfoxlotto.com\/image?size=8&amp;lottery=oz-lotto\",\"contentUrl\":\"https:\/\/redfoxlotto.com\/image?size=8&amp;lottery=oz-lotto\"},{\"@type\":\"BreadcrumbList\",\"@id\":\"https:\/\/onlinelotto365.com\/it\/numeri-vincenti\/oz-lotto\/#breadcrumb\",\"itemListElement\":[{\"@type\":\"ListItem\",\"position\":1,\"name\":\"Home\",\"item\":\"https:\/\/onlinelotto365.com\/it\/\"},{\"@type\":\"ListItem\",\"position\":2,\"name\":\"Trova i numeri vincenti e i risultati delle ultime estrazioni del lotto\",\"item\":\"https:\/\/onlinelotto365.com\/it\/numeri-vincenti\/\"},{\"@type\":\"ListItem\",\"position\":3,\"name\":\"Numeri vincenti di Oz Lotto\"}]},{\"@type\":\"WebSite\",\"@id\":\"https:\/\/onlinelotto365.com\/it\/#website\",\"url\":\"https:\/\/onlinelotto365.com\/it\/\",\"name\":\"OnlineLotto365\",\"description\":\"\",\"potentialAction\":[{\"@type\":\"SearchAction\",\"target\":{\"@type\":\"EntryPoint\",\"urlTemplate\":\"https:\/\/onlinelotto365.com\/it\/?s={search_term_string}\"},\"query-input\":{\"@type\":\"PropertyValueSpecification\",\"valueRequired\":true,\"valueName\":\"search_term_string\"}}],\"inLanguage\":\"it-IT\"}]}<\/script>\n<!-- \/ Yoast SEO plugin. -->","yoast_head_json":{"title":"Risultati e premi dell'estrazione del lotto Oz Lotto","description":"Cerchi i risultati del sorteggio di Oz Lotto? Ecco i numeri vincenti","robots":{"index":"index","follow":"follow","max-snippet":"max-snippet:-1","max-image-preview":"max-image-preview:large","max-video-preview":"max-video-preview:-1"},"canonical":"https:\/\/onlinelotto365.com\/it\/numeri-vincenti\/oz-lotto\/","og_locale":"it_IT","og_type":"article","og_title":"Risultati e premi dell'estrazione del lotto Oz Lotto","og_description":"Cerchi i risultati del sorteggio di Oz Lotto? Ecco i numeri vincenti","og_url":"https:\/\/onlinelotto365.com\/it\/numeri-vincenti\/oz-lotto\/","og_site_name":"OnlineLotto365","article_modified_time":"2021-01-11T08:57:54+00:00","og_image":[{"url":"https:\/\/redfoxlotto.com\/image?size=8&amp;lottery=oz-lotto"}],"twitter_card":"summary_large_image","twitter_misc":{"Tempo di lettura stimato":"3 minuti"},"schema":{"@context":"https:\/\/schema.org","@graph":[{"@type":"WebPage","@id":"https:\/\/onlinelotto365.com\/it\/numeri-vincenti\/oz-lotto\/","url":"https:\/\/onlinelotto365.com\/it\/numeri-vincenti\/oz-lotto\/","name":"Risultati e premi dell'estrazione del lotto Oz Lotto","isPartOf":{"@id":"https:\/\/onlinelotto365.com\/it\/#website"},"primaryImageOfPage":{"@id":"https:\/\/onlinelotto365.com\/it\/numeri-vincenti\/oz-lotto\/#primaryimage"},"image":{"@id":"https:\/\/onlinelotto365.com\/it\/numeri-vincenti\/oz-lotto\/#primaryimage"},"thumbnailUrl":"https:\/\/redfoxlotto.com\/image?size=8&amp;lottery=oz-lotto","datePublished":"2020-12-08T13:58:24+00:00","dateModified":"2021-01-11T08:57:54+00:00","description":"Cerchi i risultati del sorteggio di Oz Lotto? Ecco i numeri vincenti","breadcrumb":{"@id":"https:\/\/onlinelotto365.com\/it\/numeri-vincenti\/oz-lotto\/#breadcrumb"},"inLanguage":"it-IT","potentialAction":[{"@type":"ReadAction","target":["https:\/\/onlinelotto365.com\/it\/numeri-vincenti\/oz-lotto\/"]}]},{"@type":"ImageObject","inLanguage":"it-IT","@id":"https:\/\/onlinelotto365.com\/it\/numeri-vincenti\/oz-lotto\/#primaryimage","url":"https:\/\/redfoxlotto.com\/image?size=8&amp;lottery=oz-lotto","contentUrl":"https:\/\/redfoxlotto.com\/image?size=8&amp;lottery=oz-lotto"},{"@type":"BreadcrumbList","@id":"https:\/\/onlinelotto365.com\/it\/numeri-vincenti\/oz-lotto\/#breadcrumb","itemListElement":[{"@type":"ListItem","position":1,"name":"Home","item":"https:\/\/onlinelotto365.com\/it\/"},{"@type":"ListItem","position":2,"name":"Trova i numeri vincenti e i risultati delle ultime estrazioni del lotto","item":"https:\/\/onlinelotto365.com\/it\/numeri-vincenti\/"},{"@type":"ListItem","position":3,"name":"Numeri vincenti di Oz Lotto"}]},{"@type":"WebSite","@id":"https:\/\/onlinelotto365.com\/it\/#website","url":"https:\/\/onlinelotto365.com\/it\/","name":"OnlineLotto365","description":"","potentialAction":[{"@type":"SearchAction","target":{"@type":"EntryPoint","urlTemplate":"https:\/\/onlinelotto365.com\/it\/?s={search_term_string}"},"query-input":{"@type":"PropertyValueSpecification","valueRequired":true,"valueName":"search_term_string"}}],"inLanguage":"it-IT"}]}},"_links":{"self":[{"href":"https:\/\/onlinelotto365.com\/it\/wp-json\/wp\/v2\/pages\/8076","targetHints":{"allow":["GET"]}}],"collection":[{"href":"https:\/\/onlinelotto365.com\/it\/wp-json\/wp\/v2\/pages"}],"about":[{"href":"https:\/\/onlinelotto365.com\/it\/wp-json\/wp\/v2\/types\/page"}],"author":[{"embeddable":true,"href":"https:\/\/onlinelotto365.com\/it\/wp-json\/wp\/v2\/users\/1"}],"replies":[{"embeddable":true,"href":"https:\/\/onlinelotto365.com\/it\/wp-json\/wp\/v2\/comments?post=8076"}],"version-history":[{"count":0,"href":"https:\/\/onlinelotto365.com\/it\/wp-json\/wp\/v2\/pages\/8076\/revisions"}],"up":[{"embeddable":true,"href":"https:\/\/onlinelotto365.com\/it\/wp-json\/wp\/v2\/pages\/3796"}],"wp:attachment":[{"href":"https:\/\/onlinelotto365.com\/it\/wp-json\/wp\/v2\/media?parent=8076"}],"curies":[{"name":"wp","href":"https:\/\/api.w.org\/{rel}","templated":true}]}}