{"id":8108,"date":"2020-12-08T15:01:14","date_gmt":"2020-12-08T14:01:14","guid":{"rendered":"http:\/\/onlinelotto365.net\/?page_id=8108"},"modified":"2021-01-11T09:57:55","modified_gmt":"2021-01-11T08:57:55","slug":"saturday-lotto-australia","status":"publish","type":"page","link":"https:\/\/onlinelotto365.com\/it\/numeri-vincenti\/saturday-lotto-australia\/","title":{"rendered":"Controlla i numeri vincenti e gli importi del sabato Lotto Australia"},"content":{"rendered":"<p>Ci sono moltissimi <a href=\"http:\/\/onlinelotto365.com\/it\">giochi internazionali disponibili sul nostro sito web<\/a> e sappiamo che volete essere in grado di <strong>ottenere i numeri vincenti il pi\u00f9 rapidamente possibile<\/strong>. Il giornale non \u00e8 generalmente un <strong>buon posto per trovare i numeri vincenti del sabato Lotto Australia<\/strong>. Non \u00e8 nemmeno molto bello guardare i canali televisivi e sperare di trovare quello giusto per questo gioco. Dove vai a prendere i risultati?<\/p>\n<p>Il sito web della lotteria \u00e8 un posto dove guardare. Alcuni giochi della lotteria offrono trasmissioni in diretta dei loro disegni, ma il Sabato Lotto Australia potrebbe non essere uno di questi. Devi controllare il sito web per essere sicuro e poi devi assicurarti di guardare al momento giusto se offrono l&#8217;estrazione dal vivo.<br \/>\nInfine, se il disegno \u00e8 gi\u00e0 stato completato, potreste essere in grado di <strong>fare una ricerca su YouTube<\/strong> per trovare i risultati che qualcuno ha gi\u00e0 pubblicato. Potrebbero avere un video del disegno dal vivo da far passare.<br \/>\n<a href=\"https:\/\/redfoxlotto.com\/it\/saturday-lotto-au\/?ref=a8564250a2&amp;medium=ol365\" target=\"_blank\" rel=\"noopener noreferrer\"><img decoding=\"async\" class=\"aligncenter\" src=\"https:\/\/redfoxlotto.com\/image?size=8&amp;lottery=saturday-lotto-au\" alt=\"Saturday Lotto Australia\" \/><\/a><\/p>\n<p>Il modo pi\u00f9 semplice per ottenere i risultati che state cercando, tuttavia, \u00e8 quello di tornare subito sul nostro sito web. \u00c8 qui che troverete tutti i numeri del sabato Lotto Australia e tutti gli altri giochi a cui volete giocare. I <a href=\"https:\/\/onlinelotto365.com\/it\/numeri-vincenti\">numeri sono disponibili sulla nostra pagina dei risultati della lotteria<\/a> e facili da trovare.<\/p>\n<h2>Come scoprire se il tuo biglietto online ha vinto<\/h2>\n<p><img loading=\"lazy\" decoding=\"async\" class=\"alignright wp-image-3649\" src=\"https:\/\/onlinelotto365.com\/wp-content\/uploads\/2020\/11\/online_lottery-90-300x225.jpg\" alt=\"winning numbers saturday lotto australia\" width=\"207\" height=\"155\" srcset=\"https:\/\/onlinelotto365.com\/wp-content\/uploads\/2020\/11\/online_lottery-90-300x225.jpg 300w, https:\/\/onlinelotto365.com\/wp-content\/uploads\/2020\/11\/online_lottery-90.jpg 320w\" sizes=\"auto, (max-width: 207px) 100vw, 207px\" \/> Chiunque abbia gi\u00e0 <a href=\"https:\/\/onlinelotto365.com\/it\/buy-tickets\">acquistato i biglietti<\/a> per il Sabato Lotto Australia sul nostro sito web avr\u00e0 un tempo ancora pi\u00f9 facile perch\u00e9 potr\u00e0 semplicemente accedere al suo account. Effettua il login e controlla la pagina dove sono conservati i tuoi biglietti. Troverai non solo i numeri dei tuoi biglietti, ma anche i numeri vincenti di qualsiasi partita che hai giocato.<\/p>\n<p>Da l\u00ec potrete cercare i fiammiferi, che vi contrassegneremo con colori diversi. In questo modo potrete vedere quanto avete vinto e potrete vedere dove sono i soldi nel vostro conto. Se sono meno di 2500 \u20ac li mettiamo gi\u00e0 nel conto per voi, cos\u00ec non dovrete fare nulla.<\/p>\n<h2>Archivio risultati del sabato Lotto Australia<\/h2>\n<p>Per chi vuole cercare i numeri pi\u00f9 vecchi per il sabato Lotto Australia, non deve preoccuparsi di nulla. Ci assicuriamo che l&#8217;archivio sia facile da trovare allegandolo a qualsiasi pagina dove mostriamo i risultati del lotto in corso. In questo modo potete controllare tutti i numeri che volete, anche di molto tempo fa.<\/p>\n<h2>Il mio biglietto ha vinto, cosa succede dopo?<\/h2>\n<p>Abbiamo gi\u00e0 parlato delle vincite che potresti ottenere dai tuoi biglietti della lotteria. Se quelle vincite sono inferiori a 2500 euro non devi fare nulla per reclamarle. Metteremo subito i soldi sul tuo conto giocatore per te. Se le vincite sono superiori a \u20ac2500, ti aiuteremo a reclamarle.<\/p>\n<p>Tenete anche presente che potete prelevare qualsiasi somma di denaro sul vostro conto, a condizione che ci siano almeno 10 \u20ac. Tutto quello che dovete fare \u00e8 scegliere un metodo di pagamento che avete gi\u00e0 utilizzato nel conto e compilare alcuni moduli di verifica per il nostro processore di pagamento.<\/p>\n","protected":false},"excerpt":{"rendered":"<p>Ci sono moltissimi giochi internazionali disponibili sul nostro sito web e sappiamo che volete essere in grado di ottenere i numeri vincenti il pi\u00f9 rapidamente possibile. Il giornale non \u00e8 generalmente un buon posto per trovare i numeri vincenti del sabato Lotto Australia. Non \u00e8 nemmeno molto bello guardare i canali televisivi e sperare di [&hellip;]<\/p>\n","protected":false},"author":1,"featured_media":0,"parent":3796,"menu_order":15,"comment_status":"closed","ping_status":"closed","template":"saturday-lotto-results.php","meta":{"_et_pb_use_builder":"","_et_pb_old_content":"","_et_gb_content_width":"","exclude_from_search":false,"footnotes":""},"class_list":["post-8108","page","type-page","status-publish","hentry"],"yoast_head":"<!-- This site is optimized with the Yoast SEO plugin v23.4 - https:\/\/yoast.com\/wordpress\/plugins\/seo\/ -->\n<title>Controlla i numeri vincenti e gli importi del sabato Lotto Australia<\/title>\n<meta name=\"description\" content=\"Risultati dell&#039;estrazione, numeri vincenti del sabato lotto Australia, pi\u00f9 l&#039;archivio dei risultati\" \/>\n<meta name=\"robots\" content=\"index, follow, max-snippet:-1, max-image-preview:large, max-video-preview:-1\" \/>\n<link rel=\"canonical\" href=\"https:\/\/onlinelotto365.com\/it\/numeri-vincenti\/saturday-lotto-australia\/\" \/>\n<meta property=\"og:locale\" content=\"it_IT\" \/>\n<meta property=\"og:type\" content=\"article\" \/>\n<meta property=\"og:title\" content=\"Controlla i numeri vincenti e gli importi del sabato Lotto Australia\" \/>\n<meta property=\"og:description\" content=\"Risultati dell&#039;estrazione, numeri vincenti del sabato lotto Australia, pi\u00f9 l&#039;archivio dei risultati\" \/>\n<meta property=\"og:url\" content=\"https:\/\/onlinelotto365.com\/it\/numeri-vincenti\/saturday-lotto-australia\/\" \/>\n<meta property=\"og:site_name\" content=\"OnlineLotto365\" \/>\n<meta property=\"article:modified_time\" content=\"2021-01-11T08:57:55+00:00\" \/>\n<meta property=\"og:image\" content=\"https:\/\/redfoxlotto.com\/image?size=8&amp;lottery=saturday-lotto-au\" \/>\n<meta name=\"twitter:card\" content=\"summary_large_image\" \/>\n<meta name=\"twitter:label1\" content=\"Tempo di lettura stimato\" \/>\n\t<meta name=\"twitter:data1\" content=\"2 minuti\" \/>\n<script type=\"application\/ld+json\" class=\"yoast-schema-graph\">{\"@context\":\"https:\/\/schema.org\",\"@graph\":[{\"@type\":\"WebPage\",\"@id\":\"https:\/\/onlinelotto365.com\/it\/numeri-vincenti\/saturday-lotto-australia\/\",\"url\":\"https:\/\/onlinelotto365.com\/it\/numeri-vincenti\/saturday-lotto-australia\/\",\"name\":\"Controlla i numeri vincenti e gli importi del sabato Lotto Australia\",\"isPartOf\":{\"@id\":\"https:\/\/onlinelotto365.com\/it\/#website\"},\"primaryImageOfPage\":{\"@id\":\"https:\/\/onlinelotto365.com\/it\/numeri-vincenti\/saturday-lotto-australia\/#primaryimage\"},\"image\":{\"@id\":\"https:\/\/onlinelotto365.com\/it\/numeri-vincenti\/saturday-lotto-australia\/#primaryimage\"},\"thumbnailUrl\":\"https:\/\/redfoxlotto.com\/image?size=8&amp;lottery=saturday-lotto-au\",\"datePublished\":\"2020-12-08T14:01:14+00:00\",\"dateModified\":\"2021-01-11T08:57:55+00:00\",\"description\":\"Risultati dell'estrazione, numeri vincenti del sabato lotto Australia, pi\u00f9 l'archivio dei risultati\",\"breadcrumb\":{\"@id\":\"https:\/\/onlinelotto365.com\/it\/numeri-vincenti\/saturday-lotto-australia\/#breadcrumb\"},\"inLanguage\":\"it-IT\",\"potentialAction\":[{\"@type\":\"ReadAction\",\"target\":[\"https:\/\/onlinelotto365.com\/it\/numeri-vincenti\/saturday-lotto-australia\/\"]}]},{\"@type\":\"ImageObject\",\"inLanguage\":\"it-IT\",\"@id\":\"https:\/\/onlinelotto365.com\/it\/numeri-vincenti\/saturday-lotto-australia\/#primaryimage\",\"url\":\"https:\/\/redfoxlotto.com\/image?size=8&amp;lottery=saturday-lotto-au\",\"contentUrl\":\"https:\/\/redfoxlotto.com\/image?size=8&amp;lottery=saturday-lotto-au\"},{\"@type\":\"BreadcrumbList\",\"@id\":\"https:\/\/onlinelotto365.com\/it\/numeri-vincenti\/saturday-lotto-australia\/#breadcrumb\",\"itemListElement\":[{\"@type\":\"ListItem\",\"position\":1,\"name\":\"Home\",\"item\":\"https:\/\/onlinelotto365.com\/it\/\"},{\"@type\":\"ListItem\",\"position\":2,\"name\":\"Trova i numeri vincenti e i risultati delle ultime estrazioni del lotto\",\"item\":\"https:\/\/onlinelotto365.com\/it\/numeri-vincenti\/\"},{\"@type\":\"ListItem\",\"position\":3,\"name\":\"Controlla i numeri vincenti e gli importi del sabato Lotto Australia\"}]},{\"@type\":\"WebSite\",\"@id\":\"https:\/\/onlinelotto365.com\/it\/#website\",\"url\":\"https:\/\/onlinelotto365.com\/it\/\",\"name\":\"OnlineLotto365\",\"description\":\"\",\"potentialAction\":[{\"@type\":\"SearchAction\",\"target\":{\"@type\":\"EntryPoint\",\"urlTemplate\":\"https:\/\/onlinelotto365.com\/it\/?s={search_term_string}\"},\"query-input\":{\"@type\":\"PropertyValueSpecification\",\"valueRequired\":true,\"valueName\":\"search_term_string\"}}],\"inLanguage\":\"it-IT\"}]}<\/script>\n<!-- \/ Yoast SEO plugin. -->","yoast_head_json":{"title":"Controlla i numeri vincenti e gli importi del sabato Lotto Australia","description":"Risultati dell'estrazione, numeri vincenti del sabato lotto Australia, pi\u00f9 l'archivio dei risultati","robots":{"index":"index","follow":"follow","max-snippet":"max-snippet:-1","max-image-preview":"max-image-preview:large","max-video-preview":"max-video-preview:-1"},"canonical":"https:\/\/onlinelotto365.com\/it\/numeri-vincenti\/saturday-lotto-australia\/","og_locale":"it_IT","og_type":"article","og_title":"Controlla i numeri vincenti e gli importi del sabato Lotto Australia","og_description":"Risultati dell'estrazione, numeri vincenti del sabato lotto Australia, pi\u00f9 l'archivio dei risultati","og_url":"https:\/\/onlinelotto365.com\/it\/numeri-vincenti\/saturday-lotto-australia\/","og_site_name":"OnlineLotto365","article_modified_time":"2021-01-11T08:57:55+00:00","og_image":[{"url":"https:\/\/redfoxlotto.com\/image?size=8&amp;lottery=saturday-lotto-au"}],"twitter_card":"summary_large_image","twitter_misc":{"Tempo di lettura stimato":"2 minuti"},"schema":{"@context":"https:\/\/schema.org","@graph":[{"@type":"WebPage","@id":"https:\/\/onlinelotto365.com\/it\/numeri-vincenti\/saturday-lotto-australia\/","url":"https:\/\/onlinelotto365.com\/it\/numeri-vincenti\/saturday-lotto-australia\/","name":"Controlla i numeri vincenti e gli importi del sabato Lotto Australia","isPartOf":{"@id":"https:\/\/onlinelotto365.com\/it\/#website"},"primaryImageOfPage":{"@id":"https:\/\/onlinelotto365.com\/it\/numeri-vincenti\/saturday-lotto-australia\/#primaryimage"},"image":{"@id":"https:\/\/onlinelotto365.com\/it\/numeri-vincenti\/saturday-lotto-australia\/#primaryimage"},"thumbnailUrl":"https:\/\/redfoxlotto.com\/image?size=8&amp;lottery=saturday-lotto-au","datePublished":"2020-12-08T14:01:14+00:00","dateModified":"2021-01-11T08:57:55+00:00","description":"Risultati dell'estrazione, numeri vincenti del sabato lotto Australia, pi\u00f9 l'archivio dei risultati","breadcrumb":{"@id":"https:\/\/onlinelotto365.com\/it\/numeri-vincenti\/saturday-lotto-australia\/#breadcrumb"},"inLanguage":"it-IT","potentialAction":[{"@type":"ReadAction","target":["https:\/\/onlinelotto365.com\/it\/numeri-vincenti\/saturday-lotto-australia\/"]}]},{"@type":"ImageObject","inLanguage":"it-IT","@id":"https:\/\/onlinelotto365.com\/it\/numeri-vincenti\/saturday-lotto-australia\/#primaryimage","url":"https:\/\/redfoxlotto.com\/image?size=8&amp;lottery=saturday-lotto-au","contentUrl":"https:\/\/redfoxlotto.com\/image?size=8&amp;lottery=saturday-lotto-au"},{"@type":"BreadcrumbList","@id":"https:\/\/onlinelotto365.com\/it\/numeri-vincenti\/saturday-lotto-australia\/#breadcrumb","itemListElement":[{"@type":"ListItem","position":1,"name":"Home","item":"https:\/\/onlinelotto365.com\/it\/"},{"@type":"ListItem","position":2,"name":"Trova i numeri vincenti e i risultati delle ultime estrazioni del lotto","item":"https:\/\/onlinelotto365.com\/it\/numeri-vincenti\/"},{"@type":"ListItem","position":3,"name":"Controlla i numeri vincenti e gli importi del sabato Lotto Australia"}]},{"@type":"WebSite","@id":"https:\/\/onlinelotto365.com\/it\/#website","url":"https:\/\/onlinelotto365.com\/it\/","name":"OnlineLotto365","description":"","potentialAction":[{"@type":"SearchAction","target":{"@type":"EntryPoint","urlTemplate":"https:\/\/onlinelotto365.com\/it\/?s={search_term_string}"},"query-input":{"@type":"PropertyValueSpecification","valueRequired":true,"valueName":"search_term_string"}}],"inLanguage":"it-IT"}]}},"_links":{"self":[{"href":"https:\/\/onlinelotto365.com\/it\/wp-json\/wp\/v2\/pages\/8108","targetHints":{"allow":["GET"]}}],"collection":[{"href":"https:\/\/onlinelotto365.com\/it\/wp-json\/wp\/v2\/pages"}],"about":[{"href":"https:\/\/onlinelotto365.com\/it\/wp-json\/wp\/v2\/types\/page"}],"author":[{"embeddable":true,"href":"https:\/\/onlinelotto365.com\/it\/wp-json\/wp\/v2\/users\/1"}],"replies":[{"embeddable":true,"href":"https:\/\/onlinelotto365.com\/it\/wp-json\/wp\/v2\/comments?post=8108"}],"version-history":[{"count":0,"href":"https:\/\/onlinelotto365.com\/it\/wp-json\/wp\/v2\/pages\/8108\/revisions"}],"up":[{"embeddable":true,"href":"https:\/\/onlinelotto365.com\/it\/wp-json\/wp\/v2\/pages\/3796"}],"wp:attachment":[{"href":"https:\/\/onlinelotto365.com\/it\/wp-json\/wp\/v2\/media?parent=8108"}],"curies":[{"name":"wp","href":"https:\/\/api.w.org\/{rel}","templated":true}]}}