{"id":8135,"date":"2020-12-08T15:04:05","date_gmt":"2020-12-08T14:04:05","guid":{"rendered":"http:\/\/onlinelotto365.net\/?page_id=8135"},"modified":"2021-01-11T09:57:56","modified_gmt":"2021-01-11T08:57:56","slug":"mon-wed-lotto","status":"publish","type":"page","link":"https:\/\/onlinelotto365.com\/it\/numeri-vincenti\/mon-wed-lotto\/","title":{"rendered":"Tutti i risultati di luned\u00ec e mercoled\u00ec Lotto Australia"},"content":{"rendered":"<p>Ci sono un sacco di giochi internazionali diversi che si possono giocare alla lotteria. E si vuole essere in grado di ottenere i risultati il pi\u00f9 rapidamente possibile. Un modo per farlo \u00e8 quello di cercare un giornale che offra i <strong>numeri vincenti del Mon &amp; Wed Lotto Australia<\/strong>. Ma quelli possono essere difficili da trovare. Un&#8217;altra opzione \u00e8 la TV, ma anche questi canali possono essere difficili da trovare. E se non volete fare molte ricerche?<\/p>\n<p>Visita il sito web del Lotto Australia Mon &amp; Wed Lotto Australia per vedere se offrono disegni dal vivo. I disegni dal vivo per qualsiasi gioco possono essere molto divertenti perch\u00e9 ti danno un sacco di emozioni istantanee mentre li guardi. Ma non tutti i giochi offrono questo tipo di disegni. Si dovrebbe fare in modo che il Mon &amp; Wed Lotto \u00e8 uno di quelli che ha a disposizione.<\/p>\n<p>Successivamente, \u00e8 possibile scegliere di controllare su YouTube per vedere se i risultati possono essere trovati l\u00ec. Potreste rimanere sorpresi da come alcune persone pubblicano i risultati per i disegni o anche video live dei disegni per qualsiasi gioco.<br \/>\n<a href=\"https:\/\/redfoxlotto.com\/it\/monday-wednesday-lotto-au\/?ref=a8564250a2&amp;medium=ol365\" target=\"_blank\" rel=\"noopener noreferrer\"><img decoding=\"async\" class=\"aligncenter\" src=\"https:\/\/redfoxlotto.com\/image?size=8&amp;lottery=monday-wednesday-lotto-au\" alt=\"Mon &amp; Wed Lotto Australia\" \/><\/a><\/p>\n<p>L&#8217;opzione di gran lunga pi\u00f9 semplice per voi, tuttavia, \u00e8 quella di guardare il nostro sito web. Offriamo tutti i numeri vincenti e gli importi dei premi per ogni gioco che potete acquistare sul nostro sito web. In questo modo vi sar\u00e0 molto pi\u00f9 facile ottenere risultati in un unico posto e con la velocit\u00e0 che desiderate.<\/p>\n<h2>Come scoprire se il tuo biglietto online ha vinto<\/h2>\n<p><img loading=\"lazy\" decoding=\"async\" class=\"alignright wp-image-3542\" src=\"https:\/\/onlinelotto365.com\/wp-content\/uploads\/2020\/11\/online_lottery-154-300x200.jpg\" alt=\"Mon &amp; Wed Lotto winning numbers\" width=\"197\" height=\"131\" srcset=\"https:\/\/onlinelotto365.com\/wp-content\/uploads\/2020\/11\/online_lottery-154-300x200.jpg 300w, https:\/\/onlinelotto365.com\/wp-content\/uploads\/2020\/11\/online_lottery-154.jpg 320w\" sizes=\"auto, (max-width: 197px) 100vw, 197px\" \/> La notizia ancora migliore \u00e8 che se avete acquistato con noi un biglietto per il Mon &amp; Wed Lotto Australia potete andare <strong>direttamente sul vostro conto giocatore per ottenere i risultati.<\/strong> Troverete l\u00ec i biglietti che avete acquistato e i numeri vincenti per i giochi che avete scelto di giocare.<\/p>\n<p>Potrai vedere i numeri che hai scelto che corrispondono ai numeri estratti e tutti i soldi che hai vinto che sono meno di \u20ac2500 saranno automaticamente aggiunti al tuo conto. Cosa c&#8217;\u00e8 di pi\u00f9 facile?<\/p>\n<h2>Archivio dei risultati del Luned\u00ec e Mercoled\u00ec Lotto Australia<\/h2>\n<p>Qualsiasi pagina del nostro sito web che mostra gli ultimi risultati del Lotto Australia del Luned\u00ec e del Mercoled\u00ec vi mostrer\u00e0 anche i numeri pi\u00f9 vecchi che potreste voler controllare. Questi possono aiutarti quando si tratta di scegliere i numeri che vuoi giocare la prossima volta che acquisti un biglietto.<\/p>\n<h2>Il mio biglietto ha vinto, cosa succede dopo?<\/h2>\n<p>Se hai vinto con il tuo biglietto, devi solo dare un&#8217;occhiata a quanto ti spetta. Se \u00e8 meno di \u20ac2500 ci occuperemo di fartelo confermare e di fartelo accreditare sul tuo conto il prima possibile. Poi, se hai almeno 10 euro sul tuo conto, puoi prelevarli su qualsiasi metodo di pagamento che hai utilizzato in precedenza con il tuo conto. Dovete solo occuparvi di alcuni documenti che permetteranno al nostro elaboratore di pagamento di sapere chi siete e che avete diritto al denaro. Se hai meno di 10 euro o scegli di lasciare il denaro sul tuo conto puoi <a href=\"https:\/\/onlinelotto365.com\/it\/buy-tickets\">usarlo per acquistare altri biglietti <\/a><\/p>\n","protected":false},"excerpt":{"rendered":"<p>Ci sono un sacco di giochi internazionali diversi che si possono giocare alla lotteria. E si vuole essere in grado di ottenere i risultati il pi\u00f9 rapidamente possibile. Un modo per farlo \u00e8 quello di cercare un giornale che offra i numeri vincenti del Mon &amp; Wed Lotto Australia. Ma quelli possono essere difficili da [&hellip;]<\/p>\n","protected":false},"author":1,"featured_media":0,"parent":3796,"menu_order":16,"comment_status":"closed","ping_status":"closed","template":"template-rightsidebar.php","meta":{"_et_pb_use_builder":"","_et_pb_old_content":"","_et_gb_content_width":"","exclude_from_search":false,"footnotes":""},"class_list":["post-8135","page","type-page","status-publish","hentry"],"yoast_head":"<!-- This site is optimized with the Yoast SEO plugin v23.4 - https:\/\/yoast.com\/wordpress\/plugins\/seo\/ -->\n<title>Numeri vincenti del Lotto Luned\u00ec e Mer Australia<\/title>\n<meta name=\"description\" content=\"Il nostro sito vi porta gli ultimi numeri vincenti e gli importi vinti per il lotto di Luned\u00ec e Mer\" \/>\n<meta name=\"robots\" content=\"index, follow, max-snippet:-1, max-image-preview:large, max-video-preview:-1\" \/>\n<link rel=\"canonical\" href=\"https:\/\/onlinelotto365.com\/it\/numeri-vincenti\/mon-wed-lotto\/\" \/>\n<meta property=\"og:locale\" content=\"it_IT\" \/>\n<meta property=\"og:type\" content=\"article\" \/>\n<meta property=\"og:title\" content=\"Numeri vincenti del Lotto Luned\u00ec e Mer Australia\" \/>\n<meta property=\"og:description\" content=\"Il nostro sito vi porta gli ultimi numeri vincenti e gli importi vinti per il lotto di Luned\u00ec e Mer\" \/>\n<meta property=\"og:url\" content=\"https:\/\/onlinelotto365.com\/it\/numeri-vincenti\/mon-wed-lotto\/\" \/>\n<meta property=\"og:site_name\" content=\"OnlineLotto365\" \/>\n<meta property=\"article:modified_time\" content=\"2021-01-11T08:57:56+00:00\" \/>\n<meta property=\"og:image\" content=\"https:\/\/redfoxlotto.com\/image?size=8&amp;lottery=monday-wednesday-lotto-au\" \/>\n<meta name=\"twitter:card\" content=\"summary_large_image\" \/>\n<meta name=\"twitter:label1\" content=\"Tempo di lettura stimato\" \/>\n\t<meta name=\"twitter:data1\" content=\"2 minuti\" \/>\n<script type=\"application\/ld+json\" class=\"yoast-schema-graph\">{\"@context\":\"https:\/\/schema.org\",\"@graph\":[{\"@type\":\"WebPage\",\"@id\":\"https:\/\/onlinelotto365.com\/it\/numeri-vincenti\/mon-wed-lotto\/\",\"url\":\"https:\/\/onlinelotto365.com\/it\/numeri-vincenti\/mon-wed-lotto\/\",\"name\":\"Numeri vincenti del Lotto Luned\u00ec e Mer Australia\",\"isPartOf\":{\"@id\":\"https:\/\/onlinelotto365.com\/it\/#website\"},\"primaryImageOfPage\":{\"@id\":\"https:\/\/onlinelotto365.com\/it\/numeri-vincenti\/mon-wed-lotto\/#primaryimage\"},\"image\":{\"@id\":\"https:\/\/onlinelotto365.com\/it\/numeri-vincenti\/mon-wed-lotto\/#primaryimage\"},\"thumbnailUrl\":\"https:\/\/redfoxlotto.com\/image?size=8&amp;lottery=monday-wednesday-lotto-au\",\"datePublished\":\"2020-12-08T14:04:05+00:00\",\"dateModified\":\"2021-01-11T08:57:56+00:00\",\"description\":\"Il nostro sito vi porta gli ultimi numeri vincenti e gli importi vinti per il lotto di Luned\u00ec e Mer\",\"breadcrumb\":{\"@id\":\"https:\/\/onlinelotto365.com\/it\/numeri-vincenti\/mon-wed-lotto\/#breadcrumb\"},\"inLanguage\":\"it-IT\",\"potentialAction\":[{\"@type\":\"ReadAction\",\"target\":[\"https:\/\/onlinelotto365.com\/it\/numeri-vincenti\/mon-wed-lotto\/\"]}]},{\"@type\":\"ImageObject\",\"inLanguage\":\"it-IT\",\"@id\":\"https:\/\/onlinelotto365.com\/it\/numeri-vincenti\/mon-wed-lotto\/#primaryimage\",\"url\":\"https:\/\/redfoxlotto.com\/image?size=8&amp;lottery=monday-wednesday-lotto-au\",\"contentUrl\":\"https:\/\/redfoxlotto.com\/image?size=8&amp;lottery=monday-wednesday-lotto-au\"},{\"@type\":\"BreadcrumbList\",\"@id\":\"https:\/\/onlinelotto365.com\/it\/numeri-vincenti\/mon-wed-lotto\/#breadcrumb\",\"itemListElement\":[{\"@type\":\"ListItem\",\"position\":1,\"name\":\"Home\",\"item\":\"https:\/\/onlinelotto365.com\/it\/\"},{\"@type\":\"ListItem\",\"position\":2,\"name\":\"Trova i numeri vincenti e i risultati delle ultime estrazioni del lotto\",\"item\":\"https:\/\/onlinelotto365.com\/it\/numeri-vincenti\/\"},{\"@type\":\"ListItem\",\"position\":3,\"name\":\"Tutti i risultati di luned\u00ec e mercoled\u00ec Lotto Australia\"}]},{\"@type\":\"WebSite\",\"@id\":\"https:\/\/onlinelotto365.com\/it\/#website\",\"url\":\"https:\/\/onlinelotto365.com\/it\/\",\"name\":\"OnlineLotto365\",\"description\":\"\",\"potentialAction\":[{\"@type\":\"SearchAction\",\"target\":{\"@type\":\"EntryPoint\",\"urlTemplate\":\"https:\/\/onlinelotto365.com\/it\/?s={search_term_string}\"},\"query-input\":{\"@type\":\"PropertyValueSpecification\",\"valueRequired\":true,\"valueName\":\"search_term_string\"}}],\"inLanguage\":\"it-IT\"}]}<\/script>\n<!-- \/ Yoast SEO plugin. -->","yoast_head_json":{"title":"Numeri vincenti del Lotto Luned\u00ec e Mer Australia","description":"Il nostro sito vi porta gli ultimi numeri vincenti e gli importi vinti per il lotto di Luned\u00ec e Mer","robots":{"index":"index","follow":"follow","max-snippet":"max-snippet:-1","max-image-preview":"max-image-preview:large","max-video-preview":"max-video-preview:-1"},"canonical":"https:\/\/onlinelotto365.com\/it\/numeri-vincenti\/mon-wed-lotto\/","og_locale":"it_IT","og_type":"article","og_title":"Numeri vincenti del Lotto Luned\u00ec e Mer Australia","og_description":"Il nostro sito vi porta gli ultimi numeri vincenti e gli importi vinti per il lotto di Luned\u00ec e Mer","og_url":"https:\/\/onlinelotto365.com\/it\/numeri-vincenti\/mon-wed-lotto\/","og_site_name":"OnlineLotto365","article_modified_time":"2021-01-11T08:57:56+00:00","og_image":[{"url":"https:\/\/redfoxlotto.com\/image?size=8&amp;lottery=monday-wednesday-lotto-au"}],"twitter_card":"summary_large_image","twitter_misc":{"Tempo di lettura stimato":"2 minuti"},"schema":{"@context":"https:\/\/schema.org","@graph":[{"@type":"WebPage","@id":"https:\/\/onlinelotto365.com\/it\/numeri-vincenti\/mon-wed-lotto\/","url":"https:\/\/onlinelotto365.com\/it\/numeri-vincenti\/mon-wed-lotto\/","name":"Numeri vincenti del Lotto Luned\u00ec e Mer Australia","isPartOf":{"@id":"https:\/\/onlinelotto365.com\/it\/#website"},"primaryImageOfPage":{"@id":"https:\/\/onlinelotto365.com\/it\/numeri-vincenti\/mon-wed-lotto\/#primaryimage"},"image":{"@id":"https:\/\/onlinelotto365.com\/it\/numeri-vincenti\/mon-wed-lotto\/#primaryimage"},"thumbnailUrl":"https:\/\/redfoxlotto.com\/image?size=8&amp;lottery=monday-wednesday-lotto-au","datePublished":"2020-12-08T14:04:05+00:00","dateModified":"2021-01-11T08:57:56+00:00","description":"Il nostro sito vi porta gli ultimi numeri vincenti e gli importi vinti per il lotto di Luned\u00ec e Mer","breadcrumb":{"@id":"https:\/\/onlinelotto365.com\/it\/numeri-vincenti\/mon-wed-lotto\/#breadcrumb"},"inLanguage":"it-IT","potentialAction":[{"@type":"ReadAction","target":["https:\/\/onlinelotto365.com\/it\/numeri-vincenti\/mon-wed-lotto\/"]}]},{"@type":"ImageObject","inLanguage":"it-IT","@id":"https:\/\/onlinelotto365.com\/it\/numeri-vincenti\/mon-wed-lotto\/#primaryimage","url":"https:\/\/redfoxlotto.com\/image?size=8&amp;lottery=monday-wednesday-lotto-au","contentUrl":"https:\/\/redfoxlotto.com\/image?size=8&amp;lottery=monday-wednesday-lotto-au"},{"@type":"BreadcrumbList","@id":"https:\/\/onlinelotto365.com\/it\/numeri-vincenti\/mon-wed-lotto\/#breadcrumb","itemListElement":[{"@type":"ListItem","position":1,"name":"Home","item":"https:\/\/onlinelotto365.com\/it\/"},{"@type":"ListItem","position":2,"name":"Trova i numeri vincenti e i risultati delle ultime estrazioni del lotto","item":"https:\/\/onlinelotto365.com\/it\/numeri-vincenti\/"},{"@type":"ListItem","position":3,"name":"Tutti i risultati di luned\u00ec e mercoled\u00ec Lotto Australia"}]},{"@type":"WebSite","@id":"https:\/\/onlinelotto365.com\/it\/#website","url":"https:\/\/onlinelotto365.com\/it\/","name":"OnlineLotto365","description":"","potentialAction":[{"@type":"SearchAction","target":{"@type":"EntryPoint","urlTemplate":"https:\/\/onlinelotto365.com\/it\/?s={search_term_string}"},"query-input":{"@type":"PropertyValueSpecification","valueRequired":true,"valueName":"search_term_string"}}],"inLanguage":"it-IT"}]}},"_links":{"self":[{"href":"https:\/\/onlinelotto365.com\/it\/wp-json\/wp\/v2\/pages\/8135","targetHints":{"allow":["GET"]}}],"collection":[{"href":"https:\/\/onlinelotto365.com\/it\/wp-json\/wp\/v2\/pages"}],"about":[{"href":"https:\/\/onlinelotto365.com\/it\/wp-json\/wp\/v2\/types\/page"}],"author":[{"embeddable":true,"href":"https:\/\/onlinelotto365.com\/it\/wp-json\/wp\/v2\/users\/1"}],"replies":[{"embeddable":true,"href":"https:\/\/onlinelotto365.com\/it\/wp-json\/wp\/v2\/comments?post=8135"}],"version-history":[{"count":0,"href":"https:\/\/onlinelotto365.com\/it\/wp-json\/wp\/v2\/pages\/8135\/revisions"}],"up":[{"embeddable":true,"href":"https:\/\/onlinelotto365.com\/it\/wp-json\/wp\/v2\/pages\/3796"}],"wp:attachment":[{"href":"https:\/\/onlinelotto365.com\/it\/wp-json\/wp\/v2\/media?parent=8135"}],"curies":[{"name":"wp","href":"https:\/\/api.w.org\/{rel}","templated":true}]}}