{"id":84219,"date":"2023-09-28T08:25:24","date_gmt":"2023-09-28T07:25:24","guid":{"rendered":"https:\/\/onlinelotto365.com\/numeri-vincenti\/controlla-i-numeri-vincenti-di-eurojackpot-qui"},"modified":"2023-09-28T08:25:24","modified_gmt":"2023-09-28T07:25:24","slug":"controlla-i-numeri-vincenti-di-eurojackpot-qui","status":"publish","type":"page","link":"https:\/\/onlinelotto365.com\/it\/numeri-vincenti\/controlla-i-numeri-vincenti-di-eurojackpot-qui\/","title":{"rendered":"Controlla i numeri vincenti di Eurojackpot qui"},"content":{"rendered":"<p>Sul nostro sito web sono disponibili molte lotterie internazionali diverse, il che significa che trovare i numeri e i risultati pu\u00f2 essere difficile per alcuni. E quando si tratta di trovare i numeri altrove, le cose possono andare anche peggio. Probabilmente non troverete i risultati di Eurojackpot sul vostro giornale locale e anche in TV pu\u00f2 essere difficile trovarli. Soprattutto perch\u00e9 spesso non vengono trasmessi in diretta.<\/p>\n<p>Potete anche consultare il sito web della lotteria Eurojackpot, che vi d\u00e0 accesso alla trasmissione in diretta dei risultati e dell&#8217;estrazione. Questo pu\u00f2 essere molto divertente e vi permette di sapere se avete vinto molto pi\u00f9 velocemente. Ma questo non \u00e8 sempre possibile e bisogna avere il giusto tempismo.<\/p>\n<p>Se state cercando i numeri dopo l&#8217;estrazione, potete sempre controllare su YouTube se l&#8217;estrazione \u00e8 disponibile o se qualcuno ha un video con i numeri vincenti.<\/p>\n<p>Il modo pi\u00f9 semplice per trovare i numeri vincenti, e anche per vedere tutti i premi e i risultati, \u00e8 visitare il nostro sito web alla pagina dei risultati della lotteria. L\u00ec troverete tutti i numeri vincenti dell&#8217;Eurojackpot e di tutti gli altri giochi che offriamo.<\/p>\n<h2>Come sapere se avete vinto<\/h2>\n<p><img decoding=\"async\" class=\"aligncenter\" src=\"https:\/\/redfoxlotto.com\/image?size=8&amp;lottery=eurojackpot\" alt=\"eurojackpot\" \/><br \/>\nAvete acquistato un biglietto per l&#8217;Eurojackpot? Se s\u00ec, non c&#8217;\u00e8 nemmeno bisogno di andare alla pagina dei risultati. Basta andare sul vostro conto e vedrete i numeri vincenti proprio accanto al vostro biglietto. Potrete anche vedere quali numeri erano corretti e quali no e vedere quanto avete vinto di conseguenza. Se avete vinto meno di 2.500 euro, il denaro sar\u00e0 depositato sul vostro conto immediatamente, non appena i numeri della lotteria saranno confermati.<\/p>\n<p>Il nostro sito web vi mostrer\u00e0 i risultati dell&#8217;ultimo Eurojackpot, ma vi offrir\u00e0 anche molte opzioni per controllare le estrazioni pi\u00f9 vecchie. In questo modo potrete controllare i biglietti pi\u00f9 vecchi o se siete alla ricerca dei numeri migliori da provare la prossima volta che comprerete un biglietto. In effetti, questa \u00e8 una delle strategie di lotteria pi\u00f9 diffuse.<\/p>\n<h2>Il mio biglietto ha vinto, cosa succede dopo?<\/h2>\n<p><img loading=\"lazy\" decoding=\"async\" class=\"alignright wp-image-25127\" src=\"https:\/\/onlinelotto365.com\/wp-content\/uploads\/2021\/01\/lottery_balls1-300x160-1.jpg\" alt=\"Eurojackpot winning numbers\" width=\"265\" height=\"142\" \/><br \/>\nAbbiamo gi\u00e0 parlato dei premi inferiori a 2.500 euro. Questi premi vengono immediatamente depositati sul vostro conto e potete scegliere di acquistare altri biglietti o di ritirare tutto o parte del denaro. Tutto ci\u00f2 che dovete fare \u00e8 assicurarvi di avere almeno 10 euro sul vostro conto per poterli prelevare con il metodo che preferite.<\/p>\n<p>Potete scegliere di prelevare il denaro sul vostro conto bancario o sulla vostra carta di credito, e noi lo rendiamo facile anche per voi. Vogliamo che possiate ricevere il vostro denaro, ma dobbiamo compiere alcuni passi per far s\u00ec che il denaro arrivi sul vostro conto. Dopotutto, i trasferimenti di denaro online sono soggetti a rigide normative.<\/p>\n","protected":false},"excerpt":{"rendered":"<p>Sul nostro sito web sono disponibili molte lotterie internazionali diverse, il che significa che trovare i numeri e i risultati pu\u00f2 essere difficile per alcuni. E quando si tratta di trovare i numeri altrove, le cose possono andare anche peggio. Probabilmente non troverete i risultati di Eurojackpot sul vostro giornale locale e anche in TV [&hellip;]<\/p>\n","protected":false},"author":1,"featured_media":0,"parent":3796,"menu_order":4,"comment_status":"closed","ping_status":"closed","template":"eurojackpot-results.php","meta":{"_et_pb_use_builder":"","_et_pb_old_content":"","_et_gb_content_width":"","exclude_from_search":false,"footnotes":""},"class_list":["post-84219","page","type-page","status-publish","hentry"],"yoast_head":"<!-- This site is optimized with the Yoast SEO plugin v23.4 - https:\/\/yoast.com\/wordpress\/plugins\/seo\/ -->\n<title>Numeri vincenti Eurojackpot | Controlli i risultati delle estrazioni e le vincite di Eurojackpot qui<\/title>\n<meta name=\"description\" content=\"Pubblichiamo i risultati e i numeri vincenti dell&#039;Eurojackpot, oltre a un archivio delle estrazioni passate.\" \/>\n<meta name=\"robots\" content=\"index, follow, max-snippet:-1, max-image-preview:large, max-video-preview:-1\" \/>\n<link rel=\"canonical\" href=\"https:\/\/onlinelotto365.com\/it\/numeri-vincenti\/controlla-i-numeri-vincenti-di-eurojackpot-qui\/\" \/>\n<meta property=\"og:locale\" content=\"it_IT\" \/>\n<meta property=\"og:type\" content=\"article\" \/>\n<meta property=\"og:title\" content=\"Numeri vincenti Eurojackpot | Controlli i risultati delle estrazioni e le vincite di Eurojackpot qui\" \/>\n<meta property=\"og:description\" content=\"Pubblichiamo i risultati e i numeri vincenti dell&#039;Eurojackpot, oltre a un archivio delle estrazioni passate.\" \/>\n<meta property=\"og:url\" content=\"https:\/\/onlinelotto365.com\/it\/numeri-vincenti\/controlla-i-numeri-vincenti-di-eurojackpot-qui\/\" \/>\n<meta property=\"og:site_name\" content=\"OnlineLotto365\" \/>\n<meta property=\"og:image\" content=\"https:\/\/redfoxlotto.com\/image?size=8&amp;lottery=eurojackpot\" \/>\n<meta name=\"twitter:card\" content=\"summary_large_image\" \/>\n<meta name=\"twitter:label1\" content=\"Tempo di lettura stimato\" \/>\n\t<meta name=\"twitter:data1\" content=\"2 minuti\" \/>\n<script type=\"application\/ld+json\" class=\"yoast-schema-graph\">{\"@context\":\"https:\/\/schema.org\",\"@graph\":[{\"@type\":\"WebPage\",\"@id\":\"https:\/\/onlinelotto365.com\/it\/numeri-vincenti\/controlla-i-numeri-vincenti-di-eurojackpot-qui\/\",\"url\":\"https:\/\/onlinelotto365.com\/it\/numeri-vincenti\/controlla-i-numeri-vincenti-di-eurojackpot-qui\/\",\"name\":\"Numeri vincenti Eurojackpot | Controlli i risultati delle estrazioni e le vincite di Eurojackpot qui\",\"isPartOf\":{\"@id\":\"https:\/\/onlinelotto365.com\/it\/#website\"},\"primaryImageOfPage\":{\"@id\":\"https:\/\/onlinelotto365.com\/it\/numeri-vincenti\/controlla-i-numeri-vincenti-di-eurojackpot-qui\/#primaryimage\"},\"image\":{\"@id\":\"https:\/\/onlinelotto365.com\/it\/numeri-vincenti\/controlla-i-numeri-vincenti-di-eurojackpot-qui\/#primaryimage\"},\"thumbnailUrl\":\"https:\/\/redfoxlotto.com\/image?size=8&amp;lottery=eurojackpot\",\"datePublished\":\"2023-09-28T07:25:24+00:00\",\"dateModified\":\"2023-09-28T07:25:24+00:00\",\"description\":\"Pubblichiamo i risultati e i numeri vincenti dell'Eurojackpot, oltre a un archivio delle estrazioni passate.\",\"breadcrumb\":{\"@id\":\"https:\/\/onlinelotto365.com\/it\/numeri-vincenti\/controlla-i-numeri-vincenti-di-eurojackpot-qui\/#breadcrumb\"},\"inLanguage\":\"it-IT\",\"potentialAction\":[{\"@type\":\"ReadAction\",\"target\":[\"https:\/\/onlinelotto365.com\/it\/numeri-vincenti\/controlla-i-numeri-vincenti-di-eurojackpot-qui\/\"]}]},{\"@type\":\"ImageObject\",\"inLanguage\":\"it-IT\",\"@id\":\"https:\/\/onlinelotto365.com\/it\/numeri-vincenti\/controlla-i-numeri-vincenti-di-eurojackpot-qui\/#primaryimage\",\"url\":\"https:\/\/redfoxlotto.com\/image?size=8&amp;lottery=eurojackpot\",\"contentUrl\":\"https:\/\/redfoxlotto.com\/image?size=8&amp;lottery=eurojackpot\"},{\"@type\":\"BreadcrumbList\",\"@id\":\"https:\/\/onlinelotto365.com\/it\/numeri-vincenti\/controlla-i-numeri-vincenti-di-eurojackpot-qui\/#breadcrumb\",\"itemListElement\":[{\"@type\":\"ListItem\",\"position\":1,\"name\":\"Home\",\"item\":\"https:\/\/onlinelotto365.com\/it\/\"},{\"@type\":\"ListItem\",\"position\":2,\"name\":\"Trova i numeri vincenti e i risultati delle ultime estrazioni del lotto\",\"item\":\"https:\/\/onlinelotto365.com\/it\/numeri-vincenti\/\"},{\"@type\":\"ListItem\",\"position\":3,\"name\":\"Controlla i numeri vincenti di Eurojackpot qui\"}]},{\"@type\":\"WebSite\",\"@id\":\"https:\/\/onlinelotto365.com\/it\/#website\",\"url\":\"https:\/\/onlinelotto365.com\/it\/\",\"name\":\"OnlineLotto365\",\"description\":\"\",\"potentialAction\":[{\"@type\":\"SearchAction\",\"target\":{\"@type\":\"EntryPoint\",\"urlTemplate\":\"https:\/\/onlinelotto365.com\/it\/?s={search_term_string}\"},\"query-input\":{\"@type\":\"PropertyValueSpecification\",\"valueRequired\":true,\"valueName\":\"search_term_string\"}}],\"inLanguage\":\"it-IT\"}]}<\/script>\n<!-- \/ Yoast SEO plugin. -->","yoast_head_json":{"title":"Numeri vincenti Eurojackpot | Controlli i risultati delle estrazioni e le vincite di Eurojackpot qui","description":"Pubblichiamo i risultati e i numeri vincenti dell'Eurojackpot, oltre a un archivio delle estrazioni passate.","robots":{"index":"index","follow":"follow","max-snippet":"max-snippet:-1","max-image-preview":"max-image-preview:large","max-video-preview":"max-video-preview:-1"},"canonical":"https:\/\/onlinelotto365.com\/it\/numeri-vincenti\/controlla-i-numeri-vincenti-di-eurojackpot-qui\/","og_locale":"it_IT","og_type":"article","og_title":"Numeri vincenti Eurojackpot | Controlli i risultati delle estrazioni e le vincite di Eurojackpot qui","og_description":"Pubblichiamo i risultati e i numeri vincenti dell'Eurojackpot, oltre a un archivio delle estrazioni passate.","og_url":"https:\/\/onlinelotto365.com\/it\/numeri-vincenti\/controlla-i-numeri-vincenti-di-eurojackpot-qui\/","og_site_name":"OnlineLotto365","og_image":[{"url":"https:\/\/redfoxlotto.com\/image?size=8&amp;lottery=eurojackpot"}],"twitter_card":"summary_large_image","twitter_misc":{"Tempo di lettura stimato":"2 minuti"},"schema":{"@context":"https:\/\/schema.org","@graph":[{"@type":"WebPage","@id":"https:\/\/onlinelotto365.com\/it\/numeri-vincenti\/controlla-i-numeri-vincenti-di-eurojackpot-qui\/","url":"https:\/\/onlinelotto365.com\/it\/numeri-vincenti\/controlla-i-numeri-vincenti-di-eurojackpot-qui\/","name":"Numeri vincenti Eurojackpot | Controlli i risultati delle estrazioni e le vincite di Eurojackpot qui","isPartOf":{"@id":"https:\/\/onlinelotto365.com\/it\/#website"},"primaryImageOfPage":{"@id":"https:\/\/onlinelotto365.com\/it\/numeri-vincenti\/controlla-i-numeri-vincenti-di-eurojackpot-qui\/#primaryimage"},"image":{"@id":"https:\/\/onlinelotto365.com\/it\/numeri-vincenti\/controlla-i-numeri-vincenti-di-eurojackpot-qui\/#primaryimage"},"thumbnailUrl":"https:\/\/redfoxlotto.com\/image?size=8&amp;lottery=eurojackpot","datePublished":"2023-09-28T07:25:24+00:00","dateModified":"2023-09-28T07:25:24+00:00","description":"Pubblichiamo i risultati e i numeri vincenti dell'Eurojackpot, oltre a un archivio delle estrazioni passate.","breadcrumb":{"@id":"https:\/\/onlinelotto365.com\/it\/numeri-vincenti\/controlla-i-numeri-vincenti-di-eurojackpot-qui\/#breadcrumb"},"inLanguage":"it-IT","potentialAction":[{"@type":"ReadAction","target":["https:\/\/onlinelotto365.com\/it\/numeri-vincenti\/controlla-i-numeri-vincenti-di-eurojackpot-qui\/"]}]},{"@type":"ImageObject","inLanguage":"it-IT","@id":"https:\/\/onlinelotto365.com\/it\/numeri-vincenti\/controlla-i-numeri-vincenti-di-eurojackpot-qui\/#primaryimage","url":"https:\/\/redfoxlotto.com\/image?size=8&amp;lottery=eurojackpot","contentUrl":"https:\/\/redfoxlotto.com\/image?size=8&amp;lottery=eurojackpot"},{"@type":"BreadcrumbList","@id":"https:\/\/onlinelotto365.com\/it\/numeri-vincenti\/controlla-i-numeri-vincenti-di-eurojackpot-qui\/#breadcrumb","itemListElement":[{"@type":"ListItem","position":1,"name":"Home","item":"https:\/\/onlinelotto365.com\/it\/"},{"@type":"ListItem","position":2,"name":"Trova i numeri vincenti e i risultati delle ultime estrazioni del lotto","item":"https:\/\/onlinelotto365.com\/it\/numeri-vincenti\/"},{"@type":"ListItem","position":3,"name":"Controlla i numeri vincenti di Eurojackpot qui"}]},{"@type":"WebSite","@id":"https:\/\/onlinelotto365.com\/it\/#website","url":"https:\/\/onlinelotto365.com\/it\/","name":"OnlineLotto365","description":"","potentialAction":[{"@type":"SearchAction","target":{"@type":"EntryPoint","urlTemplate":"https:\/\/onlinelotto365.com\/it\/?s={search_term_string}"},"query-input":{"@type":"PropertyValueSpecification","valueRequired":true,"valueName":"search_term_string"}}],"inLanguage":"it-IT"}]}},"_links":{"self":[{"href":"https:\/\/onlinelotto365.com\/it\/wp-json\/wp\/v2\/pages\/84219","targetHints":{"allow":["GET"]}}],"collection":[{"href":"https:\/\/onlinelotto365.com\/it\/wp-json\/wp\/v2\/pages"}],"about":[{"href":"https:\/\/onlinelotto365.com\/it\/wp-json\/wp\/v2\/types\/page"}],"author":[{"embeddable":true,"href":"https:\/\/onlinelotto365.com\/it\/wp-json\/wp\/v2\/users\/1"}],"replies":[{"embeddable":true,"href":"https:\/\/onlinelotto365.com\/it\/wp-json\/wp\/v2\/comments?post=84219"}],"version-history":[{"count":0,"href":"https:\/\/onlinelotto365.com\/it\/wp-json\/wp\/v2\/pages\/84219\/revisions"}],"up":[{"embeddable":true,"href":"https:\/\/onlinelotto365.com\/it\/wp-json\/wp\/v2\/pages\/3796"}],"wp:attachment":[{"href":"https:\/\/onlinelotto365.com\/it\/wp-json\/wp\/v2\/media?parent=84219"}],"curies":[{"name":"wp","href":"https:\/\/api.w.org\/{rel}","templated":true}]}}