{"id":84442,"date":"2023-10-03T13:01:13","date_gmt":"2023-10-03T12:01:13","guid":{"rendered":"https:\/\/onlinelotto365.com\/domande-frequenti"},"modified":"2023-10-03T13:01:13","modified_gmt":"2023-10-03T12:01:13","slug":"domande-frequenti","status":"publish","type":"page","link":"https:\/\/onlinelotto365.com\/it\/domande-frequenti\/","title":{"rendered":"DOMANDE FREQUENTI"},"content":{"rendered":"<h1>FAQ sulla lotteria online<\/h1>\n<p>Qui potete trovare le risposte alle domande pi\u00f9 frequenti sul funzionamento del servizio di lotteria online.<\/p>\n<p>Come si acquistano i biglietti?<\/p>\n<p>Uno dei nostri agenti in loco acquista il biglietto a suo nome e per suo conto. Successivamente, il biglietto viene scansionato e caricato sul vostro conto cliente. Vi invieremo un&#8217;e-mail in caso di vincita e il nostro servizio comprende anche la consegna delle vincite (vedi sotto per i dettagli).<\/p>\n<p>Quali sono i vantaggi di giocare alle lotterie internazionali online tramite noi?<\/p>\n<ul>\n<li>si pu\u00f2 scegliere tra molte lotterie e c&#8217;\u00e8 sempre un grande jackpot in palio<\/li>\n<li>si riceve un biglietto vero e proprio<\/li>\n<li>potete giocare ovunque vi troviate<\/li>\n<li>potete pagare comodamente online, abbiamo una serie di opzioni, tra cui la carta di credito<\/li>\n<li>le vincite pi\u00f9 piccole, fino a 2.500 euro, saranno accreditate immediatamente sul vostro conto giocatore<\/li>\n<li>per le vincite superiori a 2.500 euro, gestiremo il pagamento direttamente dalla lotteria, senza alcun costo.<\/li>\n<\/ul>\n<p>Chi pu\u00f2 giocare alle lotterie?<\/p>\n<p>Chiunque pu\u00f2 giocare, ma \u00e8 necessario avere pi\u00f9 di 18 anni per giocare alla lotteria.<\/p>\n<p>Posso giocare alla lotteria da un Paese straniero?<\/p>\n<p>S\u00ec, \u00e8 possibile. Indipendentemente dal Paese in cui si vive, \u00e8 possibile partecipare a tutte le lotterie presenti sul nostro sito web.<\/p>\n<p>Posso decidere da solo i numeri del lotto?<\/p>\n<p>S\u00ec. \u00c8 possibile scegliere manualmente i numeri, oppure utilizzare la funzione &#8220;Quick Pick&#8221; e generare numeri a caso.<\/p>\n<p>Come ricever\u00f2 il mio biglietto della lotteria?<\/p>\n<p>Dopo il pagamento, riceverete un&#8217;e-mail con la conferma dell&#8217;acquisto. I numeri selezionati saranno visibili nel vostro account. Ovviamente, il processo di acquisto e scansione richiede un po&#8217; di tempo, ma dopo 2 o 3 ore sar\u00e0 possibile trovare il biglietto scansionato dopo aver effettuato l&#8217;accesso al proprio account.<\/p>\n<p>Come posso pagare i miei biglietti del lotto?<\/p>\n<p>Abbiamo diverse opzioni di pagamento per voi, tra cui il pagamento con carta di credito, bonifico bancario istantaneo, varie criptovalute e altro ancora.<br \/>\nPu\u00f2 anche depositare del denaro sul suo conto giocatore e poi utilizzare il suo nuovo saldo per acquistare i biglietti in qualsiasi momento. Avere un saldo rende il processo di pagamento molto pi\u00f9 veloce!<\/p>\n<p>Applicate una commissione in caso di vincita?<\/p>\n<p>No, non lo facciamo. Tutte le vostre vincite saranno pagate interamente, senza addebitare alcuna commissione, eccetto le spese di trasferimento bancario in alcuni casi.<\/p>\n<p>Come faccio a sapere se ho vinto?<\/p>\n<p>Innanzitutto, vi invieremo un&#8217;e-mail per informarvi della vostra vincita. Inoltre, potete sempre accedere al vostro conto e controllare la sezione &#8220;I miei biglietti&#8221; per verificare lo stato dei vostri biglietti. Gli aggiornamenti con i numeri vincenti di tutte le lotterie sono disponibili sul nostro sito web.<\/p>\n<p>Come vengo pagato in caso di vincita?<\/p>\n<p>Se si vince un premio fino a 2.500 euro, il premio verr\u00e0 immediatamente accreditato sul conto giocatore. Per vincite superiori, vi invieremo un modulo di richiesta di rimborso via e-mail. \u00c8 necessario identificarsi e fornire alcune informazioni di base, come ad esempio il modo in cui si desidera essere pagati. Noi presentiamo la richiesta alla societ\u00e0 della lotteria. La societ\u00e0 della lotteria vi pagher\u00e0 direttamente.<br \/>\nSe preferite, potete anche ritirare il vostro biglietto in uno dei nostri uffici e presentarlo di persona alla lotteria.<\/p>\n<p>Il vostro servizio \u00e8 davvero legale?<\/p>\n<p>S\u00ec, assolutamente. \u00c8 come se foste in vacanza nel Paese della lotteria e acquistaste voi stessi un biglietto. Se quel biglietto dovesse vincere, avrete diritto alla stessa vincita di tutti gli altri.<\/p>\n<p>Come faccio a sapere che un biglietto della lotteria \u00e8 stato acquistato a mio nome?<\/p>\n<p>Una volta pagato il biglietto della lotteria, riceverete una conferma di pagamento. Poco dopo, sar\u00e0 in grado di vedere la scansione del suo biglietto nell&#8217;area clienti del nostro sito web.<\/p>\n","protected":false},"excerpt":{"rendered":"<p>FAQ sulla lotteria online Qui potete trovare le risposte alle domande pi\u00f9 frequenti sul funzionamento del servizio di lotteria online. Come si acquistano i biglietti? Uno dei nostri agenti in loco acquista il biglietto a suo nome e per suo conto. Successivamente, il biglietto viene scansionato e caricato sul vostro conto cliente. Vi invieremo un&#8217;e-mail [&hellip;]<\/p>\n","protected":false},"author":1,"featured_media":0,"parent":0,"menu_order":50,"comment_status":"closed","ping_status":"closed","template":"","meta":{"_et_pb_use_builder":"","_et_pb_old_content":"","_et_gb_content_width":"","exclude_from_search":false,"footnotes":""},"class_list":["post-84442","page","type-page","status-publish","hentry"],"yoast_head":"<!-- This site is optimized with the Yoast SEO plugin v23.4 - https:\/\/yoast.com\/wordpress\/plugins\/seo\/ -->\n<title>Risposte alle domande pi\u00f9 frequenti sul nostro servizio di lotteria online<\/title>\n<meta name=\"description\" content=\"Volete saperne di pi\u00f9 su come funziona il nostro servizio di messaggeria per i biglietti della lotteria online? Trova qui le risposte alle domande pi\u00f9 comuni\" \/>\n<meta name=\"robots\" content=\"index, follow, max-snippet:-1, max-image-preview:large, max-video-preview:-1\" \/>\n<link rel=\"canonical\" href=\"https:\/\/onlinelotto365.com\/it\/domande-frequenti\/\" \/>\n<meta property=\"og:locale\" content=\"it_IT\" \/>\n<meta property=\"og:type\" content=\"article\" \/>\n<meta property=\"og:title\" content=\"Risposte alle domande pi\u00f9 frequenti sul nostro servizio di lotteria online\" \/>\n<meta property=\"og:description\" content=\"Volete saperne di pi\u00f9 su come funziona il nostro servizio di messaggeria per i biglietti della lotteria online? Trova qui le risposte alle domande pi\u00f9 comuni\" \/>\n<meta property=\"og:url\" content=\"https:\/\/onlinelotto365.com\/it\/domande-frequenti\/\" \/>\n<meta property=\"og:site_name\" content=\"OnlineLotto365\" \/>\n<meta name=\"twitter:card\" content=\"summary_large_image\" \/>\n<meta name=\"twitter:label1\" content=\"Tempo di lettura stimato\" \/>\n\t<meta name=\"twitter:data1\" content=\"3 minuti\" \/>\n<script type=\"application\/ld+json\" class=\"yoast-schema-graph\">{\"@context\":\"https:\/\/schema.org\",\"@graph\":[{\"@type\":\"WebPage\",\"@id\":\"https:\/\/onlinelotto365.com\/it\/domande-frequenti\/\",\"url\":\"https:\/\/onlinelotto365.com\/it\/domande-frequenti\/\",\"name\":\"Risposte alle domande pi\u00f9 frequenti sul nostro servizio di lotteria online\",\"isPartOf\":{\"@id\":\"https:\/\/onlinelotto365.com\/it\/#website\"},\"datePublished\":\"2023-10-03T12:01:13+00:00\",\"dateModified\":\"2023-10-03T12:01:13+00:00\",\"description\":\"Volete saperne di pi\u00f9 su come funziona il nostro servizio di messaggeria per i biglietti della lotteria online? Trova qui le risposte alle domande pi\u00f9 comuni\",\"breadcrumb\":{\"@id\":\"https:\/\/onlinelotto365.com\/it\/domande-frequenti\/#breadcrumb\"},\"inLanguage\":\"it-IT\",\"potentialAction\":[{\"@type\":\"ReadAction\",\"target\":[\"https:\/\/onlinelotto365.com\/it\/domande-frequenti\/\"]}]},{\"@type\":\"BreadcrumbList\",\"@id\":\"https:\/\/onlinelotto365.com\/it\/domande-frequenti\/#breadcrumb\",\"itemListElement\":[{\"@type\":\"ListItem\",\"position\":1,\"name\":\"Home\",\"item\":\"https:\/\/onlinelotto365.com\/it\/\"},{\"@type\":\"ListItem\",\"position\":2,\"name\":\"DOMANDE FREQUENTI\"}]},{\"@type\":\"WebSite\",\"@id\":\"https:\/\/onlinelotto365.com\/it\/#website\",\"url\":\"https:\/\/onlinelotto365.com\/it\/\",\"name\":\"OnlineLotto365\",\"description\":\"\",\"potentialAction\":[{\"@type\":\"SearchAction\",\"target\":{\"@type\":\"EntryPoint\",\"urlTemplate\":\"https:\/\/onlinelotto365.com\/it\/?s={search_term_string}\"},\"query-input\":{\"@type\":\"PropertyValueSpecification\",\"valueRequired\":true,\"valueName\":\"search_term_string\"}}],\"inLanguage\":\"it-IT\"}]}<\/script>\n<!-- \/ Yoast SEO plugin. -->","yoast_head_json":{"title":"Risposte alle domande pi\u00f9 frequenti sul nostro servizio di lotteria online","description":"Volete saperne di pi\u00f9 su come funziona il nostro servizio di messaggeria per i biglietti della lotteria online? Trova qui le risposte alle domande pi\u00f9 comuni","robots":{"index":"index","follow":"follow","max-snippet":"max-snippet:-1","max-image-preview":"max-image-preview:large","max-video-preview":"max-video-preview:-1"},"canonical":"https:\/\/onlinelotto365.com\/it\/domande-frequenti\/","og_locale":"it_IT","og_type":"article","og_title":"Risposte alle domande pi\u00f9 frequenti sul nostro servizio di lotteria online","og_description":"Volete saperne di pi\u00f9 su come funziona il nostro servizio di messaggeria per i biglietti della lotteria online? Trova qui le risposte alle domande pi\u00f9 comuni","og_url":"https:\/\/onlinelotto365.com\/it\/domande-frequenti\/","og_site_name":"OnlineLotto365","twitter_card":"summary_large_image","twitter_misc":{"Tempo di lettura stimato":"3 minuti"},"schema":{"@context":"https:\/\/schema.org","@graph":[{"@type":"WebPage","@id":"https:\/\/onlinelotto365.com\/it\/domande-frequenti\/","url":"https:\/\/onlinelotto365.com\/it\/domande-frequenti\/","name":"Risposte alle domande pi\u00f9 frequenti sul nostro servizio di lotteria online","isPartOf":{"@id":"https:\/\/onlinelotto365.com\/it\/#website"},"datePublished":"2023-10-03T12:01:13+00:00","dateModified":"2023-10-03T12:01:13+00:00","description":"Volete saperne di pi\u00f9 su come funziona il nostro servizio di messaggeria per i biglietti della lotteria online? Trova qui le risposte alle domande pi\u00f9 comuni","breadcrumb":{"@id":"https:\/\/onlinelotto365.com\/it\/domande-frequenti\/#breadcrumb"},"inLanguage":"it-IT","potentialAction":[{"@type":"ReadAction","target":["https:\/\/onlinelotto365.com\/it\/domande-frequenti\/"]}]},{"@type":"BreadcrumbList","@id":"https:\/\/onlinelotto365.com\/it\/domande-frequenti\/#breadcrumb","itemListElement":[{"@type":"ListItem","position":1,"name":"Home","item":"https:\/\/onlinelotto365.com\/it\/"},{"@type":"ListItem","position":2,"name":"DOMANDE FREQUENTI"}]},{"@type":"WebSite","@id":"https:\/\/onlinelotto365.com\/it\/#website","url":"https:\/\/onlinelotto365.com\/it\/","name":"OnlineLotto365","description":"","potentialAction":[{"@type":"SearchAction","target":{"@type":"EntryPoint","urlTemplate":"https:\/\/onlinelotto365.com\/it\/?s={search_term_string}"},"query-input":{"@type":"PropertyValueSpecification","valueRequired":true,"valueName":"search_term_string"}}],"inLanguage":"it-IT"}]}},"_links":{"self":[{"href":"https:\/\/onlinelotto365.com\/it\/wp-json\/wp\/v2\/pages\/84442","targetHints":{"allow":["GET"]}}],"collection":[{"href":"https:\/\/onlinelotto365.com\/it\/wp-json\/wp\/v2\/pages"}],"about":[{"href":"https:\/\/onlinelotto365.com\/it\/wp-json\/wp\/v2\/types\/page"}],"author":[{"embeddable":true,"href":"https:\/\/onlinelotto365.com\/it\/wp-json\/wp\/v2\/users\/1"}],"replies":[{"embeddable":true,"href":"https:\/\/onlinelotto365.com\/it\/wp-json\/wp\/v2\/comments?post=84442"}],"version-history":[{"count":0,"href":"https:\/\/onlinelotto365.com\/it\/wp-json\/wp\/v2\/pages\/84442\/revisions"}],"wp:attachment":[{"href":"https:\/\/onlinelotto365.com\/it\/wp-json\/wp\/v2\/media?parent=84442"}],"curies":[{"name":"wp","href":"https:\/\/api.w.org\/{rel}","templated":true}]}}