{"id":11186,"date":"2020-12-19T08:25:39","date_gmt":"2020-12-19T07:25:39","guid":{"rendered":"http:\/\/onlinelotto365.net\/?page_id=11186"},"modified":"2021-02-23T17:51:10","modified_gmt":"2021-02-23T16:51:10","slug":"mega-millions","status":"publish","type":"page","link":"https:\/\/onlinelotto365.com\/lt\/zaisti\/mega-millions\/","title":{"rendered":"\u012esigyk biliet\u0105 did\u017eiajai JAV loterijai i\u0161 Lietuvos"},"content":{"rendered":"<p>Visai neseniai, vasario 13, 2016-aisiais, trys laimingieji \u017eaid\u0117jai laim\u0117jo did\u017eiausi\u0105 visoje istorijoje JAV loterijos aukso puod\u0105. Su \u0161iuo ne\u012ftik\u0117tinu aukso puodo dyd\u017eiu siekian\u010diu 1,5 bilijonus JAV doleri\u0173, loto gerb\u0117jai, visame JAV praleido valand\u0173 valandas stov\u0117dami biliet\u0173 eil\u0117se. O kaip \u017eaid\u0117jai Lietuvoje? Ar jie negal\u0117jo \u012fsigyti bilieto, nebent jie i\u0161 ties\u0173 buvo JAV? Ne, jie gal\u0117jo &#8211; jei jie b\u016bt\u0173 \u017einoj\u0119, kad Megamillions loto galima, taipogi, \u017eaisti internetu i\u0161 Lietuvos!<\/p>\n<p><a href=\"https:\/\/redfoxlotto.com\/play\/mega-millions\/?ref=a8564250a2&amp;medium=ol365\" target=\"_blank\" rel=\"noopener noreferrer\"> <img decoding=\"async\" class=\"aligncenter\" src=\" https:\/\/redfoxlotto.com\/image?size=8&amp;lottery=mega-millions \" alt=\" mega milijonai \" \/><\/a><\/p>\n<h2>Apie Mega Millions<\/h2>\n<ul>\n<li>\u0160alis: JAV<\/li>\n<li>Pagrindinis skai\u010di\u0173 diapazonas: 70<\/li>\n<li>Turite pasirinkti: 5<\/li>\n<li>Papildom\u0173 skai\u010di\u0173 diapazonas: 25<\/li>\n<li>Turite pasirinkti: 1<\/li>\n<li>Dienos, burt\u0173 traukimo valandos: antradienis, penktadienis, 21:00 (EST) &#8211; +1 diena (3:00 CET)<\/li>\n<li>\u201eJackpot\u201c kaina prasideda nuo: 40 milijon\u0173 doleri\u0173<\/li>\n<li>\u201eJackpot\u201c riba: n\u0117ra<\/li>\n<li>Galimyb\u0117 laim\u0117ti jackpot\u0105: 1 i\u0161 175711536<\/li>\n<li>Galimyb\u0117 laim\u0117ti antr\u0105 priz\u0105: 1 i\u0161 3819816<\/li>\n<li>Galimyb\u0117 laim\u0117ti bet kok\u012f priz\u0105: 1 i\u0161 24,12<\/li>\n<li>Priz\u0173 kategorij\u0173 skai\u010dius: 9<\/li>\n<\/ul>\n<p>Visai neseniai, vasario 13, 2016-aisiais, trys laimingieji \u017eaid\u0117jai laim\u0117jo did\u017eiausi\u0105 visoje istorijoje JAV loterijos aukso puod\u0105. Su \u0161iuo ne\u012ftik\u0117tinu aukso puodo dyd\u017eiu siekian\u010diu 1,5 bilijonus JAV doleri\u0173, loto gerb\u0117jai, visame JAV praleido valand\u0173 valandas stov\u0117dami biliet\u0173 eil\u0117se. O kaip \u017eaid\u0117jai Lietuvoje? Ar jie negal\u0117jo \u012fsigyti bilieto, nebent jie i\u0161 ties\u0173 buvo JAV? Ne, jie gal\u0117jo &#8211; jei jie b\u016bt\u0173 \u017einoj\u0119, kad Megamillions loto galima, taipogi, \u017eaisti internetu i\u0161 Lietuvos!<br \/>\n<img loading=\"lazy\" decoding=\"async\" class=\"alignright wp-image-1026\" src=\"https:\/\/onlinelotto365.com\/wp-content\/uploads\/2020\/11\/online_lottery-85.jpg\" alt=\"\u017daisk mega millions internete\" width=\"189\" height=\"162\" \/><\/p>\n<p>Akivaizdu, kad internetas leid\u017eia tau gauti biliet\u0105 netgi i\u0161 JAV loterij\u0173. Tau neprivaloma gyventi JAV norint tur\u0117ti \u0161ans\u0105 laim\u0117ti \u0161iuos ne\u012ftik\u0117tinus aukso puodo prizus.<\/p>\n<p>Norint \u017eaisti, tiesiog, pasinaudok \u0161ia nuoruoda \u012f internetin\u012f paslaug\u0173 tiekimo servis\u0105 vadinam\u0105 RedFoxLotto. Tiesiog pasirink savo loto numerius, \u017eaisk internetu ir tur\u0117k savo Powerball arba Megamillions biliet\u0105 per kelias valandas.<\/p>\n<h2>\u017daisk Megamillions loto internetu, jei gyveni Lietuvoje<\/h2>\n<p>\u0160tai kaip tai veikia: pasirinkus savo numerius ir sumok\u0117jus u\u017e biliet\u0105, internetinis loto paslaugu tiekimo servisas pasiun\u010dia agent\u0105 pas JAV loto pardav\u0117j\u0105. Agentas nusiperka biliet\u0105 tavo vardu, \u012fsitikink, kad tavo numeriai ir vardas yra ant loto bilieto, tuomet agentas nuskanuoja ir nusiun\u010dia tau el-pa\u0161t\u0105 su nuskanuoto bilieto parsisiuntimo nuoroda.<br \/>\n<img loading=\"lazy\" decoding=\"async\" class=\"alignright size-full wp-image-1103\" src=\"https:\/\/onlinelotto365.com\/wp-content\/uploads\/2020\/11\/online_lottery-93.jpg\" alt=\"mega millions Lietuvis\" width=\"212\" height=\"142\" \/><\/p>\n<p>Jei laim\u0117si, proced\u016bra priklauso nuo laim\u0117jimo sumos. Sumos ma\u017eesn\u0117s nei $500 bus pervestos \u012f tavo s\u0105skait\u0105. Galite i\u0161sigryninti arba panaudoti pinigus \u012fsigijant daugiau loto biliet\u0173. Jei siekiate laim\u0117ti didesn\u0119 sum\u0105, RedFoxLotto atsi\u0173s jums form\u0105, kuri\u0105 tur\u0117site u\u017epildyti ir atsi\u0173sti jiems atgal. RedFoxLotto nusi\u0173s form\u0105 loto komisijai ir jie jums sumok\u0117s priz\u0105.<\/p>\n<p>Aktualu \u017einoti, kad RedFoxLotto yra juridinis ir patikimas paslaug\u0173 tiekimo atstovas. Perkant loto biliet\u0105 internetu, tur\u0117site kontraktin\u0119 sutart\u012f su pa\u010dia loterija &#8211; kas u\u017etikrins, kad laim\u0117ti pinigai tikrai jus pasieks!<\/p>\n<h2>Kitos loterijos, kurias galima \u017eaisti Lietuvoje<\/h2>\n<p>Naudojantis \u0161iuo internetiniu loterijos paslaug\u0173 tiekimo servisu, tu gali pirkti bilietus i\u0161 20 did\u017eiausi\u0173 loterij\u0173 visame pasaulyje. Net jei ir gyveni Lietuvoje, tu gali dalyvauti loterijose i\u0161 daugelio kit\u0173 \u0161ali\u0173.<\/p>\n","protected":false},"excerpt":{"rendered":"<p>Visai neseniai, vasario 13, 2016-aisiais, trys laimingieji \u017eaid\u0117jai laim\u0117jo did\u017eiausi\u0105 visoje istorijoje JAV loterijos aukso puod\u0105. Su \u0161iuo ne\u012ftik\u0117tinu aukso puodo dyd\u017eiu siekian\u010diu 1,5 bilijonus JAV doleri\u0173, loto gerb\u0117jai, visame JAV praleido valand\u0173 valandas stov\u0117dami biliet\u0173 eil\u0117se. O kaip \u017eaid\u0117jai Lietuvoje? Ar jie negal\u0117jo \u012fsigyti bilieto, nebent jie i\u0161 ties\u0173 buvo JAV? Ne, jie gal\u0117jo [&hellip;]<\/p>\n","protected":false},"author":1,"featured_media":0,"parent":5026,"menu_order":2,"comment_status":"closed","ping_status":"closed","template":"megamillion.php","meta":{"_et_pb_use_builder":"","_et_pb_old_content":"","_et_gb_content_width":"","exclude_from_search":false,"footnotes":""},"class_list":["post-11186","page","type-page","status-publish","hentry"],"yoast_head":"<!-- This site is optimized with the Yoast SEO plugin v23.4 - https:\/\/yoast.com\/wordpress\/plugins\/seo\/ -->\n<title>\u012esigyk Megamillions biliet\u0105 i\u0161 Lietuvos | \u017daisk JAV Loto Megamillions i\u0161 Lietuvos<\/title>\n<meta name=\"description\" content=\"Tu gali \u017eaisti Megamillions Loto internetu i\u0161 Lietuvos, \u012fsigyk did\u017eiausios Amerikos loterijos bilietus\" \/>\n<meta name=\"robots\" content=\"index, follow, max-snippet:-1, max-image-preview:large, max-video-preview:-1\" \/>\n<link rel=\"canonical\" href=\"https:\/\/onlinelotto365.com\/lt\/zaisti\/mega-millions\/\" \/>\n<meta property=\"og:locale\" content=\"lt_LT\" \/>\n<meta property=\"og:type\" content=\"article\" \/>\n<meta property=\"og:title\" content=\"\u012esigyk Megamillions biliet\u0105 i\u0161 Lietuvos | \u017daisk JAV Loto Megamillions i\u0161 Lietuvos\" \/>\n<meta property=\"og:description\" content=\"Tu gali \u017eaisti Megamillions Loto internetu i\u0161 Lietuvos, \u012fsigyk did\u017eiausios Amerikos loterijos bilietus\" \/>\n<meta property=\"og:url\" content=\"https:\/\/onlinelotto365.com\/lt\/zaisti\/mega-millions\/\" \/>\n<meta property=\"og:site_name\" content=\"OnlineLotto365\" \/>\n<meta property=\"article:modified_time\" content=\"2021-02-23T16:51:10+00:00\" \/>\n<meta property=\"og:image\" content=\"https:\/\/onlinelotto365.com\/wp-content\/uploads\/2020\/11\/online_lottery-85.jpg\" \/>\n<meta name=\"twitter:card\" content=\"summary_large_image\" \/>\n<meta name=\"twitter:label1\" content=\"Est. reading time\" \/>\n\t<meta name=\"twitter:data1\" content=\"3 minut\u0117s\" \/>\n<script type=\"application\/ld+json\" class=\"yoast-schema-graph\">{\"@context\":\"https:\/\/schema.org\",\"@graph\":[{\"@type\":\"WebPage\",\"@id\":\"https:\/\/onlinelotto365.com\/lt\/zaisti\/mega-millions\/\",\"url\":\"https:\/\/onlinelotto365.com\/lt\/zaisti\/mega-millions\/\",\"name\":\"\u012esigyk Megamillions biliet\u0105 i\u0161 Lietuvos | \u017daisk JAV Loto Megamillions i\u0161 Lietuvos\",\"isPartOf\":{\"@id\":\"https:\/\/onlinelotto365.com\/lt\/#website\"},\"primaryImageOfPage\":{\"@id\":\"https:\/\/onlinelotto365.com\/lt\/zaisti\/mega-millions\/#primaryimage\"},\"image\":{\"@id\":\"https:\/\/onlinelotto365.com\/lt\/zaisti\/mega-millions\/#primaryimage\"},\"thumbnailUrl\":\"https:\/\/onlinelotto365.com\/wp-content\/uploads\/2020\/11\/online_lottery-85.jpg\",\"datePublished\":\"2020-12-19T07:25:39+00:00\",\"dateModified\":\"2021-02-23T16:51:10+00:00\",\"description\":\"Tu gali \u017eaisti Megamillions Loto internetu i\u0161 Lietuvos, \u012fsigyk did\u017eiausios Amerikos loterijos bilietus\",\"breadcrumb\":{\"@id\":\"https:\/\/onlinelotto365.com\/lt\/zaisti\/mega-millions\/#breadcrumb\"},\"inLanguage\":\"lt-LT\",\"potentialAction\":[{\"@type\":\"ReadAction\",\"target\":[\"https:\/\/onlinelotto365.com\/lt\/zaisti\/mega-millions\/\"]}]},{\"@type\":\"ImageObject\",\"inLanguage\":\"lt-LT\",\"@id\":\"https:\/\/onlinelotto365.com\/lt\/zaisti\/mega-millions\/#primaryimage\",\"url\":\"https:\/\/onlinelotto365.com\/wp-content\/uploads\/2020\/11\/online_lottery-85.jpg\",\"contentUrl\":\"https:\/\/onlinelotto365.com\/wp-content\/uploads\/2020\/11\/online_lottery-85.jpg\"},{\"@type\":\"BreadcrumbList\",\"@id\":\"https:\/\/onlinelotto365.com\/lt\/zaisti\/mega-millions\/#breadcrumb\",\"itemListElement\":[{\"@type\":\"ListItem\",\"position\":1,\"name\":\"Home\",\"item\":\"https:\/\/onlinelotto365.com\/lt\/\"},{\"@type\":\"ListItem\",\"position\":2,\"name\":\"Viskas, k\u0105 turite \u017einoti apie galimybes \u017eaisti geriausias loterijas internete\",\"item\":\"https:\/\/onlinelotto365.com\/lt\/zaisti\/\"},{\"@type\":\"ListItem\",\"position\":3,\"name\":\"\u012esigyk biliet\u0105 did\u017eiajai JAV loterijai i\u0161 Lietuvos\"}]},{\"@type\":\"WebSite\",\"@id\":\"https:\/\/onlinelotto365.com\/lt\/#website\",\"url\":\"https:\/\/onlinelotto365.com\/lt\/\",\"name\":\"OnlineLotto365\",\"description\":\"\",\"potentialAction\":[{\"@type\":\"SearchAction\",\"target\":{\"@type\":\"EntryPoint\",\"urlTemplate\":\"https:\/\/onlinelotto365.com\/lt\/?s={search_term_string}\"},\"query-input\":{\"@type\":\"PropertyValueSpecification\",\"valueRequired\":true,\"valueName\":\"search_term_string\"}}],\"inLanguage\":\"lt-LT\"}]}<\/script>\n<!-- \/ Yoast SEO plugin. -->","yoast_head_json":{"title":"\u012esigyk Megamillions biliet\u0105 i\u0161 Lietuvos | \u017daisk JAV Loto Megamillions i\u0161 Lietuvos","description":"Tu gali \u017eaisti Megamillions Loto internetu i\u0161 Lietuvos, \u012fsigyk did\u017eiausios Amerikos loterijos bilietus","robots":{"index":"index","follow":"follow","max-snippet":"max-snippet:-1","max-image-preview":"max-image-preview:large","max-video-preview":"max-video-preview:-1"},"canonical":"https:\/\/onlinelotto365.com\/lt\/zaisti\/mega-millions\/","og_locale":"lt_LT","og_type":"article","og_title":"\u012esigyk Megamillions biliet\u0105 i\u0161 Lietuvos | \u017daisk JAV Loto Megamillions i\u0161 Lietuvos","og_description":"Tu gali \u017eaisti Megamillions Loto internetu i\u0161 Lietuvos, \u012fsigyk did\u017eiausios Amerikos loterijos bilietus","og_url":"https:\/\/onlinelotto365.com\/lt\/zaisti\/mega-millions\/","og_site_name":"OnlineLotto365","article_modified_time":"2021-02-23T16:51:10+00:00","og_image":[{"url":"https:\/\/onlinelotto365.com\/wp-content\/uploads\/2020\/11\/online_lottery-85.jpg"}],"twitter_card":"summary_large_image","twitter_misc":{"Est. reading time":"3 minut\u0117s"},"schema":{"@context":"https:\/\/schema.org","@graph":[{"@type":"WebPage","@id":"https:\/\/onlinelotto365.com\/lt\/zaisti\/mega-millions\/","url":"https:\/\/onlinelotto365.com\/lt\/zaisti\/mega-millions\/","name":"\u012esigyk Megamillions biliet\u0105 i\u0161 Lietuvos | \u017daisk JAV Loto Megamillions i\u0161 Lietuvos","isPartOf":{"@id":"https:\/\/onlinelotto365.com\/lt\/#website"},"primaryImageOfPage":{"@id":"https:\/\/onlinelotto365.com\/lt\/zaisti\/mega-millions\/#primaryimage"},"image":{"@id":"https:\/\/onlinelotto365.com\/lt\/zaisti\/mega-millions\/#primaryimage"},"thumbnailUrl":"https:\/\/onlinelotto365.com\/wp-content\/uploads\/2020\/11\/online_lottery-85.jpg","datePublished":"2020-12-19T07:25:39+00:00","dateModified":"2021-02-23T16:51:10+00:00","description":"Tu gali \u017eaisti Megamillions Loto internetu i\u0161 Lietuvos, \u012fsigyk did\u017eiausios Amerikos loterijos bilietus","breadcrumb":{"@id":"https:\/\/onlinelotto365.com\/lt\/zaisti\/mega-millions\/#breadcrumb"},"inLanguage":"lt-LT","potentialAction":[{"@type":"ReadAction","target":["https:\/\/onlinelotto365.com\/lt\/zaisti\/mega-millions\/"]}]},{"@type":"ImageObject","inLanguage":"lt-LT","@id":"https:\/\/onlinelotto365.com\/lt\/zaisti\/mega-millions\/#primaryimage","url":"https:\/\/onlinelotto365.com\/wp-content\/uploads\/2020\/11\/online_lottery-85.jpg","contentUrl":"https:\/\/onlinelotto365.com\/wp-content\/uploads\/2020\/11\/online_lottery-85.jpg"},{"@type":"BreadcrumbList","@id":"https:\/\/onlinelotto365.com\/lt\/zaisti\/mega-millions\/#breadcrumb","itemListElement":[{"@type":"ListItem","position":1,"name":"Home","item":"https:\/\/onlinelotto365.com\/lt\/"},{"@type":"ListItem","position":2,"name":"Viskas, k\u0105 turite \u017einoti apie galimybes \u017eaisti geriausias loterijas internete","item":"https:\/\/onlinelotto365.com\/lt\/zaisti\/"},{"@type":"ListItem","position":3,"name":"\u012esigyk biliet\u0105 did\u017eiajai JAV loterijai i\u0161 Lietuvos"}]},{"@type":"WebSite","@id":"https:\/\/onlinelotto365.com\/lt\/#website","url":"https:\/\/onlinelotto365.com\/lt\/","name":"OnlineLotto365","description":"","potentialAction":[{"@type":"SearchAction","target":{"@type":"EntryPoint","urlTemplate":"https:\/\/onlinelotto365.com\/lt\/?s={search_term_string}"},"query-input":{"@type":"PropertyValueSpecification","valueRequired":true,"valueName":"search_term_string"}}],"inLanguage":"lt-LT"}]}},"_links":{"self":[{"href":"https:\/\/onlinelotto365.com\/lt\/wp-json\/wp\/v2\/pages\/11186","targetHints":{"allow":["GET"]}}],"collection":[{"href":"https:\/\/onlinelotto365.com\/lt\/wp-json\/wp\/v2\/pages"}],"about":[{"href":"https:\/\/onlinelotto365.com\/lt\/wp-json\/wp\/v2\/types\/page"}],"author":[{"embeddable":true,"href":"https:\/\/onlinelotto365.com\/lt\/wp-json\/wp\/v2\/users\/1"}],"replies":[{"embeddable":true,"href":"https:\/\/onlinelotto365.com\/lt\/wp-json\/wp\/v2\/comments?post=11186"}],"version-history":[{"count":0,"href":"https:\/\/onlinelotto365.com\/lt\/wp-json\/wp\/v2\/pages\/11186\/revisions"}],"up":[{"embeddable":true,"href":"https:\/\/onlinelotto365.com\/lt\/wp-json\/wp\/v2\/pages\/5026"}],"wp:attachment":[{"href":"https:\/\/onlinelotto365.com\/lt\/wp-json\/wp\/v2\/media?parent=11186"}],"curies":[{"name":"wp","href":"https:\/\/api.w.org\/{rel}","templated":true}]}}