{"id":11190,"date":"2020-12-19T08:28:20","date_gmt":"2020-12-19T07:28:20","guid":{"rendered":"http:\/\/onlinelotto365.net\/?page_id=11190"},"modified":"2022-11-07T12:21:38","modified_gmt":"2022-11-07T11:21:38","slug":"eurojackpot","status":"publish","type":"page","link":"https:\/\/onlinelotto365.com\/lt\/zaisti\/eurojackpot\/","title":{"rendered":"\u017daiskite Eurojackpot su internetiniu bilietu"},"content":{"rendered":"<h2>Apie &#8222;Eurojackpot<\/h2>\n<p>\u0160i Europos loterija buvo sukurta bendradarbiaujant kelioms Europos loterij\u0173 institucijoms. \u0160iuo metu &#8222;Eurojackpot&#8221; galite \u017eaisti su bilietais, kuriuos galima \u012fsigyti vietin\u0117je loterij\u0173 parduotuv\u0117je, jei gyvenate vienoje i\u0161 dalyvaujan\u010di\u0173 \u0161ali\u0173. Tai Kroatija, \u010cekija, Danija, Estija, Graikija, Vokietija, Ukraina, Islandija, Italija, Kroatija, Latvija, Lietuva, Norvegija, Lenkija, Bulgarija, Slov\u0117nija, Ispanija, \u0160vedija, Nyderlandai ir Vokietija.<\/p>\n<p><a href=\"https:\/\/redfoxlotto.com\/play\/eurojackpot\/?ref=a8564250a2&amp;medium=ol365\" target=\"_blank\" rel=\"noopener noreferrer\"><img decoding=\"async\" class=\"aligncenter\" src=\"https:\/\/redfoxlotto.com\/image?size=8&amp;lottery=eurojackpot\" alt=\"Eurojackpot\" \/><\/a><\/p>\n<p>Jei gyvenate \u0161alyje, kurios n\u0117ra s\u0105ra\u0161e, vienintel\u0117 galimyb\u0117 &#8211; \u017eaisti &#8222;Eurojackpot&#8221; internetu. Atrad\u0119 \u0161i\u0105 galimyb\u0119, pamatysite, kad galimybi\u0173 yra daug daugiau. M\u016bs\u0173 svetain\u0117je ne tik lengva \u017eaisti Eurojackpot internetu i\u0161 Lietuvos. Mes taip pat suteikiame jums prieig\u0105 prie kit\u0173 pasaulinio lygio loterij\u0173 su did\u017eiuliais laim\u0117jimais.<\/p>\n<ul>\n<li>\u0160alis: \u012fvairios Europos \u0161alys, \u017er. auk\u0161\u010diau<\/li>\n<li>Pagrindini\u0173 skai\u010di\u0173 diapazonas: 50<\/li>\n<li>Turite pasirinkti: 5<\/li>\n<li>Papildom\u0173 numeri\u0173 diapazonas: 10<\/li>\n<li>Reikia pasirinkti: 10 numeri\u0173: 2<\/li>\n<li>Dienos, valandos: 21:00 CET &#8211; 21:00 CET, penktadienis, , , 21:00 CET &#8211; 21:00 CET<\/li>\n<li>Jackpoto prad\u017eia: \u20ac 10 mln.<\/li>\n<li>Did\u017eiausia leistina aukso puodo suma: \u20ac 90 mln.<\/li>\n<li>Galimyb\u0117 laim\u0117ti pagrindin\u012f priz\u0105: 1 i\u0161 135600640<\/li>\n<li>Galimyb\u0117 laim\u0117ti antr\u0105j\u012f priz\u0105: 1 i\u0161 2118760<\/li>\n<li>Galimyb\u0117 laim\u0117ti bet kur\u012f priz\u0105: 1 i\u0161 26,39<\/li>\n<li>Priz\u0173 kategorij\u0173 skai\u010dius: 12<\/li>\n<\/ul>\n<h2>Geriausios &#8222;Eurojackpot&#8221; savyb\u0117s<\/h2>\n<p>I\u0161 prad\u017ei\u0173 pasteb\u0117site, kad pagrindinis prizas visada prasideda nuo ma\u017eiausiai 10 mln. eur\u0173 sumos. Ta\u010diau taip pat tur\u0117tum\u0117te atkreipti d\u0117mes\u012f \u012f tai, kad antroji priz\u0173 pakopa taip pat yra gana patraukli ir turi daug geresnius \u0161ansus. Nor\u0117dami laim\u0117ti antr\u0105j\u012f priz\u0105, turite teisingai atsp\u0117ti visus 5 pagrindinius skai\u010dius ir vien\u0105 i\u0161 dviej\u0173 papildom\u0173 skai\u010di\u0173. Tikimyb\u0117, kad taip nutiks, yra ma\u017edaug 1 i\u0161 2 milijon\u0173, o laim\u0117j\u0119 \u0161\u012f priz\u0105 paprastai gausite nuo 100 000 iki 500 000 eur\u0173 i\u0161mok\u0105. Tai tikrai pakankamai gera prie\u017eastis \u017eaisti Eurojackpot internetu i\u0161 Lietuvos.<\/p>\n<p>Ta\u010diau pagrindin\u0117 prie\u017eastis, d\u0117l kurios visada tur\u0117tum\u0117te steb\u0117ti Eurojackpot, yra tai, kas nutiks, jei pagrindinis prizas pasieks 90 mln. eur\u0173, o tai paprastai nutinka kelis kartus per metus. Kai tik aukso puodas per\u017eengia 40 mln. eur\u0173 rib\u0105, jis paprastai gana greitai auga, nes &#8222;Eurojackpot&#8221; \u017eaid\u017eia daugiau \u017emoni\u0173 ir parduodama daugiau biliet\u0173. Taigi, kas nutiks, kai jis pasieks 90 mln. eur\u0173 rib\u0105?<\/p>\n<p>Tuomet visi papildomi \u017eaid\u0117j\u0173 i\u0161leisti pinigai nepadidins pagrindinio prizo. Vietoj to \u0161ios l\u0117\u0161os bus pervestos \u012f antr\u0105j\u0105 priz\u0173 kategorij\u0105. Taigi per kit\u0105 tira\u017e\u0105 gal\u0117site ne tik \u017eaisti &#8222;Eurojackpot&#8221; internete d\u0117l 90 mln. eur\u0173 pagrindinio prizo, bet ir tik\u0117tis daug didesni\u0173 i\u0161mok\u0173, jei laim\u0117site antroje kategorijoje. O kol 90 mln. eur\u0173 prizas nebus \u012fveiktas, antrojo lygio prizas gali b\u016bti laim\u0117tas, ta\u010diau kiekviename tira\u017ee bus pridedami nauji pinigai.<\/p>\n<h2>Kaip patikrinti &#8222;Eurojackpot&#8221; rezultatus<\/h2>\n<p>Patikrinkite rezultatus vienoje i\u0161 oficiali\u0173 loterijoje dalyvaujan\u010dios \u0161alies interneto svetaini\u0173 arba patogiau &#8211; apsilankykite m\u016bs\u0173 svetain\u0117je, kurioje rasite naujausius \u012fsp\u016bdingiausi\u0173 pasaulio loterij\u0173 rezultatus. Ir, \u017einoma, be galimyb\u0117s \u017eaisti &#8222;Eurojackpot&#8221; internetu i\u0161 Lietuvos, taip pat turite galimyb\u0119 tiesiog pasirinkti loterij\u0105, kurios pagrindinis prizas \u0161iuo metu yra did\u017eiausias, ir \u017eaisti t\u0105 loterij\u0105 internetu.<\/p>\n<h2>\u017daid\u0117te &#8222;Eurojackpot&#8221; internetu ir laim\u0117jote &#8211; kas toliau?<\/h2>\n<p>Su\u017einoj\u0119, kad &#8222;Eurojackpot&#8221; loterijoje k\u0105 nors laim\u0117jote, i\u0161 m\u016bs\u0173 taip pat gausite prane\u0161im\u0105 el. pa\u0161tu. Visada prane\u0161ame savo laim\u0117tojams, tod\u0117l n\u0117ra jokios tikimyb\u0117s, kad praleisite laim\u0117jim\u0105. O visus ma\u017eesnius laim\u0117jimus (ma\u017eesnius arba lygius 2500 eur\u0173) laim\u0117tus pinigus jau rasite savo \u017eaid\u0117jo s\u0105skaitoje. L\u0117\u0161omis gal\u0117site disponuoti ir atsiimti netrukus po burt\u0173 traukimo. \u017dinoma, taip pat galite nuspr\u0119sti nei\u0161siimti arba papra\u0161yti i\u0161mok\u0117ti dal\u012f savo liku\u010dio sumos. Bet kok\u012f likut\u012f po to gal\u0117site panaudoti \u017eaisdami internetin\u0119 loterij\u0105 ir pirkdami naujus bilietus.<\/p>\n","protected":false},"excerpt":{"rendered":"<p>Apie &#8222;Eurojackpot \u0160i Europos loterija buvo sukurta bendradarbiaujant kelioms Europos loterij\u0173 institucijoms. \u0160iuo metu &#8222;Eurojackpot&#8221; galite \u017eaisti su bilietais, kuriuos galima \u012fsigyti vietin\u0117je loterij\u0173 parduotuv\u0117je, jei gyvenate vienoje i\u0161 dalyvaujan\u010di\u0173 \u0161ali\u0173. Tai Kroatija, \u010cekija, Danija, Estija, Graikija, Vokietija, Ukraina, Islandija, Italija, Kroatija, Latvija, Lietuva, Norvegija, Lenkija, Bulgarija, Slov\u0117nija, Ispanija, \u0160vedija, Nyderlandai ir Vokietija. Jei gyvenate [&hellip;]<\/p>\n","protected":false},"author":1,"featured_media":0,"parent":5026,"menu_order":4,"comment_status":"closed","ping_status":"closed","template":"eurojackpot.php","meta":{"_et_pb_use_builder":"","_et_pb_old_content":"","_et_gb_content_width":"","exclude_from_search":false,"footnotes":""},"class_list":["post-11190","page","type-page","status-publish","hentry"],"yoast_head":"<!-- This site is optimized with the Yoast SEO plugin v23.4 - https:\/\/yoast.com\/wordpress\/plugins\/seo\/ -->\n<title>Eurojackpot Lietuvos gyventojams | \u017daiskite Eurojackpot internetu \u010dia<\/title>\n<meta name=\"description\" content=\"Legalus ir paprastas b\u016bdas \u017eaisti Eurojackpot internetu ir i\u0161 Lietuvos\" \/>\n<meta name=\"robots\" content=\"index, follow, max-snippet:-1, max-image-preview:large, max-video-preview:-1\" \/>\n<link rel=\"canonical\" href=\"https:\/\/onlinelotto365.com\/lt\/zaisti\/eurojackpot\/\" \/>\n<meta property=\"og:locale\" content=\"lt_LT\" \/>\n<meta property=\"og:type\" content=\"article\" \/>\n<meta property=\"og:title\" content=\"Eurojackpot Lietuvos gyventojams | \u017daiskite Eurojackpot internetu \u010dia\" \/>\n<meta property=\"og:description\" content=\"Legalus ir paprastas b\u016bdas \u017eaisti Eurojackpot internetu ir i\u0161 Lietuvos\" \/>\n<meta property=\"og:url\" content=\"https:\/\/onlinelotto365.com\/lt\/zaisti\/eurojackpot\/\" \/>\n<meta property=\"og:site_name\" content=\"OnlineLotto365\" \/>\n<meta property=\"article:modified_time\" content=\"2022-11-07T11:21:38+00:00\" \/>\n<meta property=\"og:image\" content=\"https:\/\/redfoxlotto.com\/image?size=8&amp;lottery=eurojackpot\" \/>\n<meta name=\"twitter:card\" content=\"summary_large_image\" \/>\n<meta name=\"twitter:label1\" content=\"Est. reading time\" \/>\n\t<meta name=\"twitter:data1\" content=\"3 minut\u0117s\" \/>\n<script type=\"application\/ld+json\" class=\"yoast-schema-graph\">{\"@context\":\"https:\/\/schema.org\",\"@graph\":[{\"@type\":\"WebPage\",\"@id\":\"https:\/\/onlinelotto365.com\/lt\/zaisti\/eurojackpot\/\",\"url\":\"https:\/\/onlinelotto365.com\/lt\/zaisti\/eurojackpot\/\",\"name\":\"Eurojackpot Lietuvos gyventojams | \u017daiskite Eurojackpot internetu \u010dia\",\"isPartOf\":{\"@id\":\"https:\/\/onlinelotto365.com\/lt\/#website\"},\"primaryImageOfPage\":{\"@id\":\"https:\/\/onlinelotto365.com\/lt\/zaisti\/eurojackpot\/#primaryimage\"},\"image\":{\"@id\":\"https:\/\/onlinelotto365.com\/lt\/zaisti\/eurojackpot\/#primaryimage\"},\"thumbnailUrl\":\"https:\/\/redfoxlotto.com\/image?size=8&amp;lottery=eurojackpot\",\"datePublished\":\"2020-12-19T07:28:20+00:00\",\"dateModified\":\"2022-11-07T11:21:38+00:00\",\"description\":\"Legalus ir paprastas b\u016bdas \u017eaisti Eurojackpot internetu ir i\u0161 Lietuvos\",\"breadcrumb\":{\"@id\":\"https:\/\/onlinelotto365.com\/lt\/zaisti\/eurojackpot\/#breadcrumb\"},\"inLanguage\":\"lt-LT\",\"potentialAction\":[{\"@type\":\"ReadAction\",\"target\":[\"https:\/\/onlinelotto365.com\/lt\/zaisti\/eurojackpot\/\"]}]},{\"@type\":\"ImageObject\",\"inLanguage\":\"lt-LT\",\"@id\":\"https:\/\/onlinelotto365.com\/lt\/zaisti\/eurojackpot\/#primaryimage\",\"url\":\"https:\/\/redfoxlotto.com\/image?size=8&amp;lottery=eurojackpot\",\"contentUrl\":\"https:\/\/redfoxlotto.com\/image?size=8&amp;lottery=eurojackpot\"},{\"@type\":\"BreadcrumbList\",\"@id\":\"https:\/\/onlinelotto365.com\/lt\/zaisti\/eurojackpot\/#breadcrumb\",\"itemListElement\":[{\"@type\":\"ListItem\",\"position\":1,\"name\":\"Home\",\"item\":\"https:\/\/onlinelotto365.com\/lt\/\"},{\"@type\":\"ListItem\",\"position\":2,\"name\":\"Viskas, k\u0105 turite \u017einoti apie galimybes \u017eaisti geriausias loterijas internete\",\"item\":\"https:\/\/onlinelotto365.com\/lt\/zaisti\/\"},{\"@type\":\"ListItem\",\"position\":3,\"name\":\"\u017daiskite Eurojackpot su internetiniu bilietu\"}]},{\"@type\":\"WebSite\",\"@id\":\"https:\/\/onlinelotto365.com\/lt\/#website\",\"url\":\"https:\/\/onlinelotto365.com\/lt\/\",\"name\":\"OnlineLotto365\",\"description\":\"\",\"potentialAction\":[{\"@type\":\"SearchAction\",\"target\":{\"@type\":\"EntryPoint\",\"urlTemplate\":\"https:\/\/onlinelotto365.com\/lt\/?s={search_term_string}\"},\"query-input\":{\"@type\":\"PropertyValueSpecification\",\"valueRequired\":true,\"valueName\":\"search_term_string\"}}],\"inLanguage\":\"lt-LT\"}]}<\/script>\n<!-- \/ Yoast SEO plugin. -->","yoast_head_json":{"title":"Eurojackpot Lietuvos gyventojams | \u017daiskite Eurojackpot internetu \u010dia","description":"Legalus ir paprastas b\u016bdas \u017eaisti Eurojackpot internetu ir i\u0161 Lietuvos","robots":{"index":"index","follow":"follow","max-snippet":"max-snippet:-1","max-image-preview":"max-image-preview:large","max-video-preview":"max-video-preview:-1"},"canonical":"https:\/\/onlinelotto365.com\/lt\/zaisti\/eurojackpot\/","og_locale":"lt_LT","og_type":"article","og_title":"Eurojackpot Lietuvos gyventojams | \u017daiskite Eurojackpot internetu \u010dia","og_description":"Legalus ir paprastas b\u016bdas \u017eaisti Eurojackpot internetu ir i\u0161 Lietuvos","og_url":"https:\/\/onlinelotto365.com\/lt\/zaisti\/eurojackpot\/","og_site_name":"OnlineLotto365","article_modified_time":"2022-11-07T11:21:38+00:00","og_image":[{"url":"https:\/\/redfoxlotto.com\/image?size=8&amp;lottery=eurojackpot"}],"twitter_card":"summary_large_image","twitter_misc":{"Est. reading time":"3 minut\u0117s"},"schema":{"@context":"https:\/\/schema.org","@graph":[{"@type":"WebPage","@id":"https:\/\/onlinelotto365.com\/lt\/zaisti\/eurojackpot\/","url":"https:\/\/onlinelotto365.com\/lt\/zaisti\/eurojackpot\/","name":"Eurojackpot Lietuvos gyventojams | \u017daiskite Eurojackpot internetu \u010dia","isPartOf":{"@id":"https:\/\/onlinelotto365.com\/lt\/#website"},"primaryImageOfPage":{"@id":"https:\/\/onlinelotto365.com\/lt\/zaisti\/eurojackpot\/#primaryimage"},"image":{"@id":"https:\/\/onlinelotto365.com\/lt\/zaisti\/eurojackpot\/#primaryimage"},"thumbnailUrl":"https:\/\/redfoxlotto.com\/image?size=8&amp;lottery=eurojackpot","datePublished":"2020-12-19T07:28:20+00:00","dateModified":"2022-11-07T11:21:38+00:00","description":"Legalus ir paprastas b\u016bdas \u017eaisti Eurojackpot internetu ir i\u0161 Lietuvos","breadcrumb":{"@id":"https:\/\/onlinelotto365.com\/lt\/zaisti\/eurojackpot\/#breadcrumb"},"inLanguage":"lt-LT","potentialAction":[{"@type":"ReadAction","target":["https:\/\/onlinelotto365.com\/lt\/zaisti\/eurojackpot\/"]}]},{"@type":"ImageObject","inLanguage":"lt-LT","@id":"https:\/\/onlinelotto365.com\/lt\/zaisti\/eurojackpot\/#primaryimage","url":"https:\/\/redfoxlotto.com\/image?size=8&amp;lottery=eurojackpot","contentUrl":"https:\/\/redfoxlotto.com\/image?size=8&amp;lottery=eurojackpot"},{"@type":"BreadcrumbList","@id":"https:\/\/onlinelotto365.com\/lt\/zaisti\/eurojackpot\/#breadcrumb","itemListElement":[{"@type":"ListItem","position":1,"name":"Home","item":"https:\/\/onlinelotto365.com\/lt\/"},{"@type":"ListItem","position":2,"name":"Viskas, k\u0105 turite \u017einoti apie galimybes \u017eaisti geriausias loterijas internete","item":"https:\/\/onlinelotto365.com\/lt\/zaisti\/"},{"@type":"ListItem","position":3,"name":"\u017daiskite Eurojackpot su internetiniu bilietu"}]},{"@type":"WebSite","@id":"https:\/\/onlinelotto365.com\/lt\/#website","url":"https:\/\/onlinelotto365.com\/lt\/","name":"OnlineLotto365","description":"","potentialAction":[{"@type":"SearchAction","target":{"@type":"EntryPoint","urlTemplate":"https:\/\/onlinelotto365.com\/lt\/?s={search_term_string}"},"query-input":{"@type":"PropertyValueSpecification","valueRequired":true,"valueName":"search_term_string"}}],"inLanguage":"lt-LT"}]}},"_links":{"self":[{"href":"https:\/\/onlinelotto365.com\/lt\/wp-json\/wp\/v2\/pages\/11190","targetHints":{"allow":["GET"]}}],"collection":[{"href":"https:\/\/onlinelotto365.com\/lt\/wp-json\/wp\/v2\/pages"}],"about":[{"href":"https:\/\/onlinelotto365.com\/lt\/wp-json\/wp\/v2\/types\/page"}],"author":[{"embeddable":true,"href":"https:\/\/onlinelotto365.com\/lt\/wp-json\/wp\/v2\/users\/1"}],"replies":[{"embeddable":true,"href":"https:\/\/onlinelotto365.com\/lt\/wp-json\/wp\/v2\/comments?post=11190"}],"version-history":[{"count":0,"href":"https:\/\/onlinelotto365.com\/lt\/wp-json\/wp\/v2\/pages\/11190\/revisions"}],"up":[{"embeddable":true,"href":"https:\/\/onlinelotto365.com\/lt\/wp-json\/wp\/v2\/pages\/5026"}],"wp:attachment":[{"href":"https:\/\/onlinelotto365.com\/lt\/wp-json\/wp\/v2\/media?parent=11190"}],"curies":[{"name":"wp","href":"https:\/\/api.w.org\/{rel}","templated":true}]}}