{"id":11194,"date":"2020-12-19T08:30:40","date_gmt":"2020-12-19T07:30:40","guid":{"rendered":"http:\/\/onlinelotto365.net\/?page_id=11194"},"modified":"2021-02-23T18:43:15","modified_gmt":"2021-02-23T17:43:15","slug":"el-gordo","status":"publish","type":"page","link":"https:\/\/onlinelotto365.com\/lt\/zaisti\/el-gordo\/","title":{"rendered":"Kaip Lietuvos gyventojai gali dalyvauti \u201eEl Gordo\u201c?"},"content":{"rendered":"<p>Jei gyvenate Ispanijoje, a\u0161 neturiu jums pasakyti, kokia \u012fdomi yra El Gordo loto. Ta\u010diau dauguma loterij\u0173 \u017eaid\u0117j\u0173 ten negyvena ir dauguma niekada negird\u0117jo apie did\u017eiausi\u0105 Ispanijos loterij\u0105. Iki neseniai, tai buvo visai nesvarbu, nes jos nebuvo \u012fmanoma \u017eaisti ne Ispanijoje, kadangi tai buvo vienintel\u0117 vieta, kur buvo galima nusipirkti jos bilietus.<\/p>\n<p>\u0160iais laikais, interneto d\u0117ka, daugiau nei 150 000 \u017eaid\u0117j\u0173 i\u0161 daugiau nei 140 \u0161ali\u0173 \u017eaid\u017eia El Gordo. Viskas, k\u0105 jums reikia padaryti, norint \u012fsigyti bilietus dabar, yra \u017einoti, kur juos pirkti internetu. \u0160tai kur mes jums pad\u0117sime.<br \/>\n<a href=\"https:\/\/redfoxlotto.com\/play\/el-gordo-primitiva\/?ref=a8564250a2&amp;medium=ol365\" target=\"_blank\" rel=\"noopener noreferrer\"><img decoding=\"async\" class=\"aligncenter\" src=\"https:\/\/redfoxlotto.com\/image?size=8&amp;lottery=el-gordo-primitiva\" alt=\"el gordo la primitiva\" \/><\/a><\/p>\n<p>Yra puiki nauja paslauga, kuri vadinasi RedFoxLotto, kur galima ne tik internetu nusipirkti bilietus \u012f El Gordo loto, bet ir u\u017esisakyti bilietus internetu \u012f visas kitas did\u017eiausias loterijas pasaulyje. Jie visa tai padaro, kad jums b\u016bt\u0173 lengva ir per kelet\u0105 minu\u010di\u0173 gal\u0117tum\u0117te nusipirkti tiek daug biliet\u0173, kiek norite \u012f kit\u0105 \u017eaidim\u0105, be to, bet kokios kitos didel\u0117s loterijos bilietus, kuri\u0173 norite.<\/p>\n<p>Taigi per \u0161i\u0105 internetin\u0119 paslaug\u0105 loterijos \u017eaidimo d\u017eiaugsmas i\u0161auga iki epini\u0173 proporcij\u0173. \u012esivaizduokite, kiek j\u016bs dabar m\u0117gstate loterijas ir padauginkite tai i\u0161 de\u0161imt ar dvide\u0161imt kart\u0173 ir \u012fsivaizduokite, kaip tai atrodyt\u0173. <a href=\"https:\/\/redfoxlotto.com\/lt\/?ref=A8564250A2&amp;campaign=ol\" target=\"_blank\" rel=\"noopener\"><span style=\"text-decoration: underline;\">Tada tiesiog u\u017esiregistruokite RedFoxLotto ir pasiruo\u0161kite visa tai padaryti.<\/span><\/a><\/p>\n<h2>El Gordo rei\u0161kia didysis<\/h2>\n<p><img loading=\"lazy\" decoding=\"async\" class=\" wp-image-1829 alignright\" src=\"https:\/\/onlinelotto365.com\/wp-content\/uploads\/2020\/11\/online_lottery-163.jpg\" alt=\"el gordo \u017eaisti internete\" width=\"266\" height=\"191\" \/><\/p>\n<p>El Gordo pagrindiniai prizai yra did\u017eiuliai, tai yra ka\u017ekas, k\u0105 visi loterijos \u017eaid\u0117jai labai myli. Baig\u0117si dienos, kai tenka laukti gana ilgai, tikintis, kad j\u016bs\u0173 m\u0117gstamiausios loterijos pagrindinis prizas augs ir augs, kol gal\u0173 gale gausis did\u017eiulis, kad \u017emon\u0117s puls \u012fsigyti bilietus.<\/p>\n<p>Dabar visame pasaulyje yra daug loterij\u0173, kurios prasideda su mil\u017eini\u0161kais pagrindiniais prizais ir jie tampa vis labiau didesni. \u0160i loterija tikrai yra viena i\u0161 t\u0173. Pavyzd\u017eiui, \u0161io ra\u0161ymo metu dabartinis pagrindinis prizas yra 23 milijonai eur\u0173.<\/p>\n<p>Plius, jei jums patinka tokie dideli prizai, kaip a\u0161 tikiu, kad visiems patinka, RedFoxLotto turi kur kas daugiau mums pasi\u016blyti, o kai kurie netgi daug didesni. Ta\u010diau tikslas n\u0117ra tiesiog \u017eaisti vien\u0105, mes norime \u017eaisti bent kelias loterijas, ir El Gordo tikrai yra vienas i\u0161 t\u0173, kur\u012f verta \u017eaisti.<\/p>\n<h2>Kaip veikia \u0161is loto<\/h2>\n<p>El Gordo turi i\u0161 viso 9 skirting\u0173 priz\u0173 kategorijas. Taigi, nors mes visi tikrai norime laim\u0117ti pagrindin\u012f priz\u0105, tikrai malonu, kai laimite bet kokios sumos priz\u0105, o populiariausios Ispanijos loterijos \u017eaidimas suteikia dar geresn\u0119 galimyb\u0119 tai pasiekti nei kitos loterijos.<\/p>\n<p>Be to, skirtingai nei kai kuriose \u0161alyse, loterijos laim\u0117jimai Ispanijoje yra neapmokestinami. Jums gali reik\u0117ti deklaruoti savo laim\u0117jimus vyriausybei, priklausomai nuo to, kur j\u016bs gyvenate, ta\u010diau kai kuriose vietose mokes\u010diai taikomi loterijos laim\u0117jimais, nors loterijos laim\u0117jimai gali b\u016bti neapmokestinami j\u016bs\u0173 \u0161alyje. Nors j\u016bs galite susigr\u0105\u017einti \u0161iuos pinigus, tai nepatogumai, d\u0117l kuri\u0173 j\u016bs neturite jaudintis su El Gordo.<\/p>\n<p>Vis d\u0117lto net tose \u0161alyse, kuriose taip daroma, kai laim\u0117site pagrindin\u012f priz\u0105, pinigai, kuriuos gausite prie\u0161 mokes\u010di\u0173 mokest\u012f arba be jo, bet kuriuo atveju jus suvilios, tod\u0117l tai netur\u0117t\u0173 mums r\u016bp\u0117ti. Taip pat netur\u0117t\u0173 b\u016bti labai nepatogu apsilankyti Ispanijoje, norint pasiimti savo milijonus. Tikriausiai tur\u0117site daug daugiau keliauti negu tik tiek ir j\u016bs taip pat gal\u0117site prad\u0117ti savo karjer\u0105 kaip keliautojas.<\/p>\n<h2>Kod\u0117l praleisti \u0161ans\u0105 su El Gordo, kai j\u016bs to neturite daryti<\/h2>\n<p>Per daugel\u012f met\u0173 tur\u0117jote ger\u0105 pasiteisinim\u0105 ne\u017eaisti El Gordo loto, jei negyvenote Ispanijoje. Laimei, taip jau neb\u0117ra. Kas \u017eino, kiek pinig\u0173 j\u016bs gal\u0117jote laim\u0117ti, jei b\u016btum\u0117te \u017eaid\u0119 \u0161i\u0105 loterij\u0105 ir visas kitas did\u017eiausias loterijas visame pasaulyje?<\/p>\n<p>Na, jums nebereikia apie tai daugiau galvoti, nes RedFoxLotto dabar suteikia El Gordo tiesiai \u012f j\u016bs\u0173 namus, kur dabar esate. A\u0161 \u017einau, kad m\u0117gstate \u017eaisti loterijoje, nes kitaip neskaitytum\u0117te. Kod\u0117l gi nenusipirkus loterijos bilieto sau dabar? Kol tai darote, kod\u0117l gi nepatikrinus visko, k\u0105 gali pasi\u016blyti RedFoxLotto? Tiesiog spustel\u0117kite \u0161i\u0105 nuorod\u0105 ir atverkite sau visi\u0161kai nauj\u0173 galimybi\u0173 pasaul\u012f.<\/p>\n","protected":false},"excerpt":{"rendered":"<p>Jei gyvenate Ispanijoje, a\u0161 neturiu jums pasakyti, kokia \u012fdomi yra El Gordo loto. Ta\u010diau dauguma loterij\u0173 \u017eaid\u0117j\u0173 ten negyvena ir dauguma niekada negird\u0117jo apie did\u017eiausi\u0105 Ispanijos loterij\u0105. Iki neseniai, tai buvo visai nesvarbu, nes jos nebuvo \u012fmanoma \u017eaisti ne Ispanijoje, kadangi tai buvo vienintel\u0117 vieta, kur buvo galima nusipirkti jos bilietus. \u0160iais laikais, interneto d\u0117ka, [&hellip;]<\/p>\n","protected":false},"author":1,"featured_media":0,"parent":5026,"menu_order":6,"comment_status":"closed","ping_status":"closed","template":"el-gordo.php","meta":{"_et_pb_use_builder":"","_et_pb_old_content":"","_et_gb_content_width":"","exclude_from_search":false,"footnotes":""},"class_list":["post-11194","page","type-page","status-publish","hentry"],"yoast_head":"<!-- This site is optimized with the Yoast SEO plugin v23.4 - https:\/\/yoast.com\/wordpress\/plugins\/seo\/ -->\n<title>\u017daisk \u201eEl Gordo\u201c internete i\u0161 Lietuvos | Ar galiu dalyvauti \u201eEl Gordo\u201c, jei gyvenu Lietuvoje<\/title>\n<meta name=\"description\" content=\"\u017daisk \u201eEl Gordo Lotto\u201c \u010dia - did\u017eiausioje Ispanijos loterijoje, kuri\u0105 galima \u012fsigyti internetu i\u0161 Lietuvos\" \/>\n<meta name=\"robots\" content=\"index, follow, max-snippet:-1, max-image-preview:large, max-video-preview:-1\" \/>\n<link rel=\"canonical\" href=\"https:\/\/onlinelotto365.com\/lt\/zaisti\/el-gordo\/\" \/>\n<meta property=\"og:locale\" content=\"lt_LT\" \/>\n<meta property=\"og:type\" content=\"article\" \/>\n<meta property=\"og:title\" content=\"\u017daisk \u201eEl Gordo\u201c internete i\u0161 Lietuvos | Ar galiu dalyvauti \u201eEl Gordo\u201c, jei gyvenu Lietuvoje\" \/>\n<meta property=\"og:description\" content=\"\u017daisk \u201eEl Gordo Lotto\u201c \u010dia - did\u017eiausioje Ispanijos loterijoje, kuri\u0105 galima \u012fsigyti internetu i\u0161 Lietuvos\" \/>\n<meta property=\"og:url\" content=\"https:\/\/onlinelotto365.com\/lt\/zaisti\/el-gordo\/\" \/>\n<meta property=\"og:site_name\" content=\"OnlineLotto365\" \/>\n<meta property=\"article:modified_time\" content=\"2021-02-23T17:43:15+00:00\" \/>\n<meta property=\"og:image\" content=\"https:\/\/redfoxlotto.com\/image?size=8&amp;lottery=el-gordo-primitiva\" \/>\n<meta name=\"twitter:card\" content=\"summary_large_image\" \/>\n<meta name=\"twitter:label1\" content=\"Est. reading time\" \/>\n\t<meta name=\"twitter:data1\" content=\"3 minut\u0117s\" \/>\n<script type=\"application\/ld+json\" class=\"yoast-schema-graph\">{\"@context\":\"https:\/\/schema.org\",\"@graph\":[{\"@type\":\"WebPage\",\"@id\":\"https:\/\/onlinelotto365.com\/lt\/zaisti\/el-gordo\/\",\"url\":\"https:\/\/onlinelotto365.com\/lt\/zaisti\/el-gordo\/\",\"name\":\"\u017daisk \u201eEl Gordo\u201c internete i\u0161 Lietuvos | Ar galiu dalyvauti \u201eEl Gordo\u201c, jei gyvenu Lietuvoje\",\"isPartOf\":{\"@id\":\"https:\/\/onlinelotto365.com\/lt\/#website\"},\"primaryImageOfPage\":{\"@id\":\"https:\/\/onlinelotto365.com\/lt\/zaisti\/el-gordo\/#primaryimage\"},\"image\":{\"@id\":\"https:\/\/onlinelotto365.com\/lt\/zaisti\/el-gordo\/#primaryimage\"},\"thumbnailUrl\":\"https:\/\/redfoxlotto.com\/image?size=8&amp;lottery=el-gordo-primitiva\",\"datePublished\":\"2020-12-19T07:30:40+00:00\",\"dateModified\":\"2021-02-23T17:43:15+00:00\",\"description\":\"\u017daisk \u201eEl Gordo Lotto\u201c \u010dia - did\u017eiausioje Ispanijos loterijoje, kuri\u0105 galima \u012fsigyti internetu i\u0161 Lietuvos\",\"breadcrumb\":{\"@id\":\"https:\/\/onlinelotto365.com\/lt\/zaisti\/el-gordo\/#breadcrumb\"},\"inLanguage\":\"lt-LT\",\"potentialAction\":[{\"@type\":\"ReadAction\",\"target\":[\"https:\/\/onlinelotto365.com\/lt\/zaisti\/el-gordo\/\"]}]},{\"@type\":\"ImageObject\",\"inLanguage\":\"lt-LT\",\"@id\":\"https:\/\/onlinelotto365.com\/lt\/zaisti\/el-gordo\/#primaryimage\",\"url\":\"https:\/\/redfoxlotto.com\/image?size=8&amp;lottery=el-gordo-primitiva\",\"contentUrl\":\"https:\/\/redfoxlotto.com\/image?size=8&amp;lottery=el-gordo-primitiva\"},{\"@type\":\"BreadcrumbList\",\"@id\":\"https:\/\/onlinelotto365.com\/lt\/zaisti\/el-gordo\/#breadcrumb\",\"itemListElement\":[{\"@type\":\"ListItem\",\"position\":1,\"name\":\"Home\",\"item\":\"https:\/\/onlinelotto365.com\/lt\/\"},{\"@type\":\"ListItem\",\"position\":2,\"name\":\"Viskas, k\u0105 turite \u017einoti apie galimybes \u017eaisti geriausias loterijas internete\",\"item\":\"https:\/\/onlinelotto365.com\/lt\/zaisti\/\"},{\"@type\":\"ListItem\",\"position\":3,\"name\":\"Kaip Lietuvos gyventojai gali dalyvauti \u201eEl Gordo\u201c?\"}]},{\"@type\":\"WebSite\",\"@id\":\"https:\/\/onlinelotto365.com\/lt\/#website\",\"url\":\"https:\/\/onlinelotto365.com\/lt\/\",\"name\":\"OnlineLotto365\",\"description\":\"\",\"potentialAction\":[{\"@type\":\"SearchAction\",\"target\":{\"@type\":\"EntryPoint\",\"urlTemplate\":\"https:\/\/onlinelotto365.com\/lt\/?s={search_term_string}\"},\"query-input\":{\"@type\":\"PropertyValueSpecification\",\"valueRequired\":true,\"valueName\":\"search_term_string\"}}],\"inLanguage\":\"lt-LT\"}]}<\/script>\n<!-- \/ Yoast SEO plugin. -->","yoast_head_json":{"title":"\u017daisk \u201eEl Gordo\u201c internete i\u0161 Lietuvos | Ar galiu dalyvauti \u201eEl Gordo\u201c, jei gyvenu Lietuvoje","description":"\u017daisk \u201eEl Gordo Lotto\u201c \u010dia - did\u017eiausioje Ispanijos loterijoje, kuri\u0105 galima \u012fsigyti internetu i\u0161 Lietuvos","robots":{"index":"index","follow":"follow","max-snippet":"max-snippet:-1","max-image-preview":"max-image-preview:large","max-video-preview":"max-video-preview:-1"},"canonical":"https:\/\/onlinelotto365.com\/lt\/zaisti\/el-gordo\/","og_locale":"lt_LT","og_type":"article","og_title":"\u017daisk \u201eEl Gordo\u201c internete i\u0161 Lietuvos | Ar galiu dalyvauti \u201eEl Gordo\u201c, jei gyvenu Lietuvoje","og_description":"\u017daisk \u201eEl Gordo Lotto\u201c \u010dia - did\u017eiausioje Ispanijos loterijoje, kuri\u0105 galima \u012fsigyti internetu i\u0161 Lietuvos","og_url":"https:\/\/onlinelotto365.com\/lt\/zaisti\/el-gordo\/","og_site_name":"OnlineLotto365","article_modified_time":"2021-02-23T17:43:15+00:00","og_image":[{"url":"https:\/\/redfoxlotto.com\/image?size=8&amp;lottery=el-gordo-primitiva"}],"twitter_card":"summary_large_image","twitter_misc":{"Est. reading time":"3 minut\u0117s"},"schema":{"@context":"https:\/\/schema.org","@graph":[{"@type":"WebPage","@id":"https:\/\/onlinelotto365.com\/lt\/zaisti\/el-gordo\/","url":"https:\/\/onlinelotto365.com\/lt\/zaisti\/el-gordo\/","name":"\u017daisk \u201eEl Gordo\u201c internete i\u0161 Lietuvos | Ar galiu dalyvauti \u201eEl Gordo\u201c, jei gyvenu Lietuvoje","isPartOf":{"@id":"https:\/\/onlinelotto365.com\/lt\/#website"},"primaryImageOfPage":{"@id":"https:\/\/onlinelotto365.com\/lt\/zaisti\/el-gordo\/#primaryimage"},"image":{"@id":"https:\/\/onlinelotto365.com\/lt\/zaisti\/el-gordo\/#primaryimage"},"thumbnailUrl":"https:\/\/redfoxlotto.com\/image?size=8&amp;lottery=el-gordo-primitiva","datePublished":"2020-12-19T07:30:40+00:00","dateModified":"2021-02-23T17:43:15+00:00","description":"\u017daisk \u201eEl Gordo Lotto\u201c \u010dia - did\u017eiausioje Ispanijos loterijoje, kuri\u0105 galima \u012fsigyti internetu i\u0161 Lietuvos","breadcrumb":{"@id":"https:\/\/onlinelotto365.com\/lt\/zaisti\/el-gordo\/#breadcrumb"},"inLanguage":"lt-LT","potentialAction":[{"@type":"ReadAction","target":["https:\/\/onlinelotto365.com\/lt\/zaisti\/el-gordo\/"]}]},{"@type":"ImageObject","inLanguage":"lt-LT","@id":"https:\/\/onlinelotto365.com\/lt\/zaisti\/el-gordo\/#primaryimage","url":"https:\/\/redfoxlotto.com\/image?size=8&amp;lottery=el-gordo-primitiva","contentUrl":"https:\/\/redfoxlotto.com\/image?size=8&amp;lottery=el-gordo-primitiva"},{"@type":"BreadcrumbList","@id":"https:\/\/onlinelotto365.com\/lt\/zaisti\/el-gordo\/#breadcrumb","itemListElement":[{"@type":"ListItem","position":1,"name":"Home","item":"https:\/\/onlinelotto365.com\/lt\/"},{"@type":"ListItem","position":2,"name":"Viskas, k\u0105 turite \u017einoti apie galimybes \u017eaisti geriausias loterijas internete","item":"https:\/\/onlinelotto365.com\/lt\/zaisti\/"},{"@type":"ListItem","position":3,"name":"Kaip Lietuvos gyventojai gali dalyvauti \u201eEl Gordo\u201c?"}]},{"@type":"WebSite","@id":"https:\/\/onlinelotto365.com\/lt\/#website","url":"https:\/\/onlinelotto365.com\/lt\/","name":"OnlineLotto365","description":"","potentialAction":[{"@type":"SearchAction","target":{"@type":"EntryPoint","urlTemplate":"https:\/\/onlinelotto365.com\/lt\/?s={search_term_string}"},"query-input":{"@type":"PropertyValueSpecification","valueRequired":true,"valueName":"search_term_string"}}],"inLanguage":"lt-LT"}]}},"_links":{"self":[{"href":"https:\/\/onlinelotto365.com\/lt\/wp-json\/wp\/v2\/pages\/11194","targetHints":{"allow":["GET"]}}],"collection":[{"href":"https:\/\/onlinelotto365.com\/lt\/wp-json\/wp\/v2\/pages"}],"about":[{"href":"https:\/\/onlinelotto365.com\/lt\/wp-json\/wp\/v2\/types\/page"}],"author":[{"embeddable":true,"href":"https:\/\/onlinelotto365.com\/lt\/wp-json\/wp\/v2\/users\/1"}],"replies":[{"embeddable":true,"href":"https:\/\/onlinelotto365.com\/lt\/wp-json\/wp\/v2\/comments?post=11194"}],"version-history":[{"count":0,"href":"https:\/\/onlinelotto365.com\/lt\/wp-json\/wp\/v2\/pages\/11194\/revisions"}],"up":[{"embeddable":true,"href":"https:\/\/onlinelotto365.com\/lt\/wp-json\/wp\/v2\/pages\/5026"}],"wp:attachment":[{"href":"https:\/\/onlinelotto365.com\/lt\/wp-json\/wp\/v2\/media?parent=11194"}],"curies":[{"name":"wp","href":"https:\/\/api.w.org\/{rel}","templated":true}]}}