{"id":11217,"date":"2020-12-19T08:45:42","date_gmt":"2020-12-19T07:45:42","guid":{"rendered":"http:\/\/onlinelotto365.net\/?page_id=11217"},"modified":"2022-11-10T11:04:58","modified_gmt":"2022-11-10T10:04:58","slug":"powerball","status":"publish","type":"page","link":"https:\/\/onlinelotto365.com\/lt\/pirkti-bilietus\/powerball\/","title":{"rendered":"Kaip pirkti &#8222;Powerball&#8221; bilietus internetu i\u0161 Lietuvos"},"content":{"rendered":"<p>Akivaizdu, kad b\u016btent internete galima internetu gauti biliet\u0105 \u012f did\u017ei\u0105sias JAV loterijas. Jums neb\u016btina gyventi JAV, kad gal\u0117tum\u0117te dalyvauti ir laim\u0117ti tuos ne\u012ftik\u0117tinus prizus. Galite \u012fsigyti biliet\u0105 i\u0161 Lietuvos, naudodamiesi m\u016bs\u0173 internetine paslauga.<\/p>\n<p>Pirmiausia galite u\u017esiregistruoti m\u016bs\u0173 paskyr\u0105, tada pasirinkti bet kuri\u0105 i\u0161 m\u016bs\u0173 loterij\u0173 ir i\u0161sirinkti savo numerius. Arba galite tiesiog pirmiausia patikrinti loterijas ir susikurti bilietus su savo numeriais. Kai b\u016bsite patenkinti savo pasirinkimu, gal\u0117site atlikti u\u017esakym\u0105. Tuo metu b\u016bsite paraginti susikurti paskyr\u0105.<\/p>\n<p>Abiem atvejais, u\u017eregistrav\u0119 nauj\u0105 paskyr\u0105, tur\u0117site patikrinti savo el. pa\u0161to d\u0117\u017eut\u0119. Gausite patvirtinimo el. lai\u0161k\u0105 su jame esan\u010dia nuoroda. Spustel\u0117kite t\u0105 nuorod\u0105, kad patvirtintum\u0117te savo el. pa\u0161to adres\u0105. Kai tai padarysite, j\u016bs\u0173 paskyra bus aktyvuota. Jei nerandate patvirtinimo el. lai\u0161ko, patikrinkite nepageidaujam\u0173 lai\u0161k\u0173 aplank\u0105. Rad\u0119 el. lai\u0161k\u0105, svarbu j\u012f pa\u017eym\u0117ti kaip &#8222;ne \u0161lam\u0161tas&#8221; arba &#8222;ne \u0161iuk\u0161l\u0117s&#8221;. Taip u\u017etikrinsite, kad b\u016bsimi m\u016bs\u0173 el. lai\u0161kai neatsidurt\u0173 j\u016bs\u0173 nepageidaujam\u0173 lai\u0161k\u0173 aplanke. \u012esivaizduokite, kad praleidote laim\u0117jim\u0105, nes negavote el. pa\u0161to prane\u0161imo apie j\u012f!<br \/>\n<a href=\"https:\/\/redfoxlotto.com\/play\/powerball\/?ref=a8564250a2&amp;medium=ol365\" target=\"_blank\" rel=\"noopener noreferrer\"><img loading=\"lazy\" decoding=\"async\" class=\"aligncenter\" src=\"https:\/\/redfoxlotto.com\/image?size=8&amp;lottery=powerball\" alt=\"powerball\" width=\"793\" height=\"98\" \/><\/a><\/p>\n<h2>Kaip sumok\u0117ti u\u017e &#8222;Powerball&#8221; biliet\u0105 internetu<\/h2>\n<p>Yra du b\u016bdai, kaip sumok\u0117ti u\u017e norimus loterijos bilietus internetu.<\/p>\n<ul>\n<li>Pirma, galite pervesti \u012fmok\u0105 \u012f savo s\u0105skait\u0105. Po to galite nusipirkti tiek biliet\u0173, kiek tik norite, ir u\u017e juos sumok\u0117ti naudodami savo likut\u012f.<\/li>\n<li>Antra, pirmiausia i\u0161sirenkate bilietus, o tada sumokate u\u017e u\u017esakymo sum\u0105.<\/li>\n<\/ul>\n<p>Galite rinktis i\u0161 keli\u0173 mok\u0117jimo b\u016bd\u0173, ir visi jie yra saugiai u\u017e\u0161ifruoti. Populiariausi b\u016bdai yra kredito kortel\u0117 ir &#8222;Bitcoin&#8221;.<\/p>\n<h2>Daugiau informacijos apie &#8222;Powerball<\/h2>\n<ul>\n<li>Loterija vyksta ten, kur: JAV<\/li>\n<li>I\u0161 kiek pagrindini\u0173 skai\u010di\u0173 galima rinktis: 69<\/li>\n<li>Turite pasirinkti: 5<\/li>\n<li>Kiek papildom\u0173 skai\u010di\u0173 galima pasirinkti: 26<\/li>\n<li>Turite pasirinkti: 1<\/li>\n<li>Rinkit\u0117s dienas, valandas: Tre\u010diadienis, \u0161e\u0161tadienis, 21:00 EST, +1 diena 3:00 CET<\/li>\n<li>Minimalus laim\u0117jimas: 40 milijon\u0173 JAV doleri\u0173<\/li>\n<li>Did\u017eiausia aukso puodo suma: n\u0117ra<\/li>\n<li>Galimas skai\u010di\u0173 derinys, kur\u012f laim\u0117jus galima laim\u0117ti pagrindin\u012f priz\u0105: 1 i\u0161 175 223 510.<\/li>\n<li>Galimas skai\u010di\u0173 derinys 2 pakopos laim\u0117jimui: 1 i\u0161 5.006.386<\/li>\n<li>Tikimyb\u0117 laim\u0117ti bet kuriame lygyje: 1 i\u0161 24,87<\/li>\n<li>Kiek priz\u0173 lygi\u0173: 9<\/li>\n<\/ul>\n<p>Vos prie\u0161 kur\u012f laik\u0105, 2016 m. vasario 13 d., did\u017eiausi\u0105 istorijoje JAV loterijos aukso puod\u0105 laim\u0117jo trys laimingieji. Ne\u012ftik\u0117tino dyd\u017eio pagrindinis prizas siek\u0117 net 1,5 milijardo JAV doleri\u0173, tod\u0117l loterijos gerb\u0117jai visoje JAV valand\u0173 valandas praleido stov\u0117dami eil\u0117je prie bilieto. Ta\u010diau k\u0105 daryti loterijos \u017eaid\u0117jams i\u0161 Lietuvos? Ar jie negal\u0117jo gauti &#8222;Powerball&#8221; bilieto, jei tuo metu i\u0161 tikr\u0173j\u0173 nebuvo JAV? Ne, jie netur\u0117jo &#8211; jei b\u016bt\u0173 \u017einoj\u0119, kad &#8222;Powerball&#8221; arba &#8222;Mega Millions&#8221; loterij\u0105 i\u0161 tikr\u0173j\u0173 galima \u017eaisti i\u0161 Lietuvos!<\/p>\n<h2>&#8222;Powerball&#8221; biliet\u0173 pirkimo internetu privalumai<\/h2>\n<p>Naudodamiesi \u0161ia internetine loterijos biliet\u0173 kurjeri\u0173 paslauga galite \u012fsigyti daugiau nei 20 did\u017eiausi\u0173 \u0161ios planetos loterij\u0173 bilietus. Nors gyvenate Lietuvoje, galite rinktis loterijas, kurios traukiamos kitose \u0161alyse. \u017dinoma, jei negyvenate Lietuvoje, bet norite \u012fsigyti Lietuvos loterijos biliet\u0105, tai taip pat galite padaryti internetu!<\/p>\n<h2>Ar teis\u0117ta pirkti &#8222;Powerball&#8221; bilietus internetu?<\/h2>\n<p><img loading=\"lazy\" decoding=\"async\" class=\"size-medium wp-image-1356 alignright\" src=\"https:\/\/onlinelotto365.com\/wp-content\/uploads\/2020\/11\/online_lottery-117-300x217.jpg\" alt=\"\u017eaisti powerball internetu\" width=\"300\" height=\"217\" \/><\/p>\n<p>Svarbu \u017einoti, kad tai yra legali ir patikima biliet\u0173 pasiuntini\u0173 paslauga. \u012esigydami loterijos biliet\u0105 internetu, j\u016bs gaunate galimyb\u0119 sudaryti sutart\u012f su pa\u010dia loterija &#8211; tai u\u017etikrina, kad pinigai, kuriuos galite laim\u0117ti, bus gauti i\u0161 j\u0173!<\/p>\n<h2>Kaip man i\u0161mok\u0117ti pinigus, jei laim\u0117siu &#8222;Powerball&#8221; internetu?<\/h2>\n<p>Jei laim\u0117jote, i\u0161mok\u0117jimo tvarka priklauso nuo laim\u0117tos sumos. Ma\u017eesn\u0117s sumos, nevir\u0161ijan\u010dios 2500 eur\u0173, bus pervestos \u012f j\u016bs\u0173 internetin\u0119 s\u0105skait\u0105. \u0160iuos pinigus galite i\u0161sigryninti arba panaudoti pirkdami daugiau internetini\u0173 loterijos biliet\u0173. Jei laim\u0117tum\u0117te didesn\u0119 sum\u0105, atsi\u0173sime jums form\u0105, kuri\u0105 turite u\u017epildyti ir atsi\u0173sti mums el. pa\u0161tu. Tada mes \u0161i\u0105 form\u0105 i\u0161si\u0173sime loterijos komisijai ir ji i\u0161mok\u0117s jums pinigus. \u0160i paslauga jums yra nemokama.<\/p>\n<p>Jei su internetiniu bilietu laim\u0117site &#8222;Powerball&#8221; aukso puod\u0105, tur\u0117site pasirinkti. Galite gauti vienkartin\u0119 i\u0161mok\u0105, kuri bus ma\u017eesn\u0117 nei tikrasis aukso puodas, arba galite gauti i\u0161mok\u0105 30 metini\u0173 \u012fmok\u0173 ir pal\u016bkanas.<\/p>\n","protected":false},"excerpt":{"rendered":"<p>Akivaizdu, kad b\u016btent internete galima internetu gauti biliet\u0105 \u012f did\u017ei\u0105sias JAV loterijas. Jums neb\u016btina gyventi JAV, kad gal\u0117tum\u0117te dalyvauti ir laim\u0117ti tuos ne\u012ftik\u0117tinus prizus. Galite \u012fsigyti biliet\u0105 i\u0161 Lietuvos, naudodamiesi m\u016bs\u0173 internetine paslauga. Pirmiausia galite u\u017esiregistruoti m\u016bs\u0173 paskyr\u0105, tada pasirinkti bet kuri\u0105 i\u0161 m\u016bs\u0173 loterij\u0173 ir i\u0161sirinkti savo numerius. Arba galite tiesiog pirmiausia patikrinti loterijas [&hellip;]<\/p>\n","protected":false},"author":1,"featured_media":0,"parent":5656,"menu_order":0,"comment_status":"closed","ping_status":"closed","template":"powerball-usa-info.php","meta":{"_et_pb_use_builder":"","_et_pb_old_content":"","_et_gb_content_width":"","exclude_from_search":false,"footnotes":""},"class_list":["post-11217","page","type-page","status-publish","hentry"],"yoast_head":"<!-- This site is optimized with the Yoast SEO plugin v23.4 - https:\/\/yoast.com\/wordpress\/plugins\/seo\/ -->\n<title>Pirkite &quot;Powerball&quot; bilietus internetu i\u0161 Lietuvos | Apie &quot;Powerball&quot;, kaip \u012fsigyti bilietus internetu<\/title>\n<meta name=\"description\" content=\"\u012esigyti garsiosios loterijos &quot;Powerball&quot; bilietus dabar paprasta, \u012fsigykite juos internetu i\u0161 Lietuvos ir kitur\" \/>\n<meta name=\"robots\" content=\"index, follow, max-snippet:-1, max-image-preview:large, max-video-preview:-1\" \/>\n<link rel=\"canonical\" href=\"https:\/\/onlinelotto365.com\/lt\/pirkti-bilietus\/powerball\/\" \/>\n<meta property=\"og:locale\" content=\"lt_LT\" \/>\n<meta property=\"og:type\" content=\"article\" \/>\n<meta property=\"og:title\" content=\"Pirkite &quot;Powerball&quot; bilietus internetu i\u0161 Lietuvos | Apie &quot;Powerball&quot;, kaip \u012fsigyti bilietus internetu\" \/>\n<meta property=\"og:description\" content=\"\u012esigyti garsiosios loterijos &quot;Powerball&quot; bilietus dabar paprasta, \u012fsigykite juos internetu i\u0161 Lietuvos ir kitur\" \/>\n<meta property=\"og:url\" content=\"https:\/\/onlinelotto365.com\/lt\/pirkti-bilietus\/powerball\/\" \/>\n<meta property=\"og:site_name\" content=\"OnlineLotto365\" \/>\n<meta property=\"article:modified_time\" content=\"2022-11-10T10:04:58+00:00\" \/>\n<meta property=\"og:image\" content=\"https:\/\/redfoxlotto.com\/image?size=8&amp;lottery=powerball\" \/>\n<meta name=\"twitter:card\" content=\"summary_large_image\" \/>\n<meta name=\"twitter:label1\" content=\"Est. reading time\" \/>\n\t<meta name=\"twitter:data1\" content=\"3 minut\u0117s\" \/>\n<script type=\"application\/ld+json\" class=\"yoast-schema-graph\">{\"@context\":\"https:\/\/schema.org\",\"@graph\":[{\"@type\":\"WebPage\",\"@id\":\"https:\/\/onlinelotto365.com\/lt\/pirkti-bilietus\/powerball\/\",\"url\":\"https:\/\/onlinelotto365.com\/lt\/pirkti-bilietus\/powerball\/\",\"name\":\"Pirkite \\\"Powerball\\\" bilietus internetu i\u0161 Lietuvos | Apie \\\"Powerball\\\", kaip \u012fsigyti bilietus internetu\",\"isPartOf\":{\"@id\":\"https:\/\/onlinelotto365.com\/lt\/#website\"},\"primaryImageOfPage\":{\"@id\":\"https:\/\/onlinelotto365.com\/lt\/pirkti-bilietus\/powerball\/#primaryimage\"},\"image\":{\"@id\":\"https:\/\/onlinelotto365.com\/lt\/pirkti-bilietus\/powerball\/#primaryimage\"},\"thumbnailUrl\":\"https:\/\/redfoxlotto.com\/image?size=8&amp;lottery=powerball\",\"datePublished\":\"2020-12-19T07:45:42+00:00\",\"dateModified\":\"2022-11-10T10:04:58+00:00\",\"description\":\"\u012esigyti garsiosios loterijos \\\"Powerball\\\" bilietus dabar paprasta, \u012fsigykite juos internetu i\u0161 Lietuvos ir kitur\",\"breadcrumb\":{\"@id\":\"https:\/\/onlinelotto365.com\/lt\/pirkti-bilietus\/powerball\/#breadcrumb\"},\"inLanguage\":\"lt-LT\",\"potentialAction\":[{\"@type\":\"ReadAction\",\"target\":[\"https:\/\/onlinelotto365.com\/lt\/pirkti-bilietus\/powerball\/\"]}]},{\"@type\":\"ImageObject\",\"inLanguage\":\"lt-LT\",\"@id\":\"https:\/\/onlinelotto365.com\/lt\/pirkti-bilietus\/powerball\/#primaryimage\",\"url\":\"https:\/\/redfoxlotto.com\/image?size=8&amp;lottery=powerball\",\"contentUrl\":\"https:\/\/redfoxlotto.com\/image?size=8&amp;lottery=powerball\"},{\"@type\":\"BreadcrumbList\",\"@id\":\"https:\/\/onlinelotto365.com\/lt\/pirkti-bilietus\/powerball\/#breadcrumb\",\"itemListElement\":[{\"@type\":\"ListItem\",\"position\":1,\"name\":\"Home\",\"item\":\"https:\/\/onlinelotto365.com\/lt\/\"},{\"@type\":\"ListItem\",\"position\":2,\"name\":\"Internetin\u0117 biliet\u0173 paslauga tarptautiniams loto renginiams\",\"item\":\"https:\/\/onlinelotto365.com\/lt\/pirkti-bilietus\/\"},{\"@type\":\"ListItem\",\"position\":3,\"name\":\"Kaip pirkti &#8220;Powerball&#8221; bilietus internetu i\u0161 Lietuvos\"}]},{\"@type\":\"WebSite\",\"@id\":\"https:\/\/onlinelotto365.com\/lt\/#website\",\"url\":\"https:\/\/onlinelotto365.com\/lt\/\",\"name\":\"OnlineLotto365\",\"description\":\"\",\"potentialAction\":[{\"@type\":\"SearchAction\",\"target\":{\"@type\":\"EntryPoint\",\"urlTemplate\":\"https:\/\/onlinelotto365.com\/lt\/?s={search_term_string}\"},\"query-input\":{\"@type\":\"PropertyValueSpecification\",\"valueRequired\":true,\"valueName\":\"search_term_string\"}}],\"inLanguage\":\"lt-LT\"}]}<\/script>\n<!-- \/ Yoast SEO plugin. -->","yoast_head_json":{"title":"Pirkite \"Powerball\" bilietus internetu i\u0161 Lietuvos | Apie \"Powerball\", kaip \u012fsigyti bilietus internetu","description":"\u012esigyti garsiosios loterijos \"Powerball\" bilietus dabar paprasta, \u012fsigykite juos internetu i\u0161 Lietuvos ir kitur","robots":{"index":"index","follow":"follow","max-snippet":"max-snippet:-1","max-image-preview":"max-image-preview:large","max-video-preview":"max-video-preview:-1"},"canonical":"https:\/\/onlinelotto365.com\/lt\/pirkti-bilietus\/powerball\/","og_locale":"lt_LT","og_type":"article","og_title":"Pirkite \"Powerball\" bilietus internetu i\u0161 Lietuvos | Apie \"Powerball\", kaip \u012fsigyti bilietus internetu","og_description":"\u012esigyti garsiosios loterijos \"Powerball\" bilietus dabar paprasta, \u012fsigykite juos internetu i\u0161 Lietuvos ir kitur","og_url":"https:\/\/onlinelotto365.com\/lt\/pirkti-bilietus\/powerball\/","og_site_name":"OnlineLotto365","article_modified_time":"2022-11-10T10:04:58+00:00","og_image":[{"url":"https:\/\/redfoxlotto.com\/image?size=8&amp;lottery=powerball"}],"twitter_card":"summary_large_image","twitter_misc":{"Est. reading time":"3 minut\u0117s"},"schema":{"@context":"https:\/\/schema.org","@graph":[{"@type":"WebPage","@id":"https:\/\/onlinelotto365.com\/lt\/pirkti-bilietus\/powerball\/","url":"https:\/\/onlinelotto365.com\/lt\/pirkti-bilietus\/powerball\/","name":"Pirkite \"Powerball\" bilietus internetu i\u0161 Lietuvos | Apie \"Powerball\", kaip \u012fsigyti bilietus internetu","isPartOf":{"@id":"https:\/\/onlinelotto365.com\/lt\/#website"},"primaryImageOfPage":{"@id":"https:\/\/onlinelotto365.com\/lt\/pirkti-bilietus\/powerball\/#primaryimage"},"image":{"@id":"https:\/\/onlinelotto365.com\/lt\/pirkti-bilietus\/powerball\/#primaryimage"},"thumbnailUrl":"https:\/\/redfoxlotto.com\/image?size=8&amp;lottery=powerball","datePublished":"2020-12-19T07:45:42+00:00","dateModified":"2022-11-10T10:04:58+00:00","description":"\u012esigyti garsiosios loterijos \"Powerball\" bilietus dabar paprasta, \u012fsigykite juos internetu i\u0161 Lietuvos ir kitur","breadcrumb":{"@id":"https:\/\/onlinelotto365.com\/lt\/pirkti-bilietus\/powerball\/#breadcrumb"},"inLanguage":"lt-LT","potentialAction":[{"@type":"ReadAction","target":["https:\/\/onlinelotto365.com\/lt\/pirkti-bilietus\/powerball\/"]}]},{"@type":"ImageObject","inLanguage":"lt-LT","@id":"https:\/\/onlinelotto365.com\/lt\/pirkti-bilietus\/powerball\/#primaryimage","url":"https:\/\/redfoxlotto.com\/image?size=8&amp;lottery=powerball","contentUrl":"https:\/\/redfoxlotto.com\/image?size=8&amp;lottery=powerball"},{"@type":"BreadcrumbList","@id":"https:\/\/onlinelotto365.com\/lt\/pirkti-bilietus\/powerball\/#breadcrumb","itemListElement":[{"@type":"ListItem","position":1,"name":"Home","item":"https:\/\/onlinelotto365.com\/lt\/"},{"@type":"ListItem","position":2,"name":"Internetin\u0117 biliet\u0173 paslauga tarptautiniams loto renginiams","item":"https:\/\/onlinelotto365.com\/lt\/pirkti-bilietus\/"},{"@type":"ListItem","position":3,"name":"Kaip pirkti &#8220;Powerball&#8221; bilietus internetu i\u0161 Lietuvos"}]},{"@type":"WebSite","@id":"https:\/\/onlinelotto365.com\/lt\/#website","url":"https:\/\/onlinelotto365.com\/lt\/","name":"OnlineLotto365","description":"","potentialAction":[{"@type":"SearchAction","target":{"@type":"EntryPoint","urlTemplate":"https:\/\/onlinelotto365.com\/lt\/?s={search_term_string}"},"query-input":{"@type":"PropertyValueSpecification","valueRequired":true,"valueName":"search_term_string"}}],"inLanguage":"lt-LT"}]}},"_links":{"self":[{"href":"https:\/\/onlinelotto365.com\/lt\/wp-json\/wp\/v2\/pages\/11217","targetHints":{"allow":["GET"]}}],"collection":[{"href":"https:\/\/onlinelotto365.com\/lt\/wp-json\/wp\/v2\/pages"}],"about":[{"href":"https:\/\/onlinelotto365.com\/lt\/wp-json\/wp\/v2\/types\/page"}],"author":[{"embeddable":true,"href":"https:\/\/onlinelotto365.com\/lt\/wp-json\/wp\/v2\/users\/1"}],"replies":[{"embeddable":true,"href":"https:\/\/onlinelotto365.com\/lt\/wp-json\/wp\/v2\/comments?post=11217"}],"version-history":[{"count":0,"href":"https:\/\/onlinelotto365.com\/lt\/wp-json\/wp\/v2\/pages\/11217\/revisions"}],"up":[{"embeddable":true,"href":"https:\/\/onlinelotto365.com\/lt\/wp-json\/wp\/v2\/pages\/5656"}],"wp:attachment":[{"href":"https:\/\/onlinelotto365.com\/lt\/wp-json\/wp\/v2\/media?parent=11217"}],"curies":[{"name":"wp","href":"https:\/\/api.w.org\/{rel}","templated":true}]}}