{"id":11220,"date":"2020-12-19T08:47:36","date_gmt":"2020-12-19T07:47:36","guid":{"rendered":"http:\/\/onlinelotto365.net\/?page_id=11220"},"modified":"2021-03-06T15:17:39","modified_gmt":"2021-03-06T14:17:39","slug":"mega-millions","status":"publish","type":"page","link":"https:\/\/onlinelotto365.com\/lt\/pirkti-bilietus\/mega-millions\/","title":{"rendered":"Mega Millions yra viena geriausi\u0173 loterij\u0173 planetoje"},"content":{"rendered":"<h2>Dabar galite pirkti bilietus Mega Millions loterijai internetu<\/h2>\n<p>Jums nebereik\u0117s niekur eiti, kad nusipirktum\u0117te biliet\u0173 Mega Millions loterijai. D\u0117ka interneto patogumo, papras\u010diausiai galite nusipirkti kiek tik norite biliet\u0173 dabar pat, bet kuriuo metu, Lietuvoje, per savo kompiuter\u012f.<br \/>\n<a href=\"https:\/\/redfoxlotto.com\/play\/mega-millions\/?ref=a8564250a2&amp;medium=ol365\" target=\"_blank\" rel=\"noopener noreferrer\"><img decoding=\"async\" class=\"aligncenter\" src=\"https:\/\/redfoxlotto.com\/image?size=8&amp;lottery=mega-millions\" alt=\"mega millions\" \/><\/a><\/p>\n<p>Jums nebereikia b\u016bti JAV pilie\u010diu ir gyventi JAV, vis\u0173 \u0161ali\u0173 gyventojai, \u012fskaitant ir Lietuv\u0105, turi galimyb\u0119 pasinaudoti \u0161ia puikia internetine paslauga, jeigu yra sulauke legalaus lo\u0161ti am\u017eiaus. Po daugelio met\u0173 ribojim\u0173, kad \u017emon\u0117s gali lo\u0161ti tik savo vietin\u0117se loterijose, internetas suteik\u0117 gaus\u0105 galimybi\u0173, prie\u0161 mus atv\u0117r\u0119 duris \u012f pasaulin\u0119 rink\u0105.<\/p>\n<p>Mes jums si\u016blome galimyb\u0119 pirkti bilietus ne tik Mega Millions loterijai, bet ir visoms kitoms, did\u017eiausioms ir labiausiai jaudinan\u010dioms pasaulio loterijoms. Viskas k\u0105 jums reikia padaryti, tai susikurti nemokam\u0105 paskyr\u0105 ir pasirinkti loterijas kuriuose norite dalyvauti, pasirenkate savo norimus skai\u010dius arba leid\u017eiate kompiuteriai jums juos parinkti automati\u0161kai, susimokate u\u017e bilietus vienu i\u0161 daugyb\u0117s m\u016bs\u0173 si\u016blom\u0173, patogi\u0173 apmok\u0117jimo b\u016bd\u0173 ir jau esate \u017eaidimo dalyviu.<\/p>\n<h2>Mes jumis pasir\u016bpinsime kiekviename \u017eingsnyje<\/h2>\n<p>Kai nusipirksite biliet\u0105 savo norimai loterijai, ar loterijoms, mes i\u0161eisime ir nupirksime jums bilietus, saugosime juos jums. Jums net nereik\u0117s sekti laiming\u0173 skai\u010di\u0173 traukim\u0173, nes ir tai u\u017e jus padarysime.<\/p>\n<h2>Kaip apmok\u0117ti savo Mega Millions loterijos biliet\u0105 internetu<\/h2>\n<p>&nbsp;<\/p>\n<p>U\u017esiregistravus paskyr\u0105 m\u016bs\u0173 svetain\u0117je, galite \u012fsid\u0117ti pinig\u0173 \u012f savo pinigin\u0119 v\u0117lesniems savo pirkimams. Arba galite susikurti biliet\u0105, ar bilietus ir tuomet u\u017e juos sumok\u0117ti. Apmok\u0117jimams i\u0161 Lietuvos rasite kelis skirtingus b\u016bdus.<\/p>\n<h2>Daugiau informacijos apie Mega Millions loterij\u0105<img loading=\"lazy\" decoding=\"async\" class=\" wp-image-1785 alignright\" src=\"https:\/\/onlinelotto365.com\/wp-content\/uploads\/2020\/11\/online_lottery-159-300x300.jpg\" alt=\"pirkite bilietus mega millions internetu\" width=\"213\" height=\"215\" \/><\/h2>\n<ul>\n<li>Loterija rengiama: JAV<\/li>\n<li>I\u0161 keli\u0173 pagrindini\u0173 skai\u010di\u0173 galite rinktis: 70<\/li>\n<li>Kiek pagrindini\u0173 skai\u010di\u0173 galima pasirinkti: 5<\/li>\n<li>I\u0161 keli\u0173 papildom\u0173 skai\u010di\u0173 galite rinktis: 25<\/li>\n<li>Galite pasirnkti papildom\u0173 skai\u010di\u0173: 1<\/li>\n<li>Laiming\u0173 skai\u010di\u0173 traukimo dienos, valandos: Antradieniai, Penktadieniai, 21:00 EST, +1 day 3:00 CET<\/li>\n<li>Minimalus pagrindinis prizas: 40 milijon\u0173 JAV doleri\u0173<\/li>\n<li>Maksimali Mega Millions pagrindinio prizo suma: n\u0117ra<\/li>\n<li>Galimyb\u0117 laim\u0117ti pagrindin\u012f priz\u0105: 1 i\u0161 175.711.536<\/li>\n<li>Galimyb\u0117 laim\u0117ti antros pakopos priz\u0105: 1 i\u0161 3.819.816<\/li>\n<li>Galimyb\u0117 laim\u0117ti bet kurioje pakopoje: 1 i\u0161 24,12<\/li>\n<li>Priz\u0173 pakop\u0173 skai\u010dius: 9<\/li>\n<\/ul>\n<h2>Prana\u0161umai perkant Mega Millions loterijos bilietus internetu Lietuvoje<\/h2>\n<p>Mega Millions laimingieji skai\u010diai traukiami du kartus per savait\u0119, antradieniais ir penktadieniais. Pana\u0161iai, kaip ir Powerball loterijoje, \u017eaid\u0117jai gali pasirinkti 5 pagrindinius skai\u010dius, ta\u010diau, vietoj 59 skai\u010di\u0173 kuriuos galite pasirinkti Powerball loterijoje, Mega Millions loterija turi tik 56 kamuoliukus.<\/p>\n<p>\u0160ioje loterijoje taip pat yra papildomas kamuoliukas, vadinamas Mega Ball, j\u012f renkat\u0117s i\u0161 46 skai\u010di\u0173. Jeigu atsp\u0117jate visus 5 paprastuosius skai\u010dius ir papildom\u0105 skai\u010di\u0173, laim\u0117site mil\u017eini\u0161k\u0105 pagrindin\u012f priz\u0105, kur\u012f si\u016blo Mega Millions loterija.<\/p>\n<p>Kaip ir visose loterijose, jeigu niekas nelaimi pagrindinio prizo per paskutin\u012f skai\u010di\u0173 traukim\u0105, prizas aug\u0105 tol, kol kas nors j\u012f laimi. Jums dalyvauti loterijoje kaina nesikei\u010dia, ta\u010diau laim\u0117jimas vis did\u0117ja, kuo didesn\u0119 sum\u0105 galima laim\u0117ti, tuo tai geresn\u0117 galimyb\u0117 jums.<\/p>\n<p>Tai yra viena i\u0161 prie\u017eas\u010di\u0173, d\u0117l ko \u017eaid\u0117jai perka po kelis bilietus, tiek gyvai, tiek internetu i\u0161 Lietuvos, kai pagrindiniai prizai i\u0161aug\u0105. Kita prie\u017eastis yra tiesiog jaudulys ir tai, kad var\u017eytis d\u0117l stambesniu sum\u0173 yra smagiau.<\/p>\n<h2>Ar pirkti Mega Millions bilietus internetu yra teis\u0117ta?<\/h2>\n<p>Naudotis m\u016bs\u0173 biliet\u0173 kurjerio paslaugomis Lietuvoje yra visiskai legalu. Tik \u012fsitikinkite, kad esate vyresni nei 18 met\u0173 am\u017eiaus.<\/p>\n<h2>Kaip man atsiimti savo Mega Millions loterijos laim\u0117jim\u0105 internetu, jeigu esu Lietuvoje?<\/h2>\n<p>Kai laim\u0117site, mes suteiksime jums pagalb\u0105 atsiimti savo pinigus. Jeigu \u0161i suma yra ma\u017eesn\u0117 nei 2500, jums i\u0161 viso nereik\u0117s nieko daryti &#8211; mes jums i\u0161 karto pervesime pinigus \u012f j\u016bs\u0173 s\u0105skait\u0105. Didesni\u0173 priz\u0173 atveju pad\u0117sime jums susitvarkyti dokumentus, kad gal\u0117tum\u0117te atsiimti savo priz\u0105 ir paruo\u0161ime i\u0161mok\u0105. O mil\u017eini\u0161ko laim\u0117jimo atveju (pagrindinio prizo laim\u0117jimo atveju), galite nuspr\u0119sti keliauti per pasaul\u012f pats atsiimti savo milijon\u0173, bet turb\u016bt mielai sutiksite tai padaryti. Jeigu keliauti nenor\u0117tum\u0117te, nieko tokio. Mes suplanuosime bankin\u012f pavedim\u0105 arb\u0105 \u010dekio atsi\u0117mim\u0105 su loterijos vadovais.<\/p>\n<h2>Ar tapsite did\u017eiosios Mega Millions loterijos laim\u0117toju?<\/h2>\n<p>Jeigu ank\u0161\u010diau nesate \u017eaide Mega Millions loterijoje, kas \u017eino kiek pinig\u0173 jau gal\u0117jote pasidaryti, jeigu b\u016btum\u0117te \u017eaid\u0119 vis\u0105 \u0161\u012f laik\u0105? Likas svarstyti kas b\u016bt\u0173, jeigu b\u016bt\u0173 baig\u0117si. Kamuoliukas j\u016bs\u0173 rankose ir atsi\u017evelgiant kaip paprasta yra pirkti bilietus internetu, nestebina kiek daug \u017emoni\u0173 nekantrauja \u017eaisti.<\/p>\n","protected":false},"excerpt":{"rendered":"<p>Dabar galite pirkti bilietus Mega Millions loterijai internetu Jums nebereik\u0117s niekur eiti, kad nusipirktum\u0117te biliet\u0173 Mega Millions loterijai. D\u0117ka interneto patogumo, papras\u010diausiai galite nusipirkti kiek tik norite biliet\u0173 dabar pat, bet kuriuo metu, Lietuvoje, per savo kompiuter\u012f. Jums nebereikia b\u016bti JAV pilie\u010diu ir gyventi JAV, vis\u0173 \u0161ali\u0173 gyventojai, \u012fskaitant ir Lietuv\u0105, turi galimyb\u0119 pasinaudoti \u0161ia [&hellip;]<\/p>\n","protected":false},"author":1,"featured_media":0,"parent":5656,"menu_order":2,"comment_status":"closed","ping_status":"closed","template":"megamillion-info.php","meta":{"_et_pb_use_builder":"","_et_pb_old_content":"","_et_gb_content_width":"","exclude_from_search":false,"footnotes":""},"class_list":["post-11220","page","type-page","status-publish","hentry"],"yoast_head":"<!-- This site is optimized with the Yoast SEO plugin v23.4 - https:\/\/yoast.com\/wordpress\/plugins\/seo\/ -->\n<title>Pirkite bilietus Mega Millions loterijai internetu i\u0161 Lietuvos | Mega Millions, kaip pirkti bilietus internetu<\/title>\n<meta name=\"description\" content=\"Mega Millions loterijos laim\u0117jimus jau gali pasigriebti ir Lietuvos gyventojai - pirkite legalius Mega Millions bilietus internetu \u010dia\" \/>\n<meta name=\"robots\" content=\"index, follow, max-snippet:-1, max-image-preview:large, max-video-preview:-1\" \/>\n<link rel=\"canonical\" href=\"https:\/\/onlinelotto365.com\/lt\/pirkti-bilietus\/mega-millions\/\" \/>\n<meta property=\"og:locale\" content=\"lt_LT\" \/>\n<meta property=\"og:type\" content=\"article\" \/>\n<meta property=\"og:title\" content=\"Pirkite bilietus Mega Millions loterijai internetu i\u0161 Lietuvos | Mega Millions, kaip pirkti bilietus internetu\" \/>\n<meta property=\"og:description\" content=\"Mega Millions loterijos laim\u0117jimus jau gali pasigriebti ir Lietuvos gyventojai - pirkite legalius Mega Millions bilietus internetu \u010dia\" \/>\n<meta property=\"og:url\" content=\"https:\/\/onlinelotto365.com\/lt\/pirkti-bilietus\/mega-millions\/\" \/>\n<meta property=\"og:site_name\" content=\"OnlineLotto365\" \/>\n<meta property=\"article:modified_time\" content=\"2021-03-06T14:17:39+00:00\" \/>\n<meta property=\"og:image\" content=\"https:\/\/redfoxlotto.com\/image?size=8&amp;lottery=mega-millions\" \/>\n<meta name=\"twitter:card\" content=\"summary_large_image\" \/>\n<meta name=\"twitter:label1\" content=\"Est. reading time\" \/>\n\t<meta name=\"twitter:data1\" content=\"4 minut\u0117s\" \/>\n<script type=\"application\/ld+json\" class=\"yoast-schema-graph\">{\"@context\":\"https:\/\/schema.org\",\"@graph\":[{\"@type\":\"WebPage\",\"@id\":\"https:\/\/onlinelotto365.com\/lt\/pirkti-bilietus\/mega-millions\/\",\"url\":\"https:\/\/onlinelotto365.com\/lt\/pirkti-bilietus\/mega-millions\/\",\"name\":\"Pirkite bilietus Mega Millions loterijai internetu i\u0161 Lietuvos | Mega Millions, kaip pirkti bilietus internetu\",\"isPartOf\":{\"@id\":\"https:\/\/onlinelotto365.com\/lt\/#website\"},\"primaryImageOfPage\":{\"@id\":\"https:\/\/onlinelotto365.com\/lt\/pirkti-bilietus\/mega-millions\/#primaryimage\"},\"image\":{\"@id\":\"https:\/\/onlinelotto365.com\/lt\/pirkti-bilietus\/mega-millions\/#primaryimage\"},\"thumbnailUrl\":\"https:\/\/redfoxlotto.com\/image?size=8&amp;lottery=mega-millions\",\"datePublished\":\"2020-12-19T07:47:36+00:00\",\"dateModified\":\"2021-03-06T14:17:39+00:00\",\"description\":\"Mega Millions loterijos laim\u0117jimus jau gali pasigriebti ir Lietuvos gyventojai - pirkite legalius Mega Millions bilietus internetu \u010dia\",\"breadcrumb\":{\"@id\":\"https:\/\/onlinelotto365.com\/lt\/pirkti-bilietus\/mega-millions\/#breadcrumb\"},\"inLanguage\":\"lt-LT\",\"potentialAction\":[{\"@type\":\"ReadAction\",\"target\":[\"https:\/\/onlinelotto365.com\/lt\/pirkti-bilietus\/mega-millions\/\"]}]},{\"@type\":\"ImageObject\",\"inLanguage\":\"lt-LT\",\"@id\":\"https:\/\/onlinelotto365.com\/lt\/pirkti-bilietus\/mega-millions\/#primaryimage\",\"url\":\"https:\/\/redfoxlotto.com\/image?size=8&amp;lottery=mega-millions\",\"contentUrl\":\"https:\/\/redfoxlotto.com\/image?size=8&amp;lottery=mega-millions\"},{\"@type\":\"BreadcrumbList\",\"@id\":\"https:\/\/onlinelotto365.com\/lt\/pirkti-bilietus\/mega-millions\/#breadcrumb\",\"itemListElement\":[{\"@type\":\"ListItem\",\"position\":1,\"name\":\"Home\",\"item\":\"https:\/\/onlinelotto365.com\/lt\/\"},{\"@type\":\"ListItem\",\"position\":2,\"name\":\"Internetin\u0117 biliet\u0173 paslauga tarptautiniams loto renginiams\",\"item\":\"https:\/\/onlinelotto365.com\/lt\/pirkti-bilietus\/\"},{\"@type\":\"ListItem\",\"position\":3,\"name\":\"Mega Millions yra viena geriausi\u0173 loterij\u0173 planetoje\"}]},{\"@type\":\"WebSite\",\"@id\":\"https:\/\/onlinelotto365.com\/lt\/#website\",\"url\":\"https:\/\/onlinelotto365.com\/lt\/\",\"name\":\"OnlineLotto365\",\"description\":\"\",\"potentialAction\":[{\"@type\":\"SearchAction\",\"target\":{\"@type\":\"EntryPoint\",\"urlTemplate\":\"https:\/\/onlinelotto365.com\/lt\/?s={search_term_string}\"},\"query-input\":{\"@type\":\"PropertyValueSpecification\",\"valueRequired\":true,\"valueName\":\"search_term_string\"}}],\"inLanguage\":\"lt-LT\"}]}<\/script>\n<!-- \/ Yoast SEO plugin. -->","yoast_head_json":{"title":"Pirkite bilietus Mega Millions loterijai internetu i\u0161 Lietuvos | Mega Millions, kaip pirkti bilietus internetu","description":"Mega Millions loterijos laim\u0117jimus jau gali pasigriebti ir Lietuvos gyventojai - pirkite legalius Mega Millions bilietus internetu \u010dia","robots":{"index":"index","follow":"follow","max-snippet":"max-snippet:-1","max-image-preview":"max-image-preview:large","max-video-preview":"max-video-preview:-1"},"canonical":"https:\/\/onlinelotto365.com\/lt\/pirkti-bilietus\/mega-millions\/","og_locale":"lt_LT","og_type":"article","og_title":"Pirkite bilietus Mega Millions loterijai internetu i\u0161 Lietuvos | Mega Millions, kaip pirkti bilietus internetu","og_description":"Mega Millions loterijos laim\u0117jimus jau gali pasigriebti ir Lietuvos gyventojai - pirkite legalius Mega Millions bilietus internetu \u010dia","og_url":"https:\/\/onlinelotto365.com\/lt\/pirkti-bilietus\/mega-millions\/","og_site_name":"OnlineLotto365","article_modified_time":"2021-03-06T14:17:39+00:00","og_image":[{"url":"https:\/\/redfoxlotto.com\/image?size=8&amp;lottery=mega-millions"}],"twitter_card":"summary_large_image","twitter_misc":{"Est. reading time":"4 minut\u0117s"},"schema":{"@context":"https:\/\/schema.org","@graph":[{"@type":"WebPage","@id":"https:\/\/onlinelotto365.com\/lt\/pirkti-bilietus\/mega-millions\/","url":"https:\/\/onlinelotto365.com\/lt\/pirkti-bilietus\/mega-millions\/","name":"Pirkite bilietus Mega Millions loterijai internetu i\u0161 Lietuvos | Mega Millions, kaip pirkti bilietus internetu","isPartOf":{"@id":"https:\/\/onlinelotto365.com\/lt\/#website"},"primaryImageOfPage":{"@id":"https:\/\/onlinelotto365.com\/lt\/pirkti-bilietus\/mega-millions\/#primaryimage"},"image":{"@id":"https:\/\/onlinelotto365.com\/lt\/pirkti-bilietus\/mega-millions\/#primaryimage"},"thumbnailUrl":"https:\/\/redfoxlotto.com\/image?size=8&amp;lottery=mega-millions","datePublished":"2020-12-19T07:47:36+00:00","dateModified":"2021-03-06T14:17:39+00:00","description":"Mega Millions loterijos laim\u0117jimus jau gali pasigriebti ir Lietuvos gyventojai - pirkite legalius Mega Millions bilietus internetu \u010dia","breadcrumb":{"@id":"https:\/\/onlinelotto365.com\/lt\/pirkti-bilietus\/mega-millions\/#breadcrumb"},"inLanguage":"lt-LT","potentialAction":[{"@type":"ReadAction","target":["https:\/\/onlinelotto365.com\/lt\/pirkti-bilietus\/mega-millions\/"]}]},{"@type":"ImageObject","inLanguage":"lt-LT","@id":"https:\/\/onlinelotto365.com\/lt\/pirkti-bilietus\/mega-millions\/#primaryimage","url":"https:\/\/redfoxlotto.com\/image?size=8&amp;lottery=mega-millions","contentUrl":"https:\/\/redfoxlotto.com\/image?size=8&amp;lottery=mega-millions"},{"@type":"BreadcrumbList","@id":"https:\/\/onlinelotto365.com\/lt\/pirkti-bilietus\/mega-millions\/#breadcrumb","itemListElement":[{"@type":"ListItem","position":1,"name":"Home","item":"https:\/\/onlinelotto365.com\/lt\/"},{"@type":"ListItem","position":2,"name":"Internetin\u0117 biliet\u0173 paslauga tarptautiniams loto renginiams","item":"https:\/\/onlinelotto365.com\/lt\/pirkti-bilietus\/"},{"@type":"ListItem","position":3,"name":"Mega Millions yra viena geriausi\u0173 loterij\u0173 planetoje"}]},{"@type":"WebSite","@id":"https:\/\/onlinelotto365.com\/lt\/#website","url":"https:\/\/onlinelotto365.com\/lt\/","name":"OnlineLotto365","description":"","potentialAction":[{"@type":"SearchAction","target":{"@type":"EntryPoint","urlTemplate":"https:\/\/onlinelotto365.com\/lt\/?s={search_term_string}"},"query-input":{"@type":"PropertyValueSpecification","valueRequired":true,"valueName":"search_term_string"}}],"inLanguage":"lt-LT"}]}},"_links":{"self":[{"href":"https:\/\/onlinelotto365.com\/lt\/wp-json\/wp\/v2\/pages\/11220","targetHints":{"allow":["GET"]}}],"collection":[{"href":"https:\/\/onlinelotto365.com\/lt\/wp-json\/wp\/v2\/pages"}],"about":[{"href":"https:\/\/onlinelotto365.com\/lt\/wp-json\/wp\/v2\/types\/page"}],"author":[{"embeddable":true,"href":"https:\/\/onlinelotto365.com\/lt\/wp-json\/wp\/v2\/users\/1"}],"replies":[{"embeddable":true,"href":"https:\/\/onlinelotto365.com\/lt\/wp-json\/wp\/v2\/comments?post=11220"}],"version-history":[{"count":0,"href":"https:\/\/onlinelotto365.com\/lt\/wp-json\/wp\/v2\/pages\/11220\/revisions"}],"up":[{"embeddable":true,"href":"https:\/\/onlinelotto365.com\/lt\/wp-json\/wp\/v2\/pages\/5656"}],"wp:attachment":[{"href":"https:\/\/onlinelotto365.com\/lt\/wp-json\/wp\/v2\/media?parent=11220"}],"curies":[{"name":"wp","href":"https:\/\/api.w.org\/{rel}","templated":true}]}}