{"id":11224,"date":"2020-12-19T08:52:24","date_gmt":"2020-12-19T07:52:24","guid":{"rendered":"http:\/\/onlinelotto365.net\/?page_id=11224"},"modified":"2021-02-23T18:39:12","modified_gmt":"2021-02-23T17:39:12","slug":"eurojackpot","status":"publish","type":"page","link":"https:\/\/onlinelotto365.com\/lt\/pirkti-bilietus\/eurojackpot\/","title":{"rendered":"\u012esigykite Euromillions loto biliet\u0105 internetu"},"content":{"rendered":"<h2>Euromillions yra viena i\u0161 did\u017eiausi\u0173 pasaulyje loterij\u0173<\/h2>\n<p>Euromillions prasid\u0117jo 2004 m. kaip bendradarbiavimas tarp nacionalini\u0173 loterij\u0173 operatori\u0173 Pranc\u016bzijoje, Ispanijoje ir Jungtin\u0117je Karalyst\u0117je. Pra\u0117jus de\u0161im\u010diai met\u0173 trukusi\u0173 \u0161ali\u0173 susitarimas prasid\u0117jo, tod\u0117l, kai tik jis prasid\u0117jo, jis buvo tikrai gerai suorganizuotas ir toks i\u0161liko.<\/p>\n<p>Planas buvo pasi\u016blyti loterijos \u017eaid\u0117jams \u0161iose trijose \u0161alyse galimyb\u0119 \u017eaisti d\u0117l daug didesni\u0173 pagrindini\u0173 priz\u0173 nei jie gal\u0117jo anks\u010diau. Kadangi did\u017eiuliai pagrindiniai prizai yra tai, kas i\u0161 ties\u0173 skatina jaudul\u012f, buvo tikimasi, kad \u0161is naujas loto susilauks did\u017eiulio d\u0117mesio ir po savait\u0117s sukurs kelet\u0105 fantastini\u0173 pagrindini\u0173 priz\u0173. B\u016btent taip ir buvo.<br \/>\n<a href=\"https:\/\/redfoxlotto.com\/play\/eurojackpot\/?ref=a8564250a2&amp;medium=ol365\" target=\"_blank\" rel=\"noopener noreferrer\"> <img decoding=\"async\" class=\"aligncenter\" src=\"https:\/\/redfoxlotto.com\/image?size=8&amp;lottery=eurojackpot\" alt=\"eurojackpot\" \/> <\/a><\/p>\n<p>Did\u0117jant loterijos s\u0117kmei, partneryst\u0117 buvo papildyta su daugeliu \u0161ali\u0173, o \u0161iandien joje dalyvauja devynios skirtingos \u0161alys. J\u0173 pagrindiniai prizai visada yra vieni did\u017eiausi\u0173 pasaulyje, pradedant nuo 15 milijon\u0173 eur\u0173 ir augan\u010di\u0173 nuo tos sumos.<\/p>\n<p>Kai pagrindinis prizas pasiekia 190 milijon\u0173 eur\u0173, jis yra apribotas, o kiti prizai papildomi. Loterijos organizatoriai mano, kad tokio dyd\u017eio pagrindinis prizas pakankamai didelis ir tai yra tikrai daugiau nei pakankamai pinig\u0173, kad patenkint\u0173 bet kur\u012f i\u0161 m\u016bs\u0173. J\u0173 m\u0105stymas yra toks, kad \u0161iuo metu jie suk\u016br\u0117 didesn\u012f nei reikaling\u0105 jaudul\u012f d\u0117l pagrindinio prizo ir dabar jie gali padaryti t\u0105 pat\u012f su kitais prizais.<\/p>\n<h2>J\u016bs neturite gyventi bet kurioje i\u0161 \u0161i\u0173 \u0161ali\u0173, kad gal\u0117tum\u0117te \u017eaisti<\/h2>\n<p><img loading=\"lazy\" decoding=\"async\" class=\"alignright wp-image-1246\" src=\"https:\/\/onlinelotto365.com\/wp-content\/uploads\/2020\/11\/online_lottery-106.jpg\" alt=\"pirkti eurojackpot internetu\" width=\"302\" height=\"181\" \/><\/p>\n<p>Kadangi Euromillions istori\u0161kai buvo si\u016blomas tik devyniose pasirinktose Europos \u0161alyse, dauguma i\u0161 m\u016bs\u0173 liko pamir\u0161ti, nes negal\u0117jome gauti Euromillions loto bilieto. Ties\u0105 sakant, galimyb\u0117 \u017eaisti \u0161i\u0105 loterij\u0105 kitiems net nebuvo apsvarstyta, iki neseniai.<\/p>\n<p>Patyr\u0119 loterijos \u017eaid\u0117jai, tie, kurie i\u0161 m\u016bs\u0173 \u017eino apie tai, dabar supranta, kad daugiau fizini\u0173 kli\u016b\u010di\u0173 loterij\u0173 pasaulyje nebeegzistuoja. \u0160ios kli\u016btys dar egzistuoja tam tikra prasme, nes vis tiek reikia fizi\u0161kai nusipirkti Euromillions loterijos ir kit\u0173 loterij\u0173 i\u0161 viso pasaulio bilietus. \u017dinoma, j\u016bs nekeliausite ten du kartus per savait\u0119, kad nusipirktum\u0117te bilietus, nes tai u\u017etruks absurdi\u0161k\u0105 laiko kiek\u012f ir pinig\u0173 suma.<\/p>\n<p>Galite pasamdyti k\u0105 nors, kas gyvena tose \u0161alyse, kuriose norite \u012fsigyti loterijos bilietus, bet tai reikalaut\u0173 daugiau \u017eini\u0173 ir pastang\u0173, nei dauguma \u017emoni\u0173 kada nors pagalvot\u0173 skirti. Taigi, kaip j\u016bs galite nusipirkti bilietus \u012f Euromillions?<\/p>\n<p>Atsakymas yra tiesiog nusipirkti internetin\u012f Euromillions biliet\u0105 tiesiai i\u0161 nam\u0173 ir tur\u0117ti r\u016bpesting\u0105 ir patikim\u0105 paslaug\u0105, besir\u016bpinan\u010di\u0105 visais j\u016bs\u0173 poreikiais, \u012fskaitant j\u016bs\u0173 biliet\u0173 pirkim\u0105 j\u016bs\u0173 vardu, elektroniniu pa\u0161tu i\u0161si\u0173sdami nuskaityt\u0105 kopij\u0105, laikant j\u016bs\u0173 bilietus u\u017e jus, kad jie b\u016bt\u0173 saug\u016bs, patikrinant j\u016bs\u0173 numerius ir prane\u0161ant jums, jei laimite ir padedant jums i\u0161sigryninti pinigus i\u0161 j\u016bs\u0173 laim\u0117jim\u0173.<\/p>\n<p>\u0160i nauja paslauga vadinama RedFoxLotto, o svajon\u0117, kad \u017emon\u0117s gali internetu \u012fsigyti loterijos bilietus ir visk\u0105, kas jiems r\u016bp\u0117jo, tapo realybe. Ne tik galite labai patogiai nusipirkti norim\u0173 Euromillions biliet\u0173, bet ir internetu \u012fsigyjate bilietus \u012f visus did\u017eiausius ir populiariausius loterijos \u017eaidimus pasaulyje.<\/p>\n<p><a href=\"https:\/\/redfoxlotto.com\/lt\/?ref=A8564250A2&amp;campaign=ol\" target=\"_blank\" rel=\"noopener\"><span style=\"text-decoration: underline;\">Spauskite \u010dia, jei norite aplankyti j\u0173 svetain\u0119 ir gauti savo Euromillions biliet\u0105!<\/span><\/a><\/p>\n<h2>Kaip veikia Euromillions loto<\/h2>\n<p>\u0160iame loto i\u0161 viso yra 13 skirting\u0173 priz\u0173, pradedant nuo tik dviej\u0173 skai\u010di\u0173 i\u0161 pagrindini\u0173 5 iki vis\u0173 5 ir laiming\u0173 \u017evaig\u017ed\u017ei\u0173 numeri\u0173 atitikim\u0105 ir pagrindinio prizo laim\u0117jim\u0105. Be to, Euromillions taip pat si\u016blo didesn\u0119 tikimyb\u0119 laim\u0117ti tam tikr\u0105 priz\u0105, nei paprastai matote didel\u0117se loterijose.<\/p>\n<p>\u017daidimai vyksta du kartus per savait\u0119, antradieniais ir penktadieniais, 21 val. J. K. laiku. RedFoxLotto atlieka savo ir kit\u0173 j\u0173 loterij\u0173 atgalin\u012f skai\u010diavim\u0105 savo svetain\u0117je, taigi \u017eaid\u0117jai visada tiksliai \u017eino, kiek laiko liko iki kito \u017eaidimo. \u017daid\u0117jai pasirenka 5 numerius nuo 1 iki 50, taip pat 2 laimingus \u017evaig\u017ed\u017ei\u0173 skai\u010dius nuo 1 iki 11. Kaip ir loto kabinose, RedFoxLotto si\u016blo \u017eaid\u0117jams galimyb\u0119 rinktis savo numerius arba leisti kompiuteriui parinkti atsitiktinius.<\/p>\n<p>J\u016bs galite nusipirkti tiek daug biliet\u0173 \u012f kiekvien\u0105 \u017eaidim\u0105 kiek jums patinka. Tada galite aplankyti RedFoxLotto tinklalap\u012f, kad gal\u0117tum\u0117te patikrinti bilietus, arba, jei norite, galite tik palaukti, kol RedFoxLotto i\u0161si\u0173s el. lai\u0161k\u0105, kai laim\u0117site. Priklausomai nuo to, kiek laim\u0117site, jie tada jums patars ir pad\u0117s jums atsiimti priz\u0105.<\/p>\n<h2>Dabar, kai apie tai \u017einote, turite gali\u0105<\/h2>\n<p>Dabar jau mes galime \u017eaisti didel\u0117se loterijose, tokiose kaip Euromillions, nepriklausomai nuo to, kur mes gyvename. Dabar galime nusipirkti norim\u0173 loterij\u0173 biliet\u0173 ir niekas negali m\u016bs\u0173 sustabdyti. Internetas i\u0161 tikr\u0173j\u0173 atv\u0117r\u0117 pasaul\u012f, o dabar tai galiausiai i\u0161sipl\u0117t\u0117 iki loterij\u0173. M\u016bs\u0173 laukimas jau baig\u0117si.<\/p>\n<p>Taigi, dabar, kai tiek daug lo\u0161imo malonumo ir jis taip lengvai prieinamas, n\u0117ra jokios prie\u017easties atsisakyti nuo to, kas mums patinka.<\/p>\n","protected":false},"excerpt":{"rendered":"<p>Euromillions yra viena i\u0161 did\u017eiausi\u0173 pasaulyje loterij\u0173 Euromillions prasid\u0117jo 2004 m. kaip bendradarbiavimas tarp nacionalini\u0173 loterij\u0173 operatori\u0173 Pranc\u016bzijoje, Ispanijoje ir Jungtin\u0117je Karalyst\u0117je. Pra\u0117jus de\u0161im\u010diai met\u0173 trukusi\u0173 \u0161ali\u0173 susitarimas prasid\u0117jo, tod\u0117l, kai tik jis prasid\u0117jo, jis buvo tikrai gerai suorganizuotas ir toks i\u0161liko. Planas buvo pasi\u016blyti loterijos \u017eaid\u0117jams \u0161iose trijose \u0161alyse galimyb\u0119 \u017eaisti d\u0117l daug didesni\u0173 [&hellip;]<\/p>\n","protected":false},"author":1,"featured_media":0,"parent":5656,"menu_order":4,"comment_status":"closed","ping_status":"closed","template":"eurojackpot-info.php","meta":{"_et_pb_use_builder":"","_et_pb_old_content":"","_et_gb_content_width":"","exclude_from_search":false,"footnotes":""},"class_list":["post-11224","page","type-page","status-publish","hentry"],"yoast_head":"<!-- This site is optimized with the Yoast SEO plugin v23.4 - https:\/\/yoast.com\/wordpress\/plugins\/seo\/ -->\n<title>Pirkite \u201eEurojackpot\u201c bilietus internetu<\/title>\n<meta name=\"description\" content=\"Gyveni Lietuvoje, bet nori nusipirkti bilietus \u012f \u201eEurojackpot\u201c? Pirkite juos internetu \u010dia!\" \/>\n<meta name=\"robots\" content=\"index, follow, max-snippet:-1, max-image-preview:large, max-video-preview:-1\" \/>\n<link rel=\"canonical\" href=\"https:\/\/onlinelotto365.com\/lt\/pirkti-bilietus\/eurojackpot\/\" \/>\n<meta property=\"og:locale\" content=\"lt_LT\" \/>\n<meta property=\"og:type\" content=\"article\" \/>\n<meta property=\"og:title\" content=\"Pirkite \u201eEurojackpot\u201c bilietus internetu\" \/>\n<meta property=\"og:description\" content=\"Gyveni Lietuvoje, bet nori nusipirkti bilietus \u012f \u201eEurojackpot\u201c? Pirkite juos internetu \u010dia!\" \/>\n<meta property=\"og:url\" content=\"https:\/\/onlinelotto365.com\/lt\/pirkti-bilietus\/eurojackpot\/\" \/>\n<meta property=\"og:site_name\" content=\"OnlineLotto365\" \/>\n<meta property=\"article:modified_time\" content=\"2021-02-23T17:39:12+00:00\" \/>\n<meta property=\"og:image\" content=\"https:\/\/redfoxlotto.com\/image?size=8&amp;lottery=eurojackpot\" \/>\n<meta name=\"twitter:card\" content=\"summary_large_image\" \/>\n<meta name=\"twitter:label1\" content=\"Est. reading time\" \/>\n\t<meta name=\"twitter:data1\" content=\"4 minut\u0117s\" \/>\n<script type=\"application\/ld+json\" class=\"yoast-schema-graph\">{\"@context\":\"https:\/\/schema.org\",\"@graph\":[{\"@type\":\"WebPage\",\"@id\":\"https:\/\/onlinelotto365.com\/lt\/pirkti-bilietus\/eurojackpot\/\",\"url\":\"https:\/\/onlinelotto365.com\/lt\/pirkti-bilietus\/eurojackpot\/\",\"name\":\"Pirkite \u201eEurojackpot\u201c bilietus internetu\",\"isPartOf\":{\"@id\":\"https:\/\/onlinelotto365.com\/lt\/#website\"},\"primaryImageOfPage\":{\"@id\":\"https:\/\/onlinelotto365.com\/lt\/pirkti-bilietus\/eurojackpot\/#primaryimage\"},\"image\":{\"@id\":\"https:\/\/onlinelotto365.com\/lt\/pirkti-bilietus\/eurojackpot\/#primaryimage\"},\"thumbnailUrl\":\"https:\/\/redfoxlotto.com\/image?size=8&amp;lottery=eurojackpot\",\"datePublished\":\"2020-12-19T07:52:24+00:00\",\"dateModified\":\"2021-02-23T17:39:12+00:00\",\"description\":\"Gyveni Lietuvoje, bet nori nusipirkti bilietus \u012f \u201eEurojackpot\u201c? Pirkite juos internetu \u010dia!\",\"breadcrumb\":{\"@id\":\"https:\/\/onlinelotto365.com\/lt\/pirkti-bilietus\/eurojackpot\/#breadcrumb\"},\"inLanguage\":\"lt-LT\",\"potentialAction\":[{\"@type\":\"ReadAction\",\"target\":[\"https:\/\/onlinelotto365.com\/lt\/pirkti-bilietus\/eurojackpot\/\"]}]},{\"@type\":\"ImageObject\",\"inLanguage\":\"lt-LT\",\"@id\":\"https:\/\/onlinelotto365.com\/lt\/pirkti-bilietus\/eurojackpot\/#primaryimage\",\"url\":\"https:\/\/redfoxlotto.com\/image?size=8&amp;lottery=eurojackpot\",\"contentUrl\":\"https:\/\/redfoxlotto.com\/image?size=8&amp;lottery=eurojackpot\"},{\"@type\":\"BreadcrumbList\",\"@id\":\"https:\/\/onlinelotto365.com\/lt\/pirkti-bilietus\/eurojackpot\/#breadcrumb\",\"itemListElement\":[{\"@type\":\"ListItem\",\"position\":1,\"name\":\"Home\",\"item\":\"https:\/\/onlinelotto365.com\/lt\/\"},{\"@type\":\"ListItem\",\"position\":2,\"name\":\"Internetin\u0117 biliet\u0173 paslauga tarptautiniams loto renginiams\",\"item\":\"https:\/\/onlinelotto365.com\/lt\/pirkti-bilietus\/\"},{\"@type\":\"ListItem\",\"position\":3,\"name\":\"\u012esigykite Euromillions loto biliet\u0105 internetu\"}]},{\"@type\":\"WebSite\",\"@id\":\"https:\/\/onlinelotto365.com\/lt\/#website\",\"url\":\"https:\/\/onlinelotto365.com\/lt\/\",\"name\":\"OnlineLotto365\",\"description\":\"\",\"potentialAction\":[{\"@type\":\"SearchAction\",\"target\":{\"@type\":\"EntryPoint\",\"urlTemplate\":\"https:\/\/onlinelotto365.com\/lt\/?s={search_term_string}\"},\"query-input\":{\"@type\":\"PropertyValueSpecification\",\"valueRequired\":true,\"valueName\":\"search_term_string\"}}],\"inLanguage\":\"lt-LT\"}]}<\/script>\n<!-- \/ Yoast SEO plugin. -->","yoast_head_json":{"title":"Pirkite \u201eEurojackpot\u201c bilietus internetu","description":"Gyveni Lietuvoje, bet nori nusipirkti bilietus \u012f \u201eEurojackpot\u201c? Pirkite juos internetu \u010dia!","robots":{"index":"index","follow":"follow","max-snippet":"max-snippet:-1","max-image-preview":"max-image-preview:large","max-video-preview":"max-video-preview:-1"},"canonical":"https:\/\/onlinelotto365.com\/lt\/pirkti-bilietus\/eurojackpot\/","og_locale":"lt_LT","og_type":"article","og_title":"Pirkite \u201eEurojackpot\u201c bilietus internetu","og_description":"Gyveni Lietuvoje, bet nori nusipirkti bilietus \u012f \u201eEurojackpot\u201c? Pirkite juos internetu \u010dia!","og_url":"https:\/\/onlinelotto365.com\/lt\/pirkti-bilietus\/eurojackpot\/","og_site_name":"OnlineLotto365","article_modified_time":"2021-02-23T17:39:12+00:00","og_image":[{"url":"https:\/\/redfoxlotto.com\/image?size=8&amp;lottery=eurojackpot"}],"twitter_card":"summary_large_image","twitter_misc":{"Est. reading time":"4 minut\u0117s"},"schema":{"@context":"https:\/\/schema.org","@graph":[{"@type":"WebPage","@id":"https:\/\/onlinelotto365.com\/lt\/pirkti-bilietus\/eurojackpot\/","url":"https:\/\/onlinelotto365.com\/lt\/pirkti-bilietus\/eurojackpot\/","name":"Pirkite \u201eEurojackpot\u201c bilietus internetu","isPartOf":{"@id":"https:\/\/onlinelotto365.com\/lt\/#website"},"primaryImageOfPage":{"@id":"https:\/\/onlinelotto365.com\/lt\/pirkti-bilietus\/eurojackpot\/#primaryimage"},"image":{"@id":"https:\/\/onlinelotto365.com\/lt\/pirkti-bilietus\/eurojackpot\/#primaryimage"},"thumbnailUrl":"https:\/\/redfoxlotto.com\/image?size=8&amp;lottery=eurojackpot","datePublished":"2020-12-19T07:52:24+00:00","dateModified":"2021-02-23T17:39:12+00:00","description":"Gyveni Lietuvoje, bet nori nusipirkti bilietus \u012f \u201eEurojackpot\u201c? Pirkite juos internetu \u010dia!","breadcrumb":{"@id":"https:\/\/onlinelotto365.com\/lt\/pirkti-bilietus\/eurojackpot\/#breadcrumb"},"inLanguage":"lt-LT","potentialAction":[{"@type":"ReadAction","target":["https:\/\/onlinelotto365.com\/lt\/pirkti-bilietus\/eurojackpot\/"]}]},{"@type":"ImageObject","inLanguage":"lt-LT","@id":"https:\/\/onlinelotto365.com\/lt\/pirkti-bilietus\/eurojackpot\/#primaryimage","url":"https:\/\/redfoxlotto.com\/image?size=8&amp;lottery=eurojackpot","contentUrl":"https:\/\/redfoxlotto.com\/image?size=8&amp;lottery=eurojackpot"},{"@type":"BreadcrumbList","@id":"https:\/\/onlinelotto365.com\/lt\/pirkti-bilietus\/eurojackpot\/#breadcrumb","itemListElement":[{"@type":"ListItem","position":1,"name":"Home","item":"https:\/\/onlinelotto365.com\/lt\/"},{"@type":"ListItem","position":2,"name":"Internetin\u0117 biliet\u0173 paslauga tarptautiniams loto renginiams","item":"https:\/\/onlinelotto365.com\/lt\/pirkti-bilietus\/"},{"@type":"ListItem","position":3,"name":"\u012esigykite Euromillions loto biliet\u0105 internetu"}]},{"@type":"WebSite","@id":"https:\/\/onlinelotto365.com\/lt\/#website","url":"https:\/\/onlinelotto365.com\/lt\/","name":"OnlineLotto365","description":"","potentialAction":[{"@type":"SearchAction","target":{"@type":"EntryPoint","urlTemplate":"https:\/\/onlinelotto365.com\/lt\/?s={search_term_string}"},"query-input":{"@type":"PropertyValueSpecification","valueRequired":true,"valueName":"search_term_string"}}],"inLanguage":"lt-LT"}]}},"_links":{"self":[{"href":"https:\/\/onlinelotto365.com\/lt\/wp-json\/wp\/v2\/pages\/11224","targetHints":{"allow":["GET"]}}],"collection":[{"href":"https:\/\/onlinelotto365.com\/lt\/wp-json\/wp\/v2\/pages"}],"about":[{"href":"https:\/\/onlinelotto365.com\/lt\/wp-json\/wp\/v2\/types\/page"}],"author":[{"embeddable":true,"href":"https:\/\/onlinelotto365.com\/lt\/wp-json\/wp\/v2\/users\/1"}],"replies":[{"embeddable":true,"href":"https:\/\/onlinelotto365.com\/lt\/wp-json\/wp\/v2\/comments?post=11224"}],"version-history":[{"count":0,"href":"https:\/\/onlinelotto365.com\/lt\/wp-json\/wp\/v2\/pages\/11224\/revisions"}],"up":[{"embeddable":true,"href":"https:\/\/onlinelotto365.com\/lt\/wp-json\/wp\/v2\/pages\/5656"}],"wp:attachment":[{"href":"https:\/\/onlinelotto365.com\/lt\/wp-json\/wp\/v2\/media?parent=11224"}],"curies":[{"name":"wp","href":"https:\/\/api.w.org\/{rel}","templated":true}]}}