{"id":4479,"date":"2020-11-30T12:01:02","date_gmt":"2020-11-30T11:01:02","guid":{"rendered":"http:\/\/onlinelotto365.net\/sveiki-atvyke-i-onlinelotto365"},"modified":"2023-10-04T09:16:48","modified_gmt":"2023-10-04T08:16:48","slug":"home","status":"publish","type":"page","link":"https:\/\/onlinelotto365.com\/lt\/","title":{"rendered":"Sveiki atvyk\u0119 \u012f \u201eOnlineLotto365\u201c!"},"content":{"rendered":"<h2>Sveiki atvyk\u0119 \u012f OnlineLotto365!<\/h2>\n<p>Iki \u0161iol mes, loto gerb\u0117jai, buvome apriboti tik savo \u0161alies ar regiono loterija. Gird\u0117jome apie tuos jaudinan\u010dius aukso puodus i\u0161 kitur, kur laimima de\u0161imtimis ar net \u0161imtais milijon\u0173 doleri\u0173 ar eur\u0173 ir tro\u0161kome, kad gyventume ten, kur gal\u0117tume nusipirkti bilietus \u012f \u0161ias did\u017ei\u0105sias loterijas.<\/p>\n<p>\u017dinau, kad nori dalyvauti \u0161iame puikiame dalyke tiek kart\u0173, kiek ir a\u0161. Mes net negal\u0117jome sulo\u0161ti, k\u0105 ir kalb\u0117ti apie pergal\u0119.<\/p>\n<p>Visgi, viskas keisis. Naudodamiesi m\u016bs\u0173 nauja online loto biliet\u0173 paslauga n\u0117ra skirtumo, ar gyvenate \u0161alyje, kurioje rengiama loterija, ar kitur.<br \/>\n<a href=\"https:\/\/redfoxlotto.com\/?ref=a8564250a2&amp;medium=ol365\" target=\"_blank\" rel=\"noopener noreferrer\"><img loading=\"lazy\" decoding=\"async\" class=\"aligncenter\" src=\"https:\/\/redfoxlotto.com\/image?size=8&amp;lottery=mega-millions\" alt=\"Mega Millions\" width=\"728\" height=\"90\" \/><\/a><\/p>\n<h2>Dabar u\u017esisakyk loto biliet\u0105 online<\/h2>\n<p>Nebe tie laikai, kaip \u017einome, internetas prav\u0117r\u0117 pasaul\u012f, dabar viskas yra prieinama online. Tad d\u0117l ko gi netur\u0117ti prieigos prie kiekvieno didelio loterijos aukso puodo? Tai id\u0117ja, kuriai laikas at\u0117jo ir laukimas baigtas.<\/p>\n<p>Padar\u0117me online prieig\u0105 prie viso to. Viskas, ko jums reikia, tai paspausti vien\u0105 i\u0161 loterij\u0173, i\u0161kart pasieksite daug dideli\u0173 aukso puod\u0173. Tad viskas, ko jums reikia, yra vykdyti pateiktas instrukcijas, i\u0161sirinkti numerius ir nusipirkti biliet\u0105.<\/p>\n<h2>Saugus atsiskaitymas u\u017e online loto<\/h2>\n<p>\u0160ioji nauja paslauga suteikia kelet\u0105 online atsiskaitymo galimybi\u0173 per 100% saug\u0173 mok\u0117jimo procesori\u0173. \u012esigijus bilietus bus atsi\u0173stas patvirtinimas el. pa\u0161tu, savo biliet\u0105 pamatysite kliento paskyroje. Irgi suteiksime nemokam\u0105 pagalb\u0105 atsi\u0117mant laim\u0117jim\u0105, ko jums prireiks, nes negyvenate ten, kur vyksta loterija. Mums nereikia jaudintis, nes turime visk\u0105 padeng\u0119 savo klientams.<\/p>\n<h2>Kuo didesnis aukso puodas, tuo didesn\u0117 tikimyb\u0117<\/h2>\n<p>Niekam nepaslaptis, kad loterijos lo\u0161imo vert\u0117 diidesn\u0117, kai aukso puodas kyla. Taigi, jei lauki, kol m\u016bs\u0173 \u0161alyje aukso puodas i\u0161augs tikrai didelis, da\u017eniausiai ir lauksi. \u017dinoma, labai smagu \u017eaisti su ma\u017eesniais aukso puodais, bet n\u0117ra nieko pana\u0161aus, kaip lo\u0161ti su dideliais online. Ne tik daug smagiau \u012fsivaizduoti, kaip laimi vien\u0105 i\u0161 t\u0173 did\u017eiuli\u0173 aukso puod\u0173, bet \u0161ansai yra daug palankesni ir didesniems.<\/p>\n<p>Dabar turite prieig\u0105 prie vis\u0173 did\u017ei\u0173j\u0173 loterij\u0173, \u012fskaitant JAV Powerball ir Mega Millions, Ispanijos El Gordo, Italijos Superenalotto, EuroMillions, Eurojackpot, Did\u017eiosios Britanijos, Australijos loterijas ir daug daugiau.<\/p>\n<p>Net jei esi tik atsitiktinis loto m\u0117g\u0117jas, kod\u0117l apsiriboti tik tuo, kur gali nusipirkti biliet\u0105 b\u016bdel\u0117je, kai gali i\u0161pl\u0117sti savo horizont\u0105 ir apimti vis\u0105 pasaul\u012f su \u0161ia puikia online paslauga? V\u0117lgi, jie pateikia mums visa tai u\u017e tam tikr\u0105 mokest\u012f, ta\u010diau i\u0161 m\u016bs\u0173 laim\u0117jim\u0173 nieko nepaims.<\/p>\n<h2>Did\u017eiausios i\u0161mok\u0117jimas istorijoje<\/h2>\n<p><img loading=\"lazy\" decoding=\"async\" class=\" wp-image-1840 alignright\" src=\"https:\/\/onlinelotto365.com\/wp-content\/uploads\/2023\/10\/online_lottery-164-300x250-1.jpg\" alt=\"loto online paslauga\" width=\"250\" height=\"200\" \/><br \/>\n\u010cia pateikiamas did\u017eiausi\u0173 per pastaruosius kelerius metus laim\u0117t\u0173 aukso puod\u0173 s\u0105ra\u0161as. Nenuostabu, kad jie visi buvo JAV. Did\u017eiosios JAV loterijos Powerball ir Mega Millions reguliariai generuoja did\u017eiules i\u0161mokas. Tad nenuostabu, kad dauguma online yra skirti Powerball ir Mega Millions bilietams.<\/p>\n<ul>\n<li>$ 1568 milijonai, Powerball aukso puodas laim\u0117tas 2016 m. sausio 13 d. \u0160is aukso puodas buvo i\u0161dalintas 3 laim\u0117tojams.<\/li>\n<li>$ 1537 milijonai, Mega Millions aukso puodas laim\u0117tas vieno \u017eaid\u0117jo 2018 m. spalio 23 d.<\/li>\n<li>$ 1000 milijonai, Mega Millions aukso puodas laim\u0117tas vieno \u017eaid\u0117jo 2021 m. sausio 22 d.<\/li>\n<li>$ 768 milijonai, laim\u0117ta Powerball 2019 m. kovo 27 d.<\/li>\n<li>$ 758 milijonai, laim\u0117ta Powerball vieno \u017eaid\u0117jo 2017 m. rugpj\u016bt\u012f<\/li>\n<li>$ 730 milijonai, laim\u0117ta Powerball vieno \u017eaid\u0117jo 2021 m. sausio 20 d.<\/li>\n<li>$ 687 milijonai, pasidalins 2 \u017eaid\u0117jai Powerball 2018 m. spalio 27 d.<\/li>\n<li>$ 656 milijonai, Mega Millions aukso puoda\u0105 pasidalins 3 \u017eaid\u0117jai 2016 m. kovas<\/li>\n<\/ul>\n<p>Dabar turi galimyb\u0119 laim\u0117ti vien\u0105 t\u0173 loterij\u0173. Pasiruo\u0161k b\u016bt geriausiu, ir dar svarbiau &#8211; padidink savo galimybes laim\u0117ti online!<\/p>\n<h2>Loto evoliucija<\/h2>\n<p><img loading=\"lazy\" decoding=\"async\" class=\" wp-image-1840 alignright\" src=\"https:\/\/onlinelotto365.com\/wp-content\/uploads\/2021\/02\/international-lottery.jpg\" alt=\"Tarptautin\u0117s loterijos\" width=\"250\" height=\"200\" \/><br \/>\nIstori\u0161kai pirmosios loterijos buvo surengtos Kinijoje, ir net tada tos loterijos da\u017eniausiai buvo naudojamos vie\u0161iesiems projektams finansuoti. Netgi Did\u017eioji kin\u0173 siena gal\u0117jo b\u016bti vienas i\u0161 toki\u0173 projekt\u0173. Per \u0161imtme\u010dius valstyb\u0117s ir vyriausyb\u0117s, siekdamos surinkti pinigus, da\u017eniausiai sankcionavo ir organizavo loterijas.<\/p>\n<h2>Loterija moderniais laikais<\/h2>\n<p>Kadangi internetas daugeliui i\u0161 m\u016bs\u0173 palengvino gyvenim\u0105, dauguma loterij\u0173 prad\u0117jo pardavin\u0117ti bilietus online. Ta\u010diau pirkti loterijos bilietus online per loterij\u0173 svetaines gal\u0117jo tik tos \u0161alies \u017eaid\u0117jai. \u0160is apribojimas pa\u0161alintas kitame loterijos evoliucijos etape.<\/p>\n<h2>Daugiau loterijos pasirinkim\u0173 suteikia jums geresn\u012f \u0161ans\u0105<\/h2>\n<p>Tokios internetin\u0117s paslaugos, kaip m\u016bs\u0173, id\u0117ja, kuri leid\u017eia loto gerb\u0117jams dalyvauti loterijose i\u0161 kit\u0173 jurisdikcij\u0173, buvo kitas logi\u0161kas \u017eingsnis. Dabar loterijos \u017eaid\u0117jai gali rinktis i\u0161 daugyb\u0117s loterij\u0173. Siekdami dabartinio did\u017eiausio aukso puodo jie gali \u017eymiai pagerinti savo laim\u0117jim\u0173 l\u016bkes\u010dius. Toki\u0173 loterij\u0173 kaip Mega Millions, Powerball ir Euromillions atveju \u017eaid\u0117j\u0173 i\u0161 viso pasaulio loterijos biliet\u0173 pirkimo procentas kas m\u0117nes\u012f auga.<\/p>\n","protected":false},"excerpt":{"rendered":"<p>Sveiki atvyk\u0119 \u012f OnlineLotto365! Iki \u0161iol mes, loto gerb\u0117jai, buvome apriboti tik savo \u0161alies ar regiono loterija. Gird\u0117jome apie tuos jaudinan\u010dius aukso puodus i\u0161 kitur, kur laimima de\u0161imtimis ar net \u0161imtais milijon\u0173 doleri\u0173 ar eur\u0173 ir tro\u0161kome, kad gyventume ten, kur gal\u0117tume nusipirkti bilietus \u012f \u0161ias did\u017ei\u0105sias loterijas. \u017dinau, kad nori dalyvauti \u0161iame puikiame dalyke [&hellip;]<\/p>\n","protected":false},"author":1,"featured_media":0,"parent":0,"menu_order":1,"comment_status":"closed","ping_status":"closed","template":"lotto.php","meta":{"_et_pb_use_builder":"","_et_pb_old_content":"","_et_gb_content_width":"","exclude_from_search":false,"footnotes":""},"class_list":["post-4479","page","type-page","status-publish","hentry"],"yoast_head":"<!-- This site is optimized with the Yoast SEO plugin v23.4 - https:\/\/yoast.com\/wordpress\/plugins\/seo\/ -->\n<title>Loto Online | visi pasaulio loterij\u0173 aukso puodai prieinami online<\/title>\n<meta name=\"description\" content=\"Loto online biliet\u0173 paslauga bet kokiam tarptautiniam aukso puodui. Gauk bilietus bet kuriai pasaulio loterijai, nesvarbu, kur gyveni\" \/>\n<meta name=\"robots\" content=\"index, follow, max-snippet:-1, max-image-preview:large, max-video-preview:-1\" \/>\n<link rel=\"canonical\" href=\"https:\/\/onlinelotto365.com\/lt\/\" \/>\n<meta property=\"og:locale\" content=\"lt_LT\" \/>\n<meta property=\"og:type\" content=\"article\" \/>\n<meta property=\"og:title\" content=\"Loto Online | visi pasaulio loterij\u0173 aukso puodai prieinami online\" \/>\n<meta property=\"og:description\" content=\"Loto online biliet\u0173 paslauga bet kokiam tarptautiniam aukso puodui. Gauk bilietus bet kuriai pasaulio loterijai, nesvarbu, kur gyveni\" \/>\n<meta property=\"og:url\" content=\"https:\/\/onlinelotto365.com\/lt\/\" \/>\n<meta property=\"og:site_name\" content=\"OnlineLotto365\" \/>\n<meta property=\"article:modified_time\" content=\"2023-10-04T08:16:48+00:00\" \/>\n<meta property=\"og:image\" content=\"https:\/\/redfoxlotto.com\/image?size=8&amp;lottery=mega-millions\" \/>\n<meta name=\"twitter:card\" content=\"summary_large_image\" \/>\n<meta name=\"twitter:label1\" content=\"Est. reading time\" \/>\n\t<meta name=\"twitter:data1\" content=\"4 minut\u0117s\" \/>\n<script type=\"application\/ld+json\" class=\"yoast-schema-graph\">{\"@context\":\"https:\/\/schema.org\",\"@graph\":[{\"@type\":\"WebPage\",\"@id\":\"https:\/\/onlinelotto365.com\/lt\/\",\"url\":\"https:\/\/onlinelotto365.com\/lt\/\",\"name\":\"Loto Online | visi pasaulio loterij\u0173 aukso puodai prieinami online\",\"isPartOf\":{\"@id\":\"https:\/\/onlinelotto365.com\/lt\/#website\"},\"primaryImageOfPage\":{\"@id\":\"https:\/\/onlinelotto365.com\/lt\/#primaryimage\"},\"image\":{\"@id\":\"https:\/\/onlinelotto365.com\/lt\/#primaryimage\"},\"thumbnailUrl\":\"https:\/\/redfoxlotto.com\/image?size=8&amp;lottery=mega-millions\",\"datePublished\":\"2020-11-30T11:01:02+00:00\",\"dateModified\":\"2023-10-04T08:16:48+00:00\",\"description\":\"Loto online biliet\u0173 paslauga bet kokiam tarptautiniam aukso puodui. Gauk bilietus bet kuriai pasaulio loterijai, nesvarbu, kur gyveni\",\"breadcrumb\":{\"@id\":\"https:\/\/onlinelotto365.com\/lt\/#breadcrumb\"},\"inLanguage\":\"lt-LT\",\"potentialAction\":[{\"@type\":\"ReadAction\",\"target\":[\"https:\/\/onlinelotto365.com\/lt\/\"]}]},{\"@type\":\"ImageObject\",\"inLanguage\":\"lt-LT\",\"@id\":\"https:\/\/onlinelotto365.com\/lt\/#primaryimage\",\"url\":\"https:\/\/redfoxlotto.com\/image?size=8&amp;lottery=mega-millions\",\"contentUrl\":\"https:\/\/redfoxlotto.com\/image?size=8&amp;lottery=mega-millions\"},{\"@type\":\"BreadcrumbList\",\"@id\":\"https:\/\/onlinelotto365.com\/lt\/#breadcrumb\",\"itemListElement\":[{\"@type\":\"ListItem\",\"position\":1,\"name\":\"Home\",\"item\":\"https:\/\/onlinelotto365.com\/lt\/\"},{\"@type\":\"ListItem\",\"position\":2,\"name\":\"Sveiki atvyk\u0119 \u012f \u201eOnlineLotto365\u201c!\"}]},{\"@type\":\"WebSite\",\"@id\":\"https:\/\/onlinelotto365.com\/lt\/#website\",\"url\":\"https:\/\/onlinelotto365.com\/lt\/\",\"name\":\"OnlineLotto365\",\"description\":\"\",\"potentialAction\":[{\"@type\":\"SearchAction\",\"target\":{\"@type\":\"EntryPoint\",\"urlTemplate\":\"https:\/\/onlinelotto365.com\/lt\/?s={search_term_string}\"},\"query-input\":{\"@type\":\"PropertyValueSpecification\",\"valueRequired\":true,\"valueName\":\"search_term_string\"}}],\"inLanguage\":\"lt-LT\"}]}<\/script>\n<!-- \/ Yoast SEO plugin. -->","yoast_head_json":{"title":"Loto Online | visi pasaulio loterij\u0173 aukso puodai prieinami online","description":"Loto online biliet\u0173 paslauga bet kokiam tarptautiniam aukso puodui. Gauk bilietus bet kuriai pasaulio loterijai, nesvarbu, kur gyveni","robots":{"index":"index","follow":"follow","max-snippet":"max-snippet:-1","max-image-preview":"max-image-preview:large","max-video-preview":"max-video-preview:-1"},"canonical":"https:\/\/onlinelotto365.com\/lt\/","og_locale":"lt_LT","og_type":"article","og_title":"Loto Online | visi pasaulio loterij\u0173 aukso puodai prieinami online","og_description":"Loto online biliet\u0173 paslauga bet kokiam tarptautiniam aukso puodui. Gauk bilietus bet kuriai pasaulio loterijai, nesvarbu, kur gyveni","og_url":"https:\/\/onlinelotto365.com\/lt\/","og_site_name":"OnlineLotto365","article_modified_time":"2023-10-04T08:16:48+00:00","og_image":[{"url":"https:\/\/redfoxlotto.com\/image?size=8&amp;lottery=mega-millions"}],"twitter_card":"summary_large_image","twitter_misc":{"Est. reading time":"4 minut\u0117s"},"schema":{"@context":"https:\/\/schema.org","@graph":[{"@type":"WebPage","@id":"https:\/\/onlinelotto365.com\/lt\/","url":"https:\/\/onlinelotto365.com\/lt\/","name":"Loto Online | visi pasaulio loterij\u0173 aukso puodai prieinami online","isPartOf":{"@id":"https:\/\/onlinelotto365.com\/lt\/#website"},"primaryImageOfPage":{"@id":"https:\/\/onlinelotto365.com\/lt\/#primaryimage"},"image":{"@id":"https:\/\/onlinelotto365.com\/lt\/#primaryimage"},"thumbnailUrl":"https:\/\/redfoxlotto.com\/image?size=8&amp;lottery=mega-millions","datePublished":"2020-11-30T11:01:02+00:00","dateModified":"2023-10-04T08:16:48+00:00","description":"Loto online biliet\u0173 paslauga bet kokiam tarptautiniam aukso puodui. Gauk bilietus bet kuriai pasaulio loterijai, nesvarbu, kur gyveni","breadcrumb":{"@id":"https:\/\/onlinelotto365.com\/lt\/#breadcrumb"},"inLanguage":"lt-LT","potentialAction":[{"@type":"ReadAction","target":["https:\/\/onlinelotto365.com\/lt\/"]}]},{"@type":"ImageObject","inLanguage":"lt-LT","@id":"https:\/\/onlinelotto365.com\/lt\/#primaryimage","url":"https:\/\/redfoxlotto.com\/image?size=8&amp;lottery=mega-millions","contentUrl":"https:\/\/redfoxlotto.com\/image?size=8&amp;lottery=mega-millions"},{"@type":"BreadcrumbList","@id":"https:\/\/onlinelotto365.com\/lt\/#breadcrumb","itemListElement":[{"@type":"ListItem","position":1,"name":"Home","item":"https:\/\/onlinelotto365.com\/lt\/"},{"@type":"ListItem","position":2,"name":"Sveiki atvyk\u0119 \u012f \u201eOnlineLotto365\u201c!"}]},{"@type":"WebSite","@id":"https:\/\/onlinelotto365.com\/lt\/#website","url":"https:\/\/onlinelotto365.com\/lt\/","name":"OnlineLotto365","description":"","potentialAction":[{"@type":"SearchAction","target":{"@type":"EntryPoint","urlTemplate":"https:\/\/onlinelotto365.com\/lt\/?s={search_term_string}"},"query-input":{"@type":"PropertyValueSpecification","valueRequired":true,"valueName":"search_term_string"}}],"inLanguage":"lt-LT"}]}},"_links":{"self":[{"href":"https:\/\/onlinelotto365.com\/lt\/wp-json\/wp\/v2\/pages\/4479","targetHints":{"allow":["GET"]}}],"collection":[{"href":"https:\/\/onlinelotto365.com\/lt\/wp-json\/wp\/v2\/pages"}],"about":[{"href":"https:\/\/onlinelotto365.com\/lt\/wp-json\/wp\/v2\/types\/page"}],"author":[{"embeddable":true,"href":"https:\/\/onlinelotto365.com\/lt\/wp-json\/wp\/v2\/users\/1"}],"replies":[{"embeddable":true,"href":"https:\/\/onlinelotto365.com\/lt\/wp-json\/wp\/v2\/comments?post=4479"}],"version-history":[{"count":0,"href":"https:\/\/onlinelotto365.com\/lt\/wp-json\/wp\/v2\/pages\/4479\/revisions"}],"wp:attachment":[{"href":"https:\/\/onlinelotto365.com\/lt\/wp-json\/wp\/v2\/media?parent=4479"}],"curies":[{"name":"wp","href":"https:\/\/api.w.org\/{rel}","templated":true}]}}