{"id":5026,"date":"2020-12-03T09:28:57","date_gmt":"2020-12-03T08:28:57","guid":{"rendered":"http:\/\/onlinelotto365.net\/?page_id=5026"},"modified":"2022-11-08T11:50:32","modified_gmt":"2022-11-08T10:50:32","slug":"zaisti","status":"publish","type":"page","link":"https:\/\/onlinelotto365.com\/lt\/zaisti\/","title":{"rendered":"Viskas, k\u0105 turite \u017einoti apie galimybes \u017eaisti geriausias loterijas internete"},"content":{"rendered":"<p>Norite prad\u0117ti \u017eaisti loterijoje? Jei taip, tuomet tikrai nor\u0117site i\u0161bandyti internetines galimybes. Visus did\u017eiuosius loterijos \u017eaidimus i\u0161 bet kurios pasaulio vietos galite \u017eaisti internetu. Tereikia \u017einoti, kur ie\u0161koti ir kaip prad\u0117ti. J\u016bs\u0173 laimei, tai padaryti i\u0161 tikr\u0173j\u0173 labai paprasta. Jums tereikia pa\u017eym\u0117ti m\u016bs\u0173 svetain\u0119 ir gr\u012f\u017eti, kad gautum\u0117te atnaujintos informacijos. Rasite daugyb\u0119 galimybi\u0173 \u017eaisti kiekvien\u0105 i\u0161 matom\u0173 loterijos \u017eaidim\u0173 bet kurioje i\u0161 i\u0161vardyt\u0173 \u0161ali\u0173.<\/p>\n<p>Internetin\u0117s parinktys puikios tuo, kad leid\u017eia \u017eaisti \u017eaidimus, esan\u010dius visame pasaulyje. J\u016bs nebegal\u0117site apsiriboti tik tais \u017eaidimais, kuriuos galite \u017eaisti vietin\u0117je parduotuv\u0117je. Vietoj to gal\u0117site patikrinti, kaip \u017eaidimai \u017eaid\u017eiami \u012fvairiose \u0161alyse, ir gal\u0117site i\u0161bandyti savo laim\u0119 juose.<\/p>\n<p><a href=\"https:\/\/redfoxlotto.com\/play\/mega-millions\/?ref=a8564250a2&amp;medium=ol365\" target=\"_blank\" rel=\"noopener noreferrer\"><img loading=\"lazy\" decoding=\"async\" class=\"aligncenter\" src=\"https:\/\/redfoxlotto.com\/image?size=7&amp;lottery=mega-millions\" alt=\"play mega millions\" width=\"841\" height=\"108\" \/><\/a><\/p>\n<h2>\u017daisdami loterij\u0105 internetu tur\u0117site daugiau pasirinkimo galimybi\u0173<\/h2>\n<p>Geriausia \u017eaisti loterij\u0105 internetu yra tai, kad bet kuriuo metu gal\u0117site laim\u0117ti didel\u012f aukso puod\u0105. Jei apsiribosite tik vietin\u0117s loterijos \u017eaidimu, gali tekti ilgai laukti, kol aukso puodas i\u0161augs iki tokio dyd\u017eio, kad b\u016bt\u0173 prasminga investuoti pinigus \u012f bilietus.<\/p>\n<p>Akivaizdu, kad j\u016bs\u0173 apsisprendimui svarbus pagrindinio prizo dydis. Didesnis prizas rei\u0161kia, kad j\u016bs\u0173 matematin\u0117 laim\u0117jimo tikimyb\u0117 yra didesn\u0117. \u0160tai kod\u0117l dauguma m\u016bs\u0173 klient\u0173 i\u0161leid\u017eia savo loterijos pinigus tam aukso puodui, kuris \u0161iuo metu yra did\u017eiausias.<\/p>\n<h2>Kaip veikia internetin\u0117 loto paslauga?<\/h2>\n<p>Grei\u010diausias b\u016bdas prad\u0117ti \u017eaisti loterij\u0105 internetu &#8211; spustel\u0117ti vien\u0105 i\u0161 loterijos mygtuk\u0173 arba reklamini\u0173 skydeli\u0173 ir pasirinkti skai\u010dius, kad sukurtum\u0117te biliet\u0105. Jei norite, galite \u017eaisti daugiau nei vien\u0105 loterij\u0105. Tiesiog \u012f krep\u0161el\u012f \u012fsid\u0117kite tiek biliet\u0173, kiek norite. Tada spustel\u0117kite nor\u0117dami i\u0161siregistruoti ir sumok\u0117ti. Turite susikurti m\u016bs\u0173 paskyr\u0105. Nepamir\u0161kite patvirtinti savo paskyros &#8211; patikrinimo el. lai\u0161ko ie\u0161kokite savo pa\u0161to d\u0117\u017eut\u0117je. Jei ten lai\u0161ko n\u0117ra, j\u012f rasite ne\u017einom\u0173 siunt\u0117j\u0173 aplanke arba galb\u016bt \u0161lam\u0161to d\u0117\u017eut\u0117je.<\/p>\n<h2>Ar galiu \u017eaisti i\u0161 savo gyvenamosios \u0161alies?<\/h2>\n<p>Tikrai nesvarbu, kur gyvenate. \u017daisti loto internetu galima i\u0161 (beveik) visur. Vienintel\u0117 i\u0161imtis &#8211; negalime priimti klient\u0173 i\u0161 JAV ir Nyderland\u0173.<\/p>\n<h2>Kaip gausiu savo laim\u0117jim\u0105?<\/h2>\n<p>M\u016bs\u0173 loterijos biliet\u0173 paslauga apima m\u016bs\u0173 pagalb\u0105, kai reikia i\u0161sigryninti laim\u0117jim\u0105. Tam yra dvi skirtingos proced\u016bros:<\/p>\n<ul>\n<li>Ma\u017eesni nei 2500 eur\u0173 laim\u0117jimai: laim\u0117ta suma bus pervesta \u012f j\u016bs\u0173 naudotojo balans\u0105 m\u016bs\u0173 svetain\u0117je. I\u0161 ten galite i\u0161sigryninti pinigus, pavyzd\u017eiui, \u012f savo kredito kortel\u0119 arba banko s\u0105skait\u0105.<\/li>\n<li>Didesni nei 2500 eur\u0173 laim\u0117jimai: didesnes sumas tiesiogiai i\u0161mok\u0117s pati loterija. Pateiksime jums form\u0105, kuri\u0105 tur\u0117site u\u017epildyti ir atsi\u0173sti mums. Formoje pateikiami j\u016bs\u0173 nurodymai d\u0117l i\u0161mokos, kuri gali b\u016bti pervedama banko pavedimu arba \u010dekiu. Visa tai bus atliekama internetu. Mes nusi\u0173sime form\u0105 loterijai, o ji perves pinigus \u012f j\u016bs\u0173 banko s\u0105skait\u0105 arba atsi\u0173s jums \u010dek\u012f &#8211; pagal j\u016bs\u0173 pageidavim\u0105.<\/li>\n<\/ul>\n","protected":false},"excerpt":{"rendered":"<p>Norite prad\u0117ti \u017eaisti loterijoje? Jei taip, tuomet tikrai nor\u0117site i\u0161bandyti internetines galimybes. Visus did\u017eiuosius loterijos \u017eaidimus i\u0161 bet kurios pasaulio vietos galite \u017eaisti internetu. Tereikia \u017einoti, kur ie\u0161koti ir kaip prad\u0117ti. J\u016bs\u0173 laimei, tai padaryti i\u0161 tikr\u0173j\u0173 labai paprasta. Jums tereikia pa\u017eym\u0117ti m\u016bs\u0173 svetain\u0119 ir gr\u012f\u017eti, kad gautum\u0117te atnaujintos informacijos. Rasite daugyb\u0119 galimybi\u0173 \u017eaisti kiekvien\u0105 [&hellip;]<\/p>\n","protected":false},"author":1,"featured_media":0,"parent":0,"menu_order":2,"comment_status":"closed","ping_status":"closed","template":"Play-all.php","meta":{"_et_pb_use_builder":"","_et_pb_old_content":"","_et_gb_content_width":"","exclude_from_search":false,"footnotes":""},"class_list":["post-5026","page","type-page","status-publish","hentry"],"yoast_head":"<!-- This site is optimized with the Yoast SEO plugin v23.4 - https:\/\/yoast.com\/wordpress\/plugins\/seo\/ -->\n<title>\u017daisti Lotto internete - daugiau priz\u0173 loterij\u0173 gerb\u0117jams i\u0161 viso pasaulio<\/title>\n<meta name=\"description\" content=\"Lengvai \u017eaid\u017eiame u\u017esienio loterijas internetu - visi didieji prizai yra \u010dia\" \/>\n<meta name=\"robots\" content=\"index, follow, max-snippet:-1, max-image-preview:large, max-video-preview:-1\" \/>\n<link rel=\"canonical\" href=\"https:\/\/onlinelotto365.com\/lt\/zaisti\/\" \/>\n<meta property=\"og:locale\" content=\"lt_LT\" \/>\n<meta property=\"og:type\" content=\"article\" \/>\n<meta property=\"og:title\" content=\"\u017daisti Lotto internete - daugiau priz\u0173 loterij\u0173 gerb\u0117jams i\u0161 viso pasaulio\" \/>\n<meta property=\"og:description\" content=\"Lengvai \u017eaid\u017eiame u\u017esienio loterijas internetu - visi didieji prizai yra \u010dia\" \/>\n<meta property=\"og:url\" content=\"https:\/\/onlinelotto365.com\/lt\/zaisti\/\" \/>\n<meta property=\"og:site_name\" content=\"OnlineLotto365\" \/>\n<meta property=\"article:modified_time\" content=\"2022-11-08T10:50:32+00:00\" \/>\n<meta property=\"og:image\" content=\"https:\/\/redfoxlotto.com\/image?size=7&amp;lottery=mega-millions\" \/>\n<meta name=\"twitter:card\" content=\"summary_large_image\" \/>\n<meta name=\"twitter:label1\" content=\"Est. reading time\" \/>\n\t<meta name=\"twitter:data1\" content=\"2 minut\u0117s\" \/>\n<script type=\"application\/ld+json\" class=\"yoast-schema-graph\">{\"@context\":\"https:\/\/schema.org\",\"@graph\":[{\"@type\":\"WebPage\",\"@id\":\"https:\/\/onlinelotto365.com\/lt\/zaisti\/\",\"url\":\"https:\/\/onlinelotto365.com\/lt\/zaisti\/\",\"name\":\"\u017daisti Lotto internete - daugiau priz\u0173 loterij\u0173 gerb\u0117jams i\u0161 viso pasaulio\",\"isPartOf\":{\"@id\":\"https:\/\/onlinelotto365.com\/lt\/#website\"},\"primaryImageOfPage\":{\"@id\":\"https:\/\/onlinelotto365.com\/lt\/zaisti\/#primaryimage\"},\"image\":{\"@id\":\"https:\/\/onlinelotto365.com\/lt\/zaisti\/#primaryimage\"},\"thumbnailUrl\":\"https:\/\/redfoxlotto.com\/image?size=7&amp;lottery=mega-millions\",\"datePublished\":\"2020-12-03T08:28:57+00:00\",\"dateModified\":\"2022-11-08T10:50:32+00:00\",\"description\":\"Lengvai \u017eaid\u017eiame u\u017esienio loterijas internetu - visi didieji prizai yra \u010dia\",\"breadcrumb\":{\"@id\":\"https:\/\/onlinelotto365.com\/lt\/zaisti\/#breadcrumb\"},\"inLanguage\":\"lt-LT\",\"potentialAction\":[{\"@type\":\"ReadAction\",\"target\":[\"https:\/\/onlinelotto365.com\/lt\/zaisti\/\"]}]},{\"@type\":\"ImageObject\",\"inLanguage\":\"lt-LT\",\"@id\":\"https:\/\/onlinelotto365.com\/lt\/zaisti\/#primaryimage\",\"url\":\"https:\/\/redfoxlotto.com\/image?size=7&amp;lottery=mega-millions\",\"contentUrl\":\"https:\/\/redfoxlotto.com\/image?size=7&amp;lottery=mega-millions\"},{\"@type\":\"BreadcrumbList\",\"@id\":\"https:\/\/onlinelotto365.com\/lt\/zaisti\/#breadcrumb\",\"itemListElement\":[{\"@type\":\"ListItem\",\"position\":1,\"name\":\"Home\",\"item\":\"https:\/\/onlinelotto365.com\/lt\/\"},{\"@type\":\"ListItem\",\"position\":2,\"name\":\"Viskas, k\u0105 turite \u017einoti apie galimybes \u017eaisti geriausias loterijas internete\"}]},{\"@type\":\"WebSite\",\"@id\":\"https:\/\/onlinelotto365.com\/lt\/#website\",\"url\":\"https:\/\/onlinelotto365.com\/lt\/\",\"name\":\"OnlineLotto365\",\"description\":\"\",\"potentialAction\":[{\"@type\":\"SearchAction\",\"target\":{\"@type\":\"EntryPoint\",\"urlTemplate\":\"https:\/\/onlinelotto365.com\/lt\/?s={search_term_string}\"},\"query-input\":{\"@type\":\"PropertyValueSpecification\",\"valueRequired\":true,\"valueName\":\"search_term_string\"}}],\"inLanguage\":\"lt-LT\"}]}<\/script>\n<!-- \/ Yoast SEO plugin. -->","yoast_head_json":{"title":"\u017daisti Lotto internete - daugiau priz\u0173 loterij\u0173 gerb\u0117jams i\u0161 viso pasaulio","description":"Lengvai \u017eaid\u017eiame u\u017esienio loterijas internetu - visi didieji prizai yra \u010dia","robots":{"index":"index","follow":"follow","max-snippet":"max-snippet:-1","max-image-preview":"max-image-preview:large","max-video-preview":"max-video-preview:-1"},"canonical":"https:\/\/onlinelotto365.com\/lt\/zaisti\/","og_locale":"lt_LT","og_type":"article","og_title":"\u017daisti Lotto internete - daugiau priz\u0173 loterij\u0173 gerb\u0117jams i\u0161 viso pasaulio","og_description":"Lengvai \u017eaid\u017eiame u\u017esienio loterijas internetu - visi didieji prizai yra \u010dia","og_url":"https:\/\/onlinelotto365.com\/lt\/zaisti\/","og_site_name":"OnlineLotto365","article_modified_time":"2022-11-08T10:50:32+00:00","og_image":[{"url":"https:\/\/redfoxlotto.com\/image?size=7&amp;lottery=mega-millions"}],"twitter_card":"summary_large_image","twitter_misc":{"Est. reading time":"2 minut\u0117s"},"schema":{"@context":"https:\/\/schema.org","@graph":[{"@type":"WebPage","@id":"https:\/\/onlinelotto365.com\/lt\/zaisti\/","url":"https:\/\/onlinelotto365.com\/lt\/zaisti\/","name":"\u017daisti Lotto internete - daugiau priz\u0173 loterij\u0173 gerb\u0117jams i\u0161 viso pasaulio","isPartOf":{"@id":"https:\/\/onlinelotto365.com\/lt\/#website"},"primaryImageOfPage":{"@id":"https:\/\/onlinelotto365.com\/lt\/zaisti\/#primaryimage"},"image":{"@id":"https:\/\/onlinelotto365.com\/lt\/zaisti\/#primaryimage"},"thumbnailUrl":"https:\/\/redfoxlotto.com\/image?size=7&amp;lottery=mega-millions","datePublished":"2020-12-03T08:28:57+00:00","dateModified":"2022-11-08T10:50:32+00:00","description":"Lengvai \u017eaid\u017eiame u\u017esienio loterijas internetu - visi didieji prizai yra \u010dia","breadcrumb":{"@id":"https:\/\/onlinelotto365.com\/lt\/zaisti\/#breadcrumb"},"inLanguage":"lt-LT","potentialAction":[{"@type":"ReadAction","target":["https:\/\/onlinelotto365.com\/lt\/zaisti\/"]}]},{"@type":"ImageObject","inLanguage":"lt-LT","@id":"https:\/\/onlinelotto365.com\/lt\/zaisti\/#primaryimage","url":"https:\/\/redfoxlotto.com\/image?size=7&amp;lottery=mega-millions","contentUrl":"https:\/\/redfoxlotto.com\/image?size=7&amp;lottery=mega-millions"},{"@type":"BreadcrumbList","@id":"https:\/\/onlinelotto365.com\/lt\/zaisti\/#breadcrumb","itemListElement":[{"@type":"ListItem","position":1,"name":"Home","item":"https:\/\/onlinelotto365.com\/lt\/"},{"@type":"ListItem","position":2,"name":"Viskas, k\u0105 turite \u017einoti apie galimybes \u017eaisti geriausias loterijas internete"}]},{"@type":"WebSite","@id":"https:\/\/onlinelotto365.com\/lt\/#website","url":"https:\/\/onlinelotto365.com\/lt\/","name":"OnlineLotto365","description":"","potentialAction":[{"@type":"SearchAction","target":{"@type":"EntryPoint","urlTemplate":"https:\/\/onlinelotto365.com\/lt\/?s={search_term_string}"},"query-input":{"@type":"PropertyValueSpecification","valueRequired":true,"valueName":"search_term_string"}}],"inLanguage":"lt-LT"}]}},"_links":{"self":[{"href":"https:\/\/onlinelotto365.com\/lt\/wp-json\/wp\/v2\/pages\/5026","targetHints":{"allow":["GET"]}}],"collection":[{"href":"https:\/\/onlinelotto365.com\/lt\/wp-json\/wp\/v2\/pages"}],"about":[{"href":"https:\/\/onlinelotto365.com\/lt\/wp-json\/wp\/v2\/types\/page"}],"author":[{"embeddable":true,"href":"https:\/\/onlinelotto365.com\/lt\/wp-json\/wp\/v2\/users\/1"}],"replies":[{"embeddable":true,"href":"https:\/\/onlinelotto365.com\/lt\/wp-json\/wp\/v2\/comments?post=5026"}],"version-history":[{"count":0,"href":"https:\/\/onlinelotto365.com\/lt\/wp-json\/wp\/v2\/pages\/5026\/revisions"}],"wp:attachment":[{"href":"https:\/\/onlinelotto365.com\/lt\/wp-json\/wp\/v2\/media?parent=5026"}],"curies":[{"name":"wp","href":"https:\/\/api.w.org\/{rel}","templated":true}]}}