{"id":5656,"date":"2020-12-04T18:47:13","date_gmt":"2020-12-04T17:47:13","guid":{"rendered":"http:\/\/onlinelotto365.net\/?page_id=5656"},"modified":"2021-02-23T18:16:31","modified_gmt":"2021-02-23T17:16:31","slug":"pirkti-bilietus","status":"publish","type":"page","link":"https:\/\/onlinelotto365.com\/lt\/pirkti-bilietus\/","title":{"rendered":"Internetin\u0117 biliet\u0173 paslauga tarptautiniams loto renginiams"},"content":{"rendered":"<h2>Mes turime omenyje pasaulio did\u017eiausias loterijas<\/h2>\n<p>Iki dabar, mes visi gal\u0117jome \u017eaisti tik bet kokias aplinkines loterijas, kurios mums prieinamos. Priklausomai, nuo ten kur gyvenate, kartas nuo karto pagrindinis prizas gali tapti labai didelis, sukurdamas labai daug \u012fdomumo, nes daug \u017emoni\u0173 renkasi pirkti loterijos biliet\u0173, nor\u0117dami sudalyvauti.<\/p>\n<p>Norint nusipirkti bilietus i\u0161 kit\u0173 \u0161ali\u0173 arba viet\u0173, jums reik\u0117davo i\u0161 tikro \u012f ten nukeliauti ir nusipirkti juos asmeni\u0161kai. Nebent da\u017enai ten laikot\u0117s, netur\u0117site \u0161ios galimyb\u0117s, o jei ir laim\u0117site, k\u0105 darysite, jeigu laim\u0117site?<br \/>\n<a href=\"https:\/\/redfoxlotto.com\/?ref=a8564250a2&amp;medium=ol365\" target=\"_blank\" rel=\"noopener noreferrer\"><img loading=\"lazy\" decoding=\"async\" class=\"aligncenter\" src=\"https:\/\/redfoxlotto.com\/image?size=8&amp;lottery=euromillions\" alt=\"Euromillions\" width=\"720\" height=\"90\" \/><\/a><\/p>\n<p>Dauguma \u017emoni\u0173 net nepasvarsto, jog gali nusipirkti biliet\u0105 internete ir dalyvauti kit\u0173 \u0161ali\u0173 loterijose. Kai kurie svajoja apie tai, bet dabar \u0161i\u0105 svajon\u0119 \u012fmanoma i\u0161pildyti.<\/p>\n<p>Tod\u0117l, mums smagu jums prane\u0161ti, jog atsirado nauja internetin\u0117 loto biliet\u0173 paslauga, su kuria galite u\u017esisakyti pasaulio did\u017eiausi\u0173 loto bilietus, patogiai b\u016bdami savo namuose. Mes padarome visa darb\u0105 u\u017e jus.<\/p>\n<h2>Kaip veikia loto biliet\u0173 pirkimas internete<\/h2>\n<p><img loading=\"lazy\" decoding=\"async\" class=\" wp-image-729 alignright\" src=\"https:\/\/onlinelotto365.com\/wp-content\/uploads\/2020\/11\/online_lottery-52-300x169.jpg\" alt=\"pirkti loterijos bilietus internetu\" width=\"210\" height=\"119\" \/><br \/>\nPirmiausia, jums, \u017einoma, reikia i\u0161sirinkti loterijas, kuriose norite dalyvauti, i\u0161 vis\u0173 pasaulio populiariausio loto. Tada pasirinkite, kiek internetini\u0173 biliet\u0173 norite nusipirkti ir tada galite pasirinkti savo skai\u010dius arba leisti kompiuteriui juos parinkti u\u017e jus.<\/p>\n<p>Tada susikursite paskyr\u0105. Tod\u0117l j\u016bs \u012fvesite visus savo asmeninius duomenis, susikursite slapyvard\u012f ir slapta\u017eod\u012f, kad gal\u0117tum\u0117te prisijungti prie internetin\u0117s loto svetain\u0117s, kada tik norite.<\/p>\n<p><a href=\"https:\/\/redfoxlotto.com\/lt\/?ref=A8564250A2&amp;campaign=ol\" target=\"_blank\" rel=\"noopener\"><span style=\"text-decoration: underline;\">Paspauskite \u010dia, jei norite prad\u0117ti kurti savo paskyr\u0105 dabar!<\/span><\/a><\/p>\n<p>Tada galite pasirinkti mok\u0117jimo metod\u0105, kurio mok\u0117site u\u017e savo internetiniu bilietus. Dauguma \u017emoni\u0173 naudoja kreditines korteles, bet yra keli kiti mok\u0117jimo metodai, jeigu neturite jos. Visi mok\u0117jimai \u017einoma yra visi\u0161kai saug\u016bs, mes naudojame naujausias saugumo programas, kad jums nereik\u0117t\u0173 r\u016bpintis.<\/p>\n<p>Kiekvienam b\u016bsimam loto yra specialus laikmatis, kuris jums leis \u017einoti kiek liko iki traukimo, vos \u017evilgtel\u0117jus, kad pad\u0117t\u0173 jums nuspr\u0119sti kuriame loto norite dalyvauti.<\/p>\n<h2>Tada jie nuperka bilietus u\u017e jus<\/h2>\n<p>Tada, \u0161ios puikios paslaugos darbuotojai i\u0161eina ir nuperka j\u016bs\u0173 biliet\u0105 jums, su j\u016bs\u0173 vardu, tod\u0117l niekas kitas jo negali i\u0161sigryninti, tik j\u016bs. Tada jie atsi\u016bs jums patvirtinimo lai\u0161k\u0105, su j\u016bs\u0173 numeriais.<\/p>\n<p>Kiekvienos loterijos rezultatai yra pateikiami svetain\u0117je ir nors yra smagu patiems tikrinti skai\u010dius, jums nereik\u0117s vargintis, jei nenorite. Kiekvien\u0105 kart\u0105, kai laim\u0117site, jums el. pa\u0161tu prane\u0161 paslauga, tod\u0117l niekada nepraleisite joki\u0173 laim\u0117jim\u0173.<\/p>\n<p>Vietin\u0117je biliet\u0173 pardavimo vietoje paklauskite ar jie gal\u0117t\u0173 tai padaryti. Jie manys, jog j\u016bs i\u0161prot\u0117jote. Tai parodo, kokios auk\u0161tos kokyb\u0117s \u0161i biliet\u0173 paslauga yra ir jie suteiks jums vis\u0105 reikaling\u0105 pagalb\u0105.<\/p>\n<h2>Laim\u0117jim\u0173 i\u0161sigryninimas<\/h2>\n<p>Priklausomai, nuo laim\u0117tos sumos, skirtingas procesas yra naudojamas, surinkti j\u016bs\u0173 pinigus. Jeigu j\u016bs\u0173 laimima suma yra ma\u017eesn\u0117 nei \u20ac2500, tada galite tiesiog pasilikti pinigus paskyroje, jeigu norite nusipirkti daugiau biliet\u0173 arba jums gali jus atsi\u0173sti. Kai laimite daugiau, jums bus atsiun\u010diamas atsi\u0117mimo dokumentus, kur\u012f u\u017epildysite ir gr\u0105\u017einsite, tada pinigus jums atsi\u0173s \u010dekiu, kuriuos galite persivesti tiesiai \u012f savo banko paskyr\u0105.<\/p>\n<p>Kai laim\u0117site did\u017eiul\u012f priz\u0105, tada loto gali nor\u0117ti, jog atvyktum\u0117te gyvai, jo atsiimti. Ta\u010diau, laim\u0117jus tiek daug, \u0161ia kelione tikrai gal\u0117site pasim\u0117gauti. J\u016bs\u0173 internetinis loto bilietas k\u0105 tik laim\u0117jo pagrindin\u012f priz\u0105, tod\u0117l galite prad\u0117ti \u0161v\u0119sti su atostogomis. Kai sugr\u012f\u0161ite, gal b\u016bti prad\u0117site atostogauti visa laik\u0105 ir gal\u0117site m\u0117gautis tik poilsiu. Pasirinkimas j\u016bs\u0173!<\/p>\n","protected":false},"excerpt":{"rendered":"<p>Mes turime omenyje pasaulio did\u017eiausias loterijas Iki dabar, mes visi gal\u0117jome \u017eaisti tik bet kokias aplinkines loterijas, kurios mums prieinamos. Priklausomai, nuo ten kur gyvenate, kartas nuo karto pagrindinis prizas gali tapti labai didelis, sukurdamas labai daug \u012fdomumo, nes daug \u017emoni\u0173 renkasi pirkti loterijos biliet\u0173, nor\u0117dami sudalyvauti. Norint nusipirkti bilietus i\u0161 kit\u0173 \u0161ali\u0173 arba viet\u0173, [&hellip;]<\/p>\n","protected":false},"author":1,"featured_media":0,"parent":0,"menu_order":3,"comment_status":"closed","ping_status":"closed","template":"Information.php","meta":{"_et_pb_use_builder":"","_et_pb_old_content":"","_et_gb_content_width":"","exclude_from_search":false,"footnotes":""},"class_list":["post-5656","page","type-page","status-publish","hentry"],"yoast_head":"<!-- This site is optimized with the Yoast SEO plugin v23.4 - https:\/\/yoast.com\/wordpress\/plugins\/seo\/ -->\n<title>Pirkite internetu bilietus \u012f did\u017eiausius loterijos jackpotus planetoje<\/title>\n<meta name=\"description\" content=\"Ar vis dar perkate loterijos bilietus vietoje? Yra daug geresni\u0173 loterijos priz\u0173 - tiesiog nusipirkite bilietus internetu!\" \/>\n<meta name=\"robots\" content=\"index, follow, max-snippet:-1, max-image-preview:large, max-video-preview:-1\" \/>\n<link rel=\"canonical\" href=\"https:\/\/onlinelotto365.com\/lt\/pirkti-bilietus\/\" \/>\n<meta property=\"og:locale\" content=\"lt_LT\" \/>\n<meta property=\"og:type\" content=\"article\" \/>\n<meta property=\"og:title\" content=\"Pirkite internetu bilietus \u012f did\u017eiausius loterijos jackpotus planetoje\" \/>\n<meta property=\"og:description\" content=\"Ar vis dar perkate loterijos bilietus vietoje? Yra daug geresni\u0173 loterijos priz\u0173 - tiesiog nusipirkite bilietus internetu!\" \/>\n<meta property=\"og:url\" content=\"https:\/\/onlinelotto365.com\/lt\/pirkti-bilietus\/\" \/>\n<meta property=\"og:site_name\" content=\"OnlineLotto365\" \/>\n<meta property=\"article:modified_time\" content=\"2021-02-23T17:16:31+00:00\" \/>\n<meta property=\"og:image\" content=\"https:\/\/redfoxlotto.com\/image?size=8&amp;lottery=euromillions\" \/>\n<meta name=\"twitter:card\" content=\"summary_large_image\" \/>\n<meta name=\"twitter:label1\" content=\"Est. reading time\" \/>\n\t<meta name=\"twitter:data1\" content=\"3 minut\u0117s\" \/>\n<script type=\"application\/ld+json\" class=\"yoast-schema-graph\">{\"@context\":\"https:\/\/schema.org\",\"@graph\":[{\"@type\":\"WebPage\",\"@id\":\"https:\/\/onlinelotto365.com\/lt\/pirkti-bilietus\/\",\"url\":\"https:\/\/onlinelotto365.com\/lt\/pirkti-bilietus\/\",\"name\":\"Pirkite internetu bilietus \u012f did\u017eiausius loterijos jackpotus planetoje\",\"isPartOf\":{\"@id\":\"https:\/\/onlinelotto365.com\/lt\/#website\"},\"primaryImageOfPage\":{\"@id\":\"https:\/\/onlinelotto365.com\/lt\/pirkti-bilietus\/#primaryimage\"},\"image\":{\"@id\":\"https:\/\/onlinelotto365.com\/lt\/pirkti-bilietus\/#primaryimage\"},\"thumbnailUrl\":\"https:\/\/redfoxlotto.com\/image?size=8&amp;lottery=euromillions\",\"datePublished\":\"2020-12-04T17:47:13+00:00\",\"dateModified\":\"2021-02-23T17:16:31+00:00\",\"description\":\"Ar vis dar perkate loterijos bilietus vietoje? Yra daug geresni\u0173 loterijos priz\u0173 - tiesiog nusipirkite bilietus internetu!\",\"breadcrumb\":{\"@id\":\"https:\/\/onlinelotto365.com\/lt\/pirkti-bilietus\/#breadcrumb\"},\"inLanguage\":\"lt-LT\",\"potentialAction\":[{\"@type\":\"ReadAction\",\"target\":[\"https:\/\/onlinelotto365.com\/lt\/pirkti-bilietus\/\"]}]},{\"@type\":\"ImageObject\",\"inLanguage\":\"lt-LT\",\"@id\":\"https:\/\/onlinelotto365.com\/lt\/pirkti-bilietus\/#primaryimage\",\"url\":\"https:\/\/redfoxlotto.com\/image?size=8&amp;lottery=euromillions\",\"contentUrl\":\"https:\/\/redfoxlotto.com\/image?size=8&amp;lottery=euromillions\"},{\"@type\":\"BreadcrumbList\",\"@id\":\"https:\/\/onlinelotto365.com\/lt\/pirkti-bilietus\/#breadcrumb\",\"itemListElement\":[{\"@type\":\"ListItem\",\"position\":1,\"name\":\"Home\",\"item\":\"https:\/\/onlinelotto365.com\/lt\/\"},{\"@type\":\"ListItem\",\"position\":2,\"name\":\"Internetin\u0117 biliet\u0173 paslauga tarptautiniams loto renginiams\"}]},{\"@type\":\"WebSite\",\"@id\":\"https:\/\/onlinelotto365.com\/lt\/#website\",\"url\":\"https:\/\/onlinelotto365.com\/lt\/\",\"name\":\"OnlineLotto365\",\"description\":\"\",\"potentialAction\":[{\"@type\":\"SearchAction\",\"target\":{\"@type\":\"EntryPoint\",\"urlTemplate\":\"https:\/\/onlinelotto365.com\/lt\/?s={search_term_string}\"},\"query-input\":{\"@type\":\"PropertyValueSpecification\",\"valueRequired\":true,\"valueName\":\"search_term_string\"}}],\"inLanguage\":\"lt-LT\"}]}<\/script>\n<!-- \/ Yoast SEO plugin. -->","yoast_head_json":{"title":"Pirkite internetu bilietus \u012f did\u017eiausius loterijos jackpotus planetoje","description":"Ar vis dar perkate loterijos bilietus vietoje? Yra daug geresni\u0173 loterijos priz\u0173 - tiesiog nusipirkite bilietus internetu!","robots":{"index":"index","follow":"follow","max-snippet":"max-snippet:-1","max-image-preview":"max-image-preview:large","max-video-preview":"max-video-preview:-1"},"canonical":"https:\/\/onlinelotto365.com\/lt\/pirkti-bilietus\/","og_locale":"lt_LT","og_type":"article","og_title":"Pirkite internetu bilietus \u012f did\u017eiausius loterijos jackpotus planetoje","og_description":"Ar vis dar perkate loterijos bilietus vietoje? Yra daug geresni\u0173 loterijos priz\u0173 - tiesiog nusipirkite bilietus internetu!","og_url":"https:\/\/onlinelotto365.com\/lt\/pirkti-bilietus\/","og_site_name":"OnlineLotto365","article_modified_time":"2021-02-23T17:16:31+00:00","og_image":[{"url":"https:\/\/redfoxlotto.com\/image?size=8&amp;lottery=euromillions"}],"twitter_card":"summary_large_image","twitter_misc":{"Est. reading time":"3 minut\u0117s"},"schema":{"@context":"https:\/\/schema.org","@graph":[{"@type":"WebPage","@id":"https:\/\/onlinelotto365.com\/lt\/pirkti-bilietus\/","url":"https:\/\/onlinelotto365.com\/lt\/pirkti-bilietus\/","name":"Pirkite internetu bilietus \u012f did\u017eiausius loterijos jackpotus planetoje","isPartOf":{"@id":"https:\/\/onlinelotto365.com\/lt\/#website"},"primaryImageOfPage":{"@id":"https:\/\/onlinelotto365.com\/lt\/pirkti-bilietus\/#primaryimage"},"image":{"@id":"https:\/\/onlinelotto365.com\/lt\/pirkti-bilietus\/#primaryimage"},"thumbnailUrl":"https:\/\/redfoxlotto.com\/image?size=8&amp;lottery=euromillions","datePublished":"2020-12-04T17:47:13+00:00","dateModified":"2021-02-23T17:16:31+00:00","description":"Ar vis dar perkate loterijos bilietus vietoje? Yra daug geresni\u0173 loterijos priz\u0173 - tiesiog nusipirkite bilietus internetu!","breadcrumb":{"@id":"https:\/\/onlinelotto365.com\/lt\/pirkti-bilietus\/#breadcrumb"},"inLanguage":"lt-LT","potentialAction":[{"@type":"ReadAction","target":["https:\/\/onlinelotto365.com\/lt\/pirkti-bilietus\/"]}]},{"@type":"ImageObject","inLanguage":"lt-LT","@id":"https:\/\/onlinelotto365.com\/lt\/pirkti-bilietus\/#primaryimage","url":"https:\/\/redfoxlotto.com\/image?size=8&amp;lottery=euromillions","contentUrl":"https:\/\/redfoxlotto.com\/image?size=8&amp;lottery=euromillions"},{"@type":"BreadcrumbList","@id":"https:\/\/onlinelotto365.com\/lt\/pirkti-bilietus\/#breadcrumb","itemListElement":[{"@type":"ListItem","position":1,"name":"Home","item":"https:\/\/onlinelotto365.com\/lt\/"},{"@type":"ListItem","position":2,"name":"Internetin\u0117 biliet\u0173 paslauga tarptautiniams loto renginiams"}]},{"@type":"WebSite","@id":"https:\/\/onlinelotto365.com\/lt\/#website","url":"https:\/\/onlinelotto365.com\/lt\/","name":"OnlineLotto365","description":"","potentialAction":[{"@type":"SearchAction","target":{"@type":"EntryPoint","urlTemplate":"https:\/\/onlinelotto365.com\/lt\/?s={search_term_string}"},"query-input":{"@type":"PropertyValueSpecification","valueRequired":true,"valueName":"search_term_string"}}],"inLanguage":"lt-LT"}]}},"_links":{"self":[{"href":"https:\/\/onlinelotto365.com\/lt\/wp-json\/wp\/v2\/pages\/5656","targetHints":{"allow":["GET"]}}],"collection":[{"href":"https:\/\/onlinelotto365.com\/lt\/wp-json\/wp\/v2\/pages"}],"about":[{"href":"https:\/\/onlinelotto365.com\/lt\/wp-json\/wp\/v2\/types\/page"}],"author":[{"embeddable":true,"href":"https:\/\/onlinelotto365.com\/lt\/wp-json\/wp\/v2\/users\/1"}],"replies":[{"embeddable":true,"href":"https:\/\/onlinelotto365.com\/lt\/wp-json\/wp\/v2\/comments?post=5656"}],"version-history":[{"count":0,"href":"https:\/\/onlinelotto365.com\/lt\/wp-json\/wp\/v2\/pages\/5656\/revisions"}],"wp:attachment":[{"href":"https:\/\/onlinelotto365.com\/lt\/wp-json\/wp\/v2\/media?parent=5656"}],"curies":[{"name":"wp","href":"https:\/\/api.w.org\/{rel}","templated":true}]}}