{"id":58129,"date":"2021-03-06T15:12:31","date_gmt":"2021-03-06T14:12:31","guid":{"rendered":"https:\/\/onlinelotto365.com\/?page_id=58129"},"modified":"2022-11-08T10:20:35","modified_gmt":"2022-11-08T09:20:35","slug":"powerball","status":"publish","type":"page","link":"https:\/\/onlinelotto365.com\/lt\/zaisti\/powerball\/","title":{"rendered":"Kaip Lietuvos gyventojai gali \u017eaisti Powerball loterijoje internetu?"},"content":{"rendered":"<p>\u017daisti Powerball loterij\u0105 internetu yra gan\u0117tinai paprasta, net jeigu esate Lietuvoje. Tai taip pat gan\u0117tinai patogu.<\/p>\n<p>\u012esitikinkite, kad pasirinkote teising\u0105 loterij\u0105, pavadinimu Powerball. Tada pasirinkite savo skai\u010dius.<br \/>\n<a href=\"https:\/\/redfoxlotto.com\/play\/powerball\/?ref=a8564250a2&amp;medium=ol365\" target=\"_blank\" rel=\"noopener noreferrer\"><img loading=\"lazy\" decoding=\"async\" class=\"aligncenter\" src=\"https:\/\/redfoxlotto.com\/image?size=8&amp;lottery=powerball\" alt=\"powerball\" width=\"793\" height=\"98\" \/><\/a><\/p>\n<p>Yra metodas kuriuo m\u0117gst\u0105 naudotis daugelis \u017eaid\u0117j\u0173 &#8211; spar\u010diojo parinkimo funkcija. Viskas k\u0105 jums reikia padaryti, tai spragtel\u0117ti spar\u010dioji parinkimo funkcijos mygtuk\u0105 ir svetain\u0117 parinks jums atsitiktinius skai\u010dius.<\/p>\n<p>Kai i\u0161sirinksite savo skai\u010dius Powerball loterijai, galite pasirinkti kit\u0105 loterij\u0105, \u017eaiskite su daugiau loterijos biliet\u0173 ir prid\u0117kite juos prie savo u\u017esakymo. Kai tai padarysite, spragtel\u0117kite apmok\u0117jim\u0105 ir saugiai sumok\u0117kite u\u017e savo bilietus. \u0160iuo metu, tur\u0117site pas mus susikurti paskyr\u0105. \u017dinoma, galite pirmiausi\u0105 susikurti paskyr\u0105, ir tik tuomet pereiti prie biliet\u0173 rinkimo.<\/p>\n<p>Kai susikursite savo paskyr\u0105, j\u016bs\u0173 registracija m\u016bs\u0173 svetain\u0117je tur\u0117s b\u016bti patvirtinta. Mes jums el.pa\u0161tu i\u0161si\u0173sime patvirtinimo nuorod\u0105. Geras sprendimas yra pa\u017eym\u0117ti m\u016bs\u0173 el.pa\u0161to adres\u0105 kaip patikim\u0105. Tai u\u017etikrins, kad gausite visas svarbias \u017einutes, prane\u0161imus ir \u012fsp\u0117jimus. Tai yra vienas i\u0161 plius\u0173 \u017eaid\u017eiant Powerball internetu &#8211; niekada nepraleisite progos laim\u0117ti, nes mes jums visuomet prane\u0161ime apie loterij\u0105.<\/p>\n<p>M\u016bs\u0173 teikiamos paslaugos tikrai atved\u0117 loterij\u0173 \u017eaidim\u0105 \u012f 21-aj\u012f am\u017ei\u0173, ir tai did\u017eiausias dalykas nutik\u0119s loterijoms nuo tada kai pirm\u0105 kart\u0105 bilietai atsirado prekyboje. Jeigu nesinaudojate proga \u017eaisti \u0161ia internetine paslauga, j\u016bs tikrai daug praleid\u017eiate, j\u016bs\u0173 laukia galyb\u0117 \u0161auni\u0173 loterij\u0173.<\/p>\n<h2>Apie Powerball loterij\u0105<\/h2>\n<p><img loading=\"lazy\" decoding=\"async\" class=\"size-medium wp-image-1356 alignright\" src=\"https:\/\/onlinelotto365.com\/wp-content\/uploads\/2020\/11\/online_lottery-117-300x217.jpg\" alt=\"\u017eaisti powerball internete\" width=\"300\" height=\"217\" \/><\/p>\n<ul>\n<li>\u0160alis: JAV<\/li>\n<li>Pagrindini\u0173 skai\u010di\u0173 skal\u0117: 69<\/li>\n<li>Galim\u0173 pasirinkti skai\u010di\u0173 kiekis: 5<\/li>\n<li>Papildom\u0173 skai\u010di\u0173 skal\u0117: 26<\/li>\n<li>Galim\u0173 pasirinkti papildom\u0173 skai\u010di\u0173 kiekis: 1<\/li>\n<li>Laiming\u0173 skai\u010di\u0173 traukimo dienos, valandos: Tre\u010diadieniai, \u0160e\u0161tadieniai, 21:00 EST, +1 day 3:00 CET<\/li>\n<li>Minimalus pagrindinis prizas: 40 milijon\u0173 JAV doleri\u0173<\/li>\n<li>Pagrindinio prizo lubos: n\u0117ra<\/li>\n<li>Galimyb\u0117 laim\u0117ti Powerball loterijoje: 1 i\u0161 175.223.510<\/li>\n<li>Galimyb\u0117 laim\u0117ti antros pakopos priz\u0105: 1 i\u0161 5.006.386<\/li>\n<li>Galimyb\u0117 laim\u0117ti bet kokios pakopos priz\u0105: 1 i\u0161 24,87<\/li>\n<li>Galim\u0173 laim\u0117ti pakop\u0173 skai\u010dius: 9<\/li>\n<\/ul>\n<h2>Geriausios Powerball loterijos s\u0105vyb\u0117s<\/h2>\n<p>Nesvarbu kokios didel\u0117s j\u016bs\u0173 svajon\u0117s, Powerball loterij\u0105 turi gali\u0105 i\u0161pildyti jas visas, ir dar kelias papildomai. Pagrindiniai prizai nuolatos siekia \u0161imtus milijon\u0173 doleri\u0173, tai tikrai galite vadinti giganti\u0161ka laim\u0117jim\u0173 suma.<\/p>\n<p>Kiekvien\u0105 kart\u0105, kai niekas nelaimi pagrindinio prizo, pagrindinis prizas auga, da\u017eniausiai iki \u0161imto milijon\u0173 doleri\u0173, dviej\u0173 \u0161imt\u0173 milijon\u0173 doleri\u0173, ar net iki trij\u0173 \u0161imt\u0173 milijon\u0173 doleri\u0173. Manau dauguma m\u016bs\u0173 sutikt\u0173, kad net minimalus galimas, 40 milijon\u0173 doleri\u0173 laim\u0117jimas b\u016bt\u0173 pakankamas \u012fgyvendinti visoms m\u016bs\u0173 fantazijoms, ta\u010diau kaip kalba eina apie loterijas, kuo daugiau, tuo geriau. Taigi jeigu esate kaip dauguma \u017emoni\u0173 ir megstate \u017eaisti d\u0117l daugiau, \u0161i loterija kaip tik jums.<\/p>\n<h2>K\u0105 dar jums reikia \u017eainoti apie Powerball loterijos \u017eaidim\u0105 internetu<\/h2>\n<p><img loading=\"lazy\" decoding=\"async\" class=\"size-medium wp-image-1521 alignright\" src=\"https:\/\/onlinelotto365.com\/wp-content\/uploads\/2020\/11\/online_lottery-133-300x212.jpg\" alt=\"Powerball i\u0161 Lietuvos\" width=\"300\" height=\"212\" \/><\/p>\n<p>Powerball loterija si\u016blo i\u0161mok\u0117ti pagrindinius prizus dvejais b\u016bdais. Galite arba atsiimti vis\u0105 sum\u0105 i\u0161 karto, arba gauti 30 atskir\u0173, metini\u0173 i\u0161mok\u0173.<\/p>\n<h2>Kaip pasitikrinti Powerball loterijos rezultatus Lietuvoje<\/h2>\n<p>Yra keletas b\u016bd\u0173 kaip pasitikrinti laiminguosius skai\u010dius ir Powerball loterijos rezultatus Lietuvoje. Ta\u010diau jeigu \u017eaid\u0117te Powerball loterijoje internetu, papras\u010diausias b\u016bdas yra gr\u012f\u017eti ten kur pirkote savo bilietus. Savo paskyroje gal\u0117site palyginti savo bilietus su paskutinio skai\u010di\u0173 traukimo laimingaisiais. Taip pat gausite lai\u0161k\u0105 \u012f savo el.pa\u0161t\u0105 kai j\u016bs\u0173 bilietas k\u0105 nors laim\u0117s.<\/p>\n<h2>\u017daid\u0117t\u0117 Powerball loterijoje internetu ir laim\u0117jote &#8211; kas toliau?<\/h2>\n<p>M\u016bs\u0173 paslauga apima i\u0161mok\u0173 tvarkym\u0105 u\u017e jus. Jums nereikia r\u016bpintis, kad jums b\u016bt\u0173 i\u0161mok\u0117ta. Be to, mes neimame jokio komisinio mokes\u010dio nuo j\u016bs\u0173 laim\u0117jimo.<\/p>\n<p>Proced\u016bra priklauso nuo to, kiek laim\u0117jote. Jei laim\u0117jote 2500 eur\u0173 ar ma\u017eesn\u0119 sum\u0105, \u0161i suma bus pervesta \u012f j\u016bs\u0173 s\u0105skait\u0105 pas mus. Galite j\u0105 atsiimti arba palikti savo s\u0105skaitoje ir panaudoti daugiau internetini\u0173 loterijos biliet\u0173.<\/p>\n<p>Jei laim\u0117jote didesn\u0119 sum\u0105, mes jums el. pa\u0161tu atsi\u0173sime pretenzijos form\u0105. Tuomet tur\u0117site u\u017epildyti tam tikr\u0105 asmenin\u0119 informacij\u0105, \u012fskaitant tai, kaip nor\u0117tum\u0117te gauti i\u0161mok\u0105. Galimi du variantai: banko pavedimas arba \u010dekis. Pretenzijos form\u0105 persi\u0173sime loterijos komisijai ir ji i\u0161mok\u0117s jums pinigus pagal j\u016bs\u0173 nurodymus.<\/p>\n","protected":false},"excerpt":{"rendered":"<p>\u017daisti Powerball loterij\u0105 internetu yra gan\u0117tinai paprasta, net jeigu esate Lietuvoje. Tai taip pat gan\u0117tinai patogu. \u012esitikinkite, kad pasirinkote teising\u0105 loterij\u0105, pavadinimu Powerball. Tada pasirinkite savo skai\u010dius. Yra metodas kuriuo m\u0117gst\u0105 naudotis daugelis \u017eaid\u0117j\u0173 &#8211; spar\u010diojo parinkimo funkcija. Viskas k\u0105 jums reikia padaryti, tai spragtel\u0117ti spar\u010dioji parinkimo funkcijos mygtuk\u0105 ir svetain\u0117 parinks jums atsitiktinius skai\u010dius. [&hellip;]<\/p>\n","protected":false},"author":1,"featured_media":0,"parent":5026,"menu_order":1,"comment_status":"closed","ping_status":"closed","template":"powerball-usa.php","meta":{"_et_pb_use_builder":"","_et_pb_old_content":"","_et_gb_content_width":"","exclude_from_search":false,"footnotes":""},"class_list":["post-58129","page","type-page","status-publish","hentry"],"yoast_head":"<!-- This site is optimized with the Yoast SEO plugin v23.4 - https:\/\/yoast.com\/wordpress\/plugins\/seo\/ -->\n<title>\u017daiskite Powerball loterij\u0105 internetu Lietuvoje<\/title>\n<meta name=\"description\" content=\"\u017daiskite Powerball loterij\u0105 \u010dia - did\u017eiausia JAV loterija, galite \u017eaisti i\u0161 Lietuvos ir kit\u0173 \u0161ali\u0173\" \/>\n<meta name=\"robots\" content=\"index, follow, max-snippet:-1, max-image-preview:large, max-video-preview:-1\" \/>\n<link rel=\"canonical\" href=\"https:\/\/onlinelotto365.com\/lt\/zaisti\/powerball\/\" \/>\n<meta property=\"og:locale\" content=\"lt_LT\" \/>\n<meta property=\"og:type\" content=\"article\" \/>\n<meta property=\"og:title\" content=\"\u017daiskite Powerball loterij\u0105 internetu Lietuvoje\" \/>\n<meta property=\"og:description\" content=\"\u017daiskite Powerball loterij\u0105 \u010dia - did\u017eiausia JAV loterija, galite \u017eaisti i\u0161 Lietuvos ir kit\u0173 \u0161ali\u0173\" \/>\n<meta property=\"og:url\" content=\"https:\/\/onlinelotto365.com\/lt\/zaisti\/powerball\/\" \/>\n<meta property=\"og:site_name\" content=\"OnlineLotto365\" \/>\n<meta property=\"article:modified_time\" content=\"2022-11-08T09:20:35+00:00\" \/>\n<meta property=\"og:image\" content=\"https:\/\/redfoxlotto.com\/image?size=8&amp;lottery=powerball\" \/>\n<meta name=\"twitter:card\" content=\"summary_large_image\" \/>\n<meta name=\"twitter:label1\" content=\"Est. reading time\" \/>\n\t<meta name=\"twitter:data1\" content=\"4 minut\u0117s\" \/>\n<script type=\"application\/ld+json\" class=\"yoast-schema-graph\">{\"@context\":\"https:\/\/schema.org\",\"@graph\":[{\"@type\":\"WebPage\",\"@id\":\"https:\/\/onlinelotto365.com\/lt\/zaisti\/powerball\/\",\"url\":\"https:\/\/onlinelotto365.com\/lt\/zaisti\/powerball\/\",\"name\":\"\u017daiskite Powerball loterij\u0105 internetu Lietuvoje\",\"isPartOf\":{\"@id\":\"https:\/\/onlinelotto365.com\/lt\/#website\"},\"primaryImageOfPage\":{\"@id\":\"https:\/\/onlinelotto365.com\/lt\/zaisti\/powerball\/#primaryimage\"},\"image\":{\"@id\":\"https:\/\/onlinelotto365.com\/lt\/zaisti\/powerball\/#primaryimage\"},\"thumbnailUrl\":\"https:\/\/redfoxlotto.com\/image?size=8&amp;lottery=powerball\",\"datePublished\":\"2021-03-06T14:12:31+00:00\",\"dateModified\":\"2022-11-08T09:20:35+00:00\",\"description\":\"\u017daiskite Powerball loterij\u0105 \u010dia - did\u017eiausia JAV loterija, galite \u017eaisti i\u0161 Lietuvos ir kit\u0173 \u0161ali\u0173\",\"breadcrumb\":{\"@id\":\"https:\/\/onlinelotto365.com\/lt\/zaisti\/powerball\/#breadcrumb\"},\"inLanguage\":\"lt-LT\",\"potentialAction\":[{\"@type\":\"ReadAction\",\"target\":[\"https:\/\/onlinelotto365.com\/lt\/zaisti\/powerball\/\"]}]},{\"@type\":\"ImageObject\",\"inLanguage\":\"lt-LT\",\"@id\":\"https:\/\/onlinelotto365.com\/lt\/zaisti\/powerball\/#primaryimage\",\"url\":\"https:\/\/redfoxlotto.com\/image?size=8&amp;lottery=powerball\",\"contentUrl\":\"https:\/\/redfoxlotto.com\/image?size=8&amp;lottery=powerball\"},{\"@type\":\"BreadcrumbList\",\"@id\":\"https:\/\/onlinelotto365.com\/lt\/zaisti\/powerball\/#breadcrumb\",\"itemListElement\":[{\"@type\":\"ListItem\",\"position\":1,\"name\":\"Home\",\"item\":\"https:\/\/onlinelotto365.com\/lt\/\"},{\"@type\":\"ListItem\",\"position\":2,\"name\":\"Viskas, k\u0105 turite \u017einoti apie galimybes \u017eaisti geriausias loterijas internete\",\"item\":\"https:\/\/onlinelotto365.com\/lt\/zaisti\/\"},{\"@type\":\"ListItem\",\"position\":3,\"name\":\"Kaip Lietuvos gyventojai gali \u017eaisti Powerball loterijoje internetu?\"}]},{\"@type\":\"WebSite\",\"@id\":\"https:\/\/onlinelotto365.com\/lt\/#website\",\"url\":\"https:\/\/onlinelotto365.com\/lt\/\",\"name\":\"OnlineLotto365\",\"description\":\"\",\"potentialAction\":[{\"@type\":\"SearchAction\",\"target\":{\"@type\":\"EntryPoint\",\"urlTemplate\":\"https:\/\/onlinelotto365.com\/lt\/?s={search_term_string}\"},\"query-input\":{\"@type\":\"PropertyValueSpecification\",\"valueRequired\":true,\"valueName\":\"search_term_string\"}}],\"inLanguage\":\"lt-LT\"}]}<\/script>\n<!-- \/ Yoast SEO plugin. -->","yoast_head_json":{"title":"\u017daiskite Powerball loterij\u0105 internetu Lietuvoje","description":"\u017daiskite Powerball loterij\u0105 \u010dia - did\u017eiausia JAV loterija, galite \u017eaisti i\u0161 Lietuvos ir kit\u0173 \u0161ali\u0173","robots":{"index":"index","follow":"follow","max-snippet":"max-snippet:-1","max-image-preview":"max-image-preview:large","max-video-preview":"max-video-preview:-1"},"canonical":"https:\/\/onlinelotto365.com\/lt\/zaisti\/powerball\/","og_locale":"lt_LT","og_type":"article","og_title":"\u017daiskite Powerball loterij\u0105 internetu Lietuvoje","og_description":"\u017daiskite Powerball loterij\u0105 \u010dia - did\u017eiausia JAV loterija, galite \u017eaisti i\u0161 Lietuvos ir kit\u0173 \u0161ali\u0173","og_url":"https:\/\/onlinelotto365.com\/lt\/zaisti\/powerball\/","og_site_name":"OnlineLotto365","article_modified_time":"2022-11-08T09:20:35+00:00","og_image":[{"url":"https:\/\/redfoxlotto.com\/image?size=8&amp;lottery=powerball"}],"twitter_card":"summary_large_image","twitter_misc":{"Est. reading time":"4 minut\u0117s"},"schema":{"@context":"https:\/\/schema.org","@graph":[{"@type":"WebPage","@id":"https:\/\/onlinelotto365.com\/lt\/zaisti\/powerball\/","url":"https:\/\/onlinelotto365.com\/lt\/zaisti\/powerball\/","name":"\u017daiskite Powerball loterij\u0105 internetu Lietuvoje","isPartOf":{"@id":"https:\/\/onlinelotto365.com\/lt\/#website"},"primaryImageOfPage":{"@id":"https:\/\/onlinelotto365.com\/lt\/zaisti\/powerball\/#primaryimage"},"image":{"@id":"https:\/\/onlinelotto365.com\/lt\/zaisti\/powerball\/#primaryimage"},"thumbnailUrl":"https:\/\/redfoxlotto.com\/image?size=8&amp;lottery=powerball","datePublished":"2021-03-06T14:12:31+00:00","dateModified":"2022-11-08T09:20:35+00:00","description":"\u017daiskite Powerball loterij\u0105 \u010dia - did\u017eiausia JAV loterija, galite \u017eaisti i\u0161 Lietuvos ir kit\u0173 \u0161ali\u0173","breadcrumb":{"@id":"https:\/\/onlinelotto365.com\/lt\/zaisti\/powerball\/#breadcrumb"},"inLanguage":"lt-LT","potentialAction":[{"@type":"ReadAction","target":["https:\/\/onlinelotto365.com\/lt\/zaisti\/powerball\/"]}]},{"@type":"ImageObject","inLanguage":"lt-LT","@id":"https:\/\/onlinelotto365.com\/lt\/zaisti\/powerball\/#primaryimage","url":"https:\/\/redfoxlotto.com\/image?size=8&amp;lottery=powerball","contentUrl":"https:\/\/redfoxlotto.com\/image?size=8&amp;lottery=powerball"},{"@type":"BreadcrumbList","@id":"https:\/\/onlinelotto365.com\/lt\/zaisti\/powerball\/#breadcrumb","itemListElement":[{"@type":"ListItem","position":1,"name":"Home","item":"https:\/\/onlinelotto365.com\/lt\/"},{"@type":"ListItem","position":2,"name":"Viskas, k\u0105 turite \u017einoti apie galimybes \u017eaisti geriausias loterijas internete","item":"https:\/\/onlinelotto365.com\/lt\/zaisti\/"},{"@type":"ListItem","position":3,"name":"Kaip Lietuvos gyventojai gali \u017eaisti Powerball loterijoje internetu?"}]},{"@type":"WebSite","@id":"https:\/\/onlinelotto365.com\/lt\/#website","url":"https:\/\/onlinelotto365.com\/lt\/","name":"OnlineLotto365","description":"","potentialAction":[{"@type":"SearchAction","target":{"@type":"EntryPoint","urlTemplate":"https:\/\/onlinelotto365.com\/lt\/?s={search_term_string}"},"query-input":{"@type":"PropertyValueSpecification","valueRequired":true,"valueName":"search_term_string"}}],"inLanguage":"lt-LT"}]}},"_links":{"self":[{"href":"https:\/\/onlinelotto365.com\/lt\/wp-json\/wp\/v2\/pages\/58129","targetHints":{"allow":["GET"]}}],"collection":[{"href":"https:\/\/onlinelotto365.com\/lt\/wp-json\/wp\/v2\/pages"}],"about":[{"href":"https:\/\/onlinelotto365.com\/lt\/wp-json\/wp\/v2\/types\/page"}],"author":[{"embeddable":true,"href":"https:\/\/onlinelotto365.com\/lt\/wp-json\/wp\/v2\/users\/1"}],"replies":[{"embeddable":true,"href":"https:\/\/onlinelotto365.com\/lt\/wp-json\/wp\/v2\/comments?post=58129"}],"version-history":[{"count":0,"href":"https:\/\/onlinelotto365.com\/lt\/wp-json\/wp\/v2\/pages\/58129\/revisions"}],"up":[{"embeddable":true,"href":"https:\/\/onlinelotto365.com\/lt\/wp-json\/wp\/v2\/pages\/5026"}],"wp:attachment":[{"href":"https:\/\/onlinelotto365.com\/lt\/wp-json\/wp\/v2\/media?parent=58129"}],"curies":[{"name":"wp","href":"https:\/\/api.w.org\/{rel}","templated":true}]}}