{"id":5852,"date":"2020-12-05T09:54:17","date_gmt":"2020-12-05T08:54:17","guid":{"rendered":"http:\/\/onlinelotto365.net\/?page_id=5852"},"modified":"2021-02-23T18:12:01","modified_gmt":"2021-02-23T17:12:01","slug":"laimeti-skaiciai","status":"publish","type":"page","link":"https:\/\/onlinelotto365.com\/lt\/laimeti-skaiciai\/","title":{"rendered":"Raskite naujausi\u0173 loterij\u0173 laim\u0117jim\u0173 skai\u010di\u0173 ir rezultatus"},"content":{"rendered":"<h2>Ie\u0161kote tarptautini\u0173 loto rezultat\u0173?<\/h2>\n<p>Raskite laimin\u010dius skai\u010dius did\u017eiausioms tarptautin\u0117ms pasaulio loterijoms \u010dia. Mes atnaujiname \u0161\u012f puslap\u012f visam laikui, tod\u0117l sugr\u012f\u017ekite \u012f \u0161\u012f puslap\u012f naujausiems rezultatams, tada, kai jums j\u0173 reikia. Jeigu \u017eaid\u017eiate, bet kuriose i\u0161 t\u0173 tarptautini\u0173 loterij\u0173, mes tikim\u0117s, kad j\u016bs\u0173 bilietas turi laimin\u010dius skai\u010dius! Ir be to, ar \u017einote apie t\u0105 fakt\u0105, jog kelis kartus istorijoje, \u017eaid\u0117jai laim\u0117jo daug naudodamiesi laimin\u010diais u\u017esienio loterijos skai\u010diais, \u017eaisdami savo vietin\u0117je loterijoje?<\/p>\n<p><a href=\"https:\/\/redfoxlotto.com\/?ref=a8564250a2&amp;medium=ol365\" target=\"_blank\" rel=\"noopener noreferrer\"><img loading=\"lazy\" decoding=\"async\" class=\"aligncenter\" src=\"https:\/\/redfoxlotto.com\/image?size=8&amp;lottery=eurojackpot\" alt=\"eurojackpot\" width=\"720\" height=\"90\" \/><\/a><\/p>\n<p>Bet svarbiausia, tikriausiai ne\u017einote, kad dabar turite galimyb\u0119 dalyvauti BET KURIOJE loterijoje planetoje &#8211; net loterijose, kuriose nevyksta j\u016bs\u0173 \u0161alyje! Nesvarbu, norite lo\u0161ti Powerball, Mega Millions, Euromillions ar bet kurioje i\u0161 kit\u0173 loterij\u0173 apa\u010dioje, galite gauti bilietus internetu dabar. Jei norite dalyvauti, tiesiog paspauskite \u201ePlay\u201c mygtuk\u0105, kad gal\u0117tum\u0117te \u017eaisti savo m\u0117gstamiausi\u0105 loterij\u0105, \u0161alia rezultat\u0173 apa\u010dioje. Per kelias minutes, tur\u0117site savo bilietus. Asmeni\u0161kai, mes rekomenduojame, kad pasi\u017ei\u016br\u0117tum\u0117te \u012f pagrindini\u0173 priz\u0173 dyd\u012f ir pasirinktum\u0117te loterij\u0105, kuri \u0161iuo metu turi did\u017eiausi\u0105 pagrindin\u012f priz\u0105!<\/p>\n","protected":false},"excerpt":{"rendered":"<p>Ie\u0161kote tarptautini\u0173 loto rezultat\u0173? Raskite laimin\u010dius skai\u010dius did\u017eiausioms tarptautin\u0117ms pasaulio loterijoms \u010dia. Mes atnaujiname \u0161\u012f puslap\u012f visam laikui, tod\u0117l sugr\u012f\u017ekite \u012f \u0161\u012f puslap\u012f naujausiems rezultatams, tada, kai jums j\u0173 reikia. Jeigu \u017eaid\u017eiate, bet kuriose i\u0161 t\u0173 tarptautini\u0173 loterij\u0173, mes tikim\u0117s, kad j\u016bs\u0173 bilietas turi laimin\u010dius skai\u010dius! Ir be to, ar \u017einote apie t\u0105 fakt\u0105, jog [&hellip;]<\/p>\n","protected":false},"author":1,"featured_media":0,"parent":0,"menu_order":4,"comment_status":"closed","ping_status":"closed","template":"Results.php","meta":{"_et_pb_use_builder":"","_et_pb_old_content":"","_et_gb_content_width":"","exclude_from_search":false,"footnotes":""},"class_list":["post-5852","page","type-page","status-publish","hentry"],"yoast_head":"<!-- This site is optimized with the Yoast SEO plugin v23.4 - https:\/\/yoast.com\/wordpress\/plugins\/seo\/ -->\n<title>Laim\u0117ti loterijos numeriai ir rezultatai, skirti did\u017eiausiems pasaulio laim\u0117jimams<\/title>\n<meta name=\"description\" content=\"\u010cia rasite \u0161ios savait\u0117s loto rezultatus ir did\u017eiausi\u0173 loterij\u0173 laim\u0117jim\u0173 skai\u010dius\" \/>\n<meta name=\"robots\" content=\"index, follow, max-snippet:-1, max-image-preview:large, max-video-preview:-1\" \/>\n<link rel=\"canonical\" href=\"https:\/\/onlinelotto365.com\/lt\/laimeti-skaiciai\/\" \/>\n<meta property=\"og:locale\" content=\"lt_LT\" \/>\n<meta property=\"og:type\" content=\"article\" \/>\n<meta property=\"og:title\" content=\"Laim\u0117ti loterijos numeriai ir rezultatai, skirti did\u017eiausiems pasaulio laim\u0117jimams\" \/>\n<meta property=\"og:description\" content=\"\u010cia rasite \u0161ios savait\u0117s loto rezultatus ir did\u017eiausi\u0173 loterij\u0173 laim\u0117jim\u0173 skai\u010dius\" \/>\n<meta property=\"og:url\" content=\"https:\/\/onlinelotto365.com\/lt\/laimeti-skaiciai\/\" \/>\n<meta property=\"og:site_name\" content=\"OnlineLotto365\" \/>\n<meta property=\"article:modified_time\" content=\"2021-02-23T17:12:01+00:00\" \/>\n<meta property=\"og:image\" content=\"https:\/\/redfoxlotto.com\/image?size=8&amp;lottery=eurojackpot\" \/>\n<meta name=\"twitter:card\" content=\"summary_large_image\" \/>\n<meta name=\"twitter:label1\" content=\"Est. reading time\" \/>\n\t<meta name=\"twitter:data1\" content=\"1 minut\u0117\" \/>\n<script type=\"application\/ld+json\" class=\"yoast-schema-graph\">{\"@context\":\"https:\/\/schema.org\",\"@graph\":[{\"@type\":\"WebPage\",\"@id\":\"https:\/\/onlinelotto365.com\/lt\/laimeti-skaiciai\/\",\"url\":\"https:\/\/onlinelotto365.com\/lt\/laimeti-skaiciai\/\",\"name\":\"Laim\u0117ti loterijos numeriai ir rezultatai, skirti did\u017eiausiems pasaulio laim\u0117jimams\",\"isPartOf\":{\"@id\":\"https:\/\/onlinelotto365.com\/lt\/#website\"},\"primaryImageOfPage\":{\"@id\":\"https:\/\/onlinelotto365.com\/lt\/laimeti-skaiciai\/#primaryimage\"},\"image\":{\"@id\":\"https:\/\/onlinelotto365.com\/lt\/laimeti-skaiciai\/#primaryimage\"},\"thumbnailUrl\":\"https:\/\/redfoxlotto.com\/image?size=8&amp;lottery=eurojackpot\",\"datePublished\":\"2020-12-05T08:54:17+00:00\",\"dateModified\":\"2021-02-23T17:12:01+00:00\",\"description\":\"\u010cia rasite \u0161ios savait\u0117s loto rezultatus ir did\u017eiausi\u0173 loterij\u0173 laim\u0117jim\u0173 skai\u010dius\",\"breadcrumb\":{\"@id\":\"https:\/\/onlinelotto365.com\/lt\/laimeti-skaiciai\/#breadcrumb\"},\"inLanguage\":\"lt-LT\",\"potentialAction\":[{\"@type\":\"ReadAction\",\"target\":[\"https:\/\/onlinelotto365.com\/lt\/laimeti-skaiciai\/\"]}]},{\"@type\":\"ImageObject\",\"inLanguage\":\"lt-LT\",\"@id\":\"https:\/\/onlinelotto365.com\/lt\/laimeti-skaiciai\/#primaryimage\",\"url\":\"https:\/\/redfoxlotto.com\/image?size=8&amp;lottery=eurojackpot\",\"contentUrl\":\"https:\/\/redfoxlotto.com\/image?size=8&amp;lottery=eurojackpot\"},{\"@type\":\"BreadcrumbList\",\"@id\":\"https:\/\/onlinelotto365.com\/lt\/laimeti-skaiciai\/#breadcrumb\",\"itemListElement\":[{\"@type\":\"ListItem\",\"position\":1,\"name\":\"Home\",\"item\":\"https:\/\/onlinelotto365.com\/lt\/\"},{\"@type\":\"ListItem\",\"position\":2,\"name\":\"Raskite naujausi\u0173 loterij\u0173 laim\u0117jim\u0173 skai\u010di\u0173 ir rezultatus\"}]},{\"@type\":\"WebSite\",\"@id\":\"https:\/\/onlinelotto365.com\/lt\/#website\",\"url\":\"https:\/\/onlinelotto365.com\/lt\/\",\"name\":\"OnlineLotto365\",\"description\":\"\",\"potentialAction\":[{\"@type\":\"SearchAction\",\"target\":{\"@type\":\"EntryPoint\",\"urlTemplate\":\"https:\/\/onlinelotto365.com\/lt\/?s={search_term_string}\"},\"query-input\":{\"@type\":\"PropertyValueSpecification\",\"valueRequired\":true,\"valueName\":\"search_term_string\"}}],\"inLanguage\":\"lt-LT\"}]}<\/script>\n<!-- \/ Yoast SEO plugin. -->","yoast_head_json":{"title":"Laim\u0117ti loterijos numeriai ir rezultatai, skirti did\u017eiausiems pasaulio laim\u0117jimams","description":"\u010cia rasite \u0161ios savait\u0117s loto rezultatus ir did\u017eiausi\u0173 loterij\u0173 laim\u0117jim\u0173 skai\u010dius","robots":{"index":"index","follow":"follow","max-snippet":"max-snippet:-1","max-image-preview":"max-image-preview:large","max-video-preview":"max-video-preview:-1"},"canonical":"https:\/\/onlinelotto365.com\/lt\/laimeti-skaiciai\/","og_locale":"lt_LT","og_type":"article","og_title":"Laim\u0117ti loterijos numeriai ir rezultatai, skirti did\u017eiausiems pasaulio laim\u0117jimams","og_description":"\u010cia rasite \u0161ios savait\u0117s loto rezultatus ir did\u017eiausi\u0173 loterij\u0173 laim\u0117jim\u0173 skai\u010dius","og_url":"https:\/\/onlinelotto365.com\/lt\/laimeti-skaiciai\/","og_site_name":"OnlineLotto365","article_modified_time":"2021-02-23T17:12:01+00:00","og_image":[{"url":"https:\/\/redfoxlotto.com\/image?size=8&amp;lottery=eurojackpot"}],"twitter_card":"summary_large_image","twitter_misc":{"Est. reading time":"1 minut\u0117"},"schema":{"@context":"https:\/\/schema.org","@graph":[{"@type":"WebPage","@id":"https:\/\/onlinelotto365.com\/lt\/laimeti-skaiciai\/","url":"https:\/\/onlinelotto365.com\/lt\/laimeti-skaiciai\/","name":"Laim\u0117ti loterijos numeriai ir rezultatai, skirti did\u017eiausiems pasaulio laim\u0117jimams","isPartOf":{"@id":"https:\/\/onlinelotto365.com\/lt\/#website"},"primaryImageOfPage":{"@id":"https:\/\/onlinelotto365.com\/lt\/laimeti-skaiciai\/#primaryimage"},"image":{"@id":"https:\/\/onlinelotto365.com\/lt\/laimeti-skaiciai\/#primaryimage"},"thumbnailUrl":"https:\/\/redfoxlotto.com\/image?size=8&amp;lottery=eurojackpot","datePublished":"2020-12-05T08:54:17+00:00","dateModified":"2021-02-23T17:12:01+00:00","description":"\u010cia rasite \u0161ios savait\u0117s loto rezultatus ir did\u017eiausi\u0173 loterij\u0173 laim\u0117jim\u0173 skai\u010dius","breadcrumb":{"@id":"https:\/\/onlinelotto365.com\/lt\/laimeti-skaiciai\/#breadcrumb"},"inLanguage":"lt-LT","potentialAction":[{"@type":"ReadAction","target":["https:\/\/onlinelotto365.com\/lt\/laimeti-skaiciai\/"]}]},{"@type":"ImageObject","inLanguage":"lt-LT","@id":"https:\/\/onlinelotto365.com\/lt\/laimeti-skaiciai\/#primaryimage","url":"https:\/\/redfoxlotto.com\/image?size=8&amp;lottery=eurojackpot","contentUrl":"https:\/\/redfoxlotto.com\/image?size=8&amp;lottery=eurojackpot"},{"@type":"BreadcrumbList","@id":"https:\/\/onlinelotto365.com\/lt\/laimeti-skaiciai\/#breadcrumb","itemListElement":[{"@type":"ListItem","position":1,"name":"Home","item":"https:\/\/onlinelotto365.com\/lt\/"},{"@type":"ListItem","position":2,"name":"Raskite naujausi\u0173 loterij\u0173 laim\u0117jim\u0173 skai\u010di\u0173 ir rezultatus"}]},{"@type":"WebSite","@id":"https:\/\/onlinelotto365.com\/lt\/#website","url":"https:\/\/onlinelotto365.com\/lt\/","name":"OnlineLotto365","description":"","potentialAction":[{"@type":"SearchAction","target":{"@type":"EntryPoint","urlTemplate":"https:\/\/onlinelotto365.com\/lt\/?s={search_term_string}"},"query-input":{"@type":"PropertyValueSpecification","valueRequired":true,"valueName":"search_term_string"}}],"inLanguage":"lt-LT"}]}},"_links":{"self":[{"href":"https:\/\/onlinelotto365.com\/lt\/wp-json\/wp\/v2\/pages\/5852","targetHints":{"allow":["GET"]}}],"collection":[{"href":"https:\/\/onlinelotto365.com\/lt\/wp-json\/wp\/v2\/pages"}],"about":[{"href":"https:\/\/onlinelotto365.com\/lt\/wp-json\/wp\/v2\/types\/page"}],"author":[{"embeddable":true,"href":"https:\/\/onlinelotto365.com\/lt\/wp-json\/wp\/v2\/users\/1"}],"replies":[{"embeddable":true,"href":"https:\/\/onlinelotto365.com\/lt\/wp-json\/wp\/v2\/comments?post=5852"}],"version-history":[{"count":0,"href":"https:\/\/onlinelotto365.com\/lt\/wp-json\/wp\/v2\/pages\/5852\/revisions"}],"wp:attachment":[{"href":"https:\/\/onlinelotto365.com\/lt\/wp-json\/wp\/v2\/media?parent=5852"}],"curies":[{"name":"wp","href":"https:\/\/api.w.org\/{rel}","templated":true}]}}