{"id":79119,"date":"2022-11-01T12:07:38","date_gmt":"2022-11-01T11:07:38","guid":{"rendered":"https:\/\/onlinelotto365.com\/?page_id=79119"},"modified":"2022-11-30T11:00:26","modified_gmt":"2022-11-30T10:00:26","slug":"mon-wed-lotto","status":"publish","type":"page","link":"https:\/\/onlinelotto365.com\/lt\/zaisti\/mon-wed-lotto\/","title":{"rendered":"\u017daisti &#8222;Mon &#038; Wed Lotto Australia&#8221; yra tik viena i\u0161 galimybi\u0173 loterijos gerb\u0117jams i\u0161 Lietuvos."},"content":{"rendered":"<h2>Kaip \u017eaisti Mon &amp; Wed Lotto Australia internete<\/h2>\n<p>Jei esate Lietuvoje, \u017eaisti Mon &amp; Wed Lotto Australia internetu neturi b\u016bti sunku. Jums tereikia sugalvoti, kokiu b\u016bdu tai darysite ir kaip gausite norimus bilietus kitam lo\u0161imui. Mes galime jums pad\u0117ti.<\/p>\n<p>M\u016bs\u0173 sistema pasir\u016bpins, kad vis\u0105 keli\u0105 eitum\u0117te teisingu keliu. Jums tereikia susikurti paskyr\u0105, pasirinkti norimus bilietus ir numerius, o tada sumok\u0117ti u\u017e juos pageidaujamu mok\u0117jimo b\u016bdu. Lygiai taip pat b\u016bsite pasiruo\u0161\u0119 ir lauksite kito burt\u0173 traukimo, kad gal\u0117tum\u0117te patikrinti savo bilietus.<\/p>\n<p>Jei esate pasireng\u0119 i\u0161sirinkti pirmuosius bilietus, jums tereikia pasirinkti tinkam\u0105 \u017eaidim\u0105. \u0160iuo atveju kalbame apie &#8222;Mon &amp; Wed Lotto Australia&#8221;. Taigi, pasirinkite tinkam\u0105 \u017eaidim\u0105 ir prad\u0117kite rinkti skai\u010dius.<br \/>\nArba pasirinkite greit\u0105j\u012f pasirinkim\u0105, kai kompiuteris u\u017e jus parinks atsitiktinius skai\u010dius. Jei persigalvosite, tuos skai\u010dius dar gal\u0117site pakoreguoti, kad kiekviename tira\u017ee gautum\u0117te norimus skai\u010dius.<\/p>\n<p>Kai i\u0161sirinksite &#8222;Mon &amp; Wed Lotto Australia&#8221; numerius, galite i\u0161sirinkti kit\u0173 \u017eaidim\u0173, kuriuos norite \u017eaisti, bilietus ir i\u0161siregistruoti. Atsiskaitymo procesas yra saugus ir patikimas, be to, u\u017etikrinama, kad bilietus perkate b\u016btent j\u016bs. Tur\u0117site patvirtinti savo paskyr\u0105 (ir j\u0105 susikurti), o tada gal\u0117site prad\u0117ti pirkti bet kokius norimus bilietus.<\/p>\n<p>Tiesiog susikurkite paskyr\u0105 su savo asmenine informacija ir paspauskite nuorod\u0105 m\u016bs\u0173 atsi\u0173stame patvirtinimo el. lai\u0161ke. Jis gali b\u016bti j\u016bs\u0173 nepageidaujam\u0173 lai\u0161k\u0173 aplanke, jei dar ne\u012ftrauk\u0117te m\u016bs\u0173 \u012f savo adres\u0173 knygel\u0119, tod\u0117l \u012fsitikinkite, kad j\u012f stebite. Po to j\u016bs\u0173 paskyra bus paruo\u0161ta ir gal\u0117site prad\u0117ti pirkti visus norimus bilietus.<\/p>\n<p><a href=\"https:\/\/redfoxlotto.com\/play\/monday-wednesday-lotto-au\/?ref=a8564250a2&amp;medium=ol365\" target=\"_blank\" rel=\"noopener noreferrer\"><img decoding=\"async\" class=\"aligncenter\" src=\"https:\/\/redfoxlotto.com\/image?size=8&amp;lottery=monday-wednesday-lotto-au\" alt=\"Mon &amp; Wed Lotto Australia\" \/><\/a><\/p>\n<h2>Apie &#8222;Mon &amp; Wed Lotto Australia<\/h2>\n<ul>\n<li>\u0160alis: Loto Lotto Lotto Lietuva: Australien<\/li>\n<li>Pagrindini\u0173 skai\u010di\u0173 diapazonas: 45<\/li>\n<li>Turite pasirinkti: 6<\/li>\n<li>Dienos, valandos: Pirmadienis, tre\u010diadienis, 21:30 GMT+11 &#8211; 10:30 CET<\/li>\n<li>Jackpoto prad\u017eia: AU$ 2,5 mln.<\/li>\n<li>Did\u017eiausia laim\u0117jimo suma: fiksuotas pagrindinis prizas<\/li>\n<li>Galimyb\u0117 laim\u0117ti pagrindin\u012f priz\u0105: 1 i\u0161 8145060<\/li>\n<li>Galimyb\u0117 laim\u0117ti antr\u0105j\u012f priz\u0105: 1 i\u0161 678755<\/li>\n<li>Galimyb\u0117 laim\u0117ti bet kur\u012f priz\u0105: 1 i\u0161 85,44<\/li>\n<li>Priz\u0173 kategorij\u0173 skai\u010dius: 6<\/li>\n<\/ul>\n<h2>Geriausios &#8222;Mon &amp; Wed Lotto Australia&#8221; funkcijos<\/h2>\n<p>Du kartus per savait\u0119 rengiamas &#8222;Mon &amp; Wed Lotto Australia&#8221; suteikia jums galimyb\u0119 laim\u0117ti milijoninius prizus. Jums tereikia suteikti \u0161ans\u0105 ir patekti \u012f 1 skyriaus priz\u0173 fond\u0105. Niekada ne\u017einai, k\u0105 gali laim\u0117ti.<\/p>\n<h2>Kaip patikrinti &#8222;Mon &amp; Wed Lotto Australia&#8221; rezultatus<\/h2>\n<p>Kai reikia patikrinti rezultatus, galite nustebti, \u012f kokias vietas galite nueiti. Galite apsilankyti loterijos interneto svetain\u0117je ir su\u017einoti skai\u010dius i\u0161kart po burt\u0173 traukimo. Taip pat po burt\u0173 traukimo galite patikrinti vietos laikra\u0161\u010dius ir televizijos stotis.<br \/>\nTa\u010diau jei norite greitai ir lengvai su\u017einoti rezultatus, tur\u0117tum\u0117te patikrinti m\u016bs\u0173 svetain\u0119, kurioje nusipirkote bilietus. \u010cia rasite ne tik laim\u0117jusius skai\u010dius, bet ir palyginim\u0105 su savo skai\u010diais.<\/p>\n<h2>\u017daid\u0117te &#8222;Mon &amp; Wed Lotto Australia&#8221; internetu ir laim\u0117jote &#8211; kas bus toliau?<\/h2>\n<p>Per\u017ei\u016br\u0117kite laimin\u010dius skai\u010dius, savo numerius ir kiek laim\u0117jote \u017eaidime. Jei laim\u0117jote ma\u017eiau nei 2500 eur\u0173, jums nieko nereik\u0117s daryti. Pinigai jau bus j\u016bs\u0173 s\u0105skaitoje.<br \/>\nO kai pinigai atsidurs j\u016bs\u0173 s\u0105skaitoje, beliks juos tik atsiimti (jei jie vir\u0161ija 10 \u20ac) arba i\u0161leisti dar keliems loterijos bilietams. Galite palikti juos savo s\u0105skaitoje ir i\u0161leisti tiek laiko, kiek norite, tod\u0117l jie visada bus j\u016bs\u0173 s\u0105skaitoje.<br \/>\nTa\u010diau jei jums pasiseks ir laim\u0117site daugiau nei 2500 \u20ac, gausite prane\u0161im\u0105 i\u0161 m\u016bs\u0173 palaikymo komandos. Jie pad\u0117s jums i\u0161siai\u0161kinti tolesnius veiksmus, \u012fskaitant reikalavimo formos u\u017epildym\u0105, kad gautum\u0117te savo laim\u0117jim\u0105. O tada j\u016bs\u0173 pinigai bus pervesti tiesiai \u012f j\u016bs\u0173 banko s\u0105skait\u0105 arba i\u0161si\u0173sti jums \u010dekiu.<\/p>\n","protected":false},"excerpt":{"rendered":"<p>Kaip \u017eaisti Mon &amp; Wed Lotto Australia internete Jei esate Lietuvoje, \u017eaisti Mon &amp; Wed Lotto Australia internetu neturi b\u016bti sunku. Jums tereikia sugalvoti, kokiu b\u016bdu tai darysite ir kaip gausite norimus bilietus kitam lo\u0161imui. Mes galime jums pad\u0117ti. M\u016bs\u0173 sistema pasir\u016bpins, kad vis\u0105 keli\u0105 eitum\u0117te teisingu keliu. Jums tereikia susikurti paskyr\u0105, pasirinkti norimus bilietus [&hellip;]<\/p>\n","protected":false},"author":1,"featured_media":0,"parent":5026,"menu_order":16,"comment_status":"closed","ping_status":"closed","template":"template-rightsidebar.php","meta":{"_et_pb_use_builder":"","_et_pb_old_content":"","_et_gb_content_width":"","exclude_from_search":false,"footnotes":""},"class_list":["post-79119","page","type-page","status-publish","hentry"],"yoast_head":"<!-- This site is optimized with the Yoast SEO plugin v23.4 - https:\/\/yoast.com\/wordpress\/plugins\/seo\/ -->\n<title>Dalyvaukite Mon &amp; Wed Lotto Australia net i\u0161 Lietuvos<\/title>\n<meta name=\"description\" content=\"Norite \u017eaisti Australijos &quot;Mon &amp; Wed Lotto&quot;? Gaukite bilietus \u010dia!\" \/>\n<meta name=\"robots\" content=\"index, follow, max-snippet:-1, max-image-preview:large, max-video-preview:-1\" \/>\n<link rel=\"canonical\" href=\"https:\/\/onlinelotto365.com\/lt\/zaisti\/mon-wed-lotto\/\" \/>\n<meta property=\"og:locale\" content=\"lt_LT\" \/>\n<meta property=\"og:type\" content=\"article\" \/>\n<meta property=\"og:title\" content=\"Dalyvaukite Mon &amp; Wed Lotto Australia net i\u0161 Lietuvos\" \/>\n<meta property=\"og:description\" content=\"Norite \u017eaisti Australijos &quot;Mon &amp; Wed Lotto&quot;? Gaukite bilietus \u010dia!\" \/>\n<meta property=\"og:url\" content=\"https:\/\/onlinelotto365.com\/lt\/zaisti\/mon-wed-lotto\/\" \/>\n<meta property=\"og:site_name\" content=\"OnlineLotto365\" \/>\n<meta property=\"article:modified_time\" content=\"2022-11-30T10:00:26+00:00\" \/>\n<meta property=\"og:image\" content=\"https:\/\/redfoxlotto.com\/image?size=8&amp;lottery=monday-wednesday-lotto-au\" \/>\n<meta name=\"twitter:card\" content=\"summary_large_image\" \/>\n<meta name=\"twitter:label1\" content=\"Est. reading time\" \/>\n\t<meta name=\"twitter:data1\" content=\"3 minut\u0117s\" \/>\n<script type=\"application\/ld+json\" class=\"yoast-schema-graph\">{\"@context\":\"https:\/\/schema.org\",\"@graph\":[{\"@type\":\"WebPage\",\"@id\":\"https:\/\/onlinelotto365.com\/lt\/zaisti\/mon-wed-lotto\/\",\"url\":\"https:\/\/onlinelotto365.com\/lt\/zaisti\/mon-wed-lotto\/\",\"name\":\"Dalyvaukite Mon & Wed Lotto Australia net i\u0161 Lietuvos\",\"isPartOf\":{\"@id\":\"https:\/\/onlinelotto365.com\/lt\/#website\"},\"primaryImageOfPage\":{\"@id\":\"https:\/\/onlinelotto365.com\/lt\/zaisti\/mon-wed-lotto\/#primaryimage\"},\"image\":{\"@id\":\"https:\/\/onlinelotto365.com\/lt\/zaisti\/mon-wed-lotto\/#primaryimage\"},\"thumbnailUrl\":\"https:\/\/redfoxlotto.com\/image?size=8&amp;lottery=monday-wednesday-lotto-au\",\"datePublished\":\"2022-11-01T11:07:38+00:00\",\"dateModified\":\"2022-11-30T10:00:26+00:00\",\"description\":\"Norite \u017eaisti Australijos \\\"Mon & Wed Lotto\\\"? Gaukite bilietus \u010dia!\",\"breadcrumb\":{\"@id\":\"https:\/\/onlinelotto365.com\/lt\/zaisti\/mon-wed-lotto\/#breadcrumb\"},\"inLanguage\":\"lt-LT\",\"potentialAction\":[{\"@type\":\"ReadAction\",\"target\":[\"https:\/\/onlinelotto365.com\/lt\/zaisti\/mon-wed-lotto\/\"]}]},{\"@type\":\"ImageObject\",\"inLanguage\":\"lt-LT\",\"@id\":\"https:\/\/onlinelotto365.com\/lt\/zaisti\/mon-wed-lotto\/#primaryimage\",\"url\":\"https:\/\/redfoxlotto.com\/image?size=8&amp;lottery=monday-wednesday-lotto-au\",\"contentUrl\":\"https:\/\/redfoxlotto.com\/image?size=8&amp;lottery=monday-wednesday-lotto-au\"},{\"@type\":\"BreadcrumbList\",\"@id\":\"https:\/\/onlinelotto365.com\/lt\/zaisti\/mon-wed-lotto\/#breadcrumb\",\"itemListElement\":[{\"@type\":\"ListItem\",\"position\":1,\"name\":\"Home\",\"item\":\"https:\/\/onlinelotto365.com\/lt\/\"},{\"@type\":\"ListItem\",\"position\":2,\"name\":\"Viskas, k\u0105 turite \u017einoti apie galimybes \u017eaisti geriausias loterijas internete\",\"item\":\"https:\/\/onlinelotto365.com\/lt\/zaisti\/\"},{\"@type\":\"ListItem\",\"position\":3,\"name\":\"\u017daisti &#8220;Mon &#038; Wed Lotto Australia&#8221; yra tik viena i\u0161 galimybi\u0173 loterijos gerb\u0117jams i\u0161 Lietuvos.\"}]},{\"@type\":\"WebSite\",\"@id\":\"https:\/\/onlinelotto365.com\/lt\/#website\",\"url\":\"https:\/\/onlinelotto365.com\/lt\/\",\"name\":\"OnlineLotto365\",\"description\":\"\",\"potentialAction\":[{\"@type\":\"SearchAction\",\"target\":{\"@type\":\"EntryPoint\",\"urlTemplate\":\"https:\/\/onlinelotto365.com\/lt\/?s={search_term_string}\"},\"query-input\":{\"@type\":\"PropertyValueSpecification\",\"valueRequired\":true,\"valueName\":\"search_term_string\"}}],\"inLanguage\":\"lt-LT\"}]}<\/script>\n<!-- \/ Yoast SEO plugin. -->","yoast_head_json":{"title":"Dalyvaukite Mon & Wed Lotto Australia net i\u0161 Lietuvos","description":"Norite \u017eaisti Australijos \"Mon & Wed Lotto\"? Gaukite bilietus \u010dia!","robots":{"index":"index","follow":"follow","max-snippet":"max-snippet:-1","max-image-preview":"max-image-preview:large","max-video-preview":"max-video-preview:-1"},"canonical":"https:\/\/onlinelotto365.com\/lt\/zaisti\/mon-wed-lotto\/","og_locale":"lt_LT","og_type":"article","og_title":"Dalyvaukite Mon & Wed Lotto Australia net i\u0161 Lietuvos","og_description":"Norite \u017eaisti Australijos \"Mon & Wed Lotto\"? Gaukite bilietus \u010dia!","og_url":"https:\/\/onlinelotto365.com\/lt\/zaisti\/mon-wed-lotto\/","og_site_name":"OnlineLotto365","article_modified_time":"2022-11-30T10:00:26+00:00","og_image":[{"url":"https:\/\/redfoxlotto.com\/image?size=8&amp;lottery=monday-wednesday-lotto-au"}],"twitter_card":"summary_large_image","twitter_misc":{"Est. reading time":"3 minut\u0117s"},"schema":{"@context":"https:\/\/schema.org","@graph":[{"@type":"WebPage","@id":"https:\/\/onlinelotto365.com\/lt\/zaisti\/mon-wed-lotto\/","url":"https:\/\/onlinelotto365.com\/lt\/zaisti\/mon-wed-lotto\/","name":"Dalyvaukite Mon & Wed Lotto Australia net i\u0161 Lietuvos","isPartOf":{"@id":"https:\/\/onlinelotto365.com\/lt\/#website"},"primaryImageOfPage":{"@id":"https:\/\/onlinelotto365.com\/lt\/zaisti\/mon-wed-lotto\/#primaryimage"},"image":{"@id":"https:\/\/onlinelotto365.com\/lt\/zaisti\/mon-wed-lotto\/#primaryimage"},"thumbnailUrl":"https:\/\/redfoxlotto.com\/image?size=8&amp;lottery=monday-wednesday-lotto-au","datePublished":"2022-11-01T11:07:38+00:00","dateModified":"2022-11-30T10:00:26+00:00","description":"Norite \u017eaisti Australijos \"Mon & Wed Lotto\"? Gaukite bilietus \u010dia!","breadcrumb":{"@id":"https:\/\/onlinelotto365.com\/lt\/zaisti\/mon-wed-lotto\/#breadcrumb"},"inLanguage":"lt-LT","potentialAction":[{"@type":"ReadAction","target":["https:\/\/onlinelotto365.com\/lt\/zaisti\/mon-wed-lotto\/"]}]},{"@type":"ImageObject","inLanguage":"lt-LT","@id":"https:\/\/onlinelotto365.com\/lt\/zaisti\/mon-wed-lotto\/#primaryimage","url":"https:\/\/redfoxlotto.com\/image?size=8&amp;lottery=monday-wednesday-lotto-au","contentUrl":"https:\/\/redfoxlotto.com\/image?size=8&amp;lottery=monday-wednesday-lotto-au"},{"@type":"BreadcrumbList","@id":"https:\/\/onlinelotto365.com\/lt\/zaisti\/mon-wed-lotto\/#breadcrumb","itemListElement":[{"@type":"ListItem","position":1,"name":"Home","item":"https:\/\/onlinelotto365.com\/lt\/"},{"@type":"ListItem","position":2,"name":"Viskas, k\u0105 turite \u017einoti apie galimybes \u017eaisti geriausias loterijas internete","item":"https:\/\/onlinelotto365.com\/lt\/zaisti\/"},{"@type":"ListItem","position":3,"name":"\u017daisti &#8220;Mon &#038; Wed Lotto Australia&#8221; yra tik viena i\u0161 galimybi\u0173 loterijos gerb\u0117jams i\u0161 Lietuvos."}]},{"@type":"WebSite","@id":"https:\/\/onlinelotto365.com\/lt\/#website","url":"https:\/\/onlinelotto365.com\/lt\/","name":"OnlineLotto365","description":"","potentialAction":[{"@type":"SearchAction","target":{"@type":"EntryPoint","urlTemplate":"https:\/\/onlinelotto365.com\/lt\/?s={search_term_string}"},"query-input":{"@type":"PropertyValueSpecification","valueRequired":true,"valueName":"search_term_string"}}],"inLanguage":"lt-LT"}]}},"_links":{"self":[{"href":"https:\/\/onlinelotto365.com\/lt\/wp-json\/wp\/v2\/pages\/79119","targetHints":{"allow":["GET"]}}],"collection":[{"href":"https:\/\/onlinelotto365.com\/lt\/wp-json\/wp\/v2\/pages"}],"about":[{"href":"https:\/\/onlinelotto365.com\/lt\/wp-json\/wp\/v2\/types\/page"}],"author":[{"embeddable":true,"href":"https:\/\/onlinelotto365.com\/lt\/wp-json\/wp\/v2\/users\/1"}],"replies":[{"embeddable":true,"href":"https:\/\/onlinelotto365.com\/lt\/wp-json\/wp\/v2\/comments?post=79119"}],"version-history":[{"count":0,"href":"https:\/\/onlinelotto365.com\/lt\/wp-json\/wp\/v2\/pages\/79119\/revisions"}],"up":[{"embeddable":true,"href":"https:\/\/onlinelotto365.com\/lt\/wp-json\/wp\/v2\/pages\/5026"}],"wp:attachment":[{"href":"https:\/\/onlinelotto365.com\/lt\/wp-json\/wp\/v2\/media?parent=79119"}],"curies":[{"name":"wp","href":"https:\/\/api.w.org\/{rel}","templated":true}]}}