{"id":79151,"date":"2022-11-01T14:41:46","date_gmt":"2022-11-01T13:41:46","guid":{"rendered":"https:\/\/onlinelotto365.com\/?page_id=79151"},"modified":"2022-11-01T14:54:53","modified_gmt":"2022-11-01T13:54:53","slug":"euromillions","status":"publish","type":"page","link":"https:\/\/onlinelotto365.com\/lt\/zaisti\/euromillions\/","title":{"rendered":"&#8222;EuroMillions&#8221; yra did\u017eiausia Europos loterija"},"content":{"rendered":"<p>&#8222;EuroMillions&#8221; prasid\u0117jo 2004 m. kaip Pranc\u016bzijos, Ispanijos ir Jungtin\u0117s Karalyst\u0117s nacionalini\u0173 loterij\u0173 organizatori\u0173 bendradarbiavimo rezultatas.Susitarimui tarp \u0161ali\u0173 sudaryti prireik\u0117 de\u0161imties met\u0173, tod\u0117l, kai tik jis prasid\u0117jo, buvo neabejotinai labai gerai organizuotas, kaip ir iki \u0161iol.<\/p>\n<p>Buvo planuojama \u0161i\u0173 trij\u0173 \u0161ali\u0173 loterij\u0173 \u017eaid\u0117jams suteikti galimyb\u0119 \u017eaisti d\u0117l daug didesni\u0173 laim\u0117jim\u0173, nei buvo galima anks\u010diau. Kadangi did\u017eiuliai prizai yra tai, kas \u010dia sukelia didel\u012f a\u017eiota\u017e\u0105, buvo tikimasi, kad naujoji loterija taps did\u017eiuliu hitu ir kas savait\u0119 generuos fantasti\u0161kus prizus. Taip ir nutiko.<\/p>\n<p>Loterijai sulaukus vis didesn\u0117s s\u0117km\u0117s, prie partneryst\u0117s prisijung\u0117 daugiau \u0161ali\u0173, ir \u0161iandien i\u0161 viso joje dalyvauja devynios skirtingos \u0161alys. Loterijos prizai visada yra vieni did\u017eiausi\u0173 visame pasaulyje: j\u0173 dydis prasideda nuo 17 milijon\u0173 eur\u0173 ir toliau auga.<\/p>\n<h2>Norint \u017eaisti \u0161ioje loterijoje, nebereikia gyventi n\u0117 vienoje i\u0161 \u0161i\u0173 \u0161ali\u0173<\/h2>\n<p>Kadangi &#8222;EuroMillions&#8221; istori\u0161kai buvo si\u016bloma tik devyniose atrinktose Europos \u0161alyse, dauguma m\u016bs\u0173 \u010dia liko nuo\u0161alyje d\u0117l galimyb\u0117s m\u0117gautis \u017eaidimu \u0161ioje loterijoje. Ties\u0105 sakant, iki pastarojo meto apie \u0161i\u0105 loterij\u0105 net negalvojome.<\/p>\n<p>I\u0161prus\u0119 loterij\u0173 \u017eaid\u0117jai i\u0161 Australijos ir kit\u0173 \u0161ali\u0173, tie i\u0161 m\u016bs\u0173, kurie \u017eino, dabar supranta, kad fiziniai barjerai loterij\u0173 pasaulyje nebeegzistuoja. Ties\u0105 sakant, tam tikra prasme jos vis dar egzistuoja, nes vis dar reikia \u012fsigyti loterijos &#8222;EuroMillions&#8221; ir kit\u0173 loterij\u0173 visame pasaulyje bilietus. \u017dinoma, j\u016bs neketinate du kartus per savait\u0119 keliauti ten i\u0161 Australijos, kad nusipirktum\u0117te bilietus, nes tai u\u017eimt\u0173 juokingai daug laiko ir pinig\u0173. Galite pasamdyti \u017emog\u0173, gyvenant\u012f \u0161alyse, i\u0161 kuri\u0173 norite pirkti loterijos bilietus, ta\u010diau tam prireikt\u0173 daugiau \u017eini\u0173 ir pastang\u0173, nei dauguma \u017emoni\u0173 kada nors sugalvot\u0173 skirti.<\/p>\n<p><a href=\"https:\/\/redfoxlotto.com\/play\/euromillions\/?ref=a8564250a2&amp;medium=ol365\" target=\"_blank\" rel=\"noopener noreferrer\"><img loading=\"lazy\" decoding=\"async\" class=\"aligncenter\" src=\"https:\/\/redfoxlotto.com\/image?size=8&amp;lottery=euromillions\" alt=\"euromillions\" width=\"720\" height=\"90\" \/><\/a><\/p>\n<p>I\u0161eitis &#8211; papras\u010diausiai pirkti juos internetu, tiesiog i\u0161 nam\u0173, o gerbiama ir patikima tarnyba pasir\u016bpins visais j\u016bs\u0173 poreikiais, \u012fskaitant biliet\u0173 pirkim\u0105 j\u016bs\u0173 vardu, biliet\u0173 saugojim\u0105, skai\u010di\u0173 tikrinim\u0105, prane\u0161im\u0105 apie laim\u0117jim\u0105 ir pagalb\u0105 atsiimant laim\u0117jim\u0105.<\/p>\n<p>\u0160i naujoji paslauga \u012fgyvendina \u017emoni\u0173 svajones &#8211; galimyb\u0117 pirkti loterijos bilietus internetu ir gauti visk\u0105, kuo u\u017e juos bus pasir\u016bpinta, tapo realybe. Galite ne tik labai patogiai nusipirkti visus norimus &#8222;EuroMillions&#8221; bilietus, bet ir internetu \u012fsigyti vis\u0173 did\u017eiausi\u0173 ir populiariausi\u0173 pasaulio loterij\u0173 bilietus.<\/p>\n<h2>Kaip sumok\u0117ti u\u017e &#8222;Euromillions&#8221; biliet\u0105 internetu<\/h2>\n<p>Yra keletas mok\u0117jimo b\u016bd\u0173, \u012fskaitant banko pavedim\u0105, kredito kortel\u0119 ir &#8222;Bitcoin&#8221; ar kitas kriptovaliutas. M\u016bs\u0173 skaitmeninio \u0161ifravimo protokolai u\u017etikrina j\u016bs\u0173 duomen\u0173 saugum\u0105.<\/p>\n<p>Galite pasirinkti tiesiogin\u012f mok\u0117jim\u0105 u\u017e u\u017esakymus arba \u012fmok\u0117ti bet koki\u0105 pageidaujam\u0105 sum\u0105, o v\u0117liau kliento s\u0105skaitoje esan\u010dias l\u0117\u0161as panaudoti norimam skai\u010diui internetini\u0173 biliet\u0173 \u012fsigyti.<\/p>\n<h2>Daugiau informacijos apie &#8222;Euromillions<\/h2>\n<ul>\n<li>Loterija vyksta kur: \u012fvairiose Europos \u0161alyse<\/li>\n<li>I\u0161 kiek pagrindini\u0173 skai\u010di\u0173 galima rinktis: 50<\/li>\n<li>Turite pasirinkti: 1: 5<\/li>\n<li>Kiek papildom\u0173 skai\u010di\u0173 galima pasirinkti: 12<\/li>\n<li>Kiek papildom\u0173 numeri\u0173 reikia pasirinkti: 1: 2<\/li>\n<li>I\u0161rinkite dienas, valandas: Antradienis, penktadienis 19:30 GMT &#8211; 20:30 CET<\/li>\n<li>Minimalus laim\u0117jimas: 17 mln. eur\u0173<\/li>\n<li>Did\u017eiausia aukso puodo suma: 17 mln: \u20ac 190 mln.<\/li>\n<li>Galimos skai\u010di\u0173 kombinacijos, kurias surinkus galima laim\u0117ti pagrindin\u012f priz\u0105: 1 i\u0161 186 450 880.<\/li>\n<li>Galimas skai\u010di\u0173 derinys 2 pakopos laim\u0117jimui: 1 i\u0161 2 118 760.<\/li>\n<li>Tikimyb\u0117 laim\u0117ti bet kuriame lygyje: 1 i\u0161 12,98<\/li>\n<li>Kiek priz\u0173 lygi\u0173: 13<\/li>\n<li>Special\u016bs &#8222;Euromillions&#8221; tira\u017eai: tris kartus per metus, pagrindinis prizas &#8211; 140 mln. eur\u0173<\/li>\n<\/ul>\n<p>Kai pagrindinis prizas pasiekia 190 mln. eur\u0173, jis ribojamas, o kiti prizai toliau didinami. Atrodo, kad loterijos organizatoriai mano, jog tokio dyd\u017eio pagrindinis prizas yra pakankamai didelis, ir tai tikrai daugiau nei pakankamai pinig\u0173, kad patenkint\u0173 bet kur\u012f i\u0161 m\u016bs\u0173. Ta\u010diau jie mano, kad \u0161iuo metu jie jau suk\u0117l\u0117 daugiau nei pakankam\u0105 a\u017eiota\u017e\u0105 d\u0117l pagrindinio prizo, o dabar t\u0105 pat\u012f gali padaryti ir su kitais prizais. Ta\u010diau \u017eemesnio lygio prizai bus daug didesni po to, kai bus apribotas pagrindinis prizas. Tai rei\u0161kia, kad tuomet loterija taps dar patrauklesn\u0117. Juk tikimyb\u0117 laim\u0117ti antrojo lygio priz\u0105 yra daug didesn\u0117, palyginti su tikimybe laim\u0117ti pagrindin\u012f priz\u0105.<\/p>\n<p>Be to, &#8222;Euromillions&#8221; tris kartus per metus si\u016blo vadinam\u0105j\u012f &#8222;Super\u017eaidim\u0105&#8221;. Tai rei\u0161kia, kad jie tiesiog nustato 130 mln. eur\u0173 pagrindin\u012f priz\u0105. O jis gali net padid\u0117ti, jei niekas jo nelaim\u0117s.<\/p>\n<h2>Kaip patikrinti &#8222;Powerball&#8221; rezultatus<\/h2>\n<p>Galite dar kart\u0105 apsilankyti m\u016bs\u0173 svetain\u0117je ir patikrinti savo bilietus, o jei norite, galite tiesiog laukti, kol jums atsi\u0173sime el. lai\u0161k\u0105, kai laim\u0117site. Priklausomai nuo to, koki\u0105 sum\u0105 laim\u0117jote, tada mes jums patarsime ir pad\u0117sime j\u0105 atsiimti. <img loading=\"lazy\" decoding=\"async\" class=\"alignright wp-image-1873\" style=\"font-size: 16px; font-weight: inherit;\" src=\"https:\/\/onlinelotto365.com\/wp-content\/uploads\/2020\/11\/online_lottery-167-300x197.jpg\" alt=\"\u017daiskite euromillions internetu\" width=\"282\" height=\"185\" \/><\/p>\n<h2>\u017daid\u0117te &#8222;Euromillions&#8221; internetu ir laim\u0117jote &#8211; kas bus toliau?<\/h2>\n<p>\u0160iame loto \u017eaidime i\u0161 viso yra 13 skirting\u0173 priz\u0173 i\u0161mok\u0173, pradedant nuo dviej\u0173 skai\u010di\u0173 i\u0161 5 pagrindini\u0173 iki vis\u0173 5 skai\u010di\u0173 ir abiej\u0173 laiming\u0173j\u0173 \u017evaig\u017ed\u017ei\u0173 skai\u010di\u0173 atitikimo bei pagrindinio prizo laim\u0117jimo. Be mil\u017eini\u0161k\u0173 pagrindinio prizo sum\u0173, &#8222;EuroMillions&#8221; \u017eaid\u0117jams taip pat suteikia didesn\u0119 galimyb\u0119 laim\u0117ti tam tikr\u0105 i\u0161mok\u0105, nei paprastai b\u016bna didel\u0117se loterijose.<\/p>\n<p>Loterijos traukiamos du kartus per savait\u0119, antradieniais ir penktadieniais, 21.00 val. vakaro Jungtin\u0117s Karalyst\u0117s laiku. \u017daid\u0117jai renkasi 5 numerius nuo 1 iki 50, taip pat 2 laimingosios \u017evaig\u017ed\u0117s numerius nuo 1 iki 11. \u017daid\u0117jams suteikiame galimyb\u0119 pasirinkti savo numerius arba leisti kompiuteriui pasirinkti atsitiktinius numerius.<\/p>\n<h2>Dabar, kai jau \u017einote, galite<\/h2>\n<p>Daugiau nebegalime dalyvauti tokiose puikiose loterijose, kaip &#8222;EuroMillions&#8221;, vien d\u0117l to, kur gyvename. Dabar galime nusipirkti bet kokius loterijos bilietus, koki\u0173 tik norime, net i\u0161 Australijos, ir niekas m\u016bs\u0173 nesustabdys. Internetas i\u0161 ties\u0173 atv\u0117r\u0117 pasaul\u012f, o dabar jis pagaliau pasiek\u0117 ir loterijas. M\u016bs\u0173 laukimas baig\u0117si.<\/p>\n<p>Taigi, dabar, kai tiek daug loterijos \u012fsp\u016bd\u017ei\u0173 yra lengvai prieinami, n\u0117ra jokios rimtos prie\u017easties atsisakyti mums si\u016blom\u0173 pramog\u0173.<\/p>\n","protected":false},"excerpt":{"rendered":"<p>&#8222;EuroMillions&#8221; prasid\u0117jo 2004 m. kaip Pranc\u016bzijos, Ispanijos ir Jungtin\u0117s Karalyst\u0117s nacionalini\u0173 loterij\u0173 organizatori\u0173 bendradarbiavimo rezultatas.Susitarimui tarp \u0161ali\u0173 sudaryti prireik\u0117 de\u0161imties met\u0173, tod\u0117l, kai tik jis prasid\u0117jo, buvo neabejotinai labai gerai organizuotas, kaip ir iki \u0161iol. Buvo planuojama \u0161i\u0173 trij\u0173 \u0161ali\u0173 loterij\u0173 \u017eaid\u0117jams suteikti galimyb\u0119 \u017eaisti d\u0117l daug didesni\u0173 laim\u0117jim\u0173, nei buvo galima anks\u010diau. Kadangi did\u017eiuliai [&hellip;]<\/p>\n","protected":false},"author":1,"featured_media":0,"parent":5026,"menu_order":3,"comment_status":"closed","ping_status":"closed","template":"euromillions.php","meta":{"_et_pb_use_builder":"","_et_pb_old_content":"","_et_gb_content_width":"","exclude_from_search":false,"footnotes":""},"class_list":["post-79151","page","type-page","status-publish","hentry"],"yoast_head":"<!-- This site is optimized with the Yoast SEO plugin v23.4 - https:\/\/yoast.com\/wordpress\/plugins\/seo\/ -->\n<title>\u017daiskite &quot;Euromillions&quot; internetu i\u0161 Australijos | Apie &quot;Euromillions&quot;, kaip gauti bilietus internetu<\/title>\n<meta name=\"description\" content=\"\u017daiskite &quot;EuroMillions&quot; loterij\u0105, naudodami biliet\u0105 internetu, net i\u0161 Australijos.\" \/>\n<meta name=\"robots\" content=\"index, follow, max-snippet:-1, max-image-preview:large, max-video-preview:-1\" \/>\n<link rel=\"canonical\" href=\"https:\/\/onlinelotto365.com\/lt\/zaisti\/euromillions\/\" \/>\n<meta property=\"og:locale\" content=\"lt_LT\" \/>\n<meta property=\"og:type\" content=\"article\" \/>\n<meta property=\"og:title\" content=\"\u017daiskite &quot;Euromillions&quot; internetu i\u0161 Australijos | Apie &quot;Euromillions&quot;, kaip gauti bilietus internetu\" \/>\n<meta property=\"og:description\" content=\"\u017daiskite &quot;EuroMillions&quot; loterij\u0105, naudodami biliet\u0105 internetu, net i\u0161 Australijos.\" \/>\n<meta property=\"og:url\" content=\"https:\/\/onlinelotto365.com\/lt\/zaisti\/euromillions\/\" \/>\n<meta property=\"og:site_name\" content=\"OnlineLotto365\" \/>\n<meta property=\"article:modified_time\" content=\"2022-11-01T13:54:53+00:00\" \/>\n<meta property=\"og:image\" content=\"https:\/\/redfoxlotto.com\/image?size=8&amp;lottery=euromillions\" \/>\n<meta name=\"twitter:card\" content=\"summary_large_image\" \/>\n<meta name=\"twitter:label1\" content=\"Est. reading time\" \/>\n\t<meta name=\"twitter:data1\" content=\"5 minut\u0117s\" \/>\n<script type=\"application\/ld+json\" class=\"yoast-schema-graph\">{\"@context\":\"https:\/\/schema.org\",\"@graph\":[{\"@type\":\"WebPage\",\"@id\":\"https:\/\/onlinelotto365.com\/lt\/zaisti\/euromillions\/\",\"url\":\"https:\/\/onlinelotto365.com\/lt\/zaisti\/euromillions\/\",\"name\":\"\u017daiskite \\\"Euromillions\\\" internetu i\u0161 Australijos | Apie \\\"Euromillions\\\", kaip gauti bilietus internetu\",\"isPartOf\":{\"@id\":\"https:\/\/onlinelotto365.com\/lt\/#website\"},\"primaryImageOfPage\":{\"@id\":\"https:\/\/onlinelotto365.com\/lt\/zaisti\/euromillions\/#primaryimage\"},\"image\":{\"@id\":\"https:\/\/onlinelotto365.com\/lt\/zaisti\/euromillions\/#primaryimage\"},\"thumbnailUrl\":\"https:\/\/redfoxlotto.com\/image?size=8&amp;lottery=euromillions\",\"datePublished\":\"2022-11-01T13:41:46+00:00\",\"dateModified\":\"2022-11-01T13:54:53+00:00\",\"description\":\"\u017daiskite \\\"EuroMillions\\\" loterij\u0105, naudodami biliet\u0105 internetu, net i\u0161 Australijos.\",\"breadcrumb\":{\"@id\":\"https:\/\/onlinelotto365.com\/lt\/zaisti\/euromillions\/#breadcrumb\"},\"inLanguage\":\"lt-LT\",\"potentialAction\":[{\"@type\":\"ReadAction\",\"target\":[\"https:\/\/onlinelotto365.com\/lt\/zaisti\/euromillions\/\"]}]},{\"@type\":\"ImageObject\",\"inLanguage\":\"lt-LT\",\"@id\":\"https:\/\/onlinelotto365.com\/lt\/zaisti\/euromillions\/#primaryimage\",\"url\":\"https:\/\/redfoxlotto.com\/image?size=8&amp;lottery=euromillions\",\"contentUrl\":\"https:\/\/redfoxlotto.com\/image?size=8&amp;lottery=euromillions\"},{\"@type\":\"BreadcrumbList\",\"@id\":\"https:\/\/onlinelotto365.com\/lt\/zaisti\/euromillions\/#breadcrumb\",\"itemListElement\":[{\"@type\":\"ListItem\",\"position\":1,\"name\":\"Home\",\"item\":\"https:\/\/onlinelotto365.com\/lt\/\"},{\"@type\":\"ListItem\",\"position\":2,\"name\":\"Viskas, k\u0105 turite \u017einoti apie galimybes \u017eaisti geriausias loterijas internete\",\"item\":\"https:\/\/onlinelotto365.com\/lt\/zaisti\/\"},{\"@type\":\"ListItem\",\"position\":3,\"name\":\"&#8220;EuroMillions&#8221; yra did\u017eiausia Europos loterija\"}]},{\"@type\":\"WebSite\",\"@id\":\"https:\/\/onlinelotto365.com\/lt\/#website\",\"url\":\"https:\/\/onlinelotto365.com\/lt\/\",\"name\":\"OnlineLotto365\",\"description\":\"\",\"potentialAction\":[{\"@type\":\"SearchAction\",\"target\":{\"@type\":\"EntryPoint\",\"urlTemplate\":\"https:\/\/onlinelotto365.com\/lt\/?s={search_term_string}\"},\"query-input\":{\"@type\":\"PropertyValueSpecification\",\"valueRequired\":true,\"valueName\":\"search_term_string\"}}],\"inLanguage\":\"lt-LT\"}]}<\/script>\n<!-- \/ Yoast SEO plugin. -->","yoast_head_json":{"title":"\u017daiskite \"Euromillions\" internetu i\u0161 Australijos | Apie \"Euromillions\", kaip gauti bilietus internetu","description":"\u017daiskite \"EuroMillions\" loterij\u0105, naudodami biliet\u0105 internetu, net i\u0161 Australijos.","robots":{"index":"index","follow":"follow","max-snippet":"max-snippet:-1","max-image-preview":"max-image-preview:large","max-video-preview":"max-video-preview:-1"},"canonical":"https:\/\/onlinelotto365.com\/lt\/zaisti\/euromillions\/","og_locale":"lt_LT","og_type":"article","og_title":"\u017daiskite \"Euromillions\" internetu i\u0161 Australijos | Apie \"Euromillions\", kaip gauti bilietus internetu","og_description":"\u017daiskite \"EuroMillions\" loterij\u0105, naudodami biliet\u0105 internetu, net i\u0161 Australijos.","og_url":"https:\/\/onlinelotto365.com\/lt\/zaisti\/euromillions\/","og_site_name":"OnlineLotto365","article_modified_time":"2022-11-01T13:54:53+00:00","og_image":[{"url":"https:\/\/redfoxlotto.com\/image?size=8&amp;lottery=euromillions"}],"twitter_card":"summary_large_image","twitter_misc":{"Est. reading time":"5 minut\u0117s"},"schema":{"@context":"https:\/\/schema.org","@graph":[{"@type":"WebPage","@id":"https:\/\/onlinelotto365.com\/lt\/zaisti\/euromillions\/","url":"https:\/\/onlinelotto365.com\/lt\/zaisti\/euromillions\/","name":"\u017daiskite \"Euromillions\" internetu i\u0161 Australijos | Apie \"Euromillions\", kaip gauti bilietus internetu","isPartOf":{"@id":"https:\/\/onlinelotto365.com\/lt\/#website"},"primaryImageOfPage":{"@id":"https:\/\/onlinelotto365.com\/lt\/zaisti\/euromillions\/#primaryimage"},"image":{"@id":"https:\/\/onlinelotto365.com\/lt\/zaisti\/euromillions\/#primaryimage"},"thumbnailUrl":"https:\/\/redfoxlotto.com\/image?size=8&amp;lottery=euromillions","datePublished":"2022-11-01T13:41:46+00:00","dateModified":"2022-11-01T13:54:53+00:00","description":"\u017daiskite \"EuroMillions\" loterij\u0105, naudodami biliet\u0105 internetu, net i\u0161 Australijos.","breadcrumb":{"@id":"https:\/\/onlinelotto365.com\/lt\/zaisti\/euromillions\/#breadcrumb"},"inLanguage":"lt-LT","potentialAction":[{"@type":"ReadAction","target":["https:\/\/onlinelotto365.com\/lt\/zaisti\/euromillions\/"]}]},{"@type":"ImageObject","inLanguage":"lt-LT","@id":"https:\/\/onlinelotto365.com\/lt\/zaisti\/euromillions\/#primaryimage","url":"https:\/\/redfoxlotto.com\/image?size=8&amp;lottery=euromillions","contentUrl":"https:\/\/redfoxlotto.com\/image?size=8&amp;lottery=euromillions"},{"@type":"BreadcrumbList","@id":"https:\/\/onlinelotto365.com\/lt\/zaisti\/euromillions\/#breadcrumb","itemListElement":[{"@type":"ListItem","position":1,"name":"Home","item":"https:\/\/onlinelotto365.com\/lt\/"},{"@type":"ListItem","position":2,"name":"Viskas, k\u0105 turite \u017einoti apie galimybes \u017eaisti geriausias loterijas internete","item":"https:\/\/onlinelotto365.com\/lt\/zaisti\/"},{"@type":"ListItem","position":3,"name":"&#8220;EuroMillions&#8221; yra did\u017eiausia Europos loterija"}]},{"@type":"WebSite","@id":"https:\/\/onlinelotto365.com\/lt\/#website","url":"https:\/\/onlinelotto365.com\/lt\/","name":"OnlineLotto365","description":"","potentialAction":[{"@type":"SearchAction","target":{"@type":"EntryPoint","urlTemplate":"https:\/\/onlinelotto365.com\/lt\/?s={search_term_string}"},"query-input":{"@type":"PropertyValueSpecification","valueRequired":true,"valueName":"search_term_string"}}],"inLanguage":"lt-LT"}]}},"_links":{"self":[{"href":"https:\/\/onlinelotto365.com\/lt\/wp-json\/wp\/v2\/pages\/79151","targetHints":{"allow":["GET"]}}],"collection":[{"href":"https:\/\/onlinelotto365.com\/lt\/wp-json\/wp\/v2\/pages"}],"about":[{"href":"https:\/\/onlinelotto365.com\/lt\/wp-json\/wp\/v2\/types\/page"}],"author":[{"embeddable":true,"href":"https:\/\/onlinelotto365.com\/lt\/wp-json\/wp\/v2\/users\/1"}],"replies":[{"embeddable":true,"href":"https:\/\/onlinelotto365.com\/lt\/wp-json\/wp\/v2\/comments?post=79151"}],"version-history":[{"count":0,"href":"https:\/\/onlinelotto365.com\/lt\/wp-json\/wp\/v2\/pages\/79151\/revisions"}],"up":[{"embeddable":true,"href":"https:\/\/onlinelotto365.com\/lt\/wp-json\/wp\/v2\/pages\/5026"}],"wp:attachment":[{"href":"https:\/\/onlinelotto365.com\/lt\/wp-json\/wp\/v2\/media?parent=79151"}],"curies":[{"name":"wp","href":"https:\/\/api.w.org\/{rel}","templated":true}]}}