{"id":79176,"date":"2022-11-02T08:28:36","date_gmt":"2022-11-02T07:28:36","guid":{"rendered":"https:\/\/onlinelotto365.com\/?page_id=79176"},"modified":"2022-11-02T08:28:36","modified_gmt":"2022-11-02T07:28:36","slug":"bonoloto","status":"publish","type":"page","link":"https:\/\/onlinelotto365.com\/lt\/zaisti\/bonoloto\/","title":{"rendered":"&#8222;Bonoloto&#8221; dabar galima \u012fsigyti visur"},"content":{"rendered":"<h2>Kaip \u017eaisti BonoLoto internete<\/h2>\n<p>\u017daisti &#8222;BonoLoto&#8221; yra lengviau, nei manote. Jums tereikia \u017einoti, kur prad\u0117ti ir kur \u012fsigyti bilietus. O geriausia vieta, kur galite tai padaryti, yra pas mus ir keli paprasti \u017eingsniai.<\/p>\n<p>M\u016bs\u0173 sistema u\u017etikrina, kad jumis bus pasir\u016bpinta nuo prad\u017eios iki galo. Jums tereikia susikurti visi\u0161kai nemokam\u0105 paskyr\u0105 ir j\u016bs jau kelyje. Gal\u0117site rinktis i\u0161 vis\u0173 m\u016bs\u0173 si\u016blom\u0173 skirting\u0173 loto \u017eaidim\u0173 ir pasirinkti norimus bilietus bei konkre\u010dius skai\u010dius. Tada gal\u0117site sumok\u0117ti pageidaujamu mok\u0117jimo b\u016bdu ir viskas bus baigta.<\/p>\n<p>Viskas, k\u0105 jums reikia padaryti, tai pa\u017evelgti \u012f m\u016bs\u0173 turimus skirtingus loto \u017eaidimus ir pasirinkti tinkam\u0105 (BonoLoto). I\u0161 ten i\u0161sirinkite norimus \u017eaisti skai\u010dius. Jei j\u0173 pasirinksite per daug arba per ma\u017eai, tai nesvarbu, m\u016bs\u0173 sistema jus \u012fsp\u0117s, k\u0105 reikia daryti, kad gal\u0117tum\u0117te pataisyti savo biliet\u0105. Arba galite pasirinkti leisti kompiuteriui atsitiktinai priskirti jums numerius.<\/p>\n<p>Gav\u0119 norimus &#8222;BonoLoto&#8221; bilietus, galite pasirinkti prid\u0117ti ir kit\u0173 \u017eaidim\u0173 bilietus. Tai bus labai paprasta ir u\u017etruks tik kelias minutes. Palaukite, kol \u012f j\u016bs\u0173 nurodyt\u0105 el. pa\u0161to d\u0117\u017eut\u0119 ateis patvirtinimo lai\u0161kas, ir spustel\u0117kite nuorod\u0105. Tai viskas, ko reikia, ir j\u016bs\u0173 paskyra bus sukurta. Taip gal\u0117site toliau pirkti bilietus.<\/p>\n<p><a href=\"https:\/\/redfoxlotto.com\/play\/bonoloto\/?ref=a8564250a2&amp;medium=ol365\" target=\"_blank\" rel=\"noopener noreferrer\"><img decoding=\"async\" class=\"aligncenter\" src=\"https:\/\/redfoxlotto.com\/image?size=8&amp;lottery=bonoloto\" alt=\"Bono Lotto\" \/><\/a><\/p>\n<p>Kad b\u016btum\u0117te tikri, patikrinimo nuorodos ie\u0161kokite savo \u012fprastin\u0117je el. pa\u0161to d\u0117\u017eut\u0117je ir nepageidaujam\u0173 lai\u0161k\u0173 aplanke. Jei m\u016bs\u0173 n\u0117ra j\u016bs\u0173 adresin\u0117je, lai\u0161ko galite nematyti \u012fprastiniame paskyros aplanke.<\/p>\n<h2>Apie &#8222;BonoLoto<\/h2>\n<ul>\n<li>\u0160alis: Ispanija Ispanija<\/li>\n<li>Pagrindini\u0173 numeri\u0173 diapazonas: 49<\/li>\n<li>Turite pasirinkti: 6<\/li>\n<li>Burt\u0173 dienos, valandos: kasdien, i\u0161skyrus sekmadienius, nuo 21:30 iki 21:30 val.<\/li>\n<li>Jackpoto prad\u017eia: \u20ac400.000<\/li>\n<li>Did\u017eiausia laim\u0117jimo riba: n\u0117ra<\/li>\n<li>Tikimyb\u0117 laim\u0117ti pagrindin\u012f priz\u0105: 1 i\u0161 13983816<\/li>\n<li>Galimyb\u0117 laim\u0117ti antr\u0105j\u012f priz\u0105: 1 i\u0161 2330636<\/li>\n<li>Galimyb\u0117 laim\u0117ti bet kur\u012f priz\u0105: 1 i\u0161 8,43<\/li>\n<li>Priz\u0173 kategorij\u0173 skai\u010dius: 6<\/li>\n<\/ul>\n<h2>\nGeriausios &#8222;BonoLoto&#8221; funkcijos<\/h2>\n<p>&#8222;BonoLoto&#8221; veikia jau gana ilgai ir per t\u0105 laik\u0105 i\u0161dalijo daugyb\u0119 priz\u0173. Dar geriau, kad kiekvien\u0105 savait\u0119 vyksta keturi skirtingi burt\u0173 traukimai, o i\u0161 prad\u017ei\u0173 ji buvo sukurta kaip \u012fperkamas pasirinkimas. Jis toks teb\u0117ra, o j\u016bs galite laim\u0117ti 55 proc. vis\u0173 priz\u0173 pajam\u0173 dal\u012f.<\/p>\n<h2>Kaip patikrinti &#8222;BonoLoto&#8221; rezultatus<\/h2>\n<p>Ar esate pasireng\u0119 su\u017einoti, kokie yra &#8222;BonoLoto&#8221; laimingieji skai\u010diai? Na, i\u0161 tikr\u0173j\u0173 tai gana paprasta, nes viskas, k\u0105 jums reikia padaryti, tai nueiti \u012f oficiali\u0105 &#8222;BonoLoto&#8221; svetain\u0119. Arba galite rinktis vietos laikra\u0161\u010dius ir televizijos stotis. Visose \u0161iose vietose skelbiami laimingieji skai\u010diai.<br \/>\nTa\u010diau geriausia vieta neabejotinai yra ta, kurioje nusipirkote biliet\u0105, t. y. \u010dia. Gal\u0117site pamatyti laim\u0117jusius skai\u010dius, taip pat savo skai\u010dius ir j\u0173 palyginim\u0105. Tokiu b\u016bdu i\u0161 karto pamatysite ir savo laim\u0117jim\u0105. <img loading=\"lazy\" decoding=\"async\" class=\"alignright wp-image-3656\" src=\"https:\/\/onlinelotto365.com\/wp-content\/uploads\/2020\/11\/online_lottery-16-300x200.jpg\" alt=\"\u017eaisti bonoloto internetu\" width=\"215\" height=\"143\" srcset=\"https:\/\/onlinelotto365.com\/wp-content\/uploads\/2020\/11\/online_lottery-16-300x200.jpg 300w, https:\/\/onlinelotto365.com\/wp-content\/uploads\/2020\/11\/online_lottery-16.jpg 320w\" sizes=\"auto, (max-width: 215px) 100vw, 215px\" \/><\/p>\n<h2>\u017daid\u0117te &#8222;BonoLoto&#8221; internetu ir laim\u0117jote &#8211; kas toliau?<\/h2>\n<p>Jei laim\u0117jote ma\u017eiau nei 2500 eur\u0173, jums nieko daryti nereikia. Taip yra tod\u0117l, kad mes atsiimame pinigus u\u017e jus ir pervedame juos tiesiai \u012f j\u016bs\u0173 s\u0105skait\u0105. Juos gal\u0117site naudoti kada panor\u0117j\u0119 ir kaip panor\u0117j\u0119. Arba galite juos atsiimti \u012f savo \u012fprast\u0105 banko s\u0105skait\u0105, jei turite bent 10 \u20ac.<br \/>\nJei laim\u0117jote daugiau nei 2500 \u20ac, jums teks palaukti, kol sulauksite m\u016bs\u0173 palaikymo komandos prane\u0161imo, nes norint gauti savo laim\u0117jim\u0105 reikia \u0161iek tiek daugiau pastang\u0173. Laimei, mes padedame jums atlikti \u0161\u012f proces\u0105 ir i\u0161 karto pasir\u016bpiname, kad pinigai b\u016bt\u0173 i\u0161si\u0173sti \u010dekiu arba tiesiai \u012f j\u016bs\u0173 s\u0105skait\u0105.<\/p>\n","protected":false},"excerpt":{"rendered":"<p>Kaip \u017eaisti BonoLoto internete \u017daisti &#8222;BonoLoto&#8221; yra lengviau, nei manote. Jums tereikia \u017einoti, kur prad\u0117ti ir kur \u012fsigyti bilietus. O geriausia vieta, kur galite tai padaryti, yra pas mus ir keli paprasti \u017eingsniai. M\u016bs\u0173 sistema u\u017etikrina, kad jumis bus pasir\u016bpinta nuo prad\u017eios iki galo. Jums tereikia susikurti visi\u0161kai nemokam\u0105 paskyr\u0105 ir j\u016bs jau kelyje. Gal\u0117site [&hellip;]<\/p>\n","protected":false},"author":1,"featured_media":0,"parent":5026,"menu_order":8,"comment_status":"closed","ping_status":"closed","template":"","meta":{"_et_pb_use_builder":"","_et_pb_old_content":"","_et_gb_content_width":"","exclude_from_search":false,"footnotes":""},"class_list":["post-79176","page","type-page","status-publish","hentry"],"yoast_head":"<!-- This site is optimized with the Yoast SEO plugin v23.4 - https:\/\/yoast.com\/wordpress\/plugins\/seo\/ -->\n<title>Kaip \u017eaisti BonoLoto, jei gyvenate Lietuvoje<\/title>\n<meta name=\"description\" content=\"Teis\u0117tai u\u017esisakykite bilietus \u017eaisti Bonoloto \u010dia, m\u016bs\u0173 svetain\u0117je\" \/>\n<meta name=\"robots\" content=\"index, follow, max-snippet:-1, max-image-preview:large, max-video-preview:-1\" \/>\n<link rel=\"canonical\" href=\"https:\/\/onlinelotto365.com\/lt\/zaisti\/bonoloto\/\" \/>\n<meta property=\"og:locale\" content=\"lt_LT\" \/>\n<meta property=\"og:type\" content=\"article\" \/>\n<meta property=\"og:title\" content=\"Kaip \u017eaisti BonoLoto, jei gyvenate Lietuvoje\" \/>\n<meta property=\"og:description\" content=\"Teis\u0117tai u\u017esisakykite bilietus \u017eaisti Bonoloto \u010dia, m\u016bs\u0173 svetain\u0117je\" \/>\n<meta property=\"og:url\" content=\"https:\/\/onlinelotto365.com\/lt\/zaisti\/bonoloto\/\" \/>\n<meta property=\"og:site_name\" content=\"OnlineLotto365\" \/>\n<meta property=\"og:image\" content=\"https:\/\/redfoxlotto.com\/image?size=8&amp;lottery=bonoloto\" \/>\n<meta name=\"twitter:card\" content=\"summary_large_image\" \/>\n<meta name=\"twitter:label1\" content=\"Est. reading time\" \/>\n\t<meta name=\"twitter:data1\" content=\"3 minut\u0117s\" \/>\n<script type=\"application\/ld+json\" class=\"yoast-schema-graph\">{\"@context\":\"https:\/\/schema.org\",\"@graph\":[{\"@type\":\"WebPage\",\"@id\":\"https:\/\/onlinelotto365.com\/lt\/zaisti\/bonoloto\/\",\"url\":\"https:\/\/onlinelotto365.com\/lt\/zaisti\/bonoloto\/\",\"name\":\"Kaip \u017eaisti BonoLoto, jei gyvenate Lietuvoje\",\"isPartOf\":{\"@id\":\"https:\/\/onlinelotto365.com\/lt\/#website\"},\"primaryImageOfPage\":{\"@id\":\"https:\/\/onlinelotto365.com\/lt\/zaisti\/bonoloto\/#primaryimage\"},\"image\":{\"@id\":\"https:\/\/onlinelotto365.com\/lt\/zaisti\/bonoloto\/#primaryimage\"},\"thumbnailUrl\":\"https:\/\/redfoxlotto.com\/image?size=8&amp;lottery=bonoloto\",\"datePublished\":\"2022-11-02T07:28:36+00:00\",\"dateModified\":\"2022-11-02T07:28:36+00:00\",\"description\":\"Teis\u0117tai u\u017esisakykite bilietus \u017eaisti Bonoloto \u010dia, m\u016bs\u0173 svetain\u0117je\",\"breadcrumb\":{\"@id\":\"https:\/\/onlinelotto365.com\/lt\/zaisti\/bonoloto\/#breadcrumb\"},\"inLanguage\":\"lt-LT\",\"potentialAction\":[{\"@type\":\"ReadAction\",\"target\":[\"https:\/\/onlinelotto365.com\/lt\/zaisti\/bonoloto\/\"]}]},{\"@type\":\"ImageObject\",\"inLanguage\":\"lt-LT\",\"@id\":\"https:\/\/onlinelotto365.com\/lt\/zaisti\/bonoloto\/#primaryimage\",\"url\":\"https:\/\/redfoxlotto.com\/image?size=8&amp;lottery=bonoloto\",\"contentUrl\":\"https:\/\/redfoxlotto.com\/image?size=8&amp;lottery=bonoloto\"},{\"@type\":\"BreadcrumbList\",\"@id\":\"https:\/\/onlinelotto365.com\/lt\/zaisti\/bonoloto\/#breadcrumb\",\"itemListElement\":[{\"@type\":\"ListItem\",\"position\":1,\"name\":\"Home\",\"item\":\"https:\/\/onlinelotto365.com\/lt\/\"},{\"@type\":\"ListItem\",\"position\":2,\"name\":\"Viskas, k\u0105 turite \u017einoti apie galimybes \u017eaisti geriausias loterijas internete\",\"item\":\"https:\/\/onlinelotto365.com\/lt\/zaisti\/\"},{\"@type\":\"ListItem\",\"position\":3,\"name\":\"&#8222;Bonoloto&#8221; dabar galima \u012fsigyti visur\"}]},{\"@type\":\"WebSite\",\"@id\":\"https:\/\/onlinelotto365.com\/lt\/#website\",\"url\":\"https:\/\/onlinelotto365.com\/lt\/\",\"name\":\"OnlineLotto365\",\"description\":\"\",\"potentialAction\":[{\"@type\":\"SearchAction\",\"target\":{\"@type\":\"EntryPoint\",\"urlTemplate\":\"https:\/\/onlinelotto365.com\/lt\/?s={search_term_string}\"},\"query-input\":{\"@type\":\"PropertyValueSpecification\",\"valueRequired\":true,\"valueName\":\"search_term_string\"}}],\"inLanguage\":\"lt-LT\"}]}<\/script>\n<!-- \/ Yoast SEO plugin. -->","yoast_head_json":{"title":"Kaip \u017eaisti BonoLoto, jei gyvenate Lietuvoje","description":"Teis\u0117tai u\u017esisakykite bilietus \u017eaisti Bonoloto \u010dia, m\u016bs\u0173 svetain\u0117je","robots":{"index":"index","follow":"follow","max-snippet":"max-snippet:-1","max-image-preview":"max-image-preview:large","max-video-preview":"max-video-preview:-1"},"canonical":"https:\/\/onlinelotto365.com\/lt\/zaisti\/bonoloto\/","og_locale":"lt_LT","og_type":"article","og_title":"Kaip \u017eaisti BonoLoto, jei gyvenate Lietuvoje","og_description":"Teis\u0117tai u\u017esisakykite bilietus \u017eaisti Bonoloto \u010dia, m\u016bs\u0173 svetain\u0117je","og_url":"https:\/\/onlinelotto365.com\/lt\/zaisti\/bonoloto\/","og_site_name":"OnlineLotto365","og_image":[{"url":"https:\/\/redfoxlotto.com\/image?size=8&amp;lottery=bonoloto"}],"twitter_card":"summary_large_image","twitter_misc":{"Est. reading time":"3 minut\u0117s"},"schema":{"@context":"https:\/\/schema.org","@graph":[{"@type":"WebPage","@id":"https:\/\/onlinelotto365.com\/lt\/zaisti\/bonoloto\/","url":"https:\/\/onlinelotto365.com\/lt\/zaisti\/bonoloto\/","name":"Kaip \u017eaisti BonoLoto, jei gyvenate Lietuvoje","isPartOf":{"@id":"https:\/\/onlinelotto365.com\/lt\/#website"},"primaryImageOfPage":{"@id":"https:\/\/onlinelotto365.com\/lt\/zaisti\/bonoloto\/#primaryimage"},"image":{"@id":"https:\/\/onlinelotto365.com\/lt\/zaisti\/bonoloto\/#primaryimage"},"thumbnailUrl":"https:\/\/redfoxlotto.com\/image?size=8&amp;lottery=bonoloto","datePublished":"2022-11-02T07:28:36+00:00","dateModified":"2022-11-02T07:28:36+00:00","description":"Teis\u0117tai u\u017esisakykite bilietus \u017eaisti Bonoloto \u010dia, m\u016bs\u0173 svetain\u0117je","breadcrumb":{"@id":"https:\/\/onlinelotto365.com\/lt\/zaisti\/bonoloto\/#breadcrumb"},"inLanguage":"lt-LT","potentialAction":[{"@type":"ReadAction","target":["https:\/\/onlinelotto365.com\/lt\/zaisti\/bonoloto\/"]}]},{"@type":"ImageObject","inLanguage":"lt-LT","@id":"https:\/\/onlinelotto365.com\/lt\/zaisti\/bonoloto\/#primaryimage","url":"https:\/\/redfoxlotto.com\/image?size=8&amp;lottery=bonoloto","contentUrl":"https:\/\/redfoxlotto.com\/image?size=8&amp;lottery=bonoloto"},{"@type":"BreadcrumbList","@id":"https:\/\/onlinelotto365.com\/lt\/zaisti\/bonoloto\/#breadcrumb","itemListElement":[{"@type":"ListItem","position":1,"name":"Home","item":"https:\/\/onlinelotto365.com\/lt\/"},{"@type":"ListItem","position":2,"name":"Viskas, k\u0105 turite \u017einoti apie galimybes \u017eaisti geriausias loterijas internete","item":"https:\/\/onlinelotto365.com\/lt\/zaisti\/"},{"@type":"ListItem","position":3,"name":"&#8222;Bonoloto&#8221; dabar galima \u012fsigyti visur"}]},{"@type":"WebSite","@id":"https:\/\/onlinelotto365.com\/lt\/#website","url":"https:\/\/onlinelotto365.com\/lt\/","name":"OnlineLotto365","description":"","potentialAction":[{"@type":"SearchAction","target":{"@type":"EntryPoint","urlTemplate":"https:\/\/onlinelotto365.com\/lt\/?s={search_term_string}"},"query-input":{"@type":"PropertyValueSpecification","valueRequired":true,"valueName":"search_term_string"}}],"inLanguage":"lt-LT"}]}},"_links":{"self":[{"href":"https:\/\/onlinelotto365.com\/lt\/wp-json\/wp\/v2\/pages\/79176","targetHints":{"allow":["GET"]}}],"collection":[{"href":"https:\/\/onlinelotto365.com\/lt\/wp-json\/wp\/v2\/pages"}],"about":[{"href":"https:\/\/onlinelotto365.com\/lt\/wp-json\/wp\/v2\/types\/page"}],"author":[{"embeddable":true,"href":"https:\/\/onlinelotto365.com\/lt\/wp-json\/wp\/v2\/users\/1"}],"replies":[{"embeddable":true,"href":"https:\/\/onlinelotto365.com\/lt\/wp-json\/wp\/v2\/comments?post=79176"}],"version-history":[{"count":0,"href":"https:\/\/onlinelotto365.com\/lt\/wp-json\/wp\/v2\/pages\/79176\/revisions"}],"up":[{"embeddable":true,"href":"https:\/\/onlinelotto365.com\/lt\/wp-json\/wp\/v2\/pages\/5026"}],"wp:attachment":[{"href":"https:\/\/onlinelotto365.com\/lt\/wp-json\/wp\/v2\/media?parent=79176"}],"curies":[{"name":"wp","href":"https:\/\/api.w.org\/{rel}","templated":true}]}}