{"id":79215,"date":"2022-11-02T11:29:49","date_gmt":"2022-11-02T10:29:49","guid":{"rendered":"https:\/\/onlinelotto365.com\/?page_id=79215"},"modified":"2022-11-02T11:31:20","modified_gmt":"2022-11-02T10:31:20","slug":"german-lotto","status":"publish","type":"page","link":"https:\/\/onlinelotto365.com\/lt\/zaisti\/german-lotto\/","title":{"rendered":"Dalyvauti Vokietijos Lotto i\u0161 kit\u0173 \u0161ali\u0173"},"content":{"rendered":"<p>Vokietijos Lotto yra viena i\u0161 ilgiausiai pasaulyje veikian\u010di\u0173 loterij\u0173, rengiama jau daugiau nei 50 met\u0173. Galite la\u017eintis, kad visa \u0161i patirtis jiems labai praver\u010dia, ir jie yra viena i\u0161 didesni\u0173 Europos \u0161ali\u0173, kuri i\u0161laik\u0117 savo nacionalin\u0119 loterij\u0105, o ne prisijung\u0117 prie &#8222;EuroMillions&#8221; loterijos. Taigi vokie\u010diai did\u017eiuojasi savo Vokietijos Lotto, kaip ir tur\u0117t\u0173 did\u017eiuotis.<\/p>\n<p>Ta\u010diau jei gyvenate Lietuvoje ir norite \u017eaisti Vokietijos Lotto ar bet kuri\u0105 kit\u0105 didel\u0119 loterij\u0105 i\u0161 viso pasaulio, jums niekas nebetrukdo to daryti. \u0160iais laikais tereikia nusipirkti bilietus internetu. Jei esate i\u0161 Lietuvos, Vokietijos Lotto bilietus vis dar galite nusipirkti ir internetu.<\/p>\n<p>\u017dinoma, jums reikia \u017einoti, kur tokiu b\u016bdu nusipirkti loterijos bilietus, ir \u010dia mes jums pad\u0117sime. \u0160i\u0105 loterijos biliet\u0173 internetu paslaug\u0105 teikiame jau kur\u012f laik\u0105. Kaip galite \u012fsivaizduoti, tai did\u017eiausias dalykas, kuris kada nors \u012fvyko loterij\u0173 \u017eaidime nuo tada, kai buvo i\u0161rastos loterijos.<\/p>\n<p><a href=\"https:\/\/redfoxlotto.com\/play\/lotto-6aus49\/?ref=a8564250a2&amp;medium=ol365\" target=\"_blank\" rel=\"noopener noreferrer\"><img decoding=\"async\" class=\"aligncenter\" src=\"https:\/\/redfoxlotto.com\/image?size=8&amp;lottery=lotto-6aus49\" alt=\"Vokie\u010di\u0173 6aus49\" \/><\/a><\/p>\n<h2>Daugiau nebegal\u0117site apsiriboti tik savo regiono loterijomis<\/h2>\n<p>Jei esate kaip dauguma loterij\u0173 \u017eaid\u0117j\u0173, norite \u017eaisti did\u017eiosiose loterijose, o tur\u0117dami galimyb\u0119 rinktis, norite \u017eaisti ne vienoje. Ta\u010diau iki \u0161iol tai nebuvo \u012fmanoma. \u017dmon\u0117s steb\u0117josi, kod\u0117l taip n\u0117ra, pavyzd\u017eiui, kod\u0117l internetu galima nusipirkti beveik visk\u0105, i\u0161skyrus loterijos bilietus?<\/p>\n<p>Tam reik\u0117jo sukurti \u017emoni\u0173 tinkl\u0105, kuris vykdyt\u0173 u\u017esakymus u\u017e m\u016bs\u0173 klientus, t. y. vykt\u0173 ir nupirkt\u0173 bilietus visiems, daugelyje skirting\u0173 \u0161ali\u0173. Be to, reik\u0117jo valdyti klient\u0173 patirt\u012f nuo pat pardavimo vietos ir teikti puikias paslaugas, kuri\u0173 \u017emon\u0117s tikisi.<\/p>\n<p><img loading=\"lazy\" decoding=\"async\" class=\" wp-image-1543 alignright\" src=\"https:\/\/onlinelotto365.com\/wp-content\/uploads\/2020\/11\/online_lottery-135.jpg\" alt=\"\u017daiskite vokie\u010di\u0173 loto internetu\" width=\"305\" height=\"204\" \/><\/p>\n<h2>Apie &#8222;German Lotto<\/h2>\n<ul>\n<li>\u0160alis: Vokietija<\/li>\n<li>Pagrindiniai skai\u010diai: 49<\/li>\n<li>J\u016bs renkat\u0117s: 6<\/li>\n<li>Papildomi numeriai: n\u0117ra<\/li>\n<li>J\u016bs renkat\u0117s: n\u0117ra<\/li>\n<li>Traukimo dienos, valandos: \u0160e\u0161tadienis, 20:25 CET, 20:25 CET, 20:25 CET<\/li>\n<li>Minimalus laim\u0117jimas: 1 milijonas eur\u0173<\/li>\n<li>Did\u017eiausias galimas laim\u0117jimas: n\u0117ra ribos<\/li>\n<li>Tikimyb\u0117 laim\u0117ti pagrindin\u012f priz\u0105: 1 i\u0161 125 854 344<\/li>\n<li>Tikimyb\u0117 laim\u0117ti 2 lygio laim\u0117jim\u0105: 1 i\u0161 13 983 816<\/li>\n<li>Tikimyb\u0117 laim\u0117ti bet kuriame lygyje: 1 i\u0161 31<\/li>\n<li>Priz\u0173 pakop\u0173 skai\u010dius: 9<\/li>\n<\/ul>\n<p>Visos m\u016bs\u0173 si\u016blomos loterijos yra pirmos klas\u0117s did\u017eiosios loterijos, \u012fskaitant Vokietijos Lotto. Nor\u0117dami \u017eaisti &#8222;German Lotto&#8221;, pasirinkite 6 skai\u010dius i\u0161 49 galim\u0173 ir papildom\u0105 skai\u010di\u0173 nuo 1 iki 9.\u00a0Jei s\u0117kmingai pataikysite visus 6 skai\u010dius ir papildom\u0105 skai\u010di\u0173, netrukus vyksite \u012f Vokietij\u0105 pasiimti keli\u0173 milijon\u0173 eur\u0173 ar daugiau.<\/p>\n<p>Atsi\u017evelgiant \u012f ma\u017eesn\u012f kamuoliuk\u0173 skai\u010di\u0173 b\u016bgne, palyginti su daugeliu kit\u0173 did\u017ei\u0173j\u0173 loterij\u0173, tikimyb\u0117 laim\u0117ti pagrindin\u012f priz\u0105 Vokietijos loterijoje yra tikrai didesn\u0117. Be abejo, &#8222;German Lotto&#8221;, kaip ir visos loterijos, be pagrindinio prizo si\u016blo ir kitus prizus, i\u0161 viso be pagrindinio prizo yra 7 papildomi prizai. Jei jums pavyks surinkti vos 3 skai\u010dius, gausite i\u0161mok\u0105.<\/p>\n<h2>Leiskite mums b\u016bti j\u016bs\u0173 gidu po Vokietijos loterij\u0105 ir ne tik.<\/h2>\n<p>Atsi\u017evelgiant \u012f tai, kokios populiarios loterijos yra visame pasaulyje, tur\u0117ti prieig\u0105 prie vis\u0173 ger\u0173 loterij\u0173 yra loterij\u0173 \u017eaid\u0117jo svajon\u0117. Kam \u017eaisti tik vien\u0105, jei vietoj to galite \u017eaisti tiek, kiek norite? Kam tenkintis vienu ar dviem tira\u017eais per savait\u0119, jei galite tur\u0117ti de\u0161imtis, jei to norite? Kam vargti ir eiti \u012f parduotuv\u0119, jei visus norimus loterijos bilietus galite nusipirkti internetu?<\/p>\n<h2>\u017daid\u0117te &#8222;German Lotto&#8221; internetu ir laim\u0117jote &#8211; kas toliau?<\/h2>\n<p>Mes padedame jums kiekviename \u017eingsnyje &#8211; nuo el. lai\u0161ko, patvirtinan\u010dio pirkim\u0105, i\u0161siuntimo iki prane\u0161imo el. pa\u0161tu apie laim\u0117jim\u0105 ir pagalbos atsiimant laim\u0117tus pinigus. Viskas ne\u012ftik\u0117tinai paprasta.<\/p>\n","protected":false},"excerpt":{"rendered":"<p>Vokietijos Lotto yra viena i\u0161 ilgiausiai pasaulyje veikian\u010di\u0173 loterij\u0173, rengiama jau daugiau nei 50 met\u0173. Galite la\u017eintis, kad visa \u0161i patirtis jiems labai praver\u010dia, ir jie yra viena i\u0161 didesni\u0173 Europos \u0161ali\u0173, kuri i\u0161laik\u0117 savo nacionalin\u0119 loterij\u0105, o ne prisijung\u0117 prie &#8222;EuroMillions&#8221; loterijos. Taigi vokie\u010diai did\u017eiuojasi savo Vokietijos Lotto, kaip ir tur\u0117t\u0173 did\u017eiuotis. Ta\u010diau jei [&hellip;]<\/p>\n","protected":false},"author":1,"featured_media":0,"parent":5026,"menu_order":11,"comment_status":"closed","ping_status":"closed","template":"lotto-german.php","meta":{"_et_pb_use_builder":"","_et_pb_old_content":"","_et_gb_content_width":"","exclude_from_search":false,"footnotes":""},"class_list":["post-79215","page","type-page","status-publish","hentry"],"yoast_head":"<!-- This site is optimized with the Yoast SEO plugin v23.4 - https:\/\/yoast.com\/wordpress\/plugins\/seo\/ -->\n<title>\u017daiskite Vokietijos Lotto internetu i\u0161 Lietuvos | Ar galiu dalyvauti Vokietijos Lotto, jei gyvenu Lietuvoje<\/title>\n<meta name=\"description\" content=\"\u017daiskite &quot;German Lotto&quot; \u010dia - m\u016bs\u0173 biliet\u0173 internetu paslauga leid\u017eia tai daryti i\u0161 Lietuvos\" \/>\n<meta name=\"robots\" content=\"index, follow, max-snippet:-1, max-image-preview:large, max-video-preview:-1\" \/>\n<link rel=\"canonical\" href=\"https:\/\/onlinelotto365.com\/lt\/zaisti\/german-lotto\/\" \/>\n<meta property=\"og:locale\" content=\"lt_LT\" \/>\n<meta property=\"og:type\" content=\"article\" \/>\n<meta property=\"og:title\" content=\"\u017daiskite Vokietijos Lotto internetu i\u0161 Lietuvos | Ar galiu dalyvauti Vokietijos Lotto, jei gyvenu Lietuvoje\" \/>\n<meta property=\"og:description\" content=\"\u017daiskite &quot;German Lotto&quot; \u010dia - m\u016bs\u0173 biliet\u0173 internetu paslauga leid\u017eia tai daryti i\u0161 Lietuvos\" \/>\n<meta property=\"og:url\" content=\"https:\/\/onlinelotto365.com\/lt\/zaisti\/german-lotto\/\" \/>\n<meta property=\"og:site_name\" content=\"OnlineLotto365\" \/>\n<meta property=\"article:modified_time\" content=\"2022-11-02T10:31:20+00:00\" \/>\n<meta property=\"og:image\" content=\"https:\/\/redfoxlotto.com\/image?size=8&amp;lottery=lotto-6aus49\" \/>\n<meta name=\"twitter:card\" content=\"summary_large_image\" \/>\n<meta name=\"twitter:label1\" content=\"Est. reading time\" \/>\n\t<meta name=\"twitter:data1\" content=\"3 minut\u0117s\" \/>\n<script type=\"application\/ld+json\" class=\"yoast-schema-graph\">{\"@context\":\"https:\/\/schema.org\",\"@graph\":[{\"@type\":\"WebPage\",\"@id\":\"https:\/\/onlinelotto365.com\/lt\/zaisti\/german-lotto\/\",\"url\":\"https:\/\/onlinelotto365.com\/lt\/zaisti\/german-lotto\/\",\"name\":\"\u017daiskite Vokietijos Lotto internetu i\u0161 Lietuvos | Ar galiu dalyvauti Vokietijos Lotto, jei gyvenu Lietuvoje\",\"isPartOf\":{\"@id\":\"https:\/\/onlinelotto365.com\/lt\/#website\"},\"primaryImageOfPage\":{\"@id\":\"https:\/\/onlinelotto365.com\/lt\/zaisti\/german-lotto\/#primaryimage\"},\"image\":{\"@id\":\"https:\/\/onlinelotto365.com\/lt\/zaisti\/german-lotto\/#primaryimage\"},\"thumbnailUrl\":\"https:\/\/redfoxlotto.com\/image?size=8&amp;lottery=lotto-6aus49\",\"datePublished\":\"2022-11-02T10:29:49+00:00\",\"dateModified\":\"2022-11-02T10:31:20+00:00\",\"description\":\"\u017daiskite \\\"German Lotto\\\" \u010dia - m\u016bs\u0173 biliet\u0173 internetu paslauga leid\u017eia tai daryti i\u0161 Lietuvos\",\"breadcrumb\":{\"@id\":\"https:\/\/onlinelotto365.com\/lt\/zaisti\/german-lotto\/#breadcrumb\"},\"inLanguage\":\"lt-LT\",\"potentialAction\":[{\"@type\":\"ReadAction\",\"target\":[\"https:\/\/onlinelotto365.com\/lt\/zaisti\/german-lotto\/\"]}]},{\"@type\":\"ImageObject\",\"inLanguage\":\"lt-LT\",\"@id\":\"https:\/\/onlinelotto365.com\/lt\/zaisti\/german-lotto\/#primaryimage\",\"url\":\"https:\/\/redfoxlotto.com\/image?size=8&amp;lottery=lotto-6aus49\",\"contentUrl\":\"https:\/\/redfoxlotto.com\/image?size=8&amp;lottery=lotto-6aus49\"},{\"@type\":\"BreadcrumbList\",\"@id\":\"https:\/\/onlinelotto365.com\/lt\/zaisti\/german-lotto\/#breadcrumb\",\"itemListElement\":[{\"@type\":\"ListItem\",\"position\":1,\"name\":\"Home\",\"item\":\"https:\/\/onlinelotto365.com\/lt\/\"},{\"@type\":\"ListItem\",\"position\":2,\"name\":\"Viskas, k\u0105 turite \u017einoti apie galimybes \u017eaisti geriausias loterijas internete\",\"item\":\"https:\/\/onlinelotto365.com\/lt\/zaisti\/\"},{\"@type\":\"ListItem\",\"position\":3,\"name\":\"Dalyvauti Vokietijos Lotto i\u0161 kit\u0173 \u0161ali\u0173\"}]},{\"@type\":\"WebSite\",\"@id\":\"https:\/\/onlinelotto365.com\/lt\/#website\",\"url\":\"https:\/\/onlinelotto365.com\/lt\/\",\"name\":\"OnlineLotto365\",\"description\":\"\",\"potentialAction\":[{\"@type\":\"SearchAction\",\"target\":{\"@type\":\"EntryPoint\",\"urlTemplate\":\"https:\/\/onlinelotto365.com\/lt\/?s={search_term_string}\"},\"query-input\":{\"@type\":\"PropertyValueSpecification\",\"valueRequired\":true,\"valueName\":\"search_term_string\"}}],\"inLanguage\":\"lt-LT\"}]}<\/script>\n<!-- \/ Yoast SEO plugin. -->","yoast_head_json":{"title":"\u017daiskite Vokietijos Lotto internetu i\u0161 Lietuvos | Ar galiu dalyvauti Vokietijos Lotto, jei gyvenu Lietuvoje","description":"\u017daiskite \"German Lotto\" \u010dia - m\u016bs\u0173 biliet\u0173 internetu paslauga leid\u017eia tai daryti i\u0161 Lietuvos","robots":{"index":"index","follow":"follow","max-snippet":"max-snippet:-1","max-image-preview":"max-image-preview:large","max-video-preview":"max-video-preview:-1"},"canonical":"https:\/\/onlinelotto365.com\/lt\/zaisti\/german-lotto\/","og_locale":"lt_LT","og_type":"article","og_title":"\u017daiskite Vokietijos Lotto internetu i\u0161 Lietuvos | Ar galiu dalyvauti Vokietijos Lotto, jei gyvenu Lietuvoje","og_description":"\u017daiskite \"German Lotto\" \u010dia - m\u016bs\u0173 biliet\u0173 internetu paslauga leid\u017eia tai daryti i\u0161 Lietuvos","og_url":"https:\/\/onlinelotto365.com\/lt\/zaisti\/german-lotto\/","og_site_name":"OnlineLotto365","article_modified_time":"2022-11-02T10:31:20+00:00","og_image":[{"url":"https:\/\/redfoxlotto.com\/image?size=8&amp;lottery=lotto-6aus49"}],"twitter_card":"summary_large_image","twitter_misc":{"Est. reading time":"3 minut\u0117s"},"schema":{"@context":"https:\/\/schema.org","@graph":[{"@type":"WebPage","@id":"https:\/\/onlinelotto365.com\/lt\/zaisti\/german-lotto\/","url":"https:\/\/onlinelotto365.com\/lt\/zaisti\/german-lotto\/","name":"\u017daiskite Vokietijos Lotto internetu i\u0161 Lietuvos | Ar galiu dalyvauti Vokietijos Lotto, jei gyvenu Lietuvoje","isPartOf":{"@id":"https:\/\/onlinelotto365.com\/lt\/#website"},"primaryImageOfPage":{"@id":"https:\/\/onlinelotto365.com\/lt\/zaisti\/german-lotto\/#primaryimage"},"image":{"@id":"https:\/\/onlinelotto365.com\/lt\/zaisti\/german-lotto\/#primaryimage"},"thumbnailUrl":"https:\/\/redfoxlotto.com\/image?size=8&amp;lottery=lotto-6aus49","datePublished":"2022-11-02T10:29:49+00:00","dateModified":"2022-11-02T10:31:20+00:00","description":"\u017daiskite \"German Lotto\" \u010dia - m\u016bs\u0173 biliet\u0173 internetu paslauga leid\u017eia tai daryti i\u0161 Lietuvos","breadcrumb":{"@id":"https:\/\/onlinelotto365.com\/lt\/zaisti\/german-lotto\/#breadcrumb"},"inLanguage":"lt-LT","potentialAction":[{"@type":"ReadAction","target":["https:\/\/onlinelotto365.com\/lt\/zaisti\/german-lotto\/"]}]},{"@type":"ImageObject","inLanguage":"lt-LT","@id":"https:\/\/onlinelotto365.com\/lt\/zaisti\/german-lotto\/#primaryimage","url":"https:\/\/redfoxlotto.com\/image?size=8&amp;lottery=lotto-6aus49","contentUrl":"https:\/\/redfoxlotto.com\/image?size=8&amp;lottery=lotto-6aus49"},{"@type":"BreadcrumbList","@id":"https:\/\/onlinelotto365.com\/lt\/zaisti\/german-lotto\/#breadcrumb","itemListElement":[{"@type":"ListItem","position":1,"name":"Home","item":"https:\/\/onlinelotto365.com\/lt\/"},{"@type":"ListItem","position":2,"name":"Viskas, k\u0105 turite \u017einoti apie galimybes \u017eaisti geriausias loterijas internete","item":"https:\/\/onlinelotto365.com\/lt\/zaisti\/"},{"@type":"ListItem","position":3,"name":"Dalyvauti Vokietijos Lotto i\u0161 kit\u0173 \u0161ali\u0173"}]},{"@type":"WebSite","@id":"https:\/\/onlinelotto365.com\/lt\/#website","url":"https:\/\/onlinelotto365.com\/lt\/","name":"OnlineLotto365","description":"","potentialAction":[{"@type":"SearchAction","target":{"@type":"EntryPoint","urlTemplate":"https:\/\/onlinelotto365.com\/lt\/?s={search_term_string}"},"query-input":{"@type":"PropertyValueSpecification","valueRequired":true,"valueName":"search_term_string"}}],"inLanguage":"lt-LT"}]}},"_links":{"self":[{"href":"https:\/\/onlinelotto365.com\/lt\/wp-json\/wp\/v2\/pages\/79215","targetHints":{"allow":["GET"]}}],"collection":[{"href":"https:\/\/onlinelotto365.com\/lt\/wp-json\/wp\/v2\/pages"}],"about":[{"href":"https:\/\/onlinelotto365.com\/lt\/wp-json\/wp\/v2\/types\/page"}],"author":[{"embeddable":true,"href":"https:\/\/onlinelotto365.com\/lt\/wp-json\/wp\/v2\/users\/1"}],"replies":[{"embeddable":true,"href":"https:\/\/onlinelotto365.com\/lt\/wp-json\/wp\/v2\/comments?post=79215"}],"version-history":[{"count":0,"href":"https:\/\/onlinelotto365.com\/lt\/wp-json\/wp\/v2\/pages\/79215\/revisions"}],"up":[{"embeddable":true,"href":"https:\/\/onlinelotto365.com\/lt\/wp-json\/wp\/v2\/pages\/5026"}],"wp:attachment":[{"href":"https:\/\/onlinelotto365.com\/lt\/wp-json\/wp\/v2\/media?parent=79215"}],"curies":[{"name":"wp","href":"https:\/\/api.w.org\/{rel}","templated":true}]}}