{"id":79256,"date":"2022-11-03T08:27:53","date_gmt":"2022-11-03T07:27:53","guid":{"rendered":"https:\/\/onlinelotto365.com\/?page_id=79256"},"modified":"2022-11-03T08:29:43","modified_gmt":"2022-11-03T07:29:43","slug":"la-primitiva","status":"publish","type":"page","link":"https:\/\/onlinelotto365.com\/lt\/zaisti\/la-primitiva\/","title":{"rendered":"Kaip \u017eaisti Ispanijos La Primitiva loterijos"},"content":{"rendered":"<h2>Apie &#8222;La Primitiva<\/h2>\n<p>\u0160i loterija i\u0161 Ispanijos taip pat \u017einoma kaip &#8222;El Gordo&#8221;, nors tai klaidinantis pavadinimas. I\u0161 tikr\u0173j\u0173 El Gordo yra kal\u0117dinio loterijos La Primitiva leidimo pravard\u0117. La Primitiva galite \u017eaisti visus metus, o El Gordo si\u016bloma tik per Kal\u0117das. La Primitiva Lietuvos gyventojai gali \u017eaisti internetu per m\u016bs\u0173 svetain\u0119.<\/p>\n<p>Per savait\u0119 vyksta du La Primitiva tira\u017eai. Tikimyb\u0117 laim\u0117ti pagrindin\u012f priz\u0105 yra gana didel\u0117, nes n\u0117ra papildom\u0173 skai\u010di\u0173.<\/p>\n<p><a href=\"https:\/\/redfoxlotto.com\/play\/la-primitiva\/?ref=a8564250a2&amp;medium=ol365\" target=\"_blank\" rel=\"noopener noreferrer\"><img decoding=\"async\" class=\"aligncenter\" src=\"https:\/\/redfoxlotto.com\/image?size=8&amp;lottery=la-primitiva\" alt=\"La Primitiva\" \/><\/a><\/p>\n<p>&nbsp;<\/p>\n<ul>\n<li>\u0160alis: Ispanija<\/li>\n<li>Pagrindini\u0173 skai\u010di\u0173 diapazonas: 49<\/li>\n<li>Reikia pasirinkti: 6<\/li>\n<li>Papildom\u0173 numeri\u0173 diapazonas:<\/li>\n<li>Reikia pasirinkti: Papildomi numeriai: pasirinkite: 1<\/li>\n<li>Dienos, valandos, kuriomis vyksta traukimas: Ketvirtadienis, \u0161e\u0161tadienis, 21:30 CET &#8211; 21:30 CET<\/li>\n<li>Jackpoto prad\u017eia: \u20ac 2 mln.<\/li>\n<li>Did\u017eiausia laim\u0117jimo suma: n\u0117ra<\/li>\n<li>Tikimyb\u0117 laim\u0117ti pagrindin\u012f priz\u0105: 1 i\u0161 15537573<\/li>\n<li>Galimyb\u0117 laim\u0117ti antr\u0105j\u012f priz\u0105: 1 i\u0161 542008<\/li>\n<li>Galimyb\u0117 laim\u0117ti bet kok\u012f priz\u0105: 1 i\u0161 8,43<\/li>\n<li>Priz\u0173 kategorij\u0173 skai\u010dius: 9<\/li>\n<\/ul>\n<p>&nbsp;<\/p>\n<h2>Geriausios &#8222;La Primitiva&#8221; funkcijos<\/h2>\n<p>Kaip jau buvo min\u0117ta, tai, kad jums tereikia atsp\u0117ti tik 6 skai\u010dius i\u0161 49 ir joki\u0173 papildom\u0173 skai\u010di\u0173, rei\u0161kia, kad j\u016bs\u0173 \u0161ansai laim\u0117ti pagrindin\u012f priz\u0105 yra gana dideli.<\/p>\n<h2>Kaip patikrinti La Primitiva rezultatus<\/h2>\n<p>Jei biliet\u0105 internetu \u012fsigijote i\u0161 Lietuvos ar bet kurios kitos ne Ispanijoje esan\u010dios \u0161alies, rasti laimin\u010dius skai\u010dius ir priz\u0173 sumas gali b\u016bti sud\u0117tinga. Ta\u010diau \u010dia, m\u016bs\u0173 svetain\u0117je, rezultatus skelbiame i\u0161kart po to, kai i\u0161traukiami La Primitiva loterijos numeriai. Savo biliet\u0105 netgi galite per\u017ei\u016br\u0117ti savo \u017eaid\u0117jo paskyroje, kur i\u0161kart matysite, kurie loterijos bilieto skai\u010diai sutampa su burt\u0173 traukimo rezultatais.<\/p>\n<p><img loading=\"lazy\" decoding=\"async\" class=\"alignright size-full wp-image-905\" src=\"https:\/\/onlinelotto365.com\/wp-content\/uploads\/2020\/11\/online_lottery-71.jpg\" alt=\"\u017eaisti la primitiva\" width=\"302\" height=\"100\" \/><\/p>\n<h2>\u017daid\u0117te La Primitiva internetu ir laim\u0117jote &#8211; kas bus toliau?<\/h2>\n<p>Jei j\u016bs\u0173 bilietas laim\u0117jo ma\u017eesn\u012f nei 2500 eur\u0173 priz\u0105, \u0161i prizo suma bus pervesta \u012f j\u016bs\u0173 \u017eaid\u0117jo paskyr\u0105 i\u0161kart po burt\u0173 traukimo. Jei laim\u0117jote didesn\u012f priz\u0105, susisiekite su m\u016bs\u0173 aptarnavimo komanda. Jie pad\u0117s jums nustatyti mok\u0117jim\u0105 tiesiogiai \u012f j\u016bs\u0173 banko s\u0105skait\u0105 arba \u010dekiu.<\/p>\n","protected":false},"excerpt":{"rendered":"<p>Apie &#8222;La Primitiva \u0160i loterija i\u0161 Ispanijos taip pat \u017einoma kaip &#8222;El Gordo&#8221;, nors tai klaidinantis pavadinimas. I\u0161 tikr\u0173j\u0173 El Gordo yra kal\u0117dinio loterijos La Primitiva leidimo pravard\u0117. La Primitiva galite \u017eaisti visus metus, o El Gordo si\u016bloma tik per Kal\u0117das. La Primitiva Lietuvos gyventojai gali \u017eaisti internetu per m\u016bs\u0173 svetain\u0119. Per savait\u0119 vyksta du [&hellip;]<\/p>\n","protected":false},"author":1,"featured_media":0,"parent":5026,"menu_order":7,"comment_status":"closed","ping_status":"closed","template":"la-primitiva.php","meta":{"_et_pb_use_builder":"","_et_pb_old_content":"","_et_gb_content_width":"","exclude_from_search":false,"footnotes":""},"class_list":["post-79256","page","type-page","status-publish","hentry"],"yoast_head":"<!-- This site is optimized with the Yoast SEO plugin v23.4 - https:\/\/yoast.com\/wordpress\/plugins\/seo\/ -->\n<title>La Primitiva Ispanijoje internete | La Primitiva i\u0161 Lietuvos<\/title>\n<meta name=\"description\" content=\"Ispanijos La Primitiva loterij\u0105 dabar galima \u017eaisti internetu i\u0161 Lietuvos\" \/>\n<meta name=\"robots\" content=\"index, follow, max-snippet:-1, max-image-preview:large, max-video-preview:-1\" \/>\n<link rel=\"canonical\" href=\"https:\/\/onlinelotto365.com\/lt\/zaisti\/la-primitiva\/\" \/>\n<meta property=\"og:locale\" content=\"lt_LT\" \/>\n<meta property=\"og:type\" content=\"article\" \/>\n<meta property=\"og:title\" content=\"La Primitiva Ispanijoje internete | La Primitiva i\u0161 Lietuvos\" \/>\n<meta property=\"og:description\" content=\"Ispanijos La Primitiva loterij\u0105 dabar galima \u017eaisti internetu i\u0161 Lietuvos\" \/>\n<meta property=\"og:url\" content=\"https:\/\/onlinelotto365.com\/lt\/zaisti\/la-primitiva\/\" \/>\n<meta property=\"og:site_name\" content=\"OnlineLotto365\" \/>\n<meta property=\"article:modified_time\" content=\"2022-11-03T07:29:43+00:00\" \/>\n<meta property=\"og:image\" content=\"https:\/\/redfoxlotto.com\/image?size=8&amp;lottery=la-primitiva\" \/>\n<meta name=\"twitter:card\" content=\"summary_large_image\" \/>\n<meta name=\"twitter:label1\" content=\"Est. reading time\" \/>\n\t<meta name=\"twitter:data1\" content=\"2 minut\u0117s\" \/>\n<script type=\"application\/ld+json\" class=\"yoast-schema-graph\">{\"@context\":\"https:\/\/schema.org\",\"@graph\":[{\"@type\":\"WebPage\",\"@id\":\"https:\/\/onlinelotto365.com\/lt\/zaisti\/la-primitiva\/\",\"url\":\"https:\/\/onlinelotto365.com\/lt\/zaisti\/la-primitiva\/\",\"name\":\"La Primitiva Ispanijoje internete | La Primitiva i\u0161 Lietuvos\",\"isPartOf\":{\"@id\":\"https:\/\/onlinelotto365.com\/lt\/#website\"},\"primaryImageOfPage\":{\"@id\":\"https:\/\/onlinelotto365.com\/lt\/zaisti\/la-primitiva\/#primaryimage\"},\"image\":{\"@id\":\"https:\/\/onlinelotto365.com\/lt\/zaisti\/la-primitiva\/#primaryimage\"},\"thumbnailUrl\":\"https:\/\/redfoxlotto.com\/image?size=8&amp;lottery=la-primitiva\",\"datePublished\":\"2022-11-03T07:27:53+00:00\",\"dateModified\":\"2022-11-03T07:29:43+00:00\",\"description\":\"Ispanijos La Primitiva loterij\u0105 dabar galima \u017eaisti internetu i\u0161 Lietuvos\",\"breadcrumb\":{\"@id\":\"https:\/\/onlinelotto365.com\/lt\/zaisti\/la-primitiva\/#breadcrumb\"},\"inLanguage\":\"lt-LT\",\"potentialAction\":[{\"@type\":\"ReadAction\",\"target\":[\"https:\/\/onlinelotto365.com\/lt\/zaisti\/la-primitiva\/\"]}]},{\"@type\":\"ImageObject\",\"inLanguage\":\"lt-LT\",\"@id\":\"https:\/\/onlinelotto365.com\/lt\/zaisti\/la-primitiva\/#primaryimage\",\"url\":\"https:\/\/redfoxlotto.com\/image?size=8&amp;lottery=la-primitiva\",\"contentUrl\":\"https:\/\/redfoxlotto.com\/image?size=8&amp;lottery=la-primitiva\"},{\"@type\":\"BreadcrumbList\",\"@id\":\"https:\/\/onlinelotto365.com\/lt\/zaisti\/la-primitiva\/#breadcrumb\",\"itemListElement\":[{\"@type\":\"ListItem\",\"position\":1,\"name\":\"Home\",\"item\":\"https:\/\/onlinelotto365.com\/lt\/\"},{\"@type\":\"ListItem\",\"position\":2,\"name\":\"Viskas, k\u0105 turite \u017einoti apie galimybes \u017eaisti geriausias loterijas internete\",\"item\":\"https:\/\/onlinelotto365.com\/lt\/zaisti\/\"},{\"@type\":\"ListItem\",\"position\":3,\"name\":\"Kaip \u017eaisti Ispanijos La Primitiva loterijos\"}]},{\"@type\":\"WebSite\",\"@id\":\"https:\/\/onlinelotto365.com\/lt\/#website\",\"url\":\"https:\/\/onlinelotto365.com\/lt\/\",\"name\":\"OnlineLotto365\",\"description\":\"\",\"potentialAction\":[{\"@type\":\"SearchAction\",\"target\":{\"@type\":\"EntryPoint\",\"urlTemplate\":\"https:\/\/onlinelotto365.com\/lt\/?s={search_term_string}\"},\"query-input\":{\"@type\":\"PropertyValueSpecification\",\"valueRequired\":true,\"valueName\":\"search_term_string\"}}],\"inLanguage\":\"lt-LT\"}]}<\/script>\n<!-- \/ Yoast SEO plugin. -->","yoast_head_json":{"title":"La Primitiva Ispanijoje internete | La Primitiva i\u0161 Lietuvos","description":"Ispanijos La Primitiva loterij\u0105 dabar galima \u017eaisti internetu i\u0161 Lietuvos","robots":{"index":"index","follow":"follow","max-snippet":"max-snippet:-1","max-image-preview":"max-image-preview:large","max-video-preview":"max-video-preview:-1"},"canonical":"https:\/\/onlinelotto365.com\/lt\/zaisti\/la-primitiva\/","og_locale":"lt_LT","og_type":"article","og_title":"La Primitiva Ispanijoje internete | La Primitiva i\u0161 Lietuvos","og_description":"Ispanijos La Primitiva loterij\u0105 dabar galima \u017eaisti internetu i\u0161 Lietuvos","og_url":"https:\/\/onlinelotto365.com\/lt\/zaisti\/la-primitiva\/","og_site_name":"OnlineLotto365","article_modified_time":"2022-11-03T07:29:43+00:00","og_image":[{"url":"https:\/\/redfoxlotto.com\/image?size=8&amp;lottery=la-primitiva"}],"twitter_card":"summary_large_image","twitter_misc":{"Est. reading time":"2 minut\u0117s"},"schema":{"@context":"https:\/\/schema.org","@graph":[{"@type":"WebPage","@id":"https:\/\/onlinelotto365.com\/lt\/zaisti\/la-primitiva\/","url":"https:\/\/onlinelotto365.com\/lt\/zaisti\/la-primitiva\/","name":"La Primitiva Ispanijoje internete | La Primitiva i\u0161 Lietuvos","isPartOf":{"@id":"https:\/\/onlinelotto365.com\/lt\/#website"},"primaryImageOfPage":{"@id":"https:\/\/onlinelotto365.com\/lt\/zaisti\/la-primitiva\/#primaryimage"},"image":{"@id":"https:\/\/onlinelotto365.com\/lt\/zaisti\/la-primitiva\/#primaryimage"},"thumbnailUrl":"https:\/\/redfoxlotto.com\/image?size=8&amp;lottery=la-primitiva","datePublished":"2022-11-03T07:27:53+00:00","dateModified":"2022-11-03T07:29:43+00:00","description":"Ispanijos La Primitiva loterij\u0105 dabar galima \u017eaisti internetu i\u0161 Lietuvos","breadcrumb":{"@id":"https:\/\/onlinelotto365.com\/lt\/zaisti\/la-primitiva\/#breadcrumb"},"inLanguage":"lt-LT","potentialAction":[{"@type":"ReadAction","target":["https:\/\/onlinelotto365.com\/lt\/zaisti\/la-primitiva\/"]}]},{"@type":"ImageObject","inLanguage":"lt-LT","@id":"https:\/\/onlinelotto365.com\/lt\/zaisti\/la-primitiva\/#primaryimage","url":"https:\/\/redfoxlotto.com\/image?size=8&amp;lottery=la-primitiva","contentUrl":"https:\/\/redfoxlotto.com\/image?size=8&amp;lottery=la-primitiva"},{"@type":"BreadcrumbList","@id":"https:\/\/onlinelotto365.com\/lt\/zaisti\/la-primitiva\/#breadcrumb","itemListElement":[{"@type":"ListItem","position":1,"name":"Home","item":"https:\/\/onlinelotto365.com\/lt\/"},{"@type":"ListItem","position":2,"name":"Viskas, k\u0105 turite \u017einoti apie galimybes \u017eaisti geriausias loterijas internete","item":"https:\/\/onlinelotto365.com\/lt\/zaisti\/"},{"@type":"ListItem","position":3,"name":"Kaip \u017eaisti Ispanijos La Primitiva loterijos"}]},{"@type":"WebSite","@id":"https:\/\/onlinelotto365.com\/lt\/#website","url":"https:\/\/onlinelotto365.com\/lt\/","name":"OnlineLotto365","description":"","potentialAction":[{"@type":"SearchAction","target":{"@type":"EntryPoint","urlTemplate":"https:\/\/onlinelotto365.com\/lt\/?s={search_term_string}"},"query-input":{"@type":"PropertyValueSpecification","valueRequired":true,"valueName":"search_term_string"}}],"inLanguage":"lt-LT"}]}},"_links":{"self":[{"href":"https:\/\/onlinelotto365.com\/lt\/wp-json\/wp\/v2\/pages\/79256","targetHints":{"allow":["GET"]}}],"collection":[{"href":"https:\/\/onlinelotto365.com\/lt\/wp-json\/wp\/v2\/pages"}],"about":[{"href":"https:\/\/onlinelotto365.com\/lt\/wp-json\/wp\/v2\/types\/page"}],"author":[{"embeddable":true,"href":"https:\/\/onlinelotto365.com\/lt\/wp-json\/wp\/v2\/users\/1"}],"replies":[{"embeddable":true,"href":"https:\/\/onlinelotto365.com\/lt\/wp-json\/wp\/v2\/comments?post=79256"}],"version-history":[{"count":0,"href":"https:\/\/onlinelotto365.com\/lt\/wp-json\/wp\/v2\/pages\/79256\/revisions"}],"up":[{"embeddable":true,"href":"https:\/\/onlinelotto365.com\/lt\/wp-json\/wp\/v2\/pages\/5026"}],"wp:attachment":[{"href":"https:\/\/onlinelotto365.com\/lt\/wp-json\/wp\/v2\/media?parent=79256"}],"curies":[{"name":"wp","href":"https:\/\/api.w.org\/{rel}","templated":true}]}}