{"id":79296,"date":"2022-11-03T10:18:02","date_gmt":"2022-11-03T09:18:02","guid":{"rendered":"https:\/\/onlinelotto365.com\/?page_id=79296"},"modified":"2022-11-03T10:18:02","modified_gmt":"2022-11-03T09:18:02","slug":"saturday-lotto-australia","status":"publish","type":"page","link":"https:\/\/onlinelotto365.com\/lt\/zaisti\/saturday-lotto-australia\/","title":{"rendered":"\u017daisti \u0161e\u0161tadien\u012f Lotto Australija yra tik viena i\u0161 galimybi\u0173 loterijos gerb\u0117j\u0173 i\u0161 Lietuvos"},"content":{"rendered":"<h2>Kaip \u017eaisti Saturday Lotto Australia internete<\/h2>\n<p>Jei gyvenate Lietuvoje ar kitur, pamatysite, kad \u017eaisti Saturday Lotto Australia n\u0117ra taip sud\u0117tinga, kaip jums atrodo. Be to, tur\u0117site galimybi\u0173 gauti norimus bilietus, nesugai\u0161dami tam daug laiko, o kas gali b\u016bti geriau u\u017e tai?<\/p>\n<p>Na, o tai, kad mes pad\u0117sime jums \u0161iame kelyje, neabejotinai taip pat bus didelis privalumas. Galite pasirinkti visas norimas parinktis, susikurti paskyr\u0105, \u012fsigyti bilietus ir visa kita, ko jums reikia, naudodami pageidaujam\u0105 mok\u0117jimo b\u016bd\u0105 per trump\u0105 laik\u0105. O mes pasir\u016bpinsime, kad \u0161ie bilietai b\u016bt\u0173 paruo\u0161ti jums, kai ateis burt\u0173 traukimas.<\/p>\n<p>Viskas, k\u0105 jums reikia padaryti, tai per\u017ei\u016br\u0117ti \u012fvairias loto parinktis ir pasirinkti Saturday Lotto Australia. Kai tai padarysite, gal\u0117site pasirinkti kiekvieno norimo bilieto numerius.<br \/>\nNesijaudinkite, kad pasirinksite netinkam\u0105 skai\u010di\u0173, nes sistema pad\u0117s jums pasirinkti reikiam\u0105 skai\u010di\u0173. O jei nesate tikri d\u0117l norim\u0173 skai\u010di\u0173, galite tiesiog pasirinkti greit\u0105j\u012f pasirinkim\u0105 ir leisti kompiuteriui parinkti skai\u010dius u\u017e jus.<\/p>\n<p>Gav\u0119 bilietus, galite pasirinkti, ar norite prid\u0117ti daugiau biliet\u0173, i\u0161sirinkti bilietus kitam \u017eaidimui, ar tiesiog papildyti u\u017esakym\u0105 ir pasiruo\u0161ti pirkimui. Kasos procesas sukurtas taip, kad b\u016bt\u0173 kuo paprastesnis, tod\u0117l galite sumok\u0117ti u\u017e bilietus ir greitai i\u0161vykti. Viskas, k\u0105 turite padaryti, tai susikurti savo paskyr\u0105.<\/p>\n<p>Paskyr\u0105 susikurti paprasta, nes mums nereikia daug informacijos. O tada atsi\u0173sime jums patvirtinimo el. lai\u0161k\u0105, kad gal\u0117tum\u0117te baigti kurti savo paskyr\u0105. Tur\u0117kite omenyje, kad jis gali atsidurti j\u016bs\u0173 nepageidaujam\u0173 lai\u0161k\u0173 aplanke (o tai rei\u0161kia, kad turite \u012ftraukti mus \u012f savo adres\u0173 knygel\u0119), o su juo tur\u0117site paskyr\u0105 ir galimyb\u0119 \u012fsigyti daugiau biliet\u0173, kai tik panor\u0117site.<\/p>\n<p><a href=\"https:\/\/redfoxlotto.com\/play\/saturday-lotto-au\/?ref=a8564250a2&amp;medium=ol365\" target=\"_blank\" rel=\"noopener noreferrer\"><img decoding=\"async\" class=\"aligncenter\" src=\"https:\/\/redfoxlotto.com\/image?size=8&amp;lottery=saturday-lotto-au\" alt=\"Saturday Lotto Australia\" \/><\/a><\/p>\n<h2>Apie &#8222;Saturday Lotto Australia<\/h2>\n<ul>\n<li>Australija<\/li>\n<li>Pagrindini\u0173 skai\u010di\u0173 intervalas: 1: 45<\/li>\n<li>Turite pasirinkti: 1: 6<\/li>\n<li>Dienos, valandos: \u0160e\u0161tadienis, 21:30 GMT+11 &#8211; 10:30 CET<\/li>\n<li>Jackpoto prad\u017eia: Australijos doleri\u0173.<\/li>\n<li>Did\u017eiausia leistina laim\u0117jimo suma: Australijos doleri\u0173.<\/li>\n<li>Galimyb\u0117 laim\u0117ti pagrindin\u012f priz\u0105: 1 i\u0161 8145060<\/li>\n<li>Galimyb\u0117 laim\u0117ti antr\u0105j\u012f priz\u0105: 1 i\u0161 678755<\/li>\n<li>Galimyb\u0117 laim\u0117ti bet kur\u012f priz\u0105: 1 i\u0161 85,44<\/li>\n<li>Priz\u0173 kategorij\u0173 skai\u010dius: 6<\/li>\n<\/ul>\n<h2>\nGeriausios &#8222;Saturday Lotto Australia&#8221; savyb\u0117s<\/h2>\n<p>&#8222;Saturday Lotto Australia&#8221; suteikia daugyb\u0119 galimybi\u0173 laim\u0117ti ir kelis milijonus siekian\u010dius prizus. Dar geriau yra tai, kad kiekviename tira\u017ee yra \u0161imtai t\u016bkstan\u010di\u0173 laim\u0117toj\u0173. Galite laim\u0117ti nedidel\u012f, ma\u017eiau nei 10 doleri\u0173 priz\u0105 arba didelius prizus, kurie siekia \u0161imtus t\u016bkstan\u010di\u0173 doleri\u0173. Jums tereikia pasirinkti tinkamus skai\u010dius.<\/p>\n<h2>Kaip patikrinti &#8222;Saturday Lotto Australia&#8221; rezultatus<\/h2>\n<p>Kai ateina laikas patikrinti &#8222;Saturday Lotto Australia&#8221; rezultatus, turite kelet\u0105 skirting\u0173 galimybi\u0173. Pirmoji &#8211; pa\u017evelgti \u012f oficiali\u0105 loterijos svetain\u0119. Jie visada skelbia laiminguosius skai\u010dius po to, kai jie i\u0161traukiami.<br \/>\nTa\u010diau taip pat galite patikrinti vietos laikra\u0161\u010dius ir televizijos kanalus, jei gyvenate vietoje. \u017dinoma, papras\u010diausias ir geriausias b\u016bdas pasitikrinti &#8211; gr\u012f\u017eti \u012f m\u016bs\u0173 svetain\u0119 ir prisijungti prie savo paskyros. I\u0161 ten gal\u0117site pamatyti naujausius laimin\u010dius skai\u010dius ir palyginti juos su savaisiais.<\/p>\n<h2>\u017daid\u0117te &#8222;Saturday Lotto Australia&#8221; internetu ir laim\u0117jote &#8211; kas toliau?<\/h2>\n<p>Ar k\u0105 nors laim\u0117jote per paskutin\u012f traukim\u0105? Jei taip, nor\u0117site su\u017einoti, kiek, ir tai tur\u0117s \u012ftakos tam, kaip gausite savo pinigus. Bet kokia ma\u017eesn\u0117 nei 2500 \u20ac suma gali b\u016bti pervesta tiesiai \u012f j\u016bs\u0173 s\u0105skait\u0105, ir ji bus. Tai rei\u0161kia, kad su ja gal\u0117site daryti k\u0105 tik norite &#8211; nuo jos atsi\u0117mimo (jei ji didesn\u0117 nei 10 \u20ac) iki keli\u0173 papildom\u0173 \u0161io ar bet kurio kito \u017eaidimo biliet\u0173 pirkimo.<br \/>\nKita vertus, jei jums pasisek\u0117 laim\u0117ti daugiau nei 2500 \u20ac, pad\u0117sime jums atsiimti laim\u0117jim\u0105, o tai pareikalauja \u0161iek tiek daugiau pastang\u0173. \u0160iam procesui jums reik\u0117s u\u017epildyti loterijos komisijos pra\u0161ymo form\u0105 ir nuspr\u0119sti, ar norite, kad pinigai jums b\u016bt\u0173 i\u0161si\u0173sti banko pavedimu, ar \u010dekiu. Tai priklauso tik nuo j\u016bs\u0173.<\/p>\n","protected":false},"excerpt":{"rendered":"<p>Kaip \u017eaisti Saturday Lotto Australia internete Jei gyvenate Lietuvoje ar kitur, pamatysite, kad \u017eaisti Saturday Lotto Australia n\u0117ra taip sud\u0117tinga, kaip jums atrodo. Be to, tur\u0117site galimybi\u0173 gauti norimus bilietus, nesugai\u0161dami tam daug laiko, o kas gali b\u016bti geriau u\u017e tai? Na, o tai, kad mes pad\u0117sime jums \u0161iame kelyje, neabejotinai taip pat bus didelis [&hellip;]<\/p>\n","protected":false},"author":1,"featured_media":0,"parent":5026,"menu_order":15,"comment_status":"closed","ping_status":"closed","template":"saturday-lotto.php","meta":{"_et_pb_use_builder":"","_et_pb_old_content":"","_et_gb_content_width":"","exclude_from_search":false,"footnotes":""},"class_list":["post-79296","page","type-page","status-publish","hentry"],"yoast_head":"<!-- This site is optimized with the Yoast SEO plugin v23.4 - https:\/\/yoast.com\/wordpress\/plugins\/seo\/ -->\n<title>M\u016bs\u0173 paslauga leid\u017eia \u017eaisti Saturday Lotto Australia internetu i\u0161 Lietuvos<\/title>\n<meta name=\"description\" content=\"\u0160e\u0161tadienio loto yra ir Australijoje - dabar \u017eaiskite j\u012f internetu\" \/>\n<meta name=\"robots\" content=\"index, follow, max-snippet:-1, max-image-preview:large, max-video-preview:-1\" \/>\n<link rel=\"canonical\" href=\"https:\/\/onlinelotto365.com\/lt\/zaisti\/saturday-lotto-australia\/\" \/>\n<meta property=\"og:locale\" content=\"lt_LT\" \/>\n<meta property=\"og:type\" content=\"article\" \/>\n<meta property=\"og:title\" content=\"M\u016bs\u0173 paslauga leid\u017eia \u017eaisti Saturday Lotto Australia internetu i\u0161 Lietuvos\" \/>\n<meta property=\"og:description\" content=\"\u0160e\u0161tadienio loto yra ir Australijoje - dabar \u017eaiskite j\u012f internetu\" \/>\n<meta property=\"og:url\" content=\"https:\/\/onlinelotto365.com\/lt\/zaisti\/saturday-lotto-australia\/\" \/>\n<meta property=\"og:site_name\" content=\"OnlineLotto365\" \/>\n<meta property=\"og:image\" content=\"https:\/\/redfoxlotto.com\/image?size=8&amp;lottery=saturday-lotto-au\" \/>\n<meta name=\"twitter:card\" content=\"summary_large_image\" \/>\n<meta name=\"twitter:label1\" content=\"Est. reading time\" \/>\n\t<meta name=\"twitter:data1\" content=\"3 minut\u0117s\" \/>\n<script type=\"application\/ld+json\" class=\"yoast-schema-graph\">{\"@context\":\"https:\/\/schema.org\",\"@graph\":[{\"@type\":\"WebPage\",\"@id\":\"https:\/\/onlinelotto365.com\/lt\/zaisti\/saturday-lotto-australia\/\",\"url\":\"https:\/\/onlinelotto365.com\/lt\/zaisti\/saturday-lotto-australia\/\",\"name\":\"M\u016bs\u0173 paslauga leid\u017eia \u017eaisti Saturday Lotto Australia internetu i\u0161 Lietuvos\",\"isPartOf\":{\"@id\":\"https:\/\/onlinelotto365.com\/lt\/#website\"},\"primaryImageOfPage\":{\"@id\":\"https:\/\/onlinelotto365.com\/lt\/zaisti\/saturday-lotto-australia\/#primaryimage\"},\"image\":{\"@id\":\"https:\/\/onlinelotto365.com\/lt\/zaisti\/saturday-lotto-australia\/#primaryimage\"},\"thumbnailUrl\":\"https:\/\/redfoxlotto.com\/image?size=8&amp;lottery=saturday-lotto-au\",\"datePublished\":\"2022-11-03T09:18:02+00:00\",\"dateModified\":\"2022-11-03T09:18:02+00:00\",\"description\":\"\u0160e\u0161tadienio loto yra ir Australijoje - dabar \u017eaiskite j\u012f internetu\",\"breadcrumb\":{\"@id\":\"https:\/\/onlinelotto365.com\/lt\/zaisti\/saturday-lotto-australia\/#breadcrumb\"},\"inLanguage\":\"lt-LT\",\"potentialAction\":[{\"@type\":\"ReadAction\",\"target\":[\"https:\/\/onlinelotto365.com\/lt\/zaisti\/saturday-lotto-australia\/\"]}]},{\"@type\":\"ImageObject\",\"inLanguage\":\"lt-LT\",\"@id\":\"https:\/\/onlinelotto365.com\/lt\/zaisti\/saturday-lotto-australia\/#primaryimage\",\"url\":\"https:\/\/redfoxlotto.com\/image?size=8&amp;lottery=saturday-lotto-au\",\"contentUrl\":\"https:\/\/redfoxlotto.com\/image?size=8&amp;lottery=saturday-lotto-au\"},{\"@type\":\"BreadcrumbList\",\"@id\":\"https:\/\/onlinelotto365.com\/lt\/zaisti\/saturday-lotto-australia\/#breadcrumb\",\"itemListElement\":[{\"@type\":\"ListItem\",\"position\":1,\"name\":\"Home\",\"item\":\"https:\/\/onlinelotto365.com\/lt\/\"},{\"@type\":\"ListItem\",\"position\":2,\"name\":\"Viskas, k\u0105 turite \u017einoti apie galimybes \u017eaisti geriausias loterijas internete\",\"item\":\"https:\/\/onlinelotto365.com\/lt\/zaisti\/\"},{\"@type\":\"ListItem\",\"position\":3,\"name\":\"\u017daisti \u0161e\u0161tadien\u012f Lotto Australija yra tik viena i\u0161 galimybi\u0173 loterijos gerb\u0117j\u0173 i\u0161 Lietuvos\"}]},{\"@type\":\"WebSite\",\"@id\":\"https:\/\/onlinelotto365.com\/lt\/#website\",\"url\":\"https:\/\/onlinelotto365.com\/lt\/\",\"name\":\"OnlineLotto365\",\"description\":\"\",\"potentialAction\":[{\"@type\":\"SearchAction\",\"target\":{\"@type\":\"EntryPoint\",\"urlTemplate\":\"https:\/\/onlinelotto365.com\/lt\/?s={search_term_string}\"},\"query-input\":{\"@type\":\"PropertyValueSpecification\",\"valueRequired\":true,\"valueName\":\"search_term_string\"}}],\"inLanguage\":\"lt-LT\"}]}<\/script>\n<!-- \/ Yoast SEO plugin. -->","yoast_head_json":{"title":"M\u016bs\u0173 paslauga leid\u017eia \u017eaisti Saturday Lotto Australia internetu i\u0161 Lietuvos","description":"\u0160e\u0161tadienio loto yra ir Australijoje - dabar \u017eaiskite j\u012f internetu","robots":{"index":"index","follow":"follow","max-snippet":"max-snippet:-1","max-image-preview":"max-image-preview:large","max-video-preview":"max-video-preview:-1"},"canonical":"https:\/\/onlinelotto365.com\/lt\/zaisti\/saturday-lotto-australia\/","og_locale":"lt_LT","og_type":"article","og_title":"M\u016bs\u0173 paslauga leid\u017eia \u017eaisti Saturday Lotto Australia internetu i\u0161 Lietuvos","og_description":"\u0160e\u0161tadienio loto yra ir Australijoje - dabar \u017eaiskite j\u012f internetu","og_url":"https:\/\/onlinelotto365.com\/lt\/zaisti\/saturday-lotto-australia\/","og_site_name":"OnlineLotto365","og_image":[{"url":"https:\/\/redfoxlotto.com\/image?size=8&amp;lottery=saturday-lotto-au"}],"twitter_card":"summary_large_image","twitter_misc":{"Est. reading time":"3 minut\u0117s"},"schema":{"@context":"https:\/\/schema.org","@graph":[{"@type":"WebPage","@id":"https:\/\/onlinelotto365.com\/lt\/zaisti\/saturday-lotto-australia\/","url":"https:\/\/onlinelotto365.com\/lt\/zaisti\/saturday-lotto-australia\/","name":"M\u016bs\u0173 paslauga leid\u017eia \u017eaisti Saturday Lotto Australia internetu i\u0161 Lietuvos","isPartOf":{"@id":"https:\/\/onlinelotto365.com\/lt\/#website"},"primaryImageOfPage":{"@id":"https:\/\/onlinelotto365.com\/lt\/zaisti\/saturday-lotto-australia\/#primaryimage"},"image":{"@id":"https:\/\/onlinelotto365.com\/lt\/zaisti\/saturday-lotto-australia\/#primaryimage"},"thumbnailUrl":"https:\/\/redfoxlotto.com\/image?size=8&amp;lottery=saturday-lotto-au","datePublished":"2022-11-03T09:18:02+00:00","dateModified":"2022-11-03T09:18:02+00:00","description":"\u0160e\u0161tadienio loto yra ir Australijoje - dabar \u017eaiskite j\u012f internetu","breadcrumb":{"@id":"https:\/\/onlinelotto365.com\/lt\/zaisti\/saturday-lotto-australia\/#breadcrumb"},"inLanguage":"lt-LT","potentialAction":[{"@type":"ReadAction","target":["https:\/\/onlinelotto365.com\/lt\/zaisti\/saturday-lotto-australia\/"]}]},{"@type":"ImageObject","inLanguage":"lt-LT","@id":"https:\/\/onlinelotto365.com\/lt\/zaisti\/saturday-lotto-australia\/#primaryimage","url":"https:\/\/redfoxlotto.com\/image?size=8&amp;lottery=saturday-lotto-au","contentUrl":"https:\/\/redfoxlotto.com\/image?size=8&amp;lottery=saturday-lotto-au"},{"@type":"BreadcrumbList","@id":"https:\/\/onlinelotto365.com\/lt\/zaisti\/saturday-lotto-australia\/#breadcrumb","itemListElement":[{"@type":"ListItem","position":1,"name":"Home","item":"https:\/\/onlinelotto365.com\/lt\/"},{"@type":"ListItem","position":2,"name":"Viskas, k\u0105 turite \u017einoti apie galimybes \u017eaisti geriausias loterijas internete","item":"https:\/\/onlinelotto365.com\/lt\/zaisti\/"},{"@type":"ListItem","position":3,"name":"\u017daisti \u0161e\u0161tadien\u012f Lotto Australija yra tik viena i\u0161 galimybi\u0173 loterijos gerb\u0117j\u0173 i\u0161 Lietuvos"}]},{"@type":"WebSite","@id":"https:\/\/onlinelotto365.com\/lt\/#website","url":"https:\/\/onlinelotto365.com\/lt\/","name":"OnlineLotto365","description":"","potentialAction":[{"@type":"SearchAction","target":{"@type":"EntryPoint","urlTemplate":"https:\/\/onlinelotto365.com\/lt\/?s={search_term_string}"},"query-input":{"@type":"PropertyValueSpecification","valueRequired":true,"valueName":"search_term_string"}}],"inLanguage":"lt-LT"}]}},"_links":{"self":[{"href":"https:\/\/onlinelotto365.com\/lt\/wp-json\/wp\/v2\/pages\/79296","targetHints":{"allow":["GET"]}}],"collection":[{"href":"https:\/\/onlinelotto365.com\/lt\/wp-json\/wp\/v2\/pages"}],"about":[{"href":"https:\/\/onlinelotto365.com\/lt\/wp-json\/wp\/v2\/types\/page"}],"author":[{"embeddable":true,"href":"https:\/\/onlinelotto365.com\/lt\/wp-json\/wp\/v2\/users\/1"}],"replies":[{"embeddable":true,"href":"https:\/\/onlinelotto365.com\/lt\/wp-json\/wp\/v2\/comments?post=79296"}],"version-history":[{"count":0,"href":"https:\/\/onlinelotto365.com\/lt\/wp-json\/wp\/v2\/pages\/79296\/revisions"}],"up":[{"embeddable":true,"href":"https:\/\/onlinelotto365.com\/lt\/wp-json\/wp\/v2\/pages\/5026"}],"wp:attachment":[{"href":"https:\/\/onlinelotto365.com\/lt\/wp-json\/wp\/v2\/media?parent=79296"}],"curies":[{"name":"wp","href":"https:\/\/api.w.org\/{rel}","templated":true}]}}