{"id":79337,"date":"2022-11-03T12:10:07","date_gmt":"2022-11-03T11:10:07","guid":{"rendered":"https:\/\/onlinelotto365.com\/?page_id=79337"},"modified":"2022-11-03T12:10:19","modified_gmt":"2022-11-03T11:10:19","slug":"oz-lotto","status":"publish","type":"page","link":"https:\/\/onlinelotto365.com\/lt\/zaisti\/oz-lotto\/","title":{"rendered":"\u017daisti &#8222;Oz Lotto&#8221; yra tik viena i\u0161 galimybi\u0173 loterijos gerb\u0117jams i\u0161 Lietuvos"},"content":{"rendered":"<h2>Kaip \u017eaisti Oz Lotto internete<\/h2>\n<p>Nesvarbu, ar gyvenate Lietuvoje, ar ne, &#8222;Oz Lotto&#8221; galite \u017eaisti internetu. Tai yra tod\u0117l, kad jums tereikia rasti tinkam\u0105 puslap\u012f m\u016bs\u0173 svetain\u0117je, spustel\u0117ti kelis mygtukus, ir net nesp\u0117jus apsidairyti tur\u0117site norimus bilietus.<\/p>\n<p>Dar geriau, tereikia susikurti visi\u0161kai nemokam\u0105 paskyr\u0105, pasirinkti norimus bilietus ir skai\u010dius, pasirinkti jums tinkamiausi\u0105 mok\u0117jimo b\u016bd\u0105 ir viskas. Tai i\u0161 tikr\u0173j\u0173 taip paprasta.<\/p>\n<p>Jei esate pasiruo\u0161\u0119 prad\u0117ti, pirmas dalykas, kur\u012f turite padaryti, tai pasirinkti norim\u0105 loterij\u0105. \u0160iuo atveju j\u016bs renkat\u0117s &#8222;Oz Lotto&#8221;. Kai jau b\u016bsite prisijung\u0119, tiesiog i\u0161sirinkite norimus \u017eaisti skai\u010dius. Jums net nereikia jaudintis, kad neteisingai pasirinksite numerius, nes sistema prane\u0161, ko jums reikia.<\/p>\n<p>Tai rei\u0161kia ir skai\u010di\u0173 kiek\u012f. Be to, galite pasirinkti greit\u0105j\u012f pasirinkim\u0105, kad kompiuteris atsitiktine tvarka parinkt\u0173 j\u016bs\u0173 numerius, o tada tuos numerius taip pat redaguoti.<br \/>\nGav\u0119 norimus &#8222;Oz Lotto&#8221; bilietus, galite pasirinkti prid\u0117ti dar daugiau biliet\u0173, pasirinkti kit\u0105 \u017eaidim\u0105 ir prid\u0117ti tuos bilietus arba tiesiog prid\u0117ti bilietus prie u\u017esakymo, kad gal\u0117tum\u0117te juos \u012fsigyti. Atsiskaitykite ir sumok\u0117kite naudodami pageidaujam\u0105 mok\u0117jimo b\u016bd\u0105, ir viskas bus paruo\u0161ta. Nors, \u017einoma, norint pereiti vis\u0105 kasos proces\u0105, reik\u0117s susikurti paskyr\u0105.<\/p>\n<p>Sukurti paskyr\u0105 nesud\u0117tinga, o mes i\u0161 karto gausite patvirtinimo el. lai\u0161k\u0105 ir nuorod\u0105. Tokiu b\u016bdu gal\u0117site i\u0161 karto pereiti prie \u0161i\u0173 biliet\u0173 pirkimo ir nieko nelaukti. Tik \u012fsitikinkite, kad tikrinate savo pa\u0161to d\u0117\u017eut\u0119 ir nepageidaujam\u0173 lai\u0161k\u0173 aplank\u0105, nes negal\u0117site gauti biliet\u0173, kol nepatvirtinsite. Akimirksniu b\u016bsite pasiruo\u0161\u0119 keliauti.<\/p>\n<p><a href=\"https:\/\/redfoxlotto.com\/play\/oz-lotto\/?ref=a8564250a2&amp;medium=ol365\" target=\"_blank\" rel=\"noopener noreferrer\"><img decoding=\"async\" class=\"aligncenter\" src=\"https:\/\/redfoxlotto.com\/image?size=8&amp;lottery=oz-lotto\" alt=\"Oz Lotto\" \/><\/a><\/p>\n<h2>Apie &#8222;Oz Lotto<\/h2>\n<ul>\n<li>\u0160alis: .<\/li>\n<li>Pagrindini\u0173 skai\u010di\u0173 diapazonas: 45<\/li>\n<li>Turite pasirinkti: 1: 7<\/li>\n<li>Dienos, valandos: Antradienis, 21:30 GMT+11 &#8211; 10:30 CET<\/li>\n<li>Jackpoto prad\u017eia: Australijos doleri\u0173.<\/li>\n<li>Maksimali laim\u0117jimo suma: n\u0117ra<\/li>\n<li>Tikimyb\u0117 laim\u0117ti pagrindin\u012f priz\u0105: 1 i\u0161 45379620<\/li>\n<li>Galimyb\u0117 laim\u0117ti antr\u0105j\u012f priz\u0105: 1 i\u0161 3241401<\/li>\n<li>Galimyb\u0117 laim\u0117ti bet kur\u012f priz\u0105: 1 i\u0161 54,59<\/li>\n<li>Priz\u0173 kategorij\u0173 skai\u010dius: 7<\/li>\n<\/ul>\n<h2>Geriausios &#8222;Oz Lotto&#8221; savyb\u0117s<\/h2>\n<p>Oz Lotto suteikia galimyb\u0119 laim\u0117ti septyniuose skirtinguose skyriuose, taip padidindamas j\u016bs\u0173 galimybes laim\u0117ti puik\u0173 priz\u0105. Ne tik tai, bet ir tai, kad jei laim\u0117site 1 divizione, garantuotai pasidalysite 2 milijon\u0173 JAV doleri\u0173 priz\u0105, o da\u017enai ir daug didesn\u012f. Tai rei\u0161kia, kad jums nebus joki\u0173 problem\u0173 laim\u0117ti k\u0105 nors didelio arba bent jau gauti vieno i\u0161 puiki\u0173 priz\u0173 dal\u012f.<\/p>\n<h2>Kaip patikrinti &#8222;Oz Lotto&#8221; rezultatus<\/h2>\n<p>Yra daugyb\u0117 b\u016bd\u0173, kaip patikrinti &#8222;Oz Lotto&#8221; laimin\u010dius skai\u010dius. Pirmasis &#8211; apsilankyti oficialioje svetain\u0117je arba patikrinti vietines loterijas per savo laikra\u0161t\u012f ar m\u0117gstam\u0105 naujien\u0173 kanal\u0105. Ta\u010diau tai veikia tik tuo atveju, jei \u017eaidimas yra vietinis. O geriausias b\u016bdas, kuriuo galite su\u017einoti savo loterijos numerius, yra gr\u012f\u017eti tiesiai \u012f m\u016bs\u0173 svetain\u0119.<br \/>\nJuk bilietus pirkote \u010dia, tad kod\u0117l gi ne? Gal\u0117site prisijungti tiesiai prie savo paskyros ir palyginti savo skai\u010dius su laim\u0117tojo skai\u010diais, kad pamatytum\u0117te, kiek laim\u0117jote.<\/p>\n<h2>J\u016bs esate &#8222;Oz Lotto&#8221; laim\u0117tojas! &#8211; Kas dabar?<\/h2>\n<p>Pirmiausia nor\u0117site su\u017einoti, kiek gausite. Juk kiekvienas nori \u017einoti apie savo laim\u0117jim\u0105, tiesa? Jei laim\u0117jote ma\u017eiau nei 2500 eur\u0173, jums nereik\u0117s nieko daryti. Mes pasir\u016bpinsime prizo atsi\u0117mimu ir pervesime j\u012f tiesiai \u012f j\u016bs\u0173 internetin\u0119 s\u0105skait\u0105. I\u0161 ten gal\u0117site pasirinkti, ar j\u012f atsiimti, ar pirkti naujus bilietus, ar k\u0105 nors kita, jei tik norite, t. y. jei laim\u0117jimas vir\u0161ija 10 \u20ac.<br \/>\n<img loading=\"lazy\" decoding=\"async\" class=\"alignright wp-image-3635\" src=\"https:\/\/onlinelotto365.com\/wp-content\/uploads\/2020\/11\/online_lottery-123-300x300.jpg\" alt=\"\u017daisti oz loto internete\" width=\"228\" height=\"228\" srcset=\"https:\/\/onlinelotto365.com\/wp-content\/uploads\/2020\/11\/online_lottery-123-300x300.jpg 300w, https:\/\/onlinelotto365.com\/wp-content\/uploads\/2020\/11\/online_lottery-123-100x100.jpg 100w, https:\/\/onlinelotto365.com\/wp-content\/uploads\/2020\/11\/online_lottery-123-150x150.jpg 150w, https:\/\/onlinelotto365.com\/wp-content\/uploads\/2020\/11\/online_lottery-123.jpg 320w\" sizes=\"auto, (max-width: 228px) 100vw, 228px\" \/><\/p>\n<p>Dabar, jei laim\u0117jote daugiau nei 2500 \u20ac, procesas \u0161iek tiek ilgesnis, bet nesijaudinkite, nes mes jums pad\u0117sime visk\u0105 atlikti. Susisieksime su jumis ir pateiksime ie\u0161kinio formos, kuri\u0105 reikia i\u0161si\u0173sti loterijos komisijai, kopij\u0105. J\u0105 u\u017epild\u0119 gal\u0117site gauti savo laim\u0117jim\u0105 pagal tai, k\u0105 pateik\u0117te popieriuje. Galite gauti \u010dek\u012f arba banko pavedim\u0105.<\/p>\n","protected":false},"excerpt":{"rendered":"<p>Kaip \u017eaisti Oz Lotto internete Nesvarbu, ar gyvenate Lietuvoje, ar ne, &#8222;Oz Lotto&#8221; galite \u017eaisti internetu. Tai yra tod\u0117l, kad jums tereikia rasti tinkam\u0105 puslap\u012f m\u016bs\u0173 svetain\u0117je, spustel\u0117ti kelis mygtukus, ir net nesp\u0117jus apsidairyti tur\u0117site norimus bilietus. Dar geriau, tereikia susikurti visi\u0161kai nemokam\u0105 paskyr\u0105, pasirinkti norimus bilietus ir skai\u010dius, pasirinkti jums tinkamiausi\u0105 mok\u0117jimo b\u016bd\u0105 ir [&hellip;]<\/p>\n","protected":false},"author":1,"featured_media":0,"parent":5026,"menu_order":14,"comment_status":"closed","ping_status":"closed","template":"template-rightsidebar.php","meta":{"_et_pb_use_builder":"","_et_pb_old_content":"","_et_gb_content_width":"","exclude_from_search":false,"footnotes":""},"class_list":["post-79337","page","type-page","status-publish","hentry"],"yoast_head":"<!-- This site is optimized with the Yoast SEO plugin v23.4 - https:\/\/yoast.com\/wordpress\/plugins\/seo\/ -->\n<title>\u017daiskite &quot;Oz Lotto&quot; \u010dia - did\u017eiausios planetos loterijos, prieinamos internetu i\u0161 Lietuvos<\/title>\n<meta name=\"description\" content=\"\u017daiskite daugyb\u0119 tarptautini\u0173 loterij\u0173 internetu, \u012fskaitant OzLotto\" \/>\n<meta name=\"robots\" content=\"index, follow, max-snippet:-1, max-image-preview:large, max-video-preview:-1\" \/>\n<link rel=\"canonical\" href=\"https:\/\/onlinelotto365.com\/lt\/zaisti\/oz-lotto\/\" \/>\n<meta property=\"og:locale\" content=\"lt_LT\" \/>\n<meta property=\"og:type\" content=\"article\" \/>\n<meta property=\"og:title\" content=\"\u017daiskite &quot;Oz Lotto&quot; \u010dia - did\u017eiausios planetos loterijos, prieinamos internetu i\u0161 Lietuvos\" \/>\n<meta property=\"og:description\" content=\"\u017daiskite daugyb\u0119 tarptautini\u0173 loterij\u0173 internetu, \u012fskaitant OzLotto\" \/>\n<meta property=\"og:url\" content=\"https:\/\/onlinelotto365.com\/lt\/zaisti\/oz-lotto\/\" \/>\n<meta property=\"og:site_name\" content=\"OnlineLotto365\" \/>\n<meta property=\"article:modified_time\" content=\"2022-11-03T11:10:19+00:00\" \/>\n<meta property=\"og:image\" content=\"https:\/\/redfoxlotto.com\/image?size=8&amp;lottery=oz-lotto\" \/>\n<meta name=\"twitter:card\" content=\"summary_large_image\" \/>\n<meta name=\"twitter:label1\" content=\"Est. reading time\" \/>\n\t<meta name=\"twitter:data1\" content=\"3 minut\u0117s\" \/>\n<script type=\"application\/ld+json\" class=\"yoast-schema-graph\">{\"@context\":\"https:\/\/schema.org\",\"@graph\":[{\"@type\":\"WebPage\",\"@id\":\"https:\/\/onlinelotto365.com\/lt\/zaisti\/oz-lotto\/\",\"url\":\"https:\/\/onlinelotto365.com\/lt\/zaisti\/oz-lotto\/\",\"name\":\"\u017daiskite \\\"Oz Lotto\\\" \u010dia - did\u017eiausios planetos loterijos, prieinamos internetu i\u0161 Lietuvos\",\"isPartOf\":{\"@id\":\"https:\/\/onlinelotto365.com\/lt\/#website\"},\"primaryImageOfPage\":{\"@id\":\"https:\/\/onlinelotto365.com\/lt\/zaisti\/oz-lotto\/#primaryimage\"},\"image\":{\"@id\":\"https:\/\/onlinelotto365.com\/lt\/zaisti\/oz-lotto\/#primaryimage\"},\"thumbnailUrl\":\"https:\/\/redfoxlotto.com\/image?size=8&amp;lottery=oz-lotto\",\"datePublished\":\"2022-11-03T11:10:07+00:00\",\"dateModified\":\"2022-11-03T11:10:19+00:00\",\"description\":\"\u017daiskite daugyb\u0119 tarptautini\u0173 loterij\u0173 internetu, \u012fskaitant OzLotto\",\"breadcrumb\":{\"@id\":\"https:\/\/onlinelotto365.com\/lt\/zaisti\/oz-lotto\/#breadcrumb\"},\"inLanguage\":\"lt-LT\",\"potentialAction\":[{\"@type\":\"ReadAction\",\"target\":[\"https:\/\/onlinelotto365.com\/lt\/zaisti\/oz-lotto\/\"]}]},{\"@type\":\"ImageObject\",\"inLanguage\":\"lt-LT\",\"@id\":\"https:\/\/onlinelotto365.com\/lt\/zaisti\/oz-lotto\/#primaryimage\",\"url\":\"https:\/\/redfoxlotto.com\/image?size=8&amp;lottery=oz-lotto\",\"contentUrl\":\"https:\/\/redfoxlotto.com\/image?size=8&amp;lottery=oz-lotto\"},{\"@type\":\"BreadcrumbList\",\"@id\":\"https:\/\/onlinelotto365.com\/lt\/zaisti\/oz-lotto\/#breadcrumb\",\"itemListElement\":[{\"@type\":\"ListItem\",\"position\":1,\"name\":\"Home\",\"item\":\"https:\/\/onlinelotto365.com\/lt\/\"},{\"@type\":\"ListItem\",\"position\":2,\"name\":\"Viskas, k\u0105 turite \u017einoti apie galimybes \u017eaisti geriausias loterijas internete\",\"item\":\"https:\/\/onlinelotto365.com\/lt\/zaisti\/\"},{\"@type\":\"ListItem\",\"position\":3,\"name\":\"\u017daisti &#8222;Oz Lotto&#8221; yra tik viena i\u0161 galimybi\u0173 loterijos gerb\u0117jams i\u0161 Lietuvos\"}]},{\"@type\":\"WebSite\",\"@id\":\"https:\/\/onlinelotto365.com\/lt\/#website\",\"url\":\"https:\/\/onlinelotto365.com\/lt\/\",\"name\":\"OnlineLotto365\",\"description\":\"\",\"potentialAction\":[{\"@type\":\"SearchAction\",\"target\":{\"@type\":\"EntryPoint\",\"urlTemplate\":\"https:\/\/onlinelotto365.com\/lt\/?s={search_term_string}\"},\"query-input\":{\"@type\":\"PropertyValueSpecification\",\"valueRequired\":true,\"valueName\":\"search_term_string\"}}],\"inLanguage\":\"lt-LT\"}]}<\/script>\n<!-- \/ Yoast SEO plugin. -->","yoast_head_json":{"title":"\u017daiskite \"Oz Lotto\" \u010dia - did\u017eiausios planetos loterijos, prieinamos internetu i\u0161 Lietuvos","description":"\u017daiskite daugyb\u0119 tarptautini\u0173 loterij\u0173 internetu, \u012fskaitant OzLotto","robots":{"index":"index","follow":"follow","max-snippet":"max-snippet:-1","max-image-preview":"max-image-preview:large","max-video-preview":"max-video-preview:-1"},"canonical":"https:\/\/onlinelotto365.com\/lt\/zaisti\/oz-lotto\/","og_locale":"lt_LT","og_type":"article","og_title":"\u017daiskite \"Oz Lotto\" \u010dia - did\u017eiausios planetos loterijos, prieinamos internetu i\u0161 Lietuvos","og_description":"\u017daiskite daugyb\u0119 tarptautini\u0173 loterij\u0173 internetu, \u012fskaitant OzLotto","og_url":"https:\/\/onlinelotto365.com\/lt\/zaisti\/oz-lotto\/","og_site_name":"OnlineLotto365","article_modified_time":"2022-11-03T11:10:19+00:00","og_image":[{"url":"https:\/\/redfoxlotto.com\/image?size=8&amp;lottery=oz-lotto"}],"twitter_card":"summary_large_image","twitter_misc":{"Est. reading time":"3 minut\u0117s"},"schema":{"@context":"https:\/\/schema.org","@graph":[{"@type":"WebPage","@id":"https:\/\/onlinelotto365.com\/lt\/zaisti\/oz-lotto\/","url":"https:\/\/onlinelotto365.com\/lt\/zaisti\/oz-lotto\/","name":"\u017daiskite \"Oz Lotto\" \u010dia - did\u017eiausios planetos loterijos, prieinamos internetu i\u0161 Lietuvos","isPartOf":{"@id":"https:\/\/onlinelotto365.com\/lt\/#website"},"primaryImageOfPage":{"@id":"https:\/\/onlinelotto365.com\/lt\/zaisti\/oz-lotto\/#primaryimage"},"image":{"@id":"https:\/\/onlinelotto365.com\/lt\/zaisti\/oz-lotto\/#primaryimage"},"thumbnailUrl":"https:\/\/redfoxlotto.com\/image?size=8&amp;lottery=oz-lotto","datePublished":"2022-11-03T11:10:07+00:00","dateModified":"2022-11-03T11:10:19+00:00","description":"\u017daiskite daugyb\u0119 tarptautini\u0173 loterij\u0173 internetu, \u012fskaitant OzLotto","breadcrumb":{"@id":"https:\/\/onlinelotto365.com\/lt\/zaisti\/oz-lotto\/#breadcrumb"},"inLanguage":"lt-LT","potentialAction":[{"@type":"ReadAction","target":["https:\/\/onlinelotto365.com\/lt\/zaisti\/oz-lotto\/"]}]},{"@type":"ImageObject","inLanguage":"lt-LT","@id":"https:\/\/onlinelotto365.com\/lt\/zaisti\/oz-lotto\/#primaryimage","url":"https:\/\/redfoxlotto.com\/image?size=8&amp;lottery=oz-lotto","contentUrl":"https:\/\/redfoxlotto.com\/image?size=8&amp;lottery=oz-lotto"},{"@type":"BreadcrumbList","@id":"https:\/\/onlinelotto365.com\/lt\/zaisti\/oz-lotto\/#breadcrumb","itemListElement":[{"@type":"ListItem","position":1,"name":"Home","item":"https:\/\/onlinelotto365.com\/lt\/"},{"@type":"ListItem","position":2,"name":"Viskas, k\u0105 turite \u017einoti apie galimybes \u017eaisti geriausias loterijas internete","item":"https:\/\/onlinelotto365.com\/lt\/zaisti\/"},{"@type":"ListItem","position":3,"name":"\u017daisti &#8222;Oz Lotto&#8221; yra tik viena i\u0161 galimybi\u0173 loterijos gerb\u0117jams i\u0161 Lietuvos"}]},{"@type":"WebSite","@id":"https:\/\/onlinelotto365.com\/lt\/#website","url":"https:\/\/onlinelotto365.com\/lt\/","name":"OnlineLotto365","description":"","potentialAction":[{"@type":"SearchAction","target":{"@type":"EntryPoint","urlTemplate":"https:\/\/onlinelotto365.com\/lt\/?s={search_term_string}"},"query-input":{"@type":"PropertyValueSpecification","valueRequired":true,"valueName":"search_term_string"}}],"inLanguage":"lt-LT"}]}},"_links":{"self":[{"href":"https:\/\/onlinelotto365.com\/lt\/wp-json\/wp\/v2\/pages\/79337","targetHints":{"allow":["GET"]}}],"collection":[{"href":"https:\/\/onlinelotto365.com\/lt\/wp-json\/wp\/v2\/pages"}],"about":[{"href":"https:\/\/onlinelotto365.com\/lt\/wp-json\/wp\/v2\/types\/page"}],"author":[{"embeddable":true,"href":"https:\/\/onlinelotto365.com\/lt\/wp-json\/wp\/v2\/users\/1"}],"replies":[{"embeddable":true,"href":"https:\/\/onlinelotto365.com\/lt\/wp-json\/wp\/v2\/comments?post=79337"}],"version-history":[{"count":0,"href":"https:\/\/onlinelotto365.com\/lt\/wp-json\/wp\/v2\/pages\/79337\/revisions"}],"up":[{"embeddable":true,"href":"https:\/\/onlinelotto365.com\/lt\/wp-json\/wp\/v2\/pages\/5026"}],"wp:attachment":[{"href":"https:\/\/onlinelotto365.com\/lt\/wp-json\/wp\/v2\/media?parent=79337"}],"curies":[{"name":"wp","href":"https:\/\/api.w.org\/{rel}","templated":true}]}}