{"id":79380,"date":"2022-11-03T15:16:06","date_gmt":"2022-11-03T14:16:06","guid":{"rendered":"https:\/\/onlinelotto365.com\/?page_id=79380"},"modified":"2022-11-03T15:16:17","modified_gmt":"2022-11-03T14:16:17","slug":"powerball-australia","status":"publish","type":"page","link":"https:\/\/onlinelotto365.com\/lt\/zaisti\/powerball-australia\/","title":{"rendered":"&#8222;Powerball Australia&#8221; &#8211; nebegalite apsiriboti savo Lietuvos loterijomis"},"content":{"rendered":"<h2>Kaip \u017eaisti &#8222;Powerball Australia&#8221; internete<\/h2>\n<p>\u017daisti &#8222;Powerball Australia&#8221; internetu i\u0161 tikr\u0173j\u0173 labai paprasta, net jei esate Lietuvoje. Be to, tai gana patogu, nes jau esate \u010dia, kur vos keliais pel\u0117s paspaudimais galite \u012fsigyti bilietus.<\/p>\n<p>Jumis bus pasir\u016bpinta kiekviename \u017eingsnyje, kur jums tereik\u0117s susikurti nemokam\u0105 paskyr\u0105, atlikti savo pasirinkimus, pasirinkti vien\u0105 i\u0161 daugyb\u0117s patogi\u0173 mok\u0117jimo b\u016bd\u0173, o visa kita padarysime mes.<\/p>\n<p>\u012esitikinkite, kad spustel\u0117jote tinkam\u0105 loterij\u0105, b\u016btent &#8222;Powerball Australia&#8221;. Tada pasirinkite savo skai\u010dius. Jei bandysite pasirinkti per daug skai\u010di\u0173 arba pasirinkote nepakankamai skai\u010di\u0173, sistema paragins pasirinkti ma\u017eiau arba daugiau skai\u010di\u0173. Taip pat galite spustel\u0117ti greitojo pasirinkimo mygtuk\u0105, ir svetain\u0117 atsitiktine tvarka parinks kelet\u0105 skai\u010di\u0173. Vis dar galite rankiniu b\u016bdu redaguoti tuos numerius, jei jie jums nepatinka.<\/p>\n<p>Taip pat yra metodas, kur\u012f m\u0117gsta naudoti daugelis \u017eaid\u0117j\u0173 &#8211; greitojo pasirinkimo funkcija. Arba galite rankiniu b\u016bdu naudoti kai kuriuos m\u0117gstamus numerius, o likusius u\u017e jus parinks atsitiktini\u0173 skai\u010di\u0173 generatorius.<\/p>\n<p>Po to galite pasirinkti kit\u0105 loterij\u0105, su\u017eaisti daugiau loterijos biliet\u0173 ir prid\u0117ti juos prie savo u\u017esakymo. Tada spustel\u0117kite nor\u0117dami i\u0161siregistruoti ir saugiai sumok\u0117ti u\u017e bilietus. \u0160iuo metu tur\u0117site susikurti m\u016bs\u0173 paskyr\u0105. \u017dinoma, taip pat galite pirmiausia susikurti paskyr\u0105 ir tik tada prad\u0117ti biliet\u0173 u\u017esakymo proces\u0105.<\/p>\n<p>Suk\u016br\u0119 paskyr\u0105, atsi\u0173sime jums patvirtinimo el. lai\u0161k\u0105 su nuoroda, kuri\u0105 turite spustel\u0117ti. B\u016btinai patikrinkite savo nepageidaujam\u0173 lai\u0161k\u0173 aplank\u0105, kad rastum\u0117te \u0161\u012f el. lai\u0161k\u0105. B\u016bt\u0173 protinga pa\u017eym\u0117ti m\u016bs\u0173 el. pa\u0161to adres\u0105 kaip patikim\u0105 siunt\u0117j\u0105. Taip u\u017etikrinsite, kad svarb\u016bs prane\u0161imai, pavyzd\u017eiui, prane\u0161imai apie laim\u0117jimus, i\u0161 tikr\u0173j\u0173 jus pasieks.<br \/>\n<a href=\"https:\/\/redfoxlotto.com\/play\/powerball-au\/?ref=a8564250a2&amp;medium=ol365\" target=\"_blank\" rel=\"noopener noreferrer\"><img decoding=\"async\" class=\"aligncenter\" src=\"https:\/\/redfoxlotto.com\/image?size=8&amp;lottery=powerball-au\" alt=\"Powerball Australia\" \/><\/a><\/p>\n<p>&nbsp;<\/p>\n<h2>Apie &#8222;Powerball Australia<\/h2>\n<ul>\n<li>Australija<\/li>\n<li>Pagrindini\u0173 skai\u010di\u0173 diapazonas: 35<\/li>\n<li>Turite pasirinkti: 7<\/li>\n<li>Papildom\u0173 numeri\u0173 diapazonas: 20<\/li>\n<li>Reikia pasirinkti: 1: 1<\/li>\n<li>Dienos, valandos, kuriomis vyksta traukimai: Ketvirtadienis, 21:30 GMT+11, 10:30 CET<\/li>\n<li>Jackpoto prad\u017eia: Australijos doleri\u0173.<\/li>\n<li>Did\u017eiausia leistina laim\u0117jimo suma: Australijos doleri\u0173.<\/li>\n<li>Galimyb\u0117 laim\u0117ti pagrindin\u012f priz\u0105: 1 i\u0161 134 490 400<\/li>\n<li>Galimyb\u0117 laim\u0117ti antr\u0105j\u012f priz\u0105: 1 i\u0161 7 078 443<\/li>\n<li>Galimyb\u0117 laim\u0117ti bet kur\u012f priz\u0105: 1 i\u0161 24,87<\/li>\n<li>Priz\u0173 kategorij\u0173 skai\u010dius: 7<\/li>\n<\/ul>\n<h2>\nKaip patikrinti &#8222;Powerball Australia&#8221; rezultatus<\/h2>\n<p>Rezultatus galite patikrinti keliais b\u016bdais. Juos galite rasti oficialioje loterijos svetain\u0117je. Kai kuri\u0173 loterij\u0173 laiminguosius skai\u010dius galite rasti vietiniame laikra\u0161tyje arba juos gali transliuoti televizijos kanalas. Ta\u010diau papras\u010diausias b\u016bdas &#8211; gr\u012f\u017eti \u012f m\u016bs\u0173 svetain\u0119 ir patikrinti naujausius laim\u0117jimo skai\u010dius \u010dia. Prisijung\u0119 prie savo paskyros, galite palyginti i\u0161lo\u0161tus skai\u010dius su burt\u0173 traukimo numeriais. Ir i\u0161 karto gal\u0117site pamatyti, kiek laim\u0117jote.<\/p>\n<h2>\u017daid\u0117te &#8222;Powerball Australia&#8221; internetu ir laim\u0117jote &#8211; kas toliau?<\/h2>\n<p>Pirmiausia tur\u0117tum\u0117te patikrinti, kiek laim\u0117jote. Jei laim\u0117jimas ma\u017eesnis nei 2500 eur\u0173, rasite sum\u0105, pervest\u0105 \u012f \u017eaid\u0117jo s\u0105skait\u0105. J\u0105 gal\u0117site panaudoti papildomiems bilietams \u012fsigyti arba, jei pageidaujate, atsiimti. Atkreipkite d\u0117mes\u012f, kad pinig\u0173 i\u0161\u0117mimo galimyb\u0117 matoma tik tada, jei j\u016bs\u0173 s\u0105skaitos likutis yra ne ma\u017eesnis kaip 10 \u20ac.<br \/>\n<img loading=\"lazy\" decoding=\"async\" class=\"alignright wp-image-1653\" src=\"https:\/\/onlinelotto365.com\/wp-content\/uploads\/2020\/11\/online_lottery-145-300x143.jpg\" alt=\"\u017eaisti powerball australia internetu\" width=\"413\" height=\"197\" \/><\/p>\n<p>D\u0117l didesni\u0173 nei 2500 \u20ac laim\u0117jim\u0173 su jumis susisieks m\u016bs\u0173 palaikymo tarnyba. Tur\u0117site u\u017epildyti pretenzijos form\u0105, kuri\u0105 v\u0117liau i\u0161si\u0173sime loterijos komisijai. Tada, priklausomai nuo j\u016bs\u0173 pageidavim\u0173, laim\u0117jim\u0105 gausite banko pavedimu arba \u010dekiu.<\/p>\n","protected":false},"excerpt":{"rendered":"<p>Kaip \u017eaisti &#8222;Powerball Australia&#8221; internete \u017daisti &#8222;Powerball Australia&#8221; internetu i\u0161 tikr\u0173j\u0173 labai paprasta, net jei esate Lietuvoje. Be to, tai gana patogu, nes jau esate \u010dia, kur vos keliais pel\u0117s paspaudimais galite \u012fsigyti bilietus. Jumis bus pasir\u016bpinta kiekviename \u017eingsnyje, kur jums tereik\u0117s susikurti nemokam\u0105 paskyr\u0105, atlikti savo pasirinkimus, pasirinkti vien\u0105 i\u0161 daugyb\u0117s patogi\u0173 mok\u0117jimo b\u016bd\u0173, [&hellip;]<\/p>\n","protected":false},"author":1,"featured_media":0,"parent":5026,"menu_order":13,"comment_status":"closed","ping_status":"closed","template":"powerball-au.php","meta":{"_et_pb_use_builder":"","_et_pb_old_content":"","_et_gb_content_width":"","exclude_from_search":false,"footnotes":""},"class_list":["post-79380","page","type-page","status-publish","hentry"],"yoast_head":"<!-- This site is optimized with the Yoast SEO plugin v23.4 - https:\/\/yoast.com\/wordpress\/plugins\/seo\/ -->\n<title>\u017daiskite Powerball Australia internetu i\u0161 Lietuvos | Ar galiu dalyvauti Powerball Australia, jei gyvenu Lietuvoje<\/title>\n<meta name=\"description\" content=\"\u017daiskite Powerball Australia \u010dia - did\u017eiausios planetos loterijos, prieinamos internetu i\u0161 Lietuvos\" \/>\n<meta name=\"robots\" content=\"index, follow, max-snippet:-1, max-image-preview:large, max-video-preview:-1\" \/>\n<link rel=\"canonical\" href=\"https:\/\/onlinelotto365.com\/lt\/zaisti\/powerball-australia\/\" \/>\n<meta property=\"og:locale\" content=\"lt_LT\" \/>\n<meta property=\"og:type\" content=\"article\" \/>\n<meta property=\"og:title\" content=\"\u017daiskite Powerball Australia internetu i\u0161 Lietuvos | Ar galiu dalyvauti Powerball Australia, jei gyvenu Lietuvoje\" \/>\n<meta property=\"og:description\" content=\"\u017daiskite Powerball Australia \u010dia - did\u017eiausios planetos loterijos, prieinamos internetu i\u0161 Lietuvos\" \/>\n<meta property=\"og:url\" content=\"https:\/\/onlinelotto365.com\/lt\/zaisti\/powerball-australia\/\" \/>\n<meta property=\"og:site_name\" content=\"OnlineLotto365\" \/>\n<meta property=\"article:modified_time\" content=\"2022-11-03T14:16:17+00:00\" \/>\n<meta property=\"og:image\" content=\"https:\/\/redfoxlotto.com\/image?size=8&amp;lottery=powerball-au\" \/>\n<meta name=\"twitter:card\" content=\"summary_large_image\" \/>\n<meta name=\"twitter:label1\" content=\"Est. reading time\" \/>\n\t<meta name=\"twitter:data1\" content=\"3 minut\u0117s\" \/>\n<script type=\"application\/ld+json\" class=\"yoast-schema-graph\">{\"@context\":\"https:\/\/schema.org\",\"@graph\":[{\"@type\":\"WebPage\",\"@id\":\"https:\/\/onlinelotto365.com\/lt\/zaisti\/powerball-australia\/\",\"url\":\"https:\/\/onlinelotto365.com\/lt\/zaisti\/powerball-australia\/\",\"name\":\"\u017daiskite Powerball Australia internetu i\u0161 Lietuvos | Ar galiu dalyvauti Powerball Australia, jei gyvenu Lietuvoje\",\"isPartOf\":{\"@id\":\"https:\/\/onlinelotto365.com\/lt\/#website\"},\"primaryImageOfPage\":{\"@id\":\"https:\/\/onlinelotto365.com\/lt\/zaisti\/powerball-australia\/#primaryimage\"},\"image\":{\"@id\":\"https:\/\/onlinelotto365.com\/lt\/zaisti\/powerball-australia\/#primaryimage\"},\"thumbnailUrl\":\"https:\/\/redfoxlotto.com\/image?size=8&amp;lottery=powerball-au\",\"datePublished\":\"2022-11-03T14:16:06+00:00\",\"dateModified\":\"2022-11-03T14:16:17+00:00\",\"description\":\"\u017daiskite Powerball Australia \u010dia - did\u017eiausios planetos loterijos, prieinamos internetu i\u0161 Lietuvos\",\"breadcrumb\":{\"@id\":\"https:\/\/onlinelotto365.com\/lt\/zaisti\/powerball-australia\/#breadcrumb\"},\"inLanguage\":\"lt-LT\",\"potentialAction\":[{\"@type\":\"ReadAction\",\"target\":[\"https:\/\/onlinelotto365.com\/lt\/zaisti\/powerball-australia\/\"]}]},{\"@type\":\"ImageObject\",\"inLanguage\":\"lt-LT\",\"@id\":\"https:\/\/onlinelotto365.com\/lt\/zaisti\/powerball-australia\/#primaryimage\",\"url\":\"https:\/\/redfoxlotto.com\/image?size=8&amp;lottery=powerball-au\",\"contentUrl\":\"https:\/\/redfoxlotto.com\/image?size=8&amp;lottery=powerball-au\"},{\"@type\":\"BreadcrumbList\",\"@id\":\"https:\/\/onlinelotto365.com\/lt\/zaisti\/powerball-australia\/#breadcrumb\",\"itemListElement\":[{\"@type\":\"ListItem\",\"position\":1,\"name\":\"Home\",\"item\":\"https:\/\/onlinelotto365.com\/lt\/\"},{\"@type\":\"ListItem\",\"position\":2,\"name\":\"Viskas, k\u0105 turite \u017einoti apie galimybes \u017eaisti geriausias loterijas internete\",\"item\":\"https:\/\/onlinelotto365.com\/lt\/zaisti\/\"},{\"@type\":\"ListItem\",\"position\":3,\"name\":\"&#8220;Powerball Australia&#8221; &#8211; nebegalite apsiriboti savo Lietuvos loterijomis\"}]},{\"@type\":\"WebSite\",\"@id\":\"https:\/\/onlinelotto365.com\/lt\/#website\",\"url\":\"https:\/\/onlinelotto365.com\/lt\/\",\"name\":\"OnlineLotto365\",\"description\":\"\",\"potentialAction\":[{\"@type\":\"SearchAction\",\"target\":{\"@type\":\"EntryPoint\",\"urlTemplate\":\"https:\/\/onlinelotto365.com\/lt\/?s={search_term_string}\"},\"query-input\":{\"@type\":\"PropertyValueSpecification\",\"valueRequired\":true,\"valueName\":\"search_term_string\"}}],\"inLanguage\":\"lt-LT\"}]}<\/script>\n<!-- \/ Yoast SEO plugin. -->","yoast_head_json":{"title":"\u017daiskite Powerball Australia internetu i\u0161 Lietuvos | Ar galiu dalyvauti Powerball Australia, jei gyvenu Lietuvoje","description":"\u017daiskite Powerball Australia \u010dia - did\u017eiausios planetos loterijos, prieinamos internetu i\u0161 Lietuvos","robots":{"index":"index","follow":"follow","max-snippet":"max-snippet:-1","max-image-preview":"max-image-preview:large","max-video-preview":"max-video-preview:-1"},"canonical":"https:\/\/onlinelotto365.com\/lt\/zaisti\/powerball-australia\/","og_locale":"lt_LT","og_type":"article","og_title":"\u017daiskite Powerball Australia internetu i\u0161 Lietuvos | Ar galiu dalyvauti Powerball Australia, jei gyvenu Lietuvoje","og_description":"\u017daiskite Powerball Australia \u010dia - did\u017eiausios planetos loterijos, prieinamos internetu i\u0161 Lietuvos","og_url":"https:\/\/onlinelotto365.com\/lt\/zaisti\/powerball-australia\/","og_site_name":"OnlineLotto365","article_modified_time":"2022-11-03T14:16:17+00:00","og_image":[{"url":"https:\/\/redfoxlotto.com\/image?size=8&amp;lottery=powerball-au"}],"twitter_card":"summary_large_image","twitter_misc":{"Est. reading time":"3 minut\u0117s"},"schema":{"@context":"https:\/\/schema.org","@graph":[{"@type":"WebPage","@id":"https:\/\/onlinelotto365.com\/lt\/zaisti\/powerball-australia\/","url":"https:\/\/onlinelotto365.com\/lt\/zaisti\/powerball-australia\/","name":"\u017daiskite Powerball Australia internetu i\u0161 Lietuvos | Ar galiu dalyvauti Powerball Australia, jei gyvenu Lietuvoje","isPartOf":{"@id":"https:\/\/onlinelotto365.com\/lt\/#website"},"primaryImageOfPage":{"@id":"https:\/\/onlinelotto365.com\/lt\/zaisti\/powerball-australia\/#primaryimage"},"image":{"@id":"https:\/\/onlinelotto365.com\/lt\/zaisti\/powerball-australia\/#primaryimage"},"thumbnailUrl":"https:\/\/redfoxlotto.com\/image?size=8&amp;lottery=powerball-au","datePublished":"2022-11-03T14:16:06+00:00","dateModified":"2022-11-03T14:16:17+00:00","description":"\u017daiskite Powerball Australia \u010dia - did\u017eiausios planetos loterijos, prieinamos internetu i\u0161 Lietuvos","breadcrumb":{"@id":"https:\/\/onlinelotto365.com\/lt\/zaisti\/powerball-australia\/#breadcrumb"},"inLanguage":"lt-LT","potentialAction":[{"@type":"ReadAction","target":["https:\/\/onlinelotto365.com\/lt\/zaisti\/powerball-australia\/"]}]},{"@type":"ImageObject","inLanguage":"lt-LT","@id":"https:\/\/onlinelotto365.com\/lt\/zaisti\/powerball-australia\/#primaryimage","url":"https:\/\/redfoxlotto.com\/image?size=8&amp;lottery=powerball-au","contentUrl":"https:\/\/redfoxlotto.com\/image?size=8&amp;lottery=powerball-au"},{"@type":"BreadcrumbList","@id":"https:\/\/onlinelotto365.com\/lt\/zaisti\/powerball-australia\/#breadcrumb","itemListElement":[{"@type":"ListItem","position":1,"name":"Home","item":"https:\/\/onlinelotto365.com\/lt\/"},{"@type":"ListItem","position":2,"name":"Viskas, k\u0105 turite \u017einoti apie galimybes \u017eaisti geriausias loterijas internete","item":"https:\/\/onlinelotto365.com\/lt\/zaisti\/"},{"@type":"ListItem","position":3,"name":"&#8220;Powerball Australia&#8221; &#8211; nebegalite apsiriboti savo Lietuvos loterijomis"}]},{"@type":"WebSite","@id":"https:\/\/onlinelotto365.com\/lt\/#website","url":"https:\/\/onlinelotto365.com\/lt\/","name":"OnlineLotto365","description":"","potentialAction":[{"@type":"SearchAction","target":{"@type":"EntryPoint","urlTemplate":"https:\/\/onlinelotto365.com\/lt\/?s={search_term_string}"},"query-input":{"@type":"PropertyValueSpecification","valueRequired":true,"valueName":"search_term_string"}}],"inLanguage":"lt-LT"}]}},"_links":{"self":[{"href":"https:\/\/onlinelotto365.com\/lt\/wp-json\/wp\/v2\/pages\/79380","targetHints":{"allow":["GET"]}}],"collection":[{"href":"https:\/\/onlinelotto365.com\/lt\/wp-json\/wp\/v2\/pages"}],"about":[{"href":"https:\/\/onlinelotto365.com\/lt\/wp-json\/wp\/v2\/types\/page"}],"author":[{"embeddable":true,"href":"https:\/\/onlinelotto365.com\/lt\/wp-json\/wp\/v2\/users\/1"}],"replies":[{"embeddable":true,"href":"https:\/\/onlinelotto365.com\/lt\/wp-json\/wp\/v2\/comments?post=79380"}],"version-history":[{"count":0,"href":"https:\/\/onlinelotto365.com\/lt\/wp-json\/wp\/v2\/pages\/79380\/revisions"}],"up":[{"embeddable":true,"href":"https:\/\/onlinelotto365.com\/lt\/wp-json\/wp\/v2\/pages\/5026"}],"wp:attachment":[{"href":"https:\/\/onlinelotto365.com\/lt\/wp-json\/wp\/v2\/media?parent=79380"}],"curies":[{"name":"wp","href":"https:\/\/api.w.org\/{rel}","templated":true}]}}