{"id":79419,"date":"2022-11-04T09:17:42","date_gmt":"2022-11-04T08:17:42","guid":{"rendered":"https:\/\/onlinelotto365.com\/?page_id=79419"},"modified":"2022-11-04T09:17:57","modified_gmt":"2022-11-04T08:17:57","slug":"mega-sena","status":"publish","type":"page","link":"https:\/\/onlinelotto365.com\/lt\/zaisti\/mega-sena\/","title":{"rendered":"Kaip Lietuvos gyventojai gali \u017eaisti &#8222;Mega-Sena&#8221; internetu?"},"content":{"rendered":"<p>M\u016bs\u0173 paslauga \u0161iuo metu leid\u017eia pirkti loterijos bilietus \u012f 15 skirting\u0173 did\u017ei\u0173j\u0173 loterij\u0173 i\u0161 viso pasaulio. Did\u017eiuojam\u0117s gal\u0117dami pasi\u016blyti savo \u017eaid\u0117jams galimyb\u0119 \u017eaisti Brazilijos loterij\u0105 &#8222;Mega Sena&#8221; internetu. Kaip ir vis\u0173 did\u017ei\u0173j\u0173 loterij\u0173 atveju, anks\u010diau tur\u0117davote gyventi \u0161alyje arba regione, kuriame vykdoma tam tikra loterija, ir keliauti \u012f ten esant\u012f loterijos pardav\u0117j\u0105, kad \u012fsigytum\u0117te bilietus.<\/p>\n<p>Ta\u010diau dabar taip neb\u0117ra, nes loterijas galite \u017eaisti ir i\u0161 Lietuvos ir pirkti bet kokius loterijos bilietus internetu, kiek tik norite ir \u012f kiek tik norite skirting\u0173 loterij\u0173, tiesiog i\u0161 savo kompiuterio.<\/p>\n<p>Taigi dabar, kai loterij\u0173 pasaulyje i\u0161au\u0161o nauja diena, \u017eaid\u0117jai pasisak\u0117, ir jie pra\u0161\u0117 didelio \u012fvairi\u0173 loterij\u0173 pasirinkimo. Taigi, mes pateikiame jums geriausi\u0105 i\u0161 j\u0173 \u012f j\u016bs\u0173 namus. Tarp j\u0173 yra &#8222;Mega-Sena Lotto&#8221; &#8211; did\u017eiausia Brazilijos loterija.<\/p>\n<p><a href=\"https:\/\/redfoxlotto.com\/play\/mega-sena\/?ref=a8564250a2&amp;medium=ol365\" target=\"_blank\" rel=\"noopener noreferrer\"><img decoding=\"async\" class=\"aligncenter\" src=\"https:\/\/redfoxlotto.com\/image?size=8&amp;lottery=mega-sena\" alt=\"mega-sena\" \/><\/a><\/p>\n<h2>Apie &#8222;Mega-Sena<\/h2>\n<ul>\n<li>\u0160alis: Brazilija<\/li>\n<li>Pagrindiniai skai\u010diai: 60<\/li>\n<li>J\u016bs renkat\u0117s: 6<\/li>\n<li>Papildomi skai\u010diai: n\u0117ra<\/li>\n<li>J\u016bs renkat\u0117s: n\u0117ra<\/li>\n<li>Traukimo dienos, valandos: Tre\u010diadienis, \u0161e\u0161tadienis, 20:00 GMT -3, 24:00 CET<\/li>\n<li>Minimalus laim\u0117jimas: R$ 2 mln.<\/li>\n<li>Did\u017eiausias leistinas laim\u0117jimas: n\u0117ra ribos<\/li>\n<li>Tikimyb\u0117 laim\u0117ti pagrindin\u012f priz\u0105: 1 i\u0161 50 063 860<\/li>\n<li>Tikimyb\u0117 laim\u0117ti 2 lygio laim\u0117jim\u0105: 1 i\u0161 15 451 809<\/li>\n<li>Tikimyb\u0117 laim\u0117ti bet kurioje pakopoje: 1 i\u0161 2297,56<\/li>\n<li>Priz\u0173 pakop\u0173 skai\u010dius: 3<\/li>\n<\/ul>\n<p>Loterijos &#8222;Mega-Sena&#8221; burtai traukiami tre\u010diadieniais ir \u0161e\u0161tadieniais, tod\u0117l tarp vis\u0173 kit\u0173 loterij\u0173, kurias \u017eaid\u017eiate dabar, yra dar dvi galimyb\u0117s laim\u0117ti. Suteikiame jums didel\u012f pasirinkim\u0105, i\u0161 kurio galite rinktis, ir visas jas verta \u017eaisti, \u012fskaitant &#8222;Mega Sena&#8221;.<\/p>\n<p>Nor\u0117dami \u017eaisti loterijoje &#8222;Mega Sena&#8221;, \u017eaid\u0117jai pasirenka 6 skai\u010dius nuo 1 iki 60. Pataik\u0119 visus 6 skai\u010dius, laim\u0117site pagrindin\u012f priz\u0105, kuris visada siekia bent kelis milijonus doleri\u0173, o da\u017enai b\u016bna gerokai didesnis.<br \/>\nTa\u010diau &#8222;Mega Sena&#8221; yra i\u0161skirtin\u0117 i\u0161 vis\u0173 kit\u0173 pasaulio loterij\u0173, nes joje n\u0117ra tiesiog 60 kamuoliuk\u0173 su skirtingais skai\u010diais. Yra du skirtingi b\u016bgnai, kuri\u0173 vienas yra nuo 0 iki 5, o kitas &#8211; nuo 0 iki 9. Tada jie traukia skaitmenis po vien\u0105.<\/p>\n<p>Pavyzd\u017eiui, jei i\u0161 pirmojo b\u016bgno i\u0161traukiamas 2, o i\u0161 antrojo &#8211; 9, i\u0161trauktas skai\u010dius yra 29. I\u0161traukus viena\u017eenkl\u012f skai\u010di\u0173, jis atgal \u012f b\u016bgnel\u012f nebedededamas. Taigi dabar \u017einome, kad bus i\u0161trauktas lygiai vienas viena\u017eenklis skai\u010dius, nebent bus i\u0161trauktas 00, kuris laikomas 60, vienas, prasidedantis nuo 1, vienas, prasidedantis nuo 2, ir taip toliau. Taigi tai \u012fdomus pos\u016bkis, kuris i\u0161 tikr\u0173j\u0173 palengvina laim\u0117jim\u0105, jei laikot\u0117s \u0161ios strategijos.<\/p>\n<p>Jei atitiksite visus 6 skai\u010dius, laim\u0117site pagrindin\u012f priz\u0105, o jei atitiksite 4 arba 5 skai\u010dius, laim\u0117site papildom\u0105 priz\u0105. Kaip da\u017enai b\u016bna nacionalini\u0173 loterij\u0173 atveju, i\u0161 &#8222;Mega-Sena Lotto&#8221; gautas pelnas skiriamas socialin\u0117ms programoms remti, o Brazilijos gyventojai i\u0161 ties\u0173 labai pasitiki \u0161iomis aukomis. Taigi, nors ir nesame i\u0161 Brazilijos ir tod\u0117l neturime i\u0161 to tiesiogin\u0117s naudos, smagu \u017einoti, kad \u017eaisdami &#8222;Mega Sena&#8221; neabejotinai darome ka\u017ek\u0105 gero, be to, kad mums smagu tai daryti.<\/p>\n<h2>Loterijos yra m\u0117gstamiausia pasaulyje azartini\u0173 lo\u0161im\u0173 forma<\/h2>\n<p>N\u0117ra labai sunku suprasti, kod\u0117l loterijos buvo populiariausia pasaulyje azartini\u0173 lo\u0161im\u0173 forma. Net ne d\u0117l to, kad jos tokios lengvai prieinamos, nors tai tikrai padeda. Tikroji prie\u017eastis yra jaudulys, kur\u012f suteikia galimyb\u0117 laim\u0117ti monstri\u0161kas pinig\u0173 sumas.<\/p>\n<p>Be to, atrodo, kad m\u016bs\u0173 apetitas \u0161iems mil\u017eini\u0161kiems laim\u0117jimams i\u0161ties didelis. Jei kada nors mat\u0117te, koks \u0161urmulys kyla, kai prizai i\u0161auga iki mil\u017eini\u0161k\u0173 sum\u0173, ir kiek daugiau biliet\u0173 parduodama \u012f juos, o j\u0173 eil\u0117s b\u016bna daug ilgesn\u0117s, \u017einote, kad visa tai tiesa.<\/p>\n<p>Ta\u010diau kod\u0117l \u017emon\u0117s netur\u0117t\u0173 d\u017eiaugtis galimybe laim\u0117ti tiek pinig\u0173, kad j\u0173 pakakt\u0173 prabangai ir turtui visam gyvenimui? Did\u017eiajai daugumai i\u0161 m\u016bs\u0173 tai yra vienintelis \u0161ansas, kur\u012f kada nors tur\u0117sime tokiam gyvenimo b\u016bdui. Ta\u010diau tokie paprasti \u017emon\u0117s, kaip mes, vis d\u0117lto laimi mil\u017eini\u0161kas sumas, ir niekada ne\u017einai, ar ir kada ateis tavo eil\u0117.<br \/>\n<img loading=\"lazy\" decoding=\"async\" class=\"size-medium wp-image-1136 alignright\" src=\"https:\/\/onlinelotto365.com\/wp-content\/uploads\/2020\/11\/online_lottery-96-300x212.jpg\" alt=\"\u017daiskite mega-sena internetu\" width=\"300\" height=\"212\" \/><br \/>\nTa\u010diau vien pats \u017eaidimas teikia \u017emon\u0117ms daug malonumo, ir nors tikimyb\u0117 tokiu b\u016bdu laim\u0117ti daug pinig\u0173 yra labai ma\u017ea, ji vis tiek i\u0161lieka. Jei ne\u017eaid\u017eiate, negalite svajoti ir negalite m\u0117gautis mintimis, kad visa tai gali nutikti b\u016btent jums.<\/p>\n<p>\u017dinoma, neb\u016btina laim\u0117ti pagrindinio prizo, kad loterijose laim\u0117tum\u0117te pinig\u0173, ir \u017eaid\u0117jai nuolat laimi ma\u017eesnius prizus. Kai kurie i\u0161 \u0161i\u0173 ma\u017eesni\u0173 priz\u0173 i\u0161 tikr\u0173j\u0173 n\u0117ra tokie ma\u017ei. \u017daisdami loterijose galite laim\u0117ti pinig\u0173 \u012fvairiais b\u016bdais, ir kiekvien\u0105 kart\u0105, kai laimite pinig\u0173, tai visada labai malonu.<\/p>\n","protected":false},"excerpt":{"rendered":"<p>M\u016bs\u0173 paslauga \u0161iuo metu leid\u017eia pirkti loterijos bilietus \u012f 15 skirting\u0173 did\u017ei\u0173j\u0173 loterij\u0173 i\u0161 viso pasaulio. Did\u017eiuojam\u0117s gal\u0117dami pasi\u016blyti savo \u017eaid\u0117jams galimyb\u0119 \u017eaisti Brazilijos loterij\u0105 &#8222;Mega Sena&#8221; internetu. Kaip ir vis\u0173 did\u017ei\u0173j\u0173 loterij\u0173 atveju, anks\u010diau tur\u0117davote gyventi \u0161alyje arba regione, kuriame vykdoma tam tikra loterija, ir keliauti \u012f ten esant\u012f loterijos pardav\u0117j\u0105, kad \u012fsigytum\u0117te bilietus. [&hellip;]<\/p>\n","protected":false},"author":1,"featured_media":0,"parent":5026,"menu_order":12,"comment_status":"closed","ping_status":"closed","template":"megasena.php","meta":{"_et_pb_use_builder":"","_et_pb_old_content":"","_et_gb_content_width":"","exclude_from_search":false,"footnotes":""},"class_list":["post-79419","page","type-page","status-publish","hentry"],"yoast_head":"<!-- This site is optimized with the Yoast SEO plugin v23.4 - https:\/\/yoast.com\/wordpress\/plugins\/seo\/ -->\n<title>\u017daiskite &quot;Mega-Sena&quot; internetu i\u0161 Lietuvos | Ar galiu dalyvauti &quot;Mega-Sena&quot;, jei gyvenu Lietuvoje<\/title>\n<meta name=\"description\" content=\"M\u016bs\u0173 biliet\u0173 internetu paslauga leid\u017eia lengvai \u017eaisti &quot;Mega-Sena&quot; internetu\" \/>\n<meta name=\"robots\" content=\"index, follow, max-snippet:-1, max-image-preview:large, max-video-preview:-1\" \/>\n<link rel=\"canonical\" href=\"https:\/\/onlinelotto365.com\/lt\/zaisti\/mega-sena\/\" \/>\n<meta property=\"og:locale\" content=\"lt_LT\" \/>\n<meta property=\"og:type\" content=\"article\" \/>\n<meta property=\"og:title\" content=\"\u017daiskite &quot;Mega-Sena&quot; internetu i\u0161 Lietuvos | Ar galiu dalyvauti &quot;Mega-Sena&quot;, jei gyvenu Lietuvoje\" \/>\n<meta property=\"og:description\" content=\"M\u016bs\u0173 biliet\u0173 internetu paslauga leid\u017eia lengvai \u017eaisti &quot;Mega-Sena&quot; internetu\" \/>\n<meta property=\"og:url\" content=\"https:\/\/onlinelotto365.com\/lt\/zaisti\/mega-sena\/\" \/>\n<meta property=\"og:site_name\" content=\"OnlineLotto365\" \/>\n<meta property=\"article:modified_time\" content=\"2022-11-04T08:17:57+00:00\" \/>\n<meta property=\"og:image\" content=\"https:\/\/redfoxlotto.com\/image?size=8&amp;lottery=mega-sena\" \/>\n<meta name=\"twitter:card\" content=\"summary_large_image\" \/>\n<meta name=\"twitter:label1\" content=\"Est. reading time\" \/>\n\t<meta name=\"twitter:data1\" content=\"4 minut\u0117s\" \/>\n<script type=\"application\/ld+json\" class=\"yoast-schema-graph\">{\"@context\":\"https:\/\/schema.org\",\"@graph\":[{\"@type\":\"WebPage\",\"@id\":\"https:\/\/onlinelotto365.com\/lt\/zaisti\/mega-sena\/\",\"url\":\"https:\/\/onlinelotto365.com\/lt\/zaisti\/mega-sena\/\",\"name\":\"\u017daiskite \\\"Mega-Sena\\\" internetu i\u0161 Lietuvos | Ar galiu dalyvauti \\\"Mega-Sena\\\", jei gyvenu Lietuvoje\",\"isPartOf\":{\"@id\":\"https:\/\/onlinelotto365.com\/lt\/#website\"},\"primaryImageOfPage\":{\"@id\":\"https:\/\/onlinelotto365.com\/lt\/zaisti\/mega-sena\/#primaryimage\"},\"image\":{\"@id\":\"https:\/\/onlinelotto365.com\/lt\/zaisti\/mega-sena\/#primaryimage\"},\"thumbnailUrl\":\"https:\/\/redfoxlotto.com\/image?size=8&amp;lottery=mega-sena\",\"datePublished\":\"2022-11-04T08:17:42+00:00\",\"dateModified\":\"2022-11-04T08:17:57+00:00\",\"description\":\"M\u016bs\u0173 biliet\u0173 internetu paslauga leid\u017eia lengvai \u017eaisti \\\"Mega-Sena\\\" internetu\",\"breadcrumb\":{\"@id\":\"https:\/\/onlinelotto365.com\/lt\/zaisti\/mega-sena\/#breadcrumb\"},\"inLanguage\":\"lt-LT\",\"potentialAction\":[{\"@type\":\"ReadAction\",\"target\":[\"https:\/\/onlinelotto365.com\/lt\/zaisti\/mega-sena\/\"]}]},{\"@type\":\"ImageObject\",\"inLanguage\":\"lt-LT\",\"@id\":\"https:\/\/onlinelotto365.com\/lt\/zaisti\/mega-sena\/#primaryimage\",\"url\":\"https:\/\/redfoxlotto.com\/image?size=8&amp;lottery=mega-sena\",\"contentUrl\":\"https:\/\/redfoxlotto.com\/image?size=8&amp;lottery=mega-sena\"},{\"@type\":\"BreadcrumbList\",\"@id\":\"https:\/\/onlinelotto365.com\/lt\/zaisti\/mega-sena\/#breadcrumb\",\"itemListElement\":[{\"@type\":\"ListItem\",\"position\":1,\"name\":\"Home\",\"item\":\"https:\/\/onlinelotto365.com\/lt\/\"},{\"@type\":\"ListItem\",\"position\":2,\"name\":\"Viskas, k\u0105 turite \u017einoti apie galimybes \u017eaisti geriausias loterijas internete\",\"item\":\"https:\/\/onlinelotto365.com\/lt\/zaisti\/\"},{\"@type\":\"ListItem\",\"position\":3,\"name\":\"Kaip Lietuvos gyventojai gali \u017eaisti &#8222;Mega-Sena&#8221; internetu?\"}]},{\"@type\":\"WebSite\",\"@id\":\"https:\/\/onlinelotto365.com\/lt\/#website\",\"url\":\"https:\/\/onlinelotto365.com\/lt\/\",\"name\":\"OnlineLotto365\",\"description\":\"\",\"potentialAction\":[{\"@type\":\"SearchAction\",\"target\":{\"@type\":\"EntryPoint\",\"urlTemplate\":\"https:\/\/onlinelotto365.com\/lt\/?s={search_term_string}\"},\"query-input\":{\"@type\":\"PropertyValueSpecification\",\"valueRequired\":true,\"valueName\":\"search_term_string\"}}],\"inLanguage\":\"lt-LT\"}]}<\/script>\n<!-- \/ Yoast SEO plugin. -->","yoast_head_json":{"title":"\u017daiskite \"Mega-Sena\" internetu i\u0161 Lietuvos | Ar galiu dalyvauti \"Mega-Sena\", jei gyvenu Lietuvoje","description":"M\u016bs\u0173 biliet\u0173 internetu paslauga leid\u017eia lengvai \u017eaisti \"Mega-Sena\" internetu","robots":{"index":"index","follow":"follow","max-snippet":"max-snippet:-1","max-image-preview":"max-image-preview:large","max-video-preview":"max-video-preview:-1"},"canonical":"https:\/\/onlinelotto365.com\/lt\/zaisti\/mega-sena\/","og_locale":"lt_LT","og_type":"article","og_title":"\u017daiskite \"Mega-Sena\" internetu i\u0161 Lietuvos | Ar galiu dalyvauti \"Mega-Sena\", jei gyvenu Lietuvoje","og_description":"M\u016bs\u0173 biliet\u0173 internetu paslauga leid\u017eia lengvai \u017eaisti \"Mega-Sena\" internetu","og_url":"https:\/\/onlinelotto365.com\/lt\/zaisti\/mega-sena\/","og_site_name":"OnlineLotto365","article_modified_time":"2022-11-04T08:17:57+00:00","og_image":[{"url":"https:\/\/redfoxlotto.com\/image?size=8&amp;lottery=mega-sena"}],"twitter_card":"summary_large_image","twitter_misc":{"Est. reading time":"4 minut\u0117s"},"schema":{"@context":"https:\/\/schema.org","@graph":[{"@type":"WebPage","@id":"https:\/\/onlinelotto365.com\/lt\/zaisti\/mega-sena\/","url":"https:\/\/onlinelotto365.com\/lt\/zaisti\/mega-sena\/","name":"\u017daiskite \"Mega-Sena\" internetu i\u0161 Lietuvos | Ar galiu dalyvauti \"Mega-Sena\", jei gyvenu Lietuvoje","isPartOf":{"@id":"https:\/\/onlinelotto365.com\/lt\/#website"},"primaryImageOfPage":{"@id":"https:\/\/onlinelotto365.com\/lt\/zaisti\/mega-sena\/#primaryimage"},"image":{"@id":"https:\/\/onlinelotto365.com\/lt\/zaisti\/mega-sena\/#primaryimage"},"thumbnailUrl":"https:\/\/redfoxlotto.com\/image?size=8&amp;lottery=mega-sena","datePublished":"2022-11-04T08:17:42+00:00","dateModified":"2022-11-04T08:17:57+00:00","description":"M\u016bs\u0173 biliet\u0173 internetu paslauga leid\u017eia lengvai \u017eaisti \"Mega-Sena\" internetu","breadcrumb":{"@id":"https:\/\/onlinelotto365.com\/lt\/zaisti\/mega-sena\/#breadcrumb"},"inLanguage":"lt-LT","potentialAction":[{"@type":"ReadAction","target":["https:\/\/onlinelotto365.com\/lt\/zaisti\/mega-sena\/"]}]},{"@type":"ImageObject","inLanguage":"lt-LT","@id":"https:\/\/onlinelotto365.com\/lt\/zaisti\/mega-sena\/#primaryimage","url":"https:\/\/redfoxlotto.com\/image?size=8&amp;lottery=mega-sena","contentUrl":"https:\/\/redfoxlotto.com\/image?size=8&amp;lottery=mega-sena"},{"@type":"BreadcrumbList","@id":"https:\/\/onlinelotto365.com\/lt\/zaisti\/mega-sena\/#breadcrumb","itemListElement":[{"@type":"ListItem","position":1,"name":"Home","item":"https:\/\/onlinelotto365.com\/lt\/"},{"@type":"ListItem","position":2,"name":"Viskas, k\u0105 turite \u017einoti apie galimybes \u017eaisti geriausias loterijas internete","item":"https:\/\/onlinelotto365.com\/lt\/zaisti\/"},{"@type":"ListItem","position":3,"name":"Kaip Lietuvos gyventojai gali \u017eaisti &#8222;Mega-Sena&#8221; internetu?"}]},{"@type":"WebSite","@id":"https:\/\/onlinelotto365.com\/lt\/#website","url":"https:\/\/onlinelotto365.com\/lt\/","name":"OnlineLotto365","description":"","potentialAction":[{"@type":"SearchAction","target":{"@type":"EntryPoint","urlTemplate":"https:\/\/onlinelotto365.com\/lt\/?s={search_term_string}"},"query-input":{"@type":"PropertyValueSpecification","valueRequired":true,"valueName":"search_term_string"}}],"inLanguage":"lt-LT"}]}},"_links":{"self":[{"href":"https:\/\/onlinelotto365.com\/lt\/wp-json\/wp\/v2\/pages\/79419","targetHints":{"allow":["GET"]}}],"collection":[{"href":"https:\/\/onlinelotto365.com\/lt\/wp-json\/wp\/v2\/pages"}],"about":[{"href":"https:\/\/onlinelotto365.com\/lt\/wp-json\/wp\/v2\/types\/page"}],"author":[{"embeddable":true,"href":"https:\/\/onlinelotto365.com\/lt\/wp-json\/wp\/v2\/users\/1"}],"replies":[{"embeddable":true,"href":"https:\/\/onlinelotto365.com\/lt\/wp-json\/wp\/v2\/comments?post=79419"}],"version-history":[{"count":0,"href":"https:\/\/onlinelotto365.com\/lt\/wp-json\/wp\/v2\/pages\/79419\/revisions"}],"up":[{"embeddable":true,"href":"https:\/\/onlinelotto365.com\/lt\/wp-json\/wp\/v2\/pages\/5026"}],"wp:attachment":[{"href":"https:\/\/onlinelotto365.com\/lt\/wp-json\/wp\/v2\/media?parent=79419"}],"curies":[{"name":"wp","href":"https:\/\/api.w.org\/{rel}","templated":true}]}}