{"id":79452,"date":"2022-11-04T10:59:07","date_gmt":"2022-11-04T09:59:07","guid":{"rendered":"https:\/\/onlinelotto365.com\/?page_id=79452"},"modified":"2022-11-04T10:59:35","modified_gmt":"2022-11-04T09:59:35","slug":"set-for-life","status":"publish","type":"page","link":"https:\/\/onlinelotto365.com\/lt\/zaisti\/set-for-life\/","title":{"rendered":"Ar galima \u017eaisti Set for life loto internete?"},"content":{"rendered":"<p>Ar \u017einojote, kad loterijoje &#8222;Set for Life&#8221; kiekvien\u0105 m\u0117nes\u012f galite laim\u0117ti 10 000 svar\u0173 sterling\u0173? Jei norite i\u0161bandyti laim\u0119 loterijoje, &#8222;Set for Life&#8221; yra puikus b\u016bdas prad\u0117ti. Geriausiai \u017einoma, kad &#8222;Set for Life&#8221; loterija yra vienintelis \u017eaidimas, leid\u017eiantis \u017eaisti skai\u010diais septyniuose i\u0161 eil\u0117s kasdieniniuose traukimuose. Tai papras\u010diausiai rei\u0161kia, kad kiekvien\u0105 savait\u0117s dien\u0105 turite daug galimybi\u0173 laim\u0117ti pagrindin\u012f priz\u0105.<\/p>\n<p>\u010cia mes jums pad\u0117sime daugiau su\u017einoti apie Set for Life ir suprasti, kod\u0117l daugyb\u0117 \u017emoni\u0173 ir toliau \u017eaid\u017eia \u0161i\u0105 loterij\u0105.<\/p>\n<p>Loterij\u0105 &#8222;Set for Life&#8221; organizavo &#8222;National Lottery&#8221; ir ji peln\u0117 pirmosios Jungtin\u0117s Karalyst\u0117s rent\u0173 loterijos titul\u0105. \u0160i loterija suteikia \u017eaid\u0117jams galimyb\u0119 laim\u0117ti 10 000 svar\u0173 sterling\u0173 m\u0117nesin\u0119 i\u0161mok\u0105 30 met\u0173 laikotarpiu.<\/p>\n<p>Ir nors tai yra Jungtin\u0117s Karalyst\u0117s loterija, Set for life galite \u017eaisti internetu i\u0161 Lietuvos. M\u016bs\u0173 teikiamos pasaulini\u0173 loterij\u0173 biliet\u0173 internetu paslaugos suteikia galimyb\u0119 \u017eaid\u0117jams i\u0161 viso pasaulio dalyvauti geriausiose loterijose su did\u017eiausiais laim\u0117jimais.<\/p>\n<p><a href=\"https:\/\/redfoxlotto.com\/play\/set-for-life-uk\/?ref=a8564250a2&amp;medium=ol365\" target=\"_blank\" rel=\"noopener noreferrer\"><img decoding=\"async\" class=\"aligncenter\" src=\"https:\/\/redfoxlotto.com\/image?size=8&amp;lottery=set-for-life-uk\" alt=\"&quot;Set\" \/><\/a><\/p>\n<p>&nbsp;<\/p>\n<h2>Apie Set for life loto<\/h2>\n<ul>\n<li>\u0160alis: \u0160alis: Jungtin\u0117 Karalyst\u0117<\/li>\n<li>Pagrindini\u0173 skai\u010di\u0173 diapazonas: 45<\/li>\n<li>J\u016bs renkat\u0117s: 5<\/li>\n<li>Papildomi skai\u010diai: 10<\/li>\n<li>J\u016bs renkat\u0117s: 1<\/li>\n<li>Traukimo dienos, valandos: Pirmadienis, ketvirtadienis, 20:00 GMT, 21:00 CET<\/li>\n<li>Minimalus laim\u0117jimas: n\u0117ra<\/li>\n<li>Did\u017eiausias prizas: n\u0117ra<\/li>\n<li>Tikimyb\u0117 laim\u0117ti pagrindin\u012f priz\u0105: 1 i\u0161 15 339 390<\/li>\n<li>Tikimyb\u0117 laim\u0117ti 2 pakopos laim\u0117jim\u0105: 1 i\u0161 1 704 377<\/li>\n<li>Tikimyb\u0117 laim\u0117ti bet kuriame lygyje: 1 i\u0161 12,4<\/li>\n<li>Priz\u0173 pakop\u0173 skai\u010dius: 8<\/li>\n<\/ul>\n<p>Kaip ir kitos Jungtin\u0117s Karalyst\u0117s loterijos, &#8222;Set for Life&#8221; yra burt\u0173 keliu traukiamas \u017eaidimas. Jei \u017eaid\u017eiate loterijoje, turite pasirinkti penkis skai\u010dius i\u0161 sp\u0117jamojo diapazono nuo 1 iki 47, \u012fskaitant &#8222;gyvyb\u0117s kamuolio&#8221; skai\u010di\u0173 nuo 1 iki 10. Pasirink\u0119 penkis skai\u010dius ir &#8222;gyvyb\u0117s kamuoliuko&#8221; numer\u012f, tur\u0117site galimyb\u0119 kiekvien\u0105 m\u0117nes\u012f laim\u0117ti bendr\u0105 10 000 svar\u0173 sterling\u0173 pagrindin\u012f priz\u0105.<\/p>\n<h2>Set for Life Draw<\/h2>\n<p>Set for Life loterija vyksta kiekvien\u0105 pirmadien\u012f ir ketvirtadien\u012f, o Jungtin\u0117je Karalyst\u0117je \u017eaid\u0117jai gali nusipirkti loterijos bilietus vietin\u0117je loterijos parduotuv\u0117je. Lygiosios baigiasi kiekvien\u0105 vakar\u0105 21.00 val. ryt\u0173 rytuose. Naujausius &#8222;Set for Life&#8221; rezultatus paprastai galima su\u017einoti burt\u0173 traukimo dien\u0105, t. y. 21.45 val. ryt\u0173 laiku. Atkreipkite d\u0117mes\u012f, kad kiekvieno \u017eaidimo dividendai atnaujinami netrukus po burt\u0173 traukimo. Be to, paprastai dividend\u0173 atnaujinimai visuomenei pateikiami ryte po loto traukimo.<\/p>\n<h2>Kaip laim\u0117ti loterij\u0105 &#8222;Set for Life<\/h2>\n<p>Pirmasis loterijos &#8222;Set for Life&#8221; prizas si\u016blo 10 000 svar\u0173 sterling\u0173 m\u0117nesin\u0119 i\u0161mok\u0105, o keturi \u017eaid\u0117jai turi galimyb\u0119 laim\u0117ti \u0161\u012f priz\u0105 kiekviename tira\u017ee. Kad laim\u0117tum\u0117te pagrindin\u012f priz\u0105, j\u016bs\u0173 skai\u010diai turi sutapti su a\u0161tuoniais laimingais skai\u010diais vieno rinkinio metu. Vadinasi, loterijoje &#8222;Set for Life&#8221; i\u0161 viso yra a\u0161tuonios priz\u0173 kategorijos. Turite galimyb\u0119 laim\u0117ti priz\u0105 su keturiais laimingais skai\u010diais, \u012fskaitant vien\u0105 papildom\u0105 skai\u010di\u0173 kiekviename rinkinyje.<br \/>\n<img loading=\"lazy\" decoding=\"async\" class=\"size-full wp-image-1477 alignright\" src=\"https:\/\/onlinelotto365.com\/wp-content\/uploads\/2020\/11\/online_lottery-128.jpg\" alt=\"\u017eaisti set for life lotto\" width=\"212\" height=\"142\" \/><\/p>\n<p>Set for Life&#8221; suteikia palankias galimybes laim\u0117ti pagrindin\u012f priz\u0105. Pavyzd\u017eiui, kiti prizai, kuriems laim\u0117ti reikia vieno ar daugiau skai\u010di\u0173 atitikimo, suteikia 1 i\u0161 12 tikimyb\u0119 laim\u0117ti net ir tai b\u016bt\u0173 tik 5 svarai sterling\u0173.<\/p>\n<p>Taigi, jei jau\u010diate, kad jums sekasi, verta rinktis &#8222;Set for Life&#8221; biliet\u0105! Pateikiame Jums plat\u0173 tarptautini\u0173 loterij\u0173, kurias galite \u017eaisti i\u0161 Lietuvos, asortiment\u0105, d\u0117l \u0161imtamilijonini\u0173 laim\u0117jim\u0173.<\/p>\n","protected":false},"excerpt":{"rendered":"<p>Ar \u017einojote, kad loterijoje &#8222;Set for Life&#8221; kiekvien\u0105 m\u0117nes\u012f galite laim\u0117ti 10 000 svar\u0173 sterling\u0173? Jei norite i\u0161bandyti laim\u0119 loterijoje, &#8222;Set for Life&#8221; yra puikus b\u016bdas prad\u0117ti. Geriausiai \u017einoma, kad &#8222;Set for Life&#8221; loterija yra vienintelis \u017eaidimas, leid\u017eiantis \u017eaisti skai\u010diais septyniuose i\u0161 eil\u0117s kasdieniniuose traukimuose. Tai papras\u010diausiai rei\u0161kia, kad kiekvien\u0105 savait\u0117s dien\u0105 turite daug galimybi\u0173 [&hellip;]<\/p>\n","protected":false},"author":1,"featured_media":0,"parent":5026,"menu_order":10,"comment_status":"closed","ping_status":"closed","template":"set-for-life.php","meta":{"_et_pb_use_builder":"","_et_pb_old_content":"","_et_gb_content_width":"","exclude_from_search":false,"footnotes":""},"class_list":["post-79452","page","type-page","status-publish","hentry"],"yoast_head":"<!-- This site is optimized with the Yoast SEO plugin v23.4 - https:\/\/yoast.com\/wordpress\/plugins\/seo\/ -->\n<title>Kaip \u017eaisti Set for life loto internetu i\u0161 Lietuvos<\/title>\n<meta name=\"description\" content=\"\u012esigykite &quot;Set for life lotto&quot; bilietus internetu, jei gyvenate Lietuvoje\" \/>\n<meta name=\"robots\" content=\"index, follow, max-snippet:-1, max-image-preview:large, max-video-preview:-1\" \/>\n<link rel=\"canonical\" href=\"https:\/\/onlinelotto365.com\/lt\/zaisti\/set-for-life\/\" \/>\n<meta property=\"og:locale\" content=\"lt_LT\" \/>\n<meta property=\"og:type\" content=\"article\" \/>\n<meta property=\"og:title\" content=\"Kaip \u017eaisti Set for life loto internetu i\u0161 Lietuvos\" \/>\n<meta property=\"og:description\" content=\"\u012esigykite &quot;Set for life lotto&quot; bilietus internetu, jei gyvenate Lietuvoje\" \/>\n<meta property=\"og:url\" content=\"https:\/\/onlinelotto365.com\/lt\/zaisti\/set-for-life\/\" \/>\n<meta property=\"og:site_name\" content=\"OnlineLotto365\" \/>\n<meta property=\"article:modified_time\" content=\"2022-11-04T09:59:35+00:00\" \/>\n<meta property=\"og:image\" content=\"https:\/\/redfoxlotto.com\/image?size=8&amp;lottery=set-for-life-uk\" \/>\n<meta name=\"twitter:card\" content=\"summary_large_image\" \/>\n<meta name=\"twitter:label1\" content=\"Est. reading time\" \/>\n\t<meta name=\"twitter:data1\" content=\"3 minut\u0117s\" \/>\n<script type=\"application\/ld+json\" class=\"yoast-schema-graph\">{\"@context\":\"https:\/\/schema.org\",\"@graph\":[{\"@type\":\"WebPage\",\"@id\":\"https:\/\/onlinelotto365.com\/lt\/zaisti\/set-for-life\/\",\"url\":\"https:\/\/onlinelotto365.com\/lt\/zaisti\/set-for-life\/\",\"name\":\"Kaip \u017eaisti Set for life loto internetu i\u0161 Lietuvos\",\"isPartOf\":{\"@id\":\"https:\/\/onlinelotto365.com\/lt\/#website\"},\"primaryImageOfPage\":{\"@id\":\"https:\/\/onlinelotto365.com\/lt\/zaisti\/set-for-life\/#primaryimage\"},\"image\":{\"@id\":\"https:\/\/onlinelotto365.com\/lt\/zaisti\/set-for-life\/#primaryimage\"},\"thumbnailUrl\":\"https:\/\/redfoxlotto.com\/image?size=8&amp;lottery=set-for-life-uk\",\"datePublished\":\"2022-11-04T09:59:07+00:00\",\"dateModified\":\"2022-11-04T09:59:35+00:00\",\"description\":\"\u012esigykite \\\"Set for life lotto\\\" bilietus internetu, jei gyvenate Lietuvoje\",\"breadcrumb\":{\"@id\":\"https:\/\/onlinelotto365.com\/lt\/zaisti\/set-for-life\/#breadcrumb\"},\"inLanguage\":\"lt-LT\",\"potentialAction\":[{\"@type\":\"ReadAction\",\"target\":[\"https:\/\/onlinelotto365.com\/lt\/zaisti\/set-for-life\/\"]}]},{\"@type\":\"ImageObject\",\"inLanguage\":\"lt-LT\",\"@id\":\"https:\/\/onlinelotto365.com\/lt\/zaisti\/set-for-life\/#primaryimage\",\"url\":\"https:\/\/redfoxlotto.com\/image?size=8&amp;lottery=set-for-life-uk\",\"contentUrl\":\"https:\/\/redfoxlotto.com\/image?size=8&amp;lottery=set-for-life-uk\"},{\"@type\":\"BreadcrumbList\",\"@id\":\"https:\/\/onlinelotto365.com\/lt\/zaisti\/set-for-life\/#breadcrumb\",\"itemListElement\":[{\"@type\":\"ListItem\",\"position\":1,\"name\":\"Home\",\"item\":\"https:\/\/onlinelotto365.com\/lt\/\"},{\"@type\":\"ListItem\",\"position\":2,\"name\":\"Viskas, k\u0105 turite \u017einoti apie galimybes \u017eaisti geriausias loterijas internete\",\"item\":\"https:\/\/onlinelotto365.com\/lt\/zaisti\/\"},{\"@type\":\"ListItem\",\"position\":3,\"name\":\"Ar galima \u017eaisti Set for life loto internete?\"}]},{\"@type\":\"WebSite\",\"@id\":\"https:\/\/onlinelotto365.com\/lt\/#website\",\"url\":\"https:\/\/onlinelotto365.com\/lt\/\",\"name\":\"OnlineLotto365\",\"description\":\"\",\"potentialAction\":[{\"@type\":\"SearchAction\",\"target\":{\"@type\":\"EntryPoint\",\"urlTemplate\":\"https:\/\/onlinelotto365.com\/lt\/?s={search_term_string}\"},\"query-input\":{\"@type\":\"PropertyValueSpecification\",\"valueRequired\":true,\"valueName\":\"search_term_string\"}}],\"inLanguage\":\"lt-LT\"}]}<\/script>\n<!-- \/ Yoast SEO plugin. -->","yoast_head_json":{"title":"Kaip \u017eaisti Set for life loto internetu i\u0161 Lietuvos","description":"\u012esigykite \"Set for life lotto\" bilietus internetu, jei gyvenate Lietuvoje","robots":{"index":"index","follow":"follow","max-snippet":"max-snippet:-1","max-image-preview":"max-image-preview:large","max-video-preview":"max-video-preview:-1"},"canonical":"https:\/\/onlinelotto365.com\/lt\/zaisti\/set-for-life\/","og_locale":"lt_LT","og_type":"article","og_title":"Kaip \u017eaisti Set for life loto internetu i\u0161 Lietuvos","og_description":"\u012esigykite \"Set for life lotto\" bilietus internetu, jei gyvenate Lietuvoje","og_url":"https:\/\/onlinelotto365.com\/lt\/zaisti\/set-for-life\/","og_site_name":"OnlineLotto365","article_modified_time":"2022-11-04T09:59:35+00:00","og_image":[{"url":"https:\/\/redfoxlotto.com\/image?size=8&amp;lottery=set-for-life-uk"}],"twitter_card":"summary_large_image","twitter_misc":{"Est. reading time":"3 minut\u0117s"},"schema":{"@context":"https:\/\/schema.org","@graph":[{"@type":"WebPage","@id":"https:\/\/onlinelotto365.com\/lt\/zaisti\/set-for-life\/","url":"https:\/\/onlinelotto365.com\/lt\/zaisti\/set-for-life\/","name":"Kaip \u017eaisti Set for life loto internetu i\u0161 Lietuvos","isPartOf":{"@id":"https:\/\/onlinelotto365.com\/lt\/#website"},"primaryImageOfPage":{"@id":"https:\/\/onlinelotto365.com\/lt\/zaisti\/set-for-life\/#primaryimage"},"image":{"@id":"https:\/\/onlinelotto365.com\/lt\/zaisti\/set-for-life\/#primaryimage"},"thumbnailUrl":"https:\/\/redfoxlotto.com\/image?size=8&amp;lottery=set-for-life-uk","datePublished":"2022-11-04T09:59:07+00:00","dateModified":"2022-11-04T09:59:35+00:00","description":"\u012esigykite \"Set for life lotto\" bilietus internetu, jei gyvenate Lietuvoje","breadcrumb":{"@id":"https:\/\/onlinelotto365.com\/lt\/zaisti\/set-for-life\/#breadcrumb"},"inLanguage":"lt-LT","potentialAction":[{"@type":"ReadAction","target":["https:\/\/onlinelotto365.com\/lt\/zaisti\/set-for-life\/"]}]},{"@type":"ImageObject","inLanguage":"lt-LT","@id":"https:\/\/onlinelotto365.com\/lt\/zaisti\/set-for-life\/#primaryimage","url":"https:\/\/redfoxlotto.com\/image?size=8&amp;lottery=set-for-life-uk","contentUrl":"https:\/\/redfoxlotto.com\/image?size=8&amp;lottery=set-for-life-uk"},{"@type":"BreadcrumbList","@id":"https:\/\/onlinelotto365.com\/lt\/zaisti\/set-for-life\/#breadcrumb","itemListElement":[{"@type":"ListItem","position":1,"name":"Home","item":"https:\/\/onlinelotto365.com\/lt\/"},{"@type":"ListItem","position":2,"name":"Viskas, k\u0105 turite \u017einoti apie galimybes \u017eaisti geriausias loterijas internete","item":"https:\/\/onlinelotto365.com\/lt\/zaisti\/"},{"@type":"ListItem","position":3,"name":"Ar galima \u017eaisti Set for life loto internete?"}]},{"@type":"WebSite","@id":"https:\/\/onlinelotto365.com\/lt\/#website","url":"https:\/\/onlinelotto365.com\/lt\/","name":"OnlineLotto365","description":"","potentialAction":[{"@type":"SearchAction","target":{"@type":"EntryPoint","urlTemplate":"https:\/\/onlinelotto365.com\/lt\/?s={search_term_string}"},"query-input":{"@type":"PropertyValueSpecification","valueRequired":true,"valueName":"search_term_string"}}],"inLanguage":"lt-LT"}]}},"_links":{"self":[{"href":"https:\/\/onlinelotto365.com\/lt\/wp-json\/wp\/v2\/pages\/79452","targetHints":{"allow":["GET"]}}],"collection":[{"href":"https:\/\/onlinelotto365.com\/lt\/wp-json\/wp\/v2\/pages"}],"about":[{"href":"https:\/\/onlinelotto365.com\/lt\/wp-json\/wp\/v2\/types\/page"}],"author":[{"embeddable":true,"href":"https:\/\/onlinelotto365.com\/lt\/wp-json\/wp\/v2\/users\/1"}],"replies":[{"embeddable":true,"href":"https:\/\/onlinelotto365.com\/lt\/wp-json\/wp\/v2\/comments?post=79452"}],"version-history":[{"count":0,"href":"https:\/\/onlinelotto365.com\/lt\/wp-json\/wp\/v2\/pages\/79452\/revisions"}],"up":[{"embeddable":true,"href":"https:\/\/onlinelotto365.com\/lt\/wp-json\/wp\/v2\/pages\/5026"}],"wp:attachment":[{"href":"https:\/\/onlinelotto365.com\/lt\/wp-json\/wp\/v2\/media?parent=79452"}],"curies":[{"name":"wp","href":"https:\/\/api.w.org\/{rel}","templated":true}]}}