{"id":79485,"date":"2022-11-04T12:51:58","date_gmt":"2022-11-04T11:51:58","guid":{"rendered":"https:\/\/onlinelotto365.com\/?page_id=79485"},"modified":"2022-11-04T12:56:39","modified_gmt":"2022-11-04T11:56:39","slug":"uk-lottery","status":"publish","type":"page","link":"https:\/\/onlinelotto365.com\/lt\/zaisti\/uk-lottery\/","title":{"rendered":"Kaip Lietuvos gyventojai gali \u017eaisti JK loterijos internete?"},"content":{"rendered":"<h2>Apie JK loterijos<\/h2>\n<p>I\u0161 59 skai\u010di\u0173 galima pasirinkti \u0161e\u0161is ir joki\u0173 papildom\u0173 skai\u010di\u0173, tod\u0117l tikimyb\u0117 laim\u0117ti yra nedidel\u0117, palyginti su &#8222;Powerball&#8221; ar &#8222;Mega Millions&#8221; loterijomis. Jei teisingai atsp\u0117site 5 i\u0161 6 skai\u010di\u0173, garantuotai laim\u0117site 2,5 milijono Did\u017eiosios Britanijos svar\u0173 sterling\u0173, o jei atsp\u0117site visus \u0161e\u0161is skai\u010dius, tapsite pagrindinio prizo laim\u0117toju. Jei negyvenate Jungtin\u0117je Karalyst\u0117je, \u017eaisti internetu per m\u016bs\u0173 tarnyb\u0105 yra vienintel\u0117 galimyb\u0117 dalyvauti.<\/p>\n<ul>\n<li>\u0160alis: JUNGTIN\u0116 KARALYST\u0116<\/li>\n<li>Pagrindini\u0173 skai\u010di\u0173 diapazonas: 59<\/li>\n<li>J\u016bs renkat\u0117s: 6<\/li>\n<li>Papildomi numeriai: n\u0117ra<\/li>\n<li>J\u016bs renkat\u0117s: n\u0117ra<\/li>\n<li>Traukimo dienos, valandos: Tre\u010diadienis, \u0161e\u0161tadienis 19:30 UTC, 19:30 CET<\/li>\n<li>Minimalus prizas: GBP.<\/li>\n<li>Did\u017eiausias prizas: 2,5 mln: GBP.<\/li>\n<li>Tikimyb\u0117 laim\u0117ti pagrindin\u012f priz\u0105: 1 i\u0161 45 057 474<\/li>\n<li>Tikimyb\u0117 laim\u0117ti 2 lygio laim\u0117jim\u0105: 1 i\u0161 7.509.579<\/li>\n<li>Tikimyb\u0117 laim\u0117ti bet kuriame lygyje: 1 i\u0161 9,27<\/li>\n<li>Priz\u0173 pakop\u0173 skai\u010dius: 6<\/li>\n<\/ul>\n<p>&nbsp;<\/p>\n<h2>Kod\u0117l JK loterijos laim\u0117jimai paprastai yra gana ma\u017ei?<\/h2>\n<p><a href=\"https:\/\/redfoxlotto.com\/play\/lotto-uk\/?ref=a8564250a2&amp;medium=ol365\" target=\"_blank\" rel=\"noopener noreferrer\"><img loading=\"lazy\" decoding=\"async\" class=\"aligncenter\" src=\"https:\/\/redfoxlotto.com\/image?size=8&amp;lottery=lotto-uk\" alt=\"JK loterija\" width=\"720\" height=\"90\" \/><\/a><\/p>\n<p>Na, d\u0117l to, kad Jungtin\u0117s Karalyst\u0117s loterijos aukso puod\u0105 galima i\u0161lo\u0161ti tik 5 kartus. Po to pagrindin\u012f priz\u0105 galima laim\u0117ti tik turint 5 i\u0161<br \/>\n\u0161e\u0161i\u0173 skai\u010di\u0173 loterijos biliete. Atsi\u017evelgiant \u012f \u0161i\u0105 taisykl\u0119, b\u016bt\u0173 prasminga \u017eaisti \u0161i\u0105 loterij\u0105 kiekvien\u0105 kart\u0105, kai aukso puodas nebuvo laim\u0117tas penkis kartus i\u0161 eil\u0117s. Tuomet tur\u0117site kur kas daugiau \u0161ans\u0173 laim\u0117ti pagrindin\u012f priz\u0105. \u0160is pagrindinis prizas tur\u0117t\u0173 b\u016bti pakankamai didelis, kad vis\u0105 likus\u012f gyvenim\u0105 nereik\u0117t\u0173 r\u016bpintis pinigais.<\/p>\n<p>Vis d\u0117lto yra didel\u0117 tikimyb\u0117, kad po penki\u0173 apsikeitim\u0173 pagrindin\u012f priz\u0105 gali tekti padalyti keliems laim\u0117tojams. D\u0117l ma\u017eesni\u0173 \u0161ans\u0173 ir daugiau \u017eaid\u017eian\u010di\u0173 \u017emoni\u0173 gali b\u016bti daugiau nei vienas antrosios pakopos laim\u0117tojas.<\/p>\n<h2>Nenorite dalytis pagrindinio prizo?<\/h2>\n<p>Yra viena loterijos strategija, padedanti i\u0161vengti pagrindinio prizo padalijimo: pasirinkite skai\u010di\u0173 kombinacij\u0105, kuri atrodo ma\u017eiau tik\u0117tina, kad j\u0105 pasirinks ir kiti \u017eaid\u0117jai. Pavyzd\u017eiui, naudokite ma\u017eiau skai\u010di\u0173 nuo 1 iki 31 (yra per daug \u017eaid\u0117j\u0173, kurie kaip laimingus skai\u010dius naudoja gimimo datas) arba naudokite 3 skai\u010dius nuo 30 iki 40 ir 3 skai\u010dius nuo 50 iki 56. Pasitelkite vaizduot\u0119 ir sugalvokite daugiau &#8222;nelygini\u0173&#8221; skai\u010di\u0173.<\/p>\n","protected":false},"excerpt":{"rendered":"<p>Apie JK loterijos I\u0161 59 skai\u010di\u0173 galima pasirinkti \u0161e\u0161is ir joki\u0173 papildom\u0173 skai\u010di\u0173, tod\u0117l tikimyb\u0117 laim\u0117ti yra nedidel\u0117, palyginti su &#8222;Powerball&#8221; ar &#8222;Mega Millions&#8221; loterijomis. Jei teisingai atsp\u0117site 5 i\u0161 6 skai\u010di\u0173, garantuotai laim\u0117site 2,5 milijono Did\u017eiosios Britanijos svar\u0173 sterling\u0173, o jei atsp\u0117site visus \u0161e\u0161is skai\u010dius, tapsite pagrindinio prizo laim\u0117toju. Jei negyvenate Jungtin\u0117je Karalyst\u0117je, \u017eaisti [&hellip;]<\/p>\n","protected":false},"author":1,"featured_media":0,"parent":5026,"menu_order":9,"comment_status":"closed","ping_status":"closed","template":"lotto-uk.php","meta":{"_et_pb_use_builder":"","_et_pb_old_content":"","_et_gb_content_width":"","exclude_from_search":false,"footnotes":""},"class_list":["post-79485","page","type-page","status-publish","hentry"],"yoast_head":"<!-- This site is optimized with the Yoast SEO plugin v23.4 - https:\/\/yoast.com\/wordpress\/plugins\/seo\/ -->\n<title>\u017daisti JK loterij\u0105 internetu i\u0161 Lietuvos | Ar galiu dalyvauti JK Lotto, jei gyvenu Lietuvoje<\/title>\n<meta name=\"description\" content=\"Dalyvauti JK loterijoje i\u0161 kit\u0173 \u0161ali\u0173, toki\u0173 kaip Lietuva, dabar paprasta, naudojantis m\u016bs\u0173 internetine paslauga\" \/>\n<meta name=\"robots\" content=\"index, follow, max-snippet:-1, max-image-preview:large, max-video-preview:-1\" \/>\n<link rel=\"canonical\" href=\"https:\/\/onlinelotto365.com\/lt\/zaisti\/uk-lottery\/\" \/>\n<meta property=\"og:locale\" content=\"lt_LT\" \/>\n<meta property=\"og:type\" content=\"article\" \/>\n<meta property=\"og:title\" content=\"\u017daisti JK loterij\u0105 internetu i\u0161 Lietuvos | Ar galiu dalyvauti JK Lotto, jei gyvenu Lietuvoje\" \/>\n<meta property=\"og:description\" content=\"Dalyvauti JK loterijoje i\u0161 kit\u0173 \u0161ali\u0173, toki\u0173 kaip Lietuva, dabar paprasta, naudojantis m\u016bs\u0173 internetine paslauga\" \/>\n<meta property=\"og:url\" content=\"https:\/\/onlinelotto365.com\/lt\/zaisti\/uk-lottery\/\" \/>\n<meta property=\"og:site_name\" content=\"OnlineLotto365\" \/>\n<meta property=\"article:modified_time\" content=\"2022-11-04T11:56:39+00:00\" \/>\n<meta property=\"og:image\" content=\"https:\/\/redfoxlotto.com\/image?size=8&amp;lottery=lotto-uk\" \/>\n<meta name=\"twitter:card\" content=\"summary_large_image\" \/>\n<meta name=\"twitter:label1\" content=\"Est. reading time\" \/>\n\t<meta name=\"twitter:data1\" content=\"2 minut\u0117s\" \/>\n<script type=\"application\/ld+json\" class=\"yoast-schema-graph\">{\"@context\":\"https:\/\/schema.org\",\"@graph\":[{\"@type\":\"WebPage\",\"@id\":\"https:\/\/onlinelotto365.com\/lt\/zaisti\/uk-lottery\/\",\"url\":\"https:\/\/onlinelotto365.com\/lt\/zaisti\/uk-lottery\/\",\"name\":\"\u017daisti JK loterij\u0105 internetu i\u0161 Lietuvos | Ar galiu dalyvauti JK Lotto, jei gyvenu Lietuvoje\",\"isPartOf\":{\"@id\":\"https:\/\/onlinelotto365.com\/lt\/#website\"},\"primaryImageOfPage\":{\"@id\":\"https:\/\/onlinelotto365.com\/lt\/zaisti\/uk-lottery\/#primaryimage\"},\"image\":{\"@id\":\"https:\/\/onlinelotto365.com\/lt\/zaisti\/uk-lottery\/#primaryimage\"},\"thumbnailUrl\":\"https:\/\/redfoxlotto.com\/image?size=8&amp;lottery=lotto-uk\",\"datePublished\":\"2022-11-04T11:51:58+00:00\",\"dateModified\":\"2022-11-04T11:56:39+00:00\",\"description\":\"Dalyvauti JK loterijoje i\u0161 kit\u0173 \u0161ali\u0173, toki\u0173 kaip Lietuva, dabar paprasta, naudojantis m\u016bs\u0173 internetine paslauga\",\"breadcrumb\":{\"@id\":\"https:\/\/onlinelotto365.com\/lt\/zaisti\/uk-lottery\/#breadcrumb\"},\"inLanguage\":\"lt-LT\",\"potentialAction\":[{\"@type\":\"ReadAction\",\"target\":[\"https:\/\/onlinelotto365.com\/lt\/zaisti\/uk-lottery\/\"]}]},{\"@type\":\"ImageObject\",\"inLanguage\":\"lt-LT\",\"@id\":\"https:\/\/onlinelotto365.com\/lt\/zaisti\/uk-lottery\/#primaryimage\",\"url\":\"https:\/\/redfoxlotto.com\/image?size=8&amp;lottery=lotto-uk\",\"contentUrl\":\"https:\/\/redfoxlotto.com\/image?size=8&amp;lottery=lotto-uk\"},{\"@type\":\"BreadcrumbList\",\"@id\":\"https:\/\/onlinelotto365.com\/lt\/zaisti\/uk-lottery\/#breadcrumb\",\"itemListElement\":[{\"@type\":\"ListItem\",\"position\":1,\"name\":\"Home\",\"item\":\"https:\/\/onlinelotto365.com\/lt\/\"},{\"@type\":\"ListItem\",\"position\":2,\"name\":\"Viskas, k\u0105 turite \u017einoti apie galimybes \u017eaisti geriausias loterijas internete\",\"item\":\"https:\/\/onlinelotto365.com\/lt\/zaisti\/\"},{\"@type\":\"ListItem\",\"position\":3,\"name\":\"Kaip Lietuvos gyventojai gali \u017eaisti JK loterijos internete?\"}]},{\"@type\":\"WebSite\",\"@id\":\"https:\/\/onlinelotto365.com\/lt\/#website\",\"url\":\"https:\/\/onlinelotto365.com\/lt\/\",\"name\":\"OnlineLotto365\",\"description\":\"\",\"potentialAction\":[{\"@type\":\"SearchAction\",\"target\":{\"@type\":\"EntryPoint\",\"urlTemplate\":\"https:\/\/onlinelotto365.com\/lt\/?s={search_term_string}\"},\"query-input\":{\"@type\":\"PropertyValueSpecification\",\"valueRequired\":true,\"valueName\":\"search_term_string\"}}],\"inLanguage\":\"lt-LT\"}]}<\/script>\n<!-- \/ Yoast SEO plugin. -->","yoast_head_json":{"title":"\u017daisti JK loterij\u0105 internetu i\u0161 Lietuvos | Ar galiu dalyvauti JK Lotto, jei gyvenu Lietuvoje","description":"Dalyvauti JK loterijoje i\u0161 kit\u0173 \u0161ali\u0173, toki\u0173 kaip Lietuva, dabar paprasta, naudojantis m\u016bs\u0173 internetine paslauga","robots":{"index":"index","follow":"follow","max-snippet":"max-snippet:-1","max-image-preview":"max-image-preview:large","max-video-preview":"max-video-preview:-1"},"canonical":"https:\/\/onlinelotto365.com\/lt\/zaisti\/uk-lottery\/","og_locale":"lt_LT","og_type":"article","og_title":"\u017daisti JK loterij\u0105 internetu i\u0161 Lietuvos | Ar galiu dalyvauti JK Lotto, jei gyvenu Lietuvoje","og_description":"Dalyvauti JK loterijoje i\u0161 kit\u0173 \u0161ali\u0173, toki\u0173 kaip Lietuva, dabar paprasta, naudojantis m\u016bs\u0173 internetine paslauga","og_url":"https:\/\/onlinelotto365.com\/lt\/zaisti\/uk-lottery\/","og_site_name":"OnlineLotto365","article_modified_time":"2022-11-04T11:56:39+00:00","og_image":[{"url":"https:\/\/redfoxlotto.com\/image?size=8&amp;lottery=lotto-uk"}],"twitter_card":"summary_large_image","twitter_misc":{"Est. reading time":"2 minut\u0117s"},"schema":{"@context":"https:\/\/schema.org","@graph":[{"@type":"WebPage","@id":"https:\/\/onlinelotto365.com\/lt\/zaisti\/uk-lottery\/","url":"https:\/\/onlinelotto365.com\/lt\/zaisti\/uk-lottery\/","name":"\u017daisti JK loterij\u0105 internetu i\u0161 Lietuvos | Ar galiu dalyvauti JK Lotto, jei gyvenu Lietuvoje","isPartOf":{"@id":"https:\/\/onlinelotto365.com\/lt\/#website"},"primaryImageOfPage":{"@id":"https:\/\/onlinelotto365.com\/lt\/zaisti\/uk-lottery\/#primaryimage"},"image":{"@id":"https:\/\/onlinelotto365.com\/lt\/zaisti\/uk-lottery\/#primaryimage"},"thumbnailUrl":"https:\/\/redfoxlotto.com\/image?size=8&amp;lottery=lotto-uk","datePublished":"2022-11-04T11:51:58+00:00","dateModified":"2022-11-04T11:56:39+00:00","description":"Dalyvauti JK loterijoje i\u0161 kit\u0173 \u0161ali\u0173, toki\u0173 kaip Lietuva, dabar paprasta, naudojantis m\u016bs\u0173 internetine paslauga","breadcrumb":{"@id":"https:\/\/onlinelotto365.com\/lt\/zaisti\/uk-lottery\/#breadcrumb"},"inLanguage":"lt-LT","potentialAction":[{"@type":"ReadAction","target":["https:\/\/onlinelotto365.com\/lt\/zaisti\/uk-lottery\/"]}]},{"@type":"ImageObject","inLanguage":"lt-LT","@id":"https:\/\/onlinelotto365.com\/lt\/zaisti\/uk-lottery\/#primaryimage","url":"https:\/\/redfoxlotto.com\/image?size=8&amp;lottery=lotto-uk","contentUrl":"https:\/\/redfoxlotto.com\/image?size=8&amp;lottery=lotto-uk"},{"@type":"BreadcrumbList","@id":"https:\/\/onlinelotto365.com\/lt\/zaisti\/uk-lottery\/#breadcrumb","itemListElement":[{"@type":"ListItem","position":1,"name":"Home","item":"https:\/\/onlinelotto365.com\/lt\/"},{"@type":"ListItem","position":2,"name":"Viskas, k\u0105 turite \u017einoti apie galimybes \u017eaisti geriausias loterijas internete","item":"https:\/\/onlinelotto365.com\/lt\/zaisti\/"},{"@type":"ListItem","position":3,"name":"Kaip Lietuvos gyventojai gali \u017eaisti JK loterijos internete?"}]},{"@type":"WebSite","@id":"https:\/\/onlinelotto365.com\/lt\/#website","url":"https:\/\/onlinelotto365.com\/lt\/","name":"OnlineLotto365","description":"","potentialAction":[{"@type":"SearchAction","target":{"@type":"EntryPoint","urlTemplate":"https:\/\/onlinelotto365.com\/lt\/?s={search_term_string}"},"query-input":{"@type":"PropertyValueSpecification","valueRequired":true,"valueName":"search_term_string"}}],"inLanguage":"lt-LT"}]}},"_links":{"self":[{"href":"https:\/\/onlinelotto365.com\/lt\/wp-json\/wp\/v2\/pages\/79485","targetHints":{"allow":["GET"]}}],"collection":[{"href":"https:\/\/onlinelotto365.com\/lt\/wp-json\/wp\/v2\/pages"}],"about":[{"href":"https:\/\/onlinelotto365.com\/lt\/wp-json\/wp\/v2\/types\/page"}],"author":[{"embeddable":true,"href":"https:\/\/onlinelotto365.com\/lt\/wp-json\/wp\/v2\/users\/1"}],"replies":[{"embeddable":true,"href":"https:\/\/onlinelotto365.com\/lt\/wp-json\/wp\/v2\/comments?post=79485"}],"version-history":[{"count":0,"href":"https:\/\/onlinelotto365.com\/lt\/wp-json\/wp\/v2\/pages\/79485\/revisions"}],"up":[{"embeddable":true,"href":"https:\/\/onlinelotto365.com\/lt\/wp-json\/wp\/v2\/pages\/5026"}],"wp:attachment":[{"href":"https:\/\/onlinelotto365.com\/lt\/wp-json\/wp\/v2\/media?parent=79485"}],"curies":[{"name":"wp","href":"https:\/\/api.w.org\/{rel}","templated":true}]}}