{"id":79523,"date":"2022-11-07T08:37:11","date_gmt":"2022-11-07T07:37:11","guid":{"rendered":"https:\/\/onlinelotto365.com\/?page_id=79523"},"modified":"2022-11-07T08:37:30","modified_gmt":"2022-11-07T07:37:30","slug":"superenalotto","status":"publish","type":"page","link":"https:\/\/onlinelotto365.com\/lt\/zaisti\/superenalotto\/","title":{"rendered":"Gaukite Superenalotto bilietus i\u0161 bet kur"},"content":{"rendered":"<p>Daugel\u012f met\u0173 \u017emon\u0117s tro\u0161ko \u017eaisti loterijas kitose pasaulio dalyse. Ta\u010diau i\u0161\u0161\u016bkis \u010dia buvo ne \u012fvairi\u0173 loterij\u0173 nenoras priimti tarptautini\u0173 loterij\u0173 \u017eaid\u0117jus. Problema buvo ta, kad, nor\u0117dami tinkamai \u017eaisti, fizi\u0161kai turite b\u016bti toje \u0161alyje ar regione, kuriame vyksta loterija.<\/p>\n<p>Pirmiausia turite apsilankyti loterijos, \u012f kuri\u0105 norite \u012fsigyti bilietus, ma\u017emenin\u0117je parduotuv\u0117je. Taigi tai rei\u0161kia, kad reikia b\u016bti toje \u0161alyje ne tik vien\u0105 kart\u0105, bet ir kiekvien\u0105 kart\u0105, kai norite pirkti bilietus. Tai rei\u0161kia, kad reikia keliauti i\u0161 Lietuvos \u012f Italij\u0105, kad nusipirktum\u0117te loterijos bilietus \u012f tris loterijos &#8222;Superenalotto&#8221; tira\u017eus, kurie vyksta kiekvien\u0105 savait\u0119.<\/p>\n<p>Taigi turite arba persikelti ten, arba pasamdyti k\u0105 nors Italijoje, kad tai padaryt\u0173 u\u017e jus. To mes tiesiog negalime padaryti. Kai jau b\u016bsite prie to priprat\u0119, tur\u0117tum\u0117te pasamdyti \u017emones visose kitose \u0161alyse, kuriose vyksta did\u017eiosios loterijos, kad jie u\u017e jus atlikt\u0173 j\u016bs\u0173 pavedimus. Tai kainuot\u0173 vis\u0105 turt\u0105.<\/p>\n<p><a href=\"https:\/\/redfoxlotto.com\/play\/superenalotto\/?ref=a8564250a2&amp;medium=ol365\" target=\"_blank\" rel=\"noopener noreferrer\"><img decoding=\"async\" class=\"aligncenter\" src=\"https:\/\/redfoxlotto.com\/image?size=8&amp;lottery=superenalotto\" alt=\"superenalotto\" \/><\/a><\/p>\n<p>Ta\u010diau dabar yra puiki alternatyva &#8211; tiesiog \u017eaiskite internetu \u010dia, m\u016bs\u0173 svetain\u0117je!<\/p>\n<h2>Mes patenkiname visus j\u016bs\u0173 loto poreikius<\/h2>\n<p>Esame visk\u0105 sugalvoj\u0119, kaip \u012ftraukti jus \u012f \u017eaidim\u0105 su &#8222;Superenalotto&#8221;, be vis\u0173 kit\u0173 did\u017ei\u0173j\u0173 pasaulio loterij\u0173. J\u016bs tiesiog \u012fsigyjate bet kokius norimus loterijos bilietus i\u0161 m\u016bs\u0173 internetu ir i\u0161 Lietuvos, o visa kita padarysime u\u017e jus.<\/p>\n<p>Mes perkame bilietus j\u016bs\u0173 vardu ir, skirtingai nei \u012fprastus loterijos bilietus, kuriuos gali i\u0161sigryninti tas, kas juos turi, mes juos saugome jums. Tada mes u\u017e jus stebime loterij\u0173 traukim\u0105, kad jums nereik\u0117t\u0173 to daryti, jei nenorite, ir prane\u0161ame jums kiekvien\u0105 kart\u0105, kai laimite.<\/p>\n<h2>Daugiau informacijos apie &#8222;Superenalotto<\/h2>\n<ul>\n<li>Loterija vyksta kur: Italija<\/li>\n<li>I\u0161 kiek pagrindini\u0173 skai\u010di\u0173 galima rinktis: 90<\/li>\n<li>Turite pasirinkti: 6<\/li>\n<li>Kiek papildom\u0173 skai\u010di\u0173 galima pasirinkti: n\u0117ra<\/li>\n<li>Turite pasirinkti: n\u0117ra<\/li>\n<li>Rinkit\u0117s dienas, valandas: Antradienis, ketvirtadienis, \u0161e\u0161tadienis, 19:00 GMT, 21:00 CET<\/li>\n<li>Minimalus laim\u0117jimas: 2 mln. eur\u0173<\/li>\n<li>Did\u017eiausia laim\u0117jimo suma: n\u0117ra<\/li>\n<li>Galimas skai\u010di\u0173 derinys, kur\u012f laim\u0117jus galima laim\u0117ti pagrindin\u012f priz\u0105: 1 i\u0161 622.614.630.<\/li>\n<li>Galimas skai\u010di\u0173 derinys 2 pakopos laim\u0117jimui gauti: 1 i\u0161 103.769.105<\/li>\n<li>Tikimyb\u0117 laim\u0117ti bet kuriame lygyje: 1 i\u0161 20,58<\/li>\n<li>Kiek priz\u0173 lygi\u0173: v<\/li>\n<\/ul>\n<p>Nor\u0117dami \u017eaisti Superenalotto, i\u0161 90 galim\u0173 skai\u010di\u0173 pasirinkite 6 skai\u010dius. Taip pat i\u0161 90 skai\u010di\u0173 reikia pasirinkti vadinam\u0105j\u012f &#8222;linksm\u0105j\u012f&#8221; skai\u010di\u0173.<\/p>\n<p>Nor\u0117dami laim\u0117ti pagrindin\u012f priz\u0105, turite sutapti su visais 6 \u012fprastais skai\u010diais. Jei atitiksite 5 ir &#8222;Jolly&#8221; skai\u010di\u0173, laim\u0117site antr\u0105j\u012f priz\u0105. U\u017e 5 skai\u010dius be &#8222;Jolly&#8221; skai\u010diaus gausite tre\u010diosios vietos laim\u0117jim\u0105, u\u017e 4 teisingus skai\u010dius &#8211; ketvirt\u0105j\u0105 viet\u0105, o u\u017e vos 3 skai\u010dius &#8211; taip pat gausite laim\u0117jim\u0105.<\/p>\n<p>Loterijos vyksta 3 kartus per savait\u0119, antradieniais, ketvirtadieniais ir \u0161e\u0161tadieniais 20 val. vakaro Italijos laiku. Be vis\u0173 kit\u0173 did\u017ei\u0173j\u0173 loterij\u0173, \u012f kurias jie si\u016blo bilietus internetu, mes pateikiame jums nuolatin\u012f atgalin\u012f skai\u010diavim\u0105 iki kito &#8222;Superenalotto&#8221; burt\u0173 traukimo, tod\u0117l visada \u017einosite, kiek laiko jums liko.<\/p>\n<p><img loading=\"lazy\" decoding=\"async\" class=\" wp-image-1334 alignright\" src=\"https:\/\/onlinelotto365.com\/wp-content\/uploads\/2020\/11\/online_lottery-115.jpg\" alt=\"pirkti superenalotto bilietus internetu\" width=\"452\" height=\"172\" \/><\/p>\n<h2>\u017daidimo Superenalotto internetu privalumai<\/h2>\n<p>Daugelis pasaulini\u0173 loterij\u0173 \u017eaid\u0117j\u0173 m\u0117gsta rinktis kelias loterijas, ypa\u010d d\u0117l to, kad kiekviena i\u0161 j\u0173 reguliariai si\u016blo didelius prizus. Ties\u0105 sakant, kuo daugiau loterij\u0173, kuriose dalyvaujate, tuo geriau.<\/p>\n<p>Taigi, nors &#8222;Superenalotto&#8221; prizai negali prilygti kai kurioms didesn\u0117ms loterijoms, pavyzd\u017eiui, &#8222;EuroMillions&#8221;, &#8222;Powerball&#8221; ar &#8222;Mega Millions&#8221;, vis tiek nor\u0117site \u017eaisti ir jose. Ta\u010diau &#8222;Superenalotto&#8221; n\u0117ra ma\u017ea bulv\u0117, o tipiniai prizai da\u017enai siekia de\u0161imtis milijon\u0173 eur\u0173. Taigi, jei &#8222;Superenalotto&#8221; si\u016blomi papildomi 3 lo\u0161imai per savait\u0119, tai rei\u0161kia, kad per savait\u0119 tur\u0117site 3 lo\u0161imais daugiau d\u017eiaugsmo, nei jei ne\u017eaisite.<\/p>\n<p>Taigi, turint 3 papildomas galimybes laim\u0117ti did\u017eiul\u012f priz\u0105, nesunku suprasti, kod\u0117l tiek daug \u017emoni\u0173 Lietuvoje m\u0117gsta \u0161i\u0105 loterij\u0105. Atsi\u017evelgiant \u012f tai, kad dabar bilietus galite patogiai nusipirkti internetu, i\u0161 ties\u0173 n\u0117ra jokios rimtos prie\u017easties ne\u017eaisti. Skirstyti savo pinigus \u012f daugiau loterij\u0173 &#8211; \u0161tai kas yra svarbiausia, o tai labai padidina azart\u0105, kur\u012f patirsite \u017eaisdami loterijas dabar.<\/p>\n<p>Taigi, jei norite daugiau d\u017eiaugsmo \u017eaisdami loterij\u0105, o a\u0161 \u017einau, kad norite, galite prad\u0117ti \u017eaisti jau dabar.<\/p>\n<h2>Kaip gausiu i\u0161mok\u0105, jei laim\u0117siu Superenalotto internete?<\/h2>\n<p>Suteikiame jums vis\u0105 pagalb\u0105, kurios reikia norint i\u0161sigryninti pinigus u\u017e bilietus: nuo ma\u017eesni\u0173 priz\u0173 pa\u0117mimo ir i\u0161 karto pervedimo \u012f j\u016bs\u0173 s\u0105skait\u0105 pas mus iki vis\u0173 reikaling\u0173 form\u0173, reikaling\u0173 didesniems prizams ar net aukso puodams laim\u0117ti, pa\u0117mimo ir i\u0161siuntimo. Taigi, \u010dia nereikia nerimauti, nes tai yra visapusi\u0161kas sandoris su auk\u0161\u010diausios klas\u0117s paslaugomis ir aptarnavimu m\u016bs\u0173 klientams i\u0161 Lietuvos ir kit\u0173 \u0161ali\u0173.<\/p>\n","protected":false},"excerpt":{"rendered":"<p>Daugel\u012f met\u0173 \u017emon\u0117s tro\u0161ko \u017eaisti loterijas kitose pasaulio dalyse. Ta\u010diau i\u0161\u0161\u016bkis \u010dia buvo ne \u012fvairi\u0173 loterij\u0173 nenoras priimti tarptautini\u0173 loterij\u0173 \u017eaid\u0117jus. Problema buvo ta, kad, nor\u0117dami tinkamai \u017eaisti, fizi\u0161kai turite b\u016bti toje \u0161alyje ar regione, kuriame vyksta loterija. Pirmiausia turite apsilankyti loterijos, \u012f kuri\u0105 norite \u012fsigyti bilietus, ma\u017emenin\u0117je parduotuv\u0117je. Taigi tai rei\u0161kia, kad reikia b\u016bti [&hellip;]<\/p>\n","protected":false},"author":1,"featured_media":0,"parent":5026,"menu_order":5,"comment_status":"closed","ping_status":"closed","template":"superenalotto.php","meta":{"_et_pb_use_builder":"","_et_pb_old_content":"","_et_gb_content_width":"","exclude_from_search":false,"footnotes":""},"class_list":["post-79523","page","type-page","status-publish","hentry"],"yoast_head":"<!-- This site is optimized with the Yoast SEO plugin v23.4 - https:\/\/yoast.com\/wordpress\/plugins\/seo\/ -->\n<title>\u017daiskite Superenalotto Italija internetu i\u0161 Lietuvos | Kaip \u012fsigyti Superenalotto bilietus internetu<\/title>\n<meta name=\"description\" content=\"\u0160\u012f Italijos loterijos aukso puod\u0105 dabar gali laim\u0117ti bet kas ir i\u0161 bet kur - \u017eaiskite Superenalotto biliet\u0105 internetu dabar\" \/>\n<meta name=\"robots\" content=\"index, follow, max-snippet:-1, max-image-preview:large, max-video-preview:-1\" \/>\n<link rel=\"canonical\" href=\"https:\/\/onlinelotto365.com\/lt\/zaisti\/superenalotto\/\" \/>\n<meta property=\"og:locale\" content=\"lt_LT\" \/>\n<meta property=\"og:type\" content=\"article\" \/>\n<meta property=\"og:title\" content=\"\u017daiskite Superenalotto Italija internetu i\u0161 Lietuvos | Kaip \u012fsigyti Superenalotto bilietus internetu\" \/>\n<meta property=\"og:description\" content=\"\u0160\u012f Italijos loterijos aukso puod\u0105 dabar gali laim\u0117ti bet kas ir i\u0161 bet kur - \u017eaiskite Superenalotto biliet\u0105 internetu dabar\" \/>\n<meta property=\"og:url\" content=\"https:\/\/onlinelotto365.com\/lt\/zaisti\/superenalotto\/\" \/>\n<meta property=\"og:site_name\" content=\"OnlineLotto365\" \/>\n<meta property=\"article:modified_time\" content=\"2022-11-07T07:37:30+00:00\" \/>\n<meta property=\"og:image\" content=\"https:\/\/redfoxlotto.com\/image?size=8&amp;lottery=superenalotto\" \/>\n<meta name=\"twitter:card\" content=\"summary_large_image\" \/>\n<meta name=\"twitter:label1\" content=\"Est. reading time\" \/>\n\t<meta name=\"twitter:data1\" content=\"4 minut\u0117s\" \/>\n<script type=\"application\/ld+json\" class=\"yoast-schema-graph\">{\"@context\":\"https:\/\/schema.org\",\"@graph\":[{\"@type\":\"WebPage\",\"@id\":\"https:\/\/onlinelotto365.com\/lt\/zaisti\/superenalotto\/\",\"url\":\"https:\/\/onlinelotto365.com\/lt\/zaisti\/superenalotto\/\",\"name\":\"\u017daiskite Superenalotto Italija internetu i\u0161 Lietuvos | Kaip \u012fsigyti Superenalotto bilietus internetu\",\"isPartOf\":{\"@id\":\"https:\/\/onlinelotto365.com\/lt\/#website\"},\"primaryImageOfPage\":{\"@id\":\"https:\/\/onlinelotto365.com\/lt\/zaisti\/superenalotto\/#primaryimage\"},\"image\":{\"@id\":\"https:\/\/onlinelotto365.com\/lt\/zaisti\/superenalotto\/#primaryimage\"},\"thumbnailUrl\":\"https:\/\/redfoxlotto.com\/image?size=8&amp;lottery=superenalotto\",\"datePublished\":\"2022-11-07T07:37:11+00:00\",\"dateModified\":\"2022-11-07T07:37:30+00:00\",\"description\":\"\u0160\u012f Italijos loterijos aukso puod\u0105 dabar gali laim\u0117ti bet kas ir i\u0161 bet kur - \u017eaiskite Superenalotto biliet\u0105 internetu dabar\",\"breadcrumb\":{\"@id\":\"https:\/\/onlinelotto365.com\/lt\/zaisti\/superenalotto\/#breadcrumb\"},\"inLanguage\":\"lt-LT\",\"potentialAction\":[{\"@type\":\"ReadAction\",\"target\":[\"https:\/\/onlinelotto365.com\/lt\/zaisti\/superenalotto\/\"]}]},{\"@type\":\"ImageObject\",\"inLanguage\":\"lt-LT\",\"@id\":\"https:\/\/onlinelotto365.com\/lt\/zaisti\/superenalotto\/#primaryimage\",\"url\":\"https:\/\/redfoxlotto.com\/image?size=8&amp;lottery=superenalotto\",\"contentUrl\":\"https:\/\/redfoxlotto.com\/image?size=8&amp;lottery=superenalotto\"},{\"@type\":\"BreadcrumbList\",\"@id\":\"https:\/\/onlinelotto365.com\/lt\/zaisti\/superenalotto\/#breadcrumb\",\"itemListElement\":[{\"@type\":\"ListItem\",\"position\":1,\"name\":\"Home\",\"item\":\"https:\/\/onlinelotto365.com\/lt\/\"},{\"@type\":\"ListItem\",\"position\":2,\"name\":\"Viskas, k\u0105 turite \u017einoti apie galimybes \u017eaisti geriausias loterijas internete\",\"item\":\"https:\/\/onlinelotto365.com\/lt\/zaisti\/\"},{\"@type\":\"ListItem\",\"position\":3,\"name\":\"Gaukite Superenalotto bilietus i\u0161 bet kur\"}]},{\"@type\":\"WebSite\",\"@id\":\"https:\/\/onlinelotto365.com\/lt\/#website\",\"url\":\"https:\/\/onlinelotto365.com\/lt\/\",\"name\":\"OnlineLotto365\",\"description\":\"\",\"potentialAction\":[{\"@type\":\"SearchAction\",\"target\":{\"@type\":\"EntryPoint\",\"urlTemplate\":\"https:\/\/onlinelotto365.com\/lt\/?s={search_term_string}\"},\"query-input\":{\"@type\":\"PropertyValueSpecification\",\"valueRequired\":true,\"valueName\":\"search_term_string\"}}],\"inLanguage\":\"lt-LT\"}]}<\/script>\n<!-- \/ Yoast SEO plugin. -->","yoast_head_json":{"title":"\u017daiskite Superenalotto Italija internetu i\u0161 Lietuvos | Kaip \u012fsigyti Superenalotto bilietus internetu","description":"\u0160\u012f Italijos loterijos aukso puod\u0105 dabar gali laim\u0117ti bet kas ir i\u0161 bet kur - \u017eaiskite Superenalotto biliet\u0105 internetu dabar","robots":{"index":"index","follow":"follow","max-snippet":"max-snippet:-1","max-image-preview":"max-image-preview:large","max-video-preview":"max-video-preview:-1"},"canonical":"https:\/\/onlinelotto365.com\/lt\/zaisti\/superenalotto\/","og_locale":"lt_LT","og_type":"article","og_title":"\u017daiskite Superenalotto Italija internetu i\u0161 Lietuvos | Kaip \u012fsigyti Superenalotto bilietus internetu","og_description":"\u0160\u012f Italijos loterijos aukso puod\u0105 dabar gali laim\u0117ti bet kas ir i\u0161 bet kur - \u017eaiskite Superenalotto biliet\u0105 internetu dabar","og_url":"https:\/\/onlinelotto365.com\/lt\/zaisti\/superenalotto\/","og_site_name":"OnlineLotto365","article_modified_time":"2022-11-07T07:37:30+00:00","og_image":[{"url":"https:\/\/redfoxlotto.com\/image?size=8&amp;lottery=superenalotto"}],"twitter_card":"summary_large_image","twitter_misc":{"Est. reading time":"4 minut\u0117s"},"schema":{"@context":"https:\/\/schema.org","@graph":[{"@type":"WebPage","@id":"https:\/\/onlinelotto365.com\/lt\/zaisti\/superenalotto\/","url":"https:\/\/onlinelotto365.com\/lt\/zaisti\/superenalotto\/","name":"\u017daiskite Superenalotto Italija internetu i\u0161 Lietuvos | Kaip \u012fsigyti Superenalotto bilietus internetu","isPartOf":{"@id":"https:\/\/onlinelotto365.com\/lt\/#website"},"primaryImageOfPage":{"@id":"https:\/\/onlinelotto365.com\/lt\/zaisti\/superenalotto\/#primaryimage"},"image":{"@id":"https:\/\/onlinelotto365.com\/lt\/zaisti\/superenalotto\/#primaryimage"},"thumbnailUrl":"https:\/\/redfoxlotto.com\/image?size=8&amp;lottery=superenalotto","datePublished":"2022-11-07T07:37:11+00:00","dateModified":"2022-11-07T07:37:30+00:00","description":"\u0160\u012f Italijos loterijos aukso puod\u0105 dabar gali laim\u0117ti bet kas ir i\u0161 bet kur - \u017eaiskite Superenalotto biliet\u0105 internetu dabar","breadcrumb":{"@id":"https:\/\/onlinelotto365.com\/lt\/zaisti\/superenalotto\/#breadcrumb"},"inLanguage":"lt-LT","potentialAction":[{"@type":"ReadAction","target":["https:\/\/onlinelotto365.com\/lt\/zaisti\/superenalotto\/"]}]},{"@type":"ImageObject","inLanguage":"lt-LT","@id":"https:\/\/onlinelotto365.com\/lt\/zaisti\/superenalotto\/#primaryimage","url":"https:\/\/redfoxlotto.com\/image?size=8&amp;lottery=superenalotto","contentUrl":"https:\/\/redfoxlotto.com\/image?size=8&amp;lottery=superenalotto"},{"@type":"BreadcrumbList","@id":"https:\/\/onlinelotto365.com\/lt\/zaisti\/superenalotto\/#breadcrumb","itemListElement":[{"@type":"ListItem","position":1,"name":"Home","item":"https:\/\/onlinelotto365.com\/lt\/"},{"@type":"ListItem","position":2,"name":"Viskas, k\u0105 turite \u017einoti apie galimybes \u017eaisti geriausias loterijas internete","item":"https:\/\/onlinelotto365.com\/lt\/zaisti\/"},{"@type":"ListItem","position":3,"name":"Gaukite Superenalotto bilietus i\u0161 bet kur"}]},{"@type":"WebSite","@id":"https:\/\/onlinelotto365.com\/lt\/#website","url":"https:\/\/onlinelotto365.com\/lt\/","name":"OnlineLotto365","description":"","potentialAction":[{"@type":"SearchAction","target":{"@type":"EntryPoint","urlTemplate":"https:\/\/onlinelotto365.com\/lt\/?s={search_term_string}"},"query-input":{"@type":"PropertyValueSpecification","valueRequired":true,"valueName":"search_term_string"}}],"inLanguage":"lt-LT"}]}},"_links":{"self":[{"href":"https:\/\/onlinelotto365.com\/lt\/wp-json\/wp\/v2\/pages\/79523","targetHints":{"allow":["GET"]}}],"collection":[{"href":"https:\/\/onlinelotto365.com\/lt\/wp-json\/wp\/v2\/pages"}],"about":[{"href":"https:\/\/onlinelotto365.com\/lt\/wp-json\/wp\/v2\/types\/page"}],"author":[{"embeddable":true,"href":"https:\/\/onlinelotto365.com\/lt\/wp-json\/wp\/v2\/users\/1"}],"replies":[{"embeddable":true,"href":"https:\/\/onlinelotto365.com\/lt\/wp-json\/wp\/v2\/comments?post=79523"}],"version-history":[{"count":0,"href":"https:\/\/onlinelotto365.com\/lt\/wp-json\/wp\/v2\/pages\/79523\/revisions"}],"up":[{"embeddable":true,"href":"https:\/\/onlinelotto365.com\/lt\/wp-json\/wp\/v2\/pages\/5026"}],"wp:attachment":[{"href":"https:\/\/onlinelotto365.com\/lt\/wp-json\/wp\/v2\/media?parent=79523"}],"curies":[{"name":"wp","href":"https:\/\/api.w.org\/{rel}","templated":true}]}}