{"id":80077,"date":"2022-11-14T14:02:35","date_gmt":"2022-11-14T13:02:35","guid":{"rendered":"https:\/\/onlinelotto365.com\/?page_id=80077"},"modified":"2022-11-14T14:02:35","modified_gmt":"2022-11-14T13:02:35","slug":"superenalotto","status":"publish","type":"page","link":"https:\/\/onlinelotto365.com\/lt\/laimeti-skaiciai\/superenalotto\/","title":{"rendered":"Patikrinkite Superenalotto laim\u0117ti numeriai \u010dia"},"content":{"rendered":"<p>Savo svetain\u0117je si\u016blome daug \u012fvairi\u0173 tarptautini\u0173 loterij\u0173 \u017eaidim\u0173, ta\u010diau norime u\u017etikrinti, kad rezultat\u0173 paie\u0161ka neb\u016bt\u0173 problema. \u017dinoma, rezultatus galite su\u017einoti per televizij\u0105, jei jums pasisek\u0117, kad burt\u0173 traukimo rezultatus pamatysite per \u017einias. Arba galite juos rasti laikra\u0161tyje, jei gyvenate vietov\u0117je, kurioje \u017eaidimai yra vietiniai. Ta\u010diau ir tai gali b\u016bti sud\u0117tinga.<br \/>\n<a href=\"https:\/\/redfoxlotto.com\/play\/superenalotto\/?ref=a8564250a2&amp;medium=ol365\" target=\"_blank\" rel=\"noopener noreferrer\"><img decoding=\"async\" class=\"aligncenter\" src=\"https:\/\/redfoxlotto.com\/image?size=8&amp;lottery=superenalotto\" alt=\"superenalotto\" \/><\/a><\/p>\n<p>Taip pat galite apsilankyti &#8222;Superenalotto&#8221; svetain\u0117je ir rasti tiesiogin\u0119 burt\u0173 traukimo proceso transliacij\u0105, jei ji si\u016bloma. Tai gali b\u016bti smagu \u017eaidimuose, kurie j\u0105 si\u016blo, ir gali suteikti jums jaudinan\u010di\u0105 akimirk\u0105 stebint, ar laim\u0117jo b\u016btent j\u016bs\u0173 skai\u010diai, ta\u010diau i\u0161 tikr\u0173j\u0173 ne kiekvienas loterijos \u017eaidimas si\u016blo toki\u0105 galimyb\u0119.<\/p>\n<p>Po burt\u0173 traukimo kartais &#8222;YouTube&#8221; galite rasti laim\u0117jusius numerius ir &#8222;Superenalotto&#8221; burt\u0173 traukimus, jei \u017einote, kaip atlikti tyrim\u0105 ir kur ie\u0161koti. Ta\u010diau tai gali u\u017etrukti.<\/p>\n<p>Geriausias b\u016bdas tai padaryti &#8211; tiesiog nueiti \u012f m\u016bs\u0173 loterijos rezultat\u0173 puslap\u012f ir pamatyti visus kiekvieno skirtingo loto \u017eaidimo numerius. Tai apima Superenalotto ir daugyb\u0119 kit\u0173.<\/p>\n<h2>Kaip su\u017einoti, ar j\u016bs\u0173 internetinis bilietas laim\u0117jo<\/h2>\n<p>\u012esigijusieji Superenalotto biliet\u0105 m\u016bs\u0173 svetain\u0117je gali lengvai patikrinti savo paskyr\u0105 ir su\u017einoti laim\u0117jusius skai\u010dius. Tai bus daug papras\u010diau, nei manote, o dar geriau tai, kad jums net nereik\u0117s lyginti skai\u010di\u0173.<\/p>\n<p>Mes \u0161ia dalimi pasir\u016bpinsime u\u017e jus. Ties\u0105 sakant, mes parodysime, kurie j\u016bs\u0173 turimi skai\u010diai sutampa su laim\u0117jusiais skai\u010diais, juos pary\u0161kindami. Tuomet visus laim\u0117tus pinigus, nevir\u0161ijan\u010dius 2500 \u20ac, pervesime tiesiai \u012f j\u016bs\u0173 s\u0105skait\u0105. Jums nereik\u0117s r\u016bpintis, kaip juos atsiimti ar \u012fsitikinti, kad k\u0105 nors patvirtinote. Visk\u0105 padarysime mes, kad gal\u0117tum\u0117te d\u017eiaugtis laim\u0117jimu.<\/p>\n<h2>Superenalotto rezultat\u0173 archyvas<\/h2>\n<p>Bet kuriame m\u016bs\u0173 svetain\u0117s puslapyje, kuriame rodomi Superenalotto laimingieji skai\u010diai, taip pat matysite, kaip galite gr\u012f\u017eti prie ankstesni\u0173 rezultat\u0173 ir patikrinti ankstesnius burt\u0173 traukimus. Tai gali pad\u0117ti pasirinkti tinkamus numerius, kuriuos norite \u017eaisti, kai ateis kito burt\u0173 traukimo metas. Tai vienas populiariausi\u0173 b\u016bd\u0173 pasirinkti numerius.<\/p>\n<h2>Mano bilietas laim\u0117jo, kas bus toliau?<\/h2>\n<p><img loading=\"lazy\" decoding=\"async\" class=\"alignright size-full wp-image-3634\" src=\"https:\/\/onlinelotto365.com\/wp-content\/uploads\/2020\/11\/online_lottery-136.jpg\" alt=\" Superenalotto laim\u0117j\u0119 numeriai\" width=\"297\" height=\"101\" \/><br \/>\nBet koks prizas, kurio suma ma\u017eesn\u0117 nei 2500 eur\u0173, i\u0161 karto bus pervestas \u012f j\u016bs\u0173 \u017eaid\u0117jo s\u0105skait\u0105. Tokiu b\u016bdu gal\u0117site j\u012f atsiimti (bet koki\u0105 didesn\u0119 nei 10 \u20ac sum\u0105) arba panaudoti papildomiems bilietams \u012fsigyti. Tik nepamir\u0161kite, kad l\u0117\u0161as galite i\u0161sigryninti \u012f kredito ar debeto kortel\u0119 arba \u012f banko s\u0105skait\u0105. Kad ir \u012f koki\u0105 s\u0105skait\u0105 nor\u0117site i\u0161siimti pinigus, tur\u0117site jau b\u016bti panaudoj\u0119 ir juos \u012fne\u0161ti. Taip padedame jus apsaugoti, taip pat laikom\u0117s kovos su pinig\u0173 plovimu ir kit\u0173 taisykli\u0173.<\/p>\n","protected":false},"excerpt":{"rendered":"<p>Savo svetain\u0117je si\u016blome daug \u012fvairi\u0173 tarptautini\u0173 loterij\u0173 \u017eaidim\u0173, ta\u010diau norime u\u017etikrinti, kad rezultat\u0173 paie\u0161ka neb\u016bt\u0173 problema. \u017dinoma, rezultatus galite su\u017einoti per televizij\u0105, jei jums pasisek\u0117, kad burt\u0173 traukimo rezultatus pamatysite per \u017einias. Arba galite juos rasti laikra\u0161tyje, jei gyvenate vietov\u0117je, kurioje \u017eaidimai yra vietiniai. Ta\u010diau ir tai gali b\u016bti sud\u0117tinga. Taip pat galite apsilankyti &#8222;Superenalotto&#8221; [&hellip;]<\/p>\n","protected":false},"author":1,"featured_media":0,"parent":5852,"menu_order":5,"comment_status":"closed","ping_status":"closed","template":"superenalotto-results.php","meta":{"_et_pb_use_builder":"","_et_pb_old_content":"","_et_gb_content_width":"","exclude_from_search":false,"footnotes":""},"class_list":["post-80077","page","type-page","status-publish","hentry"],"yoast_head":"<!-- This site is optimized with the Yoast SEO plugin v23.4 - https:\/\/yoast.com\/wordpress\/plugins\/seo\/ -->\n<title>Naujausi Superenalotto laim\u0117j\u0119 numeriai<\/title>\n<meta name=\"description\" content=\"Norite su\u017einoti Superenalotto laim\u0117jimo numerius? Rezultatus ir daugiau rasite \u010dia!\" \/>\n<meta name=\"robots\" content=\"index, follow, max-snippet:-1, max-image-preview:large, max-video-preview:-1\" \/>\n<link rel=\"canonical\" href=\"https:\/\/onlinelotto365.com\/lt\/laimeti-skaiciai\/superenalotto\/\" \/>\n<meta property=\"og:locale\" content=\"lt_LT\" \/>\n<meta property=\"og:type\" content=\"article\" \/>\n<meta property=\"og:title\" content=\"Naujausi Superenalotto laim\u0117j\u0119 numeriai\" \/>\n<meta property=\"og:description\" content=\"Norite su\u017einoti Superenalotto laim\u0117jimo numerius? Rezultatus ir daugiau rasite \u010dia!\" \/>\n<meta property=\"og:url\" content=\"https:\/\/onlinelotto365.com\/lt\/laimeti-skaiciai\/superenalotto\/\" \/>\n<meta property=\"og:site_name\" content=\"OnlineLotto365\" \/>\n<meta property=\"og:image\" content=\"https:\/\/redfoxlotto.com\/image?size=8&amp;lottery=superenalotto\" \/>\n<meta name=\"twitter:card\" content=\"summary_large_image\" \/>\n<meta name=\"twitter:label1\" content=\"Est. reading time\" \/>\n\t<meta name=\"twitter:data1\" content=\"3 minut\u0117s\" \/>\n<script type=\"application\/ld+json\" class=\"yoast-schema-graph\">{\"@context\":\"https:\/\/schema.org\",\"@graph\":[{\"@type\":\"WebPage\",\"@id\":\"https:\/\/onlinelotto365.com\/lt\/laimeti-skaiciai\/superenalotto\/\",\"url\":\"https:\/\/onlinelotto365.com\/lt\/laimeti-skaiciai\/superenalotto\/\",\"name\":\"Naujausi Superenalotto laim\u0117j\u0119 numeriai\",\"isPartOf\":{\"@id\":\"https:\/\/onlinelotto365.com\/lt\/#website\"},\"primaryImageOfPage\":{\"@id\":\"https:\/\/onlinelotto365.com\/lt\/laimeti-skaiciai\/superenalotto\/#primaryimage\"},\"image\":{\"@id\":\"https:\/\/onlinelotto365.com\/lt\/laimeti-skaiciai\/superenalotto\/#primaryimage\"},\"thumbnailUrl\":\"https:\/\/redfoxlotto.com\/image?size=8&amp;lottery=superenalotto\",\"datePublished\":\"2022-11-14T13:02:35+00:00\",\"dateModified\":\"2022-11-14T13:02:35+00:00\",\"description\":\"Norite su\u017einoti Superenalotto laim\u0117jimo numerius? Rezultatus ir daugiau rasite \u010dia!\",\"breadcrumb\":{\"@id\":\"https:\/\/onlinelotto365.com\/lt\/laimeti-skaiciai\/superenalotto\/#breadcrumb\"},\"inLanguage\":\"lt-LT\",\"potentialAction\":[{\"@type\":\"ReadAction\",\"target\":[\"https:\/\/onlinelotto365.com\/lt\/laimeti-skaiciai\/superenalotto\/\"]}]},{\"@type\":\"ImageObject\",\"inLanguage\":\"lt-LT\",\"@id\":\"https:\/\/onlinelotto365.com\/lt\/laimeti-skaiciai\/superenalotto\/#primaryimage\",\"url\":\"https:\/\/redfoxlotto.com\/image?size=8&amp;lottery=superenalotto\",\"contentUrl\":\"https:\/\/redfoxlotto.com\/image?size=8&amp;lottery=superenalotto\"},{\"@type\":\"BreadcrumbList\",\"@id\":\"https:\/\/onlinelotto365.com\/lt\/laimeti-skaiciai\/superenalotto\/#breadcrumb\",\"itemListElement\":[{\"@type\":\"ListItem\",\"position\":1,\"name\":\"Home\",\"item\":\"https:\/\/onlinelotto365.com\/lt\/\"},{\"@type\":\"ListItem\",\"position\":2,\"name\":\"Raskite naujausi\u0173 loterij\u0173 laim\u0117jim\u0173 skai\u010di\u0173 ir rezultatus\",\"item\":\"https:\/\/onlinelotto365.com\/lt\/laimeti-skaiciai\/\"},{\"@type\":\"ListItem\",\"position\":3,\"name\":\"Patikrinkite Superenalotto laim\u0117ti numeriai \u010dia\"}]},{\"@type\":\"WebSite\",\"@id\":\"https:\/\/onlinelotto365.com\/lt\/#website\",\"url\":\"https:\/\/onlinelotto365.com\/lt\/\",\"name\":\"OnlineLotto365\",\"description\":\"\",\"potentialAction\":[{\"@type\":\"SearchAction\",\"target\":{\"@type\":\"EntryPoint\",\"urlTemplate\":\"https:\/\/onlinelotto365.com\/lt\/?s={search_term_string}\"},\"query-input\":{\"@type\":\"PropertyValueSpecification\",\"valueRequired\":true,\"valueName\":\"search_term_string\"}}],\"inLanguage\":\"lt-LT\"}]}<\/script>\n<!-- \/ Yoast SEO plugin. -->","yoast_head_json":{"title":"Naujausi Superenalotto laim\u0117j\u0119 numeriai","description":"Norite su\u017einoti Superenalotto laim\u0117jimo numerius? Rezultatus ir daugiau rasite \u010dia!","robots":{"index":"index","follow":"follow","max-snippet":"max-snippet:-1","max-image-preview":"max-image-preview:large","max-video-preview":"max-video-preview:-1"},"canonical":"https:\/\/onlinelotto365.com\/lt\/laimeti-skaiciai\/superenalotto\/","og_locale":"lt_LT","og_type":"article","og_title":"Naujausi Superenalotto laim\u0117j\u0119 numeriai","og_description":"Norite su\u017einoti Superenalotto laim\u0117jimo numerius? Rezultatus ir daugiau rasite \u010dia!","og_url":"https:\/\/onlinelotto365.com\/lt\/laimeti-skaiciai\/superenalotto\/","og_site_name":"OnlineLotto365","og_image":[{"url":"https:\/\/redfoxlotto.com\/image?size=8&amp;lottery=superenalotto"}],"twitter_card":"summary_large_image","twitter_misc":{"Est. reading time":"3 minut\u0117s"},"schema":{"@context":"https:\/\/schema.org","@graph":[{"@type":"WebPage","@id":"https:\/\/onlinelotto365.com\/lt\/laimeti-skaiciai\/superenalotto\/","url":"https:\/\/onlinelotto365.com\/lt\/laimeti-skaiciai\/superenalotto\/","name":"Naujausi Superenalotto laim\u0117j\u0119 numeriai","isPartOf":{"@id":"https:\/\/onlinelotto365.com\/lt\/#website"},"primaryImageOfPage":{"@id":"https:\/\/onlinelotto365.com\/lt\/laimeti-skaiciai\/superenalotto\/#primaryimage"},"image":{"@id":"https:\/\/onlinelotto365.com\/lt\/laimeti-skaiciai\/superenalotto\/#primaryimage"},"thumbnailUrl":"https:\/\/redfoxlotto.com\/image?size=8&amp;lottery=superenalotto","datePublished":"2022-11-14T13:02:35+00:00","dateModified":"2022-11-14T13:02:35+00:00","description":"Norite su\u017einoti Superenalotto laim\u0117jimo numerius? Rezultatus ir daugiau rasite \u010dia!","breadcrumb":{"@id":"https:\/\/onlinelotto365.com\/lt\/laimeti-skaiciai\/superenalotto\/#breadcrumb"},"inLanguage":"lt-LT","potentialAction":[{"@type":"ReadAction","target":["https:\/\/onlinelotto365.com\/lt\/laimeti-skaiciai\/superenalotto\/"]}]},{"@type":"ImageObject","inLanguage":"lt-LT","@id":"https:\/\/onlinelotto365.com\/lt\/laimeti-skaiciai\/superenalotto\/#primaryimage","url":"https:\/\/redfoxlotto.com\/image?size=8&amp;lottery=superenalotto","contentUrl":"https:\/\/redfoxlotto.com\/image?size=8&amp;lottery=superenalotto"},{"@type":"BreadcrumbList","@id":"https:\/\/onlinelotto365.com\/lt\/laimeti-skaiciai\/superenalotto\/#breadcrumb","itemListElement":[{"@type":"ListItem","position":1,"name":"Home","item":"https:\/\/onlinelotto365.com\/lt\/"},{"@type":"ListItem","position":2,"name":"Raskite naujausi\u0173 loterij\u0173 laim\u0117jim\u0173 skai\u010di\u0173 ir rezultatus","item":"https:\/\/onlinelotto365.com\/lt\/laimeti-skaiciai\/"},{"@type":"ListItem","position":3,"name":"Patikrinkite Superenalotto laim\u0117ti numeriai \u010dia"}]},{"@type":"WebSite","@id":"https:\/\/onlinelotto365.com\/lt\/#website","url":"https:\/\/onlinelotto365.com\/lt\/","name":"OnlineLotto365","description":"","potentialAction":[{"@type":"SearchAction","target":{"@type":"EntryPoint","urlTemplate":"https:\/\/onlinelotto365.com\/lt\/?s={search_term_string}"},"query-input":{"@type":"PropertyValueSpecification","valueRequired":true,"valueName":"search_term_string"}}],"inLanguage":"lt-LT"}]}},"_links":{"self":[{"href":"https:\/\/onlinelotto365.com\/lt\/wp-json\/wp\/v2\/pages\/80077","targetHints":{"allow":["GET"]}}],"collection":[{"href":"https:\/\/onlinelotto365.com\/lt\/wp-json\/wp\/v2\/pages"}],"about":[{"href":"https:\/\/onlinelotto365.com\/lt\/wp-json\/wp\/v2\/types\/page"}],"author":[{"embeddable":true,"href":"https:\/\/onlinelotto365.com\/lt\/wp-json\/wp\/v2\/users\/1"}],"replies":[{"embeddable":true,"href":"https:\/\/onlinelotto365.com\/lt\/wp-json\/wp\/v2\/comments?post=80077"}],"version-history":[{"count":0,"href":"https:\/\/onlinelotto365.com\/lt\/wp-json\/wp\/v2\/pages\/80077\/revisions"}],"up":[{"embeddable":true,"href":"https:\/\/onlinelotto365.com\/lt\/wp-json\/wp\/v2\/pages\/5852"}],"wp:attachment":[{"href":"https:\/\/onlinelotto365.com\/lt\/wp-json\/wp\/v2\/media?parent=80077"}],"curies":[{"name":"wp","href":"https:\/\/api.w.org\/{rel}","templated":true}]}}