{"id":80109,"date":"2022-11-14T18:08:42","date_gmt":"2022-11-14T17:08:42","guid":{"rendered":"https:\/\/onlinelotto365.com\/?page_id=80109"},"modified":"2022-11-14T18:08:42","modified_gmt":"2022-11-14T17:08:42","slug":"euromillions","status":"publish","type":"page","link":"https:\/\/onlinelotto365.com\/lt\/laimeti-skaiciai\/euromillions\/","title":{"rendered":"Per\u017ei\u016br\u0117kite &#8222;Euromillions&#8221; laim\u0117jusius numerius"},"content":{"rendered":"<p>Mes \u017einome, kad m\u016bs\u0173 svetain\u0117je yra daug tarptautini\u0173 loterijos \u017eaidim\u0173 ir tai gali jus \u0161iek tiek supainioti. Ta\u010diau tai neturi b\u016bti taip painu, kaip jums atrodo. Taip pat neturi b\u016bti taip sunku rasti norimo \u017eaidimo laimin\u010dius skai\u010dius. Ta\u010diau galb\u016bt pagalvojote, kad reikia patikrinti kitur. Laikra\u0161tis ir televizija &#8211; tai kelios galimyb\u0117s, ta\u010diau jei nesate vietinis gyventojas, gali b\u016bti sunku rasti rezultatus bet kurioje i\u0161 \u0161i\u0173 viet\u0173.<br \/>\n<a href=\"https:\/\/redfoxlotto.com\/play\/euromillions\/?ref=a8564250a2&amp;medium=ol365\" target=\"_blank\" rel=\"noopener noreferrer\"><img decoding=\"async\" class=\"aligncenter\" src=\"https:\/\/redfoxlotto.com\/image?size=8&amp;lottery=euromillions\" alt=\"euromillions\" \/><\/a><br \/>\nTaip pat galite pasirinkti eiti \u012f oficiali\u0105 loterijos &#8222;EuroMillions&#8221; svetain\u0119. Tai viena geriausi\u0173 viet\u0173 su\u017einoti rezultatus, nes jie pateikiami faktais ir galb\u016bt net gal\u0117site steb\u0117ti tiesiogin\u0119 burt\u0173 traukimo transliacij\u0105. Gali b\u016bti smagu ir \u012fdomu steb\u0117ti t\u0105 burt\u0173 traukim\u0105 tiesiogiai, ypa\u010d jei laim\u0117site j\u016bs ir gal\u0117site steb\u0117ti, kaip atsiranda j\u016bs\u0173 skai\u010diai. Ta\u010diau tai gali u\u017etrukti daug laiko, be to, ne visi loterijos \u017eaidimai i\u0161 tikr\u0173j\u0173 transliuojami.<\/p>\n<p>I\u0161traukus loterijos burtus, kita galimyb\u0117 &#8211; patikrinti &#8222;YouTube&#8221; ir pa\u017ei\u016br\u0117ti, ar galite gauti vaizdo \u012fra\u0161\u0105, kuriame b\u016bt\u0173 u\u017efiksuotas burt\u0173 traukimas arba kas nors kitas, atskleid\u017eiantis numerius po to, kai jie buvo i\u0161traukti.<\/p>\n<p>Vis d\u0117lto geriausias b\u016bdas su\u017einoti laimin\u010dius skai\u010dius &#8211; apsilankyti m\u016bs\u0173 svetain\u0117je ir patikrinti rezultatus. Visk\u0105 rasite m\u016bs\u0173 loterijos rezultat\u0173 puslapyje, kuriame rasite laimin\u010dius bet kurio loterijos \u017eaidimo, kur\u012f galite nusipirkti m\u016bs\u0173 svetain\u0117je, numerius.<\/p>\n<h2>Kaip su\u017einoti, ar j\u016bs\u0173 internetinis bilietas laim\u0117jo<\/h2>\n<p>Dar geriau yra tai, kad jei i\u0161 tikr\u0173j\u0173 \u012fsigijote \u0161io \u017eaidimo biliet\u0105, jums net nereikia r\u016bpintis, kad eitum\u0117te \u012f rezultat\u0173 puslap\u012f. Galite tiesiog nueiti tiesiai \u012f savo paskyr\u0105 ir puslap\u012f su savo bilietais.<\/p>\n<p>I\u0161 ten gal\u0117site pamatyti laim\u0117jusius skai\u010dius ir palyginti savo skai\u010dius. O mes pary\u0161kiname sutampan\u010dius skai\u010dius, kad j\u0173 nepraleistum\u0117te. Be to, mes pasir\u016bpinsime, kad gautum\u0117te savo skai\u010di\u0173 laim\u0117jimus, jei turite ma\u017eiau nei 2500 eur\u0173. Jei jis vir\u0161ija, jums tereikia u\u017epildyti form\u0105 ir mes vis tiek pad\u0117sime jums viskuo pasir\u016bpinti.<\/p>\n<h2>EuroMillions rezultat\u0173 archyvas<\/h2>\n<p><img loading=\"lazy\" decoding=\"async\" class=\"alignright wp-image-3645\" src=\"https:\/\/onlinelotto365.com\/wp-content\/uploads\/2020\/11\/online_lottery-129-300x300.jpg\" alt=\"Laim\u0117j\u0119 \" width=\"210\" height=\"210\" srcset=\"https:\/\/onlinelotto365.com\/wp-content\/uploads\/2020\/11\/online_lottery-129-300x300.jpg 300w, https:\/\/onlinelotto365.com\/wp-content\/uploads\/2020\/11\/online_lottery-129-100x100.jpg 100w, https:\/\/onlinelotto365.com\/wp-content\/uploads\/2020\/11\/online_lottery-129-150x150.jpg 150w, https:\/\/onlinelotto365.com\/wp-content\/uploads\/2020\/11\/online_lottery-129.jpg 320w\" sizes=\"auto, (max-width: 210px) 100vw, 210px\" \/>&lt;<br \/>\nTurime kelet\u0105 sri\u010di\u0173, kuriose galite per\u017ei\u016br\u0117ti naujausius laim\u0117jusius &#8222;EuroMillions&#8221; skai\u010dius ir kit\u0173 \u017eaidim\u0173 rezultatus, ta\u010diau taip pat turime galimybi\u0173 patikrinti ir senus laim\u0117jusius skai\u010dius. Jei norite \u012fsitikinti, kad tinkamus skai\u010dius renkat\u0117s grynajam \u017eaidimui, senesni\u0173 \u017eaidim\u0173 per\u017ei\u016bra gali b\u016bti geras b\u016bdas tai padaryti.<\/p>\n<h2>Mano bilietas laim\u0117jo, kas bus toliau?<\/h2>\n<p>Jau min\u0117jome, kad visus laim\u0117tus prizus, kuri\u0173 suma ma\u017eesn\u0117 nei 2500 eur\u0173, \u012f j\u016bs\u0173 s\u0105skait\u0105 perves m\u016bs\u0173 klient\u0173 aptarnavimo komanda. Kai pinigai atsidurs j\u016bs\u0173 s\u0105skaitoje, gal\u0117site juos i\u0161siimti, panaudoti ar atlikti bet kokius kitus veiksmus. Tai leis jums lengvai t\u0119sti \u017eaidim\u0105 arba naudoti pinigus, kam tik norite.<br \/>\nNe tik tai, bet ir tai, kad gal\u0117site atsiimti pinigus i\u0161 bet kurios s\u0105skaitos, kuri\u0105 jau naudojote pirkimui, arba \u012fne\u0161ti papildom\u0173 pinig\u0173 \u012f savo s\u0105skait\u0105. Tai apima banko s\u0105skaitas, kredito korteles ir kt.<\/p>\n","protected":false},"excerpt":{"rendered":"<p>Mes \u017einome, kad m\u016bs\u0173 svetain\u0117je yra daug tarptautini\u0173 loterijos \u017eaidim\u0173 ir tai gali jus \u0161iek tiek supainioti. Ta\u010diau tai neturi b\u016bti taip painu, kaip jums atrodo. Taip pat neturi b\u016bti taip sunku rasti norimo \u017eaidimo laimin\u010dius skai\u010dius. Ta\u010diau galb\u016bt pagalvojote, kad reikia patikrinti kitur. Laikra\u0161tis ir televizija &#8211; tai kelios galimyb\u0117s, ta\u010diau jei nesate vietinis [&hellip;]<\/p>\n","protected":false},"author":1,"featured_media":0,"parent":5852,"menu_order":3,"comment_status":"closed","ping_status":"closed","template":"euromillions-results.php","meta":{"_et_pb_use_builder":"","_et_pb_old_content":"","_et_gb_content_width":"","exclude_from_search":false,"footnotes":""},"class_list":["post-80109","page","type-page","status-publish","hentry"],"yoast_head":"<!-- This site is optimized with the Yoast SEO plugin v23.4 - https:\/\/yoast.com\/wordpress\/plugins\/seo\/ -->\n<title>Laim\u0117j\u0119 numeriai &quot;Euromillions&quot; | \u017di\u016br\u0117kite naujausius &quot;Euromillions&quot; prizus ir rezultatus<\/title>\n<meta name=\"description\" content=\"Palyginkite savo &quot;Euromillions&quot; biliet\u0105 su laim\u0117jusiais skai\u010diais - visus loterijos rezultatus rasite \u010dia\" \/>\n<meta name=\"robots\" content=\"index, follow, max-snippet:-1, max-image-preview:large, max-video-preview:-1\" \/>\n<link rel=\"canonical\" href=\"https:\/\/onlinelotto365.com\/lt\/laimeti-skaiciai\/euromillions\/\" \/>\n<meta property=\"og:locale\" content=\"lt_LT\" \/>\n<meta property=\"og:type\" content=\"article\" \/>\n<meta property=\"og:title\" content=\"Laim\u0117j\u0119 numeriai &quot;Euromillions&quot; | \u017di\u016br\u0117kite naujausius &quot;Euromillions&quot; prizus ir rezultatus\" \/>\n<meta property=\"og:description\" content=\"Palyginkite savo &quot;Euromillions&quot; biliet\u0105 su laim\u0117jusiais skai\u010diais - visus loterijos rezultatus rasite \u010dia\" \/>\n<meta property=\"og:url\" content=\"https:\/\/onlinelotto365.com\/lt\/laimeti-skaiciai\/euromillions\/\" \/>\n<meta property=\"og:site_name\" content=\"OnlineLotto365\" \/>\n<meta property=\"og:image\" content=\"https:\/\/redfoxlotto.com\/image?size=8&amp;lottery=euromillions\" \/>\n<meta name=\"twitter:card\" content=\"summary_large_image\" \/>\n<meta name=\"twitter:label1\" content=\"Est. reading time\" \/>\n\t<meta name=\"twitter:data1\" content=\"3 minut\u0117s\" \/>\n<script type=\"application\/ld+json\" class=\"yoast-schema-graph\">{\"@context\":\"https:\/\/schema.org\",\"@graph\":[{\"@type\":\"WebPage\",\"@id\":\"https:\/\/onlinelotto365.com\/lt\/laimeti-skaiciai\/euromillions\/\",\"url\":\"https:\/\/onlinelotto365.com\/lt\/laimeti-skaiciai\/euromillions\/\",\"name\":\"Laim\u0117j\u0119 numeriai \\\"Euromillions\\\" | \u017di\u016br\u0117kite naujausius \\\"Euromillions\\\" prizus ir rezultatus\",\"isPartOf\":{\"@id\":\"https:\/\/onlinelotto365.com\/lt\/#website\"},\"primaryImageOfPage\":{\"@id\":\"https:\/\/onlinelotto365.com\/lt\/laimeti-skaiciai\/euromillions\/#primaryimage\"},\"image\":{\"@id\":\"https:\/\/onlinelotto365.com\/lt\/laimeti-skaiciai\/euromillions\/#primaryimage\"},\"thumbnailUrl\":\"https:\/\/redfoxlotto.com\/image?size=8&amp;lottery=euromillions\",\"datePublished\":\"2022-11-14T17:08:42+00:00\",\"dateModified\":\"2022-11-14T17:08:42+00:00\",\"description\":\"Palyginkite savo \\\"Euromillions\\\" biliet\u0105 su laim\u0117jusiais skai\u010diais - visus loterijos rezultatus rasite \u010dia\",\"breadcrumb\":{\"@id\":\"https:\/\/onlinelotto365.com\/lt\/laimeti-skaiciai\/euromillions\/#breadcrumb\"},\"inLanguage\":\"lt-LT\",\"potentialAction\":[{\"@type\":\"ReadAction\",\"target\":[\"https:\/\/onlinelotto365.com\/lt\/laimeti-skaiciai\/euromillions\/\"]}]},{\"@type\":\"ImageObject\",\"inLanguage\":\"lt-LT\",\"@id\":\"https:\/\/onlinelotto365.com\/lt\/laimeti-skaiciai\/euromillions\/#primaryimage\",\"url\":\"https:\/\/redfoxlotto.com\/image?size=8&amp;lottery=euromillions\",\"contentUrl\":\"https:\/\/redfoxlotto.com\/image?size=8&amp;lottery=euromillions\"},{\"@type\":\"BreadcrumbList\",\"@id\":\"https:\/\/onlinelotto365.com\/lt\/laimeti-skaiciai\/euromillions\/#breadcrumb\",\"itemListElement\":[{\"@type\":\"ListItem\",\"position\":1,\"name\":\"Home\",\"item\":\"https:\/\/onlinelotto365.com\/lt\/\"},{\"@type\":\"ListItem\",\"position\":2,\"name\":\"Raskite naujausi\u0173 loterij\u0173 laim\u0117jim\u0173 skai\u010di\u0173 ir rezultatus\",\"item\":\"https:\/\/onlinelotto365.com\/lt\/laimeti-skaiciai\/\"},{\"@type\":\"ListItem\",\"position\":3,\"name\":\"Per\u017ei\u016br\u0117kite &#8220;Euromillions&#8221; laim\u0117jusius numerius\"}]},{\"@type\":\"WebSite\",\"@id\":\"https:\/\/onlinelotto365.com\/lt\/#website\",\"url\":\"https:\/\/onlinelotto365.com\/lt\/\",\"name\":\"OnlineLotto365\",\"description\":\"\",\"potentialAction\":[{\"@type\":\"SearchAction\",\"target\":{\"@type\":\"EntryPoint\",\"urlTemplate\":\"https:\/\/onlinelotto365.com\/lt\/?s={search_term_string}\"},\"query-input\":{\"@type\":\"PropertyValueSpecification\",\"valueRequired\":true,\"valueName\":\"search_term_string\"}}],\"inLanguage\":\"lt-LT\"}]}<\/script>\n<!-- \/ Yoast SEO plugin. -->","yoast_head_json":{"title":"Laim\u0117j\u0119 numeriai \"Euromillions\" | \u017di\u016br\u0117kite naujausius \"Euromillions\" prizus ir rezultatus","description":"Palyginkite savo \"Euromillions\" biliet\u0105 su laim\u0117jusiais skai\u010diais - visus loterijos rezultatus rasite \u010dia","robots":{"index":"index","follow":"follow","max-snippet":"max-snippet:-1","max-image-preview":"max-image-preview:large","max-video-preview":"max-video-preview:-1"},"canonical":"https:\/\/onlinelotto365.com\/lt\/laimeti-skaiciai\/euromillions\/","og_locale":"lt_LT","og_type":"article","og_title":"Laim\u0117j\u0119 numeriai \"Euromillions\" | \u017di\u016br\u0117kite naujausius \"Euromillions\" prizus ir rezultatus","og_description":"Palyginkite savo \"Euromillions\" biliet\u0105 su laim\u0117jusiais skai\u010diais - visus loterijos rezultatus rasite \u010dia","og_url":"https:\/\/onlinelotto365.com\/lt\/laimeti-skaiciai\/euromillions\/","og_site_name":"OnlineLotto365","og_image":[{"url":"https:\/\/redfoxlotto.com\/image?size=8&amp;lottery=euromillions"}],"twitter_card":"summary_large_image","twitter_misc":{"Est. reading time":"3 minut\u0117s"},"schema":{"@context":"https:\/\/schema.org","@graph":[{"@type":"WebPage","@id":"https:\/\/onlinelotto365.com\/lt\/laimeti-skaiciai\/euromillions\/","url":"https:\/\/onlinelotto365.com\/lt\/laimeti-skaiciai\/euromillions\/","name":"Laim\u0117j\u0119 numeriai \"Euromillions\" | \u017di\u016br\u0117kite naujausius \"Euromillions\" prizus ir rezultatus","isPartOf":{"@id":"https:\/\/onlinelotto365.com\/lt\/#website"},"primaryImageOfPage":{"@id":"https:\/\/onlinelotto365.com\/lt\/laimeti-skaiciai\/euromillions\/#primaryimage"},"image":{"@id":"https:\/\/onlinelotto365.com\/lt\/laimeti-skaiciai\/euromillions\/#primaryimage"},"thumbnailUrl":"https:\/\/redfoxlotto.com\/image?size=8&amp;lottery=euromillions","datePublished":"2022-11-14T17:08:42+00:00","dateModified":"2022-11-14T17:08:42+00:00","description":"Palyginkite savo \"Euromillions\" biliet\u0105 su laim\u0117jusiais skai\u010diais - visus loterijos rezultatus rasite \u010dia","breadcrumb":{"@id":"https:\/\/onlinelotto365.com\/lt\/laimeti-skaiciai\/euromillions\/#breadcrumb"},"inLanguage":"lt-LT","potentialAction":[{"@type":"ReadAction","target":["https:\/\/onlinelotto365.com\/lt\/laimeti-skaiciai\/euromillions\/"]}]},{"@type":"ImageObject","inLanguage":"lt-LT","@id":"https:\/\/onlinelotto365.com\/lt\/laimeti-skaiciai\/euromillions\/#primaryimage","url":"https:\/\/redfoxlotto.com\/image?size=8&amp;lottery=euromillions","contentUrl":"https:\/\/redfoxlotto.com\/image?size=8&amp;lottery=euromillions"},{"@type":"BreadcrumbList","@id":"https:\/\/onlinelotto365.com\/lt\/laimeti-skaiciai\/euromillions\/#breadcrumb","itemListElement":[{"@type":"ListItem","position":1,"name":"Home","item":"https:\/\/onlinelotto365.com\/lt\/"},{"@type":"ListItem","position":2,"name":"Raskite naujausi\u0173 loterij\u0173 laim\u0117jim\u0173 skai\u010di\u0173 ir rezultatus","item":"https:\/\/onlinelotto365.com\/lt\/laimeti-skaiciai\/"},{"@type":"ListItem","position":3,"name":"Per\u017ei\u016br\u0117kite &#8220;Euromillions&#8221; laim\u0117jusius numerius"}]},{"@type":"WebSite","@id":"https:\/\/onlinelotto365.com\/lt\/#website","url":"https:\/\/onlinelotto365.com\/lt\/","name":"OnlineLotto365","description":"","potentialAction":[{"@type":"SearchAction","target":{"@type":"EntryPoint","urlTemplate":"https:\/\/onlinelotto365.com\/lt\/?s={search_term_string}"},"query-input":{"@type":"PropertyValueSpecification","valueRequired":true,"valueName":"search_term_string"}}],"inLanguage":"lt-LT"}]}},"_links":{"self":[{"href":"https:\/\/onlinelotto365.com\/lt\/wp-json\/wp\/v2\/pages\/80109","targetHints":{"allow":["GET"]}}],"collection":[{"href":"https:\/\/onlinelotto365.com\/lt\/wp-json\/wp\/v2\/pages"}],"about":[{"href":"https:\/\/onlinelotto365.com\/lt\/wp-json\/wp\/v2\/types\/page"}],"author":[{"embeddable":true,"href":"https:\/\/onlinelotto365.com\/lt\/wp-json\/wp\/v2\/users\/1"}],"replies":[{"embeddable":true,"href":"https:\/\/onlinelotto365.com\/lt\/wp-json\/wp\/v2\/comments?post=80109"}],"version-history":[{"count":0,"href":"https:\/\/onlinelotto365.com\/lt\/wp-json\/wp\/v2\/pages\/80109\/revisions"}],"up":[{"embeddable":true,"href":"https:\/\/onlinelotto365.com\/lt\/wp-json\/wp\/v2\/pages\/5852"}],"wp:attachment":[{"href":"https:\/\/onlinelotto365.com\/lt\/wp-json\/wp\/v2\/media?parent=80109"}],"curies":[{"name":"wp","href":"https:\/\/api.w.org\/{rel}","templated":true}]}}