{"id":80141,"date":"2022-11-15T07:34:56","date_gmt":"2022-11-15T06:34:56","guid":{"rendered":"https:\/\/onlinelotto365.com\/?page_id=80141"},"modified":"2022-11-15T07:34:56","modified_gmt":"2022-11-15T06:34:56","slug":"mega-milijonai","status":"publish","type":"page","link":"https:\/\/onlinelotto365.com\/lt\/laimeti-skaiciai\/mega-milijonai\/","title":{"rendered":"Patikrinkite &#8222;Mega Millions&#8221; laimin\u010dius numerius \u010dia"},"content":{"rendered":"<p>D\u0117l vis\u0173 tarptautini\u0173 loterij\u0173, kurias galite \u017eaisti m\u016bs\u0173 svetain\u0117je, laimin\u010di\u0173 skai\u010di\u0173 ir rezultat\u0173 gavimas gali b\u016bti problema. Tikriausiai negal\u0117site rasti &#8222;Mega Millions&#8221; laim\u0117jusi\u0173 skai\u010di\u0173 savo laikra\u0161tyje. Galite ie\u0161koti jums prieinamo televizijos kanalo, kuris \u012f savo naujienas \u012ftraukia burt\u0173 rezultatus, ta\u010diau tam prireiks \u0161iek tiek paie\u0161k\u0173.<br \/>\n<a href=\"https:\/\/redfoxlotto.com\/play\/mega-millions\/?ref=a8564250a2&amp;medium=ol365\" target=\"_blank\" rel=\"noopener noreferrer\"><img decoding=\"async\" class=\"aligncenter\" src=\"https:\/\/redfoxlotto.com\/image?size=8&amp;lottery=mega-millions\" alt=\"Mega Millions\" \/><\/a><br \/>\nViena i\u0161 galimybi\u0173 b\u016bt\u0173 patikrinti, ar oficiali loterijos &#8222;Mega Milijonai&#8221; interneto svetain\u0117 transliuoja tiesiogin\u0119 burt\u0173 traukimo proced\u016bros transliacij\u0105. Be abejo, matyti tiesiogiai i\u0161trauktus skai\u010dius yra labai \u012fdomu. Be to, tai b\u016bt\u0173 grei\u010diausias b\u016bdas su\u017einoti, ar j\u016bs\u0173 numeriai laim\u0117jo. Ta\u010diau dauguma loterij\u0173 nesi\u016blo tiesiogin\u0117s burt\u0173 traukimo transliacijos realiuoju laiku.<\/p>\n<p>Jei tuo metu, kai norite patikrinti laim\u0117jusius skai\u010dius, burt\u0173 traukimas jau \u012fvyk\u0119s, galite apsilankyti &#8222;Youtube&#8221; ir atlikti vaizdo \u012fra\u0161o, kuriame rodomas naujausias &#8222;Mega Millions&#8221; burt\u0173 traukimas, paie\u0161k\u0105.<\/p>\n<p>Ta\u010diau labai patogus b\u016bdas patikrinti laiminguosius skai\u010dius, taip pat &#8222;Mega Millions&#8221; rezultatus ir prizus yra m\u016bs\u0173 loterijos rezultat\u0173 puslapis. Viename puslapyje galite rasti vis\u0173 m\u016bs\u0173 si\u016blom\u0173 loterij\u0173 laiminguosius skai\u010dius.<\/p>\n<h2>Kaip su\u017einoti, ar j\u016bs\u0173 internetinis bilietas laim\u0117jo<\/h2>\n<p>Ir tai dar geriau! Jei &#8222;Mega Millions&#8221; biliet\u0105 nusipirkote m\u016bs\u0173 svetain\u0117je, galite per\u017ei\u016br\u0117ti savo paskyr\u0105 (\u017einoma, pirmiausia turite prisijungti) ir skyri\u0173, kuriame saugomi j\u016bs\u0173 bilietai. Kiekvienos loterijos, kurioje \u017eaid\u0117te, laim\u0117j\u0119 skai\u010diai rodomi prie pat j\u016bs\u0173 pasirinkt\u0173 skai\u010di\u0173. Taip pat spalvotai pa\u017eym\u0117ti visi j\u016bs\u0173 bilieto skai\u010diai, kurie atitinka burt\u0173 rezultatus. Su\u017einoj\u0119, kiek skai\u010di\u0173 pasirinkote teisingai, galite patikrinti, kiek laim\u0117jote. Taip pat nepamir\u0161kite, kad visi ma\u017eesni nei 2500 eur\u0173 laim\u0117jimai bus pervesti \u012f j\u016bs\u0173 \u017eaid\u0117jo s\u0105skait\u0105, kai tik loterija patvirtins oficialius rezultatus.<\/p>\n<h2>&#8222;Mega Millions&#8221; rezultat\u0173 archyvas<\/h2>\n<p>M\u016bs\u0173 svetain\u0117s puslapiuose, kuriuose pateikiami naujausi &#8222;Mega Millions&#8221; rezultatai, taip pat galite pasitikrinti ankstesni\u0173 tira\u017e\u0173 rezultatus. Daugelis \u017eaid\u0117j\u0173 \u0161ia galimybe naudojasi nor\u0117dami pasitikrinti, kokie skai\u010diai buvo i\u0161traukti pastaruoju metu arba kokie skai\u010diai anks\u010diau nebuvo traukiami. Tai labai populiari loterijos strategija &#8211; naudotis \u0161ia informacija renkantis kito bilieto numerius.<\/p>\n<h2>Mano bilietas laim\u0117jo, kas bus toliau?<\/h2>\n<p>Kaip jau min\u0117jome, ma\u017eesni nei 2500 eur\u0173 prizai bus pervesti tiesiai \u012f j\u016bs\u0173 kliento s\u0105skait\u0105 m\u016bs\u0173 svetain\u0117je. I\u0161 ten gal\u0117site atsiimti vis\u0105 laim\u0117jim\u0105 arba jo dal\u012f, jei j\u016bs\u0173 s\u0105skaitos likutis bus ne ma\u017eesnis kaip 10 \u20ac. Arba galite dal\u012f j\u0173 panaudoti naujiems bilietams pirkti. Jei nuspr\u0119site atsiimti l\u0117\u0161as \u012f savo kredito kortel\u0119 arba banko s\u0105skait\u0105, tur\u0117site mums pateikti tam tikrus asmens tapatyb\u0119 patvirtinan\u010dius dokumentus. To reikalauja m\u016bs\u0173 mok\u0117jim\u0173 tvarkytojai d\u0117l \u012fstatym\u0173, draud\u017eian\u010di\u0173 pinig\u0173 plovim\u0105. Be to, negalite naudoti i\u0161\u0117mimo b\u016bdo, kuris anks\u010diau nebuvo naudotas pirkimui ar \u012fmokoms atlikti.<\/p>\n","protected":false},"excerpt":{"rendered":"<p>D\u0117l vis\u0173 tarptautini\u0173 loterij\u0173, kurias galite \u017eaisti m\u016bs\u0173 svetain\u0117je, laimin\u010di\u0173 skai\u010di\u0173 ir rezultat\u0173 gavimas gali b\u016bti problema. Tikriausiai negal\u0117site rasti &#8222;Mega Millions&#8221; laim\u0117jusi\u0173 skai\u010di\u0173 savo laikra\u0161tyje. Galite ie\u0161koti jums prieinamo televizijos kanalo, kuris \u012f savo naujienas \u012ftraukia burt\u0173 rezultatus, ta\u010diau tam prireiks \u0161iek tiek paie\u0161k\u0173. Viena i\u0161 galimybi\u0173 b\u016bt\u0173 patikrinti, ar oficiali loterijos &#8222;Mega Milijonai&#8221; [&hellip;]<\/p>\n","protected":false},"author":1,"featured_media":0,"parent":5852,"menu_order":2,"comment_status":"closed","ping_status":"closed","template":"megamillion-results.php","meta":{"_et_pb_use_builder":"","_et_pb_old_content":"","_et_gb_content_width":"","exclude_from_search":false,"footnotes":""},"class_list":["post-80141","page","type-page","status-publish","hentry"],"yoast_head":"<!-- This site is optimized with the Yoast SEO plugin v23.4 - https:\/\/yoast.com\/wordpress\/plugins\/seo\/ -->\n<title>Laim\u0117j\u0119 numeriai Mega Millions | Naujausi &quot;Mega Millions&quot; burt\u0173 rezultatai ir prizai<\/title>\n<meta name=\"description\" content=\"Kaip naudotis m\u016bs\u0173 svetaine, kad lengvai rastum\u0117te laimin\u010dius skai\u010dius ir &quot;Mega Millions&quot; rezultatus\" \/>\n<meta name=\"robots\" content=\"index, follow, max-snippet:-1, max-image-preview:large, max-video-preview:-1\" \/>\n<link rel=\"canonical\" href=\"https:\/\/onlinelotto365.com\/lt\/laimeti-skaiciai\/mega-milijonai\/\" \/>\n<meta property=\"og:locale\" content=\"lt_LT\" \/>\n<meta property=\"og:type\" content=\"article\" \/>\n<meta property=\"og:title\" content=\"Laim\u0117j\u0119 numeriai Mega Millions | Naujausi &quot;Mega Millions&quot; burt\u0173 rezultatai ir prizai\" \/>\n<meta property=\"og:description\" content=\"Kaip naudotis m\u016bs\u0173 svetaine, kad lengvai rastum\u0117te laimin\u010dius skai\u010dius ir &quot;Mega Millions&quot; rezultatus\" \/>\n<meta property=\"og:url\" content=\"https:\/\/onlinelotto365.com\/lt\/laimeti-skaiciai\/mega-milijonai\/\" \/>\n<meta property=\"og:site_name\" content=\"OnlineLotto365\" \/>\n<meta property=\"og:image\" content=\"https:\/\/redfoxlotto.com\/image?size=8&amp;lottery=mega-millions\" \/>\n<meta name=\"twitter:card\" content=\"summary_large_image\" \/>\n<meta name=\"twitter:label1\" content=\"Est. reading time\" \/>\n\t<meta name=\"twitter:data1\" content=\"2 minut\u0117s\" \/>\n<script type=\"application\/ld+json\" class=\"yoast-schema-graph\">{\"@context\":\"https:\/\/schema.org\",\"@graph\":[{\"@type\":\"WebPage\",\"@id\":\"https:\/\/onlinelotto365.com\/lt\/laimeti-skaiciai\/mega-milijonai\/\",\"url\":\"https:\/\/onlinelotto365.com\/lt\/laimeti-skaiciai\/mega-milijonai\/\",\"name\":\"Laim\u0117j\u0119 numeriai Mega Millions | Naujausi \\\"Mega Millions\\\" burt\u0173 rezultatai ir prizai\",\"isPartOf\":{\"@id\":\"https:\/\/onlinelotto365.com\/lt\/#website\"},\"primaryImageOfPage\":{\"@id\":\"https:\/\/onlinelotto365.com\/lt\/laimeti-skaiciai\/mega-milijonai\/#primaryimage\"},\"image\":{\"@id\":\"https:\/\/onlinelotto365.com\/lt\/laimeti-skaiciai\/mega-milijonai\/#primaryimage\"},\"thumbnailUrl\":\"https:\/\/redfoxlotto.com\/image?size=8&amp;lottery=mega-millions\",\"datePublished\":\"2022-11-15T06:34:56+00:00\",\"dateModified\":\"2022-11-15T06:34:56+00:00\",\"description\":\"Kaip naudotis m\u016bs\u0173 svetaine, kad lengvai rastum\u0117te laimin\u010dius skai\u010dius ir \\\"Mega Millions\\\" rezultatus\",\"breadcrumb\":{\"@id\":\"https:\/\/onlinelotto365.com\/lt\/laimeti-skaiciai\/mega-milijonai\/#breadcrumb\"},\"inLanguage\":\"lt-LT\",\"potentialAction\":[{\"@type\":\"ReadAction\",\"target\":[\"https:\/\/onlinelotto365.com\/lt\/laimeti-skaiciai\/mega-milijonai\/\"]}]},{\"@type\":\"ImageObject\",\"inLanguage\":\"lt-LT\",\"@id\":\"https:\/\/onlinelotto365.com\/lt\/laimeti-skaiciai\/mega-milijonai\/#primaryimage\",\"url\":\"https:\/\/redfoxlotto.com\/image?size=8&amp;lottery=mega-millions\",\"contentUrl\":\"https:\/\/redfoxlotto.com\/image?size=8&amp;lottery=mega-millions\"},{\"@type\":\"BreadcrumbList\",\"@id\":\"https:\/\/onlinelotto365.com\/lt\/laimeti-skaiciai\/mega-milijonai\/#breadcrumb\",\"itemListElement\":[{\"@type\":\"ListItem\",\"position\":1,\"name\":\"Home\",\"item\":\"https:\/\/onlinelotto365.com\/lt\/\"},{\"@type\":\"ListItem\",\"position\":2,\"name\":\"Raskite naujausi\u0173 loterij\u0173 laim\u0117jim\u0173 skai\u010di\u0173 ir rezultatus\",\"item\":\"https:\/\/onlinelotto365.com\/lt\/laimeti-skaiciai\/\"},{\"@type\":\"ListItem\",\"position\":3,\"name\":\"Patikrinkite &#8222;Mega Millions&#8221; laimin\u010dius numerius \u010dia\"}]},{\"@type\":\"WebSite\",\"@id\":\"https:\/\/onlinelotto365.com\/lt\/#website\",\"url\":\"https:\/\/onlinelotto365.com\/lt\/\",\"name\":\"OnlineLotto365\",\"description\":\"\",\"potentialAction\":[{\"@type\":\"SearchAction\",\"target\":{\"@type\":\"EntryPoint\",\"urlTemplate\":\"https:\/\/onlinelotto365.com\/lt\/?s={search_term_string}\"},\"query-input\":{\"@type\":\"PropertyValueSpecification\",\"valueRequired\":true,\"valueName\":\"search_term_string\"}}],\"inLanguage\":\"lt-LT\"}]}<\/script>\n<!-- \/ Yoast SEO plugin. -->","yoast_head_json":{"title":"Laim\u0117j\u0119 numeriai Mega Millions | Naujausi \"Mega Millions\" burt\u0173 rezultatai ir prizai","description":"Kaip naudotis m\u016bs\u0173 svetaine, kad lengvai rastum\u0117te laimin\u010dius skai\u010dius ir \"Mega Millions\" rezultatus","robots":{"index":"index","follow":"follow","max-snippet":"max-snippet:-1","max-image-preview":"max-image-preview:large","max-video-preview":"max-video-preview:-1"},"canonical":"https:\/\/onlinelotto365.com\/lt\/laimeti-skaiciai\/mega-milijonai\/","og_locale":"lt_LT","og_type":"article","og_title":"Laim\u0117j\u0119 numeriai Mega Millions | Naujausi \"Mega Millions\" burt\u0173 rezultatai ir prizai","og_description":"Kaip naudotis m\u016bs\u0173 svetaine, kad lengvai rastum\u0117te laimin\u010dius skai\u010dius ir \"Mega Millions\" rezultatus","og_url":"https:\/\/onlinelotto365.com\/lt\/laimeti-skaiciai\/mega-milijonai\/","og_site_name":"OnlineLotto365","og_image":[{"url":"https:\/\/redfoxlotto.com\/image?size=8&amp;lottery=mega-millions"}],"twitter_card":"summary_large_image","twitter_misc":{"Est. reading time":"2 minut\u0117s"},"schema":{"@context":"https:\/\/schema.org","@graph":[{"@type":"WebPage","@id":"https:\/\/onlinelotto365.com\/lt\/laimeti-skaiciai\/mega-milijonai\/","url":"https:\/\/onlinelotto365.com\/lt\/laimeti-skaiciai\/mega-milijonai\/","name":"Laim\u0117j\u0119 numeriai Mega Millions | Naujausi \"Mega Millions\" burt\u0173 rezultatai ir prizai","isPartOf":{"@id":"https:\/\/onlinelotto365.com\/lt\/#website"},"primaryImageOfPage":{"@id":"https:\/\/onlinelotto365.com\/lt\/laimeti-skaiciai\/mega-milijonai\/#primaryimage"},"image":{"@id":"https:\/\/onlinelotto365.com\/lt\/laimeti-skaiciai\/mega-milijonai\/#primaryimage"},"thumbnailUrl":"https:\/\/redfoxlotto.com\/image?size=8&amp;lottery=mega-millions","datePublished":"2022-11-15T06:34:56+00:00","dateModified":"2022-11-15T06:34:56+00:00","description":"Kaip naudotis m\u016bs\u0173 svetaine, kad lengvai rastum\u0117te laimin\u010dius skai\u010dius ir \"Mega Millions\" rezultatus","breadcrumb":{"@id":"https:\/\/onlinelotto365.com\/lt\/laimeti-skaiciai\/mega-milijonai\/#breadcrumb"},"inLanguage":"lt-LT","potentialAction":[{"@type":"ReadAction","target":["https:\/\/onlinelotto365.com\/lt\/laimeti-skaiciai\/mega-milijonai\/"]}]},{"@type":"ImageObject","inLanguage":"lt-LT","@id":"https:\/\/onlinelotto365.com\/lt\/laimeti-skaiciai\/mega-milijonai\/#primaryimage","url":"https:\/\/redfoxlotto.com\/image?size=8&amp;lottery=mega-millions","contentUrl":"https:\/\/redfoxlotto.com\/image?size=8&amp;lottery=mega-millions"},{"@type":"BreadcrumbList","@id":"https:\/\/onlinelotto365.com\/lt\/laimeti-skaiciai\/mega-milijonai\/#breadcrumb","itemListElement":[{"@type":"ListItem","position":1,"name":"Home","item":"https:\/\/onlinelotto365.com\/lt\/"},{"@type":"ListItem","position":2,"name":"Raskite naujausi\u0173 loterij\u0173 laim\u0117jim\u0173 skai\u010di\u0173 ir rezultatus","item":"https:\/\/onlinelotto365.com\/lt\/laimeti-skaiciai\/"},{"@type":"ListItem","position":3,"name":"Patikrinkite &#8222;Mega Millions&#8221; laimin\u010dius numerius \u010dia"}]},{"@type":"WebSite","@id":"https:\/\/onlinelotto365.com\/lt\/#website","url":"https:\/\/onlinelotto365.com\/lt\/","name":"OnlineLotto365","description":"","potentialAction":[{"@type":"SearchAction","target":{"@type":"EntryPoint","urlTemplate":"https:\/\/onlinelotto365.com\/lt\/?s={search_term_string}"},"query-input":{"@type":"PropertyValueSpecification","valueRequired":true,"valueName":"search_term_string"}}],"inLanguage":"lt-LT"}]}},"_links":{"self":[{"href":"https:\/\/onlinelotto365.com\/lt\/wp-json\/wp\/v2\/pages\/80141","targetHints":{"allow":["GET"]}}],"collection":[{"href":"https:\/\/onlinelotto365.com\/lt\/wp-json\/wp\/v2\/pages"}],"about":[{"href":"https:\/\/onlinelotto365.com\/lt\/wp-json\/wp\/v2\/types\/page"}],"author":[{"embeddable":true,"href":"https:\/\/onlinelotto365.com\/lt\/wp-json\/wp\/v2\/users\/1"}],"replies":[{"embeddable":true,"href":"https:\/\/onlinelotto365.com\/lt\/wp-json\/wp\/v2\/comments?post=80141"}],"version-history":[{"count":0,"href":"https:\/\/onlinelotto365.com\/lt\/wp-json\/wp\/v2\/pages\/80141\/revisions"}],"up":[{"embeddable":true,"href":"https:\/\/onlinelotto365.com\/lt\/wp-json\/wp\/v2\/pages\/5852"}],"wp:attachment":[{"href":"https:\/\/onlinelotto365.com\/lt\/wp-json\/wp\/v2\/media?parent=80141"}],"curies":[{"name":"wp","href":"https:\/\/api.w.org\/{rel}","templated":true}]}}