{"id":80173,"date":"2022-11-15T08:38:31","date_gmt":"2022-11-15T07:38:31","guid":{"rendered":"https:\/\/onlinelotto365.com\/?page_id=80173"},"modified":"2022-11-15T08:38:31","modified_gmt":"2022-11-15T07:38:31","slug":"powerball","status":"publish","type":"page","link":"https:\/\/onlinelotto365.com\/lt\/laimeti-skaiciai\/powerball\/","title":{"rendered":"Powerball atkreipti rezultatai"},"content":{"rendered":"<h2>Patikrinkite &#8222;Powerball&#8221; laim\u0117jusius numerius \u010dia<\/h2>\n<p>Jei gyvenate JAV, &#8222;Powerball&#8221; laimin\u010dius skai\u010dius rasti lengva. Ypa\u010d tais atvejais, kai pagrindinis prizas yra labai didelis, rezultatai transliuojami per \u017einias ir skelbiami visuose laikra\u0161\u010diuose.<br \/>\n<a href=\"https:\/\/redfoxlotto.com\/play\/powerball\/?ref=a8564250a2&amp;medium=ol365\" target=\"_blank\" rel=\"noopener noreferrer\"><img decoding=\"async\" class=\"aligncenter\" src=\"https:\/\/redfoxlotto.com\/image?size=8&amp;lottery=powerball\" alt=\"Powerball\" \/><\/a><br \/>\nTa\u010diau k\u0105 daryti, jei gyvenate ne JAV, kam su\u017einoti &#8222;Powerball&#8221; laimin\u010dius skai\u010dius? Kaip rasti rezultatus ir su\u017einoti, kiek laim\u0117jote?<\/p>\n<h2>Kaip su\u017einoti, ar j\u016bs\u0173 internetinis bilietas laim\u0117jo<\/h2>\n<p>Na, jei \u012fsigijote internetin\u012f biliet\u0105, tai i\u0161 tikr\u0173j\u0173 gana paprasta. Gr\u012f\u017ekite \u012f m\u016bs\u0173 svetain\u0119, prisijunkite naudodami savo vartotojo vard\u0105 ir slapta\u017eod\u012f, tada eikite \u012f skyri\u0173, kuriame skaitmeniniu formatu saugomas j\u016bs\u0173 \u012fsigytas bilietas. Skai\u010diai, kuriais \u017eaid\u0117te, bus pary\u0161kinti kita spalva, jei jie sutampa su tos dienos, kuriai \u012fsigijote biliet\u0105, i\u0161trauktais skai\u010diais.<\/p>\n<p>\u017dinoma, taip pat galite atsidaryti m\u016bs\u0173 rezultat\u0173 ap\u017evalgos puslap\u012f ir tokiu b\u016bdu palyginti burt\u0173 rezultatus su savo bilietu. Kai kurie m\u016bs\u0173 klientai m\u0117gsta atsispausdinti savo internetinius bilietus ir tada atspausdintame lape pa\u017eym\u0117ti laim\u0117jusius skai\u010dius, kad pamatyt\u0173, ar laim\u0117jo.<\/p>\n<h2>&#8222;Powerball&#8221; rezultat\u0173 archyvas<\/h2>\n<p>M\u016bs\u0173 loterijos rezultat\u0173 ap\u017evalgos puslapyje taip pat galite per\u017ei\u016br\u0117ti pra\u0117jusi\u0173 savai\u010di\u0173 laiminguosius skai\u010dius. Tai gali pad\u0117ti jums pasirinkti laiming\u0173 skai\u010di\u0173 strategij\u0105. Pavyzd\u017eiui, galite pabandyti rasti seniai laim\u0117jusius skai\u010dius ir sukurti loterijos biliet\u0105 naudodami tik \u0161iuos skai\u010dius.<\/p>\n<p>Arba galite i\u0161sirinkti &#8222;Powerball&#8221; laimin\u010dius numerius, i\u0161siai\u0161kin\u0119, kurie skai\u010diai pasitaikydavo da\u017eniau nei kiti. Daugelis \u017eaid\u0117j\u0173, rinkdamiesi asmeninius loterijos numerius, naudoja \u0161i\u0173 dviej\u0173 metod\u0173 derin\u012f.<\/p>\n<p>Jei negalite nuspr\u0119sti, kokius skai\u010dius pasirinkti laimingam bilietui, i\u0161bandykite \u0161\u012f metod\u0105: Patikrinkite, kokie yra buv\u0119 kitos loterijos, kurios numeri\u0173 intervalas pana\u0161us \u012f ketinamos \u017eaisti loterijos, laimingieji numeriai. Tuose ankstesniuose rezultatuose raskite jums patinkan\u010di\u0105 laimin\u010di\u0105 kombinacij\u0105, tada naudokite tuos senesnius laimin\u010dius skai\u010dius naujam &#8222;Powerball&#8221; bilietui.<\/p>\n<h2>Mano bilietas laim\u0117jo, kas bus toliau?<\/h2>\n<p><img loading=\"lazy\" decoding=\"async\" class=\"size-full wp-image-50704 alignright\" src=\"https:\/\/onlinelotto365.com\/wp-content\/uploads\/2021\/01\/online_lottery-136.jpg\" alt=\"loterijos rezultatai\" width=\"297\" height=\"101\" \/><br \/>\nK\u0105 gi, sveikiname, s\u0117km\u0117s jums! \u017dinoma, mes visada d\u017eiaugiam\u0117s, jei vienas i\u0161 m\u016bs\u0173 klient\u0173 turi biliet\u0105 su laiminguoju &#8222;Powerball&#8221; bilietu. Nesvarbu, ar tai b\u016bt\u0173 ma\u017eesnis, ar didesnis laim\u0117jimas, mes pasir\u016bpinsime i\u0161mok\u0117jimu u\u017e jus, \u017einoma, nemokamai!<\/p>\n<p>2500 eur\u0173 ar ma\u017eesnis laim\u0117jimas &#8211; laim\u0117ta suma bus pervesta \u012f j\u016bs\u0173 s\u0105skait\u0105 m\u016bs\u0173 svetain\u0117je. I\u0161 ten j\u0105 i\u0161sigryninkite arba likut\u012f panaudokite pirkdami daugiau biliet\u0173.<\/p>\n<p>Laim\u0117jimas, vir\u0161ijantis 2500 eur\u0173, &#8211; m\u016bs\u0173 palaikymo komanda pad\u0117s jums i\u0161mok\u0117ti pinigus. Pateik\u0119 tam tikr\u0105 informacij\u0105 apie savo tapatyb\u0119 ir pageidaujam\u0105 mok\u0117jimo b\u016bd\u0105 (banko pervedim\u0105 arba \u010dek\u012f), gausite i\u0161mok\u0105 tiesiogiai j\u016bs\u0173 pasirinktu b\u016bdu.<\/p>\n","protected":false},"excerpt":{"rendered":"<p>Patikrinkite &#8222;Powerball&#8221; laim\u0117jusius numerius \u010dia Jei gyvenate JAV, &#8222;Powerball&#8221; laimin\u010dius skai\u010dius rasti lengva. Ypa\u010d tais atvejais, kai pagrindinis prizas yra labai didelis, rezultatai transliuojami per \u017einias ir skelbiami visuose laikra\u0161\u010diuose. Ta\u010diau k\u0105 daryti, jei gyvenate ne JAV, kam su\u017einoti &#8222;Powerball&#8221; laimin\u010dius skai\u010dius? Kaip rasti rezultatus ir su\u017einoti, kiek laim\u0117jote? Kaip su\u017einoti, ar j\u016bs\u0173 internetinis bilietas [&hellip;]<\/p>\n","protected":false},"author":1,"featured_media":0,"parent":5852,"menu_order":1,"comment_status":"closed","ping_status":"closed","template":"powerball-usa-info.php","meta":{"_et_pb_use_builder":"","_et_pb_old_content":"","_et_gb_content_width":"","exclude_from_search":false,"footnotes":""},"class_list":["post-80173","page","type-page","status-publish","hentry"],"yoast_head":"<!-- This site is optimized with the Yoast SEO plugin v23.4 - https:\/\/yoast.com\/wordpress\/plugins\/seo\/ -->\n<title>Powerball laim\u0117j\u0119 numeriai | Patikrinkite Powerball JAV rezultatus ir laim\u0117jimus<\/title>\n<meta name=\"description\" content=\"Norite su\u017einoti, ar j\u016bs\u0173 &quot;Powerball&quot; bilietas laim\u0117jo? Patikrinkite laimin\u010dius skai\u010dius m\u016bs\u0173 svetain\u0117je!\" \/>\n<meta name=\"robots\" content=\"index, follow, max-snippet:-1, max-image-preview:large, max-video-preview:-1\" \/>\n<link rel=\"canonical\" href=\"https:\/\/onlinelotto365.com\/lt\/laimeti-skaiciai\/powerball\/\" \/>\n<meta property=\"og:locale\" content=\"lt_LT\" \/>\n<meta property=\"og:type\" content=\"article\" \/>\n<meta property=\"og:title\" content=\"Powerball laim\u0117j\u0119 numeriai | Patikrinkite Powerball JAV rezultatus ir laim\u0117jimus\" \/>\n<meta property=\"og:description\" content=\"Norite su\u017einoti, ar j\u016bs\u0173 &quot;Powerball&quot; bilietas laim\u0117jo? Patikrinkite laimin\u010dius skai\u010dius m\u016bs\u0173 svetain\u0117je!\" \/>\n<meta property=\"og:url\" content=\"https:\/\/onlinelotto365.com\/lt\/laimeti-skaiciai\/powerball\/\" \/>\n<meta property=\"og:site_name\" content=\"OnlineLotto365\" \/>\n<meta property=\"og:image\" content=\"https:\/\/redfoxlotto.com\/image?size=8&amp;lottery=powerball\" \/>\n<meta name=\"twitter:card\" content=\"summary_large_image\" \/>\n<meta name=\"twitter:label1\" content=\"Est. reading time\" \/>\n\t<meta name=\"twitter:data1\" content=\"2 minut\u0117s\" \/>\n<script type=\"application\/ld+json\" class=\"yoast-schema-graph\">{\"@context\":\"https:\/\/schema.org\",\"@graph\":[{\"@type\":\"WebPage\",\"@id\":\"https:\/\/onlinelotto365.com\/lt\/laimeti-skaiciai\/powerball\/\",\"url\":\"https:\/\/onlinelotto365.com\/lt\/laimeti-skaiciai\/powerball\/\",\"name\":\"Powerball laim\u0117j\u0119 numeriai | Patikrinkite Powerball JAV rezultatus ir laim\u0117jimus\",\"isPartOf\":{\"@id\":\"https:\/\/onlinelotto365.com\/lt\/#website\"},\"primaryImageOfPage\":{\"@id\":\"https:\/\/onlinelotto365.com\/lt\/laimeti-skaiciai\/powerball\/#primaryimage\"},\"image\":{\"@id\":\"https:\/\/onlinelotto365.com\/lt\/laimeti-skaiciai\/powerball\/#primaryimage\"},\"thumbnailUrl\":\"https:\/\/redfoxlotto.com\/image?size=8&amp;lottery=powerball\",\"datePublished\":\"2022-11-15T07:38:31+00:00\",\"dateModified\":\"2022-11-15T07:38:31+00:00\",\"description\":\"Norite su\u017einoti, ar j\u016bs\u0173 \\\"Powerball\\\" bilietas laim\u0117jo? Patikrinkite laimin\u010dius skai\u010dius m\u016bs\u0173 svetain\u0117je!\",\"breadcrumb\":{\"@id\":\"https:\/\/onlinelotto365.com\/lt\/laimeti-skaiciai\/powerball\/#breadcrumb\"},\"inLanguage\":\"lt-LT\",\"potentialAction\":[{\"@type\":\"ReadAction\",\"target\":[\"https:\/\/onlinelotto365.com\/lt\/laimeti-skaiciai\/powerball\/\"]}]},{\"@type\":\"ImageObject\",\"inLanguage\":\"lt-LT\",\"@id\":\"https:\/\/onlinelotto365.com\/lt\/laimeti-skaiciai\/powerball\/#primaryimage\",\"url\":\"https:\/\/redfoxlotto.com\/image?size=8&amp;lottery=powerball\",\"contentUrl\":\"https:\/\/redfoxlotto.com\/image?size=8&amp;lottery=powerball\"},{\"@type\":\"BreadcrumbList\",\"@id\":\"https:\/\/onlinelotto365.com\/lt\/laimeti-skaiciai\/powerball\/#breadcrumb\",\"itemListElement\":[{\"@type\":\"ListItem\",\"position\":1,\"name\":\"Home\",\"item\":\"https:\/\/onlinelotto365.com\/lt\/\"},{\"@type\":\"ListItem\",\"position\":2,\"name\":\"Raskite naujausi\u0173 loterij\u0173 laim\u0117jim\u0173 skai\u010di\u0173 ir rezultatus\",\"item\":\"https:\/\/onlinelotto365.com\/lt\/laimeti-skaiciai\/\"},{\"@type\":\"ListItem\",\"position\":3,\"name\":\"Powerball atkreipti rezultatai\"}]},{\"@type\":\"WebSite\",\"@id\":\"https:\/\/onlinelotto365.com\/lt\/#website\",\"url\":\"https:\/\/onlinelotto365.com\/lt\/\",\"name\":\"OnlineLotto365\",\"description\":\"\",\"potentialAction\":[{\"@type\":\"SearchAction\",\"target\":{\"@type\":\"EntryPoint\",\"urlTemplate\":\"https:\/\/onlinelotto365.com\/lt\/?s={search_term_string}\"},\"query-input\":{\"@type\":\"PropertyValueSpecification\",\"valueRequired\":true,\"valueName\":\"search_term_string\"}}],\"inLanguage\":\"lt-LT\"}]}<\/script>\n<!-- \/ Yoast SEO plugin. -->","yoast_head_json":{"title":"Powerball laim\u0117j\u0119 numeriai | Patikrinkite Powerball JAV rezultatus ir laim\u0117jimus","description":"Norite su\u017einoti, ar j\u016bs\u0173 \"Powerball\" bilietas laim\u0117jo? Patikrinkite laimin\u010dius skai\u010dius m\u016bs\u0173 svetain\u0117je!","robots":{"index":"index","follow":"follow","max-snippet":"max-snippet:-1","max-image-preview":"max-image-preview:large","max-video-preview":"max-video-preview:-1"},"canonical":"https:\/\/onlinelotto365.com\/lt\/laimeti-skaiciai\/powerball\/","og_locale":"lt_LT","og_type":"article","og_title":"Powerball laim\u0117j\u0119 numeriai | Patikrinkite Powerball JAV rezultatus ir laim\u0117jimus","og_description":"Norite su\u017einoti, ar j\u016bs\u0173 \"Powerball\" bilietas laim\u0117jo? Patikrinkite laimin\u010dius skai\u010dius m\u016bs\u0173 svetain\u0117je!","og_url":"https:\/\/onlinelotto365.com\/lt\/laimeti-skaiciai\/powerball\/","og_site_name":"OnlineLotto365","og_image":[{"url":"https:\/\/redfoxlotto.com\/image?size=8&amp;lottery=powerball"}],"twitter_card":"summary_large_image","twitter_misc":{"Est. reading time":"2 minut\u0117s"},"schema":{"@context":"https:\/\/schema.org","@graph":[{"@type":"WebPage","@id":"https:\/\/onlinelotto365.com\/lt\/laimeti-skaiciai\/powerball\/","url":"https:\/\/onlinelotto365.com\/lt\/laimeti-skaiciai\/powerball\/","name":"Powerball laim\u0117j\u0119 numeriai | Patikrinkite Powerball JAV rezultatus ir laim\u0117jimus","isPartOf":{"@id":"https:\/\/onlinelotto365.com\/lt\/#website"},"primaryImageOfPage":{"@id":"https:\/\/onlinelotto365.com\/lt\/laimeti-skaiciai\/powerball\/#primaryimage"},"image":{"@id":"https:\/\/onlinelotto365.com\/lt\/laimeti-skaiciai\/powerball\/#primaryimage"},"thumbnailUrl":"https:\/\/redfoxlotto.com\/image?size=8&amp;lottery=powerball","datePublished":"2022-11-15T07:38:31+00:00","dateModified":"2022-11-15T07:38:31+00:00","description":"Norite su\u017einoti, ar j\u016bs\u0173 \"Powerball\" bilietas laim\u0117jo? Patikrinkite laimin\u010dius skai\u010dius m\u016bs\u0173 svetain\u0117je!","breadcrumb":{"@id":"https:\/\/onlinelotto365.com\/lt\/laimeti-skaiciai\/powerball\/#breadcrumb"},"inLanguage":"lt-LT","potentialAction":[{"@type":"ReadAction","target":["https:\/\/onlinelotto365.com\/lt\/laimeti-skaiciai\/powerball\/"]}]},{"@type":"ImageObject","inLanguage":"lt-LT","@id":"https:\/\/onlinelotto365.com\/lt\/laimeti-skaiciai\/powerball\/#primaryimage","url":"https:\/\/redfoxlotto.com\/image?size=8&amp;lottery=powerball","contentUrl":"https:\/\/redfoxlotto.com\/image?size=8&amp;lottery=powerball"},{"@type":"BreadcrumbList","@id":"https:\/\/onlinelotto365.com\/lt\/laimeti-skaiciai\/powerball\/#breadcrumb","itemListElement":[{"@type":"ListItem","position":1,"name":"Home","item":"https:\/\/onlinelotto365.com\/lt\/"},{"@type":"ListItem","position":2,"name":"Raskite naujausi\u0173 loterij\u0173 laim\u0117jim\u0173 skai\u010di\u0173 ir rezultatus","item":"https:\/\/onlinelotto365.com\/lt\/laimeti-skaiciai\/"},{"@type":"ListItem","position":3,"name":"Powerball atkreipti rezultatai"}]},{"@type":"WebSite","@id":"https:\/\/onlinelotto365.com\/lt\/#website","url":"https:\/\/onlinelotto365.com\/lt\/","name":"OnlineLotto365","description":"","potentialAction":[{"@type":"SearchAction","target":{"@type":"EntryPoint","urlTemplate":"https:\/\/onlinelotto365.com\/lt\/?s={search_term_string}"},"query-input":{"@type":"PropertyValueSpecification","valueRequired":true,"valueName":"search_term_string"}}],"inLanguage":"lt-LT"}]}},"_links":{"self":[{"href":"https:\/\/onlinelotto365.com\/lt\/wp-json\/wp\/v2\/pages\/80173","targetHints":{"allow":["GET"]}}],"collection":[{"href":"https:\/\/onlinelotto365.com\/lt\/wp-json\/wp\/v2\/pages"}],"about":[{"href":"https:\/\/onlinelotto365.com\/lt\/wp-json\/wp\/v2\/types\/page"}],"author":[{"embeddable":true,"href":"https:\/\/onlinelotto365.com\/lt\/wp-json\/wp\/v2\/users\/1"}],"replies":[{"embeddable":true,"href":"https:\/\/onlinelotto365.com\/lt\/wp-json\/wp\/v2\/comments?post=80173"}],"version-history":[{"count":0,"href":"https:\/\/onlinelotto365.com\/lt\/wp-json\/wp\/v2\/pages\/80173\/revisions"}],"up":[{"embeddable":true,"href":"https:\/\/onlinelotto365.com\/lt\/wp-json\/wp\/v2\/pages\/5852"}],"wp:attachment":[{"href":"https:\/\/onlinelotto365.com\/lt\/wp-json\/wp\/v2\/media?parent=80173"}],"curies":[{"name":"wp","href":"https:\/\/api.w.org\/{rel}","templated":true}]}}